{"id":12933,"date":"2014-03-31T15:16:20","date_gmt":"2014-03-31T20:16:20","guid":{"rendered":"https:\/\/43ab809dfe.nxcli.io\/chorros-de-la-serie-para-bao\/?lang=es"},"modified":"2016-12-16T16:12:05","modified_gmt":"2016-12-16T21:12:05","slug":"chorros-de-la-serie-para-bao","status":"publish","type":"page","link":"https:\/\/www.c-m-p.com\/es\/chorros-de-la-serie-para-bao\/","title":{"rendered":"Chorros de la serie para ba\u00f1o"},"content":{"rendered":"<p>Los chorros de la serie para ba\u00f1o est\u00e1n inspirados en el dise\u00f1o de los chorros cl\u00e1sicos para jacuzzis. Estos chorros transmiten la experiencia total de hidroterapia de un spa personalizado a las ba\u00f1eras de hidromasaje. Los chorros est\u00e1n disponibles en nuestros dos tama\u00f1os m\u00e1s populares, con o sin aire, y con boquillas intercambiables.<\/p>\n","protected":false},"excerpt":{"rendered":"<p>Los chorros de la serie para ba\u00f1o est\u00e1n inspirados en el dise\u00f1o de los chorros cl\u00e1sicos para jacuzzis. Estos chorros transmiten la experiencia total de hidroterapia de un spa personalizado a las ba\u00f1eras de hidromasaje. Los chorros est\u00e1n disponibles en nuestros dos tama\u00f1os m\u00e1s populares, con o sin aire, y con boquillas intercambiables.<\/p>\n","protected":false},"author":4,"featured_media":18391,"parent":0,"menu_order":0,"comment_status":"open","ping_status":"open","template":"templates\/collection_page.php","meta":{"_acf_changed":false,"_oasis_is_in_workflow":0,"_oasis_original":0,"_mi_skip_tracking":false,"_monsterinsights_sitenote_active":false,"_monsterinsights_sitenote_note":"","_monsterinsights_sitenote_category":0,"footnotes":""},"class_list":["post-12933","page","type-page","status-publish","has-post-thumbnail","hentry"],"acf":[],"yoast_head":"<!-- This site is optimized with the Yoast SEO plugin v27.2 - https:\/\/yoast.com\/product\/yoast-seo-wordpress\/ -->\n<title>Chorros de la serie para ba\u00f1o - CMP<\/title>\n<meta name=\"robots\" content=\"index, follow, max-snippet:-1, max-image-preview:large, max-video-preview:-1\" \/>\n<link rel=\"canonical\" href=\"https:\/\/c-m-p.com\/es\/chorros-de-la-serie-para-bao\/\" \/>\n<meta property=\"og:locale\" content=\"es_ES\" \/>\n<meta property=\"og:type\" content=\"article\" \/>\n<meta property=\"og:title\" content=\"Chorros de la serie para ba\u00f1o - CMP\" \/>\n<meta property=\"og:description\" content=\"Los chorros de la serie para ba\u00f1o est\u00e1n inspirados en el dise\u00f1o de los chorros cl\u00e1sicos para jacuzzis. Estos chorros transmiten la experiencia total de hidroterapia de un spa personalizado a las ba\u00f1eras de hidromasaje. Los chorros est\u00e1n disponibles en nuestros dos tama\u00f1os m\u00e1s populares, con o sin aire, y con boquillas intercambiables.\" \/>\n<meta property=\"og:url\" content=\"https:\/\/c-m-p.com\/es\/chorros-de-la-serie-para-bao\/\" \/>\n<meta property=\"og:site_name\" content=\"CMP\" \/>\n<meta property=\"article:modified_time\" content=\"2016-12-16T21:12:05+00:00\" \/>\n<meta property=\"og:image\" content=\"https:\/\/c-m-p.com\/wp-content\/uploads\/2014\/03\/bath-series-pair-feature.png\" \/>\n\t<meta property=\"og:image:width\" content=\"600\" \/>\n\t<meta property=\"og:image:height\" content=\"334\" \/>\n\t<meta property=\"og:image:type\" content=\"image\/png\" \/>\n<script type=\"application\/ld+json\" class=\"yoast-schema-graph\">{\"@context\":\"https:\/\/schema.org\",\"@graph\":[{\"@type\":\"WebPage\",\"@id\":\"https:\/\/c-m-p.com\/es\/chorros-de-la-serie-para-bao\/\",\"url\":\"https:\/\/c-m-p.com\/es\/chorros-de-la-serie-para-bao\/\",\"name\":\"Chorros de la serie para ba\u00f1o - CMP\",\"isPartOf\":{\"@id\":\"https:\/\/c-m-p.com\/#website\"},\"primaryImageOfPage\":{\"@id\":\"https:\/\/c-m-p.com\/es\/chorros-de-la-serie-para-bao\/#primaryimage\"},\"image\":{\"@id\":\"https:\/\/c-m-p.com\/es\/chorros-de-la-serie-para-bao\/#primaryimage\"},\"thumbnailUrl\":\"https:\/\/www.c-m-p.com\/wp-content\/uploads\/2014\/03\/bath-series-pair-feature.png\",\"datePublished\":\"2014-03-31T20:16:20+00:00\",\"dateModified\":\"2016-12-16T21:12:05+00:00\",\"breadcrumb\":{\"@id\":\"https:\/\/c-m-p.com\/es\/chorros-de-la-serie-para-bao\/#breadcrumb\"},\"inLanguage\":\"es\",\"potentialAction\":[{\"@type\":\"ReadAction\",\"target\":[\"https:\/\/c-m-p.com\/es\/chorros-de-la-serie-para-bao\/\"]}]},{\"@type\":\"ImageObject\",\"inLanguage\":\"es\",\"@id\":\"https:\/\/c-m-p.com\/es\/chorros-de-la-serie-para-bao\/#primaryimage\",\"url\":\"https:\/\/www.c-m-p.com\/wp-content\/uploads\/2014\/03\/bath-series-pair-feature.png\",\"contentUrl\":\"https:\/\/www.c-m-p.com\/wp-content\/uploads\/2014\/03\/bath-series-pair-feature.png\",\"width\":600,\"height\":334},{\"@type\":\"BreadcrumbList\",\"@id\":\"https:\/\/c-m-p.com\/es\/chorros-de-la-serie-para-bao\/#breadcrumb\",\"itemListElement\":[{\"@type\":\"ListItem\",\"position\":1,\"name\":\"Home\",\"item\":\"https:\/\/c-m-p.com\/es\/\"},{\"@type\":\"ListItem\",\"position\":2,\"name\":\"Chorros de la serie para ba\u00f1o\"}]},{\"@type\":\"WebSite\",\"@id\":\"https:\/\/c-m-p.com\/#website\",\"url\":\"https:\/\/c-m-p.com\/\",\"name\":\"CMP\",\"description\":\"Pool Products, Spa and Hot Tub Products\",\"publisher\":{\"@id\":\"https:\/\/c-m-p.com\/#organization\"},\"potentialAction\":[{\"@type\":\"SearchAction\",\"target\":{\"@type\":\"EntryPoint\",\"urlTemplate\":\"https:\/\/c-m-p.com\/?s={search_term_string}\"},\"query-input\":{\"@type\":\"PropertyValueSpecification\",\"valueRequired\":true,\"valueName\":\"search_term_string\"}}],\"inLanguage\":\"es\"},{\"@type\":\"Organization\",\"@id\":\"https:\/\/c-m-p.com\/#organization\",\"name\":\"CMP Pool & Spa Products\",\"url\":\"https:\/\/c-m-p.com\/\",\"logo\":{\"@type\":\"ImageObject\",\"inLanguage\":\"es\",\"@id\":\"https:\/\/c-m-p.com\/#\/schema\/logo\/image\/\",\"url\":\"https:\/\/43ab809dfe.nxcli.io\/wp-content\/uploads\/2013\/10\/2013-CMP-Logo.jpg\",\"contentUrl\":\"https:\/\/43ab809dfe.nxcli.io\/wp-content\/uploads\/2013\/10\/2013-CMP-Logo.jpg\",\"width\":1000,\"height\":247,\"caption\":\"CMP Pool & Spa Products\"},\"image\":{\"@id\":\"https:\/\/c-m-p.com\/#\/schema\/logo\/image\/\"}}]}<\/script>\n<!-- \/ Yoast SEO plugin. -->","yoast_head_json":{"title":"Chorros de la serie para ba\u00f1o - CMP","robots":{"index":"index","follow":"follow","max-snippet":"max-snippet:-1","max-image-preview":"max-image-preview:large","max-video-preview":"max-video-preview:-1"},"canonical":"https:\/\/c-m-p.com\/es\/chorros-de-la-serie-para-bao\/","og_locale":"es_ES","og_type":"article","og_title":"Chorros de la serie para ba\u00f1o - CMP","og_description":"Los chorros de la serie para ba\u00f1o est\u00e1n inspirados en el dise\u00f1o de los chorros cl\u00e1sicos para jacuzzis. Estos chorros transmiten la experiencia total de hidroterapia de un spa personalizado a las ba\u00f1eras de hidromasaje. Los chorros est\u00e1n disponibles en nuestros dos tama\u00f1os m\u00e1s populares, con o sin aire, y con boquillas intercambiables.","og_url":"https:\/\/c-m-p.com\/es\/chorros-de-la-serie-para-bao\/","og_site_name":"CMP","article_modified_time":"2016-12-16T21:12:05+00:00","og_image":[{"width":600,"height":334,"url":"https:\/\/c-m-p.com\/wp-content\/uploads\/2014\/03\/bath-series-pair-feature.png","type":"image\/png"}],"schema":{"@context":"https:\/\/schema.org","@graph":[{"@type":"WebPage","@id":"https:\/\/c-m-p.com\/es\/chorros-de-la-serie-para-bao\/","url":"https:\/\/c-m-p.com\/es\/chorros-de-la-serie-para-bao\/","name":"Chorros de la serie para ba\u00f1o - CMP","isPartOf":{"@id":"https:\/\/c-m-p.com\/#website"},"primaryImageOfPage":{"@id":"https:\/\/c-m-p.com\/es\/chorros-de-la-serie-para-bao\/#primaryimage"},"image":{"@id":"https:\/\/c-m-p.com\/es\/chorros-de-la-serie-para-bao\/#primaryimage"},"thumbnailUrl":"https:\/\/www.c-m-p.com\/wp-content\/uploads\/2014\/03\/bath-series-pair-feature.png","datePublished":"2014-03-31T20:16:20+00:00","dateModified":"2016-12-16T21:12:05+00:00","breadcrumb":{"@id":"https:\/\/c-m-p.com\/es\/chorros-de-la-serie-para-bao\/#breadcrumb"},"inLanguage":"es","potentialAction":[{"@type":"ReadAction","target":["https:\/\/c-m-p.com\/es\/chorros-de-la-serie-para-bao\/"]}]},{"@type":"ImageObject","inLanguage":"es","@id":"https:\/\/c-m-p.com\/es\/chorros-de-la-serie-para-bao\/#primaryimage","url":"https:\/\/www.c-m-p.com\/wp-content\/uploads\/2014\/03\/bath-series-pair-feature.png","contentUrl":"https:\/\/www.c-m-p.com\/wp-content\/uploads\/2014\/03\/bath-series-pair-feature.png","width":600,"height":334},{"@type":"BreadcrumbList","@id":"https:\/\/c-m-p.com\/es\/chorros-de-la-serie-para-bao\/#breadcrumb","itemListElement":[{"@type":"ListItem","position":1,"name":"Home","item":"https:\/\/c-m-p.com\/es\/"},{"@type":"ListItem","position":2,"name":"Chorros de la serie para ba\u00f1o"}]},{"@type":"WebSite","@id":"https:\/\/c-m-p.com\/#website","url":"https:\/\/c-m-p.com\/","name":"CMP","description":"Pool Products, Spa and Hot Tub Products","publisher":{"@id":"https:\/\/c-m-p.com\/#organization"},"potentialAction":[{"@type":"SearchAction","target":{"@type":"EntryPoint","urlTemplate":"https:\/\/c-m-p.com\/?s={search_term_string}"},"query-input":{"@type":"PropertyValueSpecification","valueRequired":true,"valueName":"search_term_string"}}],"inLanguage":"es"},{"@type":"Organization","@id":"https:\/\/c-m-p.com\/#organization","name":"CMP Pool & Spa Products","url":"https:\/\/c-m-p.com\/","logo":{"@type":"ImageObject","inLanguage":"es","@id":"https:\/\/c-m-p.com\/#\/schema\/logo\/image\/","url":"https:\/\/43ab809dfe.nxcli.io\/wp-content\/uploads\/2013\/10\/2013-CMP-Logo.jpg","contentUrl":"https:\/\/43ab809dfe.nxcli.io\/wp-content\/uploads\/2013\/10\/2013-CMP-Logo.jpg","width":1000,"height":247,"caption":"CMP Pool & Spa Products"},"image":{"@id":"https:\/\/c-m-p.com\/#\/schema\/logo\/image\/"}}]}},"_links":{"self":[{"href":"https:\/\/www.c-m-p.com\/es\/wp-json\/wp\/v2\/pages\/12933","targetHints":{"allow":["GET"]}}],"collection":[{"href":"https:\/\/www.c-m-p.com\/es\/wp-json\/wp\/v2\/pages"}],"about":[{"href":"https:\/\/www.c-m-p.com\/es\/wp-json\/wp\/v2\/types\/page"}],"author":[{"embeddable":true,"href":"https:\/\/www.c-m-p.com\/es\/wp-json\/wp\/v2\/users\/4"}],"replies":[{"embeddable":true,"href":"https:\/\/www.c-m-p.com\/es\/wp-json\/wp\/v2\/comments?post=12933"}],"version-history":[{"count":0,"href":"https:\/\/www.c-m-p.com\/es\/wp-json\/wp\/v2\/pages\/12933\/revisions"}],"wp:featuredmedia":[{"embeddable":true,"href":"https:\/\/www.c-m-p.com\/es\/wp-json\/wp\/v2\/media\/18391"}],"wp:attachment":[{"href":"https:\/\/www.c-m-p.com\/es\/wp-json\/wp\/v2\/media?parent=12933"}],"curies":[{"name":"wp","href":"https:\/\/api.w.org\/{rel}","templated":true}]}}