{"id":12960,"date":"2014-08-25T10:01:24","date_gmt":"2014-08-25T15:01:24","guid":{"rendered":"https:\/\/43ab809dfe.nxcli.io\/iluminacin-led-para-piscina-brilliant-wonders\/?lang=es"},"modified":"2016-12-28T13:40:27","modified_gmt":"2016-12-28T18:40:27","slug":"iluminacin-led-para-piscina-brilliant-wonders","status":"publish","type":"page","link":"https:\/\/www.c-m-p.com\/es\/productos-para-piscina\/productos-led-pool\/iluminacin-led-para-piscina-brilliant-wonders\/","title":{"rendered":"Iluminacion LED para piscina Brilliant Wonders"},"content":{"rendered":"<p>Un concepto completamente nuevo en la iluminaci\u00f3n LED de piscinas. La luz de microLED de 1.5&#8243; Brilliant Wonders es una luz f\u00e1cil de instalar que le permitir personalizar su apariencia y dise\u00f1o para embellecer cualquier estilo de piscina. El conector de tipo bayoneta solo requiere un cuarto de giro para una f\u00e1cil instalaci\u00f3n o un f\u00e1cil mantenimiento desde el lado frontal.<\/p>\n<p style=\"font-size: 2em;\">DISPONIBLE\u00a0AHORA<\/p>\n","protected":false},"excerpt":{"rendered":"<p>Un concepto completamente nuevo en la iluminaci\u00f3n LED de piscinas. La luz de microLED de 1.5&#8243; Brilliant Wonders es una luz f\u00e1cil de instalar que le permitir personalizar su apariencia y dise\u00f1o para embellecer cualquier estilo de piscina. El conector de tipo bayoneta solo requiere un cuarto de giro para una f\u00e1cil instalaci\u00f3n o un&#8230;  <a href=\"https:\/\/www.c-m-p.com\/es\/productos-para-piscina\/productos-led-pool\/iluminacin-led-para-piscina-brilliant-wonders\/\" title=\"Read Iluminacion LED para piscina Brilliant Wonders\">Read more &raquo;<\/a><\/p>\n","protected":false},"author":6,"featured_media":29559,"parent":63665,"menu_order":350,"comment_status":"closed","ping_status":"closed","template":"rci-flex-template.php","meta":{"_acf_changed":false,"_oasis_is_in_workflow":0,"_oasis_original":0,"_mi_skip_tracking":false,"_monsterinsights_sitenote_active":false,"_monsterinsights_sitenote_note":"","_monsterinsights_sitenote_category":0,"footnotes":""},"class_list":["post-12960","page","type-page","status-publish","has-post-thumbnail","hentry"],"acf":[],"yoast_head":"<!-- This site is optimized with the Yoast SEO plugin v27.2 - https:\/\/yoast.com\/product\/yoast-seo-wordpress\/ -->\n<title>Iluminacion LED para piscina Brilliant Wonders - CMP<\/title>\n<meta name=\"robots\" content=\"index, follow, max-snippet:-1, max-image-preview:large, max-video-preview:-1\" \/>\n<link rel=\"canonical\" href=\"https:\/\/c-m-p.com\/es\/productos-para-piscina\/productos-led-pool\/iluminacin-led-para-piscina-brilliant-wonders\/\" \/>\n<meta property=\"og:locale\" content=\"es_ES\" \/>\n<meta property=\"og:type\" content=\"article\" \/>\n<meta property=\"og:title\" content=\"Iluminacion LED para piscina Brilliant Wonders - CMP\" \/>\n<meta property=\"og:description\" content=\"Un concepto completamente nuevo en la iluminaci\u00f3n LED de piscinas. La luz de microLED de 1.5&#8243; Brilliant Wonders es una luz f\u00e1cil de instalar que le permitir personalizar su apariencia y dise\u00f1o para embellecer cualquier estilo de piscina. El conector de tipo bayoneta solo requiere un cuarto de giro para una f\u00e1cil instalaci\u00f3n o un... Read more &raquo;\" \/>\n<meta property=\"og:url\" content=\"https:\/\/c-m-p.com\/es\/productos-para-piscina\/productos-led-pool\/iluminacin-led-para-piscina-brilliant-wonders\/\" \/>\n<meta property=\"og:site_name\" content=\"CMP\" \/>\n<meta property=\"article:modified_time\" content=\"2016-12-28T18:40:27+00:00\" \/>\n<meta property=\"og:image\" content=\"https:\/\/c-m-p.com\/wp-content\/uploads\/2014\/08\/2018-led-light-catalog-feature-image.png\" \/>\n\t<meta property=\"og:image:width\" content=\"500\" \/>\n\t<meta property=\"og:image:height\" content=\"418\" \/>\n\t<meta property=\"og:image:type\" content=\"image\/png\" \/>\n<script type=\"application\/ld+json\" class=\"yoast-schema-graph\">{\"@context\":\"https:\/\/schema.org\",\"@graph\":[{\"@type\":\"WebPage\",\"@id\":\"https:\/\/c-m-p.com\/es\/productos-para-piscina\/productos-led-pool\/iluminacin-led-para-piscina-brilliant-wonders\/\",\"url\":\"https:\/\/c-m-p.com\/es\/productos-para-piscina\/productos-led-pool\/iluminacin-led-para-piscina-brilliant-wonders\/\",\"name\":\"Iluminacion LED para piscina Brilliant Wonders - CMP\",\"isPartOf\":{\"@id\":\"https:\/\/c-m-p.com\/#website\"},\"primaryImageOfPage\":{\"@id\":\"https:\/\/c-m-p.com\/es\/productos-para-piscina\/productos-led-pool\/iluminacin-led-para-piscina-brilliant-wonders\/#primaryimage\"},\"image\":{\"@id\":\"https:\/\/c-m-p.com\/es\/productos-para-piscina\/productos-led-pool\/iluminacin-led-para-piscina-brilliant-wonders\/#primaryimage\"},\"thumbnailUrl\":\"https:\/\/www.c-m-p.com\/wp-content\/uploads\/2014\/08\/2018-led-light-catalog-feature-image.png\",\"datePublished\":\"2014-08-25T15:01:24+00:00\",\"dateModified\":\"2016-12-28T18:40:27+00:00\",\"breadcrumb\":{\"@id\":\"https:\/\/c-m-p.com\/es\/productos-para-piscina\/productos-led-pool\/iluminacin-led-para-piscina-brilliant-wonders\/#breadcrumb\"},\"inLanguage\":\"es\",\"potentialAction\":[{\"@type\":\"ReadAction\",\"target\":[\"https:\/\/c-m-p.com\/es\/productos-para-piscina\/productos-led-pool\/iluminacin-led-para-piscina-brilliant-wonders\/\"]}]},{\"@type\":\"ImageObject\",\"inLanguage\":\"es\",\"@id\":\"https:\/\/c-m-p.com\/es\/productos-para-piscina\/productos-led-pool\/iluminacin-led-para-piscina-brilliant-wonders\/#primaryimage\",\"url\":\"https:\/\/www.c-m-p.com\/wp-content\/uploads\/2014\/08\/2018-led-light-catalog-feature-image.png\",\"contentUrl\":\"https:\/\/www.c-m-p.com\/wp-content\/uploads\/2014\/08\/2018-led-light-catalog-feature-image.png\",\"width\":500,\"height\":418},{\"@type\":\"BreadcrumbList\",\"@id\":\"https:\/\/c-m-p.com\/es\/productos-para-piscina\/productos-led-pool\/iluminacin-led-para-piscina-brilliant-wonders\/#breadcrumb\",\"itemListElement\":[{\"@type\":\"ListItem\",\"position\":1,\"name\":\"Home\",\"item\":\"https:\/\/c-m-p.com\/es\/\"},{\"@type\":\"ListItem\",\"position\":2,\"name\":\"Productos para piscinas\",\"item\":\"https:\/\/c-m-p.com\/es\/productos-para-piscina\/\"},{\"@type\":\"ListItem\",\"position\":3,\"name\":\"Productos LED Brilliant Wonders\u00ae\",\"item\":\"https:\/\/c-m-p.com\/es\/productos-para-piscina\/productos-led-pool\/\"},{\"@type\":\"ListItem\",\"position\":4,\"name\":\"Iluminacion LED para piscina Brilliant Wonders\"}]},{\"@type\":\"WebSite\",\"@id\":\"https:\/\/c-m-p.com\/#website\",\"url\":\"https:\/\/c-m-p.com\/\",\"name\":\"CMP\",\"description\":\"Pool Products, Spa and Hot Tub Products\",\"publisher\":{\"@id\":\"https:\/\/c-m-p.com\/#organization\"},\"potentialAction\":[{\"@type\":\"SearchAction\",\"target\":{\"@type\":\"EntryPoint\",\"urlTemplate\":\"https:\/\/c-m-p.com\/?s={search_term_string}\"},\"query-input\":{\"@type\":\"PropertyValueSpecification\",\"valueRequired\":true,\"valueName\":\"search_term_string\"}}],\"inLanguage\":\"es\"},{\"@type\":\"Organization\",\"@id\":\"https:\/\/c-m-p.com\/#organization\",\"name\":\"CMP Pool & Spa Products\",\"url\":\"https:\/\/c-m-p.com\/\",\"logo\":{\"@type\":\"ImageObject\",\"inLanguage\":\"es\",\"@id\":\"https:\/\/c-m-p.com\/#\/schema\/logo\/image\/\",\"url\":\"https:\/\/43ab809dfe.nxcli.io\/wp-content\/uploads\/2013\/10\/2013-CMP-Logo.jpg\",\"contentUrl\":\"https:\/\/43ab809dfe.nxcli.io\/wp-content\/uploads\/2013\/10\/2013-CMP-Logo.jpg\",\"width\":1000,\"height\":247,\"caption\":\"CMP Pool & Spa Products\"},\"image\":{\"@id\":\"https:\/\/c-m-p.com\/#\/schema\/logo\/image\/\"}}]}<\/script>\n<!-- \/ Yoast SEO plugin. -->","yoast_head_json":{"title":"Iluminacion LED para piscina Brilliant Wonders - CMP","robots":{"index":"index","follow":"follow","max-snippet":"max-snippet:-1","max-image-preview":"max-image-preview:large","max-video-preview":"max-video-preview:-1"},"canonical":"https:\/\/c-m-p.com\/es\/productos-para-piscina\/productos-led-pool\/iluminacin-led-para-piscina-brilliant-wonders\/","og_locale":"es_ES","og_type":"article","og_title":"Iluminacion LED para piscina Brilliant Wonders - CMP","og_description":"Un concepto completamente nuevo en la iluminaci\u00f3n LED de piscinas. La luz de microLED de 1.5&#8243; Brilliant Wonders es una luz f\u00e1cil de instalar que le permitir personalizar su apariencia y dise\u00f1o para embellecer cualquier estilo de piscina. El conector de tipo bayoneta solo requiere un cuarto de giro para una f\u00e1cil instalaci\u00f3n o un... Read more &raquo;","og_url":"https:\/\/c-m-p.com\/es\/productos-para-piscina\/productos-led-pool\/iluminacin-led-para-piscina-brilliant-wonders\/","og_site_name":"CMP","article_modified_time":"2016-12-28T18:40:27+00:00","og_image":[{"width":500,"height":418,"url":"https:\/\/c-m-p.com\/wp-content\/uploads\/2014\/08\/2018-led-light-catalog-feature-image.png","type":"image\/png"}],"schema":{"@context":"https:\/\/schema.org","@graph":[{"@type":"WebPage","@id":"https:\/\/c-m-p.com\/es\/productos-para-piscina\/productos-led-pool\/iluminacin-led-para-piscina-brilliant-wonders\/","url":"https:\/\/c-m-p.com\/es\/productos-para-piscina\/productos-led-pool\/iluminacin-led-para-piscina-brilliant-wonders\/","name":"Iluminacion LED para piscina Brilliant Wonders - CMP","isPartOf":{"@id":"https:\/\/c-m-p.com\/#website"},"primaryImageOfPage":{"@id":"https:\/\/c-m-p.com\/es\/productos-para-piscina\/productos-led-pool\/iluminacin-led-para-piscina-brilliant-wonders\/#primaryimage"},"image":{"@id":"https:\/\/c-m-p.com\/es\/productos-para-piscina\/productos-led-pool\/iluminacin-led-para-piscina-brilliant-wonders\/#primaryimage"},"thumbnailUrl":"https:\/\/www.c-m-p.com\/wp-content\/uploads\/2014\/08\/2018-led-light-catalog-feature-image.png","datePublished":"2014-08-25T15:01:24+00:00","dateModified":"2016-12-28T18:40:27+00:00","breadcrumb":{"@id":"https:\/\/c-m-p.com\/es\/productos-para-piscina\/productos-led-pool\/iluminacin-led-para-piscina-brilliant-wonders\/#breadcrumb"},"inLanguage":"es","potentialAction":[{"@type":"ReadAction","target":["https:\/\/c-m-p.com\/es\/productos-para-piscina\/productos-led-pool\/iluminacin-led-para-piscina-brilliant-wonders\/"]}]},{"@type":"ImageObject","inLanguage":"es","@id":"https:\/\/c-m-p.com\/es\/productos-para-piscina\/productos-led-pool\/iluminacin-led-para-piscina-brilliant-wonders\/#primaryimage","url":"https:\/\/www.c-m-p.com\/wp-content\/uploads\/2014\/08\/2018-led-light-catalog-feature-image.png","contentUrl":"https:\/\/www.c-m-p.com\/wp-content\/uploads\/2014\/08\/2018-led-light-catalog-feature-image.png","width":500,"height":418},{"@type":"BreadcrumbList","@id":"https:\/\/c-m-p.com\/es\/productos-para-piscina\/productos-led-pool\/iluminacin-led-para-piscina-brilliant-wonders\/#breadcrumb","itemListElement":[{"@type":"ListItem","position":1,"name":"Home","item":"https:\/\/c-m-p.com\/es\/"},{"@type":"ListItem","position":2,"name":"Productos para piscinas","item":"https:\/\/c-m-p.com\/es\/productos-para-piscina\/"},{"@type":"ListItem","position":3,"name":"Productos LED Brilliant Wonders\u00ae","item":"https:\/\/c-m-p.com\/es\/productos-para-piscina\/productos-led-pool\/"},{"@type":"ListItem","position":4,"name":"Iluminacion LED para piscina Brilliant Wonders"}]},{"@type":"WebSite","@id":"https:\/\/c-m-p.com\/#website","url":"https:\/\/c-m-p.com\/","name":"CMP","description":"Pool Products, Spa and Hot Tub Products","publisher":{"@id":"https:\/\/c-m-p.com\/#organization"},"potentialAction":[{"@type":"SearchAction","target":{"@type":"EntryPoint","urlTemplate":"https:\/\/c-m-p.com\/?s={search_term_string}"},"query-input":{"@type":"PropertyValueSpecification","valueRequired":true,"valueName":"search_term_string"}}],"inLanguage":"es"},{"@type":"Organization","@id":"https:\/\/c-m-p.com\/#organization","name":"CMP Pool & Spa Products","url":"https:\/\/c-m-p.com\/","logo":{"@type":"ImageObject","inLanguage":"es","@id":"https:\/\/c-m-p.com\/#\/schema\/logo\/image\/","url":"https:\/\/43ab809dfe.nxcli.io\/wp-content\/uploads\/2013\/10\/2013-CMP-Logo.jpg","contentUrl":"https:\/\/43ab809dfe.nxcli.io\/wp-content\/uploads\/2013\/10\/2013-CMP-Logo.jpg","width":1000,"height":247,"caption":"CMP Pool & Spa Products"},"image":{"@id":"https:\/\/c-m-p.com\/#\/schema\/logo\/image\/"}}]}},"_links":{"self":[{"href":"https:\/\/www.c-m-p.com\/es\/wp-json\/wp\/v2\/pages\/12960","targetHints":{"allow":["GET"]}}],"collection":[{"href":"https:\/\/www.c-m-p.com\/es\/wp-json\/wp\/v2\/pages"}],"about":[{"href":"https:\/\/www.c-m-p.com\/es\/wp-json\/wp\/v2\/types\/page"}],"author":[{"embeddable":true,"href":"https:\/\/www.c-m-p.com\/es\/wp-json\/wp\/v2\/users\/6"}],"replies":[{"embeddable":true,"href":"https:\/\/www.c-m-p.com\/es\/wp-json\/wp\/v2\/comments?post=12960"}],"version-history":[{"count":0,"href":"https:\/\/www.c-m-p.com\/es\/wp-json\/wp\/v2\/pages\/12960\/revisions"}],"up":[{"embeddable":true,"href":"https:\/\/www.c-m-p.com\/es\/wp-json\/wp\/v2\/pages\/63665"}],"wp:featuredmedia":[{"embeddable":true,"href":"https:\/\/www.c-m-p.com\/es\/wp-json\/wp\/v2\/media\/29559"}],"wp:attachment":[{"href":"https:\/\/www.c-m-p.com\/es\/wp-json\/wp\/v2\/media?parent=12960"}],"curies":[{"name":"wp","href":"https:\/\/api.w.org\/{rel}","templated":true}]}}