{"id":13087,"date":"2015-12-07T15:42:43","date_gmt":"2015-12-07T20:42:43","guid":{"rendered":"https:\/\/43ab809dfe.nxcli.io\/chorros-sl\/?lang=es"},"modified":"2016-12-16T16:46:03","modified_gmt":"2016-12-16T21:46:03","slug":"chorros-sl","status":"publish","type":"page","link":"https:\/\/www.c-m-p.com\/es\/chorros-sl\/","title":{"rendered":"Chorros S\u014cL"},"content":{"rendered":"<p>Los chorros S\u014cL son la piedra angular del nuevo lenguaje de dise\u00f1o de inspiraci\u00f3n europea para nuestros componentes para ba\u00f1o. Las formas enrasadas de los conectores crean composiciones de l\u00edneas puras y atemporales. La l\u00ednea actual est disponible en tres tama\u00f1os; por lo tanto, hay una opci\u00f3n de chorro S\u014cL para todo el bao.Toda la colecci\u00f3n S\u014cL para ba\u00f1o incluye accesorios de succi\u00f3n, luces y controles.<\/p>\n","protected":false},"excerpt":{"rendered":"<p>Los chorros S\u014cL son la piedra angular del nuevo lenguaje de dise\u00f1o de inspiraci\u00f3n europea para nuestros componentes para ba\u00f1o. Las formas enrasadas de los conectores crean composiciones de l\u00edneas puras y atemporales. La l\u00ednea actual est disponible en tres tama\u00f1os; por lo tanto, hay una opci\u00f3n de chorro S\u014cL para todo el bao.Toda la&#8230;  <a href=\"https:\/\/www.c-m-p.com\/es\/chorros-sl\/\" title=\"Read Chorros S\u014cL\">Read more &raquo;<\/a><\/p>\n","protected":false},"author":4,"featured_media":18374,"parent":0,"menu_order":1000,"comment_status":"open","ping_status":"open","template":"rci-flex-template.php","meta":{"_acf_changed":false,"_oasis_is_in_workflow":0,"_oasis_original":0,"_mi_skip_tracking":false,"_monsterinsights_sitenote_active":false,"_monsterinsights_sitenote_note":"","_monsterinsights_sitenote_category":0,"footnotes":""},"class_list":["post-13087","page","type-page","status-publish","has-post-thumbnail","hentry"],"acf":[],"yoast_head":"<!-- This site is optimized with the Yoast SEO plugin v27.2 - https:\/\/yoast.com\/product\/yoast-seo-wordpress\/ -->\n<title>Chorros S\u014cL - CMP<\/title>\n<meta name=\"robots\" content=\"index, follow, max-snippet:-1, max-image-preview:large, max-video-preview:-1\" \/>\n<link rel=\"canonical\" href=\"https:\/\/c-m-p.com\/es\/chorros-sl\/\" \/>\n<meta property=\"og:locale\" content=\"es_ES\" \/>\n<meta property=\"og:type\" content=\"article\" \/>\n<meta property=\"og:title\" content=\"Chorros S\u014cL - CMP\" \/>\n<meta property=\"og:description\" content=\"Los chorros S\u014cL son la piedra angular del nuevo lenguaje de dise\u00f1o de inspiraci\u00f3n europea para nuestros componentes para ba\u00f1o. Las formas enrasadas de los conectores crean composiciones de l\u00edneas puras y atemporales. La l\u00ednea actual est disponible en tres tama\u00f1os; por lo tanto, hay una opci\u00f3n de chorro S\u014cL para todo el bao.Toda la... Read more &raquo;\" \/>\n<meta property=\"og:url\" content=\"https:\/\/c-m-p.com\/es\/chorros-sl\/\" \/>\n<meta property=\"og:site_name\" content=\"CMP\" \/>\n<meta property=\"article:modified_time\" content=\"2016-12-16T21:46:03+00:00\" \/>\n<meta property=\"og:image\" content=\"https:\/\/c-m-p.com\/wp-content\/uploads\/2014\/03\/sol-feature.png\" \/>\n\t<meta property=\"og:image:width\" content=\"600\" \/>\n\t<meta property=\"og:image:height\" content=\"334\" \/>\n\t<meta property=\"og:image:type\" content=\"image\/png\" \/>\n<script type=\"application\/ld+json\" class=\"yoast-schema-graph\">{\"@context\":\"https:\/\/schema.org\",\"@graph\":[{\"@type\":\"WebPage\",\"@id\":\"https:\/\/c-m-p.com\/es\/chorros-sl\/\",\"url\":\"https:\/\/c-m-p.com\/es\/chorros-sl\/\",\"name\":\"Chorros S\u014cL - CMP\",\"isPartOf\":{\"@id\":\"https:\/\/c-m-p.com\/#website\"},\"primaryImageOfPage\":{\"@id\":\"https:\/\/c-m-p.com\/es\/chorros-sl\/#primaryimage\"},\"image\":{\"@id\":\"https:\/\/c-m-p.com\/es\/chorros-sl\/#primaryimage\"},\"thumbnailUrl\":\"https:\/\/www.c-m-p.com\/wp-content\/uploads\/2014\/03\/sol-feature.png\",\"datePublished\":\"2015-12-07T20:42:43+00:00\",\"dateModified\":\"2016-12-16T21:46:03+00:00\",\"breadcrumb\":{\"@id\":\"https:\/\/c-m-p.com\/es\/chorros-sl\/#breadcrumb\"},\"inLanguage\":\"es\",\"potentialAction\":[{\"@type\":\"ReadAction\",\"target\":[\"https:\/\/c-m-p.com\/es\/chorros-sl\/\"]}]},{\"@type\":\"ImageObject\",\"inLanguage\":\"es\",\"@id\":\"https:\/\/c-m-p.com\/es\/chorros-sl\/#primaryimage\",\"url\":\"https:\/\/www.c-m-p.com\/wp-content\/uploads\/2014\/03\/sol-feature.png\",\"contentUrl\":\"https:\/\/www.c-m-p.com\/wp-content\/uploads\/2014\/03\/sol-feature.png\",\"width\":600,\"height\":334},{\"@type\":\"BreadcrumbList\",\"@id\":\"https:\/\/c-m-p.com\/es\/chorros-sl\/#breadcrumb\",\"itemListElement\":[{\"@type\":\"ListItem\",\"position\":1,\"name\":\"Home\",\"item\":\"https:\/\/c-m-p.com\/es\/\"},{\"@type\":\"ListItem\",\"position\":2,\"name\":\"Chorros S\u014cL\"}]},{\"@type\":\"WebSite\",\"@id\":\"https:\/\/c-m-p.com\/#website\",\"url\":\"https:\/\/c-m-p.com\/\",\"name\":\"CMP\",\"description\":\"Pool Products, Spa and Hot Tub Products\",\"publisher\":{\"@id\":\"https:\/\/c-m-p.com\/#organization\"},\"potentialAction\":[{\"@type\":\"SearchAction\",\"target\":{\"@type\":\"EntryPoint\",\"urlTemplate\":\"https:\/\/c-m-p.com\/?s={search_term_string}\"},\"query-input\":{\"@type\":\"PropertyValueSpecification\",\"valueRequired\":true,\"valueName\":\"search_term_string\"}}],\"inLanguage\":\"es\"},{\"@type\":\"Organization\",\"@id\":\"https:\/\/c-m-p.com\/#organization\",\"name\":\"CMP Pool & Spa Products\",\"url\":\"https:\/\/c-m-p.com\/\",\"logo\":{\"@type\":\"ImageObject\",\"inLanguage\":\"es\",\"@id\":\"https:\/\/c-m-p.com\/#\/schema\/logo\/image\/\",\"url\":\"https:\/\/43ab809dfe.nxcli.io\/wp-content\/uploads\/2013\/10\/2013-CMP-Logo.jpg\",\"contentUrl\":\"https:\/\/43ab809dfe.nxcli.io\/wp-content\/uploads\/2013\/10\/2013-CMP-Logo.jpg\",\"width\":1000,\"height\":247,\"caption\":\"CMP Pool & Spa Products\"},\"image\":{\"@id\":\"https:\/\/c-m-p.com\/#\/schema\/logo\/image\/\"}}]}<\/script>\n<!-- \/ Yoast SEO plugin. -->","yoast_head_json":{"title":"Chorros S\u014cL - CMP","robots":{"index":"index","follow":"follow","max-snippet":"max-snippet:-1","max-image-preview":"max-image-preview:large","max-video-preview":"max-video-preview:-1"},"canonical":"https:\/\/c-m-p.com\/es\/chorros-sl\/","og_locale":"es_ES","og_type":"article","og_title":"Chorros S\u014cL - CMP","og_description":"Los chorros S\u014cL son la piedra angular del nuevo lenguaje de dise\u00f1o de inspiraci\u00f3n europea para nuestros componentes para ba\u00f1o. Las formas enrasadas de los conectores crean composiciones de l\u00edneas puras y atemporales. La l\u00ednea actual est disponible en tres tama\u00f1os; por lo tanto, hay una opci\u00f3n de chorro S\u014cL para todo el bao.Toda la... Read more &raquo;","og_url":"https:\/\/c-m-p.com\/es\/chorros-sl\/","og_site_name":"CMP","article_modified_time":"2016-12-16T21:46:03+00:00","og_image":[{"width":600,"height":334,"url":"https:\/\/c-m-p.com\/wp-content\/uploads\/2014\/03\/sol-feature.png","type":"image\/png"}],"schema":{"@context":"https:\/\/schema.org","@graph":[{"@type":"WebPage","@id":"https:\/\/c-m-p.com\/es\/chorros-sl\/","url":"https:\/\/c-m-p.com\/es\/chorros-sl\/","name":"Chorros S\u014cL - CMP","isPartOf":{"@id":"https:\/\/c-m-p.com\/#website"},"primaryImageOfPage":{"@id":"https:\/\/c-m-p.com\/es\/chorros-sl\/#primaryimage"},"image":{"@id":"https:\/\/c-m-p.com\/es\/chorros-sl\/#primaryimage"},"thumbnailUrl":"https:\/\/www.c-m-p.com\/wp-content\/uploads\/2014\/03\/sol-feature.png","datePublished":"2015-12-07T20:42:43+00:00","dateModified":"2016-12-16T21:46:03+00:00","breadcrumb":{"@id":"https:\/\/c-m-p.com\/es\/chorros-sl\/#breadcrumb"},"inLanguage":"es","potentialAction":[{"@type":"ReadAction","target":["https:\/\/c-m-p.com\/es\/chorros-sl\/"]}]},{"@type":"ImageObject","inLanguage":"es","@id":"https:\/\/c-m-p.com\/es\/chorros-sl\/#primaryimage","url":"https:\/\/www.c-m-p.com\/wp-content\/uploads\/2014\/03\/sol-feature.png","contentUrl":"https:\/\/www.c-m-p.com\/wp-content\/uploads\/2014\/03\/sol-feature.png","width":600,"height":334},{"@type":"BreadcrumbList","@id":"https:\/\/c-m-p.com\/es\/chorros-sl\/#breadcrumb","itemListElement":[{"@type":"ListItem","position":1,"name":"Home","item":"https:\/\/c-m-p.com\/es\/"},{"@type":"ListItem","position":2,"name":"Chorros S\u014cL"}]},{"@type":"WebSite","@id":"https:\/\/c-m-p.com\/#website","url":"https:\/\/c-m-p.com\/","name":"CMP","description":"Pool Products, Spa and Hot Tub Products","publisher":{"@id":"https:\/\/c-m-p.com\/#organization"},"potentialAction":[{"@type":"SearchAction","target":{"@type":"EntryPoint","urlTemplate":"https:\/\/c-m-p.com\/?s={search_term_string}"},"query-input":{"@type":"PropertyValueSpecification","valueRequired":true,"valueName":"search_term_string"}}],"inLanguage":"es"},{"@type":"Organization","@id":"https:\/\/c-m-p.com\/#organization","name":"CMP Pool & Spa Products","url":"https:\/\/c-m-p.com\/","logo":{"@type":"ImageObject","inLanguage":"es","@id":"https:\/\/c-m-p.com\/#\/schema\/logo\/image\/","url":"https:\/\/43ab809dfe.nxcli.io\/wp-content\/uploads\/2013\/10\/2013-CMP-Logo.jpg","contentUrl":"https:\/\/43ab809dfe.nxcli.io\/wp-content\/uploads\/2013\/10\/2013-CMP-Logo.jpg","width":1000,"height":247,"caption":"CMP Pool & Spa Products"},"image":{"@id":"https:\/\/c-m-p.com\/#\/schema\/logo\/image\/"}}]}},"_links":{"self":[{"href":"https:\/\/www.c-m-p.com\/es\/wp-json\/wp\/v2\/pages\/13087","targetHints":{"allow":["GET"]}}],"collection":[{"href":"https:\/\/www.c-m-p.com\/es\/wp-json\/wp\/v2\/pages"}],"about":[{"href":"https:\/\/www.c-m-p.com\/es\/wp-json\/wp\/v2\/types\/page"}],"author":[{"embeddable":true,"href":"https:\/\/www.c-m-p.com\/es\/wp-json\/wp\/v2\/users\/4"}],"replies":[{"embeddable":true,"href":"https:\/\/www.c-m-p.com\/es\/wp-json\/wp\/v2\/comments?post=13087"}],"version-history":[{"count":0,"href":"https:\/\/www.c-m-p.com\/es\/wp-json\/wp\/v2\/pages\/13087\/revisions"}],"wp:featuredmedia":[{"embeddable":true,"href":"https:\/\/www.c-m-p.com\/es\/wp-json\/wp\/v2\/media\/18374"}],"wp:attachment":[{"href":"https:\/\/www.c-m-p.com\/es\/wp-json\/wp\/v2\/media?parent=13087"}],"curies":[{"name":"wp","href":"https:\/\/api.w.org\/{rel}","templated":true}]}}