{"id":13089,"date":"2014-03-31T15:15:45","date_gmt":"2014-03-31T20:15:45","guid":{"rendered":"https:\/\/43ab809dfe.nxcli.io\/chorros-de-la-serie-tech\/?lang=es"},"modified":"2016-12-16T16:35:13","modified_gmt":"2016-12-16T21:35:13","slug":"chorros-de-la-serie-tech","status":"publish","type":"page","link":"https:\/\/www.c-m-p.com\/es\/chorros-de-la-serie-tech\/","title":{"rendered":"Chorros de la serie Tech"},"content":{"rendered":"<p>Nuestros ingenieros han creado una serie completa de productos orientados al rendimiento que proporcionan una gran variedad de soluciones de hidroterapia para bao. Estos productos est\u00e1n disponibles en varias configuraciones que incluyen dise\u00f1os de cuerpo recto, cuerpo en \u00abV\u00bb y cuerpo en \u00abL\u00bb. La l\u00ednea completa de productos tambi\u00e9n est\u00e1 disponible en una amplia variedad de colores para embellecer la decoraci\u00f3n de cualquier bao.<\/p>\n","protected":false},"excerpt":{"rendered":"<p>Nuestros ingenieros han creado una serie completa de productos orientados al rendimiento que proporcionan una gran variedad de soluciones de hidroterapia para bao. Estos productos est\u00e1n disponibles en varias configuraciones que incluyen dise\u00f1os de cuerpo recto, cuerpo en \u00abV\u00bb y cuerpo en \u00abL\u00bb. La l\u00ednea completa de productos tambi\u00e9n est\u00e1 disponible en una amplia variedad&#8230;  <a href=\"https:\/\/www.c-m-p.com\/es\/chorros-de-la-serie-tech\/\" title=\"Read Chorros de la serie Tech\">Read more &raquo;<\/a><\/p>\n","protected":false},"author":4,"featured_media":18379,"parent":0,"menu_order":900,"comment_status":"open","ping_status":"open","template":"templates\/collection_page.php","meta":{"_acf_changed":false,"_oasis_is_in_workflow":0,"_oasis_original":0,"_mi_skip_tracking":false,"_monsterinsights_sitenote_active":false,"_monsterinsights_sitenote_note":"","_monsterinsights_sitenote_category":0,"footnotes":""},"class_list":["post-13089","page","type-page","status-publish","has-post-thumbnail","hentry"],"acf":[],"yoast_head":"<!-- This site is optimized with the Yoast SEO plugin v27.2 - https:\/\/yoast.com\/product\/yoast-seo-wordpress\/ -->\n<title>Chorros de la serie Tech - CMP<\/title>\n<meta name=\"robots\" content=\"index, follow, max-snippet:-1, max-image-preview:large, max-video-preview:-1\" \/>\n<link rel=\"canonical\" href=\"https:\/\/c-m-p.com\/es\/chorros-de-la-serie-tech\/\" \/>\n<meta property=\"og:locale\" content=\"es_ES\" \/>\n<meta property=\"og:type\" content=\"article\" \/>\n<meta property=\"og:title\" content=\"Chorros de la serie Tech - CMP\" \/>\n<meta property=\"og:description\" content=\"Nuestros ingenieros han creado una serie completa de productos orientados al rendimiento que proporcionan una gran variedad de soluciones de hidroterapia para bao. Estos productos est\u00e1n disponibles en varias configuraciones que incluyen dise\u00f1os de cuerpo recto, cuerpo en \u00abV\u00bb y cuerpo en \u00abL\u00bb. La l\u00ednea completa de productos tambi\u00e9n est\u00e1 disponible en una amplia variedad... Read more &raquo;\" \/>\n<meta property=\"og:url\" content=\"https:\/\/c-m-p.com\/es\/chorros-de-la-serie-tech\/\" \/>\n<meta property=\"og:site_name\" content=\"CMP\" \/>\n<meta property=\"article:modified_time\" content=\"2016-12-16T21:35:13+00:00\" \/>\n<meta property=\"og:image\" content=\"https:\/\/c-m-p.com\/wp-content\/uploads\/2014\/03\/tech-feature.png\" \/>\n\t<meta property=\"og:image:width\" content=\"600\" \/>\n\t<meta property=\"og:image:height\" content=\"334\" \/>\n\t<meta property=\"og:image:type\" content=\"image\/png\" \/>\n<script type=\"application\/ld+json\" class=\"yoast-schema-graph\">{\"@context\":\"https:\/\/schema.org\",\"@graph\":[{\"@type\":\"WebPage\",\"@id\":\"https:\/\/c-m-p.com\/es\/chorros-de-la-serie-tech\/\",\"url\":\"https:\/\/c-m-p.com\/es\/chorros-de-la-serie-tech\/\",\"name\":\"Chorros de la serie Tech - CMP\",\"isPartOf\":{\"@id\":\"https:\/\/c-m-p.com\/#website\"},\"primaryImageOfPage\":{\"@id\":\"https:\/\/c-m-p.com\/es\/chorros-de-la-serie-tech\/#primaryimage\"},\"image\":{\"@id\":\"https:\/\/c-m-p.com\/es\/chorros-de-la-serie-tech\/#primaryimage\"},\"thumbnailUrl\":\"https:\/\/www.c-m-p.com\/wp-content\/uploads\/2014\/03\/tech-feature.png\",\"datePublished\":\"2014-03-31T20:15:45+00:00\",\"dateModified\":\"2016-12-16T21:35:13+00:00\",\"breadcrumb\":{\"@id\":\"https:\/\/c-m-p.com\/es\/chorros-de-la-serie-tech\/#breadcrumb\"},\"inLanguage\":\"es\",\"potentialAction\":[{\"@type\":\"ReadAction\",\"target\":[\"https:\/\/c-m-p.com\/es\/chorros-de-la-serie-tech\/\"]}]},{\"@type\":\"ImageObject\",\"inLanguage\":\"es\",\"@id\":\"https:\/\/c-m-p.com\/es\/chorros-de-la-serie-tech\/#primaryimage\",\"url\":\"https:\/\/www.c-m-p.com\/wp-content\/uploads\/2014\/03\/tech-feature.png\",\"contentUrl\":\"https:\/\/www.c-m-p.com\/wp-content\/uploads\/2014\/03\/tech-feature.png\",\"width\":600,\"height\":334},{\"@type\":\"BreadcrumbList\",\"@id\":\"https:\/\/c-m-p.com\/es\/chorros-de-la-serie-tech\/#breadcrumb\",\"itemListElement\":[{\"@type\":\"ListItem\",\"position\":1,\"name\":\"Home\",\"item\":\"https:\/\/c-m-p.com\/es\/\"},{\"@type\":\"ListItem\",\"position\":2,\"name\":\"Chorros de la serie Tech\"}]},{\"@type\":\"WebSite\",\"@id\":\"https:\/\/c-m-p.com\/#website\",\"url\":\"https:\/\/c-m-p.com\/\",\"name\":\"CMP\",\"description\":\"Pool Products, Spa and Hot Tub Products\",\"publisher\":{\"@id\":\"https:\/\/c-m-p.com\/#organization\"},\"potentialAction\":[{\"@type\":\"SearchAction\",\"target\":{\"@type\":\"EntryPoint\",\"urlTemplate\":\"https:\/\/c-m-p.com\/?s={search_term_string}\"},\"query-input\":{\"@type\":\"PropertyValueSpecification\",\"valueRequired\":true,\"valueName\":\"search_term_string\"}}],\"inLanguage\":\"es\"},{\"@type\":\"Organization\",\"@id\":\"https:\/\/c-m-p.com\/#organization\",\"name\":\"CMP Pool & Spa Products\",\"url\":\"https:\/\/c-m-p.com\/\",\"logo\":{\"@type\":\"ImageObject\",\"inLanguage\":\"es\",\"@id\":\"https:\/\/c-m-p.com\/#\/schema\/logo\/image\/\",\"url\":\"https:\/\/43ab809dfe.nxcli.io\/wp-content\/uploads\/2013\/10\/2013-CMP-Logo.jpg\",\"contentUrl\":\"https:\/\/43ab809dfe.nxcli.io\/wp-content\/uploads\/2013\/10\/2013-CMP-Logo.jpg\",\"width\":1000,\"height\":247,\"caption\":\"CMP Pool & Spa Products\"},\"image\":{\"@id\":\"https:\/\/c-m-p.com\/#\/schema\/logo\/image\/\"}}]}<\/script>\n<!-- \/ Yoast SEO plugin. -->","yoast_head_json":{"title":"Chorros de la serie Tech - CMP","robots":{"index":"index","follow":"follow","max-snippet":"max-snippet:-1","max-image-preview":"max-image-preview:large","max-video-preview":"max-video-preview:-1"},"canonical":"https:\/\/c-m-p.com\/es\/chorros-de-la-serie-tech\/","og_locale":"es_ES","og_type":"article","og_title":"Chorros de la serie Tech - CMP","og_description":"Nuestros ingenieros han creado una serie completa de productos orientados al rendimiento que proporcionan una gran variedad de soluciones de hidroterapia para bao. Estos productos est\u00e1n disponibles en varias configuraciones que incluyen dise\u00f1os de cuerpo recto, cuerpo en \u00abV\u00bb y cuerpo en \u00abL\u00bb. La l\u00ednea completa de productos tambi\u00e9n est\u00e1 disponible en una amplia variedad... Read more &raquo;","og_url":"https:\/\/c-m-p.com\/es\/chorros-de-la-serie-tech\/","og_site_name":"CMP","article_modified_time":"2016-12-16T21:35:13+00:00","og_image":[{"width":600,"height":334,"url":"https:\/\/c-m-p.com\/wp-content\/uploads\/2014\/03\/tech-feature.png","type":"image\/png"}],"schema":{"@context":"https:\/\/schema.org","@graph":[{"@type":"WebPage","@id":"https:\/\/c-m-p.com\/es\/chorros-de-la-serie-tech\/","url":"https:\/\/c-m-p.com\/es\/chorros-de-la-serie-tech\/","name":"Chorros de la serie Tech - CMP","isPartOf":{"@id":"https:\/\/c-m-p.com\/#website"},"primaryImageOfPage":{"@id":"https:\/\/c-m-p.com\/es\/chorros-de-la-serie-tech\/#primaryimage"},"image":{"@id":"https:\/\/c-m-p.com\/es\/chorros-de-la-serie-tech\/#primaryimage"},"thumbnailUrl":"https:\/\/www.c-m-p.com\/wp-content\/uploads\/2014\/03\/tech-feature.png","datePublished":"2014-03-31T20:15:45+00:00","dateModified":"2016-12-16T21:35:13+00:00","breadcrumb":{"@id":"https:\/\/c-m-p.com\/es\/chorros-de-la-serie-tech\/#breadcrumb"},"inLanguage":"es","potentialAction":[{"@type":"ReadAction","target":["https:\/\/c-m-p.com\/es\/chorros-de-la-serie-tech\/"]}]},{"@type":"ImageObject","inLanguage":"es","@id":"https:\/\/c-m-p.com\/es\/chorros-de-la-serie-tech\/#primaryimage","url":"https:\/\/www.c-m-p.com\/wp-content\/uploads\/2014\/03\/tech-feature.png","contentUrl":"https:\/\/www.c-m-p.com\/wp-content\/uploads\/2014\/03\/tech-feature.png","width":600,"height":334},{"@type":"BreadcrumbList","@id":"https:\/\/c-m-p.com\/es\/chorros-de-la-serie-tech\/#breadcrumb","itemListElement":[{"@type":"ListItem","position":1,"name":"Home","item":"https:\/\/c-m-p.com\/es\/"},{"@type":"ListItem","position":2,"name":"Chorros de la serie Tech"}]},{"@type":"WebSite","@id":"https:\/\/c-m-p.com\/#website","url":"https:\/\/c-m-p.com\/","name":"CMP","description":"Pool Products, Spa and Hot Tub Products","publisher":{"@id":"https:\/\/c-m-p.com\/#organization"},"potentialAction":[{"@type":"SearchAction","target":{"@type":"EntryPoint","urlTemplate":"https:\/\/c-m-p.com\/?s={search_term_string}"},"query-input":{"@type":"PropertyValueSpecification","valueRequired":true,"valueName":"search_term_string"}}],"inLanguage":"es"},{"@type":"Organization","@id":"https:\/\/c-m-p.com\/#organization","name":"CMP Pool & Spa Products","url":"https:\/\/c-m-p.com\/","logo":{"@type":"ImageObject","inLanguage":"es","@id":"https:\/\/c-m-p.com\/#\/schema\/logo\/image\/","url":"https:\/\/43ab809dfe.nxcli.io\/wp-content\/uploads\/2013\/10\/2013-CMP-Logo.jpg","contentUrl":"https:\/\/43ab809dfe.nxcli.io\/wp-content\/uploads\/2013\/10\/2013-CMP-Logo.jpg","width":1000,"height":247,"caption":"CMP Pool & Spa Products"},"image":{"@id":"https:\/\/c-m-p.com\/#\/schema\/logo\/image\/"}}]}},"_links":{"self":[{"href":"https:\/\/www.c-m-p.com\/es\/wp-json\/wp\/v2\/pages\/13089","targetHints":{"allow":["GET"]}}],"collection":[{"href":"https:\/\/www.c-m-p.com\/es\/wp-json\/wp\/v2\/pages"}],"about":[{"href":"https:\/\/www.c-m-p.com\/es\/wp-json\/wp\/v2\/types\/page"}],"author":[{"embeddable":true,"href":"https:\/\/www.c-m-p.com\/es\/wp-json\/wp\/v2\/users\/4"}],"replies":[{"embeddable":true,"href":"https:\/\/www.c-m-p.com\/es\/wp-json\/wp\/v2\/comments?post=13089"}],"version-history":[{"count":0,"href":"https:\/\/www.c-m-p.com\/es\/wp-json\/wp\/v2\/pages\/13089\/revisions"}],"wp:featuredmedia":[{"embeddable":true,"href":"https:\/\/www.c-m-p.com\/es\/wp-json\/wp\/v2\/media\/18379"}],"wp:attachment":[{"href":"https:\/\/www.c-m-p.com\/es\/wp-json\/wp\/v2\/media?parent=13089"}],"curies":[{"name":"wp","href":"https:\/\/api.w.org\/{rel}","templated":true}]}}