{"id":13145,"date":"2015-12-07T16:03:02","date_gmt":"2015-12-07T21:03:02","guid":{"rendered":"https:\/\/43ab809dfe.nxcli.io\/vertedero-fusion\/?lang=es"},"modified":"2016-01-11T14:00:52","modified_gmt":"2016-01-11T19:00:52","slug":"vertedero-fusion","status":"publish","type":"page","link":"https:\/\/www.c-m-p.com\/es\/productos-para-spa\/skimmers-y-filtros\/vertedero-fusion\/","title":{"rendered":"Vertedero Fusion"},"content":{"rendered":"<p>Fusion es nuestro nuevo sistema de vertedero con acceso frontal de 100-200 pies cuadrados. El nuevo vertedero es f\u00e1cil de instalar y usar. El dise\u00f1o tiene gran cantidad de pequeos detalles y caractersticas que agregarn animacin a cualquier composicin para jacuzzi. Para ms informacin sobre el sistema de vertedero Fusion, <a title=\"Encontrar un representante\" href=\"https:\/\/www.c-m-p.com\/solicitar-informacin\/encuentre-un-representante\/?lang=es\">pngase en contacto con su representante de CMP.<\/a><\/p>\n<div class=\"technology-item image-left clearfix\" style=\"margin: 10em 0 12em 0;\">\n<div class=\"image\"><img loading=\"lazy\" decoding=\"async\" style=\"max-height: 500px;\" title=\"Vertedero Fusion\" src=\"https:\/\/www.c-m-p.com\/wp-content\/uploads\/2014\/03\/gray-fusion-weir-feature.png\" alt=\"vertedero para spa fusion de cmp\" width=\"600\" height=\"334\" \/><\/div>\n<div class=\"content\">\n<div class=\"title\">dise\u00f1o en dos tonos<\/div>\n<p>El dise\u00f1o de mltiples componentes permite ajustar los colores de las piezas del vertedero para complementar o combinar con las piezas existentes, tales como chorros o manijas de control. Como caracterstica adicional, nuestros diseadores podrn incluir su marca o logotipo en la placa de registro encajable. Esta placa tambin puede moldearse en varios colores.<\/p>\n<\/div>\n<div class=\"clearfix\"><\/div>\n<\/div>\n<div class=\"technology-item image-right clearfix\" style=\"margin: 10em 0 12em 0;\">\n<div class=\"image\"><img loading=\"lazy\" decoding=\"async\" style=\"max-height: 500px;\" title=\"detalles inspirados en dise\u00f1os automovilsticos\" src=\"https:\/\/www.c-m-p.com\/wp-content\/uploads\/2014\/03\/titanium-weir-feature.png\" alt=\"detalles del vertedero fusion para spa de estilo automovilstico\" width=\"600\" height=\"334\" \/><\/div>\n<div class=\"content\">\n<div class=\"title\">Detalles inspirados en dise\u00f1os automovilsticos<\/div>\n<p>El estilo del nuevo vertedero Fusion se inspir en las tendencias de dise\u00f1o vistas en muchos de los modelos de autos deportivos ms admirados del mundo. Estas claves de dise\u00f1o clsico pueden resaltarse con colores en dos tonos. Todo suma a un dise\u00f1o que no solo impresiona con el estilo, sino que gana en funciones y en una instalacin f\u00e1cil para el usuario.<\/p>\n<\/div>\n<\/div>\n","protected":false},"excerpt":{"rendered":"<p>Fusion es nuestro nuevo sistema de vertedero con acceso frontal de 100-200 pies cuadrados. El nuevo vertedero es f\u00e1cil de instalar y usar. El dise\u00f1o tiene gran cantidad de pequeos detalles y caractersticas que agregarn animacin a cualquier composicin para jacuzzi. Para ms informacin sobre el sistema de vertedero Fusion, pngase en contacto con su&#8230;  <a href=\"https:\/\/www.c-m-p.com\/es\/productos-para-spa\/skimmers-y-filtros\/vertedero-fusion\/\" title=\"Read Vertedero Fusion\">Read more &raquo;<\/a><\/p>\n","protected":false},"author":4,"featured_media":0,"parent":68900,"menu_order":0,"comment_status":"open","ping_status":"open","template":"templates\/product_downloads.php","meta":{"_acf_changed":false,"_oasis_is_in_workflow":0,"_oasis_original":0,"_mi_skip_tracking":false,"_monsterinsights_sitenote_active":false,"_monsterinsights_sitenote_note":"","_monsterinsights_sitenote_category":0,"footnotes":""},"class_list":["post-13145","page","type-page","status-publish","hentry"],"acf":[],"yoast_head":"<!-- This site is optimized with the Yoast SEO plugin v27.2 - https:\/\/yoast.com\/product\/yoast-seo-wordpress\/ -->\n<title>Vertedero Fusion - CMP<\/title>\n<meta name=\"robots\" content=\"index, follow, max-snippet:-1, max-image-preview:large, max-video-preview:-1\" \/>\n<link rel=\"canonical\" href=\"https:\/\/c-m-p.com\/es\/productos-para-spa\/skimmers-y-filtros\/vertedero-fusion\/\" \/>\n<meta property=\"og:locale\" content=\"es_ES\" \/>\n<meta property=\"og:type\" content=\"article\" \/>\n<meta property=\"og:title\" content=\"Vertedero Fusion - CMP\" \/>\n<meta property=\"og:description\" content=\"Fusion es nuestro nuevo sistema de vertedero con acceso frontal de 100-200 pies cuadrados. El nuevo vertedero es f\u00e1cil de instalar y usar. El dise\u00f1o tiene gran cantidad de pequeos detalles y caractersticas que agregarn animacin a cualquier composicin para jacuzzi. Para ms informacin sobre el sistema de vertedero Fusion, pngase en contacto con su... Read more &raquo;\" \/>\n<meta property=\"og:url\" content=\"https:\/\/c-m-p.com\/es\/productos-para-spa\/skimmers-y-filtros\/vertedero-fusion\/\" \/>\n<meta property=\"og:site_name\" content=\"CMP\" \/>\n<meta property=\"article:modified_time\" content=\"2016-01-11T19:00:52+00:00\" \/>\n<meta property=\"og:image\" content=\"https:\/\/c-m-p.com\/wp-content\/uploads\/2014\/03\/gray-fusion-weir-feature.png\" \/>\n<meta name=\"twitter:label1\" content=\"Tiempo de lectura\" \/>\n\t<meta name=\"twitter:data1\" content=\"1 minuto\" \/>\n<script type=\"application\/ld+json\" class=\"yoast-schema-graph\">{\"@context\":\"https:\/\/schema.org\",\"@graph\":[{\"@type\":\"WebPage\",\"@id\":\"https:\/\/c-m-p.com\/es\/productos-para-spa\/skimmers-y-filtros\/vertedero-fusion\/\",\"url\":\"https:\/\/c-m-p.com\/es\/productos-para-spa\/skimmers-y-filtros\/vertedero-fusion\/\",\"name\":\"Vertedero Fusion - CMP\",\"isPartOf\":{\"@id\":\"https:\/\/c-m-p.com\/#website\"},\"primaryImageOfPage\":{\"@id\":\"https:\/\/c-m-p.com\/es\/productos-para-spa\/skimmers-y-filtros\/vertedero-fusion\/#primaryimage\"},\"image\":{\"@id\":\"https:\/\/c-m-p.com\/es\/productos-para-spa\/skimmers-y-filtros\/vertedero-fusion\/#primaryimage\"},\"thumbnailUrl\":\"https:\/\/www.c-m-p.com\/wp-content\/uploads\/2014\/03\/gray-fusion-weir-feature.png\",\"datePublished\":\"2015-12-07T21:03:02+00:00\",\"dateModified\":\"2016-01-11T19:00:52+00:00\",\"breadcrumb\":{\"@id\":\"https:\/\/c-m-p.com\/es\/productos-para-spa\/skimmers-y-filtros\/vertedero-fusion\/#breadcrumb\"},\"inLanguage\":\"es\",\"potentialAction\":[{\"@type\":\"ReadAction\",\"target\":[\"https:\/\/c-m-p.com\/es\/productos-para-spa\/skimmers-y-filtros\/vertedero-fusion\/\"]}]},{\"@type\":\"ImageObject\",\"inLanguage\":\"es\",\"@id\":\"https:\/\/c-m-p.com\/es\/productos-para-spa\/skimmers-y-filtros\/vertedero-fusion\/#primaryimage\",\"url\":\"https:\/\/www.c-m-p.com\/wp-content\/uploads\/2014\/03\/gray-fusion-weir-feature.png\",\"contentUrl\":\"https:\/\/www.c-m-p.com\/wp-content\/uploads\/2014\/03\/gray-fusion-weir-feature.png\"},{\"@type\":\"BreadcrumbList\",\"@id\":\"https:\/\/c-m-p.com\/es\/productos-para-spa\/skimmers-y-filtros\/vertedero-fusion\/#breadcrumb\",\"itemListElement\":[{\"@type\":\"ListItem\",\"position\":1,\"name\":\"Home\",\"item\":\"https:\/\/c-m-p.com\/es\/\"},{\"@type\":\"ListItem\",\"position\":2,\"name\":\"Productos de Spa\",\"item\":\"https:\/\/c-m-p.com\/es\/productos-para-spa\/\"},{\"@type\":\"ListItem\",\"position\":3,\"name\":\"SKIMMERS Y FILTROS DE SPA\",\"item\":\"https:\/\/c-m-p.com\/es\/productos-para-spa\/skimmers-y-filtros\/\"},{\"@type\":\"ListItem\",\"position\":4,\"name\":\"Vertedero Fusion\"}]},{\"@type\":\"WebSite\",\"@id\":\"https:\/\/c-m-p.com\/#website\",\"url\":\"https:\/\/c-m-p.com\/\",\"name\":\"CMP\",\"description\":\"Pool Products, Spa and Hot Tub Products\",\"publisher\":{\"@id\":\"https:\/\/c-m-p.com\/#organization\"},\"potentialAction\":[{\"@type\":\"SearchAction\",\"target\":{\"@type\":\"EntryPoint\",\"urlTemplate\":\"https:\/\/c-m-p.com\/?s={search_term_string}\"},\"query-input\":{\"@type\":\"PropertyValueSpecification\",\"valueRequired\":true,\"valueName\":\"search_term_string\"}}],\"inLanguage\":\"es\"},{\"@type\":\"Organization\",\"@id\":\"https:\/\/c-m-p.com\/#organization\",\"name\":\"CMP Pool & Spa Products\",\"url\":\"https:\/\/c-m-p.com\/\",\"logo\":{\"@type\":\"ImageObject\",\"inLanguage\":\"es\",\"@id\":\"https:\/\/c-m-p.com\/#\/schema\/logo\/image\/\",\"url\":\"https:\/\/43ab809dfe.nxcli.io\/wp-content\/uploads\/2013\/10\/2013-CMP-Logo.jpg\",\"contentUrl\":\"https:\/\/43ab809dfe.nxcli.io\/wp-content\/uploads\/2013\/10\/2013-CMP-Logo.jpg\",\"width\":1000,\"height\":247,\"caption\":\"CMP Pool & Spa Products\"},\"image\":{\"@id\":\"https:\/\/c-m-p.com\/#\/schema\/logo\/image\/\"}}]}<\/script>\n<!-- \/ Yoast SEO plugin. -->","yoast_head_json":{"title":"Vertedero Fusion - CMP","robots":{"index":"index","follow":"follow","max-snippet":"max-snippet:-1","max-image-preview":"max-image-preview:large","max-video-preview":"max-video-preview:-1"},"canonical":"https:\/\/c-m-p.com\/es\/productos-para-spa\/skimmers-y-filtros\/vertedero-fusion\/","og_locale":"es_ES","og_type":"article","og_title":"Vertedero Fusion - CMP","og_description":"Fusion es nuestro nuevo sistema de vertedero con acceso frontal de 100-200 pies cuadrados. El nuevo vertedero es f\u00e1cil de instalar y usar. El dise\u00f1o tiene gran cantidad de pequeos detalles y caractersticas que agregarn animacin a cualquier composicin para jacuzzi. Para ms informacin sobre el sistema de vertedero Fusion, pngase en contacto con su... Read more &raquo;","og_url":"https:\/\/c-m-p.com\/es\/productos-para-spa\/skimmers-y-filtros\/vertedero-fusion\/","og_site_name":"CMP","article_modified_time":"2016-01-11T19:00:52+00:00","og_image":[{"url":"https:\/\/c-m-p.com\/wp-content\/uploads\/2014\/03\/gray-fusion-weir-feature.png","type":"","width":"","height":""}],"twitter_misc":{"Tiempo de lectura":"1 minuto"},"schema":{"@context":"https:\/\/schema.org","@graph":[{"@type":"WebPage","@id":"https:\/\/c-m-p.com\/es\/productos-para-spa\/skimmers-y-filtros\/vertedero-fusion\/","url":"https:\/\/c-m-p.com\/es\/productos-para-spa\/skimmers-y-filtros\/vertedero-fusion\/","name":"Vertedero Fusion - CMP","isPartOf":{"@id":"https:\/\/c-m-p.com\/#website"},"primaryImageOfPage":{"@id":"https:\/\/c-m-p.com\/es\/productos-para-spa\/skimmers-y-filtros\/vertedero-fusion\/#primaryimage"},"image":{"@id":"https:\/\/c-m-p.com\/es\/productos-para-spa\/skimmers-y-filtros\/vertedero-fusion\/#primaryimage"},"thumbnailUrl":"https:\/\/www.c-m-p.com\/wp-content\/uploads\/2014\/03\/gray-fusion-weir-feature.png","datePublished":"2015-12-07T21:03:02+00:00","dateModified":"2016-01-11T19:00:52+00:00","breadcrumb":{"@id":"https:\/\/c-m-p.com\/es\/productos-para-spa\/skimmers-y-filtros\/vertedero-fusion\/#breadcrumb"},"inLanguage":"es","potentialAction":[{"@type":"ReadAction","target":["https:\/\/c-m-p.com\/es\/productos-para-spa\/skimmers-y-filtros\/vertedero-fusion\/"]}]},{"@type":"ImageObject","inLanguage":"es","@id":"https:\/\/c-m-p.com\/es\/productos-para-spa\/skimmers-y-filtros\/vertedero-fusion\/#primaryimage","url":"https:\/\/www.c-m-p.com\/wp-content\/uploads\/2014\/03\/gray-fusion-weir-feature.png","contentUrl":"https:\/\/www.c-m-p.com\/wp-content\/uploads\/2014\/03\/gray-fusion-weir-feature.png"},{"@type":"BreadcrumbList","@id":"https:\/\/c-m-p.com\/es\/productos-para-spa\/skimmers-y-filtros\/vertedero-fusion\/#breadcrumb","itemListElement":[{"@type":"ListItem","position":1,"name":"Home","item":"https:\/\/c-m-p.com\/es\/"},{"@type":"ListItem","position":2,"name":"Productos de Spa","item":"https:\/\/c-m-p.com\/es\/productos-para-spa\/"},{"@type":"ListItem","position":3,"name":"SKIMMERS Y FILTROS DE SPA","item":"https:\/\/c-m-p.com\/es\/productos-para-spa\/skimmers-y-filtros\/"},{"@type":"ListItem","position":4,"name":"Vertedero Fusion"}]},{"@type":"WebSite","@id":"https:\/\/c-m-p.com\/#website","url":"https:\/\/c-m-p.com\/","name":"CMP","description":"Pool Products, Spa and Hot Tub Products","publisher":{"@id":"https:\/\/c-m-p.com\/#organization"},"potentialAction":[{"@type":"SearchAction","target":{"@type":"EntryPoint","urlTemplate":"https:\/\/c-m-p.com\/?s={search_term_string}"},"query-input":{"@type":"PropertyValueSpecification","valueRequired":true,"valueName":"search_term_string"}}],"inLanguage":"es"},{"@type":"Organization","@id":"https:\/\/c-m-p.com\/#organization","name":"CMP Pool & Spa Products","url":"https:\/\/c-m-p.com\/","logo":{"@type":"ImageObject","inLanguage":"es","@id":"https:\/\/c-m-p.com\/#\/schema\/logo\/image\/","url":"https:\/\/43ab809dfe.nxcli.io\/wp-content\/uploads\/2013\/10\/2013-CMP-Logo.jpg","contentUrl":"https:\/\/43ab809dfe.nxcli.io\/wp-content\/uploads\/2013\/10\/2013-CMP-Logo.jpg","width":1000,"height":247,"caption":"CMP Pool & Spa Products"},"image":{"@id":"https:\/\/c-m-p.com\/#\/schema\/logo\/image\/"}}]}},"_links":{"self":[{"href":"https:\/\/www.c-m-p.com\/es\/wp-json\/wp\/v2\/pages\/13145","targetHints":{"allow":["GET"]}}],"collection":[{"href":"https:\/\/www.c-m-p.com\/es\/wp-json\/wp\/v2\/pages"}],"about":[{"href":"https:\/\/www.c-m-p.com\/es\/wp-json\/wp\/v2\/types\/page"}],"author":[{"embeddable":true,"href":"https:\/\/www.c-m-p.com\/es\/wp-json\/wp\/v2\/users\/4"}],"replies":[{"embeddable":true,"href":"https:\/\/www.c-m-p.com\/es\/wp-json\/wp\/v2\/comments?post=13145"}],"version-history":[{"count":0,"href":"https:\/\/www.c-m-p.com\/es\/wp-json\/wp\/v2\/pages\/13145\/revisions"}],"up":[{"embeddable":true,"href":"https:\/\/www.c-m-p.com\/es\/wp-json\/wp\/v2\/pages\/68900"}],"wp:attachment":[{"href":"https:\/\/www.c-m-p.com\/es\/wp-json\/wp\/v2\/media?parent=13145"}],"curies":[{"name":"wp","href":"https:\/\/api.w.org\/{rel}","templated":true}]}}