{"id":13166,"date":"2014-03-20T09:31:25","date_gmt":"2014-03-20T14:31:25","guid":{"rendered":"https:\/\/43ab809dfe.nxcli.io\/catlogos-de-productos-de-cmp\/?lang=es"},"modified":"2016-12-16T15:33:36","modified_gmt":"2016-12-16T20:33:36","slug":"catlogos-de-productos-de-cmp","status":"publish","type":"page","link":"https:\/\/www.c-m-p.com\/es\/catlogos-de-productos-de-cmp\/","title":{"rendered":"Cat\u00e0logos de productos de CMP"},"content":{"rendered":"<p>Los cat\u00e0logos de CMP est\u00e1n dise\u00f1ados para ser una de las mejores herramientas de la industria. Incluyen fotograf\u00edas de alta calidad a todo color de los productos, un mejor dise\u00f1o de las p\u00e1ginas, m\u00e1s n\u00fameros de productos y mucho ms. Todo esto forma parte del punto central de atenci\u00f3n de la marca de nuestra compa\u00f1\u00eda, el cual se construye sobre la declaraci\u00f3n \u00abeverything matters\u00bb (todo importa).<\/p>\n<p>Nuestros cat\u00e0logos continuar\u00e1n siendo una herramienta que evoluciona, junto con el sitio web, para interactuar con todos los productos CMP y sus datos t\u00e9cnicos. Para solicitar un cat\u00e0logo nuevo de piscinas o spa,\u00a0<a title=\"Solicitar informacin\" href=\"https:\/\/www.c-m-p.com\/customer-service\/\"><span style=\"color: #ff0000;\">p\u00f3ngase en contacto con nuestro servicio de soporte al cliente<\/span><\/a><span style=\"color: #ff0000;\"><a title=\"Solicitar informacin\" href=\"https:\/\/www.c-m-p.com\/solicitar-informacin\/?lang=es\"><span style=\"color: #ff0000;\">.<\/span><\/a><\/span><\/p>\n","protected":false},"excerpt":{"rendered":"<p>Los cat\u00e0logos de CMP est\u00e1n dise\u00f1ados para ser una de las mejores herramientas de la industria. Incluyen fotograf\u00edas de alta calidad a todo color de los productos, un mejor dise\u00f1o de las p\u00e1ginas, m\u00e1s n\u00fameros de productos y mucho ms. Todo esto forma parte del punto central de atenci\u00f3n de la marca de nuestra compa\u00f1\u00eda,&#8230;  <a href=\"https:\/\/www.c-m-p.com\/es\/catlogos-de-productos-de-cmp\/\" title=\"Read Cat\u00e0logos de productos de CMP\">Read more &raquo;<\/a><\/p>\n","protected":false},"author":4,"featured_media":20172,"parent":0,"menu_order":0,"comment_status":"open","ping_status":"open","template":"templates\/collection_page.php","meta":{"_acf_changed":false,"_oasis_is_in_workflow":0,"_oasis_original":0,"_mi_skip_tracking":false,"_monsterinsights_sitenote_active":false,"_monsterinsights_sitenote_note":"","_monsterinsights_sitenote_category":0,"footnotes":""},"class_list":["post-13166","page","type-page","status-publish","has-post-thumbnail","hentry"],"acf":[],"yoast_head":"<!-- This site is optimized with the Yoast SEO plugin v27.2 - https:\/\/yoast.com\/product\/yoast-seo-wordpress\/ -->\n<title>Cat\u00e0logos de productos de CMP - CMP<\/title>\n<meta name=\"robots\" content=\"index, follow, max-snippet:-1, max-image-preview:large, max-video-preview:-1\" \/>\n<link rel=\"canonical\" href=\"https:\/\/c-m-p.com\/es\/catlogos-de-productos-de-cmp\/\" \/>\n<meta property=\"og:locale\" content=\"es_ES\" \/>\n<meta property=\"og:type\" content=\"article\" \/>\n<meta property=\"og:title\" content=\"Cat\u00e0logos de productos de CMP - CMP\" \/>\n<meta property=\"og:description\" content=\"Los cat\u00e0logos de CMP est\u00e1n dise\u00f1ados para ser una de las mejores herramientas de la industria. Incluyen fotograf\u00edas de alta calidad a todo color de los productos, un mejor dise\u00f1o de las p\u00e1ginas, m\u00e1s n\u00fameros de productos y mucho ms. Todo esto forma parte del punto central de atenci\u00f3n de la marca de nuestra compa\u00f1\u00eda,... Read more &raquo;\" \/>\n<meta property=\"og:url\" content=\"https:\/\/c-m-p.com\/es\/catlogos-de-productos-de-cmp\/\" \/>\n<meta property=\"og:site_name\" content=\"CMP\" \/>\n<meta property=\"article:modified_time\" content=\"2016-12-16T20:33:36+00:00\" \/>\n<meta property=\"og:image\" content=\"https:\/\/c-m-p.com\/wp-content\/uploads\/2014\/03\/generic-catalog-feature-image.png\" \/>\n\t<meta property=\"og:image:width\" content=\"600\" \/>\n\t<meta property=\"og:image:height\" content=\"334\" \/>\n\t<meta property=\"og:image:type\" content=\"image\/png\" \/>\n<meta name=\"twitter:label1\" content=\"Tiempo de lectura\" \/>\n\t<meta name=\"twitter:data1\" content=\"1 minuto\" \/>\n<script type=\"application\/ld+json\" class=\"yoast-schema-graph\">{\"@context\":\"https:\/\/schema.org\",\"@graph\":[{\"@type\":\"WebPage\",\"@id\":\"https:\/\/c-m-p.com\/es\/catlogos-de-productos-de-cmp\/\",\"url\":\"https:\/\/c-m-p.com\/es\/catlogos-de-productos-de-cmp\/\",\"name\":\"Cat\u00e0logos de productos de CMP - CMP\",\"isPartOf\":{\"@id\":\"https:\/\/c-m-p.com\/#website\"},\"primaryImageOfPage\":{\"@id\":\"https:\/\/c-m-p.com\/es\/catlogos-de-productos-de-cmp\/#primaryimage\"},\"image\":{\"@id\":\"https:\/\/c-m-p.com\/es\/catlogos-de-productos-de-cmp\/#primaryimage\"},\"thumbnailUrl\":\"https:\/\/www.c-m-p.com\/wp-content\/uploads\/2014\/03\/generic-catalog-feature-image.png\",\"datePublished\":\"2014-03-20T14:31:25+00:00\",\"dateModified\":\"2016-12-16T20:33:36+00:00\",\"breadcrumb\":{\"@id\":\"https:\/\/c-m-p.com\/es\/catlogos-de-productos-de-cmp\/#breadcrumb\"},\"inLanguage\":\"es\",\"potentialAction\":[{\"@type\":\"ReadAction\",\"target\":[\"https:\/\/c-m-p.com\/es\/catlogos-de-productos-de-cmp\/\"]}]},{\"@type\":\"ImageObject\",\"inLanguage\":\"es\",\"@id\":\"https:\/\/c-m-p.com\/es\/catlogos-de-productos-de-cmp\/#primaryimage\",\"url\":\"https:\/\/www.c-m-p.com\/wp-content\/uploads\/2014\/03\/generic-catalog-feature-image.png\",\"contentUrl\":\"https:\/\/www.c-m-p.com\/wp-content\/uploads\/2014\/03\/generic-catalog-feature-image.png\",\"width\":600,\"height\":334},{\"@type\":\"BreadcrumbList\",\"@id\":\"https:\/\/c-m-p.com\/es\/catlogos-de-productos-de-cmp\/#breadcrumb\",\"itemListElement\":[{\"@type\":\"ListItem\",\"position\":1,\"name\":\"Home\",\"item\":\"https:\/\/c-m-p.com\/es\/\"},{\"@type\":\"ListItem\",\"position\":2,\"name\":\"Cat\u00e0logos de productos de CMP\"}]},{\"@type\":\"WebSite\",\"@id\":\"https:\/\/c-m-p.com\/#website\",\"url\":\"https:\/\/c-m-p.com\/\",\"name\":\"CMP\",\"description\":\"Pool Products, Spa and Hot Tub Products\",\"publisher\":{\"@id\":\"https:\/\/c-m-p.com\/#organization\"},\"potentialAction\":[{\"@type\":\"SearchAction\",\"target\":{\"@type\":\"EntryPoint\",\"urlTemplate\":\"https:\/\/c-m-p.com\/?s={search_term_string}\"},\"query-input\":{\"@type\":\"PropertyValueSpecification\",\"valueRequired\":true,\"valueName\":\"search_term_string\"}}],\"inLanguage\":\"es\"},{\"@type\":\"Organization\",\"@id\":\"https:\/\/c-m-p.com\/#organization\",\"name\":\"CMP Pool & Spa Products\",\"url\":\"https:\/\/c-m-p.com\/\",\"logo\":{\"@type\":\"ImageObject\",\"inLanguage\":\"es\",\"@id\":\"https:\/\/c-m-p.com\/#\/schema\/logo\/image\/\",\"url\":\"https:\/\/43ab809dfe.nxcli.io\/wp-content\/uploads\/2013\/10\/2013-CMP-Logo.jpg\",\"contentUrl\":\"https:\/\/43ab809dfe.nxcli.io\/wp-content\/uploads\/2013\/10\/2013-CMP-Logo.jpg\",\"width\":1000,\"height\":247,\"caption\":\"CMP Pool & Spa Products\"},\"image\":{\"@id\":\"https:\/\/c-m-p.com\/#\/schema\/logo\/image\/\"}}]}<\/script>\n<!-- \/ Yoast SEO plugin. -->","yoast_head_json":{"title":"Cat\u00e0logos de productos de CMP - CMP","robots":{"index":"index","follow":"follow","max-snippet":"max-snippet:-1","max-image-preview":"max-image-preview:large","max-video-preview":"max-video-preview:-1"},"canonical":"https:\/\/c-m-p.com\/es\/catlogos-de-productos-de-cmp\/","og_locale":"es_ES","og_type":"article","og_title":"Cat\u00e0logos de productos de CMP - CMP","og_description":"Los cat\u00e0logos de CMP est\u00e1n dise\u00f1ados para ser una de las mejores herramientas de la industria. Incluyen fotograf\u00edas de alta calidad a todo color de los productos, un mejor dise\u00f1o de las p\u00e1ginas, m\u00e1s n\u00fameros de productos y mucho ms. Todo esto forma parte del punto central de atenci\u00f3n de la marca de nuestra compa\u00f1\u00eda,... Read more &raquo;","og_url":"https:\/\/c-m-p.com\/es\/catlogos-de-productos-de-cmp\/","og_site_name":"CMP","article_modified_time":"2016-12-16T20:33:36+00:00","og_image":[{"width":600,"height":334,"url":"https:\/\/c-m-p.com\/wp-content\/uploads\/2014\/03\/generic-catalog-feature-image.png","type":"image\/png"}],"twitter_misc":{"Tiempo de lectura":"1 minuto"},"schema":{"@context":"https:\/\/schema.org","@graph":[{"@type":"WebPage","@id":"https:\/\/c-m-p.com\/es\/catlogos-de-productos-de-cmp\/","url":"https:\/\/c-m-p.com\/es\/catlogos-de-productos-de-cmp\/","name":"Cat\u00e0logos de productos de CMP - CMP","isPartOf":{"@id":"https:\/\/c-m-p.com\/#website"},"primaryImageOfPage":{"@id":"https:\/\/c-m-p.com\/es\/catlogos-de-productos-de-cmp\/#primaryimage"},"image":{"@id":"https:\/\/c-m-p.com\/es\/catlogos-de-productos-de-cmp\/#primaryimage"},"thumbnailUrl":"https:\/\/www.c-m-p.com\/wp-content\/uploads\/2014\/03\/generic-catalog-feature-image.png","datePublished":"2014-03-20T14:31:25+00:00","dateModified":"2016-12-16T20:33:36+00:00","breadcrumb":{"@id":"https:\/\/c-m-p.com\/es\/catlogos-de-productos-de-cmp\/#breadcrumb"},"inLanguage":"es","potentialAction":[{"@type":"ReadAction","target":["https:\/\/c-m-p.com\/es\/catlogos-de-productos-de-cmp\/"]}]},{"@type":"ImageObject","inLanguage":"es","@id":"https:\/\/c-m-p.com\/es\/catlogos-de-productos-de-cmp\/#primaryimage","url":"https:\/\/www.c-m-p.com\/wp-content\/uploads\/2014\/03\/generic-catalog-feature-image.png","contentUrl":"https:\/\/www.c-m-p.com\/wp-content\/uploads\/2014\/03\/generic-catalog-feature-image.png","width":600,"height":334},{"@type":"BreadcrumbList","@id":"https:\/\/c-m-p.com\/es\/catlogos-de-productos-de-cmp\/#breadcrumb","itemListElement":[{"@type":"ListItem","position":1,"name":"Home","item":"https:\/\/c-m-p.com\/es\/"},{"@type":"ListItem","position":2,"name":"Cat\u00e0logos de productos de CMP"}]},{"@type":"WebSite","@id":"https:\/\/c-m-p.com\/#website","url":"https:\/\/c-m-p.com\/","name":"CMP","description":"Pool Products, Spa and Hot Tub Products","publisher":{"@id":"https:\/\/c-m-p.com\/#organization"},"potentialAction":[{"@type":"SearchAction","target":{"@type":"EntryPoint","urlTemplate":"https:\/\/c-m-p.com\/?s={search_term_string}"},"query-input":{"@type":"PropertyValueSpecification","valueRequired":true,"valueName":"search_term_string"}}],"inLanguage":"es"},{"@type":"Organization","@id":"https:\/\/c-m-p.com\/#organization","name":"CMP Pool & Spa Products","url":"https:\/\/c-m-p.com\/","logo":{"@type":"ImageObject","inLanguage":"es","@id":"https:\/\/c-m-p.com\/#\/schema\/logo\/image\/","url":"https:\/\/43ab809dfe.nxcli.io\/wp-content\/uploads\/2013\/10\/2013-CMP-Logo.jpg","contentUrl":"https:\/\/43ab809dfe.nxcli.io\/wp-content\/uploads\/2013\/10\/2013-CMP-Logo.jpg","width":1000,"height":247,"caption":"CMP Pool & Spa Products"},"image":{"@id":"https:\/\/c-m-p.com\/#\/schema\/logo\/image\/"}}]}},"_links":{"self":[{"href":"https:\/\/www.c-m-p.com\/es\/wp-json\/wp\/v2\/pages\/13166","targetHints":{"allow":["GET"]}}],"collection":[{"href":"https:\/\/www.c-m-p.com\/es\/wp-json\/wp\/v2\/pages"}],"about":[{"href":"https:\/\/www.c-m-p.com\/es\/wp-json\/wp\/v2\/types\/page"}],"author":[{"embeddable":true,"href":"https:\/\/www.c-m-p.com\/es\/wp-json\/wp\/v2\/users\/4"}],"replies":[{"embeddable":true,"href":"https:\/\/www.c-m-p.com\/es\/wp-json\/wp\/v2\/comments?post=13166"}],"version-history":[{"count":0,"href":"https:\/\/www.c-m-p.com\/es\/wp-json\/wp\/v2\/pages\/13166\/revisions"}],"wp:featuredmedia":[{"embeddable":true,"href":"https:\/\/www.c-m-p.com\/es\/wp-json\/wp\/v2\/media\/20172"}],"wp:attachment":[{"href":"https:\/\/www.c-m-p.com\/es\/wp-json\/wp\/v2\/media?parent=13166"}],"curies":[{"name":"wp","href":"https:\/\/api.w.org\/{rel}","templated":true}]}}