{"id":13945,"date":"2013-05-21T14:03:18","date_gmt":"2013-05-21T19:03:18","guid":{"rendered":"https:\/\/43ab809dfe.nxcli.io\/sobre-nosotros\/?lang=es"},"modified":"2016-03-04T12:07:25","modified_gmt":"2016-03-04T17:07:25","slug":"sobre-nosotros","status":"publish","type":"page","link":"https:\/\/www.c-m-p.com\/es\/sobre-nosotros\/","title":{"rendered":"Sobre nosotros"},"content":{"rendered":"<h1 style=\"font-size: 4em; font-weight: 100; color: #9e9e9e; line-height: 1.3em; text-align: center;\">SOMOS UN EXCELENTE PROVEEDOR DE PRODUCTOS PARA PISCINA, SPA Y BA\u00d1O Y REALMENTE CREEMOS QUE LA DIFERENCIA EST EN LOS DETALLES.<\/h1>\n<p>Los profesionales de las industrias de piscinas, spas y ba\u00f1o de todo el mundo conf\u00edan en CMP. Si usted es dise\u00f1ador de spas, constructor de piscinas, fabricante de baeras o dueo de un comercio minorista, puede confiar en los productos, servicios y soporte de CMP. Realmente creemos que la diferencia est\u00e1 en los detalles. Nuestro nuevo eslogan \u00abeverything matters\u00bb (todo importa) es nuestra manera de consolidar esta idea en lo m\u00e1s profundo de quienes somos como organizaci\u00f3n. CMP crece exponencialmente como proveedor mundial de las industrias de piscinas, spas y ba\u00f1o. Comprender y satisfacer las necesidades de nuestros clientes requiere de una visi\u00f3n centrada en lo que nos hizo crecer tanto.<\/p>\n<h2>LOS INICIOS<\/h2>\n<p>Dos amigos en una residencia estudiantil universitaria fundaron CMP con una simple idea: \u00abCuidemos a nuestros clientes y ellos cuidar\u00e1n de nosotros.\u00bb Esta sencilla idea ha demostrado ser un excelente plan de negocios. CMP ha crecido radicalmente y cada vez m\u00e1s profesionales de la industria conf\u00edan en nosotros para el suministro de los componentes para piscinas, spas y ba\u00f1os. Queremos expresar nuestro sincero agradecimiento a nuestros clientes. Nos complace trabajar en equipo con usted y le agradecemos la confianza depositada en nosotros para satisfacer sus necesidades comerciales.<\/p>\n<div class=\"technology-item image-right clearfix\" style=\"margin: 10em 0 12em 0;\">\n<div class=\"image\"><img loading=\"lazy\" decoding=\"async\" style=\"max-height: 500px;\" title=\"Certificaciones de CMP\" src=\"https:\/\/www.c-m-p.com\/wp-content\/uploads\/2013\/10\/2013-CMP-Logo_Lockup-w-Strapline.png\" alt=\"Certificaciones de CMP\" width=\"682\" height=\"1024\" \/><\/div>\n<div class=\"content\">\n<div class=\"title\">EVERYTHING MATTERS<\/div>\n<p>Comprender y dar prioridad a las necesidades exclusivas de cada cliente es nuestra receta para alcanzar el xito.Nuestro extraordinario personal de soporte siempre est\u00e1 listo para ayudar a cada cliente. El equipo de dise\u00f1o e ingenier\u00eda de CMP mejora, actualiza e innova de manera constante. Tras bastidores, nuestros expertos en log\u00edstica y transporte se aseguran de que los productos est\u00e1n listos para enviar a tiempo. <span style=\"color: #d43731;\"><a title=\"Servicio excepcional\" href=\"https:\/\/www.c-m-p.com\/sobre-nosotros\/servicio-excepcional\/?lang=es\"><span style=\"color: #d43731;\">Obtenga m\u00e1s informaci\u00f3n sobre nuestro extraordinario personal de soporte.<\/span><\/a><\/span><\/p>\n<\/div>\n<div class=\"clearfix\"><\/div>\n<\/div>\n<div class=\"technology-item image-left clearfix\" style=\"margin: 10em 0 12em 0;\">\n<div class=\"image\"><img loading=\"lazy\" decoding=\"async\" style=\"max-height: 500px;\" title=\"Capacidad global de CMP\" src=\"https:\/\/www.c-m-p.com\/wp-content\/uploads\/2013\/11\/location-collage-corporate.jpg\" alt=\"Produccin global de CMP\" width=\"682\" height=\"1024\" \/><\/div>\n<div class=\"content\">\n<div class=\"title\">Seguimos creciendo<\/div>\n<p>El aumento de producci\u00f3n y de instalaciones nos permite satisfacer la creciente demanda de usted, nuestro cliente. Las nuevas oficinas centrales corporativas internacionales de CMP cerca de Atlanta duplican el tama\u00f1o de nuestros almacenes, y as el personal de ingenier\u00eda, ventas y soporte tambi\u00e9n puede disfrutar de un espacio de trabajo mejorado. Expandimos nuestra capacidad de fabricaci\u00f3n en los Estados Unidos gracias a un nuevo centro de fabricaci\u00f3n en Georgia, que ya produce piezas. <span style=\"color: #d43731;\"><a title=\"Suministro confiable\" href=\"https:\/\/www.c-m-p.com\/sobre-nosotros\/suministro-confiable\/?lang=es\"><span style=\"color: #d43731;\">Obtenga m\u00e1s informaci\u00f3n sobre la log\u00edstica y las ubicaciones de CMP.<\/span><\/a> <\/span><\/p>\n<\/div>\n<div class=\"clearfix\"><\/div>\n<\/div>\n<div class=\"technology-item image-right clearfix\" style=\"margin: 10em 0 12em 0;\">\n<div class=\"image\"><img decoding=\"async\" style=\"max-height: 500px;\" title=\"Certificaciones de CMP\" src=\"https:\/\/www.c-m-p.com\/wp-content\/uploads\/2013\/11\/Growing-Hex1.png\" alt=\"Certificaciones de CMP\" \/><\/div>\n<div class=\"content\">\n<div class=\"title\">TRABAJAMOS CON NUESTROS CLIENTES PARA CREAR SOLUCIONES INNOVADORAS<\/div>\n<p>Al presentar un nuevo producto, nuestro objetivo es crear programas y l\u00edneas de productos rentables para nuestros socios. Esto se ve reflejado en programas de dise\u00f1o flexible para spa, una amplia l\u00ednea de piezas de repuesto para piscinas, una lnea completa de productos para ba\u00f1eras de hidromasaje y nuestra creciente colecci\u00f3n de estructuras ornamentales de agua que mejoran los programas de dise\u00f1o. Para proporcionar los mejores resultados, utilizamos lo \u00faltimo en procesos de ingenier\u00eda y dise\u00f1o, con un dise\u00f1ador industrial interno para guiar el proceso. En CMP, expandimos nuestra capacidad de evaluaci\u00f3n y desarrollo de prototipos en el lugar, reforzandola con un desarrollo de la marca que complementa nuestros dise\u00f1os de productos. <span style=\"color: #d43731;\"><a title=\"Productos de calidad\" href=\"https:\/\/www.c-m-p.com\/sobre-nosotros\/productos-de-calidad\/?lang=es\"><span style=\"color: #d43731;\">Obtenga m\u00e1s informaci\u00f3n sobre nuestros productos de calidad.<\/span><\/a><\/span><\/p>\n<\/div>\n<div class=\"clearfix\"><\/div>\n<\/div>\n","protected":false},"excerpt":{"rendered":"<p>SOMOS UN EXCELENTE PROVEEDOR DE PRODUCTOS PARA PISCINA, SPA Y BA\u00d1O Y REALMENTE CREEMOS QUE LA DIFERENCIA EST EN LOS DETALLES. Los profesionales de las industrias de piscinas, spas y ba\u00f1o de todo el mundo conf\u00edan en CMP. Si usted es dise\u00f1ador de spas, constructor de piscinas, fabricante de baeras o dueo de un comercio&#8230;  <a href=\"https:\/\/www.c-m-p.com\/es\/sobre-nosotros\/\" title=\"Read Sobre nosotros\">Read more &raquo;<\/a><\/p>\n","protected":false},"author":1,"featured_media":0,"parent":0,"menu_order":0,"comment_status":"open","ping_status":"closed","template":"","meta":{"_acf_changed":false,"_oasis_is_in_workflow":0,"_oasis_original":0,"_mi_skip_tracking":false,"_monsterinsights_sitenote_active":false,"_monsterinsights_sitenote_note":"","_monsterinsights_sitenote_category":0,"footnotes":""},"class_list":["post-13945","page","type-page","status-publish","hentry"],"acf":[],"yoast_head":"<!-- This site is optimized with the Yoast SEO plugin v27.2 - https:\/\/yoast.com\/product\/yoast-seo-wordpress\/ -->\n<title>Sobre nosotros - CMP<\/title>\n<meta name=\"robots\" content=\"index, follow, max-snippet:-1, max-image-preview:large, max-video-preview:-1\" \/>\n<link rel=\"canonical\" href=\"https:\/\/c-m-p.com\/es\/sobre-nosotros\/\" \/>\n<meta property=\"og:locale\" content=\"es_ES\" \/>\n<meta property=\"og:type\" content=\"article\" \/>\n<meta property=\"og:title\" content=\"Sobre nosotros - CMP\" \/>\n<meta property=\"og:description\" content=\"SOMOS UN EXCELENTE PROVEEDOR DE PRODUCTOS PARA PISCINA, SPA Y BA\u00d1O Y REALMENTE CREEMOS QUE LA DIFERENCIA EST EN LOS DETALLES. Los profesionales de las industrias de piscinas, spas y ba\u00f1o de todo el mundo conf\u00edan en CMP. Si usted es dise\u00f1ador de spas, constructor de piscinas, fabricante de baeras o dueo de un comercio... Read more &raquo;\" \/>\n<meta property=\"og:url\" content=\"https:\/\/c-m-p.com\/es\/sobre-nosotros\/\" \/>\n<meta property=\"og:site_name\" content=\"CMP\" \/>\n<meta property=\"article:modified_time\" content=\"2016-03-04T17:07:25+00:00\" \/>\n<meta property=\"og:image\" content=\"https:\/\/c-m-p.com\/wp-content\/uploads\/2013\/10\/2013-CMP-Logo_Lockup-w-Strapline.png\" \/>\n<meta name=\"twitter:label1\" content=\"Tiempo de lectura\" \/>\n\t<meta name=\"twitter:data1\" content=\"3 minutos\" \/>\n<script type=\"application\/ld+json\" class=\"yoast-schema-graph\">{\"@context\":\"https:\/\/schema.org\",\"@graph\":[{\"@type\":\"WebPage\",\"@id\":\"https:\/\/c-m-p.com\/es\/sobre-nosotros\/\",\"url\":\"https:\/\/c-m-p.com\/es\/sobre-nosotros\/\",\"name\":\"Sobre nosotros - CMP\",\"isPartOf\":{\"@id\":\"https:\/\/c-m-p.com\/#website\"},\"primaryImageOfPage\":{\"@id\":\"https:\/\/c-m-p.com\/es\/sobre-nosotros\/#primaryimage\"},\"image\":{\"@id\":\"https:\/\/c-m-p.com\/es\/sobre-nosotros\/#primaryimage\"},\"thumbnailUrl\":\"https:\/\/www.c-m-p.com\/wp-content\/uploads\/2013\/10\/2013-CMP-Logo_Lockup-w-Strapline.png\",\"datePublished\":\"2013-05-21T19:03:18+00:00\",\"dateModified\":\"2016-03-04T17:07:25+00:00\",\"breadcrumb\":{\"@id\":\"https:\/\/c-m-p.com\/es\/sobre-nosotros\/#breadcrumb\"},\"inLanguage\":\"es\",\"potentialAction\":[{\"@type\":\"ReadAction\",\"target\":[\"https:\/\/c-m-p.com\/es\/sobre-nosotros\/\"]}]},{\"@type\":\"ImageObject\",\"inLanguage\":\"es\",\"@id\":\"https:\/\/c-m-p.com\/es\/sobre-nosotros\/#primaryimage\",\"url\":\"https:\/\/www.c-m-p.com\/wp-content\/uploads\/2013\/10\/2013-CMP-Logo_Lockup-w-Strapline.png\",\"contentUrl\":\"https:\/\/www.c-m-p.com\/wp-content\/uploads\/2013\/10\/2013-CMP-Logo_Lockup-w-Strapline.png\"},{\"@type\":\"BreadcrumbList\",\"@id\":\"https:\/\/c-m-p.com\/es\/sobre-nosotros\/#breadcrumb\",\"itemListElement\":[{\"@type\":\"ListItem\",\"position\":1,\"name\":\"Home\",\"item\":\"https:\/\/c-m-p.com\/es\/\"},{\"@type\":\"ListItem\",\"position\":2,\"name\":\"Sobre nosotros\"}]},{\"@type\":\"WebSite\",\"@id\":\"https:\/\/c-m-p.com\/#website\",\"url\":\"https:\/\/c-m-p.com\/\",\"name\":\"CMP\",\"description\":\"Pool Products, Spa and Hot Tub Products\",\"publisher\":{\"@id\":\"https:\/\/c-m-p.com\/#organization\"},\"potentialAction\":[{\"@type\":\"SearchAction\",\"target\":{\"@type\":\"EntryPoint\",\"urlTemplate\":\"https:\/\/c-m-p.com\/?s={search_term_string}\"},\"query-input\":{\"@type\":\"PropertyValueSpecification\",\"valueRequired\":true,\"valueName\":\"search_term_string\"}}],\"inLanguage\":\"es\"},{\"@type\":\"Organization\",\"@id\":\"https:\/\/c-m-p.com\/#organization\",\"name\":\"CMP Pool & Spa Products\",\"url\":\"https:\/\/c-m-p.com\/\",\"logo\":{\"@type\":\"ImageObject\",\"inLanguage\":\"es\",\"@id\":\"https:\/\/c-m-p.com\/#\/schema\/logo\/image\/\",\"url\":\"https:\/\/43ab809dfe.nxcli.io\/wp-content\/uploads\/2013\/10\/2013-CMP-Logo.jpg\",\"contentUrl\":\"https:\/\/43ab809dfe.nxcli.io\/wp-content\/uploads\/2013\/10\/2013-CMP-Logo.jpg\",\"width\":1000,\"height\":247,\"caption\":\"CMP Pool & Spa Products\"},\"image\":{\"@id\":\"https:\/\/c-m-p.com\/#\/schema\/logo\/image\/\"}}]}<\/script>\n<!-- \/ Yoast SEO plugin. -->","yoast_head_json":{"title":"Sobre nosotros - CMP","robots":{"index":"index","follow":"follow","max-snippet":"max-snippet:-1","max-image-preview":"max-image-preview:large","max-video-preview":"max-video-preview:-1"},"canonical":"https:\/\/c-m-p.com\/es\/sobre-nosotros\/","og_locale":"es_ES","og_type":"article","og_title":"Sobre nosotros - CMP","og_description":"SOMOS UN EXCELENTE PROVEEDOR DE PRODUCTOS PARA PISCINA, SPA Y BA\u00d1O Y REALMENTE CREEMOS QUE LA DIFERENCIA EST EN LOS DETALLES. Los profesionales de las industrias de piscinas, spas y ba\u00f1o de todo el mundo conf\u00edan en CMP. Si usted es dise\u00f1ador de spas, constructor de piscinas, fabricante de baeras o dueo de un comercio... Read more &raquo;","og_url":"https:\/\/c-m-p.com\/es\/sobre-nosotros\/","og_site_name":"CMP","article_modified_time":"2016-03-04T17:07:25+00:00","og_image":[{"url":"https:\/\/c-m-p.com\/wp-content\/uploads\/2013\/10\/2013-CMP-Logo_Lockup-w-Strapline.png","type":"","width":"","height":""}],"twitter_misc":{"Tiempo de lectura":"3 minutos"},"schema":{"@context":"https:\/\/schema.org","@graph":[{"@type":"WebPage","@id":"https:\/\/c-m-p.com\/es\/sobre-nosotros\/","url":"https:\/\/c-m-p.com\/es\/sobre-nosotros\/","name":"Sobre nosotros - CMP","isPartOf":{"@id":"https:\/\/c-m-p.com\/#website"},"primaryImageOfPage":{"@id":"https:\/\/c-m-p.com\/es\/sobre-nosotros\/#primaryimage"},"image":{"@id":"https:\/\/c-m-p.com\/es\/sobre-nosotros\/#primaryimage"},"thumbnailUrl":"https:\/\/www.c-m-p.com\/wp-content\/uploads\/2013\/10\/2013-CMP-Logo_Lockup-w-Strapline.png","datePublished":"2013-05-21T19:03:18+00:00","dateModified":"2016-03-04T17:07:25+00:00","breadcrumb":{"@id":"https:\/\/c-m-p.com\/es\/sobre-nosotros\/#breadcrumb"},"inLanguage":"es","potentialAction":[{"@type":"ReadAction","target":["https:\/\/c-m-p.com\/es\/sobre-nosotros\/"]}]},{"@type":"ImageObject","inLanguage":"es","@id":"https:\/\/c-m-p.com\/es\/sobre-nosotros\/#primaryimage","url":"https:\/\/www.c-m-p.com\/wp-content\/uploads\/2013\/10\/2013-CMP-Logo_Lockup-w-Strapline.png","contentUrl":"https:\/\/www.c-m-p.com\/wp-content\/uploads\/2013\/10\/2013-CMP-Logo_Lockup-w-Strapline.png"},{"@type":"BreadcrumbList","@id":"https:\/\/c-m-p.com\/es\/sobre-nosotros\/#breadcrumb","itemListElement":[{"@type":"ListItem","position":1,"name":"Home","item":"https:\/\/c-m-p.com\/es\/"},{"@type":"ListItem","position":2,"name":"Sobre nosotros"}]},{"@type":"WebSite","@id":"https:\/\/c-m-p.com\/#website","url":"https:\/\/c-m-p.com\/","name":"CMP","description":"Pool Products, Spa and Hot Tub Products","publisher":{"@id":"https:\/\/c-m-p.com\/#organization"},"potentialAction":[{"@type":"SearchAction","target":{"@type":"EntryPoint","urlTemplate":"https:\/\/c-m-p.com\/?s={search_term_string}"},"query-input":{"@type":"PropertyValueSpecification","valueRequired":true,"valueName":"search_term_string"}}],"inLanguage":"es"},{"@type":"Organization","@id":"https:\/\/c-m-p.com\/#organization","name":"CMP Pool & Spa Products","url":"https:\/\/c-m-p.com\/","logo":{"@type":"ImageObject","inLanguage":"es","@id":"https:\/\/c-m-p.com\/#\/schema\/logo\/image\/","url":"https:\/\/43ab809dfe.nxcli.io\/wp-content\/uploads\/2013\/10\/2013-CMP-Logo.jpg","contentUrl":"https:\/\/43ab809dfe.nxcli.io\/wp-content\/uploads\/2013\/10\/2013-CMP-Logo.jpg","width":1000,"height":247,"caption":"CMP Pool & Spa Products"},"image":{"@id":"https:\/\/c-m-p.com\/#\/schema\/logo\/image\/"}}]}},"_links":{"self":[{"href":"https:\/\/www.c-m-p.com\/es\/wp-json\/wp\/v2\/pages\/13945","targetHints":{"allow":["GET"]}}],"collection":[{"href":"https:\/\/www.c-m-p.com\/es\/wp-json\/wp\/v2\/pages"}],"about":[{"href":"https:\/\/www.c-m-p.com\/es\/wp-json\/wp\/v2\/types\/page"}],"author":[{"embeddable":true,"href":"https:\/\/www.c-m-p.com\/es\/wp-json\/wp\/v2\/users\/1"}],"replies":[{"embeddable":true,"href":"https:\/\/www.c-m-p.com\/es\/wp-json\/wp\/v2\/comments?post=13945"}],"version-history":[{"count":0,"href":"https:\/\/www.c-m-p.com\/es\/wp-json\/wp\/v2\/pages\/13945\/revisions"}],"wp:attachment":[{"href":"https:\/\/www.c-m-p.com\/es\/wp-json\/wp\/v2\/media?parent=13945"}],"curies":[{"name":"wp","href":"https:\/\/api.w.org\/{rel}","templated":true}]}}