{"id":13964,"date":"2013-10-04T19:09:07","date_gmt":"2013-10-05T00:09:07","guid":{"rendered":"https:\/\/43ab809dfe.nxcli.io\/controles-de-aire-2\/?lang=es"},"modified":"2018-05-10T09:07:48","modified_gmt":"2018-05-10T14:07:48","slug":"controles-de-aire-2","status":"publish","type":"page","link":"https:\/\/www.c-m-p.com\/es\/productos-para-bao\/controles-de-aire-2\/","title":{"rendered":"Controles de aire"},"content":{"rendered":"<p>Tenemos una selecci\u00f3n de calidad de controles de aire para ba\u00f1eras de hidromasaje, que incluyen los controles de aire enrasados de nuestra nueva marca S\u014cL. Los controles S\u014cL, como parte de nuestra l\u00ednea completa que incluye chorros y elementos de succi\u00f3n, le imparten a su ba\u00f1o una apariencia y sensaci\u00f3n de inspiraci\u00f3n europea.<\/p>\n","protected":false},"excerpt":{"rendered":"<p>Tenemos una selecci\u00f3n de calidad de controles de aire para ba\u00f1eras de hidromasaje, que incluyen los controles de aire enrasados de nuestra nueva marca S\u014cL. Los controles S\u014cL, como parte de nuestra l\u00ednea completa que incluye chorros y elementos de succi\u00f3n, le imparten a su ba\u00f1o una apariencia y sensaci\u00f3n de inspiraci\u00f3n europea.<\/p>\n","protected":false},"author":1,"featured_media":18398,"parent":14040,"menu_order":300,"comment_status":"open","ping_status":"open","template":"templates\/collection_page.php","meta":{"_acf_changed":false,"_oasis_is_in_workflow":0,"_oasis_original":0,"_mi_skip_tracking":false,"_monsterinsights_sitenote_active":false,"_monsterinsights_sitenote_note":"","_monsterinsights_sitenote_category":0,"footnotes":""},"class_list":["post-13964","page","type-page","status-publish","has-post-thumbnail","hentry"],"acf":[],"yoast_head":"<!-- This site is optimized with the Yoast SEO plugin v27.2 - https:\/\/yoast.com\/product\/yoast-seo-wordpress\/ -->\n<title>Controles de aire - CMP<\/title>\n<meta name=\"robots\" content=\"index, follow, max-snippet:-1, max-image-preview:large, max-video-preview:-1\" \/>\n<link rel=\"canonical\" href=\"https:\/\/c-m-p.com\/es\/productos-para-bao\/controles-de-aire-2\/\" \/>\n<meta property=\"og:locale\" content=\"es_ES\" \/>\n<meta property=\"og:type\" content=\"article\" \/>\n<meta property=\"og:title\" content=\"Controles de aire - CMP\" \/>\n<meta property=\"og:description\" content=\"Tenemos una selecci\u00f3n de calidad de controles de aire para ba\u00f1eras de hidromasaje, que incluyen los controles de aire enrasados de nuestra nueva marca S\u014cL. Los controles S\u014cL, como parte de nuestra l\u00ednea completa que incluye chorros y elementos de succi\u00f3n, le imparten a su ba\u00f1o una apariencia y sensaci\u00f3n de inspiraci\u00f3n europea.\" \/>\n<meta property=\"og:url\" content=\"https:\/\/c-m-p.com\/es\/productos-para-bao\/controles-de-aire-2\/\" \/>\n<meta property=\"og:site_name\" content=\"CMP\" \/>\n<meta property=\"article:modified_time\" content=\"2018-05-10T14:07:48+00:00\" \/>\n<meta property=\"og:image\" content=\"https:\/\/c-m-p.com\/wp-content\/uploads\/2013\/10\/sol-air-control-feature.png\" \/>\n\t<meta property=\"og:image:width\" content=\"600\" \/>\n\t<meta property=\"og:image:height\" content=\"334\" \/>\n\t<meta property=\"og:image:type\" content=\"image\/png\" \/>\n<script type=\"application\/ld+json\" class=\"yoast-schema-graph\">{\"@context\":\"https:\/\/schema.org\",\"@graph\":[{\"@type\":\"WebPage\",\"@id\":\"https:\/\/c-m-p.com\/es\/productos-para-bao\/controles-de-aire-2\/\",\"url\":\"https:\/\/c-m-p.com\/es\/productos-para-bao\/controles-de-aire-2\/\",\"name\":\"Controles de aire - CMP\",\"isPartOf\":{\"@id\":\"https:\/\/c-m-p.com\/#website\"},\"primaryImageOfPage\":{\"@id\":\"https:\/\/c-m-p.com\/es\/productos-para-bao\/controles-de-aire-2\/#primaryimage\"},\"image\":{\"@id\":\"https:\/\/c-m-p.com\/es\/productos-para-bao\/controles-de-aire-2\/#primaryimage\"},\"thumbnailUrl\":\"https:\/\/www.c-m-p.com\/wp-content\/uploads\/2013\/10\/sol-air-control-feature.png\",\"datePublished\":\"2013-10-05T00:09:07+00:00\",\"dateModified\":\"2018-05-10T14:07:48+00:00\",\"breadcrumb\":{\"@id\":\"https:\/\/c-m-p.com\/es\/productos-para-bao\/controles-de-aire-2\/#breadcrumb\"},\"inLanguage\":\"es\",\"potentialAction\":[{\"@type\":\"ReadAction\",\"target\":[\"https:\/\/c-m-p.com\/es\/productos-para-bao\/controles-de-aire-2\/\"]}]},{\"@type\":\"ImageObject\",\"inLanguage\":\"es\",\"@id\":\"https:\/\/c-m-p.com\/es\/productos-para-bao\/controles-de-aire-2\/#primaryimage\",\"url\":\"https:\/\/www.c-m-p.com\/wp-content\/uploads\/2013\/10\/sol-air-control-feature.png\",\"contentUrl\":\"https:\/\/www.c-m-p.com\/wp-content\/uploads\/2013\/10\/sol-air-control-feature.png\",\"width\":600,\"height\":334},{\"@type\":\"BreadcrumbList\",\"@id\":\"https:\/\/c-m-p.com\/es\/productos-para-bao\/controles-de-aire-2\/#breadcrumb\",\"itemListElement\":[{\"@type\":\"ListItem\",\"position\":1,\"name\":\"Home\",\"item\":\"https:\/\/c-m-p.com\/es\/\"},{\"@type\":\"ListItem\",\"position\":2,\"name\":\"Productos para ba\u00f1o\",\"item\":\"https:\/\/c-m-p.com\/es\/productos-para-bao\/\"},{\"@type\":\"ListItem\",\"position\":3,\"name\":\"Controles de aire\"}]},{\"@type\":\"WebSite\",\"@id\":\"https:\/\/c-m-p.com\/#website\",\"url\":\"https:\/\/c-m-p.com\/\",\"name\":\"CMP\",\"description\":\"Pool Products, Spa and Hot Tub Products\",\"publisher\":{\"@id\":\"https:\/\/c-m-p.com\/#organization\"},\"potentialAction\":[{\"@type\":\"SearchAction\",\"target\":{\"@type\":\"EntryPoint\",\"urlTemplate\":\"https:\/\/c-m-p.com\/?s={search_term_string}\"},\"query-input\":{\"@type\":\"PropertyValueSpecification\",\"valueRequired\":true,\"valueName\":\"search_term_string\"}}],\"inLanguage\":\"es\"},{\"@type\":\"Organization\",\"@id\":\"https:\/\/c-m-p.com\/#organization\",\"name\":\"CMP Pool & Spa Products\",\"url\":\"https:\/\/c-m-p.com\/\",\"logo\":{\"@type\":\"ImageObject\",\"inLanguage\":\"es\",\"@id\":\"https:\/\/c-m-p.com\/#\/schema\/logo\/image\/\",\"url\":\"https:\/\/43ab809dfe.nxcli.io\/wp-content\/uploads\/2013\/10\/2013-CMP-Logo.jpg\",\"contentUrl\":\"https:\/\/43ab809dfe.nxcli.io\/wp-content\/uploads\/2013\/10\/2013-CMP-Logo.jpg\",\"width\":1000,\"height\":247,\"caption\":\"CMP Pool & Spa Products\"},\"image\":{\"@id\":\"https:\/\/c-m-p.com\/#\/schema\/logo\/image\/\"}}]}<\/script>\n<!-- \/ Yoast SEO plugin. -->","yoast_head_json":{"title":"Controles de aire - CMP","robots":{"index":"index","follow":"follow","max-snippet":"max-snippet:-1","max-image-preview":"max-image-preview:large","max-video-preview":"max-video-preview:-1"},"canonical":"https:\/\/c-m-p.com\/es\/productos-para-bao\/controles-de-aire-2\/","og_locale":"es_ES","og_type":"article","og_title":"Controles de aire - CMP","og_description":"Tenemos una selecci\u00f3n de calidad de controles de aire para ba\u00f1eras de hidromasaje, que incluyen los controles de aire enrasados de nuestra nueva marca S\u014cL. Los controles S\u014cL, como parte de nuestra l\u00ednea completa que incluye chorros y elementos de succi\u00f3n, le imparten a su ba\u00f1o una apariencia y sensaci\u00f3n de inspiraci\u00f3n europea.","og_url":"https:\/\/c-m-p.com\/es\/productos-para-bao\/controles-de-aire-2\/","og_site_name":"CMP","article_modified_time":"2018-05-10T14:07:48+00:00","og_image":[{"width":600,"height":334,"url":"https:\/\/c-m-p.com\/wp-content\/uploads\/2013\/10\/sol-air-control-feature.png","type":"image\/png"}],"schema":{"@context":"https:\/\/schema.org","@graph":[{"@type":"WebPage","@id":"https:\/\/c-m-p.com\/es\/productos-para-bao\/controles-de-aire-2\/","url":"https:\/\/c-m-p.com\/es\/productos-para-bao\/controles-de-aire-2\/","name":"Controles de aire - CMP","isPartOf":{"@id":"https:\/\/c-m-p.com\/#website"},"primaryImageOfPage":{"@id":"https:\/\/c-m-p.com\/es\/productos-para-bao\/controles-de-aire-2\/#primaryimage"},"image":{"@id":"https:\/\/c-m-p.com\/es\/productos-para-bao\/controles-de-aire-2\/#primaryimage"},"thumbnailUrl":"https:\/\/www.c-m-p.com\/wp-content\/uploads\/2013\/10\/sol-air-control-feature.png","datePublished":"2013-10-05T00:09:07+00:00","dateModified":"2018-05-10T14:07:48+00:00","breadcrumb":{"@id":"https:\/\/c-m-p.com\/es\/productos-para-bao\/controles-de-aire-2\/#breadcrumb"},"inLanguage":"es","potentialAction":[{"@type":"ReadAction","target":["https:\/\/c-m-p.com\/es\/productos-para-bao\/controles-de-aire-2\/"]}]},{"@type":"ImageObject","inLanguage":"es","@id":"https:\/\/c-m-p.com\/es\/productos-para-bao\/controles-de-aire-2\/#primaryimage","url":"https:\/\/www.c-m-p.com\/wp-content\/uploads\/2013\/10\/sol-air-control-feature.png","contentUrl":"https:\/\/www.c-m-p.com\/wp-content\/uploads\/2013\/10\/sol-air-control-feature.png","width":600,"height":334},{"@type":"BreadcrumbList","@id":"https:\/\/c-m-p.com\/es\/productos-para-bao\/controles-de-aire-2\/#breadcrumb","itemListElement":[{"@type":"ListItem","position":1,"name":"Home","item":"https:\/\/c-m-p.com\/es\/"},{"@type":"ListItem","position":2,"name":"Productos para ba\u00f1o","item":"https:\/\/c-m-p.com\/es\/productos-para-bao\/"},{"@type":"ListItem","position":3,"name":"Controles de aire"}]},{"@type":"WebSite","@id":"https:\/\/c-m-p.com\/#website","url":"https:\/\/c-m-p.com\/","name":"CMP","description":"Pool Products, Spa and Hot Tub Products","publisher":{"@id":"https:\/\/c-m-p.com\/#organization"},"potentialAction":[{"@type":"SearchAction","target":{"@type":"EntryPoint","urlTemplate":"https:\/\/c-m-p.com\/?s={search_term_string}"},"query-input":{"@type":"PropertyValueSpecification","valueRequired":true,"valueName":"search_term_string"}}],"inLanguage":"es"},{"@type":"Organization","@id":"https:\/\/c-m-p.com\/#organization","name":"CMP Pool & Spa Products","url":"https:\/\/c-m-p.com\/","logo":{"@type":"ImageObject","inLanguage":"es","@id":"https:\/\/c-m-p.com\/#\/schema\/logo\/image\/","url":"https:\/\/43ab809dfe.nxcli.io\/wp-content\/uploads\/2013\/10\/2013-CMP-Logo.jpg","contentUrl":"https:\/\/43ab809dfe.nxcli.io\/wp-content\/uploads\/2013\/10\/2013-CMP-Logo.jpg","width":1000,"height":247,"caption":"CMP Pool & Spa Products"},"image":{"@id":"https:\/\/c-m-p.com\/#\/schema\/logo\/image\/"}}]}},"_links":{"self":[{"href":"https:\/\/www.c-m-p.com\/es\/wp-json\/wp\/v2\/pages\/13964","targetHints":{"allow":["GET"]}}],"collection":[{"href":"https:\/\/www.c-m-p.com\/es\/wp-json\/wp\/v2\/pages"}],"about":[{"href":"https:\/\/www.c-m-p.com\/es\/wp-json\/wp\/v2\/types\/page"}],"author":[{"embeddable":true,"href":"https:\/\/www.c-m-p.com\/es\/wp-json\/wp\/v2\/users\/1"}],"replies":[{"embeddable":true,"href":"https:\/\/www.c-m-p.com\/es\/wp-json\/wp\/v2\/comments?post=13964"}],"version-history":[{"count":0,"href":"https:\/\/www.c-m-p.com\/es\/wp-json\/wp\/v2\/pages\/13964\/revisions"}],"up":[{"embeddable":true,"href":"https:\/\/www.c-m-p.com\/es\/wp-json\/wp\/v2\/pages\/14040"}],"wp:featuredmedia":[{"embeddable":true,"href":"https:\/\/www.c-m-p.com\/es\/wp-json\/wp\/v2\/media\/18398"}],"wp:attachment":[{"href":"https:\/\/www.c-m-p.com\/es\/wp-json\/wp\/v2\/media?parent=13964"}],"curies":[{"name":"wp","href":"https:\/\/api.w.org\/{rel}","templated":true}]}}