{"id":14068,"date":"2013-10-04T18:43:40","date_gmt":"2013-10-04T23:43:40","guid":{"rendered":"https:\/\/43ab809dfe.nxcli.io\/niveladores-de-agua-automticos\/?lang=es"},"modified":"2016-12-16T14:59:36","modified_gmt":"2016-12-16T19:59:36","slug":"niveladores-de-agua-automticos","status":"publish","type":"page","link":"https:\/\/www.c-m-p.com\/es\/productos-para-piscina\/accesorios-para-piscina\/niveladores-de-agua-automticos\/","title":{"rendered":"Niveladores de agua autom\u00e1ticos"},"content":{"rendered":"<p>Los niveladores autom\u00e1ticos de agua de CMP dan tranquilidad a los propietarios de piscinas. Regula autom\u00e1ticamente el nivel de agua de la piscina para evitar da\u00f1ar el equipamiento de la piscina. El nivelador autom\u00e1tico port\u00e1til AquaLevel es la manera m\u00e1s sencilla y r\u00e1pida de proteger su piscina de la evaporaci\u00f3n que se produce en el verano. Cualquiera puede instalarlo en cuesti\u00f3n de minutos con una manguera est\u00e1ndar de jard\u00edn. Dado que es totalmente port\u00e1til, el AquaLevel puede usarse cuando sea necesario. Para construcciones nuevas, tambi\u00e9n proporcionamos el nivelador autom\u00e1tico de agua de instalaci\u00f3n permanente.<\/p>\n","protected":false},"excerpt":{"rendered":"<p>Los niveladores autom\u00e1ticos de agua de CMP dan tranquilidad a los propietarios de piscinas. Regula autom\u00e1ticamente el nivel de agua de la piscina para evitar da\u00f1ar el equipamiento de la piscina. El nivelador autom\u00e1tico port\u00e1til AquaLevel es la manera m\u00e1s sencilla y r\u00e1pida de proteger su piscina de la evaporaci\u00f3n que se produce en el&#8230;  <a href=\"https:\/\/www.c-m-p.com\/es\/productos-para-piscina\/accesorios-para-piscina\/niveladores-de-agua-automticos\/\" title=\"Read Niveladores de agua autom\u00e1ticos\">Read more &raquo;<\/a><\/p>\n","protected":false},"author":1,"featured_media":19916,"parent":14306,"menu_order":100,"comment_status":"open","ping_status":"open","template":"templates\/collection_page.php","meta":{"_acf_changed":false,"_oasis_is_in_workflow":0,"_oasis_original":0,"_mi_skip_tracking":false,"_monsterinsights_sitenote_active":false,"_monsterinsights_sitenote_note":"","_monsterinsights_sitenote_category":0,"footnotes":""},"class_list":["post-14068","page","type-page","status-publish","has-post-thumbnail","hentry"],"acf":[],"yoast_head":"<!-- This site is optimized with the Yoast SEO plugin v27.2 - https:\/\/yoast.com\/product\/yoast-seo-wordpress\/ -->\n<title>Niveladores de agua autom\u00e1ticos - CMP<\/title>\n<meta name=\"robots\" content=\"index, follow, max-snippet:-1, max-image-preview:large, max-video-preview:-1\" \/>\n<link rel=\"canonical\" href=\"https:\/\/c-m-p.com\/es\/productos-para-piscina\/accesorios-para-piscina\/niveladores-de-agua-automticos\/\" \/>\n<meta property=\"og:locale\" content=\"es_ES\" \/>\n<meta property=\"og:type\" content=\"article\" \/>\n<meta property=\"og:title\" content=\"Niveladores de agua autom\u00e1ticos - CMP\" \/>\n<meta property=\"og:description\" content=\"Los niveladores autom\u00e1ticos de agua de CMP dan tranquilidad a los propietarios de piscinas. Regula autom\u00e1ticamente el nivel de agua de la piscina para evitar da\u00f1ar el equipamiento de la piscina. El nivelador autom\u00e1tico port\u00e1til AquaLevel es la manera m\u00e1s sencilla y r\u00e1pida de proteger su piscina de la evaporaci\u00f3n que se produce en el... Read more &raquo;\" \/>\n<meta property=\"og:url\" content=\"https:\/\/c-m-p.com\/es\/productos-para-piscina\/accesorios-para-piscina\/niveladores-de-agua-automticos\/\" \/>\n<meta property=\"og:site_name\" content=\"CMP\" \/>\n<meta property=\"article:modified_time\" content=\"2016-12-16T19:59:36+00:00\" \/>\n<meta property=\"og:image\" content=\"https:\/\/c-m-p.com\/wp-content\/uploads\/2013\/10\/NEW-Aqualevel-Installed-TALL-feature.jpg\" \/>\n\t<meta property=\"og:image:width\" content=\"530\" \/>\n\t<meta property=\"og:image:height\" content=\"707\" \/>\n\t<meta property=\"og:image:type\" content=\"image\/jpeg\" \/>\n<meta name=\"twitter:label1\" content=\"Tiempo de lectura\" \/>\n\t<meta name=\"twitter:data1\" content=\"1 minuto\" \/>\n<script type=\"application\/ld+json\" class=\"yoast-schema-graph\">{\"@context\":\"https:\/\/schema.org\",\"@graph\":[{\"@type\":\"WebPage\",\"@id\":\"https:\/\/c-m-p.com\/es\/productos-para-piscina\/accesorios-para-piscina\/niveladores-de-agua-automticos\/\",\"url\":\"https:\/\/c-m-p.com\/es\/productos-para-piscina\/accesorios-para-piscina\/niveladores-de-agua-automticos\/\",\"name\":\"Niveladores de agua autom\u00e1ticos - CMP\",\"isPartOf\":{\"@id\":\"https:\/\/c-m-p.com\/#website\"},\"primaryImageOfPage\":{\"@id\":\"https:\/\/c-m-p.com\/es\/productos-para-piscina\/accesorios-para-piscina\/niveladores-de-agua-automticos\/#primaryimage\"},\"image\":{\"@id\":\"https:\/\/c-m-p.com\/es\/productos-para-piscina\/accesorios-para-piscina\/niveladores-de-agua-automticos\/#primaryimage\"},\"thumbnailUrl\":\"https:\/\/www.c-m-p.com\/wp-content\/uploads\/2013\/10\/NEW-Aqualevel-Installed-TALL-feature.jpg\",\"datePublished\":\"2013-10-04T23:43:40+00:00\",\"dateModified\":\"2016-12-16T19:59:36+00:00\",\"breadcrumb\":{\"@id\":\"https:\/\/c-m-p.com\/es\/productos-para-piscina\/accesorios-para-piscina\/niveladores-de-agua-automticos\/#breadcrumb\"},\"inLanguage\":\"es\",\"potentialAction\":[{\"@type\":\"ReadAction\",\"target\":[\"https:\/\/c-m-p.com\/es\/productos-para-piscina\/accesorios-para-piscina\/niveladores-de-agua-automticos\/\"]}]},{\"@type\":\"ImageObject\",\"inLanguage\":\"es\",\"@id\":\"https:\/\/c-m-p.com\/es\/productos-para-piscina\/accesorios-para-piscina\/niveladores-de-agua-automticos\/#primaryimage\",\"url\":\"https:\/\/www.c-m-p.com\/wp-content\/uploads\/2013\/10\/NEW-Aqualevel-Installed-TALL-feature.jpg\",\"contentUrl\":\"https:\/\/www.c-m-p.com\/wp-content\/uploads\/2013\/10\/NEW-Aqualevel-Installed-TALL-feature.jpg\",\"width\":530,\"height\":707},{\"@type\":\"BreadcrumbList\",\"@id\":\"https:\/\/c-m-p.com\/es\/productos-para-piscina\/accesorios-para-piscina\/niveladores-de-agua-automticos\/#breadcrumb\",\"itemListElement\":[{\"@type\":\"ListItem\",\"position\":1,\"name\":\"Home\",\"item\":\"https:\/\/c-m-p.com\/es\/\"},{\"@type\":\"ListItem\",\"position\":2,\"name\":\"Productos para piscinas\",\"item\":\"https:\/\/c-m-p.com\/es\/productos-para-piscina\/\"},{\"@type\":\"ListItem\",\"position\":3,\"name\":\"Accesorios para piscina\",\"item\":\"https:\/\/c-m-p.com\/es\/productos-para-piscina\/accesorios-para-piscina\/\"},{\"@type\":\"ListItem\",\"position\":4,\"name\":\"Niveladores de agua autom\u00e1ticos\"}]},{\"@type\":\"WebSite\",\"@id\":\"https:\/\/c-m-p.com\/#website\",\"url\":\"https:\/\/c-m-p.com\/\",\"name\":\"CMP\",\"description\":\"Pool Products, Spa and Hot Tub Products\",\"publisher\":{\"@id\":\"https:\/\/c-m-p.com\/#organization\"},\"potentialAction\":[{\"@type\":\"SearchAction\",\"target\":{\"@type\":\"EntryPoint\",\"urlTemplate\":\"https:\/\/c-m-p.com\/?s={search_term_string}\"},\"query-input\":{\"@type\":\"PropertyValueSpecification\",\"valueRequired\":true,\"valueName\":\"search_term_string\"}}],\"inLanguage\":\"es\"},{\"@type\":\"Organization\",\"@id\":\"https:\/\/c-m-p.com\/#organization\",\"name\":\"CMP Pool & Spa Products\",\"url\":\"https:\/\/c-m-p.com\/\",\"logo\":{\"@type\":\"ImageObject\",\"inLanguage\":\"es\",\"@id\":\"https:\/\/c-m-p.com\/#\/schema\/logo\/image\/\",\"url\":\"https:\/\/43ab809dfe.nxcli.io\/wp-content\/uploads\/2013\/10\/2013-CMP-Logo.jpg\",\"contentUrl\":\"https:\/\/43ab809dfe.nxcli.io\/wp-content\/uploads\/2013\/10\/2013-CMP-Logo.jpg\",\"width\":1000,\"height\":247,\"caption\":\"CMP Pool & Spa Products\"},\"image\":{\"@id\":\"https:\/\/c-m-p.com\/#\/schema\/logo\/image\/\"}}]}<\/script>\n<!-- \/ Yoast SEO plugin. -->","yoast_head_json":{"title":"Niveladores de agua autom\u00e1ticos - CMP","robots":{"index":"index","follow":"follow","max-snippet":"max-snippet:-1","max-image-preview":"max-image-preview:large","max-video-preview":"max-video-preview:-1"},"canonical":"https:\/\/c-m-p.com\/es\/productos-para-piscina\/accesorios-para-piscina\/niveladores-de-agua-automticos\/","og_locale":"es_ES","og_type":"article","og_title":"Niveladores de agua autom\u00e1ticos - CMP","og_description":"Los niveladores autom\u00e1ticos de agua de CMP dan tranquilidad a los propietarios de piscinas. Regula autom\u00e1ticamente el nivel de agua de la piscina para evitar da\u00f1ar el equipamiento de la piscina. El nivelador autom\u00e1tico port\u00e1til AquaLevel es la manera m\u00e1s sencilla y r\u00e1pida de proteger su piscina de la evaporaci\u00f3n que se produce en el... Read more &raquo;","og_url":"https:\/\/c-m-p.com\/es\/productos-para-piscina\/accesorios-para-piscina\/niveladores-de-agua-automticos\/","og_site_name":"CMP","article_modified_time":"2016-12-16T19:59:36+00:00","og_image":[{"width":530,"height":707,"url":"https:\/\/c-m-p.com\/wp-content\/uploads\/2013\/10\/NEW-Aqualevel-Installed-TALL-feature.jpg","type":"image\/jpeg"}],"twitter_misc":{"Tiempo de lectura":"1 minuto"},"schema":{"@context":"https:\/\/schema.org","@graph":[{"@type":"WebPage","@id":"https:\/\/c-m-p.com\/es\/productos-para-piscina\/accesorios-para-piscina\/niveladores-de-agua-automticos\/","url":"https:\/\/c-m-p.com\/es\/productos-para-piscina\/accesorios-para-piscina\/niveladores-de-agua-automticos\/","name":"Niveladores de agua autom\u00e1ticos - CMP","isPartOf":{"@id":"https:\/\/c-m-p.com\/#website"},"primaryImageOfPage":{"@id":"https:\/\/c-m-p.com\/es\/productos-para-piscina\/accesorios-para-piscina\/niveladores-de-agua-automticos\/#primaryimage"},"image":{"@id":"https:\/\/c-m-p.com\/es\/productos-para-piscina\/accesorios-para-piscina\/niveladores-de-agua-automticos\/#primaryimage"},"thumbnailUrl":"https:\/\/www.c-m-p.com\/wp-content\/uploads\/2013\/10\/NEW-Aqualevel-Installed-TALL-feature.jpg","datePublished":"2013-10-04T23:43:40+00:00","dateModified":"2016-12-16T19:59:36+00:00","breadcrumb":{"@id":"https:\/\/c-m-p.com\/es\/productos-para-piscina\/accesorios-para-piscina\/niveladores-de-agua-automticos\/#breadcrumb"},"inLanguage":"es","potentialAction":[{"@type":"ReadAction","target":["https:\/\/c-m-p.com\/es\/productos-para-piscina\/accesorios-para-piscina\/niveladores-de-agua-automticos\/"]}]},{"@type":"ImageObject","inLanguage":"es","@id":"https:\/\/c-m-p.com\/es\/productos-para-piscina\/accesorios-para-piscina\/niveladores-de-agua-automticos\/#primaryimage","url":"https:\/\/www.c-m-p.com\/wp-content\/uploads\/2013\/10\/NEW-Aqualevel-Installed-TALL-feature.jpg","contentUrl":"https:\/\/www.c-m-p.com\/wp-content\/uploads\/2013\/10\/NEW-Aqualevel-Installed-TALL-feature.jpg","width":530,"height":707},{"@type":"BreadcrumbList","@id":"https:\/\/c-m-p.com\/es\/productos-para-piscina\/accesorios-para-piscina\/niveladores-de-agua-automticos\/#breadcrumb","itemListElement":[{"@type":"ListItem","position":1,"name":"Home","item":"https:\/\/c-m-p.com\/es\/"},{"@type":"ListItem","position":2,"name":"Productos para piscinas","item":"https:\/\/c-m-p.com\/es\/productos-para-piscina\/"},{"@type":"ListItem","position":3,"name":"Accesorios para piscina","item":"https:\/\/c-m-p.com\/es\/productos-para-piscina\/accesorios-para-piscina\/"},{"@type":"ListItem","position":4,"name":"Niveladores de agua autom\u00e1ticos"}]},{"@type":"WebSite","@id":"https:\/\/c-m-p.com\/#website","url":"https:\/\/c-m-p.com\/","name":"CMP","description":"Pool Products, Spa and Hot Tub Products","publisher":{"@id":"https:\/\/c-m-p.com\/#organization"},"potentialAction":[{"@type":"SearchAction","target":{"@type":"EntryPoint","urlTemplate":"https:\/\/c-m-p.com\/?s={search_term_string}"},"query-input":{"@type":"PropertyValueSpecification","valueRequired":true,"valueName":"search_term_string"}}],"inLanguage":"es"},{"@type":"Organization","@id":"https:\/\/c-m-p.com\/#organization","name":"CMP Pool & Spa Products","url":"https:\/\/c-m-p.com\/","logo":{"@type":"ImageObject","inLanguage":"es","@id":"https:\/\/c-m-p.com\/#\/schema\/logo\/image\/","url":"https:\/\/43ab809dfe.nxcli.io\/wp-content\/uploads\/2013\/10\/2013-CMP-Logo.jpg","contentUrl":"https:\/\/43ab809dfe.nxcli.io\/wp-content\/uploads\/2013\/10\/2013-CMP-Logo.jpg","width":1000,"height":247,"caption":"CMP Pool & Spa Products"},"image":{"@id":"https:\/\/c-m-p.com\/#\/schema\/logo\/image\/"}}]}},"_links":{"self":[{"href":"https:\/\/www.c-m-p.com\/es\/wp-json\/wp\/v2\/pages\/14068","targetHints":{"allow":["GET"]}}],"collection":[{"href":"https:\/\/www.c-m-p.com\/es\/wp-json\/wp\/v2\/pages"}],"about":[{"href":"https:\/\/www.c-m-p.com\/es\/wp-json\/wp\/v2\/types\/page"}],"author":[{"embeddable":true,"href":"https:\/\/www.c-m-p.com\/es\/wp-json\/wp\/v2\/users\/1"}],"replies":[{"embeddable":true,"href":"https:\/\/www.c-m-p.com\/es\/wp-json\/wp\/v2\/comments?post=14068"}],"version-history":[{"count":0,"href":"https:\/\/www.c-m-p.com\/es\/wp-json\/wp\/v2\/pages\/14068\/revisions"}],"up":[{"embeddable":true,"href":"https:\/\/www.c-m-p.com\/es\/wp-json\/wp\/v2\/pages\/14306"}],"wp:featuredmedia":[{"embeddable":true,"href":"https:\/\/www.c-m-p.com\/es\/wp-json\/wp\/v2\/media\/19916"}],"wp:attachment":[{"href":"https:\/\/www.c-m-p.com\/es\/wp-json\/wp\/v2\/media?parent=14068"}],"curies":[{"name":"wp","href":"https:\/\/api.w.org\/{rel}","templated":true}]}}