{"id":14069,"date":"2013-10-04T18:45:37","date_gmt":"2013-10-04T23:45:37","guid":{"rendered":"https:\/\/43ab809dfe.nxcli.io\/chorros-de-plataforma-y-pared\/?lang=es"},"modified":"2016-01-11T12:55:41","modified_gmt":"2016-01-11T17:55:41","slug":"chorros-de-plataforma-y-pared","status":"publish","type":"page","link":"https:\/\/www.c-m-p.com\/es\/productos-para-piscina\/las-caracteristicas-del-agua\/chorros-de-plataforma-y-pared\/","title":{"rendered":"Chorros de plataforma y pared"},"content":{"rendered":"<p>Los innovadores chorros de plataforma y pared de CMP aadirn ambiente a cualquier dise\u00f1o de piscina o spa. Nuestros chorros de plataforma patentados son los nicos dise\u00f1os regulables en el cabezal para un ajuste ms preciso de la corriente de agua. Disponibles con una variedad de dise\u00f1os de boquillas que incluyen corrientes simples, dobles y triples, y dise\u00f1os de ventiladores. Las placas de montaje estn disponibles en colores moldeados y en latn slido.<\/p>\n","protected":false},"excerpt":{"rendered":"<p>Los innovadores chorros de plataforma y pared de CMP aadirn ambiente a cualquier dise\u00f1o de piscina o spa. Nuestros chorros de plataforma patentados son los nicos dise\u00f1os regulables en el cabezal para un ajuste ms preciso de la corriente de agua. Disponibles con una variedad de dise\u00f1os de boquillas que incluyen corrientes simples, dobles y&#8230;  <a href=\"https:\/\/www.c-m-p.com\/es\/productos-para-piscina\/las-caracteristicas-del-agua\/chorros-de-plataforma-y-pared\/\" title=\"Read Chorros de plataforma y pared\">Read more &raquo;<\/a><\/p>\n","protected":false},"author":1,"featured_media":18805,"parent":78880,"menu_order":70,"comment_status":"open","ping_status":"open","template":"rci-flex-template.php","meta":{"_acf_changed":false,"_oasis_is_in_workflow":0,"_oasis_original":0,"_mi_skip_tracking":false,"_monsterinsights_sitenote_active":false,"_monsterinsights_sitenote_note":"","_monsterinsights_sitenote_category":0,"footnotes":""},"class_list":["post-14069","page","type-page","status-publish","has-post-thumbnail","hentry"],"acf":[],"yoast_head":"<!-- This site is optimized with the Yoast SEO plugin v27.2 - https:\/\/yoast.com\/product\/yoast-seo-wordpress\/ -->\n<title>Chorros de plataforma y pared - CMP<\/title>\n<meta name=\"robots\" content=\"index, follow, max-snippet:-1, max-image-preview:large, max-video-preview:-1\" \/>\n<link rel=\"canonical\" href=\"https:\/\/c-m-p.com\/es\/productos-para-piscina\/las-caracteristicas-del-agua\/chorros-de-plataforma-y-pared\/\" \/>\n<meta property=\"og:locale\" content=\"es_ES\" \/>\n<meta property=\"og:type\" content=\"article\" \/>\n<meta property=\"og:title\" content=\"Chorros de plataforma y pared - CMP\" \/>\n<meta property=\"og:description\" content=\"Los innovadores chorros de plataforma y pared de CMP aadirn ambiente a cualquier dise\u00f1o de piscina o spa. Nuestros chorros de plataforma patentados son los nicos dise\u00f1os regulables en el cabezal para un ajuste ms preciso de la corriente de agua. Disponibles con una variedad de dise\u00f1os de boquillas que incluyen corrientes simples, dobles y... Read more &raquo;\" \/>\n<meta property=\"og:url\" content=\"https:\/\/c-m-p.com\/es\/productos-para-piscina\/las-caracteristicas-del-agua\/chorros-de-plataforma-y-pared\/\" \/>\n<meta property=\"og:site_name\" content=\"CMP\" \/>\n<meta property=\"article:modified_time\" content=\"2016-01-11T17:55:41+00:00\" \/>\n<meta property=\"og:image\" content=\"https:\/\/c-m-p.com\/wp-content\/uploads\/2014\/08\/triple-deck-jet-brilliant-wonders-background.jpg\" \/>\n\t<meta property=\"og:image:width\" content=\"1000\" \/>\n\t<meta property=\"og:image:height\" content=\"667\" \/>\n\t<meta property=\"og:image:type\" content=\"image\/jpeg\" \/>\n<script type=\"application\/ld+json\" class=\"yoast-schema-graph\">{\"@context\":\"https:\/\/schema.org\",\"@graph\":[{\"@type\":\"WebPage\",\"@id\":\"https:\/\/c-m-p.com\/es\/productos-para-piscina\/las-caracteristicas-del-agua\/chorros-de-plataforma-y-pared\/\",\"url\":\"https:\/\/c-m-p.com\/es\/productos-para-piscina\/las-caracteristicas-del-agua\/chorros-de-plataforma-y-pared\/\",\"name\":\"Chorros de plataforma y pared - CMP\",\"isPartOf\":{\"@id\":\"https:\/\/c-m-p.com\/#website\"},\"primaryImageOfPage\":{\"@id\":\"https:\/\/c-m-p.com\/es\/productos-para-piscina\/las-caracteristicas-del-agua\/chorros-de-plataforma-y-pared\/#primaryimage\"},\"image\":{\"@id\":\"https:\/\/c-m-p.com\/es\/productos-para-piscina\/las-caracteristicas-del-agua\/chorros-de-plataforma-y-pared\/#primaryimage\"},\"thumbnailUrl\":\"https:\/\/www.c-m-p.com\/wp-content\/uploads\/2014\/08\/triple-deck-jet-brilliant-wonders-background.jpg\",\"datePublished\":\"2013-10-04T23:45:37+00:00\",\"dateModified\":\"2016-01-11T17:55:41+00:00\",\"breadcrumb\":{\"@id\":\"https:\/\/c-m-p.com\/es\/productos-para-piscina\/las-caracteristicas-del-agua\/chorros-de-plataforma-y-pared\/#breadcrumb\"},\"inLanguage\":\"es\",\"potentialAction\":[{\"@type\":\"ReadAction\",\"target\":[\"https:\/\/c-m-p.com\/es\/productos-para-piscina\/las-caracteristicas-del-agua\/chorros-de-plataforma-y-pared\/\"]}]},{\"@type\":\"ImageObject\",\"inLanguage\":\"es\",\"@id\":\"https:\/\/c-m-p.com\/es\/productos-para-piscina\/las-caracteristicas-del-agua\/chorros-de-plataforma-y-pared\/#primaryimage\",\"url\":\"https:\/\/www.c-m-p.com\/wp-content\/uploads\/2014\/08\/triple-deck-jet-brilliant-wonders-background.jpg\",\"contentUrl\":\"https:\/\/www.c-m-p.com\/wp-content\/uploads\/2014\/08\/triple-deck-jet-brilliant-wonders-background.jpg\",\"width\":1000,\"height\":667},{\"@type\":\"BreadcrumbList\",\"@id\":\"https:\/\/c-m-p.com\/es\/productos-para-piscina\/las-caracteristicas-del-agua\/chorros-de-plataforma-y-pared\/#breadcrumb\",\"itemListElement\":[{\"@type\":\"ListItem\",\"position\":1,\"name\":\"Home\",\"item\":\"https:\/\/c-m-p.com\/es\/\"},{\"@type\":\"ListItem\",\"position\":2,\"name\":\"Productos para piscinas\",\"item\":\"https:\/\/c-m-p.com\/es\/productos-para-piscina\/\"},{\"@type\":\"ListItem\",\"position\":3,\"name\":\"Caracter\u00edsticas del agua Natural Wonders\u00ae\",\"item\":\"https:\/\/c-m-p.com\/es\/productos-para-piscina\/las-caracteristicas-del-agua\/\"},{\"@type\":\"ListItem\",\"position\":4,\"name\":\"Chorros de plataforma y pared\"}]},{\"@type\":\"WebSite\",\"@id\":\"https:\/\/c-m-p.com\/#website\",\"url\":\"https:\/\/c-m-p.com\/\",\"name\":\"CMP\",\"description\":\"Pool Products, Spa and Hot Tub Products\",\"publisher\":{\"@id\":\"https:\/\/c-m-p.com\/#organization\"},\"potentialAction\":[{\"@type\":\"SearchAction\",\"target\":{\"@type\":\"EntryPoint\",\"urlTemplate\":\"https:\/\/c-m-p.com\/?s={search_term_string}\"},\"query-input\":{\"@type\":\"PropertyValueSpecification\",\"valueRequired\":true,\"valueName\":\"search_term_string\"}}],\"inLanguage\":\"es\"},{\"@type\":\"Organization\",\"@id\":\"https:\/\/c-m-p.com\/#organization\",\"name\":\"CMP Pool & Spa Products\",\"url\":\"https:\/\/c-m-p.com\/\",\"logo\":{\"@type\":\"ImageObject\",\"inLanguage\":\"es\",\"@id\":\"https:\/\/c-m-p.com\/#\/schema\/logo\/image\/\",\"url\":\"https:\/\/43ab809dfe.nxcli.io\/wp-content\/uploads\/2013\/10\/2013-CMP-Logo.jpg\",\"contentUrl\":\"https:\/\/43ab809dfe.nxcli.io\/wp-content\/uploads\/2013\/10\/2013-CMP-Logo.jpg\",\"width\":1000,\"height\":247,\"caption\":\"CMP Pool & Spa Products\"},\"image\":{\"@id\":\"https:\/\/c-m-p.com\/#\/schema\/logo\/image\/\"}}]}<\/script>\n<!-- \/ Yoast SEO plugin. -->","yoast_head_json":{"title":"Chorros de plataforma y pared - CMP","robots":{"index":"index","follow":"follow","max-snippet":"max-snippet:-1","max-image-preview":"max-image-preview:large","max-video-preview":"max-video-preview:-1"},"canonical":"https:\/\/c-m-p.com\/es\/productos-para-piscina\/las-caracteristicas-del-agua\/chorros-de-plataforma-y-pared\/","og_locale":"es_ES","og_type":"article","og_title":"Chorros de plataforma y pared - CMP","og_description":"Los innovadores chorros de plataforma y pared de CMP aadirn ambiente a cualquier dise\u00f1o de piscina o spa. Nuestros chorros de plataforma patentados son los nicos dise\u00f1os regulables en el cabezal para un ajuste ms preciso de la corriente de agua. Disponibles con una variedad de dise\u00f1os de boquillas que incluyen corrientes simples, dobles y... Read more &raquo;","og_url":"https:\/\/c-m-p.com\/es\/productos-para-piscina\/las-caracteristicas-del-agua\/chorros-de-plataforma-y-pared\/","og_site_name":"CMP","article_modified_time":"2016-01-11T17:55:41+00:00","og_image":[{"width":1000,"height":667,"url":"https:\/\/c-m-p.com\/wp-content\/uploads\/2014\/08\/triple-deck-jet-brilliant-wonders-background.jpg","type":"image\/jpeg"}],"schema":{"@context":"https:\/\/schema.org","@graph":[{"@type":"WebPage","@id":"https:\/\/c-m-p.com\/es\/productos-para-piscina\/las-caracteristicas-del-agua\/chorros-de-plataforma-y-pared\/","url":"https:\/\/c-m-p.com\/es\/productos-para-piscina\/las-caracteristicas-del-agua\/chorros-de-plataforma-y-pared\/","name":"Chorros de plataforma y pared - CMP","isPartOf":{"@id":"https:\/\/c-m-p.com\/#website"},"primaryImageOfPage":{"@id":"https:\/\/c-m-p.com\/es\/productos-para-piscina\/las-caracteristicas-del-agua\/chorros-de-plataforma-y-pared\/#primaryimage"},"image":{"@id":"https:\/\/c-m-p.com\/es\/productos-para-piscina\/las-caracteristicas-del-agua\/chorros-de-plataforma-y-pared\/#primaryimage"},"thumbnailUrl":"https:\/\/www.c-m-p.com\/wp-content\/uploads\/2014\/08\/triple-deck-jet-brilliant-wonders-background.jpg","datePublished":"2013-10-04T23:45:37+00:00","dateModified":"2016-01-11T17:55:41+00:00","breadcrumb":{"@id":"https:\/\/c-m-p.com\/es\/productos-para-piscina\/las-caracteristicas-del-agua\/chorros-de-plataforma-y-pared\/#breadcrumb"},"inLanguage":"es","potentialAction":[{"@type":"ReadAction","target":["https:\/\/c-m-p.com\/es\/productos-para-piscina\/las-caracteristicas-del-agua\/chorros-de-plataforma-y-pared\/"]}]},{"@type":"ImageObject","inLanguage":"es","@id":"https:\/\/c-m-p.com\/es\/productos-para-piscina\/las-caracteristicas-del-agua\/chorros-de-plataforma-y-pared\/#primaryimage","url":"https:\/\/www.c-m-p.com\/wp-content\/uploads\/2014\/08\/triple-deck-jet-brilliant-wonders-background.jpg","contentUrl":"https:\/\/www.c-m-p.com\/wp-content\/uploads\/2014\/08\/triple-deck-jet-brilliant-wonders-background.jpg","width":1000,"height":667},{"@type":"BreadcrumbList","@id":"https:\/\/c-m-p.com\/es\/productos-para-piscina\/las-caracteristicas-del-agua\/chorros-de-plataforma-y-pared\/#breadcrumb","itemListElement":[{"@type":"ListItem","position":1,"name":"Home","item":"https:\/\/c-m-p.com\/es\/"},{"@type":"ListItem","position":2,"name":"Productos para piscinas","item":"https:\/\/c-m-p.com\/es\/productos-para-piscina\/"},{"@type":"ListItem","position":3,"name":"Caracter\u00edsticas del agua Natural Wonders\u00ae","item":"https:\/\/c-m-p.com\/es\/productos-para-piscina\/las-caracteristicas-del-agua\/"},{"@type":"ListItem","position":4,"name":"Chorros de plataforma y pared"}]},{"@type":"WebSite","@id":"https:\/\/c-m-p.com\/#website","url":"https:\/\/c-m-p.com\/","name":"CMP","description":"Pool Products, Spa and Hot Tub Products","publisher":{"@id":"https:\/\/c-m-p.com\/#organization"},"potentialAction":[{"@type":"SearchAction","target":{"@type":"EntryPoint","urlTemplate":"https:\/\/c-m-p.com\/?s={search_term_string}"},"query-input":{"@type":"PropertyValueSpecification","valueRequired":true,"valueName":"search_term_string"}}],"inLanguage":"es"},{"@type":"Organization","@id":"https:\/\/c-m-p.com\/#organization","name":"CMP Pool & Spa Products","url":"https:\/\/c-m-p.com\/","logo":{"@type":"ImageObject","inLanguage":"es","@id":"https:\/\/c-m-p.com\/#\/schema\/logo\/image\/","url":"https:\/\/43ab809dfe.nxcli.io\/wp-content\/uploads\/2013\/10\/2013-CMP-Logo.jpg","contentUrl":"https:\/\/43ab809dfe.nxcli.io\/wp-content\/uploads\/2013\/10\/2013-CMP-Logo.jpg","width":1000,"height":247,"caption":"CMP Pool & Spa Products"},"image":{"@id":"https:\/\/c-m-p.com\/#\/schema\/logo\/image\/"}}]}},"_links":{"self":[{"href":"https:\/\/www.c-m-p.com\/es\/wp-json\/wp\/v2\/pages\/14069","targetHints":{"allow":["GET"]}}],"collection":[{"href":"https:\/\/www.c-m-p.com\/es\/wp-json\/wp\/v2\/pages"}],"about":[{"href":"https:\/\/www.c-m-p.com\/es\/wp-json\/wp\/v2\/types\/page"}],"author":[{"embeddable":true,"href":"https:\/\/www.c-m-p.com\/es\/wp-json\/wp\/v2\/users\/1"}],"replies":[{"embeddable":true,"href":"https:\/\/www.c-m-p.com\/es\/wp-json\/wp\/v2\/comments?post=14069"}],"version-history":[{"count":0,"href":"https:\/\/www.c-m-p.com\/es\/wp-json\/wp\/v2\/pages\/14069\/revisions"}],"up":[{"embeddable":true,"href":"https:\/\/www.c-m-p.com\/es\/wp-json\/wp\/v2\/pages\/78880"}],"wp:featuredmedia":[{"embeddable":true,"href":"https:\/\/www.c-m-p.com\/es\/wp-json\/wp\/v2\/media\/18805"}],"wp:attachment":[{"href":"https:\/\/www.c-m-p.com\/es\/wp-json\/wp\/v2\/media?parent=14069"}],"curies":[{"name":"wp","href":"https:\/\/api.w.org\/{rel}","templated":true}]}}