{"id":14079,"date":"2013-10-04T19:11:11","date_gmt":"2013-10-05T00:11:11","guid":{"rendered":"https:\/\/43ab809dfe.nxcli.io\/productos-para-bao\/equipamiento\/bombas-para-bao\/?lang=es"},"modified":"2016-12-28T10:40:57","modified_gmt":"2016-12-28T15:40:57","slug":"bombas-para-bao","status":"publish","type":"page","link":"https:\/\/www.c-m-p.com\/es\/productos-para-bao\/equipamiento\/bombas-para-bao\/","title":{"rendered":"Bombas para ba\u00f1o"},"content":{"rendered":"<p>En CMP, estamos ampliando el suministro de bombas Nexxus para bao, parte de nuestra l\u00ednea cada vez mayor de equipamientos de la marca Nexxus para ba\u00f1o. Seleccione entre las bombas dise\u00f1adas para mercados espec\u00edficos con una amplia variedad de opciones de conexi\u00f3n. Nuestras bombas cuentan con las certificaciones UL, CSA, TUV y CE. La l\u00ednea de equipamiento Nexxus incluye<a title=\"Calentadores de bao\" href=\"https:\/\/www.c-m-p.com\/productos-para-bao\/equipamiento\/calentadores-para-bao\/?lang=es&amp;lang=es\"> calentadores de ba\u00f1o<\/a> y<a title=\"Ventiladores de aire\" href=\"\/?page_id=7918\"> sistemas de ventiladores para ba\u00f1o<\/a>.<\/p>\n","protected":false},"excerpt":{"rendered":"<p>En CMP, estamos ampliando el suministro de bombas Nexxus para bao, parte de nuestra l\u00ednea cada vez mayor de equipamientos de la marca Nexxus para ba\u00f1o. Seleccione entre las bombas dise\u00f1adas para mercados espec\u00edficos con una amplia variedad de opciones de conexi\u00f3n. Nuestras bombas cuentan con las certificaciones UL, CSA, TUV y CE. La l\u00ednea&#8230;  <a href=\"https:\/\/www.c-m-p.com\/es\/productos-para-bao\/equipamiento\/bombas-para-bao\/\" title=\"Read Bombas para ba\u00f1o\">Read more &raquo;<\/a><\/p>\n","protected":false},"author":1,"featured_media":39092,"parent":14077,"menu_order":125,"comment_status":"open","ping_status":"open","template":"rci-flex-template.php","meta":{"_acf_changed":false,"_oasis_is_in_workflow":0,"_oasis_original":0,"_mi_skip_tracking":false,"_monsterinsights_sitenote_active":false,"_monsterinsights_sitenote_note":"","_monsterinsights_sitenote_category":0,"footnotes":""},"class_list":["post-14079","page","type-page","status-publish","has-post-thumbnail","hentry"],"acf":[],"yoast_head":"<!-- This site is optimized with the Yoast SEO plugin v27.2 - https:\/\/yoast.com\/product\/yoast-seo-wordpress\/ -->\n<title>Bombas para ba\u00f1o - CMP<\/title>\n<meta name=\"robots\" content=\"index, follow, max-snippet:-1, max-image-preview:large, max-video-preview:-1\" \/>\n<link rel=\"canonical\" href=\"https:\/\/c-m-p.com\/es\/productos-para-bao\/equipamiento\/bombas-para-bao\/\" \/>\n<meta property=\"og:locale\" content=\"es_ES\" \/>\n<meta property=\"og:type\" content=\"article\" \/>\n<meta property=\"og:title\" content=\"Bombas para ba\u00f1o - CMP\" \/>\n<meta property=\"og:description\" content=\"En CMP, estamos ampliando el suministro de bombas Nexxus para bao, parte de nuestra l\u00ednea cada vez mayor de equipamientos de la marca Nexxus para ba\u00f1o. Seleccione entre las bombas dise\u00f1adas para mercados espec\u00edficos con una amplia variedad de opciones de conexi\u00f3n. Nuestras bombas cuentan con las certificaciones UL, CSA, TUV y CE. La l\u00ednea... Read more &raquo;\" \/>\n<meta property=\"og:url\" content=\"https:\/\/c-m-p.com\/es\/productos-para-bao\/equipamiento\/bombas-para-bao\/\" \/>\n<meta property=\"og:site_name\" content=\"CMP\" \/>\n<meta property=\"article:modified_time\" content=\"2016-12-28T15:40:57+00:00\" \/>\n<meta property=\"og:image\" content=\"https:\/\/c-m-p.com\/wp-content\/uploads\/2018\/05\/nexxus-ii-pumps-feature-500x425.png\" \/>\n\t<meta property=\"og:image:width\" content=\"500\" \/>\n\t<meta property=\"og:image:height\" content=\"425\" \/>\n\t<meta property=\"og:image:type\" content=\"image\/png\" \/>\n<script type=\"application\/ld+json\" class=\"yoast-schema-graph\">{\"@context\":\"https:\/\/schema.org\",\"@graph\":[{\"@type\":\"WebPage\",\"@id\":\"https:\/\/c-m-p.com\/es\/productos-para-bao\/equipamiento\/bombas-para-bao\/\",\"url\":\"https:\/\/c-m-p.com\/es\/productos-para-bao\/equipamiento\/bombas-para-bao\/\",\"name\":\"Bombas para ba\u00f1o - CMP\",\"isPartOf\":{\"@id\":\"https:\/\/c-m-p.com\/#website\"},\"primaryImageOfPage\":{\"@id\":\"https:\/\/c-m-p.com\/es\/productos-para-bao\/equipamiento\/bombas-para-bao\/#primaryimage\"},\"image\":{\"@id\":\"https:\/\/c-m-p.com\/es\/productos-para-bao\/equipamiento\/bombas-para-bao\/#primaryimage\"},\"thumbnailUrl\":\"https:\/\/www.c-m-p.com\/wp-content\/uploads\/2018\/05\/nexxus-ii-pumps-feature-500x425.png\",\"datePublished\":\"2013-10-05T00:11:11+00:00\",\"dateModified\":\"2016-12-28T15:40:57+00:00\",\"breadcrumb\":{\"@id\":\"https:\/\/c-m-p.com\/es\/productos-para-bao\/equipamiento\/bombas-para-bao\/#breadcrumb\"},\"inLanguage\":\"es\",\"potentialAction\":[{\"@type\":\"ReadAction\",\"target\":[\"https:\/\/c-m-p.com\/es\/productos-para-bao\/equipamiento\/bombas-para-bao\/\"]}]},{\"@type\":\"ImageObject\",\"inLanguage\":\"es\",\"@id\":\"https:\/\/c-m-p.com\/es\/productos-para-bao\/equipamiento\/bombas-para-bao\/#primaryimage\",\"url\":\"https:\/\/www.c-m-p.com\/wp-content\/uploads\/2018\/05\/nexxus-ii-pumps-feature-500x425.png\",\"contentUrl\":\"https:\/\/www.c-m-p.com\/wp-content\/uploads\/2018\/05\/nexxus-ii-pumps-feature-500x425.png\",\"width\":500,\"height\":425},{\"@type\":\"BreadcrumbList\",\"@id\":\"https:\/\/c-m-p.com\/es\/productos-para-bao\/equipamiento\/bombas-para-bao\/#breadcrumb\",\"itemListElement\":[{\"@type\":\"ListItem\",\"position\":1,\"name\":\"Home\",\"item\":\"https:\/\/c-m-p.com\/es\/\"},{\"@type\":\"ListItem\",\"position\":2,\"name\":\"Productos para ba\u00f1o\",\"item\":\"https:\/\/c-m-p.com\/es\/productos-para-bao\/\"},{\"@type\":\"ListItem\",\"position\":3,\"name\":\"Equipamiento\",\"item\":\"https:\/\/c-m-p.com\/es\/productos-para-bao\/equipamiento\/\"},{\"@type\":\"ListItem\",\"position\":4,\"name\":\"Bombas para ba\u00f1o\"}]},{\"@type\":\"WebSite\",\"@id\":\"https:\/\/c-m-p.com\/#website\",\"url\":\"https:\/\/c-m-p.com\/\",\"name\":\"CMP\",\"description\":\"Pool Products, Spa and Hot Tub Products\",\"publisher\":{\"@id\":\"https:\/\/c-m-p.com\/#organization\"},\"potentialAction\":[{\"@type\":\"SearchAction\",\"target\":{\"@type\":\"EntryPoint\",\"urlTemplate\":\"https:\/\/c-m-p.com\/?s={search_term_string}\"},\"query-input\":{\"@type\":\"PropertyValueSpecification\",\"valueRequired\":true,\"valueName\":\"search_term_string\"}}],\"inLanguage\":\"es\"},{\"@type\":\"Organization\",\"@id\":\"https:\/\/c-m-p.com\/#organization\",\"name\":\"CMP Pool & Spa Products\",\"url\":\"https:\/\/c-m-p.com\/\",\"logo\":{\"@type\":\"ImageObject\",\"inLanguage\":\"es\",\"@id\":\"https:\/\/c-m-p.com\/#\/schema\/logo\/image\/\",\"url\":\"https:\/\/43ab809dfe.nxcli.io\/wp-content\/uploads\/2013\/10\/2013-CMP-Logo.jpg\",\"contentUrl\":\"https:\/\/43ab809dfe.nxcli.io\/wp-content\/uploads\/2013\/10\/2013-CMP-Logo.jpg\",\"width\":1000,\"height\":247,\"caption\":\"CMP Pool & Spa Products\"},\"image\":{\"@id\":\"https:\/\/c-m-p.com\/#\/schema\/logo\/image\/\"}}]}<\/script>\n<!-- \/ Yoast SEO plugin. -->","yoast_head_json":{"title":"Bombas para ba\u00f1o - CMP","robots":{"index":"index","follow":"follow","max-snippet":"max-snippet:-1","max-image-preview":"max-image-preview:large","max-video-preview":"max-video-preview:-1"},"canonical":"https:\/\/c-m-p.com\/es\/productos-para-bao\/equipamiento\/bombas-para-bao\/","og_locale":"es_ES","og_type":"article","og_title":"Bombas para ba\u00f1o - CMP","og_description":"En CMP, estamos ampliando el suministro de bombas Nexxus para bao, parte de nuestra l\u00ednea cada vez mayor de equipamientos de la marca Nexxus para ba\u00f1o. Seleccione entre las bombas dise\u00f1adas para mercados espec\u00edficos con una amplia variedad de opciones de conexi\u00f3n. Nuestras bombas cuentan con las certificaciones UL, CSA, TUV y CE. La l\u00ednea... Read more &raquo;","og_url":"https:\/\/c-m-p.com\/es\/productos-para-bao\/equipamiento\/bombas-para-bao\/","og_site_name":"CMP","article_modified_time":"2016-12-28T15:40:57+00:00","og_image":[{"width":500,"height":425,"url":"https:\/\/c-m-p.com\/wp-content\/uploads\/2018\/05\/nexxus-ii-pumps-feature-500x425.png","type":"image\/png"}],"schema":{"@context":"https:\/\/schema.org","@graph":[{"@type":"WebPage","@id":"https:\/\/c-m-p.com\/es\/productos-para-bao\/equipamiento\/bombas-para-bao\/","url":"https:\/\/c-m-p.com\/es\/productos-para-bao\/equipamiento\/bombas-para-bao\/","name":"Bombas para ba\u00f1o - CMP","isPartOf":{"@id":"https:\/\/c-m-p.com\/#website"},"primaryImageOfPage":{"@id":"https:\/\/c-m-p.com\/es\/productos-para-bao\/equipamiento\/bombas-para-bao\/#primaryimage"},"image":{"@id":"https:\/\/c-m-p.com\/es\/productos-para-bao\/equipamiento\/bombas-para-bao\/#primaryimage"},"thumbnailUrl":"https:\/\/www.c-m-p.com\/wp-content\/uploads\/2018\/05\/nexxus-ii-pumps-feature-500x425.png","datePublished":"2013-10-05T00:11:11+00:00","dateModified":"2016-12-28T15:40:57+00:00","breadcrumb":{"@id":"https:\/\/c-m-p.com\/es\/productos-para-bao\/equipamiento\/bombas-para-bao\/#breadcrumb"},"inLanguage":"es","potentialAction":[{"@type":"ReadAction","target":["https:\/\/c-m-p.com\/es\/productos-para-bao\/equipamiento\/bombas-para-bao\/"]}]},{"@type":"ImageObject","inLanguage":"es","@id":"https:\/\/c-m-p.com\/es\/productos-para-bao\/equipamiento\/bombas-para-bao\/#primaryimage","url":"https:\/\/www.c-m-p.com\/wp-content\/uploads\/2018\/05\/nexxus-ii-pumps-feature-500x425.png","contentUrl":"https:\/\/www.c-m-p.com\/wp-content\/uploads\/2018\/05\/nexxus-ii-pumps-feature-500x425.png","width":500,"height":425},{"@type":"BreadcrumbList","@id":"https:\/\/c-m-p.com\/es\/productos-para-bao\/equipamiento\/bombas-para-bao\/#breadcrumb","itemListElement":[{"@type":"ListItem","position":1,"name":"Home","item":"https:\/\/c-m-p.com\/es\/"},{"@type":"ListItem","position":2,"name":"Productos para ba\u00f1o","item":"https:\/\/c-m-p.com\/es\/productos-para-bao\/"},{"@type":"ListItem","position":3,"name":"Equipamiento","item":"https:\/\/c-m-p.com\/es\/productos-para-bao\/equipamiento\/"},{"@type":"ListItem","position":4,"name":"Bombas para ba\u00f1o"}]},{"@type":"WebSite","@id":"https:\/\/c-m-p.com\/#website","url":"https:\/\/c-m-p.com\/","name":"CMP","description":"Pool Products, Spa and Hot Tub Products","publisher":{"@id":"https:\/\/c-m-p.com\/#organization"},"potentialAction":[{"@type":"SearchAction","target":{"@type":"EntryPoint","urlTemplate":"https:\/\/c-m-p.com\/?s={search_term_string}"},"query-input":{"@type":"PropertyValueSpecification","valueRequired":true,"valueName":"search_term_string"}}],"inLanguage":"es"},{"@type":"Organization","@id":"https:\/\/c-m-p.com\/#organization","name":"CMP Pool & Spa Products","url":"https:\/\/c-m-p.com\/","logo":{"@type":"ImageObject","inLanguage":"es","@id":"https:\/\/c-m-p.com\/#\/schema\/logo\/image\/","url":"https:\/\/43ab809dfe.nxcli.io\/wp-content\/uploads\/2013\/10\/2013-CMP-Logo.jpg","contentUrl":"https:\/\/43ab809dfe.nxcli.io\/wp-content\/uploads\/2013\/10\/2013-CMP-Logo.jpg","width":1000,"height":247,"caption":"CMP Pool & Spa Products"},"image":{"@id":"https:\/\/c-m-p.com\/#\/schema\/logo\/image\/"}}]}},"_links":{"self":[{"href":"https:\/\/www.c-m-p.com\/es\/wp-json\/wp\/v2\/pages\/14079","targetHints":{"allow":["GET"]}}],"collection":[{"href":"https:\/\/www.c-m-p.com\/es\/wp-json\/wp\/v2\/pages"}],"about":[{"href":"https:\/\/www.c-m-p.com\/es\/wp-json\/wp\/v2\/types\/page"}],"author":[{"embeddable":true,"href":"https:\/\/www.c-m-p.com\/es\/wp-json\/wp\/v2\/users\/1"}],"replies":[{"embeddable":true,"href":"https:\/\/www.c-m-p.com\/es\/wp-json\/wp\/v2\/comments?post=14079"}],"version-history":[{"count":0,"href":"https:\/\/www.c-m-p.com\/es\/wp-json\/wp\/v2\/pages\/14079\/revisions"}],"up":[{"embeddable":true,"href":"https:\/\/www.c-m-p.com\/es\/wp-json\/wp\/v2\/pages\/14077"}],"wp:featuredmedia":[{"embeddable":true,"href":"https:\/\/www.c-m-p.com\/es\/wp-json\/wp\/v2\/media\/39092"}],"wp:attachment":[{"href":"https:\/\/www.c-m-p.com\/es\/wp-json\/wp\/v2\/media?parent=14079"}],"curies":[{"name":"wp","href":"https:\/\/api.w.org\/{rel}","templated":true}]}}