{"id":14084,"date":"2013-10-10T20:41:05","date_gmt":"2013-10-11T01:41:05","guid":{"rendered":"https:\/\/43ab809dfe.nxcli.io\/productos-para-bao\/caresse\/?lang=es"},"modified":"2016-12-28T10:59:36","modified_gmt":"2016-12-28T15:59:36","slug":"caresse","status":"publish","type":"page","link":"https:\/\/www.c-m-p.com\/es\/productos-para-bao\/caresse\/","title":{"rendered":"Caresse"},"content":{"rendered":"<p>Caresse ofrece una experiencia de ba\u00f1o de estilo laminar novedosa que presenta un sistema de bomba de funcionamiento silencioso (sin bombas ni vibraciones ruidosas) y un dise\u00f1o contempor\u00e1neo que se adapta a cualquier decoraci\u00f3n de ba\u00f1o. La mayor\u00eda de los chorros de masaje son tan fuertes que no permiten que uno se relaje; sin embargo, con la experiencia Caresse, el agua fluir suavemente alrededor de su cuerpo acariciando su piel con agua tibia. Combinada con calor relajante y cromoterapia por LED, la experiencia Caresse ser algo que nunca antes ha experimentado en su vida. Su cuerpo se lo agradecer.<\/p>\n","protected":false},"excerpt":{"rendered":"<p>Caresse ofrece una experiencia de ba\u00f1o de estilo laminar novedosa que presenta un sistema de bomba de funcionamiento silencioso (sin bombas ni vibraciones ruidosas) y un dise\u00f1o contempor\u00e1neo que se adapta a cualquier decoraci\u00f3n de ba\u00f1o. La mayor\u00eda de los chorros de masaje son tan fuertes que no permiten que uno se relaje; sin embargo,&#8230;  <a href=\"https:\/\/www.c-m-p.com\/es\/productos-para-bao\/caresse\/\" title=\"Read Caresse\">Read more &raquo;<\/a><\/p>\n","protected":false},"author":1,"featured_media":18395,"parent":14040,"menu_order":1000,"comment_status":"open","ping_status":"open","template":"rci-flex-template.php","meta":{"_acf_changed":false,"_oasis_is_in_workflow":0,"_oasis_original":0,"_mi_skip_tracking":false,"_monsterinsights_sitenote_active":false,"_monsterinsights_sitenote_note":"","_monsterinsights_sitenote_category":0,"footnotes":""},"class_list":["post-14084","page","type-page","status-publish","has-post-thumbnail","hentry"],"acf":[],"yoast_head":"<!-- This site is optimized with the Yoast SEO plugin v27.2 - https:\/\/yoast.com\/product\/yoast-seo-wordpress\/ -->\n<title>Caresse - CMP<\/title>\n<meta name=\"robots\" content=\"index, follow, max-snippet:-1, max-image-preview:large, max-video-preview:-1\" \/>\n<link rel=\"canonical\" href=\"https:\/\/c-m-p.com\/es\/productos-para-bao\/caresse\/\" \/>\n<meta property=\"og:locale\" content=\"es_ES\" \/>\n<meta property=\"og:type\" content=\"article\" \/>\n<meta property=\"og:title\" content=\"Caresse - CMP\" \/>\n<meta property=\"og:description\" content=\"Caresse ofrece una experiencia de ba\u00f1o de estilo laminar novedosa que presenta un sistema de bomba de funcionamiento silencioso (sin bombas ni vibraciones ruidosas) y un dise\u00f1o contempor\u00e1neo que se adapta a cualquier decoraci\u00f3n de ba\u00f1o. La mayor\u00eda de los chorros de masaje son tan fuertes que no permiten que uno se relaje; sin embargo,... Read more &raquo;\" \/>\n<meta property=\"og:url\" content=\"https:\/\/c-m-p.com\/es\/productos-para-bao\/caresse\/\" \/>\n<meta property=\"og:site_name\" content=\"CMP\" \/>\n<meta property=\"article:modified_time\" content=\"2016-12-28T15:59:36+00:00\" \/>\n<meta property=\"og:image\" content=\"https:\/\/c-m-p.com\/wp-content\/uploads\/2014\/04\/caresse-and-tub-feature.png\" \/>\n\t<meta property=\"og:image:width\" content=\"600\" \/>\n\t<meta property=\"og:image:height\" content=\"334\" \/>\n\t<meta property=\"og:image:type\" content=\"image\/png\" \/>\n<meta name=\"twitter:label1\" content=\"Tiempo de lectura\" \/>\n\t<meta name=\"twitter:data1\" content=\"1 minuto\" \/>\n<script type=\"application\/ld+json\" class=\"yoast-schema-graph\">{\"@context\":\"https:\/\/schema.org\",\"@graph\":[{\"@type\":\"WebPage\",\"@id\":\"https:\/\/c-m-p.com\/es\/productos-para-bao\/caresse\/\",\"url\":\"https:\/\/c-m-p.com\/es\/productos-para-bao\/caresse\/\",\"name\":\"Caresse - CMP\",\"isPartOf\":{\"@id\":\"https:\/\/c-m-p.com\/#website\"},\"primaryImageOfPage\":{\"@id\":\"https:\/\/c-m-p.com\/es\/productos-para-bao\/caresse\/#primaryimage\"},\"image\":{\"@id\":\"https:\/\/c-m-p.com\/es\/productos-para-bao\/caresse\/#primaryimage\"},\"thumbnailUrl\":\"https:\/\/www.c-m-p.com\/wp-content\/uploads\/2014\/04\/caresse-and-tub-feature.png\",\"datePublished\":\"2013-10-11T01:41:05+00:00\",\"dateModified\":\"2016-12-28T15:59:36+00:00\",\"breadcrumb\":{\"@id\":\"https:\/\/c-m-p.com\/es\/productos-para-bao\/caresse\/#breadcrumb\"},\"inLanguage\":\"es\",\"potentialAction\":[{\"@type\":\"ReadAction\",\"target\":[\"https:\/\/c-m-p.com\/es\/productos-para-bao\/caresse\/\"]}]},{\"@type\":\"ImageObject\",\"inLanguage\":\"es\",\"@id\":\"https:\/\/c-m-p.com\/es\/productos-para-bao\/caresse\/#primaryimage\",\"url\":\"https:\/\/www.c-m-p.com\/wp-content\/uploads\/2014\/04\/caresse-and-tub-feature.png\",\"contentUrl\":\"https:\/\/www.c-m-p.com\/wp-content\/uploads\/2014\/04\/caresse-and-tub-feature.png\",\"width\":600,\"height\":334,\"caption\":\"Caresse\"},{\"@type\":\"BreadcrumbList\",\"@id\":\"https:\/\/c-m-p.com\/es\/productos-para-bao\/caresse\/#breadcrumb\",\"itemListElement\":[{\"@type\":\"ListItem\",\"position\":1,\"name\":\"Home\",\"item\":\"https:\/\/c-m-p.com\/es\/\"},{\"@type\":\"ListItem\",\"position\":2,\"name\":\"Productos para ba\u00f1o\",\"item\":\"https:\/\/c-m-p.com\/es\/productos-para-bao\/\"},{\"@type\":\"ListItem\",\"position\":3,\"name\":\"Caresse\"}]},{\"@type\":\"WebSite\",\"@id\":\"https:\/\/c-m-p.com\/#website\",\"url\":\"https:\/\/c-m-p.com\/\",\"name\":\"CMP\",\"description\":\"Pool Products, Spa and Hot Tub Products\",\"publisher\":{\"@id\":\"https:\/\/c-m-p.com\/#organization\"},\"potentialAction\":[{\"@type\":\"SearchAction\",\"target\":{\"@type\":\"EntryPoint\",\"urlTemplate\":\"https:\/\/c-m-p.com\/?s={search_term_string}\"},\"query-input\":{\"@type\":\"PropertyValueSpecification\",\"valueRequired\":true,\"valueName\":\"search_term_string\"}}],\"inLanguage\":\"es\"},{\"@type\":\"Organization\",\"@id\":\"https:\/\/c-m-p.com\/#organization\",\"name\":\"CMP Pool & Spa Products\",\"url\":\"https:\/\/c-m-p.com\/\",\"logo\":{\"@type\":\"ImageObject\",\"inLanguage\":\"es\",\"@id\":\"https:\/\/c-m-p.com\/#\/schema\/logo\/image\/\",\"url\":\"https:\/\/43ab809dfe.nxcli.io\/wp-content\/uploads\/2013\/10\/2013-CMP-Logo.jpg\",\"contentUrl\":\"https:\/\/43ab809dfe.nxcli.io\/wp-content\/uploads\/2013\/10\/2013-CMP-Logo.jpg\",\"width\":1000,\"height\":247,\"caption\":\"CMP Pool & Spa Products\"},\"image\":{\"@id\":\"https:\/\/c-m-p.com\/#\/schema\/logo\/image\/\"}}]}<\/script>\n<!-- \/ Yoast SEO plugin. -->","yoast_head_json":{"title":"Caresse - CMP","robots":{"index":"index","follow":"follow","max-snippet":"max-snippet:-1","max-image-preview":"max-image-preview:large","max-video-preview":"max-video-preview:-1"},"canonical":"https:\/\/c-m-p.com\/es\/productos-para-bao\/caresse\/","og_locale":"es_ES","og_type":"article","og_title":"Caresse - CMP","og_description":"Caresse ofrece una experiencia de ba\u00f1o de estilo laminar novedosa que presenta un sistema de bomba de funcionamiento silencioso (sin bombas ni vibraciones ruidosas) y un dise\u00f1o contempor\u00e1neo que se adapta a cualquier decoraci\u00f3n de ba\u00f1o. La mayor\u00eda de los chorros de masaje son tan fuertes que no permiten que uno se relaje; sin embargo,... Read more &raquo;","og_url":"https:\/\/c-m-p.com\/es\/productos-para-bao\/caresse\/","og_site_name":"CMP","article_modified_time":"2016-12-28T15:59:36+00:00","og_image":[{"width":600,"height":334,"url":"https:\/\/c-m-p.com\/wp-content\/uploads\/2014\/04\/caresse-and-tub-feature.png","type":"image\/png"}],"twitter_misc":{"Tiempo de lectura":"1 minuto"},"schema":{"@context":"https:\/\/schema.org","@graph":[{"@type":"WebPage","@id":"https:\/\/c-m-p.com\/es\/productos-para-bao\/caresse\/","url":"https:\/\/c-m-p.com\/es\/productos-para-bao\/caresse\/","name":"Caresse - CMP","isPartOf":{"@id":"https:\/\/c-m-p.com\/#website"},"primaryImageOfPage":{"@id":"https:\/\/c-m-p.com\/es\/productos-para-bao\/caresse\/#primaryimage"},"image":{"@id":"https:\/\/c-m-p.com\/es\/productos-para-bao\/caresse\/#primaryimage"},"thumbnailUrl":"https:\/\/www.c-m-p.com\/wp-content\/uploads\/2014\/04\/caresse-and-tub-feature.png","datePublished":"2013-10-11T01:41:05+00:00","dateModified":"2016-12-28T15:59:36+00:00","breadcrumb":{"@id":"https:\/\/c-m-p.com\/es\/productos-para-bao\/caresse\/#breadcrumb"},"inLanguage":"es","potentialAction":[{"@type":"ReadAction","target":["https:\/\/c-m-p.com\/es\/productos-para-bao\/caresse\/"]}]},{"@type":"ImageObject","inLanguage":"es","@id":"https:\/\/c-m-p.com\/es\/productos-para-bao\/caresse\/#primaryimage","url":"https:\/\/www.c-m-p.com\/wp-content\/uploads\/2014\/04\/caresse-and-tub-feature.png","contentUrl":"https:\/\/www.c-m-p.com\/wp-content\/uploads\/2014\/04\/caresse-and-tub-feature.png","width":600,"height":334,"caption":"Caresse"},{"@type":"BreadcrumbList","@id":"https:\/\/c-m-p.com\/es\/productos-para-bao\/caresse\/#breadcrumb","itemListElement":[{"@type":"ListItem","position":1,"name":"Home","item":"https:\/\/c-m-p.com\/es\/"},{"@type":"ListItem","position":2,"name":"Productos para ba\u00f1o","item":"https:\/\/c-m-p.com\/es\/productos-para-bao\/"},{"@type":"ListItem","position":3,"name":"Caresse"}]},{"@type":"WebSite","@id":"https:\/\/c-m-p.com\/#website","url":"https:\/\/c-m-p.com\/","name":"CMP","description":"Pool Products, Spa and Hot Tub Products","publisher":{"@id":"https:\/\/c-m-p.com\/#organization"},"potentialAction":[{"@type":"SearchAction","target":{"@type":"EntryPoint","urlTemplate":"https:\/\/c-m-p.com\/?s={search_term_string}"},"query-input":{"@type":"PropertyValueSpecification","valueRequired":true,"valueName":"search_term_string"}}],"inLanguage":"es"},{"@type":"Organization","@id":"https:\/\/c-m-p.com\/#organization","name":"CMP Pool & Spa Products","url":"https:\/\/c-m-p.com\/","logo":{"@type":"ImageObject","inLanguage":"es","@id":"https:\/\/c-m-p.com\/#\/schema\/logo\/image\/","url":"https:\/\/43ab809dfe.nxcli.io\/wp-content\/uploads\/2013\/10\/2013-CMP-Logo.jpg","contentUrl":"https:\/\/43ab809dfe.nxcli.io\/wp-content\/uploads\/2013\/10\/2013-CMP-Logo.jpg","width":1000,"height":247,"caption":"CMP Pool & Spa Products"},"image":{"@id":"https:\/\/c-m-p.com\/#\/schema\/logo\/image\/"}}]}},"_links":{"self":[{"href":"https:\/\/www.c-m-p.com\/es\/wp-json\/wp\/v2\/pages\/14084","targetHints":{"allow":["GET"]}}],"collection":[{"href":"https:\/\/www.c-m-p.com\/es\/wp-json\/wp\/v2\/pages"}],"about":[{"href":"https:\/\/www.c-m-p.com\/es\/wp-json\/wp\/v2\/types\/page"}],"author":[{"embeddable":true,"href":"https:\/\/www.c-m-p.com\/es\/wp-json\/wp\/v2\/users\/1"}],"replies":[{"embeddable":true,"href":"https:\/\/www.c-m-p.com\/es\/wp-json\/wp\/v2\/comments?post=14084"}],"version-history":[{"count":0,"href":"https:\/\/www.c-m-p.com\/es\/wp-json\/wp\/v2\/pages\/14084\/revisions"}],"up":[{"embeddable":true,"href":"https:\/\/www.c-m-p.com\/es\/wp-json\/wp\/v2\/pages\/14040"}],"wp:featuredmedia":[{"embeddable":true,"href":"https:\/\/www.c-m-p.com\/es\/wp-json\/wp\/v2\/media\/18395"}],"wp:attachment":[{"href":"https:\/\/www.c-m-p.com\/es\/wp-json\/wp\/v2\/media?parent=14084"}],"curies":[{"name":"wp","href":"https:\/\/api.w.org\/{rel}","templated":true}]}}