{"id":14138,"date":"2013-10-10T20:20:27","date_gmt":"2013-10-11T01:20:27","guid":{"rendered":"https:\/\/43ab809dfe.nxcli.io\/vlvulas-desviadoras-hydroseal\/?lang=es"},"modified":"2016-12-16T15:16:39","modified_gmt":"2016-12-16T20:16:39","slug":"vlvulas-desviadoras-hydroseal","status":"publish","type":"page","link":"https:\/\/www.c-m-p.com\/es\/productos-para-piscina\/vlvulas-para-piscina\/vlvulas-desviadoras-hydroseal\/","title":{"rendered":"V\u00e1lvulas desviadoras HydroSeal"},"content":{"rendered":"<p>La familia de v\u00e1lvulas desviadoras HydroSeal tiene un dise\u00f1o t\u00e9cnico avanzado que permite superar el de las v\u00e1lvulas desviadoras de la competencia y proporciona rendimiento, calidad y valor. El sello de silicona recubierto con Teflon de Hydroseal no requiere lubricaci\u00f3n para funcionar sin necesidad de mantenimiento y el dial tiene 32 ajustes diferentes de parada que permiten un control \u00f3ptimo. Existen leng\u00fcetas de flujo en ingls y en espa\u00f1ol que explican los puertos al usuario y tambi\u00e9n indican la posici\u00f3n de flujo.<\/p>\n","protected":false},"excerpt":{"rendered":"<p>La familia de v\u00e1lvulas desviadoras HydroSeal tiene un dise\u00f1o t\u00e9cnico avanzado que permite superar el de las v\u00e1lvulas desviadoras de la competencia y proporciona rendimiento, calidad y valor. El sello de silicona recubierto con Teflon de Hydroseal no requiere lubricaci\u00f3n para funcionar sin necesidad de mantenimiento y el dial tiene 32 ajustes diferentes de parada&#8230;  <a href=\"https:\/\/www.c-m-p.com\/es\/productos-para-piscina\/vlvulas-para-piscina\/vlvulas-desviadoras-hydroseal\/\" title=\"Read V\u00e1lvulas desviadoras HydroSeal\">Read more &raquo;<\/a><\/p>\n","protected":false},"author":1,"featured_media":17196,"parent":14305,"menu_order":800,"comment_status":"open","ping_status":"open","template":"rci-flex-template.php","meta":{"_acf_changed":false,"_oasis_is_in_workflow":0,"_oasis_original":0,"_mi_skip_tracking":false,"_monsterinsights_sitenote_active":false,"_monsterinsights_sitenote_note":"","_monsterinsights_sitenote_category":0,"footnotes":""},"class_list":["post-14138","page","type-page","status-publish","has-post-thumbnail","hentry"],"acf":[],"yoast_head":"<!-- This site is optimized with the Yoast SEO plugin v27.2 - https:\/\/yoast.com\/product\/yoast-seo-wordpress\/ -->\n<title>V\u00e1lvulas desviadoras HydroSeal - CMP<\/title>\n<meta name=\"robots\" content=\"index, follow, max-snippet:-1, max-image-preview:large, max-video-preview:-1\" \/>\n<link rel=\"canonical\" href=\"https:\/\/c-m-p.com\/es\/productos-para-piscina\/vlvulas-para-piscina\/vlvulas-desviadoras-hydroseal\/\" \/>\n<meta property=\"og:locale\" content=\"es_ES\" \/>\n<meta property=\"og:type\" content=\"article\" \/>\n<meta property=\"og:title\" content=\"V\u00e1lvulas desviadoras HydroSeal - CMP\" \/>\n<meta property=\"og:description\" content=\"La familia de v\u00e1lvulas desviadoras HydroSeal tiene un dise\u00f1o t\u00e9cnico avanzado que permite superar el de las v\u00e1lvulas desviadoras de la competencia y proporciona rendimiento, calidad y valor. El sello de silicona recubierto con Teflon de Hydroseal no requiere lubricaci\u00f3n para funcionar sin necesidad de mantenimiento y el dial tiene 32 ajustes diferentes de parada... Read more &raquo;\" \/>\n<meta property=\"og:url\" content=\"https:\/\/c-m-p.com\/es\/productos-para-piscina\/vlvulas-para-piscina\/vlvulas-desviadoras-hydroseal\/\" \/>\n<meta property=\"og:site_name\" content=\"CMP\" \/>\n<meta property=\"article:modified_time\" content=\"2016-12-16T20:16:39+00:00\" \/>\n<meta property=\"og:image\" content=\"https:\/\/c-m-p.com\/wp-content\/uploads\/2013\/11\/25933-154-000-diverter-3-way-gray.png\" \/>\n\t<meta property=\"og:image:width\" content=\"415\" \/>\n\t<meta property=\"og:image:height\" content=\"400\" \/>\n\t<meta property=\"og:image:type\" content=\"image\/png\" \/>\n<script type=\"application\/ld+json\" class=\"yoast-schema-graph\">{\"@context\":\"https:\/\/schema.org\",\"@graph\":[{\"@type\":\"WebPage\",\"@id\":\"https:\/\/c-m-p.com\/es\/productos-para-piscina\/vlvulas-para-piscina\/vlvulas-desviadoras-hydroseal\/\",\"url\":\"https:\/\/c-m-p.com\/es\/productos-para-piscina\/vlvulas-para-piscina\/vlvulas-desviadoras-hydroseal\/\",\"name\":\"V\u00e1lvulas desviadoras HydroSeal - CMP\",\"isPartOf\":{\"@id\":\"https:\/\/c-m-p.com\/#website\"},\"primaryImageOfPage\":{\"@id\":\"https:\/\/c-m-p.com\/es\/productos-para-piscina\/vlvulas-para-piscina\/vlvulas-desviadoras-hydroseal\/#primaryimage\"},\"image\":{\"@id\":\"https:\/\/c-m-p.com\/es\/productos-para-piscina\/vlvulas-para-piscina\/vlvulas-desviadoras-hydroseal\/#primaryimage\"},\"thumbnailUrl\":\"https:\/\/www.c-m-p.com\/wp-content\/uploads\/2013\/11\/25933-154-000-diverter-3-way-gray.png\",\"datePublished\":\"2013-10-11T01:20:27+00:00\",\"dateModified\":\"2016-12-16T20:16:39+00:00\",\"breadcrumb\":{\"@id\":\"https:\/\/c-m-p.com\/es\/productos-para-piscina\/vlvulas-para-piscina\/vlvulas-desviadoras-hydroseal\/#breadcrumb\"},\"inLanguage\":\"es\",\"potentialAction\":[{\"@type\":\"ReadAction\",\"target\":[\"https:\/\/c-m-p.com\/es\/productos-para-piscina\/vlvulas-para-piscina\/vlvulas-desviadoras-hydroseal\/\"]}]},{\"@type\":\"ImageObject\",\"inLanguage\":\"es\",\"@id\":\"https:\/\/c-m-p.com\/es\/productos-para-piscina\/vlvulas-para-piscina\/vlvulas-desviadoras-hydroseal\/#primaryimage\",\"url\":\"https:\/\/www.c-m-p.com\/wp-content\/uploads\/2013\/11\/25933-154-000-diverter-3-way-gray.png\",\"contentUrl\":\"https:\/\/www.c-m-p.com\/wp-content\/uploads\/2013\/11\/25933-154-000-diverter-3-way-gray.png\",\"width\":415,\"height\":400},{\"@type\":\"BreadcrumbList\",\"@id\":\"https:\/\/c-m-p.com\/es\/productos-para-piscina\/vlvulas-para-piscina\/vlvulas-desviadoras-hydroseal\/#breadcrumb\",\"itemListElement\":[{\"@type\":\"ListItem\",\"position\":1,\"name\":\"Home\",\"item\":\"https:\/\/c-m-p.com\/es\/\"},{\"@type\":\"ListItem\",\"position\":2,\"name\":\"Productos para piscinas\",\"item\":\"https:\/\/c-m-p.com\/es\/productos-para-piscina\/\"},{\"@type\":\"ListItem\",\"position\":3,\"name\":\"Vlvulas para piscina\",\"item\":\"https:\/\/c-m-p.com\/es\/productos-para-piscina\/vlvulas-para-piscina\/\"},{\"@type\":\"ListItem\",\"position\":4,\"name\":\"V\u00e1lvulas desviadoras HydroSeal\"}]},{\"@type\":\"WebSite\",\"@id\":\"https:\/\/c-m-p.com\/#website\",\"url\":\"https:\/\/c-m-p.com\/\",\"name\":\"CMP\",\"description\":\"Pool Products, Spa and Hot Tub Products\",\"publisher\":{\"@id\":\"https:\/\/c-m-p.com\/#organization\"},\"potentialAction\":[{\"@type\":\"SearchAction\",\"target\":{\"@type\":\"EntryPoint\",\"urlTemplate\":\"https:\/\/c-m-p.com\/?s={search_term_string}\"},\"query-input\":{\"@type\":\"PropertyValueSpecification\",\"valueRequired\":true,\"valueName\":\"search_term_string\"}}],\"inLanguage\":\"es\"},{\"@type\":\"Organization\",\"@id\":\"https:\/\/c-m-p.com\/#organization\",\"name\":\"CMP Pool & Spa Products\",\"url\":\"https:\/\/c-m-p.com\/\",\"logo\":{\"@type\":\"ImageObject\",\"inLanguage\":\"es\",\"@id\":\"https:\/\/c-m-p.com\/#\/schema\/logo\/image\/\",\"url\":\"https:\/\/43ab809dfe.nxcli.io\/wp-content\/uploads\/2013\/10\/2013-CMP-Logo.jpg\",\"contentUrl\":\"https:\/\/43ab809dfe.nxcli.io\/wp-content\/uploads\/2013\/10\/2013-CMP-Logo.jpg\",\"width\":1000,\"height\":247,\"caption\":\"CMP Pool & Spa Products\"},\"image\":{\"@id\":\"https:\/\/c-m-p.com\/#\/schema\/logo\/image\/\"}}]}<\/script>\n<!-- \/ Yoast SEO plugin. -->","yoast_head_json":{"title":"V\u00e1lvulas desviadoras HydroSeal - CMP","robots":{"index":"index","follow":"follow","max-snippet":"max-snippet:-1","max-image-preview":"max-image-preview:large","max-video-preview":"max-video-preview:-1"},"canonical":"https:\/\/c-m-p.com\/es\/productos-para-piscina\/vlvulas-para-piscina\/vlvulas-desviadoras-hydroseal\/","og_locale":"es_ES","og_type":"article","og_title":"V\u00e1lvulas desviadoras HydroSeal - CMP","og_description":"La familia de v\u00e1lvulas desviadoras HydroSeal tiene un dise\u00f1o t\u00e9cnico avanzado que permite superar el de las v\u00e1lvulas desviadoras de la competencia y proporciona rendimiento, calidad y valor. El sello de silicona recubierto con Teflon de Hydroseal no requiere lubricaci\u00f3n para funcionar sin necesidad de mantenimiento y el dial tiene 32 ajustes diferentes de parada... Read more &raquo;","og_url":"https:\/\/c-m-p.com\/es\/productos-para-piscina\/vlvulas-para-piscina\/vlvulas-desviadoras-hydroseal\/","og_site_name":"CMP","article_modified_time":"2016-12-16T20:16:39+00:00","og_image":[{"width":415,"height":400,"url":"https:\/\/c-m-p.com\/wp-content\/uploads\/2013\/11\/25933-154-000-diverter-3-way-gray.png","type":"image\/png"}],"schema":{"@context":"https:\/\/schema.org","@graph":[{"@type":"WebPage","@id":"https:\/\/c-m-p.com\/es\/productos-para-piscina\/vlvulas-para-piscina\/vlvulas-desviadoras-hydroseal\/","url":"https:\/\/c-m-p.com\/es\/productos-para-piscina\/vlvulas-para-piscina\/vlvulas-desviadoras-hydroseal\/","name":"V\u00e1lvulas desviadoras HydroSeal - CMP","isPartOf":{"@id":"https:\/\/c-m-p.com\/#website"},"primaryImageOfPage":{"@id":"https:\/\/c-m-p.com\/es\/productos-para-piscina\/vlvulas-para-piscina\/vlvulas-desviadoras-hydroseal\/#primaryimage"},"image":{"@id":"https:\/\/c-m-p.com\/es\/productos-para-piscina\/vlvulas-para-piscina\/vlvulas-desviadoras-hydroseal\/#primaryimage"},"thumbnailUrl":"https:\/\/www.c-m-p.com\/wp-content\/uploads\/2013\/11\/25933-154-000-diverter-3-way-gray.png","datePublished":"2013-10-11T01:20:27+00:00","dateModified":"2016-12-16T20:16:39+00:00","breadcrumb":{"@id":"https:\/\/c-m-p.com\/es\/productos-para-piscina\/vlvulas-para-piscina\/vlvulas-desviadoras-hydroseal\/#breadcrumb"},"inLanguage":"es","potentialAction":[{"@type":"ReadAction","target":["https:\/\/c-m-p.com\/es\/productos-para-piscina\/vlvulas-para-piscina\/vlvulas-desviadoras-hydroseal\/"]}]},{"@type":"ImageObject","inLanguage":"es","@id":"https:\/\/c-m-p.com\/es\/productos-para-piscina\/vlvulas-para-piscina\/vlvulas-desviadoras-hydroseal\/#primaryimage","url":"https:\/\/www.c-m-p.com\/wp-content\/uploads\/2013\/11\/25933-154-000-diverter-3-way-gray.png","contentUrl":"https:\/\/www.c-m-p.com\/wp-content\/uploads\/2013\/11\/25933-154-000-diverter-3-way-gray.png","width":415,"height":400},{"@type":"BreadcrumbList","@id":"https:\/\/c-m-p.com\/es\/productos-para-piscina\/vlvulas-para-piscina\/vlvulas-desviadoras-hydroseal\/#breadcrumb","itemListElement":[{"@type":"ListItem","position":1,"name":"Home","item":"https:\/\/c-m-p.com\/es\/"},{"@type":"ListItem","position":2,"name":"Productos para piscinas","item":"https:\/\/c-m-p.com\/es\/productos-para-piscina\/"},{"@type":"ListItem","position":3,"name":"Vlvulas para piscina","item":"https:\/\/c-m-p.com\/es\/productos-para-piscina\/vlvulas-para-piscina\/"},{"@type":"ListItem","position":4,"name":"V\u00e1lvulas desviadoras HydroSeal"}]},{"@type":"WebSite","@id":"https:\/\/c-m-p.com\/#website","url":"https:\/\/c-m-p.com\/","name":"CMP","description":"Pool Products, Spa and Hot Tub Products","publisher":{"@id":"https:\/\/c-m-p.com\/#organization"},"potentialAction":[{"@type":"SearchAction","target":{"@type":"EntryPoint","urlTemplate":"https:\/\/c-m-p.com\/?s={search_term_string}"},"query-input":{"@type":"PropertyValueSpecification","valueRequired":true,"valueName":"search_term_string"}}],"inLanguage":"es"},{"@type":"Organization","@id":"https:\/\/c-m-p.com\/#organization","name":"CMP Pool & Spa Products","url":"https:\/\/c-m-p.com\/","logo":{"@type":"ImageObject","inLanguage":"es","@id":"https:\/\/c-m-p.com\/#\/schema\/logo\/image\/","url":"https:\/\/43ab809dfe.nxcli.io\/wp-content\/uploads\/2013\/10\/2013-CMP-Logo.jpg","contentUrl":"https:\/\/43ab809dfe.nxcli.io\/wp-content\/uploads\/2013\/10\/2013-CMP-Logo.jpg","width":1000,"height":247,"caption":"CMP Pool & Spa Products"},"image":{"@id":"https:\/\/c-m-p.com\/#\/schema\/logo\/image\/"}}]}},"_links":{"self":[{"href":"https:\/\/www.c-m-p.com\/es\/wp-json\/wp\/v2\/pages\/14138","targetHints":{"allow":["GET"]}}],"collection":[{"href":"https:\/\/www.c-m-p.com\/es\/wp-json\/wp\/v2\/pages"}],"about":[{"href":"https:\/\/www.c-m-p.com\/es\/wp-json\/wp\/v2\/types\/page"}],"author":[{"embeddable":true,"href":"https:\/\/www.c-m-p.com\/es\/wp-json\/wp\/v2\/users\/1"}],"replies":[{"embeddable":true,"href":"https:\/\/www.c-m-p.com\/es\/wp-json\/wp\/v2\/comments?post=14138"}],"version-history":[{"count":0,"href":"https:\/\/www.c-m-p.com\/es\/wp-json\/wp\/v2\/pages\/14138\/revisions"}],"up":[{"embeddable":true,"href":"https:\/\/www.c-m-p.com\/es\/wp-json\/wp\/v2\/pages\/14305"}],"wp:featuredmedia":[{"embeddable":true,"href":"https:\/\/www.c-m-p.com\/es\/wp-json\/wp\/v2\/media\/17196"}],"wp:attachment":[{"href":"https:\/\/www.c-m-p.com\/es\/wp-json\/wp\/v2\/media?parent=14138"}],"curies":[{"name":"wp","href":"https:\/\/api.w.org\/{rel}","templated":true}]}}