{"id":14242,"date":"2015-12-09T11:22:19","date_gmt":"2015-12-09T16:22:19","guid":{"rendered":"https:\/\/43ab809dfe.nxcli.io\/cascada-con-cada-de-lluvia-natural-wonders\/?lang=es"},"modified":"2016-12-28T13:46:13","modified_gmt":"2016-12-28T18:46:13","slug":"cascada-con-cada-de-lluvia-natural-wonders","status":"publish","type":"page","link":"https:\/\/www.c-m-p.com\/es\/estructuras-ornamentales-de-agua-2\/cascada-con-cada-de-lluvia-natural-wonders\/","title":{"rendered":"Cascada con cada de lluvia Natural Wonders"},"content":{"rendered":"<p align=\"LEFT\">El dise\u00f1o de borde transparente de la cascada con cada de lluvia Natural Wonders permite integrar en cualquier entorno. Los colores de cer\u00e1micas, rocas o cemento adyacentes se transmiten a trav\u00e9s del material transparente y se reflejan en todo el borde. Esta caracter\u00edstica integra la cascada con cada de lluvia en cualquier instalaci\u00f3n.<\/p>\n","protected":false},"excerpt":{"rendered":"<p>El dise\u00f1o de borde transparente de la cascada con cada de lluvia Natural Wonders permite integrar en cualquier entorno. Los colores de cer\u00e1micas, rocas o cemento adyacentes se transmiten a trav\u00e9s del material transparente y se reflejan en todo el borde. Esta caracter\u00edstica integra la cascada con cada de lluvia en cualquier instalaci\u00f3n.<\/p>\n","protected":false},"author":3,"featured_media":17909,"parent":14488,"menu_order":0,"comment_status":"open","ping_status":"open","template":"templates\/collection_page.php","meta":{"_acf_changed":false,"_oasis_is_in_workflow":0,"_oasis_original":0,"_mi_skip_tracking":false,"_monsterinsights_sitenote_active":false,"_monsterinsights_sitenote_note":"","_monsterinsights_sitenote_category":0,"footnotes":""},"class_list":["post-14242","page","type-page","status-publish","has-post-thumbnail","hentry"],"acf":[],"yoast_head":"<!-- This site is optimized with the Yoast SEO plugin v27.2 - https:\/\/yoast.com\/product\/yoast-seo-wordpress\/ -->\n<title>Cascada con cada de lluvia Natural Wonders - CMP<\/title>\n<meta name=\"robots\" content=\"index, follow, max-snippet:-1, max-image-preview:large, max-video-preview:-1\" \/>\n<link rel=\"canonical\" href=\"https:\/\/c-m-p.com\/es\/estructuras-ornamentales-de-agua-2\/cascada-con-cada-de-lluvia-natural-wonders\/\" \/>\n<meta property=\"og:locale\" content=\"es_ES\" \/>\n<meta property=\"og:type\" content=\"article\" \/>\n<meta property=\"og:title\" content=\"Cascada con cada de lluvia Natural Wonders - CMP\" \/>\n<meta property=\"og:description\" content=\"El dise\u00f1o de borde transparente de la cascada con cada de lluvia Natural Wonders permite integrar en cualquier entorno. Los colores de cer\u00e1micas, rocas o cemento adyacentes se transmiten a trav\u00e9s del material transparente y se reflejan en todo el borde. Esta caracter\u00edstica integra la cascada con cada de lluvia en cualquier instalaci\u00f3n.\" \/>\n<meta property=\"og:url\" content=\"https:\/\/c-m-p.com\/es\/estructuras-ornamentales-de-agua-2\/cascada-con-cada-de-lluvia-natural-wonders\/\" \/>\n<meta property=\"og:site_name\" content=\"CMP\" \/>\n<meta property=\"article:modified_time\" content=\"2016-12-28T18:46:13+00:00\" \/>\n<meta property=\"og:image\" content=\"https:\/\/c-m-p.com\/wp-content\/uploads\/2014\/02\/25587-rain-fall1.png\" \/>\n\t<meta property=\"og:image:width\" content=\"1067\" \/>\n\t<meta property=\"og:image:height\" content=\"450\" \/>\n\t<meta property=\"og:image:type\" content=\"image\/png\" \/>\n<script type=\"application\/ld+json\" class=\"yoast-schema-graph\">{\"@context\":\"https:\/\/schema.org\",\"@graph\":[{\"@type\":\"WebPage\",\"@id\":\"https:\/\/c-m-p.com\/es\/estructuras-ornamentales-de-agua-2\/cascada-con-cada-de-lluvia-natural-wonders\/\",\"url\":\"https:\/\/c-m-p.com\/es\/estructuras-ornamentales-de-agua-2\/cascada-con-cada-de-lluvia-natural-wonders\/\",\"name\":\"Cascada con cada de lluvia Natural Wonders - CMP\",\"isPartOf\":{\"@id\":\"https:\/\/c-m-p.com\/#website\"},\"primaryImageOfPage\":{\"@id\":\"https:\/\/c-m-p.com\/es\/estructuras-ornamentales-de-agua-2\/cascada-con-cada-de-lluvia-natural-wonders\/#primaryimage\"},\"image\":{\"@id\":\"https:\/\/c-m-p.com\/es\/estructuras-ornamentales-de-agua-2\/cascada-con-cada-de-lluvia-natural-wonders\/#primaryimage\"},\"thumbnailUrl\":\"https:\/\/www.c-m-p.com\/wp-content\/uploads\/2014\/02\/25587-rain-fall1.png\",\"datePublished\":\"2015-12-09T16:22:19+00:00\",\"dateModified\":\"2016-12-28T18:46:13+00:00\",\"breadcrumb\":{\"@id\":\"https:\/\/c-m-p.com\/es\/estructuras-ornamentales-de-agua-2\/cascada-con-cada-de-lluvia-natural-wonders\/#breadcrumb\"},\"inLanguage\":\"es\",\"potentialAction\":[{\"@type\":\"ReadAction\",\"target\":[\"https:\/\/c-m-p.com\/es\/estructuras-ornamentales-de-agua-2\/cascada-con-cada-de-lluvia-natural-wonders\/\"]}]},{\"@type\":\"ImageObject\",\"inLanguage\":\"es\",\"@id\":\"https:\/\/c-m-p.com\/es\/estructuras-ornamentales-de-agua-2\/cascada-con-cada-de-lluvia-natural-wonders\/#primaryimage\",\"url\":\"https:\/\/www.c-m-p.com\/wp-content\/uploads\/2014\/02\/25587-rain-fall1.png\",\"contentUrl\":\"https:\/\/www.c-m-p.com\/wp-content\/uploads\/2014\/02\/25587-rain-fall1.png\",\"width\":1067,\"height\":450},{\"@type\":\"BreadcrumbList\",\"@id\":\"https:\/\/c-m-p.com\/es\/estructuras-ornamentales-de-agua-2\/cascada-con-cada-de-lluvia-natural-wonders\/#breadcrumb\",\"itemListElement\":[{\"@type\":\"ListItem\",\"position\":1,\"name\":\"Home\",\"item\":\"https:\/\/c-m-p.com\/es\/\"},{\"@type\":\"ListItem\",\"position\":2,\"name\":\"Estructuras ornamentales de agua\",\"item\":\"https:\/\/c-m-p.com\/es\/estructuras-ornamentales-de-agua-2\/\"},{\"@type\":\"ListItem\",\"position\":3,\"name\":\"Cascada con cada de lluvia Natural Wonders\"}]},{\"@type\":\"WebSite\",\"@id\":\"https:\/\/c-m-p.com\/#website\",\"url\":\"https:\/\/c-m-p.com\/\",\"name\":\"CMP\",\"description\":\"Pool Products, Spa and Hot Tub Products\",\"publisher\":{\"@id\":\"https:\/\/c-m-p.com\/#organization\"},\"potentialAction\":[{\"@type\":\"SearchAction\",\"target\":{\"@type\":\"EntryPoint\",\"urlTemplate\":\"https:\/\/c-m-p.com\/?s={search_term_string}\"},\"query-input\":{\"@type\":\"PropertyValueSpecification\",\"valueRequired\":true,\"valueName\":\"search_term_string\"}}],\"inLanguage\":\"es\"},{\"@type\":\"Organization\",\"@id\":\"https:\/\/c-m-p.com\/#organization\",\"name\":\"CMP Pool & Spa Products\",\"url\":\"https:\/\/c-m-p.com\/\",\"logo\":{\"@type\":\"ImageObject\",\"inLanguage\":\"es\",\"@id\":\"https:\/\/c-m-p.com\/#\/schema\/logo\/image\/\",\"url\":\"https:\/\/43ab809dfe.nxcli.io\/wp-content\/uploads\/2013\/10\/2013-CMP-Logo.jpg\",\"contentUrl\":\"https:\/\/43ab809dfe.nxcli.io\/wp-content\/uploads\/2013\/10\/2013-CMP-Logo.jpg\",\"width\":1000,\"height\":247,\"caption\":\"CMP Pool & Spa Products\"},\"image\":{\"@id\":\"https:\/\/c-m-p.com\/#\/schema\/logo\/image\/\"}}]}<\/script>\n<!-- \/ Yoast SEO plugin. -->","yoast_head_json":{"title":"Cascada con cada de lluvia Natural Wonders - CMP","robots":{"index":"index","follow":"follow","max-snippet":"max-snippet:-1","max-image-preview":"max-image-preview:large","max-video-preview":"max-video-preview:-1"},"canonical":"https:\/\/c-m-p.com\/es\/estructuras-ornamentales-de-agua-2\/cascada-con-cada-de-lluvia-natural-wonders\/","og_locale":"es_ES","og_type":"article","og_title":"Cascada con cada de lluvia Natural Wonders - CMP","og_description":"El dise\u00f1o de borde transparente de la cascada con cada de lluvia Natural Wonders permite integrar en cualquier entorno. Los colores de cer\u00e1micas, rocas o cemento adyacentes se transmiten a trav\u00e9s del material transparente y se reflejan en todo el borde. Esta caracter\u00edstica integra la cascada con cada de lluvia en cualquier instalaci\u00f3n.","og_url":"https:\/\/c-m-p.com\/es\/estructuras-ornamentales-de-agua-2\/cascada-con-cada-de-lluvia-natural-wonders\/","og_site_name":"CMP","article_modified_time":"2016-12-28T18:46:13+00:00","og_image":[{"width":1067,"height":450,"url":"https:\/\/c-m-p.com\/wp-content\/uploads\/2014\/02\/25587-rain-fall1.png","type":"image\/png"}],"schema":{"@context":"https:\/\/schema.org","@graph":[{"@type":"WebPage","@id":"https:\/\/c-m-p.com\/es\/estructuras-ornamentales-de-agua-2\/cascada-con-cada-de-lluvia-natural-wonders\/","url":"https:\/\/c-m-p.com\/es\/estructuras-ornamentales-de-agua-2\/cascada-con-cada-de-lluvia-natural-wonders\/","name":"Cascada con cada de lluvia Natural Wonders - CMP","isPartOf":{"@id":"https:\/\/c-m-p.com\/#website"},"primaryImageOfPage":{"@id":"https:\/\/c-m-p.com\/es\/estructuras-ornamentales-de-agua-2\/cascada-con-cada-de-lluvia-natural-wonders\/#primaryimage"},"image":{"@id":"https:\/\/c-m-p.com\/es\/estructuras-ornamentales-de-agua-2\/cascada-con-cada-de-lluvia-natural-wonders\/#primaryimage"},"thumbnailUrl":"https:\/\/www.c-m-p.com\/wp-content\/uploads\/2014\/02\/25587-rain-fall1.png","datePublished":"2015-12-09T16:22:19+00:00","dateModified":"2016-12-28T18:46:13+00:00","breadcrumb":{"@id":"https:\/\/c-m-p.com\/es\/estructuras-ornamentales-de-agua-2\/cascada-con-cada-de-lluvia-natural-wonders\/#breadcrumb"},"inLanguage":"es","potentialAction":[{"@type":"ReadAction","target":["https:\/\/c-m-p.com\/es\/estructuras-ornamentales-de-agua-2\/cascada-con-cada-de-lluvia-natural-wonders\/"]}]},{"@type":"ImageObject","inLanguage":"es","@id":"https:\/\/c-m-p.com\/es\/estructuras-ornamentales-de-agua-2\/cascada-con-cada-de-lluvia-natural-wonders\/#primaryimage","url":"https:\/\/www.c-m-p.com\/wp-content\/uploads\/2014\/02\/25587-rain-fall1.png","contentUrl":"https:\/\/www.c-m-p.com\/wp-content\/uploads\/2014\/02\/25587-rain-fall1.png","width":1067,"height":450},{"@type":"BreadcrumbList","@id":"https:\/\/c-m-p.com\/es\/estructuras-ornamentales-de-agua-2\/cascada-con-cada-de-lluvia-natural-wonders\/#breadcrumb","itemListElement":[{"@type":"ListItem","position":1,"name":"Home","item":"https:\/\/c-m-p.com\/es\/"},{"@type":"ListItem","position":2,"name":"Estructuras ornamentales de agua","item":"https:\/\/c-m-p.com\/es\/estructuras-ornamentales-de-agua-2\/"},{"@type":"ListItem","position":3,"name":"Cascada con cada de lluvia Natural Wonders"}]},{"@type":"WebSite","@id":"https:\/\/c-m-p.com\/#website","url":"https:\/\/c-m-p.com\/","name":"CMP","description":"Pool Products, Spa and Hot Tub Products","publisher":{"@id":"https:\/\/c-m-p.com\/#organization"},"potentialAction":[{"@type":"SearchAction","target":{"@type":"EntryPoint","urlTemplate":"https:\/\/c-m-p.com\/?s={search_term_string}"},"query-input":{"@type":"PropertyValueSpecification","valueRequired":true,"valueName":"search_term_string"}}],"inLanguage":"es"},{"@type":"Organization","@id":"https:\/\/c-m-p.com\/#organization","name":"CMP Pool & Spa Products","url":"https:\/\/c-m-p.com\/","logo":{"@type":"ImageObject","inLanguage":"es","@id":"https:\/\/c-m-p.com\/#\/schema\/logo\/image\/","url":"https:\/\/43ab809dfe.nxcli.io\/wp-content\/uploads\/2013\/10\/2013-CMP-Logo.jpg","contentUrl":"https:\/\/43ab809dfe.nxcli.io\/wp-content\/uploads\/2013\/10\/2013-CMP-Logo.jpg","width":1000,"height":247,"caption":"CMP Pool & Spa Products"},"image":{"@id":"https:\/\/c-m-p.com\/#\/schema\/logo\/image\/"}}]}},"_links":{"self":[{"href":"https:\/\/www.c-m-p.com\/es\/wp-json\/wp\/v2\/pages\/14242","targetHints":{"allow":["GET"]}}],"collection":[{"href":"https:\/\/www.c-m-p.com\/es\/wp-json\/wp\/v2\/pages"}],"about":[{"href":"https:\/\/www.c-m-p.com\/es\/wp-json\/wp\/v2\/types\/page"}],"author":[{"embeddable":true,"href":"https:\/\/www.c-m-p.com\/es\/wp-json\/wp\/v2\/users\/3"}],"replies":[{"embeddable":true,"href":"https:\/\/www.c-m-p.com\/es\/wp-json\/wp\/v2\/comments?post=14242"}],"version-history":[{"count":0,"href":"https:\/\/www.c-m-p.com\/es\/wp-json\/wp\/v2\/pages\/14242\/revisions"}],"up":[{"embeddable":true,"href":"https:\/\/www.c-m-p.com\/es\/wp-json\/wp\/v2\/pages\/14488"}],"wp:featuredmedia":[{"embeddable":true,"href":"https:\/\/www.c-m-p.com\/es\/wp-json\/wp\/v2\/media\/17909"}],"wp:attachment":[{"href":"https:\/\/www.c-m-p.com\/es\/wp-json\/wp\/v2\/media?parent=14242"}],"curies":[{"name":"wp","href":"https:\/\/api.w.org\/{rel}","templated":true}]}}