{"id":14243,"date":"2015-12-09T11:22:34","date_gmt":"2015-12-09T16:22:34","guid":{"rendered":"https:\/\/43ab809dfe.nxcli.io\/cascadas-en-torrente-natural-wonders\/?lang=es"},"modified":"2016-12-28T13:58:10","modified_gmt":"2016-12-28T18:58:10","slug":"cascadas-en-torrente-natural-wonders","status":"publish","type":"page","link":"https:\/\/www.c-m-p.com\/es\/estructuras-ornamentales-de-agua-2\/cascadas-en-torrente-natural-wonders\/","title":{"rendered":"Cascadas en torrente Natural Wonders"},"content":{"rendered":"<p align=\"LEFT\">Las cascadas en torrente Natural Wonders constituyen una estructura ornamental de agua \u00fanica para piscinas que siempre se destacar del resto. Una serie de di\u00e1fanas corrientes en miniatura aportan<\/p>\n<p align=\"LEFT\">caracter y estilo. Adems, las aberturas m\u00e1s grandes minimizan la posibilidad de obstrucciones por desechos.<\/p>\n","protected":false},"excerpt":{"rendered":"<p>Las cascadas en torrente Natural Wonders constituyen una estructura ornamental de agua \u00fanica para piscinas que siempre se destacar del resto. Una serie de di\u00e1fanas corrientes en miniatura aportan caracter y estilo. Adems, las aberturas m\u00e1s grandes minimizan la posibilidad de obstrucciones por desechos.<\/p>\n","protected":false},"author":3,"featured_media":17907,"parent":14488,"menu_order":0,"comment_status":"open","ping_status":"open","template":"templates\/collection_page.php","meta":{"_acf_changed":false,"_oasis_is_in_workflow":0,"_oasis_original":0,"_mi_skip_tracking":false,"_monsterinsights_sitenote_active":false,"_monsterinsights_sitenote_note":"","_monsterinsights_sitenote_category":0,"footnotes":""},"class_list":["post-14243","page","type-page","status-publish","has-post-thumbnail","hentry"],"acf":[],"yoast_head":"<!-- This site is optimized with the Yoast SEO plugin v27.2 - https:\/\/yoast.com\/product\/yoast-seo-wordpress\/ -->\n<title>Cascadas en torrente Natural Wonders - CMP<\/title>\n<meta name=\"robots\" content=\"index, follow, max-snippet:-1, max-image-preview:large, max-video-preview:-1\" \/>\n<link rel=\"canonical\" href=\"https:\/\/c-m-p.com\/es\/estructuras-ornamentales-de-agua-2\/cascadas-en-torrente-natural-wonders\/\" \/>\n<meta property=\"og:locale\" content=\"es_ES\" \/>\n<meta property=\"og:type\" content=\"article\" \/>\n<meta property=\"og:title\" content=\"Cascadas en torrente Natural Wonders - CMP\" \/>\n<meta property=\"og:description\" content=\"Las cascadas en torrente Natural Wonders constituyen una estructura ornamental de agua \u00fanica para piscinas que siempre se destacar del resto. Una serie de di\u00e1fanas corrientes en miniatura aportan caracter y estilo. Adems, las aberturas m\u00e1s grandes minimizan la posibilidad de obstrucciones por desechos.\" \/>\n<meta property=\"og:url\" content=\"https:\/\/c-m-p.com\/es\/estructuras-ornamentales-de-agua-2\/cascadas-en-torrente-natural-wonders\/\" \/>\n<meta property=\"og:site_name\" content=\"CMP\" \/>\n<meta property=\"article:modified_time\" content=\"2016-12-28T18:58:10+00:00\" \/>\n<meta property=\"og:image\" content=\"https:\/\/c-m-p.com\/wp-content\/uploads\/2014\/02\/25588-130-streamfall.png\" \/>\n\t<meta property=\"og:image:width\" content=\"556\" \/>\n\t<meta property=\"og:image:height\" content=\"224\" \/>\n\t<meta property=\"og:image:type\" content=\"image\/png\" \/>\n<script type=\"application\/ld+json\" class=\"yoast-schema-graph\">{\"@context\":\"https:\/\/schema.org\",\"@graph\":[{\"@type\":\"WebPage\",\"@id\":\"https:\/\/c-m-p.com\/es\/estructuras-ornamentales-de-agua-2\/cascadas-en-torrente-natural-wonders\/\",\"url\":\"https:\/\/c-m-p.com\/es\/estructuras-ornamentales-de-agua-2\/cascadas-en-torrente-natural-wonders\/\",\"name\":\"Cascadas en torrente Natural Wonders - CMP\",\"isPartOf\":{\"@id\":\"https:\/\/c-m-p.com\/#website\"},\"primaryImageOfPage\":{\"@id\":\"https:\/\/c-m-p.com\/es\/estructuras-ornamentales-de-agua-2\/cascadas-en-torrente-natural-wonders\/#primaryimage\"},\"image\":{\"@id\":\"https:\/\/c-m-p.com\/es\/estructuras-ornamentales-de-agua-2\/cascadas-en-torrente-natural-wonders\/#primaryimage\"},\"thumbnailUrl\":\"https:\/\/www.c-m-p.com\/wp-content\/uploads\/2014\/02\/25588-130-streamfall.png\",\"datePublished\":\"2015-12-09T16:22:34+00:00\",\"dateModified\":\"2016-12-28T18:58:10+00:00\",\"breadcrumb\":{\"@id\":\"https:\/\/c-m-p.com\/es\/estructuras-ornamentales-de-agua-2\/cascadas-en-torrente-natural-wonders\/#breadcrumb\"},\"inLanguage\":\"es\",\"potentialAction\":[{\"@type\":\"ReadAction\",\"target\":[\"https:\/\/c-m-p.com\/es\/estructuras-ornamentales-de-agua-2\/cascadas-en-torrente-natural-wonders\/\"]}]},{\"@type\":\"ImageObject\",\"inLanguage\":\"es\",\"@id\":\"https:\/\/c-m-p.com\/es\/estructuras-ornamentales-de-agua-2\/cascadas-en-torrente-natural-wonders\/#primaryimage\",\"url\":\"https:\/\/www.c-m-p.com\/wp-content\/uploads\/2014\/02\/25588-130-streamfall.png\",\"contentUrl\":\"https:\/\/www.c-m-p.com\/wp-content\/uploads\/2014\/02\/25588-130-streamfall.png\",\"width\":556,\"height\":224},{\"@type\":\"BreadcrumbList\",\"@id\":\"https:\/\/c-m-p.com\/es\/estructuras-ornamentales-de-agua-2\/cascadas-en-torrente-natural-wonders\/#breadcrumb\",\"itemListElement\":[{\"@type\":\"ListItem\",\"position\":1,\"name\":\"Home\",\"item\":\"https:\/\/c-m-p.com\/es\/\"},{\"@type\":\"ListItem\",\"position\":2,\"name\":\"Estructuras ornamentales de agua\",\"item\":\"https:\/\/c-m-p.com\/es\/estructuras-ornamentales-de-agua-2\/\"},{\"@type\":\"ListItem\",\"position\":3,\"name\":\"Cascadas en torrente Natural Wonders\"}]},{\"@type\":\"WebSite\",\"@id\":\"https:\/\/c-m-p.com\/#website\",\"url\":\"https:\/\/c-m-p.com\/\",\"name\":\"CMP\",\"description\":\"Pool Products, Spa and Hot Tub Products\",\"publisher\":{\"@id\":\"https:\/\/c-m-p.com\/#organization\"},\"potentialAction\":[{\"@type\":\"SearchAction\",\"target\":{\"@type\":\"EntryPoint\",\"urlTemplate\":\"https:\/\/c-m-p.com\/?s={search_term_string}\"},\"query-input\":{\"@type\":\"PropertyValueSpecification\",\"valueRequired\":true,\"valueName\":\"search_term_string\"}}],\"inLanguage\":\"es\"},{\"@type\":\"Organization\",\"@id\":\"https:\/\/c-m-p.com\/#organization\",\"name\":\"CMP Pool & Spa Products\",\"url\":\"https:\/\/c-m-p.com\/\",\"logo\":{\"@type\":\"ImageObject\",\"inLanguage\":\"es\",\"@id\":\"https:\/\/c-m-p.com\/#\/schema\/logo\/image\/\",\"url\":\"https:\/\/43ab809dfe.nxcli.io\/wp-content\/uploads\/2013\/10\/2013-CMP-Logo.jpg\",\"contentUrl\":\"https:\/\/43ab809dfe.nxcli.io\/wp-content\/uploads\/2013\/10\/2013-CMP-Logo.jpg\",\"width\":1000,\"height\":247,\"caption\":\"CMP Pool & Spa Products\"},\"image\":{\"@id\":\"https:\/\/c-m-p.com\/#\/schema\/logo\/image\/\"}}]}<\/script>\n<!-- \/ Yoast SEO plugin. -->","yoast_head_json":{"title":"Cascadas en torrente Natural Wonders - CMP","robots":{"index":"index","follow":"follow","max-snippet":"max-snippet:-1","max-image-preview":"max-image-preview:large","max-video-preview":"max-video-preview:-1"},"canonical":"https:\/\/c-m-p.com\/es\/estructuras-ornamentales-de-agua-2\/cascadas-en-torrente-natural-wonders\/","og_locale":"es_ES","og_type":"article","og_title":"Cascadas en torrente Natural Wonders - CMP","og_description":"Las cascadas en torrente Natural Wonders constituyen una estructura ornamental de agua \u00fanica para piscinas que siempre se destacar del resto. Una serie de di\u00e1fanas corrientes en miniatura aportan caracter y estilo. Adems, las aberturas m\u00e1s grandes minimizan la posibilidad de obstrucciones por desechos.","og_url":"https:\/\/c-m-p.com\/es\/estructuras-ornamentales-de-agua-2\/cascadas-en-torrente-natural-wonders\/","og_site_name":"CMP","article_modified_time":"2016-12-28T18:58:10+00:00","og_image":[{"width":556,"height":224,"url":"https:\/\/c-m-p.com\/wp-content\/uploads\/2014\/02\/25588-130-streamfall.png","type":"image\/png"}],"schema":{"@context":"https:\/\/schema.org","@graph":[{"@type":"WebPage","@id":"https:\/\/c-m-p.com\/es\/estructuras-ornamentales-de-agua-2\/cascadas-en-torrente-natural-wonders\/","url":"https:\/\/c-m-p.com\/es\/estructuras-ornamentales-de-agua-2\/cascadas-en-torrente-natural-wonders\/","name":"Cascadas en torrente Natural Wonders - CMP","isPartOf":{"@id":"https:\/\/c-m-p.com\/#website"},"primaryImageOfPage":{"@id":"https:\/\/c-m-p.com\/es\/estructuras-ornamentales-de-agua-2\/cascadas-en-torrente-natural-wonders\/#primaryimage"},"image":{"@id":"https:\/\/c-m-p.com\/es\/estructuras-ornamentales-de-agua-2\/cascadas-en-torrente-natural-wonders\/#primaryimage"},"thumbnailUrl":"https:\/\/www.c-m-p.com\/wp-content\/uploads\/2014\/02\/25588-130-streamfall.png","datePublished":"2015-12-09T16:22:34+00:00","dateModified":"2016-12-28T18:58:10+00:00","breadcrumb":{"@id":"https:\/\/c-m-p.com\/es\/estructuras-ornamentales-de-agua-2\/cascadas-en-torrente-natural-wonders\/#breadcrumb"},"inLanguage":"es","potentialAction":[{"@type":"ReadAction","target":["https:\/\/c-m-p.com\/es\/estructuras-ornamentales-de-agua-2\/cascadas-en-torrente-natural-wonders\/"]}]},{"@type":"ImageObject","inLanguage":"es","@id":"https:\/\/c-m-p.com\/es\/estructuras-ornamentales-de-agua-2\/cascadas-en-torrente-natural-wonders\/#primaryimage","url":"https:\/\/www.c-m-p.com\/wp-content\/uploads\/2014\/02\/25588-130-streamfall.png","contentUrl":"https:\/\/www.c-m-p.com\/wp-content\/uploads\/2014\/02\/25588-130-streamfall.png","width":556,"height":224},{"@type":"BreadcrumbList","@id":"https:\/\/c-m-p.com\/es\/estructuras-ornamentales-de-agua-2\/cascadas-en-torrente-natural-wonders\/#breadcrumb","itemListElement":[{"@type":"ListItem","position":1,"name":"Home","item":"https:\/\/c-m-p.com\/es\/"},{"@type":"ListItem","position":2,"name":"Estructuras ornamentales de agua","item":"https:\/\/c-m-p.com\/es\/estructuras-ornamentales-de-agua-2\/"},{"@type":"ListItem","position":3,"name":"Cascadas en torrente Natural Wonders"}]},{"@type":"WebSite","@id":"https:\/\/c-m-p.com\/#website","url":"https:\/\/c-m-p.com\/","name":"CMP","description":"Pool Products, Spa and Hot Tub Products","publisher":{"@id":"https:\/\/c-m-p.com\/#organization"},"potentialAction":[{"@type":"SearchAction","target":{"@type":"EntryPoint","urlTemplate":"https:\/\/c-m-p.com\/?s={search_term_string}"},"query-input":{"@type":"PropertyValueSpecification","valueRequired":true,"valueName":"search_term_string"}}],"inLanguage":"es"},{"@type":"Organization","@id":"https:\/\/c-m-p.com\/#organization","name":"CMP Pool & Spa Products","url":"https:\/\/c-m-p.com\/","logo":{"@type":"ImageObject","inLanguage":"es","@id":"https:\/\/c-m-p.com\/#\/schema\/logo\/image\/","url":"https:\/\/43ab809dfe.nxcli.io\/wp-content\/uploads\/2013\/10\/2013-CMP-Logo.jpg","contentUrl":"https:\/\/43ab809dfe.nxcli.io\/wp-content\/uploads\/2013\/10\/2013-CMP-Logo.jpg","width":1000,"height":247,"caption":"CMP Pool & Spa Products"},"image":{"@id":"https:\/\/c-m-p.com\/#\/schema\/logo\/image\/"}}]}},"_links":{"self":[{"href":"https:\/\/www.c-m-p.com\/es\/wp-json\/wp\/v2\/pages\/14243","targetHints":{"allow":["GET"]}}],"collection":[{"href":"https:\/\/www.c-m-p.com\/es\/wp-json\/wp\/v2\/pages"}],"about":[{"href":"https:\/\/www.c-m-p.com\/es\/wp-json\/wp\/v2\/types\/page"}],"author":[{"embeddable":true,"href":"https:\/\/www.c-m-p.com\/es\/wp-json\/wp\/v2\/users\/3"}],"replies":[{"embeddable":true,"href":"https:\/\/www.c-m-p.com\/es\/wp-json\/wp\/v2\/comments?post=14243"}],"version-history":[{"count":0,"href":"https:\/\/www.c-m-p.com\/es\/wp-json\/wp\/v2\/pages\/14243\/revisions"}],"up":[{"embeddable":true,"href":"https:\/\/www.c-m-p.com\/es\/wp-json\/wp\/v2\/pages\/14488"}],"wp:featuredmedia":[{"embeddable":true,"href":"https:\/\/www.c-m-p.com\/es\/wp-json\/wp\/v2\/media\/17907"}],"wp:attachment":[{"href":"https:\/\/www.c-m-p.com\/es\/wp-json\/wp\/v2\/media?parent=14243"}],"curies":[{"name":"wp","href":"https:\/\/api.w.org\/{rel}","templated":true}]}}