{"id":14420,"date":"2013-10-04T19:16:32","date_gmt":"2013-10-05T00:16:32","guid":{"rendered":"https:\/\/43ab809dfe.nxcli.io\/productos-para-bao\/succiones\/?lang=es"},"modified":"2016-12-16T17:01:29","modified_gmt":"2016-12-16T22:01:29","slug":"succiones","status":"publish","type":"page","link":"https:\/\/www.c-m-p.com\/es\/productos-para-bao\/succiones\/","title":{"rendered":"Succi\u00f3nes"},"content":{"rendered":"<p>Nuestros elementos de succi\u00f3n para barras est\u00e1n disponibles en una amplia variedad de estilos, colores y reg\u00edmenes de flujo. Nuestro dise\u00f1o m\u00e1s novedoso es la succi\u00f3n para bao S\u014cL. Este conector es parte de nuestra l\u00ednea completa S\u014cL de componentes enrasados de inspiraci\u00f3n europea para ba\u00f1o. Adems del estilo S\u014cL, CMP tambi\u00e9n proporciona conectores de succi\u00f3n de ba\u00f1o perfil y est\u00e1ndares.<\/p>\n","protected":false},"excerpt":{"rendered":"<p>Nuestros elementos de succi\u00f3n para barras est\u00e1n disponibles en una amplia variedad de estilos, colores y reg\u00edmenes de flujo. Nuestro dise\u00f1o m\u00e1s novedoso es la succi\u00f3n para bao S\u014cL. Este conector es parte de nuestra l\u00ednea completa S\u014cL de componentes enrasados de inspiraci\u00f3n europea para ba\u00f1o. Adems del estilo S\u014cL, CMP tambi\u00e9n proporciona conectores de&#8230;  <a href=\"https:\/\/www.c-m-p.com\/es\/productos-para-bao\/succiones\/\" title=\"Read Succi\u00f3nes\">Read more &raquo;<\/a><\/p>\n","protected":false},"author":1,"featured_media":15308,"parent":14040,"menu_order":500,"comment_status":"open","ping_status":"open","template":"rci-flex-template.php","meta":{"_acf_changed":false,"_oasis_is_in_workflow":0,"_oasis_original":0,"_mi_skip_tracking":false,"_monsterinsights_sitenote_active":false,"_monsterinsights_sitenote_note":"","_monsterinsights_sitenote_category":0,"footnotes":""},"class_list":["post-14420","page","type-page","status-publish","has-post-thumbnail","hentry"],"acf":[],"yoast_head":"<!-- This site is optimized with the Yoast SEO plugin v27.2 - https:\/\/yoast.com\/product\/yoast-seo-wordpress\/ -->\n<title>Succi\u00f3nes - CMP<\/title>\n<meta name=\"robots\" content=\"index, follow, max-snippet:-1, max-image-preview:large, max-video-preview:-1\" \/>\n<link rel=\"canonical\" href=\"https:\/\/c-m-p.com\/es\/productos-para-bao\/succiones\/\" \/>\n<meta property=\"og:locale\" content=\"es_ES\" \/>\n<meta property=\"og:type\" content=\"article\" \/>\n<meta property=\"og:title\" content=\"Succi\u00f3nes - CMP\" \/>\n<meta property=\"og:description\" content=\"Nuestros elementos de succi\u00f3n para barras est\u00e1n disponibles en una amplia variedad de estilos, colores y reg\u00edmenes de flujo. Nuestro dise\u00f1o m\u00e1s novedoso es la succi\u00f3n para bao S\u014cL. Este conector es parte de nuestra l\u00ednea completa S\u014cL de componentes enrasados de inspiraci\u00f3n europea para ba\u00f1o. Adems del estilo S\u014cL, CMP tambi\u00e9n proporciona conectores de... Read more &raquo;\" \/>\n<meta property=\"og:url\" content=\"https:\/\/c-m-p.com\/es\/productos-para-bao\/succiones\/\" \/>\n<meta property=\"og:site_name\" content=\"CMP\" \/>\n<meta property=\"article:modified_time\" content=\"2016-12-16T22:01:29+00:00\" \/>\n<meta property=\"og:image\" content=\"https:\/\/c-m-p.com\/wp-content\/uploads\/2013\/10\/suction-feature.png\" \/>\n\t<meta property=\"og:image:width\" content=\"600\" \/>\n\t<meta property=\"og:image:height\" content=\"334\" \/>\n\t<meta property=\"og:image:type\" content=\"image\/png\" \/>\n<script type=\"application\/ld+json\" class=\"yoast-schema-graph\">{\"@context\":\"https:\/\/schema.org\",\"@graph\":[{\"@type\":\"WebPage\",\"@id\":\"https:\/\/c-m-p.com\/es\/productos-para-bao\/succiones\/\",\"url\":\"https:\/\/c-m-p.com\/es\/productos-para-bao\/succiones\/\",\"name\":\"Succi\u00f3nes - CMP\",\"isPartOf\":{\"@id\":\"https:\/\/c-m-p.com\/#website\"},\"primaryImageOfPage\":{\"@id\":\"https:\/\/c-m-p.com\/es\/productos-para-bao\/succiones\/#primaryimage\"},\"image\":{\"@id\":\"https:\/\/c-m-p.com\/es\/productos-para-bao\/succiones\/#primaryimage\"},\"thumbnailUrl\":\"https:\/\/www.c-m-p.com\/wp-content\/uploads\/2013\/10\/suction-feature.png\",\"datePublished\":\"2013-10-05T00:16:32+00:00\",\"dateModified\":\"2016-12-16T22:01:29+00:00\",\"breadcrumb\":{\"@id\":\"https:\/\/c-m-p.com\/es\/productos-para-bao\/succiones\/#breadcrumb\"},\"inLanguage\":\"es\",\"potentialAction\":[{\"@type\":\"ReadAction\",\"target\":[\"https:\/\/c-m-p.com\/es\/productos-para-bao\/succiones\/\"]}]},{\"@type\":\"ImageObject\",\"inLanguage\":\"es\",\"@id\":\"https:\/\/c-m-p.com\/es\/productos-para-bao\/succiones\/#primaryimage\",\"url\":\"https:\/\/www.c-m-p.com\/wp-content\/uploads\/2013\/10\/suction-feature.png\",\"contentUrl\":\"https:\/\/www.c-m-p.com\/wp-content\/uploads\/2013\/10\/suction-feature.png\",\"width\":600,\"height\":334},{\"@type\":\"BreadcrumbList\",\"@id\":\"https:\/\/c-m-p.com\/es\/productos-para-bao\/succiones\/#breadcrumb\",\"itemListElement\":[{\"@type\":\"ListItem\",\"position\":1,\"name\":\"Home\",\"item\":\"https:\/\/c-m-p.com\/es\/\"},{\"@type\":\"ListItem\",\"position\":2,\"name\":\"Productos para ba\u00f1o\",\"item\":\"https:\/\/c-m-p.com\/es\/productos-para-bao\/\"},{\"@type\":\"ListItem\",\"position\":3,\"name\":\"Succi\u00f3nes\"}]},{\"@type\":\"WebSite\",\"@id\":\"https:\/\/c-m-p.com\/#website\",\"url\":\"https:\/\/c-m-p.com\/\",\"name\":\"CMP\",\"description\":\"Pool Products, Spa and Hot Tub Products\",\"publisher\":{\"@id\":\"https:\/\/c-m-p.com\/#organization\"},\"potentialAction\":[{\"@type\":\"SearchAction\",\"target\":{\"@type\":\"EntryPoint\",\"urlTemplate\":\"https:\/\/c-m-p.com\/?s={search_term_string}\"},\"query-input\":{\"@type\":\"PropertyValueSpecification\",\"valueRequired\":true,\"valueName\":\"search_term_string\"}}],\"inLanguage\":\"es\"},{\"@type\":\"Organization\",\"@id\":\"https:\/\/c-m-p.com\/#organization\",\"name\":\"CMP Pool & Spa Products\",\"url\":\"https:\/\/c-m-p.com\/\",\"logo\":{\"@type\":\"ImageObject\",\"inLanguage\":\"es\",\"@id\":\"https:\/\/c-m-p.com\/#\/schema\/logo\/image\/\",\"url\":\"https:\/\/43ab809dfe.nxcli.io\/wp-content\/uploads\/2013\/10\/2013-CMP-Logo.jpg\",\"contentUrl\":\"https:\/\/43ab809dfe.nxcli.io\/wp-content\/uploads\/2013\/10\/2013-CMP-Logo.jpg\",\"width\":1000,\"height\":247,\"caption\":\"CMP Pool & Spa Products\"},\"image\":{\"@id\":\"https:\/\/c-m-p.com\/#\/schema\/logo\/image\/\"}}]}<\/script>\n<!-- \/ Yoast SEO plugin. -->","yoast_head_json":{"title":"Succi\u00f3nes - CMP","robots":{"index":"index","follow":"follow","max-snippet":"max-snippet:-1","max-image-preview":"max-image-preview:large","max-video-preview":"max-video-preview:-1"},"canonical":"https:\/\/c-m-p.com\/es\/productos-para-bao\/succiones\/","og_locale":"es_ES","og_type":"article","og_title":"Succi\u00f3nes - CMP","og_description":"Nuestros elementos de succi\u00f3n para barras est\u00e1n disponibles en una amplia variedad de estilos, colores y reg\u00edmenes de flujo. Nuestro dise\u00f1o m\u00e1s novedoso es la succi\u00f3n para bao S\u014cL. Este conector es parte de nuestra l\u00ednea completa S\u014cL de componentes enrasados de inspiraci\u00f3n europea para ba\u00f1o. Adems del estilo S\u014cL, CMP tambi\u00e9n proporciona conectores de... Read more &raquo;","og_url":"https:\/\/c-m-p.com\/es\/productos-para-bao\/succiones\/","og_site_name":"CMP","article_modified_time":"2016-12-16T22:01:29+00:00","og_image":[{"width":600,"height":334,"url":"https:\/\/c-m-p.com\/wp-content\/uploads\/2013\/10\/suction-feature.png","type":"image\/png"}],"schema":{"@context":"https:\/\/schema.org","@graph":[{"@type":"WebPage","@id":"https:\/\/c-m-p.com\/es\/productos-para-bao\/succiones\/","url":"https:\/\/c-m-p.com\/es\/productos-para-bao\/succiones\/","name":"Succi\u00f3nes - CMP","isPartOf":{"@id":"https:\/\/c-m-p.com\/#website"},"primaryImageOfPage":{"@id":"https:\/\/c-m-p.com\/es\/productos-para-bao\/succiones\/#primaryimage"},"image":{"@id":"https:\/\/c-m-p.com\/es\/productos-para-bao\/succiones\/#primaryimage"},"thumbnailUrl":"https:\/\/www.c-m-p.com\/wp-content\/uploads\/2013\/10\/suction-feature.png","datePublished":"2013-10-05T00:16:32+00:00","dateModified":"2016-12-16T22:01:29+00:00","breadcrumb":{"@id":"https:\/\/c-m-p.com\/es\/productos-para-bao\/succiones\/#breadcrumb"},"inLanguage":"es","potentialAction":[{"@type":"ReadAction","target":["https:\/\/c-m-p.com\/es\/productos-para-bao\/succiones\/"]}]},{"@type":"ImageObject","inLanguage":"es","@id":"https:\/\/c-m-p.com\/es\/productos-para-bao\/succiones\/#primaryimage","url":"https:\/\/www.c-m-p.com\/wp-content\/uploads\/2013\/10\/suction-feature.png","contentUrl":"https:\/\/www.c-m-p.com\/wp-content\/uploads\/2013\/10\/suction-feature.png","width":600,"height":334},{"@type":"BreadcrumbList","@id":"https:\/\/c-m-p.com\/es\/productos-para-bao\/succiones\/#breadcrumb","itemListElement":[{"@type":"ListItem","position":1,"name":"Home","item":"https:\/\/c-m-p.com\/es\/"},{"@type":"ListItem","position":2,"name":"Productos para ba\u00f1o","item":"https:\/\/c-m-p.com\/es\/productos-para-bao\/"},{"@type":"ListItem","position":3,"name":"Succi\u00f3nes"}]},{"@type":"WebSite","@id":"https:\/\/c-m-p.com\/#website","url":"https:\/\/c-m-p.com\/","name":"CMP","description":"Pool Products, Spa and Hot Tub Products","publisher":{"@id":"https:\/\/c-m-p.com\/#organization"},"potentialAction":[{"@type":"SearchAction","target":{"@type":"EntryPoint","urlTemplate":"https:\/\/c-m-p.com\/?s={search_term_string}"},"query-input":{"@type":"PropertyValueSpecification","valueRequired":true,"valueName":"search_term_string"}}],"inLanguage":"es"},{"@type":"Organization","@id":"https:\/\/c-m-p.com\/#organization","name":"CMP Pool & Spa Products","url":"https:\/\/c-m-p.com\/","logo":{"@type":"ImageObject","inLanguage":"es","@id":"https:\/\/c-m-p.com\/#\/schema\/logo\/image\/","url":"https:\/\/43ab809dfe.nxcli.io\/wp-content\/uploads\/2013\/10\/2013-CMP-Logo.jpg","contentUrl":"https:\/\/43ab809dfe.nxcli.io\/wp-content\/uploads\/2013\/10\/2013-CMP-Logo.jpg","width":1000,"height":247,"caption":"CMP Pool & Spa Products"},"image":{"@id":"https:\/\/c-m-p.com\/#\/schema\/logo\/image\/"}}]}},"_links":{"self":[{"href":"https:\/\/www.c-m-p.com\/es\/wp-json\/wp\/v2\/pages\/14420","targetHints":{"allow":["GET"]}}],"collection":[{"href":"https:\/\/www.c-m-p.com\/es\/wp-json\/wp\/v2\/pages"}],"about":[{"href":"https:\/\/www.c-m-p.com\/es\/wp-json\/wp\/v2\/types\/page"}],"author":[{"embeddable":true,"href":"https:\/\/www.c-m-p.com\/es\/wp-json\/wp\/v2\/users\/1"}],"replies":[{"embeddable":true,"href":"https:\/\/www.c-m-p.com\/es\/wp-json\/wp\/v2\/comments?post=14420"}],"version-history":[{"count":0,"href":"https:\/\/www.c-m-p.com\/es\/wp-json\/wp\/v2\/pages\/14420\/revisions"}],"up":[{"embeddable":true,"href":"https:\/\/www.c-m-p.com\/es\/wp-json\/wp\/v2\/pages\/14040"}],"wp:featuredmedia":[{"embeddable":true,"href":"https:\/\/www.c-m-p.com\/es\/wp-json\/wp\/v2\/media\/15308"}],"wp:attachment":[{"href":"https:\/\/www.c-m-p.com\/es\/wp-json\/wp\/v2\/media?parent=14420"}],"curies":[{"name":"wp","href":"https:\/\/api.w.org\/{rel}","templated":true}]}}