{"id":14483,"date":"2013-08-02T15:43:52","date_gmt":"2013-08-02T20:43:52","guid":{"rendered":"https:\/\/43ab809dfe.nxcli.io\/garanta\/?lang=es"},"modified":"2016-12-16T15:58:55","modified_gmt":"2016-12-16T20:58:55","slug":"garanta","status":"publish","type":"page","link":"https:\/\/www.c-m-p.com\/es\/apoyo\/garanta\/","title":{"rendered":"Garant\u00eda"},"content":{"rendered":"<p>Custom Molded Products, Inc. se enorgullece de los productos de calidad que fabrica. La compa\u00f1\u00eda mantiene altos est\u00e1ndares para los materiales y la mano de obra que invierte en sus productos. Por consiguiente, Custom Molded Products emite esta Garant\u00eda limitada expresa con respecto a los productos fabricados exclusivamente por Custom Molded Products, Inc. de la siguiente manera: Custom Molded Products garantiza que sus productos est\u00e1n libres de defectos de materiales y fabricaci\u00f3n durante un periodo de un (1) ao a partir de la fecha de compra original del producto de Custom Molded Products. Esta Garanta limitada se aplicar solo si el producto fabricado por Custom Molded Products es la \u00fanica y exclusiva causa de un defecto cubierto por esta Garanta limitada. Su \u00fanica y exclusiva compensaci\u00f3n por parte de Custom Molded Products, Inc., que se origine por la compra o el uso de un producto fabricado por Custom Molded Products, Inc., se limitar a la reparaci\u00f3n o al suministro de un producto de repuesto para sustituir el producto que se determine ser defectuoso (despu\u00e9s de que Custom Molded Products, Inc. lo examine, verifique y apruebe) mediante un producto de calidad equivalente. Por la presente, se excluyen expresamente todas las dem\u00e1s compensaciones de cualquier naturaleza. Esta Garanta limitada surtir efecto a partir de la fecha de la primera compra de un producto de Custom Molded Products, Inc. La Garant\u00eda limitada se extiende a la parte que realiza la compra original de productos de Custom Molded Products, Inc. y no podr cederse ni autorizarse la cesi\u00f3n de ninguna garanta durante la reventa por parte del comprador original de productos de Custom Molded Products, Inc. La reparaci\u00f3n o el reemplazo del producto otorgado por Custom Molded Products, Inc. de conformidad con esta Garanta limitada solo se garantiza por el t\u00e9rmino no vencido de la Garant\u00eda limitada original. Esta Garanta limitada no se aplica a piezas de componentes fabricadas por terceros o por el dao a productos fabricados por Custom Molded Products, Inc. si el da\u00f1o es causado por piezas de componentes fabricadas por terceros. Para los productos de componentes fabricados por terceros, ser aplicable la garant\u00eda establecida por el fabricante respectivo, si la hubiere.<\/p>\n<h2 style=\"text-align: center;\">Esta Garanta limitada no cubre:<\/h2>\n<p>Los costos en los que se incurra por el env\u00edo o flete, la retirada y\/o la reinstalaci\u00f3n (incluyendo, a t\u00edtulo enunciativo, costos laborales) del producto de reemplazo provisto por Custom Molded Products, Inc. de conformidad con esta Garant\u00eda limitada. Los daos o el funcionamiento inadecuado de un producto sujeto a esta Garanta limitada cuando aquellos fueron causados por el abuso, uso incorrecto, negligencia o incumplimiento de las instrucciones de instalaci\u00f3n u operaci\u00f3n por parte del cliente.<\/p>\n<ul>\n<li>Un uso para el cual el producto no est diseado.<\/li>\n<li>Incendios, explosiones, condiciones meteorol\u00f3gicas o desastres naturales.<\/li>\n<li>Instalaci\u00f3n defectuosa o inadecuada.<\/li>\n<li>Desgaste natural.<\/li>\n<li>El dao causado por procedimientos de mantenimiento negligentes o inadecuados y otras causas no especificadas que excedan el control de Custom Molded Products, Inc.<\/li>\n<li>El embalaje o reembalaje inadecuados o los daos producidos durante el env\u00edo.<\/li>\n<\/ul>\n<h2 style=\"text-align: center;\"><\/h2>\n<h2 style=\"text-align: center;\">Para que esta Garant\u00eda limitada sea v\u00e1lida, usted:<\/h2>\n<p>Debe ser el comprador original del producto de Custom Molded Products, Inc. No debe haber modificado estructuralmente, utilizado de manera incorrecta ni aplicado de manera inadecuada el producto fabricado por Custom Molded Products. Debe haber conservado el producto de Custom Molded Products de acuerdo con las instrucciones de Custom Molded Products, Inc. o como se describe en los materiales de mantenimiento que le proporci<em>\u00f3<\/em>n Custom Molded Products, Inc. Debe haber cumplido con todas las condiciones de pago del producto de Custom Molded Products. Debe presentar su reclamo por escrito a Custom Molded Products dentro del periodo indicado y de acuerdo con los t\u00e9rminos de esta Garant\u00eda limitada.<\/p>\n<div>\n<p>NO EXISTEN GARANT\u00cdAS APLICABLES A LOS PRODUCTOS FABRICADOS POR CUSTOM MOLDED PRODUCTS, EXCEPTO EN LA MEDIDA EN QUE SE INDIQUE EXPRESAMENTE EN LA PRESENTE Y ESTA GARANT\u00cdA SUSTITUYE Y REEMPLAZA TODAS LAS DEM\u00c1S GARANT\u00cdAS, EXPRESAS O T\u00c1CITAS, QUE INCLUYEN, A T\u00cdTULO ENUNCIATIVO, GARANT\u00cdAS DE COMERCIALIZACI\u00d3N O APTITUD PARA UNA FINALIDAD EN PARTICULAR. EN NINGUN CASO, CUSTOM MOLDED PRODUCTS SER RESPONSABLE DE LAS P\u00c9RDIDAS, COSTOS O DA\u00d1OS DIRECTOS, INDIRECTOS, INCIDENTALES, ESPECIALES O CONSECUENCIALES. CUSTOM MOLDED PRODUCTS NO SER RESPONSABLE DE NINGUNA P\u00c9RDIDA DE USO, INGRESO O GANANCIA, DAO A OTRA PROPIEDAD, COSTAS O RECLAMOS DE TERCEROS, SIN PERJUICIO DE UNA NOTIFICACI\u00d3N PREVIA A TAL EFECTO DEL COMPRADOR NI EN NINGUNA OTRA CIRCUNSTANCIA. CUSTOM MOLDED PRODUCTS NO SER RESPONSABLE ANTE EL COMPRADOR NI TENDR\u00c1 RESPONSABILIDAD ALGUNA POR LOS COSTOS LABORALES, DE TRANSPORTE O DE OTRO TIPO EN LOS QUE SE INCURRA POR LA RETIRADA Y\/O INSTALACI\u00d3N DE PRODUCTOS FABRICADOS POR CUSTOM MOLDED PRODUCTS CUBIERTOS POR ESTA GARANT\u00cdA. LA \u00fanica Y EXCLUSIVA COMPENSACI\u00d3N POR CUALQUIER TIPO DE RESPONSABILIDAD DE CUSTOM MOLDED PRODUCTS Y LA \u00fanica Y EXCLUSIVA COMPENSACI\u00d3N PARA EL COMPRADOR, CONFORME A DERECHO O EQUIDAD POR EL INCUMPLIMIENTO DE CUALQUIER GARANT\u00cdA POR PARTE DE CUSTOM MOLDED PRODUCTS, SE LIMITAR A LA REPARACION O, A CRITERIO DE CUSTOM MOLDED PRODUCTS, AL REEMPLAZO DE PRODUCTOS FABRICADOS POR CUSTOM MOLDED PRODUCTS CUBIERTOS POR ESTA GARANT\u00cdA. Esta garantia es valida solamente en los Estados Unidos.<\/p>\n<h2 style=\"text-align: center;\">PLAZO PARA EL INICIO DE UNA ACCI\u00d3N LEGAL<\/h2>\n<p style=\"text-align: left;\">Se acuerda que usted tiene 30 d\u00edas a partir de que se genera un reclamo para informar a CUSTOM MOLDED PRODUCTS, INC. mediante correo certificado con acuse de recibo. Se acuerda que usted tiene un a\u00f1o a partir de que se genera el reclamo para iniciar una acci\u00f3n legal que surgiese de la compra de un producto fabricado por CUSTOM MOLDED PRODUCTS, INC.<\/p>\n<p style=\"text-align: left;\">Esta Garanta limitada se regir e interpretar de acuerdo con las leyes del estado de Georgia, con excepci\u00f3n de los principios de conflictos de leyes, y CUSTOM MOLDED PRODUCTS, INC. y usted se someten de manera irrevocable a la competencia de los tribunales del estado de Georgia y a la jurisdicci\u00f3n del condado de Coweta por cualquier acci\u00f3n iniciada por las partes de la presente con respecto a esta Garantia limitada o al desempleo de CUSTOM MOLDED PRODUCTS, INC. en virtud de ella.<\/p>\n<p>Para comunicaciones sobre el reemplazo de productos u otras cuestiones relativas a esta Garanta limitada, pongase en contacto con:<\/p>\n<p style=\"text-align: center;\">Custom Molded Products, Inc.<\/p>\n<p style=\"text-align: center;\">36 Herring Road, Newnan, Georgia 30265<\/p>\n<p style=\"text-align: center;\">Telefono: 770.632.7112 FAX: 770.632.7115<\/p>\n<\/div>\n","protected":false},"excerpt":{"rendered":"<p>Custom Molded Products, Inc. se enorgullece de los productos de calidad que fabrica. La compa\u00f1\u00eda mantiene altos est\u00e1ndares para los materiales y la mano de obra que invierte en sus productos. Por consiguiente, Custom Molded Products emite esta Garant\u00eda limitada expresa con respecto a los productos fabricados exclusivamente por Custom Molded Products, Inc. de la&#8230;  <a href=\"https:\/\/www.c-m-p.com\/es\/apoyo\/garanta\/\" title=\"Read Garant\u00eda\">Read more &raquo;<\/a><\/p>\n","protected":false},"author":1,"featured_media":0,"parent":64030,"menu_order":0,"comment_status":"open","ping_status":"closed","template":"","meta":{"_acf_changed":false,"_oasis_is_in_workflow":0,"_oasis_original":0,"_mi_skip_tracking":false,"_monsterinsights_sitenote_active":false,"_monsterinsights_sitenote_note":"","_monsterinsights_sitenote_category":0,"footnotes":""},"class_list":["post-14483","page","type-page","status-publish","hentry"],"acf":[],"yoast_head":"<!-- This site is optimized with the Yoast SEO plugin v27.2 - https:\/\/yoast.com\/product\/yoast-seo-wordpress\/ -->\n<title>Garant\u00eda - CMP<\/title>\n<meta name=\"robots\" content=\"index, follow, max-snippet:-1, max-image-preview:large, max-video-preview:-1\" \/>\n<link rel=\"canonical\" href=\"https:\/\/www.c-m-p.com\/es\/apoyo\/garanta\/\" \/>\n<meta property=\"og:locale\" content=\"es_ES\" \/>\n<meta property=\"og:type\" content=\"article\" \/>\n<meta property=\"og:title\" content=\"Garant\u00eda - CMP\" \/>\n<meta property=\"og:description\" content=\"Custom Molded Products, Inc. se enorgullece de los productos de calidad que fabrica. La compa\u00f1\u00eda mantiene altos est\u00e1ndares para los materiales y la mano de obra que invierte en sus productos. Por consiguiente, Custom Molded Products emite esta Garant\u00eda limitada expresa con respecto a los productos fabricados exclusivamente por Custom Molded Products, Inc. de la... Read more &raquo;\" \/>\n<meta property=\"og:url\" content=\"https:\/\/www.c-m-p.com\/es\/apoyo\/garanta\/\" \/>\n<meta property=\"og:site_name\" content=\"CMP\" \/>\n<meta property=\"article:modified_time\" content=\"2016-12-16T20:58:55+00:00\" \/>\n<meta name=\"twitter:label1\" content=\"Tiempo de lectura\" \/>\n\t<meta name=\"twitter:data1\" content=\"5 minutos\" \/>\n<script type=\"application\/ld+json\" class=\"yoast-schema-graph\">{\"@context\":\"https:\/\/schema.org\",\"@graph\":[{\"@type\":\"WebPage\",\"@id\":\"https:\/\/www.c-m-p.com\/es\/apoyo\/garanta\/\",\"url\":\"https:\/\/www.c-m-p.com\/es\/apoyo\/garanta\/\",\"name\":\"Garant\u00eda - CMP\",\"isPartOf\":{\"@id\":\"https:\/\/c-m-p.com\/#website\"},\"datePublished\":\"2013-08-02T20:43:52+00:00\",\"dateModified\":\"2016-12-16T20:58:55+00:00\",\"breadcrumb\":{\"@id\":\"https:\/\/www.c-m-p.com\/es\/apoyo\/garanta\/#breadcrumb\"},\"inLanguage\":\"es\",\"potentialAction\":[{\"@type\":\"ReadAction\",\"target\":[\"https:\/\/www.c-m-p.com\/es\/apoyo\/garanta\/\"]}]},{\"@type\":\"BreadcrumbList\",\"@id\":\"https:\/\/www.c-m-p.com\/es\/apoyo\/garanta\/#breadcrumb\",\"itemListElement\":[{\"@type\":\"ListItem\",\"position\":1,\"name\":\"Home\",\"item\":\"https:\/\/c-m-p.com\/es\/\"},{\"@type\":\"ListItem\",\"position\":2,\"name\":\"Apoyo\",\"item\":\"https:\/\/www.c-m-p.com\/es\/apoyo\/\"},{\"@type\":\"ListItem\",\"position\":3,\"name\":\"Garant\u00eda\"}]},{\"@type\":\"WebSite\",\"@id\":\"https:\/\/c-m-p.com\/#website\",\"url\":\"https:\/\/c-m-p.com\/\",\"name\":\"CMP\",\"description\":\"Pool Products, Spa and Hot Tub Products\",\"publisher\":{\"@id\":\"https:\/\/c-m-p.com\/#organization\"},\"potentialAction\":[{\"@type\":\"SearchAction\",\"target\":{\"@type\":\"EntryPoint\",\"urlTemplate\":\"https:\/\/c-m-p.com\/?s={search_term_string}\"},\"query-input\":{\"@type\":\"PropertyValueSpecification\",\"valueRequired\":true,\"valueName\":\"search_term_string\"}}],\"inLanguage\":\"es\"},{\"@type\":\"Organization\",\"@id\":\"https:\/\/c-m-p.com\/#organization\",\"name\":\"CMP Pool & Spa Products\",\"url\":\"https:\/\/c-m-p.com\/\",\"logo\":{\"@type\":\"ImageObject\",\"inLanguage\":\"es\",\"@id\":\"https:\/\/c-m-p.com\/#\/schema\/logo\/image\/\",\"url\":\"https:\/\/43ab809dfe.nxcli.io\/wp-content\/uploads\/2013\/10\/2013-CMP-Logo.jpg\",\"contentUrl\":\"https:\/\/43ab809dfe.nxcli.io\/wp-content\/uploads\/2013\/10\/2013-CMP-Logo.jpg\",\"width\":1000,\"height\":247,\"caption\":\"CMP Pool & Spa Products\"},\"image\":{\"@id\":\"https:\/\/c-m-p.com\/#\/schema\/logo\/image\/\"}}]}<\/script>\n<!-- \/ Yoast SEO plugin. -->","yoast_head_json":{"title":"Garant\u00eda - CMP","robots":{"index":"index","follow":"follow","max-snippet":"max-snippet:-1","max-image-preview":"max-image-preview:large","max-video-preview":"max-video-preview:-1"},"canonical":"https:\/\/www.c-m-p.com\/es\/apoyo\/garanta\/","og_locale":"es_ES","og_type":"article","og_title":"Garant\u00eda - CMP","og_description":"Custom Molded Products, Inc. se enorgullece de los productos de calidad que fabrica. La compa\u00f1\u00eda mantiene altos est\u00e1ndares para los materiales y la mano de obra que invierte en sus productos. Por consiguiente, Custom Molded Products emite esta Garant\u00eda limitada expresa con respecto a los productos fabricados exclusivamente por Custom Molded Products, Inc. de la... Read more &raquo;","og_url":"https:\/\/www.c-m-p.com\/es\/apoyo\/garanta\/","og_site_name":"CMP","article_modified_time":"2016-12-16T20:58:55+00:00","twitter_misc":{"Tiempo de lectura":"5 minutos"},"schema":{"@context":"https:\/\/schema.org","@graph":[{"@type":"WebPage","@id":"https:\/\/www.c-m-p.com\/es\/apoyo\/garanta\/","url":"https:\/\/www.c-m-p.com\/es\/apoyo\/garanta\/","name":"Garant\u00eda - CMP","isPartOf":{"@id":"https:\/\/c-m-p.com\/#website"},"datePublished":"2013-08-02T20:43:52+00:00","dateModified":"2016-12-16T20:58:55+00:00","breadcrumb":{"@id":"https:\/\/www.c-m-p.com\/es\/apoyo\/garanta\/#breadcrumb"},"inLanguage":"es","potentialAction":[{"@type":"ReadAction","target":["https:\/\/www.c-m-p.com\/es\/apoyo\/garanta\/"]}]},{"@type":"BreadcrumbList","@id":"https:\/\/www.c-m-p.com\/es\/apoyo\/garanta\/#breadcrumb","itemListElement":[{"@type":"ListItem","position":1,"name":"Home","item":"https:\/\/c-m-p.com\/es\/"},{"@type":"ListItem","position":2,"name":"Apoyo","item":"https:\/\/www.c-m-p.com\/es\/apoyo\/"},{"@type":"ListItem","position":3,"name":"Garant\u00eda"}]},{"@type":"WebSite","@id":"https:\/\/c-m-p.com\/#website","url":"https:\/\/c-m-p.com\/","name":"CMP","description":"Pool Products, Spa and Hot Tub Products","publisher":{"@id":"https:\/\/c-m-p.com\/#organization"},"potentialAction":[{"@type":"SearchAction","target":{"@type":"EntryPoint","urlTemplate":"https:\/\/c-m-p.com\/?s={search_term_string}"},"query-input":{"@type":"PropertyValueSpecification","valueRequired":true,"valueName":"search_term_string"}}],"inLanguage":"es"},{"@type":"Organization","@id":"https:\/\/c-m-p.com\/#organization","name":"CMP Pool & Spa Products","url":"https:\/\/c-m-p.com\/","logo":{"@type":"ImageObject","inLanguage":"es","@id":"https:\/\/c-m-p.com\/#\/schema\/logo\/image\/","url":"https:\/\/43ab809dfe.nxcli.io\/wp-content\/uploads\/2013\/10\/2013-CMP-Logo.jpg","contentUrl":"https:\/\/43ab809dfe.nxcli.io\/wp-content\/uploads\/2013\/10\/2013-CMP-Logo.jpg","width":1000,"height":247,"caption":"CMP Pool & Spa Products"},"image":{"@id":"https:\/\/c-m-p.com\/#\/schema\/logo\/image\/"}}]}},"_links":{"self":[{"href":"https:\/\/www.c-m-p.com\/es\/wp-json\/wp\/v2\/pages\/14483","targetHints":{"allow":["GET"]}}],"collection":[{"href":"https:\/\/www.c-m-p.com\/es\/wp-json\/wp\/v2\/pages"}],"about":[{"href":"https:\/\/www.c-m-p.com\/es\/wp-json\/wp\/v2\/types\/page"}],"author":[{"embeddable":true,"href":"https:\/\/www.c-m-p.com\/es\/wp-json\/wp\/v2\/users\/1"}],"replies":[{"embeddable":true,"href":"https:\/\/www.c-m-p.com\/es\/wp-json\/wp\/v2\/comments?post=14483"}],"version-history":[{"count":0,"href":"https:\/\/www.c-m-p.com\/es\/wp-json\/wp\/v2\/pages\/14483\/revisions"}],"up":[{"embeddable":true,"href":"https:\/\/www.c-m-p.com\/es\/wp-json\/wp\/v2\/pages\/64030"}],"wp:attachment":[{"href":"https:\/\/www.c-m-p.com\/es\/wp-json\/wp\/v2\/media?parent=14483"}],"curies":[{"name":"wp","href":"https:\/\/api.w.org\/{rel}","templated":true}]}}