{"id":14563,"date":"2014-08-29T09:21:19","date_gmt":"2014-08-29T14:21:19","guid":{"rendered":"https:\/\/43ab809dfe.nxcli.io\/productos-para-piscina\/estructuras-ornamentales-de-agua\/led-laminar-brilliant-wonders\/?lang=es"},"modified":"2016-12-29T09:54:32","modified_gmt":"2016-12-29T14:54:32","slug":"led-laminar-brilliant-wonders","status":"publish","type":"page","link":"https:\/\/www.c-m-p.com\/es\/productos-para-piscina\/productos-led-pool\/led-laminar-brilliant-wonders\/","title":{"rendered":"LED Laminar Brilliant Wonders\u00ae"},"content":{"rendered":"<p>Los laminares LED Brilliant Wonders crean un efecto de fuente laminar uniforme con colores vibrantes y brillantes de LED. Nuestro can de chorro con patente en tr\u00e1mite est\u00e1 dise\u00f1ado con las mejores caracter\u00edsticas de la industria que hacen que nuestro laminar sea m\u00e1s f\u00e1cil de instalar y controlar. Un flujo, un ajuste y una filtraci\u00f3n mejorados hacen de este laminar el nico laminar LED que usted quiere instalar.<\/p>\n","protected":false},"excerpt":{"rendered":"<p>Los laminares LED Brilliant Wonders crean un efecto de fuente laminar uniforme con colores vibrantes y brillantes de LED. Nuestro can de chorro con patente en tr\u00e1mite est\u00e1 dise\u00f1ado con las mejores caracter\u00edsticas de la industria que hacen que nuestro laminar sea m\u00e1s f\u00e1cil de instalar y controlar. Un flujo, un ajuste y una filtraci\u00f3n&#8230;  <a href=\"https:\/\/www.c-m-p.com\/es\/productos-para-piscina\/productos-led-pool\/led-laminar-brilliant-wonders\/\" title=\"Read LED Laminar Brilliant Wonders\u00ae\">Read more &raquo;<\/a><\/p>\n","protected":false},"author":6,"featured_media":42826,"parent":63665,"menu_order":0,"comment_status":"closed","ping_status":"closed","template":"templates\/collection_page.php","meta":{"_acf_changed":false,"_oasis_is_in_workflow":0,"_oasis_original":0,"_mi_skip_tracking":false,"_monsterinsights_sitenote_active":false,"_monsterinsights_sitenote_note":"","_monsterinsights_sitenote_category":0,"footnotes":""},"class_list":["post-14563","page","type-page","status-publish","has-post-thumbnail","hentry"],"acf":[],"yoast_head":"<!-- This site is optimized with the Yoast SEO plugin v27.2 - https:\/\/yoast.com\/product\/yoast-seo-wordpress\/ -->\n<title>LED Laminar Brilliant Wonders\u00ae - CMP<\/title>\n<meta name=\"robots\" content=\"index, follow, max-snippet:-1, max-image-preview:large, max-video-preview:-1\" \/>\n<link rel=\"canonical\" href=\"https:\/\/c-m-p.com\/es\/productos-para-piscina\/productos-led-pool\/led-laminar-brilliant-wonders\/\" \/>\n<meta property=\"og:locale\" content=\"es_ES\" \/>\n<meta property=\"og:type\" content=\"article\" \/>\n<meta property=\"og:title\" content=\"LED Laminar Brilliant Wonders\u00ae - CMP\" \/>\n<meta property=\"og:description\" content=\"Los laminares LED Brilliant Wonders crean un efecto de fuente laminar uniforme con colores vibrantes y brillantes de LED. Nuestro can de chorro con patente en tr\u00e1mite est\u00e1 dise\u00f1ado con las mejores caracter\u00edsticas de la industria que hacen que nuestro laminar sea m\u00e1s f\u00e1cil de instalar y controlar. Un flujo, un ajuste y una filtraci\u00f3n... Read more &raquo;\" \/>\n<meta property=\"og:url\" content=\"https:\/\/c-m-p.com\/es\/productos-para-piscina\/productos-led-pool\/led-laminar-brilliant-wonders\/\" \/>\n<meta property=\"og:site_name\" content=\"CMP\" \/>\n<meta property=\"article:modified_time\" content=\"2016-12-29T14:54:32+00:00\" \/>\n<meta property=\"og:image\" content=\"https:\/\/c-m-p.com\/wp-content\/uploads\/2018\/09\/blue-laminar-close-up-side-block.jpg\" \/>\n\t<meta property=\"og:image:width\" content=\"826\" \/>\n\t<meta property=\"og:image:height\" content=\"702\" \/>\n\t<meta property=\"og:image:type\" content=\"image\/jpeg\" \/>\n<script type=\"application\/ld+json\" class=\"yoast-schema-graph\">{\"@context\":\"https:\/\/schema.org\",\"@graph\":[{\"@type\":\"WebPage\",\"@id\":\"https:\/\/c-m-p.com\/es\/productos-para-piscina\/productos-led-pool\/led-laminar-brilliant-wonders\/\",\"url\":\"https:\/\/c-m-p.com\/es\/productos-para-piscina\/productos-led-pool\/led-laminar-brilliant-wonders\/\",\"name\":\"LED Laminar Brilliant Wonders\u00ae - CMP\",\"isPartOf\":{\"@id\":\"https:\/\/c-m-p.com\/#website\"},\"primaryImageOfPage\":{\"@id\":\"https:\/\/c-m-p.com\/es\/productos-para-piscina\/productos-led-pool\/led-laminar-brilliant-wonders\/#primaryimage\"},\"image\":{\"@id\":\"https:\/\/c-m-p.com\/es\/productos-para-piscina\/productos-led-pool\/led-laminar-brilliant-wonders\/#primaryimage\"},\"thumbnailUrl\":\"https:\/\/www.c-m-p.com\/wp-content\/uploads\/2018\/09\/blue-laminar-close-up-side-block.jpg\",\"datePublished\":\"2014-08-29T14:21:19+00:00\",\"dateModified\":\"2016-12-29T14:54:32+00:00\",\"breadcrumb\":{\"@id\":\"https:\/\/c-m-p.com\/es\/productos-para-piscina\/productos-led-pool\/led-laminar-brilliant-wonders\/#breadcrumb\"},\"inLanguage\":\"es\",\"potentialAction\":[{\"@type\":\"ReadAction\",\"target\":[\"https:\/\/c-m-p.com\/es\/productos-para-piscina\/productos-led-pool\/led-laminar-brilliant-wonders\/\"]}]},{\"@type\":\"ImageObject\",\"inLanguage\":\"es\",\"@id\":\"https:\/\/c-m-p.com\/es\/productos-para-piscina\/productos-led-pool\/led-laminar-brilliant-wonders\/#primaryimage\",\"url\":\"https:\/\/www.c-m-p.com\/wp-content\/uploads\/2018\/09\/blue-laminar-close-up-side-block.jpg\",\"contentUrl\":\"https:\/\/www.c-m-p.com\/wp-content\/uploads\/2018\/09\/blue-laminar-close-up-side-block.jpg\",\"width\":826,\"height\":702},{\"@type\":\"BreadcrumbList\",\"@id\":\"https:\/\/c-m-p.com\/es\/productos-para-piscina\/productos-led-pool\/led-laminar-brilliant-wonders\/#breadcrumb\",\"itemListElement\":[{\"@type\":\"ListItem\",\"position\":1,\"name\":\"Home\",\"item\":\"https:\/\/c-m-p.com\/es\/\"},{\"@type\":\"ListItem\",\"position\":2,\"name\":\"Productos para piscinas\",\"item\":\"https:\/\/c-m-p.com\/es\/productos-para-piscina\/\"},{\"@type\":\"ListItem\",\"position\":3,\"name\":\"Productos LED Brilliant Wonders\u00ae\",\"item\":\"https:\/\/c-m-p.com\/es\/productos-para-piscina\/productos-led-pool\/\"},{\"@type\":\"ListItem\",\"position\":4,\"name\":\"LED Laminar Brilliant Wonders\u00ae\"}]},{\"@type\":\"WebSite\",\"@id\":\"https:\/\/c-m-p.com\/#website\",\"url\":\"https:\/\/c-m-p.com\/\",\"name\":\"CMP\",\"description\":\"Pool Products, Spa and Hot Tub Products\",\"publisher\":{\"@id\":\"https:\/\/c-m-p.com\/#organization\"},\"potentialAction\":[{\"@type\":\"SearchAction\",\"target\":{\"@type\":\"EntryPoint\",\"urlTemplate\":\"https:\/\/c-m-p.com\/?s={search_term_string}\"},\"query-input\":{\"@type\":\"PropertyValueSpecification\",\"valueRequired\":true,\"valueName\":\"search_term_string\"}}],\"inLanguage\":\"es\"},{\"@type\":\"Organization\",\"@id\":\"https:\/\/c-m-p.com\/#organization\",\"name\":\"CMP Pool & Spa Products\",\"url\":\"https:\/\/c-m-p.com\/\",\"logo\":{\"@type\":\"ImageObject\",\"inLanguage\":\"es\",\"@id\":\"https:\/\/c-m-p.com\/#\/schema\/logo\/image\/\",\"url\":\"https:\/\/43ab809dfe.nxcli.io\/wp-content\/uploads\/2013\/10\/2013-CMP-Logo.jpg\",\"contentUrl\":\"https:\/\/43ab809dfe.nxcli.io\/wp-content\/uploads\/2013\/10\/2013-CMP-Logo.jpg\",\"width\":1000,\"height\":247,\"caption\":\"CMP Pool & Spa Products\"},\"image\":{\"@id\":\"https:\/\/c-m-p.com\/#\/schema\/logo\/image\/\"}}]}<\/script>\n<!-- \/ Yoast SEO plugin. -->","yoast_head_json":{"title":"LED Laminar Brilliant Wonders\u00ae - CMP","robots":{"index":"index","follow":"follow","max-snippet":"max-snippet:-1","max-image-preview":"max-image-preview:large","max-video-preview":"max-video-preview:-1"},"canonical":"https:\/\/c-m-p.com\/es\/productos-para-piscina\/productos-led-pool\/led-laminar-brilliant-wonders\/","og_locale":"es_ES","og_type":"article","og_title":"LED Laminar Brilliant Wonders\u00ae - CMP","og_description":"Los laminares LED Brilliant Wonders crean un efecto de fuente laminar uniforme con colores vibrantes y brillantes de LED. Nuestro can de chorro con patente en tr\u00e1mite est\u00e1 dise\u00f1ado con las mejores caracter\u00edsticas de la industria que hacen que nuestro laminar sea m\u00e1s f\u00e1cil de instalar y controlar. Un flujo, un ajuste y una filtraci\u00f3n... Read more &raquo;","og_url":"https:\/\/c-m-p.com\/es\/productos-para-piscina\/productos-led-pool\/led-laminar-brilliant-wonders\/","og_site_name":"CMP","article_modified_time":"2016-12-29T14:54:32+00:00","og_image":[{"width":826,"height":702,"url":"https:\/\/c-m-p.com\/wp-content\/uploads\/2018\/09\/blue-laminar-close-up-side-block.jpg","type":"image\/jpeg"}],"schema":{"@context":"https:\/\/schema.org","@graph":[{"@type":"WebPage","@id":"https:\/\/c-m-p.com\/es\/productos-para-piscina\/productos-led-pool\/led-laminar-brilliant-wonders\/","url":"https:\/\/c-m-p.com\/es\/productos-para-piscina\/productos-led-pool\/led-laminar-brilliant-wonders\/","name":"LED Laminar Brilliant Wonders\u00ae - CMP","isPartOf":{"@id":"https:\/\/c-m-p.com\/#website"},"primaryImageOfPage":{"@id":"https:\/\/c-m-p.com\/es\/productos-para-piscina\/productos-led-pool\/led-laminar-brilliant-wonders\/#primaryimage"},"image":{"@id":"https:\/\/c-m-p.com\/es\/productos-para-piscina\/productos-led-pool\/led-laminar-brilliant-wonders\/#primaryimage"},"thumbnailUrl":"https:\/\/www.c-m-p.com\/wp-content\/uploads\/2018\/09\/blue-laminar-close-up-side-block.jpg","datePublished":"2014-08-29T14:21:19+00:00","dateModified":"2016-12-29T14:54:32+00:00","breadcrumb":{"@id":"https:\/\/c-m-p.com\/es\/productos-para-piscina\/productos-led-pool\/led-laminar-brilliant-wonders\/#breadcrumb"},"inLanguage":"es","potentialAction":[{"@type":"ReadAction","target":["https:\/\/c-m-p.com\/es\/productos-para-piscina\/productos-led-pool\/led-laminar-brilliant-wonders\/"]}]},{"@type":"ImageObject","inLanguage":"es","@id":"https:\/\/c-m-p.com\/es\/productos-para-piscina\/productos-led-pool\/led-laminar-brilliant-wonders\/#primaryimage","url":"https:\/\/www.c-m-p.com\/wp-content\/uploads\/2018\/09\/blue-laminar-close-up-side-block.jpg","contentUrl":"https:\/\/www.c-m-p.com\/wp-content\/uploads\/2018\/09\/blue-laminar-close-up-side-block.jpg","width":826,"height":702},{"@type":"BreadcrumbList","@id":"https:\/\/c-m-p.com\/es\/productos-para-piscina\/productos-led-pool\/led-laminar-brilliant-wonders\/#breadcrumb","itemListElement":[{"@type":"ListItem","position":1,"name":"Home","item":"https:\/\/c-m-p.com\/es\/"},{"@type":"ListItem","position":2,"name":"Productos para piscinas","item":"https:\/\/c-m-p.com\/es\/productos-para-piscina\/"},{"@type":"ListItem","position":3,"name":"Productos LED Brilliant Wonders\u00ae","item":"https:\/\/c-m-p.com\/es\/productos-para-piscina\/productos-led-pool\/"},{"@type":"ListItem","position":4,"name":"LED Laminar Brilliant Wonders\u00ae"}]},{"@type":"WebSite","@id":"https:\/\/c-m-p.com\/#website","url":"https:\/\/c-m-p.com\/","name":"CMP","description":"Pool Products, Spa and Hot Tub Products","publisher":{"@id":"https:\/\/c-m-p.com\/#organization"},"potentialAction":[{"@type":"SearchAction","target":{"@type":"EntryPoint","urlTemplate":"https:\/\/c-m-p.com\/?s={search_term_string}"},"query-input":{"@type":"PropertyValueSpecification","valueRequired":true,"valueName":"search_term_string"}}],"inLanguage":"es"},{"@type":"Organization","@id":"https:\/\/c-m-p.com\/#organization","name":"CMP Pool & Spa Products","url":"https:\/\/c-m-p.com\/","logo":{"@type":"ImageObject","inLanguage":"es","@id":"https:\/\/c-m-p.com\/#\/schema\/logo\/image\/","url":"https:\/\/43ab809dfe.nxcli.io\/wp-content\/uploads\/2013\/10\/2013-CMP-Logo.jpg","contentUrl":"https:\/\/43ab809dfe.nxcli.io\/wp-content\/uploads\/2013\/10\/2013-CMP-Logo.jpg","width":1000,"height":247,"caption":"CMP Pool & Spa Products"},"image":{"@id":"https:\/\/c-m-p.com\/#\/schema\/logo\/image\/"}}]}},"_links":{"self":[{"href":"https:\/\/www.c-m-p.com\/es\/wp-json\/wp\/v2\/pages\/14563","targetHints":{"allow":["GET"]}}],"collection":[{"href":"https:\/\/www.c-m-p.com\/es\/wp-json\/wp\/v2\/pages"}],"about":[{"href":"https:\/\/www.c-m-p.com\/es\/wp-json\/wp\/v2\/types\/page"}],"author":[{"embeddable":true,"href":"https:\/\/www.c-m-p.com\/es\/wp-json\/wp\/v2\/users\/6"}],"replies":[{"embeddable":true,"href":"https:\/\/www.c-m-p.com\/es\/wp-json\/wp\/v2\/comments?post=14563"}],"version-history":[{"count":0,"href":"https:\/\/www.c-m-p.com\/es\/wp-json\/wp\/v2\/pages\/14563\/revisions"}],"up":[{"embeddable":true,"href":"https:\/\/www.c-m-p.com\/es\/wp-json\/wp\/v2\/pages\/63665"}],"wp:featuredmedia":[{"embeddable":true,"href":"https:\/\/www.c-m-p.com\/es\/wp-json\/wp\/v2\/media\/42826"}],"wp:attachment":[{"href":"https:\/\/www.c-m-p.com\/es\/wp-json\/wp\/v2\/media?parent=14563"}],"curies":[{"name":"wp","href":"https:\/\/api.w.org\/{rel}","templated":true}]}}