{"id":20338,"date":"2015-07-31T10:36:34","date_gmt":"2015-07-31T15:36:34","guid":{"rendered":"https:\/\/43ab809dfe.nxcli.io\/es\/oportunidades-de-empleo-2\/"},"modified":"2016-01-21T12:29:26","modified_gmt":"2016-01-21T17:29:26","slug":"oportunidades-de-empleo-2","status":"publish","type":"page","link":"https:\/\/www.c-m-p.com\/es\/oportunidades-de-empleo-2\/","title":{"rendered":"Oportunidades de empleo"},"content":{"rendered":"<p>En CMP, empleamos a m\u00e1s de 400 personas en todo el mundo, que se esmeran por proporcionar productos de calidad, atenci\u00f3n al cliente excepcional y suministro confiable. Cada departamento, desde el de dise\u00f1o hasta el de entrega, se esfuerza por superar las expectativas de todos nuestros clientes. Nuestros empleados hacen la diferencia con los detalles. Es por eso que decimos \u00abeverything matters\u00bb (todo importa).<\/p>\n<p>Estamos en expansi\u00f3n y siempre en la b\u00fasqueda de personas talentosas y motivadas para unirse a nuestro equipo. Ofrecemos salarios competitivos y amplios beneficios.<\/p>\n","protected":false},"excerpt":{"rendered":"<p>En CMP, empleamos a m\u00e1s de 400 personas en todo el mundo, que se esmeran por proporcionar productos de calidad, atenci\u00f3n al cliente excepcional y suministro confiable. Cada departamento, desde el de dise\u00f1o hasta el de entrega, se esfuerza por superar las expectativas de todos nuestros clientes. Nuestros empleados hacen la diferencia con los detalles&#8230;.  <a href=\"https:\/\/www.c-m-p.com\/es\/oportunidades-de-empleo-2\/\" title=\"Read Oportunidades de empleo\">Read more &raquo;<\/a><\/p>\n","protected":false},"author":9,"featured_media":0,"parent":0,"menu_order":0,"comment_status":"closed","ping_status":"closed","template":"","meta":{"_acf_changed":false,"_oasis_is_in_workflow":0,"_oasis_original":0,"_mi_skip_tracking":false,"_monsterinsights_sitenote_active":false,"_monsterinsights_sitenote_note":"","_monsterinsights_sitenote_category":0,"footnotes":""},"class_list":["post-20338","page","type-page","status-publish","hentry"],"acf":[],"yoast_head":"<!-- This site is optimized with the Yoast SEO plugin v27.2 - https:\/\/yoast.com\/product\/yoast-seo-wordpress\/ -->\n<title>Oportunidades de empleo - CMP<\/title>\n<meta name=\"robots\" content=\"index, follow, max-snippet:-1, max-image-preview:large, max-video-preview:-1\" \/>\n<link rel=\"canonical\" href=\"https:\/\/c-m-p.com\/es\/oportunidades-de-empleo-2\/\" \/>\n<meta property=\"og:locale\" content=\"es_ES\" \/>\n<meta property=\"og:type\" content=\"article\" \/>\n<meta property=\"og:title\" content=\"Oportunidades de empleo - CMP\" \/>\n<meta property=\"og:description\" content=\"En CMP, empleamos a m\u00e1s de 400 personas en todo el mundo, que se esmeran por proporcionar productos de calidad, atenci\u00f3n al cliente excepcional y suministro confiable. Cada departamento, desde el de dise\u00f1o hasta el de entrega, se esfuerza por superar las expectativas de todos nuestros clientes. Nuestros empleados hacen la diferencia con los detalles.... Read more &raquo;\" \/>\n<meta property=\"og:url\" content=\"https:\/\/c-m-p.com\/es\/oportunidades-de-empleo-2\/\" \/>\n<meta property=\"og:site_name\" content=\"CMP\" \/>\n<meta property=\"article:modified_time\" content=\"2016-01-21T17:29:26+00:00\" \/>\n<script type=\"application\/ld+json\" class=\"yoast-schema-graph\">{\"@context\":\"https:\/\/schema.org\",\"@graph\":[{\"@type\":\"WebPage\",\"@id\":\"https:\/\/c-m-p.com\/es\/oportunidades-de-empleo-2\/\",\"url\":\"https:\/\/c-m-p.com\/es\/oportunidades-de-empleo-2\/\",\"name\":\"Oportunidades de empleo - CMP\",\"isPartOf\":{\"@id\":\"https:\/\/c-m-p.com\/#website\"},\"datePublished\":\"2015-07-31T15:36:34+00:00\",\"dateModified\":\"2016-01-21T17:29:26+00:00\",\"breadcrumb\":{\"@id\":\"https:\/\/c-m-p.com\/es\/oportunidades-de-empleo-2\/#breadcrumb\"},\"inLanguage\":\"es\",\"potentialAction\":[{\"@type\":\"ReadAction\",\"target\":[\"https:\/\/c-m-p.com\/es\/oportunidades-de-empleo-2\/\"]}]},{\"@type\":\"BreadcrumbList\",\"@id\":\"https:\/\/c-m-p.com\/es\/oportunidades-de-empleo-2\/#breadcrumb\",\"itemListElement\":[{\"@type\":\"ListItem\",\"position\":1,\"name\":\"Home\",\"item\":\"https:\/\/c-m-p.com\/es\/\"},{\"@type\":\"ListItem\",\"position\":2,\"name\":\"Oportunidades de empleo\"}]},{\"@type\":\"WebSite\",\"@id\":\"https:\/\/c-m-p.com\/#website\",\"url\":\"https:\/\/c-m-p.com\/\",\"name\":\"CMP\",\"description\":\"Pool Products, Spa and Hot Tub Products\",\"publisher\":{\"@id\":\"https:\/\/c-m-p.com\/#organization\"},\"potentialAction\":[{\"@type\":\"SearchAction\",\"target\":{\"@type\":\"EntryPoint\",\"urlTemplate\":\"https:\/\/c-m-p.com\/?s={search_term_string}\"},\"query-input\":{\"@type\":\"PropertyValueSpecification\",\"valueRequired\":true,\"valueName\":\"search_term_string\"}}],\"inLanguage\":\"es\"},{\"@type\":\"Organization\",\"@id\":\"https:\/\/c-m-p.com\/#organization\",\"name\":\"CMP Pool & Spa Products\",\"url\":\"https:\/\/c-m-p.com\/\",\"logo\":{\"@type\":\"ImageObject\",\"inLanguage\":\"es\",\"@id\":\"https:\/\/c-m-p.com\/#\/schema\/logo\/image\/\",\"url\":\"https:\/\/43ab809dfe.nxcli.io\/wp-content\/uploads\/2013\/10\/2013-CMP-Logo.jpg\",\"contentUrl\":\"https:\/\/43ab809dfe.nxcli.io\/wp-content\/uploads\/2013\/10\/2013-CMP-Logo.jpg\",\"width\":1000,\"height\":247,\"caption\":\"CMP Pool & Spa Products\"},\"image\":{\"@id\":\"https:\/\/c-m-p.com\/#\/schema\/logo\/image\/\"}}]}<\/script>\n<!-- \/ Yoast SEO plugin. -->","yoast_head_json":{"title":"Oportunidades de empleo - CMP","robots":{"index":"index","follow":"follow","max-snippet":"max-snippet:-1","max-image-preview":"max-image-preview:large","max-video-preview":"max-video-preview:-1"},"canonical":"https:\/\/c-m-p.com\/es\/oportunidades-de-empleo-2\/","og_locale":"es_ES","og_type":"article","og_title":"Oportunidades de empleo - CMP","og_description":"En CMP, empleamos a m\u00e1s de 400 personas en todo el mundo, que se esmeran por proporcionar productos de calidad, atenci\u00f3n al cliente excepcional y suministro confiable. Cada departamento, desde el de dise\u00f1o hasta el de entrega, se esfuerza por superar las expectativas de todos nuestros clientes. Nuestros empleados hacen la diferencia con los detalles.... Read more &raquo;","og_url":"https:\/\/c-m-p.com\/es\/oportunidades-de-empleo-2\/","og_site_name":"CMP","article_modified_time":"2016-01-21T17:29:26+00:00","schema":{"@context":"https:\/\/schema.org","@graph":[{"@type":"WebPage","@id":"https:\/\/c-m-p.com\/es\/oportunidades-de-empleo-2\/","url":"https:\/\/c-m-p.com\/es\/oportunidades-de-empleo-2\/","name":"Oportunidades de empleo - CMP","isPartOf":{"@id":"https:\/\/c-m-p.com\/#website"},"datePublished":"2015-07-31T15:36:34+00:00","dateModified":"2016-01-21T17:29:26+00:00","breadcrumb":{"@id":"https:\/\/c-m-p.com\/es\/oportunidades-de-empleo-2\/#breadcrumb"},"inLanguage":"es","potentialAction":[{"@type":"ReadAction","target":["https:\/\/c-m-p.com\/es\/oportunidades-de-empleo-2\/"]}]},{"@type":"BreadcrumbList","@id":"https:\/\/c-m-p.com\/es\/oportunidades-de-empleo-2\/#breadcrumb","itemListElement":[{"@type":"ListItem","position":1,"name":"Home","item":"https:\/\/c-m-p.com\/es\/"},{"@type":"ListItem","position":2,"name":"Oportunidades de empleo"}]},{"@type":"WebSite","@id":"https:\/\/c-m-p.com\/#website","url":"https:\/\/c-m-p.com\/","name":"CMP","description":"Pool Products, Spa and Hot Tub Products","publisher":{"@id":"https:\/\/c-m-p.com\/#organization"},"potentialAction":[{"@type":"SearchAction","target":{"@type":"EntryPoint","urlTemplate":"https:\/\/c-m-p.com\/?s={search_term_string}"},"query-input":{"@type":"PropertyValueSpecification","valueRequired":true,"valueName":"search_term_string"}}],"inLanguage":"es"},{"@type":"Organization","@id":"https:\/\/c-m-p.com\/#organization","name":"CMP Pool & Spa Products","url":"https:\/\/c-m-p.com\/","logo":{"@type":"ImageObject","inLanguage":"es","@id":"https:\/\/c-m-p.com\/#\/schema\/logo\/image\/","url":"https:\/\/43ab809dfe.nxcli.io\/wp-content\/uploads\/2013\/10\/2013-CMP-Logo.jpg","contentUrl":"https:\/\/43ab809dfe.nxcli.io\/wp-content\/uploads\/2013\/10\/2013-CMP-Logo.jpg","width":1000,"height":247,"caption":"CMP Pool & Spa Products"},"image":{"@id":"https:\/\/c-m-p.com\/#\/schema\/logo\/image\/"}}]}},"_links":{"self":[{"href":"https:\/\/www.c-m-p.com\/es\/wp-json\/wp\/v2\/pages\/20338","targetHints":{"allow":["GET"]}}],"collection":[{"href":"https:\/\/www.c-m-p.com\/es\/wp-json\/wp\/v2\/pages"}],"about":[{"href":"https:\/\/www.c-m-p.com\/es\/wp-json\/wp\/v2\/types\/page"}],"author":[{"embeddable":true,"href":"https:\/\/www.c-m-p.com\/es\/wp-json\/wp\/v2\/users\/9"}],"replies":[{"embeddable":true,"href":"https:\/\/www.c-m-p.com\/es\/wp-json\/wp\/v2\/comments?post=20338"}],"version-history":[{"count":0,"href":"https:\/\/www.c-m-p.com\/es\/wp-json\/wp\/v2\/pages\/20338\/revisions"}],"wp:attachment":[{"href":"https:\/\/www.c-m-p.com\/es\/wp-json\/wp\/v2\/media?parent=20338"}],"curies":[{"name":"wp","href":"https:\/\/api.w.org\/{rel}","templated":true}]}}