{"id":63677,"date":"2020-09-17T07:34:13","date_gmt":"2020-09-17T12:34:13","guid":{"rendered":"https:\/\/43ab809dfe.nxcli.io\/productos-para-piscina\/bobe\/"},"modified":"2021-07-27T07:50:58","modified_gmt":"2021-07-27T12:50:58","slug":"bobe","status":"publish","type":"page","link":"https:\/\/www.c-m-p.com\/es\/productos-para-piscina\/bobe\/","title":{"rendered":"Bob\u00e9\u00ae Agua y Fuego"},"content":{"rendered":"<p><img loading=\"lazy\" decoding=\"async\" class=\"aligncenter wp-image-59067\" src=\"https:\/\/www.c-m-p.com\/wp-content\/uploads\/2020\/09\/Bobe-Logo-RevB-web.png\" alt=\"\" width=\"550\" height=\"286\" \/><br \/>\n<img decoding=\"async\" width=\"200\" height=\"200\" src=\"https:\/\/www.c-m-p.com\/wp-content\/uploads\/2020\/09\/fire-pot-feature-circle.jpg\" class=\"attachment-full size-full\" alt=\"\" loading=\"lazy\" srcset=\"https:\/\/www.c-m-p.com\/wp-content\/uploads\/2020\/09\/fire-pot-feature-circle.jpg 200w, https:\/\/www.c-m-p.com\/wp-content\/uploads\/2020\/09\/fire-pot-feature-circle-150x150.jpg 150w\" sizes=\"auto, (max-width: 200px) 100vw, 200px\" \/><br \/>\nUna pieza central de fuego<br \/>\n<img decoding=\"async\" width=\"200\" height=\"200\" src=\"https:\/\/www.c-m-p.com\/wp-content\/uploads\/2020\/09\/scupper-feature-circle.jpg\" class=\"attachment-full size-full\" alt=\"\" loading=\"lazy\" srcset=\"https:\/\/www.c-m-p.com\/wp-content\/uploads\/2020\/09\/scupper-feature-circle.jpg 200w, https:\/\/www.c-m-p.com\/wp-content\/uploads\/2020\/09\/scupper-feature-circle-150x150.jpg 150w\" sizes=\"auto, (max-width: 200px) 100vw, 200px\" \/><br \/>\nHecho para ser visto<br \/>\n<img decoding=\"async\" width=\"200\" height=\"200\" src=\"https:\/\/www.c-m-p.com\/wp-content\/uploads\/2020\/09\/water-fire-feature-circle2.jpg\" class=\"attachment-full size-full\" alt=\"\" loading=\"lazy\" srcset=\"https:\/\/www.c-m-p.com\/wp-content\/uploads\/2020\/09\/water-fire-feature-circle2.jpg 200w, https:\/\/www.c-m-p.com\/wp-content\/uploads\/2020\/09\/water-fire-feature-circle2-150x150.jpg 150w\" sizes=\"auto, (max-width: 200px) 100vw, 200px\" \/><br \/>\nDominio de los elementos<br \/>\n<img decoding=\"async\" width=\"200\" height=\"200\" src=\"https:\/\/www.c-m-p.com\/wp-content\/uploads\/2020\/09\/flight-feature-circle.jpg\" class=\"attachment-full size-full\" alt=\"\" loading=\"lazy\" srcset=\"https:\/\/www.c-m-p.com\/wp-content\/uploads\/2020\/09\/flight-feature-circle.jpg 200w, https:\/\/www.c-m-p.com\/wp-content\/uploads\/2020\/09\/flight-feature-circle-150x150.jpg 150w\" sizes=\"auto, (max-width: 200px) 100vw, 200px\" \/><br \/>\n\u00danico &#038; amp; Caracter\u00edsticas originales<br \/>\n<img decoding=\"async\" width=\"200\" height=\"200\" src=\"https:\/\/www.c-m-p.com\/wp-content\/uploads\/2020\/09\/fire-table-feature-circle.jpg\" class=\"attachment-full size-full\" alt=\"\" loading=\"lazy\" srcset=\"https:\/\/www.c-m-p.com\/wp-content\/uploads\/2020\/09\/fire-table-feature-circle.jpg 200w, https:\/\/www.c-m-p.com\/wp-content\/uploads\/2020\/09\/fire-table-feature-circle-150x150.jpg 150w\" sizes=\"auto, (max-width: 200px) 100vw, 200px\" \/><br \/>\nIniciar una conversaci\u00f3n<br \/>\n<img decoding=\"async\" width=\"200\" height=\"200\" src=\"https:\/\/www.c-m-p.com\/wp-content\/uploads\/2020\/09\/planter-feature-circle.jpg\" class=\"attachment-full size-full\" alt=\"\" loading=\"lazy\" srcset=\"https:\/\/www.c-m-p.com\/wp-content\/uploads\/2020\/09\/planter-feature-circle.jpg 200w, https:\/\/www.c-m-p.com\/wp-content\/uploads\/2020\/09\/planter-feature-circle-150x150.jpg 150w\" sizes=\"auto, (max-width: 200px) 100vw, 200px\" \/><br \/>\nLa pareja perfecta<\/p>\n<h1>Encuentra tu elemento&#x2122;<\/h1>\n<p><i>Los productos Bob\u00e9 est\u00e1n hechos de forma artesanal en el punto donde se encuentran la artesan\u00eda tradicional y la tecnolog\u00eda. Los artesanos profesionales dise\u00f1an y manipulan estructuras de cobre y acero de alta resistencia. Mientras tanto, maquinaria de \u00faltima generaci\u00f3n construye con precisi\u00f3n el quemador Perfect Flame y estampa las caracter\u00edsticas del agua de dise\u00f1o.<\/i><\/p>\n<h1><img loading=\"lazy\" decoding=\"async\" class=\"aligncenter size-full wp-image-59212\" src=\"https:\/\/www.c-m-p.com\/wp-content\/uploads\/2020\/09\/materials-white-icon.png\" alt=\"\" width=\"200\" height=\"200\" srcset=\"https:\/\/www.c-m-p.com\/wp-content\/uploads\/2020\/09\/materials-white-icon.png 200w, https:\/\/www.c-m-p.com\/wp-content\/uploads\/2020\/09\/materials-white-icon-150x150.png 150w\" sizes=\"auto, (max-width: 200px) 100vw, 200px\" \/><\/h1>\n<h1>Materiales de alta calidad<\/h1>\n<p>Grado pesado: nuestros productos est\u00e1n hechos de acero inoxidable y cobre de la mejor calidad. Cada material est\u00e1 vivo con propiedades propias.<br \/>\n<img decoding=\"async\" width=\"1200\" height=\"630\" src=\"https:\/\/www.c-m-p.com\/wp-content\/uploads\/2019\/10\/bobe-fire-flight-series-rain-feature.jpg\" class=\"attachment-full size-full\" alt=\"\" loading=\"lazy\" srcset=\"https:\/\/www.c-m-p.com\/wp-content\/uploads\/2019\/10\/bobe-fire-flight-series-rain-feature.jpg 1200w, https:\/\/www.c-m-p.com\/wp-content\/uploads\/2019\/10\/bobe-fire-flight-series-rain-feature-300x158.jpg 300w, https:\/\/www.c-m-p.com\/wp-content\/uploads\/2019\/10\/bobe-fire-flight-series-rain-feature-768x403.jpg 768w, https:\/\/www.c-m-p.com\/wp-content\/uploads\/2019\/10\/bobe-fire-flight-series-rain-feature-1024x538.jpg 1024w, https:\/\/www.c-m-p.com\/wp-content\/uploads\/2019\/10\/bobe-fire-flight-series-rain-feature-568x298.jpg 568w, https:\/\/www.c-m-p.com\/wp-content\/uploads\/2019\/10\/bobe-fire-flight-series-rain-feature-235x123.jpg 235w, https:\/\/www.c-m-p.com\/wp-content\/uploads\/2019\/10\/bobe-fire-flight-series-rain-feature-307x161.jpg 307w\" sizes=\"auto, (max-width: 1200px) 100vw, 1200px\" \/><\/p>\n<h1><img loading=\"lazy\" decoding=\"async\" class=\"aligncenter size-full wp-image-59203\" src=\"https:\/\/www.c-m-p.com\/wp-content\/uploads\/2020\/09\/perfect-flame-white-icon.png\" alt=\"\" width=\"200\" height=\"200\" srcset=\"https:\/\/www.c-m-p.com\/wp-content\/uploads\/2020\/09\/perfect-flame-white-icon.png 200w, https:\/\/www.c-m-p.com\/wp-content\/uploads\/2020\/09\/perfect-flame-white-icon-150x150.png 150w\" sizes=\"auto, (max-width: 200px) 100vw, 200px\" \/><\/h1>\n<h1>Perfect Flame\u00ae<\/h1>\n<p>Todas las ollas de fuego, cuencos de agua + fuego y l\u00edneas de fuego utilizan la tecnolog\u00eda de quemador Bob\u00e9 Perfect Flame &#x2122;. <Span class = \"Apple-convertido-space\"> <\/span> Nuestros quemadores son diferentes a cualquier otro, con una llama que arde m\u00e1s grande con un aspecto de fuego m\u00e1s natural.<span class=\"Apple-converted-space\">\u00a0<\/span><br \/>\n<img decoding=\"async\" width=\"700\" height=\"200\" src=\"https:\/\/www.c-m-p.com\/wp-content\/uploads\/2020\/02\/bobe-fire-pan-lit-overlay-banner.jpg\" class=\"attachment-full size-full\" alt=\"\" loading=\"lazy\" srcset=\"https:\/\/www.c-m-p.com\/wp-content\/uploads\/2020\/02\/bobe-fire-pan-lit-overlay-banner.jpg 700w, https:\/\/www.c-m-p.com\/wp-content\/uploads\/2020\/02\/bobe-fire-pan-lit-overlay-banner-300x86.jpg 300w, https:\/\/www.c-m-p.com\/wp-content\/uploads\/2020\/02\/bobe-fire-pan-lit-overlay-banner-568x162.jpg 568w, https:\/\/www.c-m-p.com\/wp-content\/uploads\/2020\/02\/bobe-fire-pan-lit-overlay-banner-235x67.jpg 235w, https:\/\/www.c-m-p.com\/wp-content\/uploads\/2020\/02\/bobe-fire-pan-lit-overlay-banner-307x88.jpg 307w\" sizes=\"auto, (max-width: 700px) 100vw, 700px\" \/><\/p>\n<h1><img loading=\"lazy\" decoding=\"async\" class=\"aligncenter size-full wp-image-59219\" src=\"https:\/\/www.c-m-p.com\/wp-content\/uploads\/2020\/09\/artisan-eye-dk-gray-icon.png\" alt=\"\" width=\"200\" height=\"200\" srcset=\"https:\/\/www.c-m-p.com\/wp-content\/uploads\/2020\/09\/artisan-eye-dk-gray-icon.png 200w, https:\/\/www.c-m-p.com\/wp-content\/uploads\/2020\/09\/artisan-eye-dk-gray-icon-150x150.png 150w\" sizes=\"auto, (max-width: 200px) 100vw, 200px\" \/><\/h1>\n<h1>Artesano elaborado<\/h1>\n<p>Cada producto Bob\u00e9 est\u00e1 hecho a mano por nuestro equipo calificado en Phoenix, Arizona. Cada art\u00edculo se suelda con TIG, se pule a mano y se inspecciona individualmente antes de salir de nuestra f\u00e1brica y aterrizar en su patio trasero.<br \/>\n<img decoding=\"async\" width=\"2000\" height=\"548\" src=\"https:\/\/www.c-m-p.com\/wp-content\/uploads\/2020\/09\/fancy-welder-image-break-cropped.jpg\" class=\"attachment-full size-full\" alt=\"\" loading=\"lazy\" srcset=\"https:\/\/www.c-m-p.com\/wp-content\/uploads\/2020\/09\/fancy-welder-image-break-cropped.jpg 2000w, https:\/\/www.c-m-p.com\/wp-content\/uploads\/2020\/09\/fancy-welder-image-break-cropped-300x82.jpg 300w, https:\/\/www.c-m-p.com\/wp-content\/uploads\/2020\/09\/fancy-welder-image-break-cropped-1024x281.jpg 1024w, https:\/\/www.c-m-p.com\/wp-content\/uploads\/2020\/09\/fancy-welder-image-break-cropped-768x210.jpg 768w, https:\/\/www.c-m-p.com\/wp-content\/uploads\/2020\/09\/fancy-welder-image-break-cropped-1536x421.jpg 1536w, https:\/\/www.c-m-p.com\/wp-content\/uploads\/2020\/09\/fancy-welder-image-break-cropped-568x156.jpg 568w, https:\/\/www.c-m-p.com\/wp-content\/uploads\/2020\/09\/fancy-welder-image-break-cropped-235x64.jpg 235w, https:\/\/www.c-m-p.com\/wp-content\/uploads\/2020\/09\/fancy-welder-image-break-cropped-307x84.jpg 307w\" sizes=\"auto, (max-width: 2000px) 100vw, 2000px\" \/><br \/>\n\u00bfQUIERES M\u00c1S INFORMACI\u00d3N SOBRE LOS PRODUCTOS DE LA MARCA BOB\u00c9?<br \/>\nAntes de continuar, haga clic en el bot\u00f3n de abajo para ponerse en contacto con CMP<br \/>\n\u00daNICO EN SU CLASE<br \/>\nFlight Series es un pozo de fuego minimalista y completamente abierto que combina la experiencia de un pozo de fuego con una llama abierta ondulante.<br \/>\nHAZLO TODO TU PROPIO<br \/>\nINICIAMOS EL FUEGO<br \/>\n<strong><span style=\"text-decoration: underline;\">SERIE ARTESANAL ES EL AGUA + FUEGO QUE EST\u00c1S BUSCANDO<\/span>\u00a0\u27eb\u00a0<\/strong><br \/>\nLa caracter\u00edstica del agua hecha para ser vista<br \/>\nLos imbornales a\u00f1aden textura y estilo a una piscina. El agua es solo una caracter\u00edstica adicional.<br \/>\n\u00bfBUSCAS M\u00c1S INFORMACI\u00d3N? \u00a1CONSULTE EL CENTRO DE RECURSOS!<br \/>\n&nbsp;<\/p>\n<p>&nbsp;<\/p>\n<p>&nbsp;<\/p>\n<p>&nbsp;<\/p>\n<p>&nbsp;<\/p>\n<p>&nbsp;<\/p>\n<p>&nbsp;<\/p>\n<p>&nbsp;<br \/>\n<img decoding=\"async\" width=\"1000\" height=\"500\" src=\"https:\/\/www.c-m-p.com\/wp-content\/uploads\/2018\/10\/bobe-360-spill-bowl-banner.jpg\" class=\"attachment-full size-full\" alt=\"\" loading=\"lazy\" srcset=\"https:\/\/www.c-m-p.com\/wp-content\/uploads\/2018\/10\/bobe-360-spill-bowl-banner.jpg 1000w, https:\/\/www.c-m-p.com\/wp-content\/uploads\/2018\/10\/bobe-360-spill-bowl-banner-300x150.jpg 300w, https:\/\/www.c-m-p.com\/wp-content\/uploads\/2018\/10\/bobe-360-spill-bowl-banner-768x384.jpg 768w, https:\/\/www.c-m-p.com\/wp-content\/uploads\/2018\/10\/bobe-360-spill-bowl-banner-568x284.jpg 568w, https:\/\/www.c-m-p.com\/wp-content\/uploads\/2018\/10\/bobe-360-spill-bowl-banner-235x118.jpg 235w, https:\/\/www.c-m-p.com\/wp-content\/uploads\/2018\/10\/bobe-360-spill-bowl-banner-307x154.jpg 307w\" sizes=\"auto, (max-width: 1000px) 100vw, 1000px\" \/><\/p>\n","protected":false},"excerpt":{"rendered":"<p>Una pieza central de fuego Hecho para ser visto Dominio de los elementos \u00danico &#038; amp; Caracter\u00edsticas originales Iniciar una conversaci\u00f3n La pareja perfecta Encuentra tu elemento&#x2122; Los productos Bob\u00e9 est\u00e1n hechos de forma artesanal en el punto donde se encuentran la artesan\u00eda tradicional y la tecnolog\u00eda. Los artesanos profesionales dise\u00f1an y manipulan estructuras de&#8230;  <a href=\"https:\/\/www.c-m-p.com\/es\/productos-para-piscina\/bobe\/\" title=\"Read Bob\u00e9\u00ae Agua y Fuego\">Read more &raquo;<\/a><\/p>\n","protected":false},"author":4,"featured_media":60958,"parent":78891,"menu_order":0,"comment_status":"closed","ping_status":"closed","template":"rci-flex-template.php","meta":{"_acf_changed":false,"_oasis_is_in_workflow":0,"_oasis_original":0,"_mi_skip_tracking":false,"_monsterinsights_sitenote_active":false,"_monsterinsights_sitenote_note":"","_monsterinsights_sitenote_category":0,"footnotes":""},"class_list":["post-63677","page","type-page","status-publish","has-post-thumbnail","hentry"],"acf":[],"yoast_head":"<!-- This site is optimized with the Yoast SEO plugin v27.2 - https:\/\/yoast.com\/product\/yoast-seo-wordpress\/ -->\n<title>Bob\u00e9\u00ae Agua y Fuego - CMP<\/title>\n<meta name=\"robots\" content=\"index, follow, max-snippet:-1, max-image-preview:large, max-video-preview:-1\" \/>\n<link rel=\"canonical\" href=\"https:\/\/c-m-p.com\/es\/productos-para-piscina\/bobe\/\" \/>\n<meta property=\"og:locale\" content=\"es_ES\" \/>\n<meta property=\"og:type\" content=\"article\" \/>\n<meta property=\"og:title\" content=\"Bob\u00e9\u00ae Agua y Fuego - CMP\" \/>\n<meta property=\"og:description\" content=\"Una pieza central de fuego Hecho para ser visto Dominio de los elementos \u00danico &#038; amp; Caracter\u00edsticas originales Iniciar una conversaci\u00f3n La pareja perfecta Encuentra tu elemento&#x2122; Los productos Bob\u00e9 est\u00e1n hechos de forma artesanal en el punto donde se encuentran la artesan\u00eda tradicional y la tecnolog\u00eda. Los artesanos profesionales dise\u00f1an y manipulan estructuras de... Read more &raquo;\" \/>\n<meta property=\"og:url\" content=\"https:\/\/c-m-p.com\/es\/productos-para-piscina\/bobe\/\" \/>\n<meta property=\"og:site_name\" content=\"CMP\" \/>\n<meta property=\"article:modified_time\" content=\"2021-07-27T12:50:58+00:00\" \/>\n<meta property=\"og:image\" content=\"https:\/\/c-m-p.com\/wp-content\/uploads\/2020\/10\/bobe-flight-series-alexon-overflow-profile-gallery.jpg\" \/>\n\t<meta property=\"og:image:width\" content=\"650\" \/>\n\t<meta property=\"og:image:height\" content=\"548\" \/>\n\t<meta property=\"og:image:type\" content=\"image\/jpeg\" \/>\n<meta name=\"twitter:label1\" content=\"Tiempo de lectura\" \/>\n\t<meta name=\"twitter:data1\" content=\"2 minutos\" \/>\n<script type=\"application\/ld+json\" class=\"yoast-schema-graph\">{\"@context\":\"https:\/\/schema.org\",\"@graph\":[{\"@type\":\"WebPage\",\"@id\":\"https:\/\/c-m-p.com\/es\/productos-para-piscina\/bobe\/\",\"url\":\"https:\/\/c-m-p.com\/es\/productos-para-piscina\/bobe\/\",\"name\":\"Bob\u00e9\u00ae Agua y Fuego - CMP\",\"isPartOf\":{\"@id\":\"https:\/\/c-m-p.com\/#website\"},\"primaryImageOfPage\":{\"@id\":\"https:\/\/c-m-p.com\/es\/productos-para-piscina\/bobe\/#primaryimage\"},\"image\":{\"@id\":\"https:\/\/c-m-p.com\/es\/productos-para-piscina\/bobe\/#primaryimage\"},\"thumbnailUrl\":\"https:\/\/www.c-m-p.com\/wp-content\/uploads\/2020\/10\/bobe-flight-series-alexon-overflow-profile-gallery.jpg\",\"datePublished\":\"2020-09-17T12:34:13+00:00\",\"dateModified\":\"2021-07-27T12:50:58+00:00\",\"breadcrumb\":{\"@id\":\"https:\/\/c-m-p.com\/es\/productos-para-piscina\/bobe\/#breadcrumb\"},\"inLanguage\":\"es\",\"potentialAction\":[{\"@type\":\"ReadAction\",\"target\":[\"https:\/\/c-m-p.com\/es\/productos-para-piscina\/bobe\/\"]}]},{\"@type\":\"ImageObject\",\"inLanguage\":\"es\",\"@id\":\"https:\/\/c-m-p.com\/es\/productos-para-piscina\/bobe\/#primaryimage\",\"url\":\"https:\/\/www.c-m-p.com\/wp-content\/uploads\/2020\/10\/bobe-flight-series-alexon-overflow-profile-gallery.jpg\",\"contentUrl\":\"https:\/\/www.c-m-p.com\/wp-content\/uploads\/2020\/10\/bobe-flight-series-alexon-overflow-profile-gallery.jpg\",\"width\":650,\"height\":548,\"caption\":\"Bob\u00e9 Flight Series\"},{\"@type\":\"BreadcrumbList\",\"@id\":\"https:\/\/c-m-p.com\/es\/productos-para-piscina\/bobe\/#breadcrumb\",\"itemListElement\":[{\"@type\":\"ListItem\",\"position\":1,\"name\":\"Home\",\"item\":\"https:\/\/c-m-p.com\/es\/\"},{\"@type\":\"ListItem\",\"position\":2,\"name\":\"Productos para piscinas\",\"item\":\"https:\/\/c-m-p.com\/es\/productos-para-piscina\/\"},{\"@type\":\"ListItem\",\"position\":3,\"name\":\"Bob\u00e9\u00ae Agua y Fuego\"}]},{\"@type\":\"WebSite\",\"@id\":\"https:\/\/c-m-p.com\/#website\",\"url\":\"https:\/\/c-m-p.com\/\",\"name\":\"CMP\",\"description\":\"Pool Products, Spa and Hot Tub Products\",\"publisher\":{\"@id\":\"https:\/\/c-m-p.com\/#organization\"},\"potentialAction\":[{\"@type\":\"SearchAction\",\"target\":{\"@type\":\"EntryPoint\",\"urlTemplate\":\"https:\/\/c-m-p.com\/?s={search_term_string}\"},\"query-input\":{\"@type\":\"PropertyValueSpecification\",\"valueRequired\":true,\"valueName\":\"search_term_string\"}}],\"inLanguage\":\"es\"},{\"@type\":\"Organization\",\"@id\":\"https:\/\/c-m-p.com\/#organization\",\"name\":\"CMP Pool & Spa Products\",\"url\":\"https:\/\/c-m-p.com\/\",\"logo\":{\"@type\":\"ImageObject\",\"inLanguage\":\"es\",\"@id\":\"https:\/\/c-m-p.com\/#\/schema\/logo\/image\/\",\"url\":\"https:\/\/43ab809dfe.nxcli.io\/wp-content\/uploads\/2013\/10\/2013-CMP-Logo.jpg\",\"contentUrl\":\"https:\/\/43ab809dfe.nxcli.io\/wp-content\/uploads\/2013\/10\/2013-CMP-Logo.jpg\",\"width\":1000,\"height\":247,\"caption\":\"CMP Pool & Spa Products\"},\"image\":{\"@id\":\"https:\/\/c-m-p.com\/#\/schema\/logo\/image\/\"}}]}<\/script>\n<!-- \/ Yoast SEO plugin. -->","yoast_head_json":{"title":"Bob\u00e9\u00ae Agua y Fuego - CMP","robots":{"index":"index","follow":"follow","max-snippet":"max-snippet:-1","max-image-preview":"max-image-preview:large","max-video-preview":"max-video-preview:-1"},"canonical":"https:\/\/c-m-p.com\/es\/productos-para-piscina\/bobe\/","og_locale":"es_ES","og_type":"article","og_title":"Bob\u00e9\u00ae Agua y Fuego - CMP","og_description":"Una pieza central de fuego Hecho para ser visto Dominio de los elementos \u00danico &#038; amp; Caracter\u00edsticas originales Iniciar una conversaci\u00f3n La pareja perfecta Encuentra tu elemento&#x2122; Los productos Bob\u00e9 est\u00e1n hechos de forma artesanal en el punto donde se encuentran la artesan\u00eda tradicional y la tecnolog\u00eda. Los artesanos profesionales dise\u00f1an y manipulan estructuras de... Read more &raquo;","og_url":"https:\/\/c-m-p.com\/es\/productos-para-piscina\/bobe\/","og_site_name":"CMP","article_modified_time":"2021-07-27T12:50:58+00:00","og_image":[{"width":650,"height":548,"url":"https:\/\/c-m-p.com\/wp-content\/uploads\/2020\/10\/bobe-flight-series-alexon-overflow-profile-gallery.jpg","type":"image\/jpeg"}],"twitter_misc":{"Tiempo de lectura":"2 minutos"},"schema":{"@context":"https:\/\/schema.org","@graph":[{"@type":"WebPage","@id":"https:\/\/c-m-p.com\/es\/productos-para-piscina\/bobe\/","url":"https:\/\/c-m-p.com\/es\/productos-para-piscina\/bobe\/","name":"Bob\u00e9\u00ae Agua y Fuego - CMP","isPartOf":{"@id":"https:\/\/c-m-p.com\/#website"},"primaryImageOfPage":{"@id":"https:\/\/c-m-p.com\/es\/productos-para-piscina\/bobe\/#primaryimage"},"image":{"@id":"https:\/\/c-m-p.com\/es\/productos-para-piscina\/bobe\/#primaryimage"},"thumbnailUrl":"https:\/\/www.c-m-p.com\/wp-content\/uploads\/2020\/10\/bobe-flight-series-alexon-overflow-profile-gallery.jpg","datePublished":"2020-09-17T12:34:13+00:00","dateModified":"2021-07-27T12:50:58+00:00","breadcrumb":{"@id":"https:\/\/c-m-p.com\/es\/productos-para-piscina\/bobe\/#breadcrumb"},"inLanguage":"es","potentialAction":[{"@type":"ReadAction","target":["https:\/\/c-m-p.com\/es\/productos-para-piscina\/bobe\/"]}]},{"@type":"ImageObject","inLanguage":"es","@id":"https:\/\/c-m-p.com\/es\/productos-para-piscina\/bobe\/#primaryimage","url":"https:\/\/www.c-m-p.com\/wp-content\/uploads\/2020\/10\/bobe-flight-series-alexon-overflow-profile-gallery.jpg","contentUrl":"https:\/\/www.c-m-p.com\/wp-content\/uploads\/2020\/10\/bobe-flight-series-alexon-overflow-profile-gallery.jpg","width":650,"height":548,"caption":"Bob\u00e9 Flight Series"},{"@type":"BreadcrumbList","@id":"https:\/\/c-m-p.com\/es\/productos-para-piscina\/bobe\/#breadcrumb","itemListElement":[{"@type":"ListItem","position":1,"name":"Home","item":"https:\/\/c-m-p.com\/es\/"},{"@type":"ListItem","position":2,"name":"Productos para piscinas","item":"https:\/\/c-m-p.com\/es\/productos-para-piscina\/"},{"@type":"ListItem","position":3,"name":"Bob\u00e9\u00ae Agua y Fuego"}]},{"@type":"WebSite","@id":"https:\/\/c-m-p.com\/#website","url":"https:\/\/c-m-p.com\/","name":"CMP","description":"Pool Products, Spa and Hot Tub Products","publisher":{"@id":"https:\/\/c-m-p.com\/#organization"},"potentialAction":[{"@type":"SearchAction","target":{"@type":"EntryPoint","urlTemplate":"https:\/\/c-m-p.com\/?s={search_term_string}"},"query-input":{"@type":"PropertyValueSpecification","valueRequired":true,"valueName":"search_term_string"}}],"inLanguage":"es"},{"@type":"Organization","@id":"https:\/\/c-m-p.com\/#organization","name":"CMP Pool & Spa Products","url":"https:\/\/c-m-p.com\/","logo":{"@type":"ImageObject","inLanguage":"es","@id":"https:\/\/c-m-p.com\/#\/schema\/logo\/image\/","url":"https:\/\/43ab809dfe.nxcli.io\/wp-content\/uploads\/2013\/10\/2013-CMP-Logo.jpg","contentUrl":"https:\/\/43ab809dfe.nxcli.io\/wp-content\/uploads\/2013\/10\/2013-CMP-Logo.jpg","width":1000,"height":247,"caption":"CMP Pool & Spa Products"},"image":{"@id":"https:\/\/c-m-p.com\/#\/schema\/logo\/image\/"}}]}},"_links":{"self":[{"href":"https:\/\/www.c-m-p.com\/es\/wp-json\/wp\/v2\/pages\/63677","targetHints":{"allow":["GET"]}}],"collection":[{"href":"https:\/\/www.c-m-p.com\/es\/wp-json\/wp\/v2\/pages"}],"about":[{"href":"https:\/\/www.c-m-p.com\/es\/wp-json\/wp\/v2\/types\/page"}],"author":[{"embeddable":true,"href":"https:\/\/www.c-m-p.com\/es\/wp-json\/wp\/v2\/users\/4"}],"replies":[{"embeddable":true,"href":"https:\/\/www.c-m-p.com\/es\/wp-json\/wp\/v2\/comments?post=63677"}],"version-history":[{"count":0,"href":"https:\/\/www.c-m-p.com\/es\/wp-json\/wp\/v2\/pages\/63677\/revisions"}],"up":[{"embeddable":true,"href":"https:\/\/www.c-m-p.com\/es\/wp-json\/wp\/v2\/pages\/78891"}],"wp:featuredmedia":[{"embeddable":true,"href":"https:\/\/www.c-m-p.com\/es\/wp-json\/wp\/v2\/media\/60958"}],"wp:attachment":[{"href":"https:\/\/www.c-m-p.com\/es\/wp-json\/wp\/v2\/media?parent=63677"}],"curies":[{"name":"wp","href":"https:\/\/api.w.org\/{rel}","templated":true}]}}