{"id":64021,"date":"2020-02-18T16:42:36","date_gmt":"2020-02-18T21:42:36","guid":{"rendered":"https:\/\/43ab809dfe.nxcli.io\/resource-center\/"},"modified":"2021-07-30T01:49:10","modified_gmt":"2021-07-30T06:49:10","slug":"centro-de-recursos","status":"publish","type":"page","link":"https:\/\/www.c-m-p.com\/es\/centro-de-recursos\/","title":{"rendered":"Centro de recursos de CMP"},"content":{"rendered":"<p>CENTRO DE RECURSOS CMP<br \/>\n<img decoding=\"async\" width=\"1401\" height=\"398\" src=\"https:\/\/www.c-m-p.com\/wp-content\/uploads\/2018\/05\/red-hex-zoom-2018-hero-bg.jpg\" class=\"attachment-full size-full\" alt=\"red-hex-zoom-2018-hero-bg\" loading=\"lazy\" srcset=\"https:\/\/www.c-m-p.com\/wp-content\/uploads\/2018\/05\/red-hex-zoom-2018-hero-bg.jpg 1401w, https:\/\/www.c-m-p.com\/wp-content\/uploads\/2018\/05\/red-hex-zoom-2018-hero-bg-300x85.jpg 300w, https:\/\/www.c-m-p.com\/wp-content\/uploads\/2018\/05\/red-hex-zoom-2018-hero-bg-768x218.jpg 768w, https:\/\/www.c-m-p.com\/wp-content\/uploads\/2018\/05\/red-hex-zoom-2018-hero-bg-1024x291.jpg 1024w, https:\/\/www.c-m-p.com\/wp-content\/uploads\/2018\/05\/red-hex-zoom-2018-hero-bg-568x161.jpg 568w, https:\/\/www.c-m-p.com\/wp-content\/uploads\/2018\/05\/red-hex-zoom-2018-hero-bg-235x67.jpg 235w, https:\/\/www.c-m-p.com\/wp-content\/uploads\/2018\/05\/red-hex-zoom-2018-hero-bg-307x87.jpg 307w\" sizes=\"auto, (max-width: 1401px) 100vw, 1401px\" \/><br \/>\nME GUSTA EN FACEBOOK<br \/>\nhttp:\/\/www.facebook.com\/cmppoolspa<br \/>\n<img decoding=\"async\" width=\"512\" height=\"512\" src=\"https:\/\/www.c-m-p.com\/wp-content\/uploads\/2020\/02\/f_logo_RGB-Hex-Blue_512.png\" class=\"attachment-full size-full\" alt=\"\" loading=\"lazy\" srcset=\"https:\/\/www.c-m-p.com\/wp-content\/uploads\/2020\/02\/f_logo_RGB-Hex-Blue_512.png 512w, https:\/\/www.c-m-p.com\/wp-content\/uploads\/2020\/02\/f_logo_RGB-Hex-Blue_512-300x300.png 300w, https:\/\/www.c-m-p.com\/wp-content\/uploads\/2020\/02\/f_logo_RGB-Hex-Blue_512-150x150.png 150w, https:\/\/www.c-m-p.com\/wp-content\/uploads\/2020\/02\/f_logo_RGB-Hex-Blue_512-235x235.png 235w, https:\/\/www.c-m-p.com\/wp-content\/uploads\/2020\/02\/f_logo_RGB-Hex-Blue_512-307x307.png 307w\" sizes=\"auto, (max-width: 512px) 100vw, 512px\" \/><br \/>\nSIGUE EN INSTAGRAM<br \/>\nhttp:\/\/www.instagram.com\/cmppoolspa<br \/>\n<img decoding=\"async\" width=\"1200\" height=\"1200\" src=\"https:\/\/www.c-m-p.com\/wp-content\/uploads\/2020\/02\/1200px-Instagram_logo_2016.svg_.png\" class=\"attachment-full size-full\" alt=\"\" loading=\"lazy\" srcset=\"https:\/\/www.c-m-p.com\/wp-content\/uploads\/2020\/02\/1200px-Instagram_logo_2016.svg_.png 1200w, https:\/\/www.c-m-p.com\/wp-content\/uploads\/2020\/02\/1200px-Instagram_logo_2016.svg_-300x300.png 300w, https:\/\/www.c-m-p.com\/wp-content\/uploads\/2020\/02\/1200px-Instagram_logo_2016.svg_-1024x1024.png 1024w, https:\/\/www.c-m-p.com\/wp-content\/uploads\/2020\/02\/1200px-Instagram_logo_2016.svg_-150x150.png 150w, https:\/\/www.c-m-p.com\/wp-content\/uploads\/2020\/02\/1200px-Instagram_logo_2016.svg_-768x768.png 768w, https:\/\/www.c-m-p.com\/wp-content\/uploads\/2020\/02\/1200px-Instagram_logo_2016.svg_-568x568.png 568w, https:\/\/www.c-m-p.com\/wp-content\/uploads\/2020\/02\/1200px-Instagram_logo_2016.svg_-235x235.png 235w, https:\/\/www.c-m-p.com\/wp-content\/uploads\/2020\/02\/1200px-Instagram_logo_2016.svg_-307x307.png 307w\" sizes=\"auto, (max-width: 1200px) 100vw, 1200px\" \/><br \/>\nMIRA EN YOUTUBE<br \/>\nhttp:\/\/www.youtube.com\/cmppoolspa<br \/>\n<img decoding=\"async\" width=\"128\" height=\"128\" src=\"https:\/\/www.c-m-p.com\/wp-content\/uploads\/2019\/10\/youtube_social_circle_red.png\" class=\"attachment-full size-full\" alt=\"\" loading=\"lazy\" \/><br \/>\nACTUALIZAR EN LINKEDIN<br \/>\nhttps:\/\/www.linkedin.com\/company\/cmppoolspa<br \/>\n<img decoding=\"async\" width=\"1024\" height=\"1024\" src=\"https:\/\/www.c-m-p.com\/wp-content\/uploads\/2020\/02\/LinkedIn-Logo.png\" class=\"attachment-full size-full\" alt=\"\" loading=\"lazy\" srcset=\"https:\/\/www.c-m-p.com\/wp-content\/uploads\/2020\/02\/LinkedIn-Logo.png 1024w, https:\/\/www.c-m-p.com\/wp-content\/uploads\/2020\/02\/LinkedIn-Logo-300x300.png 300w, https:\/\/www.c-m-p.com\/wp-content\/uploads\/2020\/02\/LinkedIn-Logo-150x150.png 150w, https:\/\/www.c-m-p.com\/wp-content\/uploads\/2020\/02\/LinkedIn-Logo-768x768.png 768w, https:\/\/www.c-m-p.com\/wp-content\/uploads\/2020\/02\/LinkedIn-Logo-568x568.png 568w, https:\/\/www.c-m-p.com\/wp-content\/uploads\/2020\/02\/LinkedIn-Logo-235x235.png 235w, https:\/\/www.c-m-p.com\/wp-content\/uploads\/2020\/02\/LinkedIn-Logo-307x307.png 307w\" sizes=\"auto, (max-width: 1024px) 100vw, 1024px\" \/><br \/>\n<img decoding=\"async\" width=\"2560\" height=\"1466\" src=\"https:\/\/www.c-m-p.com\/wp-content\/uploads\/2021\/07\/facts-myths-concept-8C6LZ3P-scaled.jpg\" class=\"attachment-full size-full\" alt=\"\" loading=\"lazy\" srcset=\"https:\/\/www.c-m-p.com\/wp-content\/uploads\/2021\/07\/facts-myths-concept-8C6LZ3P-scaled.jpg 2560w, https:\/\/www.c-m-p.com\/wp-content\/uploads\/2021\/07\/facts-myths-concept-8C6LZ3P-300x172.jpg 300w, https:\/\/www.c-m-p.com\/wp-content\/uploads\/2021\/07\/facts-myths-concept-8C6LZ3P-1024x586.jpg 1024w, https:\/\/www.c-m-p.com\/wp-content\/uploads\/2021\/07\/facts-myths-concept-8C6LZ3P-768x440.jpg 768w, https:\/\/www.c-m-p.com\/wp-content\/uploads\/2021\/07\/facts-myths-concept-8C6LZ3P-1536x880.jpg 1536w, https:\/\/www.c-m-p.com\/wp-content\/uploads\/2021\/07\/facts-myths-concept-8C6LZ3P-2048x1173.jpg 2048w, https:\/\/www.c-m-p.com\/wp-content\/uploads\/2021\/07\/facts-myths-concept-8C6LZ3P-568x325.jpg 568w, https:\/\/www.c-m-p.com\/wp-content\/uploads\/2021\/07\/facts-myths-concept-8C6LZ3P-235x135.jpg 235w, https:\/\/www.c-m-p.com\/wp-content\/uploads\/2021\/07\/facts-myths-concept-8C6LZ3P-307x176.jpg 307w\" sizes=\"auto, (max-width: 2560px) 100vw, 2560px\" \/><br \/>\nMe encanta o lo odia: \u00bfel cloro es malo para los nadadores en la piscina?<br \/>\n\u00a1Hablemos de eso! Hay pros y contras en todo. Algunos clientes est\u00e1n tratando de encontrar formas de alejarse del cloro. \u00bfCu\u00e1l es la mejor opci\u00f3n?<br \/>\nCONTENIDO DESTACADO DE CMP<br \/>\nOpciones de desinfectante<br \/>\n<img decoding=\"async\" width=\"990\" height=\"701\" src=\"https:\/\/www.c-m-p.com\/wp-content\/uploads\/2021\/06\/white-mini-chlorine-tablet-in-the-hand-of-a-service-worker-for-disinfection-of-swimming-pools-the_t20_mLy6Od.jpg\" class=\"attachment-full size-full\" alt=\"\" loading=\"lazy\" srcset=\"https:\/\/www.c-m-p.com\/wp-content\/uploads\/2021\/06\/white-mini-chlorine-tablet-in-the-hand-of-a-service-worker-for-disinfection-of-swimming-pools-the_t20_mLy6Od.jpg 990w, https:\/\/www.c-m-p.com\/wp-content\/uploads\/2021\/06\/white-mini-chlorine-tablet-in-the-hand-of-a-service-worker-for-disinfection-of-swimming-pools-the_t20_mLy6Od-300x212.jpg 300w, https:\/\/www.c-m-p.com\/wp-content\/uploads\/2021\/06\/white-mini-chlorine-tablet-in-the-hand-of-a-service-worker-for-disinfection-of-swimming-pools-the_t20_mLy6Od-768x544.jpg 768w, https:\/\/www.c-m-p.com\/wp-content\/uploads\/2021\/06\/white-mini-chlorine-tablet-in-the-hand-of-a-service-worker-for-disinfection-of-swimming-pools-the_t20_mLy6Od-568x402.jpg 568w, https:\/\/www.c-m-p.com\/wp-content\/uploads\/2021\/06\/white-mini-chlorine-tablet-in-the-hand-of-a-service-worker-for-disinfection-of-swimming-pools-the_t20_mLy6Od-235x166.jpg 235w, https:\/\/www.c-m-p.com\/wp-content\/uploads\/2021\/06\/white-mini-chlorine-tablet-in-the-hand-of-a-service-worker-for-disinfection-of-swimming-pools-the_t20_mLy6Od-307x217.jpg 307w\" sizes=\"auto, (max-width: 990px) 100vw, 990px\" \/><br \/>\nHay muchas opciones RESIDUALES en 2021, \u00a1comparemos!<br \/>\n\u00bfEs mala el cloro?<br \/>\n<img decoding=\"async\" width=\"2560\" height=\"1707\" src=\"https:\/\/www.c-m-p.com\/wp-content\/uploads\/2021\/06\/chlorine-scrabble-letters-word-FU4FETC-scaled-e1624977737556.jpg\" class=\"attachment-full size-full\" alt=\"\" loading=\"lazy\" \/><br \/>\n\u00bfCu\u00e1l es la verdad sobre el cloro? La mayor\u00eda de la gente lo usa, averig\u00fce por qu\u00e9&#8230;<br \/>\nSeguridad contra incendios<br \/>\n<img decoding=\"async\" width=\"1000\" height=\"472\" src=\"https:\/\/www.c-m-p.com\/wp-content\/uploads\/2021\/04\/fire-florida-pool-Depositphotos_33990715_xl-2015.jpg\" class=\"attachment-full size-full\" alt=\"\" loading=\"lazy\" srcset=\"https:\/\/www.c-m-p.com\/wp-content\/uploads\/2021\/04\/fire-florida-pool-Depositphotos_33990715_xl-2015.jpg 1000w, https:\/\/www.c-m-p.com\/wp-content\/uploads\/2021\/04\/fire-florida-pool-Depositphotos_33990715_xl-2015-300x142.jpg 300w, https:\/\/www.c-m-p.com\/wp-content\/uploads\/2021\/04\/fire-florida-pool-Depositphotos_33990715_xl-2015-768x362.jpg 768w, https:\/\/www.c-m-p.com\/wp-content\/uploads\/2021\/04\/fire-florida-pool-Depositphotos_33990715_xl-2015-568x268.jpg 568w, https:\/\/www.c-m-p.com\/wp-content\/uploads\/2021\/04\/fire-florida-pool-Depositphotos_33990715_xl-2015-235x111.jpg 235w, https:\/\/www.c-m-p.com\/wp-content\/uploads\/2021\/04\/fire-florida-pool-Depositphotos_33990715_xl-2015-307x145.jpg 307w\" sizes=\"auto, (max-width: 1000px) 100vw, 1000px\" \/><br \/>\nAprenda a configurar una funci\u00f3n de incendio de forma segura y confiable<br \/>\n\u00bfFlujo bajo?<br \/>\n<img decoding=\"async\" width=\"1200\" height=\"566\" src=\"https:\/\/www.c-m-p.com\/wp-content\/uploads\/2021\/05\/pool-waterfall-rock-bubbles-sunshine.jpg\" class=\"attachment-full size-full\" alt=\"\" loading=\"lazy\" srcset=\"https:\/\/www.c-m-p.com\/wp-content\/uploads\/2021\/05\/pool-waterfall-rock-bubbles-sunshine.jpg 1200w, https:\/\/www.c-m-p.com\/wp-content\/uploads\/2021\/05\/pool-waterfall-rock-bubbles-sunshine-300x142.jpg 300w, https:\/\/www.c-m-p.com\/wp-content\/uploads\/2021\/05\/pool-waterfall-rock-bubbles-sunshine-1024x483.jpg 1024w, https:\/\/www.c-m-p.com\/wp-content\/uploads\/2021\/05\/pool-waterfall-rock-bubbles-sunshine-768x362.jpg 768w, https:\/\/www.c-m-p.com\/wp-content\/uploads\/2021\/05\/pool-waterfall-rock-bubbles-sunshine-568x268.jpg 568w, https:\/\/www.c-m-p.com\/wp-content\/uploads\/2021\/05\/pool-waterfall-rock-bubbles-sunshine-235x111.jpg 235w, https:\/\/www.c-m-p.com\/wp-content\/uploads\/2021\/05\/pool-waterfall-rock-bubbles-sunshine-307x145.jpg 307w\" sizes=\"auto, (max-width: 1200px) 100vw, 1200px\" \/><br \/>\nAprender a <del> vivir <\/del> <strong> prosperar <\/strong> con bombas de flujo m\u00e1s bajo<br \/>\n\u00bfBUSCANDO POR MAS?<br \/>\nVea todos nuestros videos y art\u00edculos m\u00e1s recientes<br \/>\nDEL Pool Products Catalog<br \/>\nBrilliant Wonders\u00ae LED Light Brochure (Spanish\/ Espa\u00f1ol)<br \/>\nBrilliant Wonders\u00ae 4&#8243; LED Bubbler Product Sheet<br \/>\n20&#8243; Unblockable Ring Drain Brochure<\/p>\n","protected":false},"excerpt":{"rendered":"<p>CENTRO DE RECURSOS CMP ME GUSTA EN FACEBOOK http:\/\/www.facebook.com\/cmppoolspa SIGUE EN INSTAGRAM http:\/\/www.instagram.com\/cmppoolspa MIRA EN YOUTUBE http:\/\/www.youtube.com\/cmppoolspa ACTUALIZAR EN LINKEDIN https:\/\/www.linkedin.com\/company\/cmppoolspa Me encanta o lo odia: \u00bfel cloro es malo para los nadadores en la piscina? \u00a1Hablemos de eso! Hay pros y contras en todo. Algunos clientes est\u00e1n tratando de encontrar formas de alejarse del&#8230;  <a href=\"https:\/\/www.c-m-p.com\/es\/centro-de-recursos\/\" title=\"Read Centro de recursos de CMP\">Read more &raquo;<\/a><\/p>\n","protected":false},"author":4,"featured_media":0,"parent":0,"menu_order":0,"comment_status":"closed","ping_status":"closed","template":"rci-flex-template.php","meta":{"_acf_changed":false,"_oasis_is_in_workflow":0,"_oasis_original":0,"_mi_skip_tracking":false,"_monsterinsights_sitenote_active":false,"_monsterinsights_sitenote_note":"","_monsterinsights_sitenote_category":0,"footnotes":""},"class_list":["post-64021","page","type-page","status-publish","hentry"],"acf":[],"yoast_head":"<!-- This site is optimized with the Yoast SEO plugin v27.2 - https:\/\/yoast.com\/product\/yoast-seo-wordpress\/ -->\n<title>Centro de recursos de CMP - CMP<\/title>\n<meta name=\"robots\" content=\"noindex, nofollow\" \/>\n<meta property=\"og:locale\" content=\"es_ES\" \/>\n<meta property=\"og:type\" content=\"article\" \/>\n<meta property=\"og:title\" content=\"Centro de recursos de CMP - CMP\" \/>\n<meta property=\"og:description\" content=\"CENTRO DE RECURSOS CMP ME GUSTA EN FACEBOOK http:\/\/www.facebook.com\/cmppoolspa SIGUE EN INSTAGRAM http:\/\/www.instagram.com\/cmppoolspa MIRA EN YOUTUBE http:\/\/www.youtube.com\/cmppoolspa ACTUALIZAR EN LINKEDIN https:\/\/www.linkedin.com\/company\/cmppoolspa Me encanta o lo odia: \u00bfel cloro es malo para los nadadores en la piscina? \u00a1Hablemos de eso! Hay pros y contras en todo. Algunos clientes est\u00e1n tratando de encontrar formas de alejarse del... Read more &raquo;\" \/>\n<meta property=\"og:url\" content=\"https:\/\/c-m-p.com\/es\/centro-de-recursos\/\" \/>\n<meta property=\"og:site_name\" content=\"CMP\" \/>\n<meta property=\"article:modified_time\" content=\"2021-07-30T06:49:10+00:00\" \/>\n<meta property=\"og:image\" content=\"https:\/\/c-m-p.com\/wp-content\/uploads\/2018\/05\/red-hex-zoom-2018-hero-bg.jpg\" \/>\n<meta name=\"twitter:label1\" content=\"Tiempo de lectura\" \/>\n\t<meta name=\"twitter:data1\" content=\"1 minuto\" \/>\n<script type=\"application\/ld+json\" class=\"yoast-schema-graph\">{\"@context\":\"https:\/\/schema.org\",\"@graph\":[{\"@type\":\"WebPage\",\"@id\":\"https:\/\/c-m-p.com\/es\/centro-de-recursos\/\",\"url\":\"https:\/\/c-m-p.com\/es\/centro-de-recursos\/\",\"name\":\"Centro de recursos de CMP - CMP\",\"isPartOf\":{\"@id\":\"https:\/\/c-m-p.com\/#website\"},\"primaryImageOfPage\":{\"@id\":\"https:\/\/c-m-p.com\/es\/centro-de-recursos\/#primaryimage\"},\"image\":{\"@id\":\"https:\/\/c-m-p.com\/es\/centro-de-recursos\/#primaryimage\"},\"thumbnailUrl\":\"https:\/\/www.c-m-p.com\/wp-content\/uploads\/2018\/05\/red-hex-zoom-2018-hero-bg.jpg\",\"datePublished\":\"2020-02-18T21:42:36+00:00\",\"dateModified\":\"2021-07-30T06:49:10+00:00\",\"breadcrumb\":{\"@id\":\"https:\/\/c-m-p.com\/es\/centro-de-recursos\/#breadcrumb\"},\"inLanguage\":\"es\",\"potentialAction\":[{\"@type\":\"ReadAction\",\"target\":[\"https:\/\/c-m-p.com\/es\/centro-de-recursos\/\"]}]},{\"@type\":\"ImageObject\",\"inLanguage\":\"es\",\"@id\":\"https:\/\/c-m-p.com\/es\/centro-de-recursos\/#primaryimage\",\"url\":\"https:\/\/www.c-m-p.com\/wp-content\/uploads\/2018\/05\/red-hex-zoom-2018-hero-bg.jpg\",\"contentUrl\":\"https:\/\/www.c-m-p.com\/wp-content\/uploads\/2018\/05\/red-hex-zoom-2018-hero-bg.jpg\"},{\"@type\":\"BreadcrumbList\",\"@id\":\"https:\/\/c-m-p.com\/es\/centro-de-recursos\/#breadcrumb\",\"itemListElement\":[{\"@type\":\"ListItem\",\"position\":1,\"name\":\"Home\",\"item\":\"https:\/\/c-m-p.com\/es\/\"},{\"@type\":\"ListItem\",\"position\":2,\"name\":\"Centro de recursos de CMP\"}]},{\"@type\":\"WebSite\",\"@id\":\"https:\/\/c-m-p.com\/#website\",\"url\":\"https:\/\/c-m-p.com\/\",\"name\":\"CMP\",\"description\":\"Pool Products, Spa and Hot Tub Products\",\"publisher\":{\"@id\":\"https:\/\/c-m-p.com\/#organization\"},\"potentialAction\":[{\"@type\":\"SearchAction\",\"target\":{\"@type\":\"EntryPoint\",\"urlTemplate\":\"https:\/\/c-m-p.com\/?s={search_term_string}\"},\"query-input\":{\"@type\":\"PropertyValueSpecification\",\"valueRequired\":true,\"valueName\":\"search_term_string\"}}],\"inLanguage\":\"es\"},{\"@type\":\"Organization\",\"@id\":\"https:\/\/c-m-p.com\/#organization\",\"name\":\"CMP Pool & Spa Products\",\"url\":\"https:\/\/c-m-p.com\/\",\"logo\":{\"@type\":\"ImageObject\",\"inLanguage\":\"es\",\"@id\":\"https:\/\/c-m-p.com\/#\/schema\/logo\/image\/\",\"url\":\"https:\/\/43ab809dfe.nxcli.io\/wp-content\/uploads\/2013\/10\/2013-CMP-Logo.jpg\",\"contentUrl\":\"https:\/\/43ab809dfe.nxcli.io\/wp-content\/uploads\/2013\/10\/2013-CMP-Logo.jpg\",\"width\":1000,\"height\":247,\"caption\":\"CMP Pool & Spa Products\"},\"image\":{\"@id\":\"https:\/\/c-m-p.com\/#\/schema\/logo\/image\/\"}}]}<\/script>\n<!-- \/ Yoast SEO plugin. -->","yoast_head_json":{"title":"Centro de recursos de CMP - CMP","robots":{"index":"noindex","follow":"nofollow"},"og_locale":"es_ES","og_type":"article","og_title":"Centro de recursos de CMP - CMP","og_description":"CENTRO DE RECURSOS CMP ME GUSTA EN FACEBOOK http:\/\/www.facebook.com\/cmppoolspa SIGUE EN INSTAGRAM http:\/\/www.instagram.com\/cmppoolspa MIRA EN YOUTUBE http:\/\/www.youtube.com\/cmppoolspa ACTUALIZAR EN LINKEDIN https:\/\/www.linkedin.com\/company\/cmppoolspa Me encanta o lo odia: \u00bfel cloro es malo para los nadadores en la piscina? \u00a1Hablemos de eso! Hay pros y contras en todo. Algunos clientes est\u00e1n tratando de encontrar formas de alejarse del... Read more &raquo;","og_url":"https:\/\/c-m-p.com\/es\/centro-de-recursos\/","og_site_name":"CMP","article_modified_time":"2021-07-30T06:49:10+00:00","og_image":[{"url":"https:\/\/c-m-p.com\/wp-content\/uploads\/2018\/05\/red-hex-zoom-2018-hero-bg.jpg","type":"","width":"","height":""}],"twitter_misc":{"Tiempo de lectura":"1 minuto"},"schema":{"@context":"https:\/\/schema.org","@graph":[{"@type":"WebPage","@id":"https:\/\/c-m-p.com\/es\/centro-de-recursos\/","url":"https:\/\/c-m-p.com\/es\/centro-de-recursos\/","name":"Centro de recursos de CMP - CMP","isPartOf":{"@id":"https:\/\/c-m-p.com\/#website"},"primaryImageOfPage":{"@id":"https:\/\/c-m-p.com\/es\/centro-de-recursos\/#primaryimage"},"image":{"@id":"https:\/\/c-m-p.com\/es\/centro-de-recursos\/#primaryimage"},"thumbnailUrl":"https:\/\/www.c-m-p.com\/wp-content\/uploads\/2018\/05\/red-hex-zoom-2018-hero-bg.jpg","datePublished":"2020-02-18T21:42:36+00:00","dateModified":"2021-07-30T06:49:10+00:00","breadcrumb":{"@id":"https:\/\/c-m-p.com\/es\/centro-de-recursos\/#breadcrumb"},"inLanguage":"es","potentialAction":[{"@type":"ReadAction","target":["https:\/\/c-m-p.com\/es\/centro-de-recursos\/"]}]},{"@type":"ImageObject","inLanguage":"es","@id":"https:\/\/c-m-p.com\/es\/centro-de-recursos\/#primaryimage","url":"https:\/\/www.c-m-p.com\/wp-content\/uploads\/2018\/05\/red-hex-zoom-2018-hero-bg.jpg","contentUrl":"https:\/\/www.c-m-p.com\/wp-content\/uploads\/2018\/05\/red-hex-zoom-2018-hero-bg.jpg"},{"@type":"BreadcrumbList","@id":"https:\/\/c-m-p.com\/es\/centro-de-recursos\/#breadcrumb","itemListElement":[{"@type":"ListItem","position":1,"name":"Home","item":"https:\/\/c-m-p.com\/es\/"},{"@type":"ListItem","position":2,"name":"Centro de recursos de CMP"}]},{"@type":"WebSite","@id":"https:\/\/c-m-p.com\/#website","url":"https:\/\/c-m-p.com\/","name":"CMP","description":"Pool Products, Spa and Hot Tub Products","publisher":{"@id":"https:\/\/c-m-p.com\/#organization"},"potentialAction":[{"@type":"SearchAction","target":{"@type":"EntryPoint","urlTemplate":"https:\/\/c-m-p.com\/?s={search_term_string}"},"query-input":{"@type":"PropertyValueSpecification","valueRequired":true,"valueName":"search_term_string"}}],"inLanguage":"es"},{"@type":"Organization","@id":"https:\/\/c-m-p.com\/#organization","name":"CMP Pool & Spa Products","url":"https:\/\/c-m-p.com\/","logo":{"@type":"ImageObject","inLanguage":"es","@id":"https:\/\/c-m-p.com\/#\/schema\/logo\/image\/","url":"https:\/\/43ab809dfe.nxcli.io\/wp-content\/uploads\/2013\/10\/2013-CMP-Logo.jpg","contentUrl":"https:\/\/43ab809dfe.nxcli.io\/wp-content\/uploads\/2013\/10\/2013-CMP-Logo.jpg","width":1000,"height":247,"caption":"CMP Pool & Spa Products"},"image":{"@id":"https:\/\/c-m-p.com\/#\/schema\/logo\/image\/"}}]}},"_links":{"self":[{"href":"https:\/\/www.c-m-p.com\/es\/wp-json\/wp\/v2\/pages\/64021","targetHints":{"allow":["GET"]}}],"collection":[{"href":"https:\/\/www.c-m-p.com\/es\/wp-json\/wp\/v2\/pages"}],"about":[{"href":"https:\/\/www.c-m-p.com\/es\/wp-json\/wp\/v2\/types\/page"}],"author":[{"embeddable":true,"href":"https:\/\/www.c-m-p.com\/es\/wp-json\/wp\/v2\/users\/4"}],"replies":[{"embeddable":true,"href":"https:\/\/www.c-m-p.com\/es\/wp-json\/wp\/v2\/comments?post=64021"}],"version-history":[{"count":0,"href":"https:\/\/www.c-m-p.com\/es\/wp-json\/wp\/v2\/pages\/64021\/revisions"}],"wp:attachment":[{"href":"https:\/\/www.c-m-p.com\/es\/wp-json\/wp\/v2\/media?parent=64021"}],"curies":[{"name":"wp","href":"https:\/\/api.w.org\/{rel}","templated":true}]}}