{"id":66090,"date":"2020-08-19T10:20:14","date_gmt":"2020-08-19T15:20:14","guid":{"rendered":"https:\/\/43ab809dfe.nxcli.io\/productos-para-piscina\/desinfectantes-para-piscinas\/del-aop\/help-info\/"},"modified":"2021-07-28T01:32:13","modified_gmt":"2021-07-28T06:32:13","slug":"ayuda-info","status":"publish","type":"page","link":"https:\/\/www.c-m-p.com\/es\/productos-para-piscina\/desinfectantes-para-piscinas\/del-aop\/ayuda-info\/","title":{"rendered":"AYUDA Y RECURSOS"},"content":{"rendered":"<p>Vlvulas de control con manija en &#8220;S&#8221; Wave<br \/>\nInstalaci\u00f3n paso a paso<br \/>\nhttps:\/\/www.c-m-p.com\/tech-center\/installation-line\/del\/<br \/>\n<img decoding=\"async\" width=\"200\" height=\"200\" src=\"https:\/\/www.c-m-p.com\/wp-content\/uploads\/2020\/02\/tech-center-logo-icon.png\" class=\"attachment-full size-full\" alt=\"\" loading=\"lazy\" srcset=\"https:\/\/www.c-m-p.com\/wp-content\/uploads\/2020\/02\/tech-center-logo-icon.png 200w, https:\/\/www.c-m-p.com\/wp-content\/uploads\/2020\/02\/tech-center-logo-icon-150x150.png 150w\" sizes=\"auto, (max-width: 200px) 100vw, 200px\" \/><br \/>\nDescargas<br \/>\nServicio y reparaci\u00f3n<br \/>\nhttps:\/\/www.c-m-p.com\/tech-center\/repair-line\/del\/<br \/>\n<img decoding=\"async\" width=\"200\" height=\"200\" src=\"https:\/\/www.c-m-p.com\/wp-content\/uploads\/2020\/01\/warning-icon.png\" class=\"attachment-full size-full\" alt=\"\" loading=\"lazy\" srcset=\"https:\/\/www.c-m-p.com\/wp-content\/uploads\/2020\/01\/warning-icon.png 200w, https:\/\/www.c-m-p.com\/wp-content\/uploads\/2020\/01\/warning-icon-150x150.png 150w\" sizes=\"auto, (max-width: 200px) 100vw, 200px\" \/><\/p>\n<p>Preguntas frecuentes<br \/>\nhttps:\/\/www.c-m-p.com\/tech-center\/faq-line\/del\/<br \/>\n<img decoding=\"async\" width=\"200\" height=\"200\" src=\"https:\/\/www.c-m-p.com\/wp-content\/uploads\/2020\/01\/question-icon.png\" class=\"attachment-full size-full\" alt=\"\" loading=\"lazy\" srcset=\"https:\/\/www.c-m-p.com\/wp-content\/uploads\/2020\/01\/question-icon.png 200w, https:\/\/www.c-m-p.com\/wp-content\/uploads\/2020\/01\/question-icon-150x150.png 150w\" sizes=\"auto, (max-width: 200px) 100vw, 200px\" \/><br \/>\nVlvulas de control con manija en &#8220;S&#8221; Wave<br \/>\nV\u00eddeos, art\u00edculos y m\u00e1s recursos<br \/>\nhttps:\/\/www.c-m-p.com\/?paged=1&#038;s=aop&#038;search_type=website&#038;post_types%5B%5D=post&#038;post_types%5B%5D=video<br \/>\n<img decoding=\"async\" width=\"200\" height=\"200\" src=\"https:\/\/www.c-m-p.com\/wp-content\/uploads\/2020\/01\/info-icon.png\" class=\"attachment-full size-full\" alt=\"\" loading=\"lazy\" srcset=\"https:\/\/www.c-m-p.com\/wp-content\/uploads\/2020\/01\/info-icon.png 200w, https:\/\/www.c-m-p.com\/wp-content\/uploads\/2020\/01\/info-icon-150x150.png 150w\" sizes=\"auto, (max-width: 200px) 100vw, 200px\" \/><\/p>\n","protected":false},"excerpt":{"rendered":"<p>Vlvulas de control con manija en &#8220;S&#8221; Wave Instalaci\u00f3n paso a paso https:\/\/www.c-m-p.com\/tech-center\/installation-line\/del\/ Descargas Servicio y reparaci\u00f3n https:\/\/www.c-m-p.com\/tech-center\/repair-line\/del\/ Preguntas frecuentes https:\/\/www.c-m-p.com\/tech-center\/faq-line\/del\/ Vlvulas de control con manija en &#8220;S&#8221; Wave V\u00eddeos, art\u00edculos y m\u00e1s recursos https:\/\/www.c-m-p.com\/?paged=1&#038;s=aop&#038;search_type=website&#038;post_types%5B%5D=post&#038;post_types%5B%5D=video<\/p>\n","protected":false},"author":4,"featured_media":0,"parent":66054,"menu_order":0,"comment_status":"closed","ping_status":"closed","template":"rci-flex-template.php","meta":{"_acf_changed":false,"_oasis_is_in_workflow":0,"_oasis_original":0,"_mi_skip_tracking":false,"_monsterinsights_sitenote_active":false,"_monsterinsights_sitenote_note":"","_monsterinsights_sitenote_category":0,"footnotes":""},"class_list":["post-66090","page","type-page","status-publish","hentry"],"acf":[],"yoast_head":"<!-- This site is optimized with the Yoast SEO plugin v27.2 - https:\/\/yoast.com\/product\/yoast-seo-wordpress\/ -->\n<title>AYUDA Y RECURSOS - CMP<\/title>\n<meta name=\"robots\" content=\"index, follow, max-snippet:-1, max-image-preview:large, max-video-preview:-1\" \/>\n<link rel=\"canonical\" href=\"https:\/\/c-m-p.com\/es\/productos-para-piscina\/desinfectantes-para-piscinas\/del-aop\/ayuda-info\/\" \/>\n<meta property=\"og:locale\" content=\"es_ES\" \/>\n<meta property=\"og:type\" content=\"article\" \/>\n<meta property=\"og:title\" content=\"AYUDA Y RECURSOS - CMP\" \/>\n<meta property=\"og:description\" content=\"Vlvulas de control con manija en &#8220;S&#8221; Wave Instalaci\u00f3n paso a paso https:\/\/www.c-m-p.com\/tech-center\/installation-line\/del\/ Descargas Servicio y reparaci\u00f3n https:\/\/www.c-m-p.com\/tech-center\/repair-line\/del\/ Preguntas frecuentes https:\/\/www.c-m-p.com\/tech-center\/faq-line\/del\/ Vlvulas de control con manija en &#8220;S&#8221; Wave V\u00eddeos, art\u00edculos y m\u00e1s recursos https:\/\/www.c-m-p.com\/?paged=1&#038;s=aop&#038;search_type=website&#038;post_types%5B%5D=post&#038;post_types%5B%5D=video\" \/>\n<meta property=\"og:url\" content=\"https:\/\/c-m-p.com\/es\/productos-para-piscina\/desinfectantes-para-piscinas\/del-aop\/ayuda-info\/\" \/>\n<meta property=\"og:site_name\" content=\"CMP\" \/>\n<meta property=\"article:modified_time\" content=\"2021-07-28T06:32:13+00:00\" \/>\n<meta property=\"og:image\" content=\"https:\/\/c-m-p.com\/wp-content\/uploads\/2020\/02\/tech-center-logo-icon.png\" \/>\n<script type=\"application\/ld+json\" class=\"yoast-schema-graph\">{\"@context\":\"https:\/\/schema.org\",\"@graph\":[{\"@type\":\"WebPage\",\"@id\":\"https:\/\/c-m-p.com\/es\/productos-para-piscina\/desinfectantes-para-piscinas\/del-aop\/ayuda-info\/\",\"url\":\"https:\/\/c-m-p.com\/es\/productos-para-piscina\/desinfectantes-para-piscinas\/del-aop\/ayuda-info\/\",\"name\":\"AYUDA Y RECURSOS - CMP\",\"isPartOf\":{\"@id\":\"https:\/\/c-m-p.com\/#website\"},\"primaryImageOfPage\":{\"@id\":\"https:\/\/c-m-p.com\/es\/productos-para-piscina\/desinfectantes-para-piscinas\/del-aop\/ayuda-info\/#primaryimage\"},\"image\":{\"@id\":\"https:\/\/c-m-p.com\/es\/productos-para-piscina\/desinfectantes-para-piscinas\/del-aop\/ayuda-info\/#primaryimage\"},\"thumbnailUrl\":\"https:\/\/www.c-m-p.com\/wp-content\/uploads\/2020\/02\/tech-center-logo-icon.png\",\"datePublished\":\"2020-08-19T15:20:14+00:00\",\"dateModified\":\"2021-07-28T06:32:13+00:00\",\"breadcrumb\":{\"@id\":\"https:\/\/c-m-p.com\/es\/productos-para-piscina\/desinfectantes-para-piscinas\/del-aop\/ayuda-info\/#breadcrumb\"},\"inLanguage\":\"es\",\"potentialAction\":[{\"@type\":\"ReadAction\",\"target\":[\"https:\/\/c-m-p.com\/es\/productos-para-piscina\/desinfectantes-para-piscinas\/del-aop\/ayuda-info\/\"]}]},{\"@type\":\"ImageObject\",\"inLanguage\":\"es\",\"@id\":\"https:\/\/c-m-p.com\/es\/productos-para-piscina\/desinfectantes-para-piscinas\/del-aop\/ayuda-info\/#primaryimage\",\"url\":\"https:\/\/www.c-m-p.com\/wp-content\/uploads\/2020\/02\/tech-center-logo-icon.png\",\"contentUrl\":\"https:\/\/www.c-m-p.com\/wp-content\/uploads\/2020\/02\/tech-center-logo-icon.png\"},{\"@type\":\"BreadcrumbList\",\"@id\":\"https:\/\/c-m-p.com\/es\/productos-para-piscina\/desinfectantes-para-piscinas\/del-aop\/ayuda-info\/#breadcrumb\",\"itemListElement\":[{\"@type\":\"ListItem\",\"position\":1,\"name\":\"Home\",\"item\":\"https:\/\/c-m-p.com\/es\/\"},{\"@type\":\"ListItem\",\"position\":2,\"name\":\"Productos para piscinas\",\"item\":\"https:\/\/c-m-p.com\/es\/productos-para-piscina\/\"},{\"@type\":\"ListItem\",\"position\":3,\"name\":\"Sistemas de desinfecci\u00f3n de piscinas\",\"item\":\"https:\/\/c-m-p.com\/es\/productos-para-piscina\/desinfectantes-para-piscinas\/\"},{\"@type\":\"ListItem\",\"position\":4,\"name\":\"DEL AOP\u00ae\",\"item\":\"https:\/\/c-m-p.com\/es\/productos-para-piscina\/desinfectantes-para-piscinas\/del-aop\/\"},{\"@type\":\"ListItem\",\"position\":5,\"name\":\"AYUDA Y RECURSOS\"}]},{\"@type\":\"WebSite\",\"@id\":\"https:\/\/c-m-p.com\/#website\",\"url\":\"https:\/\/c-m-p.com\/\",\"name\":\"CMP\",\"description\":\"Pool Products, Spa and Hot Tub Products\",\"publisher\":{\"@id\":\"https:\/\/c-m-p.com\/#organization\"},\"potentialAction\":[{\"@type\":\"SearchAction\",\"target\":{\"@type\":\"EntryPoint\",\"urlTemplate\":\"https:\/\/c-m-p.com\/?s={search_term_string}\"},\"query-input\":{\"@type\":\"PropertyValueSpecification\",\"valueRequired\":true,\"valueName\":\"search_term_string\"}}],\"inLanguage\":\"es\"},{\"@type\":\"Organization\",\"@id\":\"https:\/\/c-m-p.com\/#organization\",\"name\":\"CMP Pool & Spa Products\",\"url\":\"https:\/\/c-m-p.com\/\",\"logo\":{\"@type\":\"ImageObject\",\"inLanguage\":\"es\",\"@id\":\"https:\/\/c-m-p.com\/#\/schema\/logo\/image\/\",\"url\":\"https:\/\/43ab809dfe.nxcli.io\/wp-content\/uploads\/2013\/10\/2013-CMP-Logo.jpg\",\"contentUrl\":\"https:\/\/43ab809dfe.nxcli.io\/wp-content\/uploads\/2013\/10\/2013-CMP-Logo.jpg\",\"width\":1000,\"height\":247,\"caption\":\"CMP Pool & Spa Products\"},\"image\":{\"@id\":\"https:\/\/c-m-p.com\/#\/schema\/logo\/image\/\"}}]}<\/script>\n<!-- \/ Yoast SEO plugin. -->","yoast_head_json":{"title":"AYUDA Y RECURSOS - CMP","robots":{"index":"index","follow":"follow","max-snippet":"max-snippet:-1","max-image-preview":"max-image-preview:large","max-video-preview":"max-video-preview:-1"},"canonical":"https:\/\/c-m-p.com\/es\/productos-para-piscina\/desinfectantes-para-piscinas\/del-aop\/ayuda-info\/","og_locale":"es_ES","og_type":"article","og_title":"AYUDA Y RECURSOS - CMP","og_description":"Vlvulas de control con manija en &#8220;S&#8221; Wave Instalaci\u00f3n paso a paso https:\/\/www.c-m-p.com\/tech-center\/installation-line\/del\/ Descargas Servicio y reparaci\u00f3n https:\/\/www.c-m-p.com\/tech-center\/repair-line\/del\/ Preguntas frecuentes https:\/\/www.c-m-p.com\/tech-center\/faq-line\/del\/ Vlvulas de control con manija en &#8220;S&#8221; Wave V\u00eddeos, art\u00edculos y m\u00e1s recursos https:\/\/www.c-m-p.com\/?paged=1&#038;s=aop&#038;search_type=website&#038;post_types%5B%5D=post&#038;post_types%5B%5D=video","og_url":"https:\/\/c-m-p.com\/es\/productos-para-piscina\/desinfectantes-para-piscinas\/del-aop\/ayuda-info\/","og_site_name":"CMP","article_modified_time":"2021-07-28T06:32:13+00:00","og_image":[{"url":"https:\/\/c-m-p.com\/wp-content\/uploads\/2020\/02\/tech-center-logo-icon.png","type":"","width":"","height":""}],"schema":{"@context":"https:\/\/schema.org","@graph":[{"@type":"WebPage","@id":"https:\/\/c-m-p.com\/es\/productos-para-piscina\/desinfectantes-para-piscinas\/del-aop\/ayuda-info\/","url":"https:\/\/c-m-p.com\/es\/productos-para-piscina\/desinfectantes-para-piscinas\/del-aop\/ayuda-info\/","name":"AYUDA Y RECURSOS - CMP","isPartOf":{"@id":"https:\/\/c-m-p.com\/#website"},"primaryImageOfPage":{"@id":"https:\/\/c-m-p.com\/es\/productos-para-piscina\/desinfectantes-para-piscinas\/del-aop\/ayuda-info\/#primaryimage"},"image":{"@id":"https:\/\/c-m-p.com\/es\/productos-para-piscina\/desinfectantes-para-piscinas\/del-aop\/ayuda-info\/#primaryimage"},"thumbnailUrl":"https:\/\/www.c-m-p.com\/wp-content\/uploads\/2020\/02\/tech-center-logo-icon.png","datePublished":"2020-08-19T15:20:14+00:00","dateModified":"2021-07-28T06:32:13+00:00","breadcrumb":{"@id":"https:\/\/c-m-p.com\/es\/productos-para-piscina\/desinfectantes-para-piscinas\/del-aop\/ayuda-info\/#breadcrumb"},"inLanguage":"es","potentialAction":[{"@type":"ReadAction","target":["https:\/\/c-m-p.com\/es\/productos-para-piscina\/desinfectantes-para-piscinas\/del-aop\/ayuda-info\/"]}]},{"@type":"ImageObject","inLanguage":"es","@id":"https:\/\/c-m-p.com\/es\/productos-para-piscina\/desinfectantes-para-piscinas\/del-aop\/ayuda-info\/#primaryimage","url":"https:\/\/www.c-m-p.com\/wp-content\/uploads\/2020\/02\/tech-center-logo-icon.png","contentUrl":"https:\/\/www.c-m-p.com\/wp-content\/uploads\/2020\/02\/tech-center-logo-icon.png"},{"@type":"BreadcrumbList","@id":"https:\/\/c-m-p.com\/es\/productos-para-piscina\/desinfectantes-para-piscinas\/del-aop\/ayuda-info\/#breadcrumb","itemListElement":[{"@type":"ListItem","position":1,"name":"Home","item":"https:\/\/c-m-p.com\/es\/"},{"@type":"ListItem","position":2,"name":"Productos para piscinas","item":"https:\/\/c-m-p.com\/es\/productos-para-piscina\/"},{"@type":"ListItem","position":3,"name":"Sistemas de desinfecci\u00f3n de piscinas","item":"https:\/\/c-m-p.com\/es\/productos-para-piscina\/desinfectantes-para-piscinas\/"},{"@type":"ListItem","position":4,"name":"DEL AOP\u00ae","item":"https:\/\/c-m-p.com\/es\/productos-para-piscina\/desinfectantes-para-piscinas\/del-aop\/"},{"@type":"ListItem","position":5,"name":"AYUDA Y RECURSOS"}]},{"@type":"WebSite","@id":"https:\/\/c-m-p.com\/#website","url":"https:\/\/c-m-p.com\/","name":"CMP","description":"Pool Products, Spa and Hot Tub Products","publisher":{"@id":"https:\/\/c-m-p.com\/#organization"},"potentialAction":[{"@type":"SearchAction","target":{"@type":"EntryPoint","urlTemplate":"https:\/\/c-m-p.com\/?s={search_term_string}"},"query-input":{"@type":"PropertyValueSpecification","valueRequired":true,"valueName":"search_term_string"}}],"inLanguage":"es"},{"@type":"Organization","@id":"https:\/\/c-m-p.com\/#organization","name":"CMP Pool & Spa Products","url":"https:\/\/c-m-p.com\/","logo":{"@type":"ImageObject","inLanguage":"es","@id":"https:\/\/c-m-p.com\/#\/schema\/logo\/image\/","url":"https:\/\/43ab809dfe.nxcli.io\/wp-content\/uploads\/2013\/10\/2013-CMP-Logo.jpg","contentUrl":"https:\/\/43ab809dfe.nxcli.io\/wp-content\/uploads\/2013\/10\/2013-CMP-Logo.jpg","width":1000,"height":247,"caption":"CMP Pool & Spa Products"},"image":{"@id":"https:\/\/c-m-p.com\/#\/schema\/logo\/image\/"}}]}},"_links":{"self":[{"href":"https:\/\/www.c-m-p.com\/es\/wp-json\/wp\/v2\/pages\/66090","targetHints":{"allow":["GET"]}}],"collection":[{"href":"https:\/\/www.c-m-p.com\/es\/wp-json\/wp\/v2\/pages"}],"about":[{"href":"https:\/\/www.c-m-p.com\/es\/wp-json\/wp\/v2\/types\/page"}],"author":[{"embeddable":true,"href":"https:\/\/www.c-m-p.com\/es\/wp-json\/wp\/v2\/users\/4"}],"replies":[{"embeddable":true,"href":"https:\/\/www.c-m-p.com\/es\/wp-json\/wp\/v2\/comments?post=66090"}],"version-history":[{"count":0,"href":"https:\/\/www.c-m-p.com\/es\/wp-json\/wp\/v2\/pages\/66090\/revisions"}],"up":[{"embeddable":true,"href":"https:\/\/www.c-m-p.com\/es\/wp-json\/wp\/v2\/pages\/66054"}],"wp:attachment":[{"href":"https:\/\/www.c-m-p.com\/es\/wp-json\/wp\/v2\/media?parent=66090"}],"curies":[{"name":"wp","href":"https:\/\/api.w.org\/{rel}","templated":true}]}}