{"id":66426,"date":"2019-03-14T15:57:52","date_gmt":"2019-03-14T20:57:52","guid":{"rendered":"https:\/\/43ab809dfe.nxcli.io\/acquisitions\/"},"modified":"2021-07-28T04:53:44","modified_gmt":"2021-07-28T09:53:44","slug":"adquisiciones","status":"publish","type":"page","link":"https:\/\/www.c-m-p.com\/es\/adquisiciones\/","title":{"rendered":"Marcas y adquisiciones"},"content":{"rendered":"<p>Marcas y adquisiciones de CMP<br \/>\n<img decoding=\"async\" width=\"1401\" height=\"398\" src=\"https:\/\/www.c-m-p.com\/wp-content\/uploads\/2013\/05\/red-hex-gradient-shadow-splash-bg.jpg\" class=\"attachment-full size-full\" alt=\"\" loading=\"lazy\" srcset=\"https:\/\/www.c-m-p.com\/wp-content\/uploads\/2013\/05\/red-hex-gradient-shadow-splash-bg.jpg 1401w, https:\/\/www.c-m-p.com\/wp-content\/uploads\/2013\/05\/red-hex-gradient-shadow-splash-bg-300x85.jpg 300w, https:\/\/www.c-m-p.com\/wp-content\/uploads\/2013\/05\/red-hex-gradient-shadow-splash-bg-1024x290.jpg 1024w, https:\/\/www.c-m-p.com\/wp-content\/uploads\/2013\/05\/red-hex-gradient-shadow-splash-bg-568x161.jpg 568w, https:\/\/www.c-m-p.com\/wp-content\/uploads\/2013\/05\/red-hex-gradient-shadow-splash-bg-235x66.jpg 235w, https:\/\/www.c-m-p.com\/wp-content\/uploads\/2013\/05\/red-hex-gradient-shadow-splash-bg-307x87.jpg 307w\" sizes=\"auto, (max-width: 1401px) 100vw, 1401px\" \/><br \/>\nSobre CMP<br \/>\nPress<br \/>\nCMP In The News<br \/>\nCreamos marcas que los clientes conocen y en las que conf\u00edan<br \/>\nLas l\u00edneas de productos l\u00edderes de CMP se clasifican en marcas de productos de caracter\u00edsticas. Cada una de estas marcas comunica valores y caracter\u00edsticas distintos que hacen que la l\u00ednea de productos sea \u00fanica y especial.<br \/>\nProductos LED Brilliant Wonders\u00ae<br \/>\nLuz y agua LED<br \/>\n<img decoding=\"async\" width=\"1200\" height=\"508\" src=\"https:\/\/www.c-m-p.com\/wp-content\/uploads\/2018\/09\/brilliant-wonders-page-logo.png\" class=\"attachment-full size-full\" alt=\"\" loading=\"lazy\" srcset=\"https:\/\/www.c-m-p.com\/wp-content\/uploads\/2018\/09\/brilliant-wonders-page-logo.png 1200w, https:\/\/www.c-m-p.com\/wp-content\/uploads\/2018\/09\/brilliant-wonders-page-logo-300x127.png 300w, https:\/\/www.c-m-p.com\/wp-content\/uploads\/2018\/09\/brilliant-wonders-page-logo-768x325.png 768w, https:\/\/www.c-m-p.com\/wp-content\/uploads\/2018\/09\/brilliant-wonders-page-logo-1024x433.png 1024w, https:\/\/www.c-m-p.com\/wp-content\/uploads\/2018\/09\/brilliant-wonders-page-logo-568x240.png 568w, https:\/\/www.c-m-p.com\/wp-content\/uploads\/2018\/09\/brilliant-wonders-page-logo-235x99.png 235w, https:\/\/www.c-m-p.com\/wp-content\/uploads\/2018\/09\/brilliant-wonders-page-logo-307x130.png 307w\" sizes=\"auto, (max-width: 1200px) 100vw, 1200px\" \/><br \/>\nEstructuras ornamentales de agua<br \/>\nCaracter\u00edsticas del agua de la piscina<br \/>\n<img decoding=\"async\" width=\"600\" height=\"334\" src=\"https:\/\/www.c-m-p.com\/wp-content\/uploads\/2015\/04\/natural-wonders-logo-feature.png\" class=\"attachment-full size-full\" alt=\"\" loading=\"lazy\" srcset=\"https:\/\/www.c-m-p.com\/wp-content\/uploads\/2015\/04\/natural-wonders-logo-feature.png 600w, https:\/\/www.c-m-p.com\/wp-content\/uploads\/2015\/04\/natural-wonders-logo-feature-300x167.png 300w, https:\/\/www.c-m-p.com\/wp-content\/uploads\/2015\/04\/natural-wonders-logo-feature-568x316.png 568w, https:\/\/www.c-m-p.com\/wp-content\/uploads\/2015\/04\/natural-wonders-logo-feature-235x130.png 235w, https:\/\/www.c-m-p.com\/wp-content\/uploads\/2015\/04\/natural-wonders-logo-feature-307x170.png 307w\" sizes=\"auto, (max-width: 600px) 100vw, 600px\" \/><br \/>\nSistemas de desinfecci\u00f3n de piscinas<br \/>\nSistemas de desinfecci\u00f3n de piscinas<br \/>\n<img decoding=\"async\" width=\"1200\" height=\"800\" src=\"https:\/\/www.c-m-p.com\/wp-content\/uploads\/2019\/04\/sanitizers-brand-stackup-2.png\" class=\"attachment-full size-full\" alt=\"\" loading=\"lazy\" srcset=\"https:\/\/www.c-m-p.com\/wp-content\/uploads\/2019\/04\/sanitizers-brand-stackup-2.png 1200w, https:\/\/www.c-m-p.com\/wp-content\/uploads\/2019\/04\/sanitizers-brand-stackup-2-300x200.png 300w, https:\/\/www.c-m-p.com\/wp-content\/uploads\/2019\/04\/sanitizers-brand-stackup-2-768x512.png 768w, https:\/\/www.c-m-p.com\/wp-content\/uploads\/2019\/04\/sanitizers-brand-stackup-2-1024x683.png 1024w, https:\/\/www.c-m-p.com\/wp-content\/uploads\/2019\/04\/sanitizers-brand-stackup-2-568x379.png 568w, https:\/\/www.c-m-p.com\/wp-content\/uploads\/2019\/04\/sanitizers-brand-stackup-2-235x157.png 235w, https:\/\/www.c-m-p.com\/wp-content\/uploads\/2019\/04\/sanitizers-brand-stackup-2-307x205.png 307w\" sizes=\"auto, (max-width: 1200px) 100vw, 1200px\" \/><br \/>\nSistemas para spa Spa Master<br \/>\nEn chorros de spa de tierra<br \/>\n<img decoding=\"async\" width=\"600\" height=\"334\" src=\"https:\/\/www.c-m-p.com\/wp-content\/uploads\/2013\/10\/spa-master-logo-feature.png\" class=\"attachment-full size-full\" alt=\"\" loading=\"lazy\" srcset=\"https:\/\/www.c-m-p.com\/wp-content\/uploads\/2013\/10\/spa-master-logo-feature.png 600w, https:\/\/www.c-m-p.com\/wp-content\/uploads\/2013\/10\/spa-master-logo-feature-300x167.png 300w, https:\/\/www.c-m-p.com\/wp-content\/uploads\/2013\/10\/spa-master-logo-feature-568x316.png 568w, https:\/\/www.c-m-p.com\/wp-content\/uploads\/2013\/10\/spa-master-logo-feature-235x130.png 235w, https:\/\/www.c-m-p.com\/wp-content\/uploads\/2013\/10\/spa-master-logo-feature-307x170.png 307w\" sizes=\"auto, (max-width: 600px) 100vw, 600px\" \/><br \/>\n@@@UPCfoo@@@<br \/>\nTerapia de aire en la ba\u00f1era de hidromasaje<br \/>\n<img decoding=\"async\" width=\"600\" height=\"334\" src=\"https:\/\/www.c-m-p.com\/wp-content\/uploads\/2015\/01\/air-x-logo-feature-1.png\" class=\"attachment-full size-full\" alt=\"\" loading=\"lazy\" srcset=\"https:\/\/www.c-m-p.com\/wp-content\/uploads\/2015\/01\/air-x-logo-feature-1.png 600w, https:\/\/www.c-m-p.com\/wp-content\/uploads\/2015\/01\/air-x-logo-feature-1-300x167.png 300w, https:\/\/www.c-m-p.com\/wp-content\/uploads\/2015\/01\/air-x-logo-feature-1-568x316.png 568w, https:\/\/www.c-m-p.com\/wp-content\/uploads\/2015\/01\/air-x-logo-feature-1-235x131.png 235w, https:\/\/www.c-m-p.com\/wp-content\/uploads\/2015\/01\/air-x-logo-feature-1-307x171.png 307w\" sizes=\"auto, (max-width: 600px) 100vw, 600px\" \/><br \/>\nCuerpos de chorros SQR<br \/>\nSistema de instalaci\u00f3n de spa<br \/>\n<img decoding=\"async\" width=\"490\" height=\"479\" src=\"https:\/\/www.c-m-p.com\/wp-content\/uploads\/2013\/10\/SQR.png\" class=\"attachment-full size-full\" alt=\"\" loading=\"lazy\" srcset=\"https:\/\/www.c-m-p.com\/wp-content\/uploads\/2013\/10\/SQR.png 490w, https:\/\/www.c-m-p.com\/wp-content\/uploads\/2013\/10\/SQR-300x293.png 300w, https:\/\/www.c-m-p.com\/wp-content\/uploads\/2013\/10\/SQR-235x229.png 235w, https:\/\/www.c-m-p.com\/wp-content\/uploads\/2013\/10\/SQR-307x300.png 307w\" sizes=\"auto, (max-width: 490px) 100vw, 490px\" \/><br \/>\nChorros para spa<br \/>\nSistema de dise\u00f1o de spa<br \/>\n<img decoding=\"async\" width=\"400\" height=\"61\" src=\"https:\/\/www.c-m-p.com\/wp-content\/uploads\/2013\/11\/spectrum_LOGO_silver.png\" class=\"attachment-full size-full\" alt=\"\" loading=\"lazy\" srcset=\"https:\/\/www.c-m-p.com\/wp-content\/uploads\/2013\/11\/spectrum_LOGO_silver.png 400w, https:\/\/www.c-m-p.com\/wp-content\/uploads\/2013\/11\/spectrum_LOGO_silver-300x45.png 300w, https:\/\/www.c-m-p.com\/wp-content\/uploads\/2013\/11\/spectrum_LOGO_silver-235x35.png 235w, https:\/\/www.c-m-p.com\/wp-content\/uploads\/2013\/11\/spectrum_LOGO_silver-307x46.png 307w\" sizes=\"auto, (max-width: 400px) 100vw, 400px\" \/><br \/>\nIluminacin para spa<br \/>\nLuces LED para spa<br \/>\n<img decoding=\"async\" width=\"725\" height=\"358\" src=\"https:\/\/www.c-m-p.com\/wp-content\/uploads\/2018\/04\/optix-logo-feature.png\" class=\"attachment-full size-full\" alt=\"\" loading=\"lazy\" srcset=\"https:\/\/www.c-m-p.com\/wp-content\/uploads\/2018\/04\/optix-logo-feature.png 725w, https:\/\/www.c-m-p.com\/wp-content\/uploads\/2018\/04\/optix-logo-feature-300x148.png 300w, https:\/\/www.c-m-p.com\/wp-content\/uploads\/2018\/04\/optix-logo-feature-568x280.png 568w, https:\/\/www.c-m-p.com\/wp-content\/uploads\/2018\/04\/optix-logo-feature-235x116.png 235w, https:\/\/www.c-m-p.com\/wp-content\/uploads\/2018\/04\/optix-logo-feature-307x152.png 307w\" sizes=\"auto, (max-width: 725px) 100vw, 725px\" \/><br \/>\nEquipamiento<br \/>\nBombas y controles de ba\u00f1o<br \/>\n<img decoding=\"async\" width=\"600\" height=\"178\" src=\"https:\/\/www.c-m-p.com\/wp-content\/uploads\/2018\/05\/Nexxus-logo-600x178.png\" class=\"attachment-full size-full\" alt=\"\" loading=\"lazy\" srcset=\"https:\/\/www.c-m-p.com\/wp-content\/uploads\/2018\/05\/Nexxus-logo-600x178.png 600w, https:\/\/www.c-m-p.com\/wp-content\/uploads\/2018\/05\/Nexxus-logo-600x178-300x89.png 300w, https:\/\/www.c-m-p.com\/wp-content\/uploads\/2018\/05\/Nexxus-logo-600x178-568x169.png 568w, https:\/\/www.c-m-p.com\/wp-content\/uploads\/2018\/05\/Nexxus-logo-600x178-235x70.png 235w, https:\/\/www.c-m-p.com\/wp-content\/uploads\/2018\/05\/Nexxus-logo-600x178-307x91.png 307w\" sizes=\"auto, (max-width: 600px) 100vw, 600px\" \/><br \/>\nSobre CMP<br \/>\nFunciones de agua y fuego<br \/>\nhttp:\/\/www.bobewaterandfire.com<br \/>\n<img decoding=\"async\" width=\"1404\" height=\"746\" src=\"https:\/\/www.c-m-p.com\/wp-content\/uploads\/2018\/10\/Bobe-Logo-WF-Lockup-black.png\" class=\"attachment-full size-full\" alt=\"\" loading=\"lazy\" srcset=\"https:\/\/www.c-m-p.com\/wp-content\/uploads\/2018\/10\/Bobe-Logo-WF-Lockup-black.png 1404w, https:\/\/www.c-m-p.com\/wp-content\/uploads\/2018\/10\/Bobe-Logo-WF-Lockup-black-300x159.png 300w, https:\/\/www.c-m-p.com\/wp-content\/uploads\/2018\/10\/Bobe-Logo-WF-Lockup-black-768x408.png 768w, https:\/\/www.c-m-p.com\/wp-content\/uploads\/2018\/10\/Bobe-Logo-WF-Lockup-black-1024x544.png 1024w, https:\/\/www.c-m-p.com\/wp-content\/uploads\/2018\/10\/Bobe-Logo-WF-Lockup-black-568x302.png 568w, https:\/\/www.c-m-p.com\/wp-content\/uploads\/2018\/10\/Bobe-Logo-WF-Lockup-black-235x125.png 235w, https:\/\/www.c-m-p.com\/wp-content\/uploads\/2018\/10\/Bobe-Logo-WF-Lockup-black-307x163.png 307w\" sizes=\"auto, (max-width: 1404px) 100vw, 1404px\" \/><br \/>\nBUSCAMOS CRECER CONSTANTE Y CONSTANTEMENTE<\/p>\n<p style = \"text-align: left;\"> En CMP, creemos que es importante mejorar constantemente nuestros procesos. CMP trae constantemente productos y servicios nuevos y mejorados al mercado. Al hacerlo, aumentamos nuestra eficiencia y mejoramos nuestra rentabilidad. <\/p>\n<p style = \"text-align: left;\"> CMP est\u00e1 creciendo y trayendo nuevos productos y tecnolog\u00eda al mercado que agregan valor a la organizaci\u00f3n. Elija una historia a continuaci\u00f3n para obtener m\u00e1s informaci\u00f3n. <\/p>\n<p><img decoding=\"async\" width=\"1404\" height=\"746\" src=\"https:\/\/www.c-m-p.com\/wp-content\/uploads\/2018\/10\/Bobe-Logo-WF-Lockup-black.png\" class=\"attachment-full size-full\" alt=\"\" loading=\"lazy\" srcset=\"https:\/\/www.c-m-p.com\/wp-content\/uploads\/2018\/10\/Bobe-Logo-WF-Lockup-black.png 1404w, https:\/\/www.c-m-p.com\/wp-content\/uploads\/2018\/10\/Bobe-Logo-WF-Lockup-black-300x159.png 300w, https:\/\/www.c-m-p.com\/wp-content\/uploads\/2018\/10\/Bobe-Logo-WF-Lockup-black-768x408.png 768w, https:\/\/www.c-m-p.com\/wp-content\/uploads\/2018\/10\/Bobe-Logo-WF-Lockup-black-1024x544.png 1024w, https:\/\/www.c-m-p.com\/wp-content\/uploads\/2018\/10\/Bobe-Logo-WF-Lockup-black-568x302.png 568w, https:\/\/www.c-m-p.com\/wp-content\/uploads\/2018\/10\/Bobe-Logo-WF-Lockup-black-235x125.png 235w, https:\/\/www.c-m-p.com\/wp-content\/uploads\/2018\/10\/Bobe-Logo-WF-Lockup-black-307x163.png 307w\" sizes=\"auto, (max-width: 1404px) 100vw, 1404px\" \/><br \/>\nLA ADQUISICI\u00d3N DE BOB\u00c9 AGREGA NUEVOS ELEMENTOS A LA OFERTA DE PRODUCTOS CMP<br \/>\n3 de octubre de 2018<\/p>\n<p>CMP completa la cuarta adquisici\u00f3n y obtiene un socio visionario en Bob\u00e9 Water &#038; amp; Fire LLC. Los esfuerzos combinados completan la oferta de CMP de caracter\u00edsticas est\u00e9ticas para exteriores, adem\u00e1s de agregar nuevas tecnolog\u00edas de fabricaci\u00f3n y talento.<\/p>\n<p><a href=\"https:\/\/www.c-m-p.com\/cmp-acquires-bobe-adding-new-elements-to-expanding-product-offering\/\">Lea nuestro blog sobre la adquisici\u00f3n de Bob\u00e9\u00a0 \u00a0&gt;&gt;\u00a0<\/a><br \/>\n<img decoding=\"async\" width=\"1769\" height=\"481\" src=\"https:\/\/www.c-m-p.com\/wp-content\/uploads\/2019\/03\/ASO_Logo.png\" class=\"attachment-full size-full\" alt=\"\" loading=\"lazy\" srcset=\"https:\/\/www.c-m-p.com\/wp-content\/uploads\/2019\/03\/ASO_Logo.png 1769w, https:\/\/www.c-m-p.com\/wp-content\/uploads\/2019\/03\/ASO_Logo-300x82.png 300w, https:\/\/www.c-m-p.com\/wp-content\/uploads\/2019\/03\/ASO_Logo-768x209.png 768w, https:\/\/www.c-m-p.com\/wp-content\/uploads\/2019\/03\/ASO_Logo-1024x278.png 1024w, https:\/\/www.c-m-p.com\/wp-content\/uploads\/2019\/03\/ASO_Logo-568x154.png 568w, https:\/\/www.c-m-p.com\/wp-content\/uploads\/2019\/03\/ASO_Logo-235x64.png 235w, https:\/\/www.c-m-p.com\/wp-content\/uploads\/2019\/03\/ASO_Logo-307x83.png 307w\" sizes=\"auto, (max-width: 1769px) 100vw, 1769px\" \/><br \/>\nSURGE UN NUEVO L\u00cdDER EN SISTEMAS DESINFECTANTES DE AGUA RECREATIVA<br \/>\n17 de julio de 2018<\/p>\n<p>CMP adquiere ASO, completando su tercera compra en menos de un a\u00f1o. ASO produce sistemas de tratamiento de agua para fabricantes de ba\u00f1eras de hidromasaje. Incorporar a ASO con DEL Ozone y SGS permite a CMP ocupar la mejor posici\u00f3n en el creciente mercado de desinfectantes de agua para piscinas y spas.<\/p>\n<p><a href=\"https:\/\/www.c-m-p.com\/a-new-leader-in-recreational-water-sanitizer-systems-emerges\/\">Lea nuestro blog sobre la adquisici\u00f3n de ASO\u00a0 \u00a0&gt;&gt;\u00a0<\/a><br \/>\n<img decoding=\"async\" width=\"576\" height=\"360\" src=\"https:\/\/www.c-m-p.com\/wp-content\/uploads\/2018\/04\/2016-SGS-Logo.png\" class=\"attachment-full size-full\" alt=\"\" loading=\"lazy\" srcset=\"https:\/\/www.c-m-p.com\/wp-content\/uploads\/2018\/04\/2016-SGS-Logo.png 576w, https:\/\/www.c-m-p.com\/wp-content\/uploads\/2018\/04\/2016-SGS-Logo-300x188.png 300w, https:\/\/www.c-m-p.com\/wp-content\/uploads\/2018\/04\/2016-SGS-Logo-568x355.png 568w, https:\/\/www.c-m-p.com\/wp-content\/uploads\/2018\/04\/2016-SGS-Logo-235x147.png 235w, https:\/\/www.c-m-p.com\/wp-content\/uploads\/2018\/04\/2016-SGS-Logo-307x192.png 307w\" sizes=\"auto, (max-width: 576px) 100vw, 576px\" \/><br \/>\nCMP CONTIN\u00daA SU CRECIMIENTO CON LA ADQUISICI\u00d3N DE CLORADORES SGS DE TEMPE, ARIZONA<br \/>\n7 de marzo de 2018<\/p>\n<p>CMP completa la segunda compra adquiriendo Saline Generating Systems, LLC (SGS) y agregando innovadores generadores de cloro, incluido el popular sistema Breeze, a la oferta de productos de CMP.<\/p>\n<p>Desde que se uni\u00f3 a CMP, los productos SGS han cambiado de nombre a Powerclean\u00ae Salt.<\/p>\n<p><a href=\"https:\/\/www.c-m-p.com\/pool-products\/pool-sanitizers\/powerclean-salt-systems\/\">M\u00e1s informaci\u00f3n sobre las mejoras de los productos SGS\u00a0 &gt;&gt;<\/a><br \/>\n<img decoding=\"async\" width=\"1001\" height=\"345\" src=\"https:\/\/www.c-m-p.com\/wp-content\/uploads\/2019\/04\/DEL-Logo-Original-Artboard-11K.png\" class=\"attachment-full size-full\" alt=\"\" loading=\"lazy\" srcset=\"https:\/\/www.c-m-p.com\/wp-content\/uploads\/2019\/04\/DEL-Logo-Original-Artboard-11K.png 1001w, https:\/\/www.c-m-p.com\/wp-content\/uploads\/2019\/04\/DEL-Logo-Original-Artboard-11K-300x103.png 300w, https:\/\/www.c-m-p.com\/wp-content\/uploads\/2019\/04\/DEL-Logo-Original-Artboard-11K-768x265.png 768w, https:\/\/www.c-m-p.com\/wp-content\/uploads\/2019\/04\/DEL-Logo-Original-Artboard-11K-568x196.png 568w, https:\/\/www.c-m-p.com\/wp-content\/uploads\/2019\/04\/DEL-Logo-Original-Artboard-11K-235x81.png 235w, https:\/\/www.c-m-p.com\/wp-content\/uploads\/2019\/04\/DEL-Logo-Original-Artboard-11K-307x106.png 307w\" sizes=\"auto, (max-width: 1001px) 100vw, 1001px\" \/><br \/>\nCMP AGREGA SISTEMAS DE SANITIZACI\u00d3N DE AGUA A UNA CARTERA DE PRODUCTOS DIN\u00c1MICA<br \/>\n22 de septiembre de 2017<\/p>\n<p>CMP da un salto gigante en los sistemas de desinfecci\u00f3n con ozono para piscinas y spa al adquirir DEL Ozone\u00ae. La adquisici\u00f3n es un gran paso adelante para la compa\u00f1\u00eda y acelera significativamente el crecimiento que CMP est\u00e1 teniendo dentro de la industria del agua recreativa.<\/p>\n<p><a href=\"https:\/\/www.c-m-p.com\/cmp-acquires-del-ozone-adding-water-sanitization-systems-dynamic-product-portfolio\/\">Lea nuestro blog sobre la adquisici\u00f3n de DEL Ozone\u00a0 &gt;&gt;<\/a><\/p>\n","protected":false},"excerpt":{"rendered":"<p>Marcas y adquisiciones de CMP Sobre CMP Press CMP In The News Creamos marcas que los clientes conocen y en las que conf\u00edan Las l\u00edneas de productos l\u00edderes de CMP se clasifican en marcas de productos de caracter\u00edsticas. Cada una de estas marcas comunica valores y caracter\u00edsticas distintos que hacen que la l\u00ednea de productos&#8230;  <a href=\"https:\/\/www.c-m-p.com\/es\/adquisiciones\/\" title=\"Read Marcas y adquisiciones\">Read more &raquo;<\/a><\/p>\n","protected":false},"author":9,"featured_media":0,"parent":0,"menu_order":0,"comment_status":"closed","ping_status":"closed","template":"rci-flex-template.php","meta":{"_acf_changed":false,"_oasis_is_in_workflow":0,"_oasis_original":0,"_mi_skip_tracking":false,"_monsterinsights_sitenote_active":false,"_monsterinsights_sitenote_note":"","_monsterinsights_sitenote_category":0,"footnotes":""},"class_list":["post-66426","page","type-page","status-publish","hentry"],"acf":[],"yoast_head":"<!-- This site is optimized with the Yoast SEO plugin v27.2 - https:\/\/yoast.com\/product\/yoast-seo-wordpress\/ -->\n<title>Marcas y adquisiciones - CMP<\/title>\n<meta name=\"robots\" content=\"index, follow, max-snippet:-1, max-image-preview:large, max-video-preview:-1\" \/>\n<link rel=\"canonical\" href=\"https:\/\/c-m-p.com\/es\/adquisiciones\/\" \/>\n<meta property=\"og:locale\" content=\"es_ES\" \/>\n<meta property=\"og:type\" content=\"article\" \/>\n<meta property=\"og:title\" content=\"Marcas y adquisiciones - CMP\" \/>\n<meta property=\"og:description\" content=\"Marcas y adquisiciones de CMP Sobre CMP Press CMP In The News Creamos marcas que los clientes conocen y en las que conf\u00edan Las l\u00edneas de productos l\u00edderes de CMP se clasifican en marcas de productos de caracter\u00edsticas. Cada una de estas marcas comunica valores y caracter\u00edsticas distintos que hacen que la l\u00ednea de productos... Read more &raquo;\" \/>\n<meta property=\"og:url\" content=\"https:\/\/c-m-p.com\/es\/adquisiciones\/\" \/>\n<meta property=\"og:site_name\" content=\"CMP\" \/>\n<meta property=\"article:modified_time\" content=\"2021-07-28T09:53:44+00:00\" \/>\n<meta property=\"og:image\" content=\"https:\/\/c-m-p.com\/wp-content\/uploads\/2013\/05\/red-hex-gradient-shadow-splash-bg.jpg\" \/>\n<meta name=\"twitter:label1\" content=\"Tiempo de lectura\" \/>\n\t<meta name=\"twitter:data1\" content=\"3 minutos\" \/>\n<script type=\"application\/ld+json\" class=\"yoast-schema-graph\">{\"@context\":\"https:\/\/schema.org\",\"@graph\":[{\"@type\":\"WebPage\",\"@id\":\"https:\/\/c-m-p.com\/es\/adquisiciones\/\",\"url\":\"https:\/\/c-m-p.com\/es\/adquisiciones\/\",\"name\":\"Marcas y adquisiciones - CMP\",\"isPartOf\":{\"@id\":\"https:\/\/c-m-p.com\/#website\"},\"primaryImageOfPage\":{\"@id\":\"https:\/\/c-m-p.com\/es\/adquisiciones\/#primaryimage\"},\"image\":{\"@id\":\"https:\/\/c-m-p.com\/es\/adquisiciones\/#primaryimage\"},\"thumbnailUrl\":\"https:\/\/www.c-m-p.com\/wp-content\/uploads\/2013\/05\/red-hex-gradient-shadow-splash-bg.jpg\",\"datePublished\":\"2019-03-14T20:57:52+00:00\",\"dateModified\":\"2021-07-28T09:53:44+00:00\",\"breadcrumb\":{\"@id\":\"https:\/\/c-m-p.com\/es\/adquisiciones\/#breadcrumb\"},\"inLanguage\":\"es\",\"potentialAction\":[{\"@type\":\"ReadAction\",\"target\":[\"https:\/\/c-m-p.com\/es\/adquisiciones\/\"]}]},{\"@type\":\"ImageObject\",\"inLanguage\":\"es\",\"@id\":\"https:\/\/c-m-p.com\/es\/adquisiciones\/#primaryimage\",\"url\":\"https:\/\/www.c-m-p.com\/wp-content\/uploads\/2013\/05\/red-hex-gradient-shadow-splash-bg.jpg\",\"contentUrl\":\"https:\/\/www.c-m-p.com\/wp-content\/uploads\/2013\/05\/red-hex-gradient-shadow-splash-bg.jpg\"},{\"@type\":\"BreadcrumbList\",\"@id\":\"https:\/\/c-m-p.com\/es\/adquisiciones\/#breadcrumb\",\"itemListElement\":[{\"@type\":\"ListItem\",\"position\":1,\"name\":\"Home\",\"item\":\"https:\/\/c-m-p.com\/es\/\"},{\"@type\":\"ListItem\",\"position\":2,\"name\":\"Marcas y adquisiciones\"}]},{\"@type\":\"WebSite\",\"@id\":\"https:\/\/c-m-p.com\/#website\",\"url\":\"https:\/\/c-m-p.com\/\",\"name\":\"CMP\",\"description\":\"Pool Products, Spa and Hot Tub Products\",\"publisher\":{\"@id\":\"https:\/\/c-m-p.com\/#organization\"},\"potentialAction\":[{\"@type\":\"SearchAction\",\"target\":{\"@type\":\"EntryPoint\",\"urlTemplate\":\"https:\/\/c-m-p.com\/?s={search_term_string}\"},\"query-input\":{\"@type\":\"PropertyValueSpecification\",\"valueRequired\":true,\"valueName\":\"search_term_string\"}}],\"inLanguage\":\"es\"},{\"@type\":\"Organization\",\"@id\":\"https:\/\/c-m-p.com\/#organization\",\"name\":\"CMP Pool & Spa Products\",\"url\":\"https:\/\/c-m-p.com\/\",\"logo\":{\"@type\":\"ImageObject\",\"inLanguage\":\"es\",\"@id\":\"https:\/\/c-m-p.com\/#\/schema\/logo\/image\/\",\"url\":\"https:\/\/43ab809dfe.nxcli.io\/wp-content\/uploads\/2013\/10\/2013-CMP-Logo.jpg\",\"contentUrl\":\"https:\/\/43ab809dfe.nxcli.io\/wp-content\/uploads\/2013\/10\/2013-CMP-Logo.jpg\",\"width\":1000,\"height\":247,\"caption\":\"CMP Pool & Spa Products\"},\"image\":{\"@id\":\"https:\/\/c-m-p.com\/#\/schema\/logo\/image\/\"}}]}<\/script>\n<!-- \/ Yoast SEO plugin. -->","yoast_head_json":{"title":"Marcas y adquisiciones - CMP","robots":{"index":"index","follow":"follow","max-snippet":"max-snippet:-1","max-image-preview":"max-image-preview:large","max-video-preview":"max-video-preview:-1"},"canonical":"https:\/\/c-m-p.com\/es\/adquisiciones\/","og_locale":"es_ES","og_type":"article","og_title":"Marcas y adquisiciones - CMP","og_description":"Marcas y adquisiciones de CMP Sobre CMP Press CMP In The News Creamos marcas que los clientes conocen y en las que conf\u00edan Las l\u00edneas de productos l\u00edderes de CMP se clasifican en marcas de productos de caracter\u00edsticas. Cada una de estas marcas comunica valores y caracter\u00edsticas distintos que hacen que la l\u00ednea de productos... Read more &raquo;","og_url":"https:\/\/c-m-p.com\/es\/adquisiciones\/","og_site_name":"CMP","article_modified_time":"2021-07-28T09:53:44+00:00","og_image":[{"url":"https:\/\/c-m-p.com\/wp-content\/uploads\/2013\/05\/red-hex-gradient-shadow-splash-bg.jpg","type":"","width":"","height":""}],"twitter_misc":{"Tiempo de lectura":"3 minutos"},"schema":{"@context":"https:\/\/schema.org","@graph":[{"@type":"WebPage","@id":"https:\/\/c-m-p.com\/es\/adquisiciones\/","url":"https:\/\/c-m-p.com\/es\/adquisiciones\/","name":"Marcas y adquisiciones - CMP","isPartOf":{"@id":"https:\/\/c-m-p.com\/#website"},"primaryImageOfPage":{"@id":"https:\/\/c-m-p.com\/es\/adquisiciones\/#primaryimage"},"image":{"@id":"https:\/\/c-m-p.com\/es\/adquisiciones\/#primaryimage"},"thumbnailUrl":"https:\/\/www.c-m-p.com\/wp-content\/uploads\/2013\/05\/red-hex-gradient-shadow-splash-bg.jpg","datePublished":"2019-03-14T20:57:52+00:00","dateModified":"2021-07-28T09:53:44+00:00","breadcrumb":{"@id":"https:\/\/c-m-p.com\/es\/adquisiciones\/#breadcrumb"},"inLanguage":"es","potentialAction":[{"@type":"ReadAction","target":["https:\/\/c-m-p.com\/es\/adquisiciones\/"]}]},{"@type":"ImageObject","inLanguage":"es","@id":"https:\/\/c-m-p.com\/es\/adquisiciones\/#primaryimage","url":"https:\/\/www.c-m-p.com\/wp-content\/uploads\/2013\/05\/red-hex-gradient-shadow-splash-bg.jpg","contentUrl":"https:\/\/www.c-m-p.com\/wp-content\/uploads\/2013\/05\/red-hex-gradient-shadow-splash-bg.jpg"},{"@type":"BreadcrumbList","@id":"https:\/\/c-m-p.com\/es\/adquisiciones\/#breadcrumb","itemListElement":[{"@type":"ListItem","position":1,"name":"Home","item":"https:\/\/c-m-p.com\/es\/"},{"@type":"ListItem","position":2,"name":"Marcas y adquisiciones"}]},{"@type":"WebSite","@id":"https:\/\/c-m-p.com\/#website","url":"https:\/\/c-m-p.com\/","name":"CMP","description":"Pool Products, Spa and Hot Tub Products","publisher":{"@id":"https:\/\/c-m-p.com\/#organization"},"potentialAction":[{"@type":"SearchAction","target":{"@type":"EntryPoint","urlTemplate":"https:\/\/c-m-p.com\/?s={search_term_string}"},"query-input":{"@type":"PropertyValueSpecification","valueRequired":true,"valueName":"search_term_string"}}],"inLanguage":"es"},{"@type":"Organization","@id":"https:\/\/c-m-p.com\/#organization","name":"CMP Pool & Spa Products","url":"https:\/\/c-m-p.com\/","logo":{"@type":"ImageObject","inLanguage":"es","@id":"https:\/\/c-m-p.com\/#\/schema\/logo\/image\/","url":"https:\/\/43ab809dfe.nxcli.io\/wp-content\/uploads\/2013\/10\/2013-CMP-Logo.jpg","contentUrl":"https:\/\/43ab809dfe.nxcli.io\/wp-content\/uploads\/2013\/10\/2013-CMP-Logo.jpg","width":1000,"height":247,"caption":"CMP Pool & Spa Products"},"image":{"@id":"https:\/\/c-m-p.com\/#\/schema\/logo\/image\/"}}]}},"_links":{"self":[{"href":"https:\/\/www.c-m-p.com\/es\/wp-json\/wp\/v2\/pages\/66426","targetHints":{"allow":["GET"]}}],"collection":[{"href":"https:\/\/www.c-m-p.com\/es\/wp-json\/wp\/v2\/pages"}],"about":[{"href":"https:\/\/www.c-m-p.com\/es\/wp-json\/wp\/v2\/types\/page"}],"author":[{"embeddable":true,"href":"https:\/\/www.c-m-p.com\/es\/wp-json\/wp\/v2\/users\/9"}],"replies":[{"embeddable":true,"href":"https:\/\/www.c-m-p.com\/es\/wp-json\/wp\/v2\/comments?post=66426"}],"version-history":[{"count":0,"href":"https:\/\/www.c-m-p.com\/es\/wp-json\/wp\/v2\/pages\/66426\/revisions"}],"wp:attachment":[{"href":"https:\/\/www.c-m-p.com\/es\/wp-json\/wp\/v2\/media?parent=66426"}],"curies":[{"name":"wp","href":"https:\/\/api.w.org\/{rel}","templated":true}]}}