{"id":66447,"date":"2019-04-22T15:26:04","date_gmt":"2019-04-22T20:26:04","guid":{"rendered":"https:\/\/43ab809dfe.nxcli.io\/press\/"},"modified":"2021-07-28T06:16:47","modified_gmt":"2021-07-28T11:16:47","slug":"prensa","status":"publish","type":"page","link":"https:\/\/www.c-m-p.com\/es\/prensa\/","title":{"rendered":"prensa"},"content":{"rendered":"<p>PRENSA<br \/>\n<img decoding=\"async\" width=\"1401\" height=\"398\" src=\"https:\/\/www.c-m-p.com\/wp-content\/uploads\/2013\/05\/red-hex-gradient-shadow-splash-bg.jpg\" class=\"attachment-full size-full\" alt=\"\" loading=\"lazy\" srcset=\"https:\/\/www.c-m-p.com\/wp-content\/uploads\/2013\/05\/red-hex-gradient-shadow-splash-bg.jpg 1401w, https:\/\/www.c-m-p.com\/wp-content\/uploads\/2013\/05\/red-hex-gradient-shadow-splash-bg-300x85.jpg 300w, https:\/\/www.c-m-p.com\/wp-content\/uploads\/2013\/05\/red-hex-gradient-shadow-splash-bg-1024x290.jpg 1024w, https:\/\/www.c-m-p.com\/wp-content\/uploads\/2013\/05\/red-hex-gradient-shadow-splash-bg-568x161.jpg 568w, https:\/\/www.c-m-p.com\/wp-content\/uploads\/2013\/05\/red-hex-gradient-shadow-splash-bg-235x66.jpg 235w, https:\/\/www.c-m-p.com\/wp-content\/uploads\/2013\/05\/red-hex-gradient-shadow-splash-bg-307x87.jpg 307w\" sizes=\"auto, (max-width: 1401px) 100vw, 1401px\" \/><br \/>\nSobre CMP<br \/>\nMarcas y adquisiciones<br \/>\nCMP In The News<br \/>\n<img decoding=\"async\" width=\"1200\" height=\"800\" src=\"https:\/\/www.c-m-p.com\/wp-content\/uploads\/2021\/04\/fluidra-acquires-cmp-bruce-tom-headshots.jpg\" class=\"attachment-full size-full\" alt=\"\" loading=\"lazy\" srcset=\"https:\/\/www.c-m-p.com\/wp-content\/uploads\/2021\/04\/fluidra-acquires-cmp-bruce-tom-headshots.jpg 1200w, https:\/\/www.c-m-p.com\/wp-content\/uploads\/2021\/04\/fluidra-acquires-cmp-bruce-tom-headshots-300x200.jpg 300w, https:\/\/www.c-m-p.com\/wp-content\/uploads\/2021\/04\/fluidra-acquires-cmp-bruce-tom-headshots-1024x683.jpg 1024w, https:\/\/www.c-m-p.com\/wp-content\/uploads\/2021\/04\/fluidra-acquires-cmp-bruce-tom-headshots-768x512.jpg 768w, https:\/\/www.c-m-p.com\/wp-content\/uploads\/2021\/04\/fluidra-acquires-cmp-bruce-tom-headshots-568x379.jpg 568w, https:\/\/www.c-m-p.com\/wp-content\/uploads\/2021\/04\/fluidra-acquires-cmp-bruce-tom-headshots-235x157.jpg 235w, https:\/\/www.c-m-p.com\/wp-content\/uploads\/2021\/04\/fluidra-acquires-cmp-bruce-tom-headshots-307x205.jpg 307w\" sizes=\"auto, (max-width: 1200px) 100vw, 1200px\" \/><br \/>\nFluidra refuerza su liderazgo en la industria con la adquisici\u00f3n de CMP<br \/>\n<a href=\"https:\/\/www.fluidra.com\">Fluidra <\/a>, l\u00edder mundial en el sector de la piscina y el bienestar que cotiza en Espa\u00f1a, anuncia la adquisici\u00f3n de CMP, con sede en EE. UU., La segunda mayor operaci\u00f3n en la historia de Fluidra despu\u00e9s de Zodiac Pool Systems.<\/p>\n<p>La transacci\u00f3n tendr\u00e1 una contribuci\u00f3n positiva a las ganancias por acci\u00f3n en efectivo desde el primer d\u00eda, expandiendo r\u00e1pidamente su oferta en varias categor\u00edas de crecimiento estrat\u00e9gico, incluidos desinfectantes, electrodom\u00e9sticos y equipos de spa dedicados.<br \/>\n<img decoding=\"async\" width=\"1200\" height=\"800\" src=\"https:\/\/www.c-m-p.com\/wp-content\/uploads\/2020\/09\/next-gen-aop-press-release.jpg\" class=\"attachment-full size-full\" alt=\"\" loading=\"lazy\" srcset=\"https:\/\/www.c-m-p.com\/wp-content\/uploads\/2020\/09\/next-gen-aop-press-release.jpg 1200w, https:\/\/www.c-m-p.com\/wp-content\/uploads\/2020\/09\/next-gen-aop-press-release-300x200.jpg 300w, https:\/\/www.c-m-p.com\/wp-content\/uploads\/2020\/09\/next-gen-aop-press-release-1024x683.jpg 1024w, https:\/\/www.c-m-p.com\/wp-content\/uploads\/2020\/09\/next-gen-aop-press-release-768x512.jpg 768w, https:\/\/www.c-m-p.com\/wp-content\/uploads\/2020\/09\/next-gen-aop-press-release-568x379.jpg 568w, https:\/\/www.c-m-p.com\/wp-content\/uploads\/2020\/09\/next-gen-aop-press-release-235x157.jpg 235w, https:\/\/www.c-m-p.com\/wp-content\/uploads\/2020\/09\/next-gen-aop-press-release-307x205.jpg 307w\" sizes=\"auto, (max-width: 1200px) 100vw, 1200px\" \/><br \/>\nCMP presenta nuevos sistemas avanzados de desinfecci\u00f3n de procesos de oxidaci\u00f3n<br \/>\n<span style = \"font-weight: 400;\"> CMP anuncia dos nuevos modelos para la l\u00ednea de productos DEL AOP l\u00edder en la industria: DEL AOP 40 y AOP 25. <\/span><\/p>\n<p><span style = \"font-weight: 400;\"> DEL fue una entrada original en el mercado de AOP para piscinas residenciales con el innovador AOP 50, y sigui\u00f3 con el compacto AOP 25. <\/span><\/p>\n<p><a href=\"https:\/\/www.c-m-p.com\/es\/productos-para-piscina\/desinfectantes-para-piscinas\/del-aop\/\">Vea los productos Next Gen AOP &#x2122; ahora.<\/a><br \/>\n<img decoding=\"async\" width=\"1200\" height=\"800\" src=\"https:\/\/www.c-m-p.com\/wp-content\/uploads\/2020\/05\/uv-sterilizer-side-angle.png\" class=\"attachment-full size-full\" alt=\"\" loading=\"lazy\" srcset=\"https:\/\/www.c-m-p.com\/wp-content\/uploads\/2020\/05\/uv-sterilizer-side-angle.png 1200w, https:\/\/www.c-m-p.com\/wp-content\/uploads\/2020\/05\/uv-sterilizer-side-angle-300x200.png 300w, https:\/\/www.c-m-p.com\/wp-content\/uploads\/2020\/05\/uv-sterilizer-side-angle-1024x683.png 1024w, https:\/\/www.c-m-p.com\/wp-content\/uploads\/2020\/05\/uv-sterilizer-side-angle-768x512.png 768w, https:\/\/www.c-m-p.com\/wp-content\/uploads\/2020\/05\/uv-sterilizer-side-angle-568x379.png 568w, https:\/\/www.c-m-p.com\/wp-content\/uploads\/2020\/05\/uv-sterilizer-side-angle-235x157.png 235w, https:\/\/www.c-m-p.com\/wp-content\/uploads\/2020\/05\/uv-sterilizer-side-angle-307x205.png 307w\" sizes=\"auto, (max-width: 1200px) 100vw, 1200px\" \/><br \/>\nCMP presenta un nuevo producto en respuesta a COVID-19<br \/>\nCMP utiliza su experiencia en productos desinfectantes para matar bacterias y amp; virus, incluidos los similares a COVID-19. Presentamos el desinfectante ultravioleta DEL Clean, una nueva y poderosa \u00abarma\u00bb contra bacterias, microorganismos y virus da\u00f1inos.<\/p>\n<p>Ver este producto en <a href=\"https:\/\/www.delcleandisinfector.com\/\">delcleandisinfector.com<\/a>.<br \/>\n<img decoding=\"async\" width=\"1231\" height=\"306\" src=\"https:\/\/www.c-m-p.com\/wp-content\/uploads\/2019\/08\/CMP-Commercial-LogoColor@3x-100.jpg\" class=\"attachment-full size-full\" alt=\"\" loading=\"lazy\" srcset=\"https:\/\/www.c-m-p.com\/wp-content\/uploads\/2019\/08\/CMP-Commercial-LogoColor@3x-100.jpg 1231w, https:\/\/www.c-m-p.com\/wp-content\/uploads\/2019\/08\/CMP-Commercial-LogoColor@3x-100-300x75.jpg 300w, https:\/\/www.c-m-p.com\/wp-content\/uploads\/2019\/08\/CMP-Commercial-LogoColor@3x-100-768x191.jpg 768w, https:\/\/www.c-m-p.com\/wp-content\/uploads\/2019\/08\/CMP-Commercial-LogoColor@3x-100-1024x255.jpg 1024w, https:\/\/www.c-m-p.com\/wp-content\/uploads\/2019\/08\/CMP-Commercial-LogoColor@3x-100-568x141.jpg 568w, https:\/\/www.c-m-p.com\/wp-content\/uploads\/2019\/08\/CMP-Commercial-LogoColor@3x-100-235x58.jpg 235w, https:\/\/www.c-m-p.com\/wp-content\/uploads\/2019\/08\/CMP-Commercial-LogoColor@3x-100-307x76.jpg 307w\" sizes=\"auto, (max-width: 1231px) 100vw, 1231px\" \/><br \/>\nCMP presenta nueva divisi\u00f3n y sitio web de productos comerciales<br \/>\nCMP ha lanzado una nueva estructura de soporte y divisi\u00f3n de productos comerciales. CMP Commercial refleja una mayor inversi\u00f3n en la industria acu\u00e1tica para CMP y se produce cuando la demanda mundial de soluciones de desinfectantes acu\u00e1ticos contin\u00faa aceler\u00e1ndose.<\/p>\n<p>Las industrias atendidas incluyen piscinas comerciales y centros acu\u00e1ticos, as\u00ed como sistemas de soporte vital (\u00abLSS\u00bb) para zool\u00f3gicos y acuarios, centros de ciencias marinas e instalaciones de investigaci\u00f3n.<br \/>\n<img decoding=\"async\" width=\"560\" height=\"370\" src=\"https:\/\/www.c-m-p.com\/wp-content\/uploads\/2019\/04\/bill-tom.jpg\" class=\"attachment-full size-full\" alt=\"\" loading=\"lazy\" srcset=\"https:\/\/www.c-m-p.com\/wp-content\/uploads\/2019\/04\/bill-tom.jpg 560w, https:\/\/www.c-m-p.com\/wp-content\/uploads\/2019\/04\/bill-tom-300x198.jpg 300w, https:\/\/www.c-m-p.com\/wp-content\/uploads\/2019\/04\/bill-tom-235x155.jpg 235w, https:\/\/www.c-m-p.com\/wp-content\/uploads\/2019\/04\/bill-tom-307x203.jpg 307w\" sizes=\"auto, (max-width: 560px) 100vw, 560px\" \/><br \/>\nCMP anuncia transici\u00f3n de liderazgo con nuevo presidente y presidente de la junta<br \/>\nCMP anuncia los nombramientos del actual vicepresidente ejecutivo Tom Moore como presidente y el cofundador, Dr. William Drury, como presidente de la junta.<\/p>\n<p>\u00abLos antecedentes y la experiencia de Tom lo hacen especialmente apto para construir sobre nuestra s\u00f3lida base de \u00e9xito\u00bb, dijo el Dr. Drury. \u00abTodo el equipo est\u00e1 muy emocionado de tener a Tom como nuestro presidente\u00bb, agreg\u00f3 el Dr. Drury.<br \/>\n<img decoding=\"async\" width=\"1404\" height=\"746\" src=\"https:\/\/www.c-m-p.com\/wp-content\/uploads\/2018\/10\/Bobe-Logo-WF-Lockup-black.png\" class=\"attachment-full size-full\" alt=\"\" loading=\"lazy\" srcset=\"https:\/\/www.c-m-p.com\/wp-content\/uploads\/2018\/10\/Bobe-Logo-WF-Lockup-black.png 1404w, https:\/\/www.c-m-p.com\/wp-content\/uploads\/2018\/10\/Bobe-Logo-WF-Lockup-black-300x159.png 300w, https:\/\/www.c-m-p.com\/wp-content\/uploads\/2018\/10\/Bobe-Logo-WF-Lockup-black-768x408.png 768w, https:\/\/www.c-m-p.com\/wp-content\/uploads\/2018\/10\/Bobe-Logo-WF-Lockup-black-1024x544.png 1024w, https:\/\/www.c-m-p.com\/wp-content\/uploads\/2018\/10\/Bobe-Logo-WF-Lockup-black-568x302.png 568w, https:\/\/www.c-m-p.com\/wp-content\/uploads\/2018\/10\/Bobe-Logo-WF-Lockup-black-235x125.png 235w, https:\/\/www.c-m-p.com\/wp-content\/uploads\/2018\/10\/Bobe-Logo-WF-Lockup-black-307x163.png 307w\" sizes=\"auto, (max-width: 1404px) 100vw, 1404px\" \/><br \/>\nCMP adquiere Bob\u00e9 Water &#038; Fire, agregando nuevos elementos a una cartera en crecimiento<br \/>\nCMP adquiere Bob\u00e9 Water &#038; amp; Fire, completando la oferta de la compa\u00f1\u00eda de caracter\u00edsticas est\u00e9ticas para exteriores y agregando nueva tecnolog\u00eda de fabricaci\u00f3n y talento.<\/p>\n<p>Esta cuarta adquisici\u00f3n refleja el compromiso del fabricante de expandir su l\u00ednea premium de caracter\u00edsticas de dise\u00f1o de piscinas como una parte importante de su estrategia de crecimiento.<\/p>\n<p>Bob\u00e9 aporta capacidades de fabricaci\u00f3n de metal a nivel artesanal a CMP, as\u00ed como tecnolog\u00eda \u00fanica en aplicaciones de caracter\u00edsticas de fuego y agua en el dise\u00f1o de piscinas y patios traseros.<br \/>\n<img decoding=\"async\" width=\"1200\" height=\"958\" src=\"https:\/\/www.c-m-p.com\/wp-content\/uploads\/2019\/03\/aso-aquanova-1.jpg\" class=\"attachment-full size-full\" alt=\"\" loading=\"lazy\" srcset=\"https:\/\/www.c-m-p.com\/wp-content\/uploads\/2019\/03\/aso-aquanova-1.jpg 1200w, https:\/\/www.c-m-p.com\/wp-content\/uploads\/2019\/03\/aso-aquanova-1-300x240.jpg 300w, https:\/\/www.c-m-p.com\/wp-content\/uploads\/2019\/03\/aso-aquanova-1-768x613.jpg 768w, https:\/\/www.c-m-p.com\/wp-content\/uploads\/2019\/03\/aso-aquanova-1-1024x817.jpg 1024w, https:\/\/www.c-m-p.com\/wp-content\/uploads\/2019\/03\/aso-aquanova-1-568x453.jpg 568w, https:\/\/www.c-m-p.com\/wp-content\/uploads\/2019\/03\/aso-aquanova-1-235x188.jpg 235w, https:\/\/www.c-m-p.com\/wp-content\/uploads\/2019\/03\/aso-aquanova-1-307x245.jpg 307w\" sizes=\"auto, (max-width: 1200px) 100vw, 1200px\" \/><br \/>\nCMP adquiere Aqua Sun Ozone, de Palm Springs, California<br \/>\nCMP contin\u00faa demostrando su compromiso de brindar soluciones innovadoras para los consumidores, los profesionales de piscinas y jacuzzis OEM con su tercera adquisici\u00f3n de Aqua Sun Ozone, International, Inc.<\/p>\n<p>ASO es conocido por productos que incluyen AquaNova\u00ae, un desinfectante AOP dise\u00f1ado para fabricantes de equipos originales de spa que elimina los contaminantes transmitidos por el agua y otros subproductos que se encuentran com\u00fanmente en jacuzzis y piscinas.<\/p>\n<p>El crecimiento de CMP en la categor\u00eda de desinfectantes es parte de una estrategia general para brindar soluciones completas y modernas a la industria del agua recreativa.<br \/>\n<img decoding=\"async\" width=\"1200\" height=\"958\" src=\"https:\/\/www.c-m-p.com\/wp-content\/uploads\/2019\/03\/sgs-logo-1200.jpg\" class=\"attachment-full size-full\" alt=\"\" loading=\"lazy\" srcset=\"https:\/\/www.c-m-p.com\/wp-content\/uploads\/2019\/03\/sgs-logo-1200.jpg 1200w, https:\/\/www.c-m-p.com\/wp-content\/uploads\/2019\/03\/sgs-logo-1200-300x240.jpg 300w, https:\/\/www.c-m-p.com\/wp-content\/uploads\/2019\/03\/sgs-logo-1200-768x613.jpg 768w, https:\/\/www.c-m-p.com\/wp-content\/uploads\/2019\/03\/sgs-logo-1200-1024x817.jpg 1024w, https:\/\/www.c-m-p.com\/wp-content\/uploads\/2019\/03\/sgs-logo-1200-568x453.jpg 568w, https:\/\/www.c-m-p.com\/wp-content\/uploads\/2019\/03\/sgs-logo-1200-235x188.jpg 235w, https:\/\/www.c-m-p.com\/wp-content\/uploads\/2019\/03\/sgs-logo-1200-307x245.jpg 307w\" sizes=\"auto, (max-width: 1200px) 100vw, 1200px\" \/><br \/>\nCMP adquiere sistemas de generaci\u00f3n de soluci\u00f3n salina con sede en Arizona<br \/>\nCMP agrega sistemas de cloraci\u00f3n de agua salada comerciales y residenciales a trav\u00e9s de la adquisici\u00f3n de SGS.<\/p>\n<p>Al ofrecer sistemas de generaci\u00f3n de cloro, CMP puede proporcionar a los clientes una l\u00ednea m\u00e1s completa de productos desinfectantes de agua.<\/p>\n<p>La marca SGS ofrecer\u00e1 a los socios y clientes de CMP sistemas de generaci\u00f3n de sal de alto rendimiento con dise\u00f1os amigables para el consumidor para una operaci\u00f3n simple, confiabilidad y mayor longevidad.<br \/>\n<img decoding=\"async\" width=\"1001\" height=\"345\" src=\"https:\/\/www.c-m-p.com\/wp-content\/uploads\/2017\/09\/DEL-Logo-Original-Artboard-1.jpg\" class=\"attachment-full size-full\" alt=\"\" loading=\"lazy\" srcset=\"https:\/\/www.c-m-p.com\/wp-content\/uploads\/2017\/09\/DEL-Logo-Original-Artboard-1.jpg 1001w, https:\/\/www.c-m-p.com\/wp-content\/uploads\/2017\/09\/DEL-Logo-Original-Artboard-1-300x103.jpg 300w, https:\/\/www.c-m-p.com\/wp-content\/uploads\/2017\/09\/DEL-Logo-Original-Artboard-1-768x265.jpg 768w, https:\/\/www.c-m-p.com\/wp-content\/uploads\/2017\/09\/DEL-Logo-Original-Artboard-1-568x196.jpg 568w, https:\/\/www.c-m-p.com\/wp-content\/uploads\/2017\/09\/DEL-Logo-Original-Artboard-1-235x81.jpg 235w, https:\/\/www.c-m-p.com\/wp-content\/uploads\/2017\/09\/DEL-Logo-Original-Artboard-1-307x106.jpg 307w\" sizes=\"auto, (max-width: 1001px) 100vw, 1001px\" \/><br \/>\nCMP adquiere DEL Ozone\u00ae, Advanced Sanitation Systems<br \/>\nCMP agrega tecnolog\u00eda avanzada de ozono y UV a trav\u00e9s de la adquisici\u00f3n de DEL Ozone.<\/p>\n<p>DEL Ozone es un fabricante l\u00edder mundial de soluciones desinfectantes de ozono y UV para piscinas comerciales y residenciales, jacuzzis y aplicaciones industriales.<\/p>\n<p>La experiencia combinada y las ofertas de productos permiten a CMP ofrecer un mayor valor a los clientes de DEL Ozone y CMP al aprovechar la experiencia, los productos y los servicios de ambas organizaciones.<br \/>\nCMP presenta Brilliant Wonders\u00ae Smart Sync &#x2122; para control de piscinas con iluminaci\u00f3n LED universal<br \/>\nCMP anuncia la nueva tecnolog\u00eda Smart Sync &#x2122; incorporada, que actualiza las piscinas con nuevas funciones de iluminaci\u00f3n LED que se sincroni<br \/>\nCMP actualiza el sitio web El nuevo modo espa\u00f1ol respalda la industria en crecimiento<br \/>\nCMP anuncia el lanzamiento de su nuevo modo de sitio web en espa\u00f1ol para www.c-m-p.com, disponible directamente en https:\/\/www.c-m-p.com\/es.<br \/>\nCMP presenta las soluciones de iluminaci\u00f3n LED para piscinas totales Brilliant Wonders\u00ae<br \/>\nCMP se enorgullece de presentar la nueva luz LED Brilliant Wonders\u00ae con tecnolog\u00eda Smart Sync &#x2122; incorporada.<br \/>\nCMP anuncia la nueva luz LED Brilliant Wonders\u00ae de 1.5 pulgadas<br \/>\nEl dise\u00f1o sin nicho de alto rendimiento de la nueva luz LED Brilliant Wonders\u00ae se instala en cualquier accesorio de pared de piscina de 1.5<br \/>\nCMP anuncia la jubilaci\u00f3n del cofundador de la empresa, el Dr. Charles Li<br \/>\nCMP anunci\u00f3 este mes la jubilaci\u00f3n de uno de los fundadores de la empresa, el Dr. Charles Li.<\/p>\n","protected":false},"excerpt":{"rendered":"<p>PRENSA Sobre CMP Marcas y adquisiciones CMP In The News Fluidra refuerza su liderazgo en la industria con la adquisici\u00f3n de CMP Fluidra , l\u00edder mundial en el sector de la piscina y el bienestar que cotiza en Espa\u00f1a, anuncia la adquisici\u00f3n de CMP, con sede en EE. UU., La segunda mayor operaci\u00f3n en la&#8230;  <a href=\"https:\/\/www.c-m-p.com\/es\/prensa\/\" title=\"Read prensa\">Read more &raquo;<\/a><\/p>\n","protected":false},"author":9,"featured_media":0,"parent":0,"menu_order":0,"comment_status":"closed","ping_status":"closed","template":"rci-flex-template.php","meta":{"_acf_changed":false,"_oasis_is_in_workflow":0,"_oasis_original":0,"_mi_skip_tracking":false,"_monsterinsights_sitenote_active":false,"_monsterinsights_sitenote_note":"","_monsterinsights_sitenote_category":0,"footnotes":""},"class_list":["post-66447","page","type-page","status-publish","hentry"],"acf":[],"yoast_head":"<!-- This site is optimized with the Yoast SEO plugin v27.2 - https:\/\/yoast.com\/product\/yoast-seo-wordpress\/ -->\n<title>prensa - CMP<\/title>\n<meta name=\"robots\" content=\"index, follow, max-snippet:-1, max-image-preview:large, max-video-preview:-1\" \/>\n<link rel=\"canonical\" href=\"https:\/\/c-m-p.com\/es\/prensa\/\" \/>\n<meta property=\"og:locale\" content=\"es_ES\" \/>\n<meta property=\"og:type\" content=\"article\" \/>\n<meta property=\"og:title\" content=\"prensa - CMP\" \/>\n<meta property=\"og:description\" content=\"PRENSA Sobre CMP Marcas y adquisiciones CMP In The News Fluidra refuerza su liderazgo en la industria con la adquisici\u00f3n de CMP Fluidra , l\u00edder mundial en el sector de la piscina y el bienestar que cotiza en Espa\u00f1a, anuncia la adquisici\u00f3n de CMP, con sede en EE. UU., La segunda mayor operaci\u00f3n en la... Read more &raquo;\" \/>\n<meta property=\"og:url\" content=\"https:\/\/c-m-p.com\/es\/prensa\/\" \/>\n<meta property=\"og:site_name\" content=\"CMP\" \/>\n<meta property=\"article:modified_time\" content=\"2021-07-28T11:16:47+00:00\" \/>\n<meta property=\"og:image\" content=\"https:\/\/c-m-p.com\/wp-content\/uploads\/2013\/05\/red-hex-gradient-shadow-splash-bg.jpg\" \/>\n<meta name=\"twitter:label1\" content=\"Tiempo de lectura\" \/>\n\t<meta name=\"twitter:data1\" content=\"5 minutos\" \/>\n<script type=\"application\/ld+json\" class=\"yoast-schema-graph\">{\"@context\":\"https:\/\/schema.org\",\"@graph\":[{\"@type\":\"WebPage\",\"@id\":\"https:\/\/c-m-p.com\/es\/prensa\/\",\"url\":\"https:\/\/c-m-p.com\/es\/prensa\/\",\"name\":\"prensa - CMP\",\"isPartOf\":{\"@id\":\"https:\/\/c-m-p.com\/#website\"},\"primaryImageOfPage\":{\"@id\":\"https:\/\/c-m-p.com\/es\/prensa\/#primaryimage\"},\"image\":{\"@id\":\"https:\/\/c-m-p.com\/es\/prensa\/#primaryimage\"},\"thumbnailUrl\":\"https:\/\/www.c-m-p.com\/wp-content\/uploads\/2013\/05\/red-hex-gradient-shadow-splash-bg.jpg\",\"datePublished\":\"2019-04-22T20:26:04+00:00\",\"dateModified\":\"2021-07-28T11:16:47+00:00\",\"breadcrumb\":{\"@id\":\"https:\/\/c-m-p.com\/es\/prensa\/#breadcrumb\"},\"inLanguage\":\"es\",\"potentialAction\":[{\"@type\":\"ReadAction\",\"target\":[\"https:\/\/c-m-p.com\/es\/prensa\/\"]}]},{\"@type\":\"ImageObject\",\"inLanguage\":\"es\",\"@id\":\"https:\/\/c-m-p.com\/es\/prensa\/#primaryimage\",\"url\":\"https:\/\/www.c-m-p.com\/wp-content\/uploads\/2013\/05\/red-hex-gradient-shadow-splash-bg.jpg\",\"contentUrl\":\"https:\/\/www.c-m-p.com\/wp-content\/uploads\/2013\/05\/red-hex-gradient-shadow-splash-bg.jpg\"},{\"@type\":\"BreadcrumbList\",\"@id\":\"https:\/\/c-m-p.com\/es\/prensa\/#breadcrumb\",\"itemListElement\":[{\"@type\":\"ListItem\",\"position\":1,\"name\":\"Home\",\"item\":\"https:\/\/c-m-p.com\/es\/\"},{\"@type\":\"ListItem\",\"position\":2,\"name\":\"prensa\"}]},{\"@type\":\"WebSite\",\"@id\":\"https:\/\/c-m-p.com\/#website\",\"url\":\"https:\/\/c-m-p.com\/\",\"name\":\"CMP\",\"description\":\"Pool Products, Spa and Hot Tub Products\",\"publisher\":{\"@id\":\"https:\/\/c-m-p.com\/#organization\"},\"potentialAction\":[{\"@type\":\"SearchAction\",\"target\":{\"@type\":\"EntryPoint\",\"urlTemplate\":\"https:\/\/c-m-p.com\/?s={search_term_string}\"},\"query-input\":{\"@type\":\"PropertyValueSpecification\",\"valueRequired\":true,\"valueName\":\"search_term_string\"}}],\"inLanguage\":\"es\"},{\"@type\":\"Organization\",\"@id\":\"https:\/\/c-m-p.com\/#organization\",\"name\":\"CMP Pool & Spa Products\",\"url\":\"https:\/\/c-m-p.com\/\",\"logo\":{\"@type\":\"ImageObject\",\"inLanguage\":\"es\",\"@id\":\"https:\/\/c-m-p.com\/#\/schema\/logo\/image\/\",\"url\":\"https:\/\/43ab809dfe.nxcli.io\/wp-content\/uploads\/2013\/10\/2013-CMP-Logo.jpg\",\"contentUrl\":\"https:\/\/43ab809dfe.nxcli.io\/wp-content\/uploads\/2013\/10\/2013-CMP-Logo.jpg\",\"width\":1000,\"height\":247,\"caption\":\"CMP Pool & Spa Products\"},\"image\":{\"@id\":\"https:\/\/c-m-p.com\/#\/schema\/logo\/image\/\"}}]}<\/script>\n<!-- \/ Yoast SEO plugin. -->","yoast_head_json":{"title":"prensa - CMP","robots":{"index":"index","follow":"follow","max-snippet":"max-snippet:-1","max-image-preview":"max-image-preview:large","max-video-preview":"max-video-preview:-1"},"canonical":"https:\/\/c-m-p.com\/es\/prensa\/","og_locale":"es_ES","og_type":"article","og_title":"prensa - CMP","og_description":"PRENSA Sobre CMP Marcas y adquisiciones CMP In The News Fluidra refuerza su liderazgo en la industria con la adquisici\u00f3n de CMP Fluidra , l\u00edder mundial en el sector de la piscina y el bienestar que cotiza en Espa\u00f1a, anuncia la adquisici\u00f3n de CMP, con sede en EE. UU., La segunda mayor operaci\u00f3n en la... Read more &raquo;","og_url":"https:\/\/c-m-p.com\/es\/prensa\/","og_site_name":"CMP","article_modified_time":"2021-07-28T11:16:47+00:00","og_image":[{"url":"https:\/\/c-m-p.com\/wp-content\/uploads\/2013\/05\/red-hex-gradient-shadow-splash-bg.jpg","type":"","width":"","height":""}],"twitter_misc":{"Tiempo de lectura":"5 minutos"},"schema":{"@context":"https:\/\/schema.org","@graph":[{"@type":"WebPage","@id":"https:\/\/c-m-p.com\/es\/prensa\/","url":"https:\/\/c-m-p.com\/es\/prensa\/","name":"prensa - CMP","isPartOf":{"@id":"https:\/\/c-m-p.com\/#website"},"primaryImageOfPage":{"@id":"https:\/\/c-m-p.com\/es\/prensa\/#primaryimage"},"image":{"@id":"https:\/\/c-m-p.com\/es\/prensa\/#primaryimage"},"thumbnailUrl":"https:\/\/www.c-m-p.com\/wp-content\/uploads\/2013\/05\/red-hex-gradient-shadow-splash-bg.jpg","datePublished":"2019-04-22T20:26:04+00:00","dateModified":"2021-07-28T11:16:47+00:00","breadcrumb":{"@id":"https:\/\/c-m-p.com\/es\/prensa\/#breadcrumb"},"inLanguage":"es","potentialAction":[{"@type":"ReadAction","target":["https:\/\/c-m-p.com\/es\/prensa\/"]}]},{"@type":"ImageObject","inLanguage":"es","@id":"https:\/\/c-m-p.com\/es\/prensa\/#primaryimage","url":"https:\/\/www.c-m-p.com\/wp-content\/uploads\/2013\/05\/red-hex-gradient-shadow-splash-bg.jpg","contentUrl":"https:\/\/www.c-m-p.com\/wp-content\/uploads\/2013\/05\/red-hex-gradient-shadow-splash-bg.jpg"},{"@type":"BreadcrumbList","@id":"https:\/\/c-m-p.com\/es\/prensa\/#breadcrumb","itemListElement":[{"@type":"ListItem","position":1,"name":"Home","item":"https:\/\/c-m-p.com\/es\/"},{"@type":"ListItem","position":2,"name":"prensa"}]},{"@type":"WebSite","@id":"https:\/\/c-m-p.com\/#website","url":"https:\/\/c-m-p.com\/","name":"CMP","description":"Pool Products, Spa and Hot Tub Products","publisher":{"@id":"https:\/\/c-m-p.com\/#organization"},"potentialAction":[{"@type":"SearchAction","target":{"@type":"EntryPoint","urlTemplate":"https:\/\/c-m-p.com\/?s={search_term_string}"},"query-input":{"@type":"PropertyValueSpecification","valueRequired":true,"valueName":"search_term_string"}}],"inLanguage":"es"},{"@type":"Organization","@id":"https:\/\/c-m-p.com\/#organization","name":"CMP Pool & Spa Products","url":"https:\/\/c-m-p.com\/","logo":{"@type":"ImageObject","inLanguage":"es","@id":"https:\/\/c-m-p.com\/#\/schema\/logo\/image\/","url":"https:\/\/43ab809dfe.nxcli.io\/wp-content\/uploads\/2013\/10\/2013-CMP-Logo.jpg","contentUrl":"https:\/\/43ab809dfe.nxcli.io\/wp-content\/uploads\/2013\/10\/2013-CMP-Logo.jpg","width":1000,"height":247,"caption":"CMP Pool & Spa Products"},"image":{"@id":"https:\/\/c-m-p.com\/#\/schema\/logo\/image\/"}}]}},"_links":{"self":[{"href":"https:\/\/www.c-m-p.com\/es\/wp-json\/wp\/v2\/pages\/66447","targetHints":{"allow":["GET"]}}],"collection":[{"href":"https:\/\/www.c-m-p.com\/es\/wp-json\/wp\/v2\/pages"}],"about":[{"href":"https:\/\/www.c-m-p.com\/es\/wp-json\/wp\/v2\/types\/page"}],"author":[{"embeddable":true,"href":"https:\/\/www.c-m-p.com\/es\/wp-json\/wp\/v2\/users\/9"}],"replies":[{"embeddable":true,"href":"https:\/\/www.c-m-p.com\/es\/wp-json\/wp\/v2\/comments?post=66447"}],"version-history":[{"count":0,"href":"https:\/\/www.c-m-p.com\/es\/wp-json\/wp\/v2\/pages\/66447\/revisions"}],"wp:attachment":[{"href":"https:\/\/www.c-m-p.com\/es\/wp-json\/wp\/v2\/media?parent=66447"}],"curies":[{"name":"wp","href":"https:\/\/api.w.org\/{rel}","templated":true}]}}