{"id":66460,"date":"2021-02-26T14:15:14","date_gmt":"2021-02-26T19:15:14","guid":{"rendered":"https:\/\/43ab809dfe.nxcli.io\/cmp-in-news\/"},"modified":"2021-07-28T06:38:16","modified_gmt":"2021-07-28T11:38:16","slug":"cmp-en-noticias","status":"publish","type":"page","link":"https:\/\/www.c-m-p.com\/es\/cmp-en-noticias\/","title":{"rendered":"CMP en las noticias"},"content":{"rendered":"<p>CMP en las noticias<br \/>\n<img decoding=\"async\" width=\"1401\" height=\"398\" src=\"https:\/\/www.c-m-p.com\/wp-content\/uploads\/2013\/05\/red-hex-gradient-shadow-splash-bg.jpg\" class=\"attachment-full size-full\" alt=\"\" loading=\"lazy\" srcset=\"https:\/\/www.c-m-p.com\/wp-content\/uploads\/2013\/05\/red-hex-gradient-shadow-splash-bg.jpg 1401w, https:\/\/www.c-m-p.com\/wp-content\/uploads\/2013\/05\/red-hex-gradient-shadow-splash-bg-300x85.jpg 300w, https:\/\/www.c-m-p.com\/wp-content\/uploads\/2013\/05\/red-hex-gradient-shadow-splash-bg-1024x290.jpg 1024w, https:\/\/www.c-m-p.com\/wp-content\/uploads\/2013\/05\/red-hex-gradient-shadow-splash-bg-568x161.jpg 568w, https:\/\/www.c-m-p.com\/wp-content\/uploads\/2013\/05\/red-hex-gradient-shadow-splash-bg-235x66.jpg 235w, https:\/\/www.c-m-p.com\/wp-content\/uploads\/2013\/05\/red-hex-gradient-shadow-splash-bg-307x87.jpg 307w\" sizes=\"auto, (max-width: 1401px) 100vw, 1401px\" \/><br \/>\nSobre CMP<br \/>\nprensa<br \/>\nMarcas y adquisiciones<br \/>\n<img decoding=\"async\" width=\"1200\" height=\"800\" src=\"https:\/\/www.c-m-p.com\/wp-content\/uploads\/2021\/03\/spa-air-x-jets-hot-tub-shoot.jpg\" class=\"attachment-full size-full\" alt=\"\" loading=\"lazy\" srcset=\"https:\/\/www.c-m-p.com\/wp-content\/uploads\/2021\/03\/spa-air-x-jets-hot-tub-shoot.jpg 1200w, https:\/\/www.c-m-p.com\/wp-content\/uploads\/2021\/03\/spa-air-x-jets-hot-tub-shoot-300x200.jpg 300w, https:\/\/www.c-m-p.com\/wp-content\/uploads\/2021\/03\/spa-air-x-jets-hot-tub-shoot-1024x683.jpg 1024w, https:\/\/www.c-m-p.com\/wp-content\/uploads\/2021\/03\/spa-air-x-jets-hot-tub-shoot-768x512.jpg 768w, https:\/\/www.c-m-p.com\/wp-content\/uploads\/2021\/03\/spa-air-x-jets-hot-tub-shoot-568x379.jpg 568w, https:\/\/www.c-m-p.com\/wp-content\/uploads\/2021\/03\/spa-air-x-jets-hot-tub-shoot-235x157.jpg 235w, https:\/\/www.c-m-p.com\/wp-content\/uploads\/2021\/03\/spa-air-x-jets-hot-tub-shoot-307x205.jpg 307w\" sizes=\"auto, (max-width: 1200px) 100vw, 1200px\" \/><br \/>\n[Revista SpaRetailer] Episodio # 51: Dise\u00f1o con un prop\u00f3sito con Vic Walker y Allen Kalkomey<br \/>\nTodos nos hemos vuelto muy conscientes de las cadenas de suministro en 2020, desde el papel higi\u00e9nico hasta los comestibles y todas las cosas que hacen que una ba\u00f1era de hidromasaje.<\/p>\n<p>Eche un vistazo con nosotros detr\u00e1s de la cortina de c\u00f3mo se crean los productos y c\u00f3mo es comprender, interesar y equilibrar las personalidades de los fabricantes.<\/p>\n<p>Escuche el podcast original en <a href=\"https:\/\/sparetailer.com\/episode-51-design-with-a-purpose-with-vic-walker-and-allen-kalkomey-from-cmp\/\">SpaRetailer.com<\/a>.<br \/>\n<img decoding=\"async\" width=\"1200\" height=\"720\" src=\"https:\/\/www.c-m-p.com\/wp-content\/uploads\/2021\/03\/bobe-water-fire-pots-cal-pools-desert-sky-dusk.jpg\" class=\"attachment-full size-full\" alt=\"\" loading=\"lazy\" srcset=\"https:\/\/www.c-m-p.com\/wp-content\/uploads\/2021\/03\/bobe-water-fire-pots-cal-pools-desert-sky-dusk.jpg 1200w, https:\/\/www.c-m-p.com\/wp-content\/uploads\/2021\/03\/bobe-water-fire-pots-cal-pools-desert-sky-dusk-300x180.jpg 300w, https:\/\/www.c-m-p.com\/wp-content\/uploads\/2021\/03\/bobe-water-fire-pots-cal-pools-desert-sky-dusk-1024x614.jpg 1024w, https:\/\/www.c-m-p.com\/wp-content\/uploads\/2021\/03\/bobe-water-fire-pots-cal-pools-desert-sky-dusk-768x461.jpg 768w, https:\/\/www.c-m-p.com\/wp-content\/uploads\/2021\/03\/bobe-water-fire-pots-cal-pools-desert-sky-dusk-568x341.jpg 568w, https:\/\/www.c-m-p.com\/wp-content\/uploads\/2021\/03\/bobe-water-fire-pots-cal-pools-desert-sky-dusk-235x141.jpg 235w, https:\/\/www.c-m-p.com\/wp-content\/uploads\/2021\/03\/bobe-water-fire-pots-cal-pools-desert-sky-dusk-307x184.jpg 307w\" sizes=\"auto, (max-width: 1200px) 100vw, 1200px\" \/><br \/>\n[Revista PoolPro] Mantenimiento de piscinas de alta gama &#8211; Cuidado del agua de lujo<br \/>\nLa purificaci\u00f3n y el mantenimiento del agua modernos son una delicada combinaci\u00f3n de ciencia, arte y magia t\u00e9cnica que puede resultar confusa e intimidante, incluso para el constructor y el proveedor de servicios experimentados.<\/p>\n<p>Para Vic Walker, director de marketing y dise\u00f1o de productos de CMP, la base de una purificaci\u00f3n de agua superior es bastante simple. \u201cLa mejor soluci\u00f3n posible para cualquier piscina, de alta gama o de otro tipo, es proporcionar un sistema desinfectante residual y complementario\u201d, dice.<\/p>\n<p>Leer la publicaci\u00f3n original en <a href=\"https:\/\/poolpromag.com\/servicing-high-end-pools-water-care\/\">PoolProMag.com<\/a>.<br \/>\n<img decoding=\"async\" width=\"800\" height=\"500\" src=\"https:\/\/www.c-m-p.com\/wp-content\/uploads\/2021\/02\/powerclean-salt-control-tinted-top-fade-news-2.jpg\" class=\"attachment-full size-full\" alt=\"\" loading=\"lazy\" srcset=\"https:\/\/www.c-m-p.com\/wp-content\/uploads\/2021\/02\/powerclean-salt-control-tinted-top-fade-news-2.jpg 800w, https:\/\/www.c-m-p.com\/wp-content\/uploads\/2021\/02\/powerclean-salt-control-tinted-top-fade-news-2-300x188.jpg 300w, https:\/\/www.c-m-p.com\/wp-content\/uploads\/2021\/02\/powerclean-salt-control-tinted-top-fade-news-2-768x480.jpg 768w, https:\/\/www.c-m-p.com\/wp-content\/uploads\/2021\/02\/powerclean-salt-control-tinted-top-fade-news-2-568x355.jpg 568w, https:\/\/www.c-m-p.com\/wp-content\/uploads\/2021\/02\/powerclean-salt-control-tinted-top-fade-news-2-235x147.jpg 235w, https:\/\/www.c-m-p.com\/wp-content\/uploads\/2021\/02\/powerclean-salt-control-tinted-top-fade-news-2-307x192.jpg 307w\" sizes=\"auto, (max-width: 800px) 100vw, 800px\" \/><br \/>\n[Revista PoolPro] CMP presenta un nuevo generador de cloro salino<br \/>\nPowerclean Salt de nuevo dise\u00f1o de CMP permite a los usuarios deshacerse del \u00e1cido para limpiar las placas de las celdas generadoras de cloro. Brandon Miller, propietario de <a href=\"http:\/\/www.cajunpoolsandspas.com\">Piscinas Cajun &#038; amp; Spas <\/a> en Louisiana, ha \u00abtenido un gran \u00e9xito con \u00e9l y cero fallas\u00bb.<\/p>\n<p>\u00abRealmente me enamor\u00e9 de la carcasa transparente de la celda de cloraci\u00f3n\u00bb, dice Chris Matthews, presidente de <a href=\"https:\/\/www.easylivingpools.com\/\">Piscinas Easy Living <\/a> en Ohio. Dice que encontrar un generador de cloro salino que sea f\u00e1cil de mantener hace felices tanto a su equipo como a sus clientes.<\/p>\n<p>Leer la publicaci\u00f3n original en <a href=\"https:\/\/poolpromag.com\/getting-salty\/\">PoolProMag.com<\/a>.<br \/>\n<img decoding=\"async\" width=\"800\" height=\"500\" src=\"https:\/\/www.c-m-p.com\/wp-content\/uploads\/2021\/02\/brilliant-wonders-waterfall-fire-lyme-rd.jpg\" class=\"attachment-full size-full\" alt=\"\" loading=\"lazy\" srcset=\"https:\/\/www.c-m-p.com\/wp-content\/uploads\/2021\/02\/brilliant-wonders-waterfall-fire-lyme-rd.jpg 800w, https:\/\/www.c-m-p.com\/wp-content\/uploads\/2021\/02\/brilliant-wonders-waterfall-fire-lyme-rd-300x188.jpg 300w, https:\/\/www.c-m-p.com\/wp-content\/uploads\/2021\/02\/brilliant-wonders-waterfall-fire-lyme-rd-768x480.jpg 768w, https:\/\/www.c-m-p.com\/wp-content\/uploads\/2021\/02\/brilliant-wonders-waterfall-fire-lyme-rd-568x355.jpg 568w, https:\/\/www.c-m-p.com\/wp-content\/uploads\/2021\/02\/brilliant-wonders-waterfall-fire-lyme-rd-235x147.jpg 235w, https:\/\/www.c-m-p.com\/wp-content\/uploads\/2021\/02\/brilliant-wonders-waterfall-fire-lyme-rd-307x192.jpg 307w\" sizes=\"auto, (max-width: 800px) 100vw, 800px\" \/><br \/>\n[Revista de piscinas de lujo] Caracter\u00edsticas de fuego chisporroteante e iluminaci\u00f3n espectacular<br \/>\nC\u00f3mo incorporar mejor el fuego y la iluminaci\u00f3n en el paisaje de la piscina y el paisaje para lograr el m\u00e1ximo impacto. Crear un espacio al aire libre asombroso significa invocar un elemento dram\u00e1tico.<\/p>\n<p>\u00abPoder encender fuego que se puede sentir con el sonido del agua que cae durante la hora del crep\u00fasculo es una experiencia incre\u00edble\u00bb, dice Anthony Santella de <a href=\"https:\/\/www.totalpoolandpatio.com\">Piscina total &amp; Patio<\/a>.<\/p>\n<p>Leer la publicaci\u00f3n original en <a href=\"https:\/\/luxurypools.com\/landscape-hardscape\/fire-and-lighting-features\/\">LuxuryPools.com<\/a>.<br \/>\n<img decoding=\"async\" width=\"1200\" height=\"720\" src=\"https:\/\/www.c-m-p.com\/wp-content\/uploads\/2021\/03\/girl-splash-pad-ozone-g-class-1.jpg\" class=\"attachment-full size-full\" alt=\"\" loading=\"lazy\" srcset=\"https:\/\/www.c-m-p.com\/wp-content\/uploads\/2021\/03\/girl-splash-pad-ozone-g-class-1.jpg 1200w, https:\/\/www.c-m-p.com\/wp-content\/uploads\/2021\/03\/girl-splash-pad-ozone-g-class-1-300x180.jpg 300w, https:\/\/www.c-m-p.com\/wp-content\/uploads\/2021\/03\/girl-splash-pad-ozone-g-class-1-1024x614.jpg 1024w, https:\/\/www.c-m-p.com\/wp-content\/uploads\/2021\/03\/girl-splash-pad-ozone-g-class-1-768x461.jpg 768w, https:\/\/www.c-m-p.com\/wp-content\/uploads\/2021\/03\/girl-splash-pad-ozone-g-class-1-568x341.jpg 568w, https:\/\/www.c-m-p.com\/wp-content\/uploads\/2021\/03\/girl-splash-pad-ozone-g-class-1-235x141.jpg 235w, https:\/\/www.c-m-p.com\/wp-content\/uploads\/2021\/03\/girl-splash-pad-ozone-g-class-1-307x184.jpg 307w\" sizes=\"auto, (max-width: 1200px) 100vw, 1200px\" \/><br \/>\n[Revista PoolPro] DEL G-Class todav\u00eda encabeza<br \/>\nDurante m\u00e1s de 40 a\u00f1os, los sistemas de ozono de la marca DEL han mantenido desinfectadas las piscinas comerciales.<\/p>\n<p>La compra de DEL Ozone por parte de CMP en 2017 trajo consigo una cartera de productos comerciales. Rob Thill, que supervisa las ventas comerciales de CMP, dice que si bien CMP lanz\u00f3 sus primeros sistemas comerciales AOP y UV en 2020, el <a href=\"https:\/\/www.cmpcommercial.com\/product-category\/ozone-systems\/g-class\/\">El ozonizador Clase G <\/a>, lanzado en 1975, sigue siendo la \u00abpotencia\u00bb de la empresa.<\/p>\n<p>\u201cNos especializamos en nuestros sistemas\u201d, dice Thill. \u00abMucha gente nos ve como expertos en la materia y aprecian el hecho de que estemos ah\u00ed afuera apoyando las unidades incluso muy lejos del per\u00edodo sin garant\u00eda\u00bb.<\/p>\n<p>Leer la publicaci\u00f3n original en <a href=\"https:\/\/poolpromag.com\/del-g-class-still-tops\/\">PoolProMag.com<\/a>.<br \/>\nNuevo portal de soporte t\u00e9cnico de productos 24 horas al d\u00eda, 7 d\u00edas a la semana<br \/>\n<img decoding=\"async\" width=\"300\" height=\"300\" src=\"https:\/\/www.c-m-p.com\/wp-content\/uploads\/2021\/03\/tech-support-portal-24-7-2.jpg\" class=\"attachment-full size-full\" alt=\"\" loading=\"lazy\" srcset=\"https:\/\/www.c-m-p.com\/wp-content\/uploads\/2021\/03\/tech-support-portal-24-7-2.jpg 300w, https:\/\/www.c-m-p.com\/wp-content\/uploads\/2021\/03\/tech-support-portal-24-7-2-150x150.jpg 150w, https:\/\/www.c-m-p.com\/wp-content\/uploads\/2021\/03\/tech-support-portal-24-7-2-235x235.jpg 235w\" sizes=\"auto, (max-width: 300px) 100vw, 300px\" \/><br \/>\nCMP anuncia un nuevo portal de soporte de productos m\u00f3viles. Cualquier cliente puede acceder al portal en cualquier momento y en cualquier dispositivo. <a href=\"https:\/\/www.c-m-p.com\/es\/tecnico\/\">Visite el portal tecnol\u00f3gico ahora y pru\u00e9belo.<\/a><br \/>\nMVP de Aquatics International 2020<br \/>\n<img decoding=\"async\" width=\"300\" height=\"300\" src=\"https:\/\/www.c-m-p.com\/wp-content\/uploads\/2021\/03\/del-aop-pro-aquatics-mvp-award.jpg\" class=\"attachment-full size-full\" alt=\"\" loading=\"lazy\" srcset=\"https:\/\/www.c-m-p.com\/wp-content\/uploads\/2021\/03\/del-aop-pro-aquatics-mvp-award.jpg 300w, https:\/\/www.c-m-p.com\/wp-content\/uploads\/2021\/03\/del-aop-pro-aquatics-mvp-award-150x150.jpg 150w, https:\/\/www.c-m-p.com\/wp-content\/uploads\/2021\/03\/del-aop-pro-aquatics-mvp-award-235x235.jpg 235w\" sizes=\"auto, (max-width: 300px) 100vw, 300px\" \/><br \/>\nDEL AOP Pro fue elegido por la revista Aquatics International como uno de sus productos m\u00e1s valiosos de 2020. Descubra los m\u00faltiples beneficios de la desinfecci\u00f3n complementaria con <a href=\"https:\/\/www.cmpcommercial.com\/product\/del-aop-pro-systems\/\">DEL AOP Pro<\/a>.<br \/>\n&nbsp;<\/p>\n<p>&nbsp;<\/p>\n<p>&nbsp;<\/p>\n<p>&nbsp;<\/p>\n<p>&nbsp;<br \/>\nCMP ES EL PRINCIPAL PROVEEDOR DE PRODUCTOS PARA PISCINAS, SPA Y BA\u00d1OS<br \/>\nCMP se compromete a ofrecer productos innovadores y de resoluci\u00f3n de problemas para los profesionales de la piscina, el spa y el ba\u00f1o. Creemos que la diferencia est\u00e1 en los detalles. Y cuando la diferencia est\u00e1 en los detalles, todo importa.<br \/>\n<img decoding=\"async\" width=\"1000\" height=\"667\" src=\"https:\/\/www.c-m-p.com\/wp-content\/uploads\/2016\/06\/Pool.Fire_.jpg\" class=\"attachment-full size-full\" alt=\"\" loading=\"lazy\" srcset=\"https:\/\/www.c-m-p.com\/wp-content\/uploads\/2016\/06\/Pool.Fire_.jpg 1000w, https:\/\/www.c-m-p.com\/wp-content\/uploads\/2016\/06\/Pool.Fire_-300x200.jpg 300w, https:\/\/www.c-m-p.com\/wp-content\/uploads\/2016\/06\/Pool.Fire_-568x379.jpg 568w, https:\/\/www.c-m-p.com\/wp-content\/uploads\/2016\/06\/Pool.Fire_-235x157.jpg 235w, https:\/\/www.c-m-p.com\/wp-content\/uploads\/2016\/06\/Pool.Fire_-307x205.jpg 307w\" sizes=\"auto, (max-width: 1000px) 100vw, 1000px\" \/><\/p>\n","protected":false},"excerpt":{"rendered":"<p>CMP en las noticias Sobre CMP prensa Marcas y adquisiciones [Revista SpaRetailer] Episodio # 51: Dise\u00f1o con un prop\u00f3sito con Vic Walker y Allen Kalkomey Todos nos hemos vuelto muy conscientes de las cadenas de suministro en 2020, desde el papel higi\u00e9nico hasta los comestibles y todas las cosas que hacen que una ba\u00f1era de&#8230;  <a href=\"https:\/\/www.c-m-p.com\/es\/cmp-en-noticias\/\" title=\"Read CMP en las noticias\">Read more &raquo;<\/a><\/p>\n","protected":false},"author":9,"featured_media":0,"parent":0,"menu_order":0,"comment_status":"closed","ping_status":"closed","template":"rci-flex-template.php","meta":{"_acf_changed":false,"_oasis_is_in_workflow":0,"_oasis_original":0,"_mi_skip_tracking":false,"_monsterinsights_sitenote_active":false,"_monsterinsights_sitenote_note":"","_monsterinsights_sitenote_category":0,"footnotes":""},"class_list":["post-66460","page","type-page","status-publish","hentry"],"acf":[],"yoast_head":"<!-- This site is optimized with the Yoast SEO plugin v27.2 - https:\/\/yoast.com\/product\/yoast-seo-wordpress\/ -->\n<title>CMP en las noticias - CMP<\/title>\n<meta name=\"robots\" content=\"index, follow, max-snippet:-1, max-image-preview:large, max-video-preview:-1\" \/>\n<link rel=\"canonical\" href=\"https:\/\/c-m-p.com\/es\/cmp-en-noticias\/\" \/>\n<meta property=\"og:locale\" content=\"es_ES\" \/>\n<meta property=\"og:type\" content=\"article\" \/>\n<meta property=\"og:title\" content=\"CMP en las noticias - CMP\" \/>\n<meta property=\"og:description\" content=\"CMP en las noticias Sobre CMP prensa Marcas y adquisiciones [Revista SpaRetailer] Episodio # 51: Dise\u00f1o con un prop\u00f3sito con Vic Walker y Allen Kalkomey Todos nos hemos vuelto muy conscientes de las cadenas de suministro en 2020, desde el papel higi\u00e9nico hasta los comestibles y todas las cosas que hacen que una ba\u00f1era de... Read more &raquo;\" \/>\n<meta property=\"og:url\" content=\"https:\/\/c-m-p.com\/es\/cmp-en-noticias\/\" \/>\n<meta property=\"og:site_name\" content=\"CMP\" \/>\n<meta property=\"article:modified_time\" content=\"2021-07-28T11:38:16+00:00\" \/>\n<meta property=\"og:image\" content=\"https:\/\/c-m-p.com\/wp-content\/uploads\/2013\/05\/red-hex-gradient-shadow-splash-bg.jpg\" \/>\n<meta name=\"twitter:label1\" content=\"Tiempo de lectura\" \/>\n\t<meta name=\"twitter:data1\" content=\"3 minutos\" \/>\n<script type=\"application\/ld+json\" class=\"yoast-schema-graph\">{\"@context\":\"https:\/\/schema.org\",\"@graph\":[{\"@type\":\"WebPage\",\"@id\":\"https:\/\/c-m-p.com\/es\/cmp-en-noticias\/\",\"url\":\"https:\/\/c-m-p.com\/es\/cmp-en-noticias\/\",\"name\":\"CMP en las noticias - CMP\",\"isPartOf\":{\"@id\":\"https:\/\/c-m-p.com\/#website\"},\"primaryImageOfPage\":{\"@id\":\"https:\/\/c-m-p.com\/es\/cmp-en-noticias\/#primaryimage\"},\"image\":{\"@id\":\"https:\/\/c-m-p.com\/es\/cmp-en-noticias\/#primaryimage\"},\"thumbnailUrl\":\"https:\/\/www.c-m-p.com\/wp-content\/uploads\/2013\/05\/red-hex-gradient-shadow-splash-bg.jpg\",\"datePublished\":\"2021-02-26T19:15:14+00:00\",\"dateModified\":\"2021-07-28T11:38:16+00:00\",\"breadcrumb\":{\"@id\":\"https:\/\/c-m-p.com\/es\/cmp-en-noticias\/#breadcrumb\"},\"inLanguage\":\"es\",\"potentialAction\":[{\"@type\":\"ReadAction\",\"target\":[\"https:\/\/c-m-p.com\/es\/cmp-en-noticias\/\"]}]},{\"@type\":\"ImageObject\",\"inLanguage\":\"es\",\"@id\":\"https:\/\/c-m-p.com\/es\/cmp-en-noticias\/#primaryimage\",\"url\":\"https:\/\/www.c-m-p.com\/wp-content\/uploads\/2013\/05\/red-hex-gradient-shadow-splash-bg.jpg\",\"contentUrl\":\"https:\/\/www.c-m-p.com\/wp-content\/uploads\/2013\/05\/red-hex-gradient-shadow-splash-bg.jpg\"},{\"@type\":\"BreadcrumbList\",\"@id\":\"https:\/\/c-m-p.com\/es\/cmp-en-noticias\/#breadcrumb\",\"itemListElement\":[{\"@type\":\"ListItem\",\"position\":1,\"name\":\"Home\",\"item\":\"https:\/\/c-m-p.com\/es\/\"},{\"@type\":\"ListItem\",\"position\":2,\"name\":\"CMP en las noticias\"}]},{\"@type\":\"WebSite\",\"@id\":\"https:\/\/c-m-p.com\/#website\",\"url\":\"https:\/\/c-m-p.com\/\",\"name\":\"CMP\",\"description\":\"Pool Products, Spa and Hot Tub Products\",\"publisher\":{\"@id\":\"https:\/\/c-m-p.com\/#organization\"},\"potentialAction\":[{\"@type\":\"SearchAction\",\"target\":{\"@type\":\"EntryPoint\",\"urlTemplate\":\"https:\/\/c-m-p.com\/?s={search_term_string}\"},\"query-input\":{\"@type\":\"PropertyValueSpecification\",\"valueRequired\":true,\"valueName\":\"search_term_string\"}}],\"inLanguage\":\"es\"},{\"@type\":\"Organization\",\"@id\":\"https:\/\/c-m-p.com\/#organization\",\"name\":\"CMP Pool & Spa Products\",\"url\":\"https:\/\/c-m-p.com\/\",\"logo\":{\"@type\":\"ImageObject\",\"inLanguage\":\"es\",\"@id\":\"https:\/\/c-m-p.com\/#\/schema\/logo\/image\/\",\"url\":\"https:\/\/43ab809dfe.nxcli.io\/wp-content\/uploads\/2013\/10\/2013-CMP-Logo.jpg\",\"contentUrl\":\"https:\/\/43ab809dfe.nxcli.io\/wp-content\/uploads\/2013\/10\/2013-CMP-Logo.jpg\",\"width\":1000,\"height\":247,\"caption\":\"CMP Pool & Spa Products\"},\"image\":{\"@id\":\"https:\/\/c-m-p.com\/#\/schema\/logo\/image\/\"}}]}<\/script>\n<!-- \/ Yoast SEO plugin. -->","yoast_head_json":{"title":"CMP en las noticias - CMP","robots":{"index":"index","follow":"follow","max-snippet":"max-snippet:-1","max-image-preview":"max-image-preview:large","max-video-preview":"max-video-preview:-1"},"canonical":"https:\/\/c-m-p.com\/es\/cmp-en-noticias\/","og_locale":"es_ES","og_type":"article","og_title":"CMP en las noticias - CMP","og_description":"CMP en las noticias Sobre CMP prensa Marcas y adquisiciones [Revista SpaRetailer] Episodio # 51: Dise\u00f1o con un prop\u00f3sito con Vic Walker y Allen Kalkomey Todos nos hemos vuelto muy conscientes de las cadenas de suministro en 2020, desde el papel higi\u00e9nico hasta los comestibles y todas las cosas que hacen que una ba\u00f1era de... Read more &raquo;","og_url":"https:\/\/c-m-p.com\/es\/cmp-en-noticias\/","og_site_name":"CMP","article_modified_time":"2021-07-28T11:38:16+00:00","og_image":[{"url":"https:\/\/c-m-p.com\/wp-content\/uploads\/2013\/05\/red-hex-gradient-shadow-splash-bg.jpg","type":"","width":"","height":""}],"twitter_misc":{"Tiempo de lectura":"3 minutos"},"schema":{"@context":"https:\/\/schema.org","@graph":[{"@type":"WebPage","@id":"https:\/\/c-m-p.com\/es\/cmp-en-noticias\/","url":"https:\/\/c-m-p.com\/es\/cmp-en-noticias\/","name":"CMP en las noticias - CMP","isPartOf":{"@id":"https:\/\/c-m-p.com\/#website"},"primaryImageOfPage":{"@id":"https:\/\/c-m-p.com\/es\/cmp-en-noticias\/#primaryimage"},"image":{"@id":"https:\/\/c-m-p.com\/es\/cmp-en-noticias\/#primaryimage"},"thumbnailUrl":"https:\/\/www.c-m-p.com\/wp-content\/uploads\/2013\/05\/red-hex-gradient-shadow-splash-bg.jpg","datePublished":"2021-02-26T19:15:14+00:00","dateModified":"2021-07-28T11:38:16+00:00","breadcrumb":{"@id":"https:\/\/c-m-p.com\/es\/cmp-en-noticias\/#breadcrumb"},"inLanguage":"es","potentialAction":[{"@type":"ReadAction","target":["https:\/\/c-m-p.com\/es\/cmp-en-noticias\/"]}]},{"@type":"ImageObject","inLanguage":"es","@id":"https:\/\/c-m-p.com\/es\/cmp-en-noticias\/#primaryimage","url":"https:\/\/www.c-m-p.com\/wp-content\/uploads\/2013\/05\/red-hex-gradient-shadow-splash-bg.jpg","contentUrl":"https:\/\/www.c-m-p.com\/wp-content\/uploads\/2013\/05\/red-hex-gradient-shadow-splash-bg.jpg"},{"@type":"BreadcrumbList","@id":"https:\/\/c-m-p.com\/es\/cmp-en-noticias\/#breadcrumb","itemListElement":[{"@type":"ListItem","position":1,"name":"Home","item":"https:\/\/c-m-p.com\/es\/"},{"@type":"ListItem","position":2,"name":"CMP en las noticias"}]},{"@type":"WebSite","@id":"https:\/\/c-m-p.com\/#website","url":"https:\/\/c-m-p.com\/","name":"CMP","description":"Pool Products, Spa and Hot Tub Products","publisher":{"@id":"https:\/\/c-m-p.com\/#organization"},"potentialAction":[{"@type":"SearchAction","target":{"@type":"EntryPoint","urlTemplate":"https:\/\/c-m-p.com\/?s={search_term_string}"},"query-input":{"@type":"PropertyValueSpecification","valueRequired":true,"valueName":"search_term_string"}}],"inLanguage":"es"},{"@type":"Organization","@id":"https:\/\/c-m-p.com\/#organization","name":"CMP Pool & Spa Products","url":"https:\/\/c-m-p.com\/","logo":{"@type":"ImageObject","inLanguage":"es","@id":"https:\/\/c-m-p.com\/#\/schema\/logo\/image\/","url":"https:\/\/43ab809dfe.nxcli.io\/wp-content\/uploads\/2013\/10\/2013-CMP-Logo.jpg","contentUrl":"https:\/\/43ab809dfe.nxcli.io\/wp-content\/uploads\/2013\/10\/2013-CMP-Logo.jpg","width":1000,"height":247,"caption":"CMP Pool & Spa Products"},"image":{"@id":"https:\/\/c-m-p.com\/#\/schema\/logo\/image\/"}}]}},"_links":{"self":[{"href":"https:\/\/www.c-m-p.com\/es\/wp-json\/wp\/v2\/pages\/66460","targetHints":{"allow":["GET"]}}],"collection":[{"href":"https:\/\/www.c-m-p.com\/es\/wp-json\/wp\/v2\/pages"}],"about":[{"href":"https:\/\/www.c-m-p.com\/es\/wp-json\/wp\/v2\/types\/page"}],"author":[{"embeddable":true,"href":"https:\/\/www.c-m-p.com\/es\/wp-json\/wp\/v2\/users\/9"}],"replies":[{"embeddable":true,"href":"https:\/\/www.c-m-p.com\/es\/wp-json\/wp\/v2\/comments?post=66460"}],"version-history":[{"count":0,"href":"https:\/\/www.c-m-p.com\/es\/wp-json\/wp\/v2\/pages\/66460\/revisions"}],"wp:attachment":[{"href":"https:\/\/www.c-m-p.com\/es\/wp-json\/wp\/v2\/media?parent=66460"}],"curies":[{"name":"wp","href":"https:\/\/api.w.org\/{rel}","templated":true}]}}