{"id":66578,"date":"2017-02-17T14:29:29","date_gmt":"2017-02-17T19:29:29","guid":{"rendered":"https:\/\/43ab809dfe.nxcli.io\/buy-4-get-5th-free-8-bubbler-redemption-form\/"},"modified":"2021-07-29T00:59:30","modified_gmt":"2021-07-29T05:59:30","slug":"compre-4-obtenga-el-quinto-gratis-8-burbujeador-formulario-de-redencion","status":"publish","type":"page","link":"https:\/\/www.c-m-p.com\/es\/compre-4-obtenga-el-quinto-gratis-8-burbujeador-formulario-de-redencion\/","title":{"rendered":"Compre 4 y obtenga el quinto formulario de canje del burbujeador LED de 8 \u00abgratis"},"content":{"rendered":"<h6 style = \"line-height: 1.5em;\"> Condiciones &#038; amp; Condiciones: Oferta v\u00e1lida para compras realizadas entre el 20 de febrero de 2017 y el 4 de julio de 2017. Las solicitudes de canje deben enviarse dentro de los 60 d\u00edas posteriores a la compra del producto. Las solicitudes de canje por correo deben tener matasellos no posterior al 30 de julio de 2017. Esta oferta es v\u00e1lida solo en <a href=\"https:\/\/www.c-m-p.com\/es\/productos-para-piscina\/productos-led-pool\/brillante-maravillas-led-burbujeador\/prueba\/\">El burbujeador LED Brilliant Wonders de 8 \u00ab<\/a> es una unidad completa y no incluye los accesorios del burbujeador LED ni el burbujeador LED de 4&#8243;. Oferta solo disponible para constructores de piscinas y ubicaciones minoristas v\u00e1lidos. No disponible para distribuidores o consumidores de productos en com\u00fan. Guarde una copia de todos los materiales enviados para sus registros. Todas las solicitudes y documentos presentados pasar\u00e1n a ser propiedad de CMP. Las solicitudes duplicadas no ser\u00e1n aceptadas y pasar\u00e1n a ser propiedad de CMP. El burbujeador LED de 8 \u00abgratis se enviar\u00e1 por correo despu\u00e9s de que se env\u00eden y confirmen todos los materiales. Se debe proporcionar una direcci\u00f3n postal. Se requiere un comprobante de compra v\u00e1lido. Se proh\u00edbe el robo, desv\u00edo, reproducci\u00f3n, venta o compra de este formulario. Esta oferta es buena Solo en los EE. UU. El LED Bubbler debe comprarse a un distribuidor autorizado de CMP. La oferta de Bubbler gratis no se aceptar\u00e1 sin la documentaci\u00f3n requerida. Esto incluye: (a) este formulario de canje completo, (b) una copia cargada o enviada por correo del recibo de venta . No es v\u00e1lido donde se grava, restringe o proh\u00edbe. CMP no es responsable por el correo retrasado, perdido o no enviado a la direcci\u00f3n en este formulario. Todas las consultas de canje deben hacerse dentro de un a\u00f1o de la fecha de compra. CMP se reserva el derecho de cambiar o cancelar esta oferta sin previo aviso. Al solicitar este reembolso, quedar\u00e1 inscrito autom\u00e1ticamente en nuestro programa de comunicaci\u00f3n electr\u00f3nica. Si enviamos alguna comunicaci\u00f3n de marketing por correo electr\u00f3nico, incluir\u00e1 un enlace donde podr\u00e1 optar por no es el programa. <\/h6>\n\n<p>&nbsp;<\/p>\n","protected":false},"excerpt":{"rendered":"<p>Condiciones &#038; amp; Condiciones: Oferta v\u00e1lida para compras realizadas entre el 20 de febrero de 2017 y el 4 de julio de 2017. Las solicitudes de canje deben enviarse dentro de los 60 d\u00edas posteriores a la compra del producto. Las solicitudes de canje por correo deben tener matasellos no posterior al 30 de julio&#8230;  <a href=\"https:\/\/www.c-m-p.com\/es\/compre-4-obtenga-el-quinto-gratis-8-burbujeador-formulario-de-redencion\/\" title=\"Read Compre 4 y obtenga el quinto formulario de canje del burbujeador LED de 8 \u00abgratis\">Read more &raquo;<\/a><\/p>\n","protected":false},"author":4,"featured_media":0,"parent":0,"menu_order":0,"comment_status":"closed","ping_status":"closed","template":"","meta":{"_acf_changed":false,"_oasis_is_in_workflow":0,"_oasis_original":0,"_mi_skip_tracking":false,"_monsterinsights_sitenote_active":false,"_monsterinsights_sitenote_note":"","_monsterinsights_sitenote_category":0,"footnotes":""},"class_list":["post-66578","page","type-page","status-publish","hentry"],"acf":[],"yoast_head":"<!-- This site is optimized with the Yoast SEO plugin v27.2 - https:\/\/yoast.com\/product\/yoast-seo-wordpress\/ -->\n<title>Compre 4 y obtenga el quinto formulario de canje del burbujeador LED de 8 &quot;gratis - CMP<\/title>\n<meta name=\"robots\" content=\"noindex, nofollow\" \/>\n<meta property=\"og:locale\" content=\"es_ES\" \/>\n<meta property=\"og:type\" content=\"article\" \/>\n<meta property=\"og:title\" content=\"Compre 4 y obtenga el quinto formulario de canje del burbujeador LED de 8 &quot;gratis - CMP\" \/>\n<meta property=\"og:description\" content=\"Condiciones &#038; amp; Condiciones: Oferta v\u00e1lida para compras realizadas entre el 20 de febrero de 2017 y el 4 de julio de 2017. Las solicitudes de canje deben enviarse dentro de los 60 d\u00edas posteriores a la compra del producto. Las solicitudes de canje por correo deben tener matasellos no posterior al 30 de julio... Read more &raquo;\" \/>\n<meta property=\"og:url\" content=\"https:\/\/c-m-p.com\/es\/compre-4-obtenga-el-quinto-gratis-8-burbujeador-formulario-de-redencion\/\" \/>\n<meta property=\"og:site_name\" content=\"CMP\" \/>\n<meta property=\"article:modified_time\" content=\"2021-07-29T05:59:30+00:00\" \/>\n<meta name=\"twitter:label1\" content=\"Tiempo de lectura\" \/>\n\t<meta name=\"twitter:data1\" content=\"2 minutos\" \/>\n<script type=\"application\/ld+json\" class=\"yoast-schema-graph\">{\"@context\":\"https:\/\/schema.org\",\"@graph\":[{\"@type\":\"WebPage\",\"@id\":\"https:\/\/c-m-p.com\/es\/compre-4-obtenga-el-quinto-gratis-8-burbujeador-formulario-de-redencion\/\",\"url\":\"https:\/\/c-m-p.com\/es\/compre-4-obtenga-el-quinto-gratis-8-burbujeador-formulario-de-redencion\/\",\"name\":\"Compre 4 y obtenga el quinto formulario de canje del burbujeador LED de 8 \\\"gratis - CMP\",\"isPartOf\":{\"@id\":\"https:\/\/c-m-p.com\/#website\"},\"datePublished\":\"2017-02-17T19:29:29+00:00\",\"dateModified\":\"2021-07-29T05:59:30+00:00\",\"breadcrumb\":{\"@id\":\"https:\/\/c-m-p.com\/es\/compre-4-obtenga-el-quinto-gratis-8-burbujeador-formulario-de-redencion\/#breadcrumb\"},\"inLanguage\":\"es\",\"potentialAction\":[{\"@type\":\"ReadAction\",\"target\":[\"https:\/\/c-m-p.com\/es\/compre-4-obtenga-el-quinto-gratis-8-burbujeador-formulario-de-redencion\/\"]}]},{\"@type\":\"BreadcrumbList\",\"@id\":\"https:\/\/c-m-p.com\/es\/compre-4-obtenga-el-quinto-gratis-8-burbujeador-formulario-de-redencion\/#breadcrumb\",\"itemListElement\":[{\"@type\":\"ListItem\",\"position\":1,\"name\":\"Home\",\"item\":\"https:\/\/c-m-p.com\/es\/\"},{\"@type\":\"ListItem\",\"position\":2,\"name\":\"Compre 4 y obtenga el quinto formulario de canje del burbujeador LED de 8 \u00abgratis\"}]},{\"@type\":\"WebSite\",\"@id\":\"https:\/\/c-m-p.com\/#website\",\"url\":\"https:\/\/c-m-p.com\/\",\"name\":\"CMP\",\"description\":\"Pool Products, Spa and Hot Tub Products\",\"publisher\":{\"@id\":\"https:\/\/c-m-p.com\/#organization\"},\"potentialAction\":[{\"@type\":\"SearchAction\",\"target\":{\"@type\":\"EntryPoint\",\"urlTemplate\":\"https:\/\/c-m-p.com\/?s={search_term_string}\"},\"query-input\":{\"@type\":\"PropertyValueSpecification\",\"valueRequired\":true,\"valueName\":\"search_term_string\"}}],\"inLanguage\":\"es\"},{\"@type\":\"Organization\",\"@id\":\"https:\/\/c-m-p.com\/#organization\",\"name\":\"CMP Pool & Spa Products\",\"url\":\"https:\/\/c-m-p.com\/\",\"logo\":{\"@type\":\"ImageObject\",\"inLanguage\":\"es\",\"@id\":\"https:\/\/c-m-p.com\/#\/schema\/logo\/image\/\",\"url\":\"https:\/\/43ab809dfe.nxcli.io\/wp-content\/uploads\/2013\/10\/2013-CMP-Logo.jpg\",\"contentUrl\":\"https:\/\/43ab809dfe.nxcli.io\/wp-content\/uploads\/2013\/10\/2013-CMP-Logo.jpg\",\"width\":1000,\"height\":247,\"caption\":\"CMP Pool & Spa Products\"},\"image\":{\"@id\":\"https:\/\/c-m-p.com\/#\/schema\/logo\/image\/\"}}]}<\/script>\n<!-- \/ Yoast SEO plugin. -->","yoast_head_json":{"title":"Compre 4 y obtenga el quinto formulario de canje del burbujeador LED de 8 \"gratis - CMP","robots":{"index":"noindex","follow":"nofollow"},"og_locale":"es_ES","og_type":"article","og_title":"Compre 4 y obtenga el quinto formulario de canje del burbujeador LED de 8 \"gratis - CMP","og_description":"Condiciones &#038; amp; Condiciones: Oferta v\u00e1lida para compras realizadas entre el 20 de febrero de 2017 y el 4 de julio de 2017. Las solicitudes de canje deben enviarse dentro de los 60 d\u00edas posteriores a la compra del producto. Las solicitudes de canje por correo deben tener matasellos no posterior al 30 de julio... Read more &raquo;","og_url":"https:\/\/c-m-p.com\/es\/compre-4-obtenga-el-quinto-gratis-8-burbujeador-formulario-de-redencion\/","og_site_name":"CMP","article_modified_time":"2021-07-29T05:59:30+00:00","twitter_misc":{"Tiempo de lectura":"2 minutos"},"schema":{"@context":"https:\/\/schema.org","@graph":[{"@type":"WebPage","@id":"https:\/\/c-m-p.com\/es\/compre-4-obtenga-el-quinto-gratis-8-burbujeador-formulario-de-redencion\/","url":"https:\/\/c-m-p.com\/es\/compre-4-obtenga-el-quinto-gratis-8-burbujeador-formulario-de-redencion\/","name":"Compre 4 y obtenga el quinto formulario de canje del burbujeador LED de 8 \"gratis - CMP","isPartOf":{"@id":"https:\/\/c-m-p.com\/#website"},"datePublished":"2017-02-17T19:29:29+00:00","dateModified":"2021-07-29T05:59:30+00:00","breadcrumb":{"@id":"https:\/\/c-m-p.com\/es\/compre-4-obtenga-el-quinto-gratis-8-burbujeador-formulario-de-redencion\/#breadcrumb"},"inLanguage":"es","potentialAction":[{"@type":"ReadAction","target":["https:\/\/c-m-p.com\/es\/compre-4-obtenga-el-quinto-gratis-8-burbujeador-formulario-de-redencion\/"]}]},{"@type":"BreadcrumbList","@id":"https:\/\/c-m-p.com\/es\/compre-4-obtenga-el-quinto-gratis-8-burbujeador-formulario-de-redencion\/#breadcrumb","itemListElement":[{"@type":"ListItem","position":1,"name":"Home","item":"https:\/\/c-m-p.com\/es\/"},{"@type":"ListItem","position":2,"name":"Compre 4 y obtenga el quinto formulario de canje del burbujeador LED de 8 \u00abgratis"}]},{"@type":"WebSite","@id":"https:\/\/c-m-p.com\/#website","url":"https:\/\/c-m-p.com\/","name":"CMP","description":"Pool Products, Spa and Hot Tub Products","publisher":{"@id":"https:\/\/c-m-p.com\/#organization"},"potentialAction":[{"@type":"SearchAction","target":{"@type":"EntryPoint","urlTemplate":"https:\/\/c-m-p.com\/?s={search_term_string}"},"query-input":{"@type":"PropertyValueSpecification","valueRequired":true,"valueName":"search_term_string"}}],"inLanguage":"es"},{"@type":"Organization","@id":"https:\/\/c-m-p.com\/#organization","name":"CMP Pool & Spa Products","url":"https:\/\/c-m-p.com\/","logo":{"@type":"ImageObject","inLanguage":"es","@id":"https:\/\/c-m-p.com\/#\/schema\/logo\/image\/","url":"https:\/\/43ab809dfe.nxcli.io\/wp-content\/uploads\/2013\/10\/2013-CMP-Logo.jpg","contentUrl":"https:\/\/43ab809dfe.nxcli.io\/wp-content\/uploads\/2013\/10\/2013-CMP-Logo.jpg","width":1000,"height":247,"caption":"CMP Pool & Spa Products"},"image":{"@id":"https:\/\/c-m-p.com\/#\/schema\/logo\/image\/"}}]}},"_links":{"self":[{"href":"https:\/\/www.c-m-p.com\/es\/wp-json\/wp\/v2\/pages\/66578","targetHints":{"allow":["GET"]}}],"collection":[{"href":"https:\/\/www.c-m-p.com\/es\/wp-json\/wp\/v2\/pages"}],"about":[{"href":"https:\/\/www.c-m-p.com\/es\/wp-json\/wp\/v2\/types\/page"}],"author":[{"embeddable":true,"href":"https:\/\/www.c-m-p.com\/es\/wp-json\/wp\/v2\/users\/4"}],"replies":[{"embeddable":true,"href":"https:\/\/www.c-m-p.com\/es\/wp-json\/wp\/v2\/comments?post=66578"}],"version-history":[{"count":0,"href":"https:\/\/www.c-m-p.com\/es\/wp-json\/wp\/v2\/pages\/66578\/revisions"}],"wp:attachment":[{"href":"https:\/\/www.c-m-p.com\/es\/wp-json\/wp\/v2\/media?parent=66578"}],"curies":[{"name":"wp","href":"https:\/\/api.w.org\/{rel}","templated":true}]}}