{"id":67089,"date":"2020-07-26T07:59:11","date_gmt":"2020-07-26T12:59:11","guid":{"rendered":"https:\/\/43ab809dfe.nxcli.io\/support-tech-options1\/"},"modified":"2021-07-28T09:04:59","modified_gmt":"2021-07-28T14:04:59","slug":"opciones-tecnologicas-de-soporte1","status":"publish","type":"page","link":"https:\/\/www.c-m-p.com\/es\/apoyo\/opciones-de-soporte\/support-tech-select\/opciones-tecnologicas-de-soporte1\/","title":{"rendered":"Opciones de soporte t\u00e9cnico 1"},"content":{"rendered":"<p>Portal tecnol\u00f3gico de CMP<br \/>\nGu\u00edas paso a paso<br \/>\n\/es\/tecnico\/<br \/>\n<img decoding=\"async\" width=\"251\" height=\"202\" src=\"https:\/\/www.c-m-p.com\/wp-content\/uploads\/2020\/07\/support-button-portal.png\" class=\"attachment-full size-full\" alt=\"\" loading=\"lazy\" srcset=\"https:\/\/www.c-m-p.com\/wp-content\/uploads\/2020\/07\/support-button-portal.png 251w, https:\/\/www.c-m-p.com\/wp-content\/uploads\/2020\/07\/support-button-portal-235x189.png 235w\" sizes=\"auto, (max-width: 251px) 100vw, 251px\" \/><br \/>\nSolicitar Informaci\u00f3n &#8211; UPDATE IN PROGRESS &#8211; UPDATE IN PROGRESS<br \/>\nSolicite una devoluci\u00f3n de llamada<br \/>\n<img decoding=\"async\" width=\"252\" height=\"202\" src=\"https:\/\/www.c-m-p.com\/wp-content\/uploads\/2020\/08\/support-buttoncall-back.png\" class=\"attachment-full size-full\" alt=\"\" loading=\"lazy\" srcset=\"https:\/\/www.c-m-p.com\/wp-content\/uploads\/2020\/08\/support-buttoncall-back.png 252w, https:\/\/www.c-m-p.com\/wp-content\/uploads\/2020\/08\/support-buttoncall-back-235x188.png 235w\" sizes=\"auto, (max-width: 252px) 100vw, 252px\" \/><br \/>\nDescargas<br \/>\nCHAT EN VIVO<br \/>\nhttps:\/\/home-c28.incontact.com\/incontact\/chatclient\/chatclient.aspx?poc=97123ad5-8c7b-4c6e-8c5a-45038b2d41fd&#038;bu=4597883<br \/>\n<img decoding=\"async\" width=\"251\" height=\"201\" src=\"https:\/\/www.c-m-p.com\/wp-content\/uploads\/2020\/09\/support-button-chat-8-4.png\" class=\"attachment-full size-full\" alt=\"\" loading=\"lazy\" srcset=\"https:\/\/www.c-m-p.com\/wp-content\/uploads\/2020\/09\/support-button-chat-8-4.png 251w, https:\/\/www.c-m-p.com\/wp-content\/uploads\/2020\/09\/support-button-chat-8-4-235x188.png 235w\" sizes=\"auto, (max-width: 251px) 100vw, 251px\" \/><br \/>\nSolicitar Informaci\u00f3n &#8211; UPDATE IN PROGRESS &#8211; UPDATE IN PROGRESS<br \/>\nEnviar un mensaje<br \/>\n<img decoding=\"async\" width=\"251\" height=\"202\" src=\"https:\/\/www.c-m-p.com\/wp-content\/uploads\/2020\/07\/support-button-message.png\" class=\"attachment-full size-full\" alt=\"\" loading=\"lazy\" srcset=\"https:\/\/www.c-m-p.com\/wp-content\/uploads\/2020\/07\/support-button-message.png 251w, https:\/\/www.c-m-p.com\/wp-content\/uploads\/2020\/07\/support-button-message-235x189.png 235w\" sizes=\"auto, (max-width: 251px) 100vw, 251px\" \/><\/p>\n","protected":false},"excerpt":{"rendered":"<p>Portal tecnol\u00f3gico de CMP Gu\u00edas paso a paso \/es\/tecnico\/ Solicitar Informaci\u00f3n &#8211; UPDATE IN PROGRESS &#8211; UPDATE IN PROGRESS Solicite una devoluci\u00f3n de llamada Descargas CHAT EN VIVO https:\/\/home-c28.incontact.com\/incontact\/chatclient\/chatclient.aspx?poc=97123ad5-8c7b-4c6e-8c5a-45038b2d41fd&#038;bu=4597883 Solicitar Informaci\u00f3n &#8211; UPDATE IN PROGRESS &#8211; UPDATE IN PROGRESS Enviar un mensaje<\/p>\n","protected":false},"author":4,"featured_media":0,"parent":67092,"menu_order":0,"comment_status":"closed","ping_status":"closed","template":"rci-flex-template.php","meta":{"_acf_changed":false,"_oasis_is_in_workflow":0,"_oasis_original":0,"_mi_skip_tracking":false,"_monsterinsights_sitenote_active":false,"_monsterinsights_sitenote_note":"","_monsterinsights_sitenote_category":0,"footnotes":""},"class_list":["post-67089","page","type-page","status-publish","hentry"],"acf":[],"yoast_head":"<!-- This site is optimized with the Yoast SEO plugin v27.2 - https:\/\/yoast.com\/product\/yoast-seo-wordpress\/ -->\n<title>Opciones de soporte t\u00e9cnico 1 - CMP<\/title>\n<meta name=\"robots\" content=\"index, follow, max-snippet:-1, max-image-preview:large, max-video-preview:-1\" \/>\n<link rel=\"canonical\" href=\"https:\/\/www.c-m-p.com\/es\/apoyo\/opciones-de-soporte\/support-tech-select\/opciones-tecnologicas-de-soporte1\/\" \/>\n<meta property=\"og:locale\" content=\"es_ES\" \/>\n<meta property=\"og:type\" content=\"article\" \/>\n<meta property=\"og:title\" content=\"Opciones de soporte t\u00e9cnico 1 - CMP\" \/>\n<meta property=\"og:description\" content=\"Portal tecnol\u00f3gico de CMP Gu\u00edas paso a paso \/es\/tecnico\/ Solicitar Informaci\u00f3n &#8211; UPDATE IN PROGRESS &#8211; UPDATE IN PROGRESS Solicite una devoluci\u00f3n de llamada Descargas CHAT EN VIVO https:\/\/home-c28.incontact.com\/incontact\/chatclient\/chatclient.aspx?poc=97123ad5-8c7b-4c6e-8c5a-45038b2d41fd&#038;bu=4597883 Solicitar Informaci\u00f3n &#8211; UPDATE IN PROGRESS &#8211; UPDATE IN PROGRESS Enviar un mensaje\" \/>\n<meta property=\"og:url\" content=\"https:\/\/www.c-m-p.com\/es\/apoyo\/opciones-de-soporte\/support-tech-select\/opciones-tecnologicas-de-soporte1\/\" \/>\n<meta property=\"og:site_name\" content=\"CMP\" \/>\n<meta property=\"article:modified_time\" content=\"2021-07-28T14:04:59+00:00\" \/>\n<meta property=\"og:image\" content=\"https:\/\/c-m-p.com\/wp-content\/uploads\/2020\/07\/support-button-portal.png\" \/>\n<script type=\"application\/ld+json\" class=\"yoast-schema-graph\">{\"@context\":\"https:\/\/schema.org\",\"@graph\":[{\"@type\":\"WebPage\",\"@id\":\"https:\/\/www.c-m-p.com\/es\/apoyo\/opciones-de-soporte\/support-tech-select\/opciones-tecnologicas-de-soporte1\/\",\"url\":\"https:\/\/www.c-m-p.com\/es\/apoyo\/opciones-de-soporte\/support-tech-select\/opciones-tecnologicas-de-soporte1\/\",\"name\":\"Opciones de soporte t\u00e9cnico 1 - CMP\",\"isPartOf\":{\"@id\":\"https:\/\/c-m-p.com\/#website\"},\"primaryImageOfPage\":{\"@id\":\"https:\/\/www.c-m-p.com\/es\/apoyo\/opciones-de-soporte\/support-tech-select\/opciones-tecnologicas-de-soporte1\/#primaryimage\"},\"image\":{\"@id\":\"https:\/\/www.c-m-p.com\/es\/apoyo\/opciones-de-soporte\/support-tech-select\/opciones-tecnologicas-de-soporte1\/#primaryimage\"},\"thumbnailUrl\":\"https:\/\/www.c-m-p.com\/wp-content\/uploads\/2020\/07\/support-button-portal.png\",\"datePublished\":\"2020-07-26T12:59:11+00:00\",\"dateModified\":\"2021-07-28T14:04:59+00:00\",\"breadcrumb\":{\"@id\":\"https:\/\/www.c-m-p.com\/es\/apoyo\/opciones-de-soporte\/support-tech-select\/opciones-tecnologicas-de-soporte1\/#breadcrumb\"},\"inLanguage\":\"es\",\"potentialAction\":[{\"@type\":\"ReadAction\",\"target\":[\"https:\/\/www.c-m-p.com\/es\/apoyo\/opciones-de-soporte\/support-tech-select\/opciones-tecnologicas-de-soporte1\/\"]}]},{\"@type\":\"ImageObject\",\"inLanguage\":\"es\",\"@id\":\"https:\/\/www.c-m-p.com\/es\/apoyo\/opciones-de-soporte\/support-tech-select\/opciones-tecnologicas-de-soporte1\/#primaryimage\",\"url\":\"https:\/\/www.c-m-p.com\/wp-content\/uploads\/2020\/07\/support-button-portal.png\",\"contentUrl\":\"https:\/\/www.c-m-p.com\/wp-content\/uploads\/2020\/07\/support-button-portal.png\"},{\"@type\":\"BreadcrumbList\",\"@id\":\"https:\/\/www.c-m-p.com\/es\/apoyo\/opciones-de-soporte\/support-tech-select\/opciones-tecnologicas-de-soporte1\/#breadcrumb\",\"itemListElement\":[{\"@type\":\"ListItem\",\"position\":1,\"name\":\"Home\",\"item\":\"https:\/\/c-m-p.com\/es\/\"},{\"@type\":\"ListItem\",\"position\":2,\"name\":\"Apoyo\",\"item\":\"https:\/\/www.c-m-p.com\/es\/apoyo\/\"},{\"@type\":\"ListItem\",\"position\":3,\"name\":\"Opciones de soporte\",\"item\":\"https:\/\/www.c-m-p.com\/es\/apoyo\/opciones-de-soporte\/\"},{\"@type\":\"ListItem\",\"position\":4,\"name\":\"Seleccionar t\u00e9cnico de soporte\",\"item\":\"https:\/\/www.c-m-p.com\/es\/apoyo\/opciones-de-soporte\/support-tech-select\/\"},{\"@type\":\"ListItem\",\"position\":5,\"name\":\"Opciones de soporte t\u00e9cnico 1\"}]},{\"@type\":\"WebSite\",\"@id\":\"https:\/\/c-m-p.com\/#website\",\"url\":\"https:\/\/c-m-p.com\/\",\"name\":\"CMP\",\"description\":\"Pool Products, Spa and Hot Tub Products\",\"publisher\":{\"@id\":\"https:\/\/c-m-p.com\/#organization\"},\"potentialAction\":[{\"@type\":\"SearchAction\",\"target\":{\"@type\":\"EntryPoint\",\"urlTemplate\":\"https:\/\/c-m-p.com\/?s={search_term_string}\"},\"query-input\":{\"@type\":\"PropertyValueSpecification\",\"valueRequired\":true,\"valueName\":\"search_term_string\"}}],\"inLanguage\":\"es\"},{\"@type\":\"Organization\",\"@id\":\"https:\/\/c-m-p.com\/#organization\",\"name\":\"CMP Pool & Spa Products\",\"url\":\"https:\/\/c-m-p.com\/\",\"logo\":{\"@type\":\"ImageObject\",\"inLanguage\":\"es\",\"@id\":\"https:\/\/c-m-p.com\/#\/schema\/logo\/image\/\",\"url\":\"https:\/\/43ab809dfe.nxcli.io\/wp-content\/uploads\/2013\/10\/2013-CMP-Logo.jpg\",\"contentUrl\":\"https:\/\/43ab809dfe.nxcli.io\/wp-content\/uploads\/2013\/10\/2013-CMP-Logo.jpg\",\"width\":1000,\"height\":247,\"caption\":\"CMP Pool & Spa Products\"},\"image\":{\"@id\":\"https:\/\/c-m-p.com\/#\/schema\/logo\/image\/\"}}]}<\/script>\n<!-- \/ Yoast SEO plugin. -->","yoast_head_json":{"title":"Opciones de soporte t\u00e9cnico 1 - CMP","robots":{"index":"index","follow":"follow","max-snippet":"max-snippet:-1","max-image-preview":"max-image-preview:large","max-video-preview":"max-video-preview:-1"},"canonical":"https:\/\/www.c-m-p.com\/es\/apoyo\/opciones-de-soporte\/support-tech-select\/opciones-tecnologicas-de-soporte1\/","og_locale":"es_ES","og_type":"article","og_title":"Opciones de soporte t\u00e9cnico 1 - CMP","og_description":"Portal tecnol\u00f3gico de CMP Gu\u00edas paso a paso \/es\/tecnico\/ Solicitar Informaci\u00f3n &#8211; UPDATE IN PROGRESS &#8211; UPDATE IN PROGRESS Solicite una devoluci\u00f3n de llamada Descargas CHAT EN VIVO https:\/\/home-c28.incontact.com\/incontact\/chatclient\/chatclient.aspx?poc=97123ad5-8c7b-4c6e-8c5a-45038b2d41fd&#038;bu=4597883 Solicitar Informaci\u00f3n &#8211; UPDATE IN PROGRESS &#8211; UPDATE IN PROGRESS Enviar un mensaje","og_url":"https:\/\/www.c-m-p.com\/es\/apoyo\/opciones-de-soporte\/support-tech-select\/opciones-tecnologicas-de-soporte1\/","og_site_name":"CMP","article_modified_time":"2021-07-28T14:04:59+00:00","og_image":[{"url":"https:\/\/c-m-p.com\/wp-content\/uploads\/2020\/07\/support-button-portal.png","type":"","width":"","height":""}],"schema":{"@context":"https:\/\/schema.org","@graph":[{"@type":"WebPage","@id":"https:\/\/www.c-m-p.com\/es\/apoyo\/opciones-de-soporte\/support-tech-select\/opciones-tecnologicas-de-soporte1\/","url":"https:\/\/www.c-m-p.com\/es\/apoyo\/opciones-de-soporte\/support-tech-select\/opciones-tecnologicas-de-soporte1\/","name":"Opciones de soporte t\u00e9cnico 1 - CMP","isPartOf":{"@id":"https:\/\/c-m-p.com\/#website"},"primaryImageOfPage":{"@id":"https:\/\/www.c-m-p.com\/es\/apoyo\/opciones-de-soporte\/support-tech-select\/opciones-tecnologicas-de-soporte1\/#primaryimage"},"image":{"@id":"https:\/\/www.c-m-p.com\/es\/apoyo\/opciones-de-soporte\/support-tech-select\/opciones-tecnologicas-de-soporte1\/#primaryimage"},"thumbnailUrl":"https:\/\/www.c-m-p.com\/wp-content\/uploads\/2020\/07\/support-button-portal.png","datePublished":"2020-07-26T12:59:11+00:00","dateModified":"2021-07-28T14:04:59+00:00","breadcrumb":{"@id":"https:\/\/www.c-m-p.com\/es\/apoyo\/opciones-de-soporte\/support-tech-select\/opciones-tecnologicas-de-soporte1\/#breadcrumb"},"inLanguage":"es","potentialAction":[{"@type":"ReadAction","target":["https:\/\/www.c-m-p.com\/es\/apoyo\/opciones-de-soporte\/support-tech-select\/opciones-tecnologicas-de-soporte1\/"]}]},{"@type":"ImageObject","inLanguage":"es","@id":"https:\/\/www.c-m-p.com\/es\/apoyo\/opciones-de-soporte\/support-tech-select\/opciones-tecnologicas-de-soporte1\/#primaryimage","url":"https:\/\/www.c-m-p.com\/wp-content\/uploads\/2020\/07\/support-button-portal.png","contentUrl":"https:\/\/www.c-m-p.com\/wp-content\/uploads\/2020\/07\/support-button-portal.png"},{"@type":"BreadcrumbList","@id":"https:\/\/www.c-m-p.com\/es\/apoyo\/opciones-de-soporte\/support-tech-select\/opciones-tecnologicas-de-soporte1\/#breadcrumb","itemListElement":[{"@type":"ListItem","position":1,"name":"Home","item":"https:\/\/c-m-p.com\/es\/"},{"@type":"ListItem","position":2,"name":"Apoyo","item":"https:\/\/www.c-m-p.com\/es\/apoyo\/"},{"@type":"ListItem","position":3,"name":"Opciones de soporte","item":"https:\/\/www.c-m-p.com\/es\/apoyo\/opciones-de-soporte\/"},{"@type":"ListItem","position":4,"name":"Seleccionar t\u00e9cnico de soporte","item":"https:\/\/www.c-m-p.com\/es\/apoyo\/opciones-de-soporte\/support-tech-select\/"},{"@type":"ListItem","position":5,"name":"Opciones de soporte t\u00e9cnico 1"}]},{"@type":"WebSite","@id":"https:\/\/c-m-p.com\/#website","url":"https:\/\/c-m-p.com\/","name":"CMP","description":"Pool Products, Spa and Hot Tub Products","publisher":{"@id":"https:\/\/c-m-p.com\/#organization"},"potentialAction":[{"@type":"SearchAction","target":{"@type":"EntryPoint","urlTemplate":"https:\/\/c-m-p.com\/?s={search_term_string}"},"query-input":{"@type":"PropertyValueSpecification","valueRequired":true,"valueName":"search_term_string"}}],"inLanguage":"es"},{"@type":"Organization","@id":"https:\/\/c-m-p.com\/#organization","name":"CMP Pool & Spa Products","url":"https:\/\/c-m-p.com\/","logo":{"@type":"ImageObject","inLanguage":"es","@id":"https:\/\/c-m-p.com\/#\/schema\/logo\/image\/","url":"https:\/\/43ab809dfe.nxcli.io\/wp-content\/uploads\/2013\/10\/2013-CMP-Logo.jpg","contentUrl":"https:\/\/43ab809dfe.nxcli.io\/wp-content\/uploads\/2013\/10\/2013-CMP-Logo.jpg","width":1000,"height":247,"caption":"CMP Pool & Spa Products"},"image":{"@id":"https:\/\/c-m-p.com\/#\/schema\/logo\/image\/"}}]}},"_links":{"self":[{"href":"https:\/\/www.c-m-p.com\/es\/wp-json\/wp\/v2\/pages\/67089","targetHints":{"allow":["GET"]}}],"collection":[{"href":"https:\/\/www.c-m-p.com\/es\/wp-json\/wp\/v2\/pages"}],"about":[{"href":"https:\/\/www.c-m-p.com\/es\/wp-json\/wp\/v2\/types\/page"}],"author":[{"embeddable":true,"href":"https:\/\/www.c-m-p.com\/es\/wp-json\/wp\/v2\/users\/4"}],"replies":[{"embeddable":true,"href":"https:\/\/www.c-m-p.com\/es\/wp-json\/wp\/v2\/comments?post=67089"}],"version-history":[{"count":0,"href":"https:\/\/www.c-m-p.com\/es\/wp-json\/wp\/v2\/pages\/67089\/revisions"}],"up":[{"embeddable":true,"href":"https:\/\/www.c-m-p.com\/es\/wp-json\/wp\/v2\/pages\/67092"}],"wp:attachment":[{"href":"https:\/\/www.c-m-p.com\/es\/wp-json\/wp\/v2\/media?parent=67089"}],"curies":[{"name":"wp","href":"https:\/\/api.w.org\/{rel}","templated":true}]}}