{"id":67243,"date":"2018-12-21T17:06:10","date_gmt":"2018-12-21T22:06:10","guid":{"rendered":"https:\/\/43ab809dfe.nxcli.io\/cmp-sgs\/"},"modified":"2021-07-28T07:20:39","modified_gmt":"2021-07-28T12:20:39","slug":"cmp-sgs","status":"publish","type":"page","link":"https:\/\/www.c-m-p.com\/es\/cmp-sgs\/","title":{"rendered":"cmp-sgs"},"content":{"rendered":"<p>DESDE UNIRSE A CMP, \u00bfQU\u00c9 HA CAMBIADO CON LOS PRODUCTOS SGS?<br \/>\n<img loading=\"lazy\" decoding=\"async\" class=\"aligncenter size-full wp-image-40658\" src=\"https:\/\/www.c-m-p.com\/wp-content\/uploads\/2018\/04\/2016-SGS-Logo.png\" alt=\"\" width=\"576\" height=\"360\" srcset=\"https:\/\/www.c-m-p.com\/wp-content\/uploads\/2018\/04\/2016-SGS-Logo.png 576w, https:\/\/www.c-m-p.com\/wp-content\/uploads\/2018\/04\/2016-SGS-Logo-300x188.png 300w, https:\/\/www.c-m-p.com\/wp-content\/uploads\/2018\/04\/2016-SGS-Logo-568x355.png 568w, https:\/\/www.c-m-p.com\/wp-content\/uploads\/2018\/04\/2016-SGS-Logo-235x147.png 235w, https:\/\/www.c-m-p.com\/wp-content\/uploads\/2018\/04\/2016-SGS-Logo-307x192.png 307w\" sizes=\"auto, (max-width: 576px) 100vw, 576px\" \/><\/p>\n<p style=\"text-align: left;\"><i> Desde 2007, Saline Generating Systems ha estado produciendo generadores de cloro innovadores con un concepto de dise\u00f1o funcional completamente nuevo. El \u00e9xito de los generadores comerciales de cloro salino de la empresa condujo al desarrollo de sistemas desinfectantes residenciales de alto rendimiento utilizando la misma plataforma y tecnolog\u00eda probadas. <\/i><\/p>\n<p style=\"text-align: left;\"><i><a href=\"http:\/\/www.prweb.com\/releases\/2018\/03\/prweb15273818.htm\">Haga clic aqu\u00ed para leer el comunicado de prensa original.<\/a><\/i><\/p>\n<p style=\"text-align: left;\"><em> SGS se ha unido a CMP, y nuestra primera tarea fue tomar el dise\u00f1o innovador del sistema y encontrar formas de hacerlo <strong> a\u00fan m\u00e1s <\/strong> duradero e infalible. <\/em><\/p>\n<p>&nbsp;<\/p>\n<h2 style=\"text-align: center;\">CMP ha realizado tres mejoras significativas en el dise\u00f1o del generador de cloro SGS.<\/h2>\n<p>#1: INCREASED DURABILITY<br \/>\n<div class=\"eds-animate edsanimate-sis-hidden \" data-eds-entry-animation=\"slideInLeft\" data-eds-entry-delay=\"0\" data-eds-entry-duration=\"0.5\" data-eds-entry-timing=\"linear\" data-eds-exit-animation=\"\" data-eds-exit-delay=\"\" data-eds-exit-duration=\"\" data-eds-exit-timing=\"\" data-eds-repeat-count=\"1\" data-eds-keep=\"yes\" data-eds-animate-on=\"scroll\" data-eds-scroll-offset=\"75\"><img loading=\"lazy\" decoding=\"async\" class=\"aligncenter size-full wp-image-46690\" src=\"https:\/\/www.c-m-p.com\/wp-content\/uploads\/2018\/12\/Powerclean-Ultra-Cell-Side-View.png\" alt=\"\" width=\"650\" height=\"593\" srcset=\"https:\/\/www.c-m-p.com\/wp-content\/uploads\/2018\/12\/Powerclean-Ultra-Cell-Side-View.png 650w, https:\/\/www.c-m-p.com\/wp-content\/uploads\/2018\/12\/Powerclean-Ultra-Cell-Side-View-300x274.png 300w, https:\/\/www.c-m-p.com\/wp-content\/uploads\/2018\/12\/Powerclean-Ultra-Cell-Side-View-568x518.png 568w, https:\/\/www.c-m-p.com\/wp-content\/uploads\/2018\/12\/Powerclean-Ultra-Cell-Side-View-235x214.png 235w, https:\/\/www.c-m-p.com\/wp-content\/uploads\/2018\/12\/Powerclean-Ultra-Cell-Side-View-307x280.png 307w\" sizes=\"auto, (max-width: 650px) 100vw, 650px\" \/><\/div><\/p>\n<p style=\"text-align: center;\"><div class=\"eds-animate edsanimate-sis-hidden \" data-eds-entry-animation=\"fadeIn\" data-eds-entry-delay=\"0\" data-eds-entry-duration=\"0.5\" data-eds-entry-timing=\"linear\" data-eds-exit-animation=\"\" data-eds-exit-delay=\"\" data-eds-exit-duration=\"\" data-eds-exit-timing=\"\" data-eds-repeat-count=\"1\" data-eds-keep=\"yes\" data-eds-animate-on=\"scroll\" data-eds-scroll-offset=\"75\"><\/p>\n<p style=\"text-align: left;\">La celda generadora de cloro se ha \u00abreforzado\u00bb para crear un cuerpo m\u00e1s fuerte. El dise\u00f1o mejorado es m\u00e1s de un 20% m\u00e1s resistente en las pruebas y resistente a doblarse o agrietarse durante la instalaci\u00f3n.<\/p>\n<p style=\"text-align: left;\">El dise\u00f1o m\u00e1s resistente tambi\u00e9n tiene una nueva pieza de \u00abpuente\u00bb fuerte entre los dos puertos para asegurarlos en su lugar.<\/p>\n<p style=\"text-align: center;\"><\/div><\/p>\n<hr \/>\n<p>&nbsp;<br \/>\n#2: EXPERIENCIA DE USUARIO MEJORADA<\/p>\n<h3 style=\"text-align: center;\">M\u00c1S F\u00c1CIL DE LIMPIAR<\/h3>\n<p><div class=\"eds-animate edsanimate-sis-hidden \" data-eds-entry-animation=\"slideInUp\" data-eds-entry-delay=\"0\" data-eds-entry-duration=\"1\" data-eds-entry-timing=\"linear\" data-eds-exit-animation=\"\" data-eds-exit-delay=\"\" data-eds-exit-duration=\"\" data-eds-exit-timing=\"\" data-eds-repeat-count=\"1\" data-eds-keep=\"yes\" data-eds-animate-on=\"scroll\" data-eds-scroll-offset=\"75\"><img loading=\"lazy\" decoding=\"async\" class=\"aligncenter wp-image-46735 size-full\" src=\"https:\/\/www.c-m-p.com\/wp-content\/uploads\/2018\/12\/Powerclean-Salt-Ultra-closeup.png\" alt=\"\" width=\"650\" height=\"432\" srcset=\"https:\/\/www.c-m-p.com\/wp-content\/uploads\/2018\/12\/Powerclean-Salt-Ultra-closeup.png 650w, https:\/\/www.c-m-p.com\/wp-content\/uploads\/2018\/12\/Powerclean-Salt-Ultra-closeup-300x199.png 300w, https:\/\/www.c-m-p.com\/wp-content\/uploads\/2018\/12\/Powerclean-Salt-Ultra-closeup-568x378.png 568w, https:\/\/www.c-m-p.com\/wp-content\/uploads\/2018\/12\/Powerclean-Salt-Ultra-closeup-235x156.png 235w, https:\/\/www.c-m-p.com\/wp-content\/uploads\/2018\/12\/Powerclean-Salt-Ultra-closeup-307x204.png 307w\" sizes=\"auto, (max-width: 650px) 100vw, 650px\" \/><\/div><\/p>\n<p style=\"text-align: center;\"><div class=\"eds-animate edsanimate-sis-hidden \" data-eds-entry-animation=\"fadeIn\" data-eds-entry-delay=\"0\" data-eds-entry-duration=\"0.5\" data-eds-entry-timing=\"linear\" data-eds-exit-animation=\"\" data-eds-exit-delay=\"\" data-eds-exit-duration=\"\" data-eds-exit-timing=\"\" data-eds-repeat-count=\"1\" data-eds-keep=\"yes\" data-eds-animate-on=\"scroll\" data-eds-scroll-offset=\"75\"><\/p>\n<p style=\"text-align: center;\">Se han agregado nuevas asas a la tapa, lo que facilita su giro y extracci\u00f3n para una limpieza r\u00e1pida y sencilla.<\/p>\n<\/div>\n<p>&nbsp;<\/p>\n<div class=\"eds-animate edsanimate-sis-hidden \" data-eds-entry-animation=\"fadeIn\" data-eds-entry-delay=\"0\" data-eds-entry-duration=\"1\" data-eds-entry-timing=\"linear\" data-eds-exit-animation=\"\" data-eds-exit-delay=\"\" data-eds-exit-duration=\"\" data-eds-exit-timing=\"\" data-eds-repeat-count=\"1\" data-eds-keep=\"yes\" data-eds-animate-on=\"scroll\" data-eds-scroll-offset=\"75\">\n<p style=\"text-align: left;\">The cleaning tool has also been improved, now made out of durable, molded plastic (instead of wood). This tool will last longer in the elements.<\/p>\n<\/div>\n<p>&nbsp;<\/p>\n<h3 style=\"text-align: center;\">EASIER TO OPERATE<\/h3>\n<p><div class=\"eds-animate edsanimate-sis-hidden \" data-eds-entry-animation=\"slideInRight\" data-eds-entry-delay=\"0\" data-eds-entry-duration=\"0.5\" data-eds-entry-timing=\"linear\" data-eds-exit-animation=\"\" data-eds-exit-delay=\"\" data-eds-exit-duration=\"\" data-eds-exit-timing=\"\" data-eds-repeat-count=\"1\" data-eds-keep=\"yes\" data-eds-animate-on=\"scroll\" data-eds-scroll-offset=\"75\"><img loading=\"lazy\" decoding=\"async\" class=\"aligncenter size-full wp-image-46685\" src=\"https:\/\/www.c-m-p.com\/wp-content\/uploads\/2018\/12\/Powerclean-Salt-Decal.png\" alt=\"\" width=\"600\" height=\"454\" srcset=\"https:\/\/www.c-m-p.com\/wp-content\/uploads\/2018\/12\/Powerclean-Salt-Decal.png 600w, https:\/\/www.c-m-p.com\/wp-content\/uploads\/2018\/12\/Powerclean-Salt-Decal-300x227.png 300w, https:\/\/www.c-m-p.com\/wp-content\/uploads\/2018\/12\/Powerclean-Salt-Decal-568x430.png 568w, https:\/\/www.c-m-p.com\/wp-content\/uploads\/2018\/12\/Powerclean-Salt-Decal-235x178.png 235w, https:\/\/www.c-m-p.com\/wp-content\/uploads\/2018\/12\/Powerclean-Salt-Decal-307x232.png 307w\" sizes=\"auto, (max-width: 600px) 100vw, 600px\" \/><\/div><\/p>\n<p style=\"text-align: center;\"><div class=\"eds-animate edsanimate-sis-hidden \" data-eds-entry-animation=\"fadeIn\" data-eds-entry-delay=\"0\" data-eds-entry-duration=\"0.5\" data-eds-entry-timing=\"linear\" data-eds-exit-animation=\"\" data-eds-exit-delay=\"\" data-eds-exit-duration=\"\" data-eds-exit-timing=\"\" data-eds-repeat-count=\"1\" data-eds-keep=\"yes\" data-eds-animate-on=\"scroll\" data-eds-scroll-offset=\"75\"><\/p>\n<p style=\"text-align: left;\">The control center has also been redesigned. Now it is easier to understand, simplified and has a QR code for quick access to support.<\/p>\n<p style=\"text-align: center;\"><\/div><\/p>\n<hr \/>\n<p>&nbsp;<br \/>\n#3: MEJORAS EXTRA DE ULTRA (ANTES BREEZE)<\/p>\n<p style=\"text-align: center;\"><div class=\"eds-animate edsanimate-sis-hidden \" data-eds-entry-animation=\"fadeIn\" data-eds-entry-delay=\"0\" data-eds-entry-duration=\"0.5\" data-eds-entry-timing=\"linear\" data-eds-exit-animation=\"\" data-eds-exit-delay=\"\" data-eds-exit-duration=\"\" data-eds-exit-timing=\"\" data-eds-repeat-count=\"1\" data-eds-keep=\"yes\" data-eds-animate-on=\"scroll\" data-eds-scroll-offset=\"75\">El \u00abBreeze\u00bb fue la unidad principal disponible de SGS. Ahora se llama \u00abUltra\u00bb y hay a\u00fan m\u00e1s que hacen que esta unidad sea especial.<\/div><\/p>\n<p>&nbsp;<\/p>\n<h2 style=\"text-align: center;\"><div class=\"eds-animate edsanimate-sis-hidden \" data-eds-entry-animation=\"fadeIn\" data-eds-entry-delay=\"0\" data-eds-entry-duration=\"0.5\" data-eds-entry-timing=\"linear\" data-eds-exit-animation=\"\" data-eds-exit-delay=\"\" data-eds-exit-duration=\"\" data-eds-exit-timing=\"\" data-eds-repeat-count=\"1\" data-eds-keep=\"yes\" data-eds-animate-on=\"scroll\" data-eds-scroll-offset=\"75\"><\/h2>\n<h2 style=\"text-align: center;\">NUEVOS SINDICATOS DE FONTANER\u00cdA<\/h2>\n<p style=\"text-align: center;\">Los sindicatos ahora est\u00e1n integrados en el cuerpo redise\u00f1ado. Esto hace que la unidad sea m\u00e1s f\u00e1cil de instalar y quitar seg\u00fan sea necesario.<\/p>\n<img loading=\"lazy\" decoding=\"async\" class=\"aligncenter size-full wp-image-46729\" src=\"https:\/\/www.c-m-p.com\/wp-content\/uploads\/2018\/12\/Powerclean-Ultra-Cell-union-View.png\" alt=\"\" width=\"700\" height=\"283\" srcset=\"https:\/\/www.c-m-p.com\/wp-content\/uploads\/2018\/12\/Powerclean-Ultra-Cell-union-View.png 700w, https:\/\/www.c-m-p.com\/wp-content\/uploads\/2018\/12\/Powerclean-Ultra-Cell-union-View-300x121.png 300w, https:\/\/www.c-m-p.com\/wp-content\/uploads\/2018\/12\/Powerclean-Ultra-Cell-union-View-568x230.png 568w, https:\/\/www.c-m-p.com\/wp-content\/uploads\/2018\/12\/Powerclean-Ultra-Cell-union-View-235x95.png 235w, https:\/\/www.c-m-p.com\/wp-content\/uploads\/2018\/12\/Powerclean-Ultra-Cell-union-View-307x124.png 307w\" sizes=\"auto, (max-width: 700px) 100vw, 700px\" \/>\n<h2 style=\"text-align: center;\"><\/div><\/h2>\n<p>&nbsp;<\/p>\n<h2 style=\"text-align: center;\"><div class=\"eds-animate edsanimate-sis-hidden \" data-eds-entry-animation=\"fadeIn\" data-eds-entry-delay=\"0\" data-eds-entry-duration=\"0.5\" data-eds-entry-timing=\"linear\" data-eds-exit-animation=\"\" data-eds-exit-delay=\"\" data-eds-exit-duration=\"\" data-eds-exit-timing=\"\" data-eds-repeat-count=\"1\" data-eds-keep=\"yes\" data-eds-animate-on=\"scroll\" data-eds-scroll-offset=\"75\"><\/h2>\n<h2 style=\"text-align: center;\">VIDA EXTENDIDA<\/h2>\n<p style=\"text-align: left;\">Ahora puede solicitar la celda con 15.000 placas de celda de vida \u00fatil prolongada mejoradas. Estas opciones tambi\u00e9n vienen con una garant\u00eda m\u00e1s larga: hasta 4 a\u00f1os de cobertura del 100%. La celda de opci\u00f3n est\u00e1ndar es de 10,000 horas con una garant\u00eda de 3 a\u00f1os.<\/p>\n<img loading=\"lazy\" decoding=\"async\" class=\"aligncenter size-full wp-image-46725\" src=\"https:\/\/www.c-m-p.com\/wp-content\/uploads\/2018\/12\/extended-warranty-powerclean-graphic.png\" alt=\"\" width=\"800\" height=\"534\" srcset=\"https:\/\/www.c-m-p.com\/wp-content\/uploads\/2018\/12\/extended-warranty-powerclean-graphic.png 800w, https:\/\/www.c-m-p.com\/wp-content\/uploads\/2018\/12\/extended-warranty-powerclean-graphic-300x200.png 300w, https:\/\/www.c-m-p.com\/wp-content\/uploads\/2018\/12\/extended-warranty-powerclean-graphic-768x513.png 768w, https:\/\/www.c-m-p.com\/wp-content\/uploads\/2018\/12\/extended-warranty-powerclean-graphic-568x379.png 568w, https:\/\/www.c-m-p.com\/wp-content\/uploads\/2018\/12\/extended-warranty-powerclean-graphic-235x157.png 235w, https:\/\/www.c-m-p.com\/wp-content\/uploads\/2018\/12\/extended-warranty-powerclean-graphic-307x205.png 307w\" sizes=\"auto, (max-width: 800px) 100vw, 800px\" \/>\n<h2 style=\"text-align: center;\"><\/div><\/h2>\n<p>&nbsp;<\/p>\n<p>&nbsp;<br \/>\nBONIFICACI\u00d3N: NUEVOS DISE\u00d1OS Y MARCAS<\/p>\n<h2 style=\"text-align: center;\">NUEVOS NOMBRES DE PRODUCTOS<\/h2>\n<p style=\"text-align: center;\"><div class=\"eds-animate edsanimate-sis-hidden \" data-eds-entry-animation=\"fadeIn\" data-eds-entry-delay=\"0\" data-eds-entry-duration=\"0.5\" data-eds-entry-timing=\"linear\" data-eds-exit-animation=\"\" data-eds-exit-delay=\"\" data-eds-exit-duration=\"\" data-eds-exit-timing=\"\" data-eds-repeat-count=\"1\" data-eds-keep=\"yes\" data-eds-animate-on=\"scroll\" data-eds-scroll-offset=\"75\"><\/p>\n<p style=\"text-align: left;\">Para celebrar que SGS forme parte de la familia CMP, le dimos una nueva cara. Como parte de nuestro grupo de productos desinfectantes con cloro, los productos SGS ahora se conocen como <strong> Sal Powerclean. <\/strong> Los dos modelos SGS ahora tienen nuevos nombres como parte de Powerclean Salt.<\/p>\n<p><div class=\"eds-animate edsanimate-sis-hidden \" data-eds-entry-animation=\"fadeIn\" data-eds-entry-delay=\"0\" data-eds-entry-duration=\"0.5\" data-eds-entry-timing=\"linear\" data-eds-exit-animation=\"\" data-eds-exit-delay=\"\" data-eds-exit-duration=\"\" data-eds-exit-timing=\"\" data-eds-repeat-count=\"1\" data-eds-keep=\"yes\" data-eds-animate-on=\"scroll\" data-eds-scroll-offset=\"75\"><img loading=\"lazy\" decoding=\"async\" class=\"aligncenter size-full wp-image-46719\" src=\"https:\/\/www.c-m-p.com\/wp-content\/uploads\/2018\/12\/Powerclean-Salt-Ultra.png\" alt=\"\" width=\"707\" height=\"193\" srcset=\"https:\/\/www.c-m-p.com\/wp-content\/uploads\/2018\/12\/Powerclean-Salt-Ultra.png 707w, https:\/\/www.c-m-p.com\/wp-content\/uploads\/2018\/12\/Powerclean-Salt-Ultra-300x82.png 300w, https:\/\/www.c-m-p.com\/wp-content\/uploads\/2018\/12\/Powerclean-Salt-Ultra-568x155.png 568w, https:\/\/www.c-m-p.com\/wp-content\/uploads\/2018\/12\/Powerclean-Salt-Ultra-235x64.png 235w, https:\/\/www.c-m-p.com\/wp-content\/uploads\/2018\/12\/Powerclean-Salt-Ultra-307x84.png 307w\" sizes=\"auto, (max-width: 707px) 100vw, 707px\" \/><\/div><\/p>\n<p style=\"text-align: center;\"><strong>SGS Breeze = Powerclean Salt Ultra.<\/strong><\/p>\n<p style=\"text-align: center;\"><strong>Esto es lo mejor que tenemos para ofrecer con la mayor cantidad de opciones. Un sistema de grado comercial para piscinas de jard\u00edn.<\/strong><\/p>\n<p>&nbsp;<\/p>\n<p><div class=\"eds-animate edsanimate-sis-hidden \" data-eds-entry-animation=\"fadeIn\" data-eds-entry-delay=\"0\" data-eds-entry-duration=\"0.5\" data-eds-entry-timing=\"linear\" data-eds-exit-animation=\"\" data-eds-exit-delay=\"\" data-eds-exit-duration=\"\" data-eds-exit-timing=\"\" data-eds-repeat-count=\"1\" data-eds-keep=\"yes\" data-eds-animate-on=\"scroll\" data-eds-scroll-offset=\"75\"><img loading=\"lazy\" decoding=\"async\" class=\"aligncenter size-full wp-image-46715\" src=\"https:\/\/www.c-m-p.com\/wp-content\/uploads\/2018\/12\/Powerclean-Salt-Econ.png\" alt=\"\" width=\"707\" height=\"193\" srcset=\"https:\/\/www.c-m-p.com\/wp-content\/uploads\/2018\/12\/Powerclean-Salt-Econ.png 707w, https:\/\/www.c-m-p.com\/wp-content\/uploads\/2018\/12\/Powerclean-Salt-Econ-300x82.png 300w, https:\/\/www.c-m-p.com\/wp-content\/uploads\/2018\/12\/Powerclean-Salt-Econ-568x155.png 568w, https:\/\/www.c-m-p.com\/wp-content\/uploads\/2018\/12\/Powerclean-Salt-Econ-235x64.png 235w, https:\/\/www.c-m-p.com\/wp-content\/uploads\/2018\/12\/Powerclean-Salt-Econ-307x84.png 307w\" sizes=\"auto, (max-width: 707px) 100vw, 707px\" \/><\/div><\/p>\n<p style=\"text-align: center;\"><strong>SGS Wave = Powerclean Salt Econ. <\/strong><\/p>\n<p style=\"text-align: center;\"><strong>Este es nuestro sistema que ofrece el innovador dise\u00f1o de celda de generador con sistemas para piscinas de hasta 40,000 galones<\/strong><\/p>\n<p style=\"text-align: center;\"><\/div><\/p>\n<p>&nbsp;<\/p>\n<h2 style=\"text-align: center;\">NUEVOS DISE\u00d1OS DE PRODUCTOS<\/h2>\n<p style=\"text-align: center;\"><div class=\"eds-animate edsanimate-sis-hidden \" data-eds-entry-animation=\"fadeIn\" data-eds-entry-delay=\"0\" data-eds-entry-duration=\"0.5\" data-eds-entry-timing=\"linear\" data-eds-exit-animation=\"\" data-eds-exit-delay=\"\" data-eds-exit-duration=\"\" data-eds-exit-timing=\"\" data-eds-repeat-count=\"1\" data-eds-keep=\"yes\" data-eds-animate-on=\"scroll\" data-eds-scroll-offset=\"75\"><\/p>\n<p style=\"text-align: center;\">Cada producto recibi\u00f3 una \u00abnueva capa de pintura\u00bb con nuevos colores, nuevas etiquetas y actualizaciones del dise\u00f1o de la celda de sal.<\/p>\n<p style=\"text-align: center;\">Tambi\u00e9n agregamos pr\u00e1cticos c\u00f3digos QR para un acceso r\u00e1pido a la asistencia y los videos de \u00abinstrucciones\u00bb sobre el producto.<\/p>\n<img loading=\"lazy\" decoding=\"async\" class=\"aligncenter size-full wp-image-44613\" src=\"https:\/\/www.c-m-p.com\/wp-content\/uploads\/2018\/11\/Powerclean-Salt-tinted-cover-723x672_Hotspot_Teal-outline.png\" alt=\"\" width=\"600\" height=\"586\" \/>\n<p style=\"text-align: center;\"><\/div><\/p>\n<p>TE ENCANTAR\u00c1 LA NUEVA SAL POWERCLEAN<br \/>\nEstamos muy emocionados de compartir este producto mejorado con usted y sus clientes.<\/p>\n","protected":false},"excerpt":{"rendered":"<p>DESDE UNIRSE A CMP, \u00bfQU\u00c9 HA CAMBIADO CON LOS PRODUCTOS SGS? Desde 2007, Saline Generating Systems ha estado produciendo generadores de cloro innovadores con un concepto de dise\u00f1o funcional completamente nuevo. El \u00e9xito de los generadores comerciales de cloro salino de la empresa condujo al desarrollo de sistemas desinfectantes residenciales de alto rendimiento utilizando la&#8230;  <a href=\"https:\/\/www.c-m-p.com\/es\/cmp-sgs\/\" title=\"Read cmp-sgs\">Read more &raquo;<\/a><\/p>\n","protected":false},"author":4,"featured_media":0,"parent":0,"menu_order":0,"comment_status":"closed","ping_status":"closed","template":"rci-flex-template.php","meta":{"_acf_changed":false,"_oasis_is_in_workflow":0,"_oasis_original":0,"_mi_skip_tracking":false,"_monsterinsights_sitenote_active":false,"_monsterinsights_sitenote_note":"","_monsterinsights_sitenote_category":0,"footnotes":""},"class_list":["post-67243","page","type-page","status-publish","hentry"],"acf":[],"yoast_head":"<!-- This site is optimized with the Yoast SEO plugin v27.2 - https:\/\/yoast.com\/product\/yoast-seo-wordpress\/ -->\n<title>cmp-sgs - CMP<\/title>\n<meta name=\"robots\" content=\"index, follow, max-snippet:-1, max-image-preview:large, max-video-preview:-1\" \/>\n<link rel=\"canonical\" href=\"https:\/\/c-m-p.com\/es\/cmp-sgs\/\" \/>\n<meta property=\"og:locale\" content=\"es_ES\" \/>\n<meta property=\"og:type\" content=\"article\" \/>\n<meta property=\"og:title\" content=\"cmp-sgs - CMP\" \/>\n<meta property=\"og:description\" content=\"DESDE UNIRSE A CMP, \u00bfQU\u00c9 HA CAMBIADO CON LOS PRODUCTOS SGS? Desde 2007, Saline Generating Systems ha estado produciendo generadores de cloro innovadores con un concepto de dise\u00f1o funcional completamente nuevo. El \u00e9xito de los generadores comerciales de cloro salino de la empresa condujo al desarrollo de sistemas desinfectantes residenciales de alto rendimiento utilizando la... Read more &raquo;\" \/>\n<meta property=\"og:url\" content=\"https:\/\/c-m-p.com\/es\/cmp-sgs\/\" \/>\n<meta property=\"og:site_name\" content=\"CMP\" \/>\n<meta property=\"article:modified_time\" content=\"2021-07-28T12:20:39+00:00\" \/>\n<meta property=\"og:image\" content=\"https:\/\/c-m-p.com\/wp-content\/uploads\/2018\/04\/2016-SGS-Logo.png\" \/>\n<meta name=\"twitter:label1\" content=\"Tiempo de lectura\" \/>\n\t<meta name=\"twitter:data1\" content=\"5 minutos\" \/>\n<script type=\"application\/ld+json\" class=\"yoast-schema-graph\">{\"@context\":\"https:\/\/schema.org\",\"@graph\":[{\"@type\":\"WebPage\",\"@id\":\"https:\/\/c-m-p.com\/es\/cmp-sgs\/\",\"url\":\"https:\/\/c-m-p.com\/es\/cmp-sgs\/\",\"name\":\"cmp-sgs - CMP\",\"isPartOf\":{\"@id\":\"https:\/\/c-m-p.com\/#website\"},\"primaryImageOfPage\":{\"@id\":\"https:\/\/c-m-p.com\/es\/cmp-sgs\/#primaryimage\"},\"image\":{\"@id\":\"https:\/\/c-m-p.com\/es\/cmp-sgs\/#primaryimage\"},\"thumbnailUrl\":\"https:\/\/www.c-m-p.com\/wp-content\/uploads\/2018\/04\/2016-SGS-Logo.png\",\"datePublished\":\"2018-12-21T22:06:10+00:00\",\"dateModified\":\"2021-07-28T12:20:39+00:00\",\"breadcrumb\":{\"@id\":\"https:\/\/c-m-p.com\/es\/cmp-sgs\/#breadcrumb\"},\"inLanguage\":\"es\",\"potentialAction\":[{\"@type\":\"ReadAction\",\"target\":[\"https:\/\/c-m-p.com\/es\/cmp-sgs\/\"]}]},{\"@type\":\"ImageObject\",\"inLanguage\":\"es\",\"@id\":\"https:\/\/c-m-p.com\/es\/cmp-sgs\/#primaryimage\",\"url\":\"https:\/\/www.c-m-p.com\/wp-content\/uploads\/2018\/04\/2016-SGS-Logo.png\",\"contentUrl\":\"https:\/\/www.c-m-p.com\/wp-content\/uploads\/2018\/04\/2016-SGS-Logo.png\"},{\"@type\":\"BreadcrumbList\",\"@id\":\"https:\/\/c-m-p.com\/es\/cmp-sgs\/#breadcrumb\",\"itemListElement\":[{\"@type\":\"ListItem\",\"position\":1,\"name\":\"Home\",\"item\":\"https:\/\/c-m-p.com\/es\/\"},{\"@type\":\"ListItem\",\"position\":2,\"name\":\"cmp-sgs\"}]},{\"@type\":\"WebSite\",\"@id\":\"https:\/\/c-m-p.com\/#website\",\"url\":\"https:\/\/c-m-p.com\/\",\"name\":\"CMP\",\"description\":\"Pool Products, Spa and Hot Tub Products\",\"publisher\":{\"@id\":\"https:\/\/c-m-p.com\/#organization\"},\"potentialAction\":[{\"@type\":\"SearchAction\",\"target\":{\"@type\":\"EntryPoint\",\"urlTemplate\":\"https:\/\/c-m-p.com\/?s={search_term_string}\"},\"query-input\":{\"@type\":\"PropertyValueSpecification\",\"valueRequired\":true,\"valueName\":\"search_term_string\"}}],\"inLanguage\":\"es\"},{\"@type\":\"Organization\",\"@id\":\"https:\/\/c-m-p.com\/#organization\",\"name\":\"CMP Pool & Spa Products\",\"url\":\"https:\/\/c-m-p.com\/\",\"logo\":{\"@type\":\"ImageObject\",\"inLanguage\":\"es\",\"@id\":\"https:\/\/c-m-p.com\/#\/schema\/logo\/image\/\",\"url\":\"https:\/\/43ab809dfe.nxcli.io\/wp-content\/uploads\/2013\/10\/2013-CMP-Logo.jpg\",\"contentUrl\":\"https:\/\/43ab809dfe.nxcli.io\/wp-content\/uploads\/2013\/10\/2013-CMP-Logo.jpg\",\"width\":1000,\"height\":247,\"caption\":\"CMP Pool & Spa Products\"},\"image\":{\"@id\":\"https:\/\/c-m-p.com\/#\/schema\/logo\/image\/\"}}]}<\/script>\n<!-- \/ Yoast SEO plugin. -->","yoast_head_json":{"title":"cmp-sgs - CMP","robots":{"index":"index","follow":"follow","max-snippet":"max-snippet:-1","max-image-preview":"max-image-preview:large","max-video-preview":"max-video-preview:-1"},"canonical":"https:\/\/c-m-p.com\/es\/cmp-sgs\/","og_locale":"es_ES","og_type":"article","og_title":"cmp-sgs - CMP","og_description":"DESDE UNIRSE A CMP, \u00bfQU\u00c9 HA CAMBIADO CON LOS PRODUCTOS SGS? Desde 2007, Saline Generating Systems ha estado produciendo generadores de cloro innovadores con un concepto de dise\u00f1o funcional completamente nuevo. El \u00e9xito de los generadores comerciales de cloro salino de la empresa condujo al desarrollo de sistemas desinfectantes residenciales de alto rendimiento utilizando la... Read more &raquo;","og_url":"https:\/\/c-m-p.com\/es\/cmp-sgs\/","og_site_name":"CMP","article_modified_time":"2021-07-28T12:20:39+00:00","og_image":[{"url":"https:\/\/c-m-p.com\/wp-content\/uploads\/2018\/04\/2016-SGS-Logo.png","type":"","width":"","height":""}],"twitter_misc":{"Tiempo de lectura":"5 minutos"},"schema":{"@context":"https:\/\/schema.org","@graph":[{"@type":"WebPage","@id":"https:\/\/c-m-p.com\/es\/cmp-sgs\/","url":"https:\/\/c-m-p.com\/es\/cmp-sgs\/","name":"cmp-sgs - CMP","isPartOf":{"@id":"https:\/\/c-m-p.com\/#website"},"primaryImageOfPage":{"@id":"https:\/\/c-m-p.com\/es\/cmp-sgs\/#primaryimage"},"image":{"@id":"https:\/\/c-m-p.com\/es\/cmp-sgs\/#primaryimage"},"thumbnailUrl":"https:\/\/www.c-m-p.com\/wp-content\/uploads\/2018\/04\/2016-SGS-Logo.png","datePublished":"2018-12-21T22:06:10+00:00","dateModified":"2021-07-28T12:20:39+00:00","breadcrumb":{"@id":"https:\/\/c-m-p.com\/es\/cmp-sgs\/#breadcrumb"},"inLanguage":"es","potentialAction":[{"@type":"ReadAction","target":["https:\/\/c-m-p.com\/es\/cmp-sgs\/"]}]},{"@type":"ImageObject","inLanguage":"es","@id":"https:\/\/c-m-p.com\/es\/cmp-sgs\/#primaryimage","url":"https:\/\/www.c-m-p.com\/wp-content\/uploads\/2018\/04\/2016-SGS-Logo.png","contentUrl":"https:\/\/www.c-m-p.com\/wp-content\/uploads\/2018\/04\/2016-SGS-Logo.png"},{"@type":"BreadcrumbList","@id":"https:\/\/c-m-p.com\/es\/cmp-sgs\/#breadcrumb","itemListElement":[{"@type":"ListItem","position":1,"name":"Home","item":"https:\/\/c-m-p.com\/es\/"},{"@type":"ListItem","position":2,"name":"cmp-sgs"}]},{"@type":"WebSite","@id":"https:\/\/c-m-p.com\/#website","url":"https:\/\/c-m-p.com\/","name":"CMP","description":"Pool Products, Spa and Hot Tub Products","publisher":{"@id":"https:\/\/c-m-p.com\/#organization"},"potentialAction":[{"@type":"SearchAction","target":{"@type":"EntryPoint","urlTemplate":"https:\/\/c-m-p.com\/?s={search_term_string}"},"query-input":{"@type":"PropertyValueSpecification","valueRequired":true,"valueName":"search_term_string"}}],"inLanguage":"es"},{"@type":"Organization","@id":"https:\/\/c-m-p.com\/#organization","name":"CMP Pool & Spa Products","url":"https:\/\/c-m-p.com\/","logo":{"@type":"ImageObject","inLanguage":"es","@id":"https:\/\/c-m-p.com\/#\/schema\/logo\/image\/","url":"https:\/\/43ab809dfe.nxcli.io\/wp-content\/uploads\/2013\/10\/2013-CMP-Logo.jpg","contentUrl":"https:\/\/43ab809dfe.nxcli.io\/wp-content\/uploads\/2013\/10\/2013-CMP-Logo.jpg","width":1000,"height":247,"caption":"CMP Pool & Spa Products"},"image":{"@id":"https:\/\/c-m-p.com\/#\/schema\/logo\/image\/"}}]}},"_links":{"self":[{"href":"https:\/\/www.c-m-p.com\/es\/wp-json\/wp\/v2\/pages\/67243","targetHints":{"allow":["GET"]}}],"collection":[{"href":"https:\/\/www.c-m-p.com\/es\/wp-json\/wp\/v2\/pages"}],"about":[{"href":"https:\/\/www.c-m-p.com\/es\/wp-json\/wp\/v2\/types\/page"}],"author":[{"embeddable":true,"href":"https:\/\/www.c-m-p.com\/es\/wp-json\/wp\/v2\/users\/4"}],"replies":[{"embeddable":true,"href":"https:\/\/www.c-m-p.com\/es\/wp-json\/wp\/v2\/comments?post=67243"}],"version-history":[{"count":0,"href":"https:\/\/www.c-m-p.com\/es\/wp-json\/wp\/v2\/pages\/67243\/revisions"}],"wp:attachment":[{"href":"https:\/\/www.c-m-p.com\/es\/wp-json\/wp\/v2\/media?parent=67243"}],"curies":[{"name":"wp","href":"https:\/\/api.w.org\/{rel}","templated":true}]}}