{"id":68161,"date":"2017-03-23T09:42:44","date_gmt":"2017-03-23T14:42:44","guid":{"rendered":"https:\/\/43ab809dfe.nxcli.io\/fuego\/fogo-redeem-form\/"},"modified":"2021-07-28T05:39:34","modified_gmt":"2021-07-28T10:39:34","slug":"fogo-canjear-formulario","status":"publish","type":"page","link":"https:\/\/www.c-m-p.com\/es\/fuego\/fogo-canjear-formulario\/","title":{"rendered":"Formulario de canje"},"content":{"rendered":"<h4 style=\"line-height: 1.5em;\"><a href=\"#tc\">Terms &amp; Conditions<\/a><\/h4>\n\n<p>&nbsp;<\/p>\n<h2><a name=\"tc\"><\/a>T\u00e9rminos de la promoci\u00f3n &#038; amp; Condiciones<\/h2>\n<p>T\u00e9rminos &#038; amp; Condiciones: Oferta v\u00e1lida para compras realizadas entre el 1 de abril de 2017 y el 31 de julio de 2017. Las solicitudes de canje deben enviarse dentro de los 60 d\u00edas posteriores a la compra del producto. Se deben comprar cuatro art\u00edculos calificados de la misma categor\u00eda de producto. El art\u00edculo gratis debe tener un valor igual o menor. Las solicitudes de canje por correo deben tener matasellos a m\u00e1s tardar el 30 de julio de 2017. Esta oferta es v\u00e1lida solo en <a href=\"https:\/\/www.c-m-p.com\/es\/fuego\/productos-calificativos\/\"> productos que califiquen. <\/a> Oferta solo disponible para profesionales de piscinas, constructores y tiendas minoristas v\u00e1lidos. No disponible para distribuidores o consumidores de productos en com\u00fan. Guarde una copia de todos los materiales enviados para sus registros. Todas las solicitudes y documentos presentados pasar\u00e1n a ser propiedad de CMP. Las solicitudes duplicadas no ser\u00e1n aceptadas y pasar\u00e1n a ser propiedad de CMP. El producto gratuito se enviar\u00e1 por correo despu\u00e9s de que se env\u00eden y confirmen todos los materiales. Se debe proporcionar una direcci\u00f3n postal. Se requiere un comprobante de compra v\u00e1lido. Se proh\u00edbe el robo, desv\u00edo, reproducci\u00f3n, venta o compra de este formulario. Esta oferta es v\u00e1lida solo en EE. UU. Debe comprarse a un distribuidor autorizado de CMP. La oferta de producto gratuito no se aceptar\u00e1 sin la documentaci\u00f3n requerida. Esto incluye: (a) este formulario de canje completo, (b) una copia cargada o enviada por correo del recibo de compra. No es v\u00e1lido donde est\u00e9 sujeto a impuestos, restringido o prohibido. CMP no se hace responsable por el correo que llegue tarde, se pierda o no se env\u00ede a la direcci\u00f3n que figura en este formulario. Todas las consultas sobre canjes deben realizarse dentro de un a\u00f1o a partir de la fecha de compra. CMP se reserva el derecho de cambiar o cancelar esta oferta sin previo aviso. No se puede combinar con otras ofertas. Oferta de producto gratuita solo disponible para el comprador original. Pueden aplicarse otros t\u00e9rminos y condiciones. Al solicitar este reembolso, quedar\u00e1 inscrito autom\u00e1ticamente en nuestro programa de comunicaci\u00f3n electr\u00f3nica. Si enviamos cualquier comunicaci\u00f3n de marketing por correo electr\u00f3nico, incluir\u00e1 un enlace donde puede optar por no participar en este programa.<\/p>\n","protected":false},"excerpt":{"rendered":"<p>Terms &amp; Conditions &nbsp; T\u00e9rminos de la promoci\u00f3n &#038; amp; Condiciones T\u00e9rminos &#038; amp; Condiciones: Oferta v\u00e1lida para compras realizadas entre el 1 de abril de 2017 y el 31 de julio de 2017. Las solicitudes de canje deben enviarse dentro de los 60 d\u00edas posteriores a la compra del producto. Se deben comprar cuatro&#8230;  <a href=\"https:\/\/www.c-m-p.com\/es\/fuego\/fogo-canjear-formulario\/\" title=\"Read Formulario de canje\">Read more &raquo;<\/a><\/p>\n","protected":false},"author":4,"featured_media":0,"parent":68085,"menu_order":0,"comment_status":"closed","ping_status":"closed","template":"templates\/product_downloads.php","meta":{"_acf_changed":false,"_oasis_is_in_workflow":0,"_oasis_original":0,"_mi_skip_tracking":false,"_monsterinsights_sitenote_active":false,"_monsterinsights_sitenote_note":"","_monsterinsights_sitenote_category":0,"footnotes":""},"class_list":["post-68161","page","type-page","status-publish","hentry"],"acf":[],"yoast_head":"<!-- This site is optimized with the Yoast SEO plugin v27.2 - https:\/\/yoast.com\/product\/yoast-seo-wordpress\/ -->\n<title>Formulario de canje - CMP<\/title>\n<meta name=\"robots\" content=\"noindex, nofollow\" \/>\n<meta property=\"og:locale\" content=\"es_ES\" \/>\n<meta property=\"og:type\" content=\"article\" \/>\n<meta property=\"og:title\" content=\"Formulario de canje - CMP\" \/>\n<meta property=\"og:description\" content=\"Terms &amp; Conditions &nbsp; T\u00e9rminos de la promoci\u00f3n &#038; amp; Condiciones T\u00e9rminos &#038; amp; Condiciones: Oferta v\u00e1lida para compras realizadas entre el 1 de abril de 2017 y el 31 de julio de 2017. Las solicitudes de canje deben enviarse dentro de los 60 d\u00edas posteriores a la compra del producto. Se deben comprar cuatro... Read more &raquo;\" \/>\n<meta property=\"og:url\" content=\"https:\/\/c-m-p.com\/es\/fuego\/fogo-canjear-formulario\/\" \/>\n<meta property=\"og:site_name\" content=\"CMP\" \/>\n<meta property=\"article:modified_time\" content=\"2021-07-28T10:39:34+00:00\" \/>\n<meta name=\"twitter:label1\" content=\"Tiempo de lectura\" \/>\n\t<meta name=\"twitter:data1\" content=\"2 minutos\" \/>\n<script type=\"application\/ld+json\" class=\"yoast-schema-graph\">{\"@context\":\"https:\/\/schema.org\",\"@graph\":[{\"@type\":\"WebPage\",\"@id\":\"https:\/\/c-m-p.com\/es\/fuego\/fogo-canjear-formulario\/\",\"url\":\"https:\/\/c-m-p.com\/es\/fuego\/fogo-canjear-formulario\/\",\"name\":\"Formulario de canje - CMP\",\"isPartOf\":{\"@id\":\"https:\/\/c-m-p.com\/#website\"},\"datePublished\":\"2017-03-23T14:42:44+00:00\",\"dateModified\":\"2021-07-28T10:39:34+00:00\",\"breadcrumb\":{\"@id\":\"https:\/\/c-m-p.com\/es\/fuego\/fogo-canjear-formulario\/#breadcrumb\"},\"inLanguage\":\"es\",\"potentialAction\":[{\"@type\":\"ReadAction\",\"target\":[\"https:\/\/c-m-p.com\/es\/fuego\/fogo-canjear-formulario\/\"]}]},{\"@type\":\"BreadcrumbList\",\"@id\":\"https:\/\/c-m-p.com\/es\/fuego\/fogo-canjear-formulario\/#breadcrumb\",\"itemListElement\":[{\"@type\":\"ListItem\",\"position\":1,\"name\":\"Home\",\"item\":\"https:\/\/c-m-p.com\/es\/\"},{\"@type\":\"ListItem\",\"position\":2,\"name\":\"\u00a1GRACIAS POR UN GRAN VERANO!\",\"item\":\"https:\/\/c-m-p.com\/es\/fuego\/\"},{\"@type\":\"ListItem\",\"position\":3,\"name\":\"Formulario de canje\"}]},{\"@type\":\"WebSite\",\"@id\":\"https:\/\/c-m-p.com\/#website\",\"url\":\"https:\/\/c-m-p.com\/\",\"name\":\"CMP\",\"description\":\"Pool Products, Spa and Hot Tub Products\",\"publisher\":{\"@id\":\"https:\/\/c-m-p.com\/#organization\"},\"potentialAction\":[{\"@type\":\"SearchAction\",\"target\":{\"@type\":\"EntryPoint\",\"urlTemplate\":\"https:\/\/c-m-p.com\/?s={search_term_string}\"},\"query-input\":{\"@type\":\"PropertyValueSpecification\",\"valueRequired\":true,\"valueName\":\"search_term_string\"}}],\"inLanguage\":\"es\"},{\"@type\":\"Organization\",\"@id\":\"https:\/\/c-m-p.com\/#organization\",\"name\":\"CMP Pool & Spa Products\",\"url\":\"https:\/\/c-m-p.com\/\",\"logo\":{\"@type\":\"ImageObject\",\"inLanguage\":\"es\",\"@id\":\"https:\/\/c-m-p.com\/#\/schema\/logo\/image\/\",\"url\":\"https:\/\/43ab809dfe.nxcli.io\/wp-content\/uploads\/2013\/10\/2013-CMP-Logo.jpg\",\"contentUrl\":\"https:\/\/43ab809dfe.nxcli.io\/wp-content\/uploads\/2013\/10\/2013-CMP-Logo.jpg\",\"width\":1000,\"height\":247,\"caption\":\"CMP Pool & Spa Products\"},\"image\":{\"@id\":\"https:\/\/c-m-p.com\/#\/schema\/logo\/image\/\"}}]}<\/script>\n<!-- \/ Yoast SEO plugin. -->","yoast_head_json":{"title":"Formulario de canje - CMP","robots":{"index":"noindex","follow":"nofollow"},"og_locale":"es_ES","og_type":"article","og_title":"Formulario de canje - CMP","og_description":"Terms &amp; Conditions &nbsp; T\u00e9rminos de la promoci\u00f3n &#038; amp; Condiciones T\u00e9rminos &#038; amp; Condiciones: Oferta v\u00e1lida para compras realizadas entre el 1 de abril de 2017 y el 31 de julio de 2017. Las solicitudes de canje deben enviarse dentro de los 60 d\u00edas posteriores a la compra del producto. Se deben comprar cuatro... Read more &raquo;","og_url":"https:\/\/c-m-p.com\/es\/fuego\/fogo-canjear-formulario\/","og_site_name":"CMP","article_modified_time":"2021-07-28T10:39:34+00:00","twitter_misc":{"Tiempo de lectura":"2 minutos"},"schema":{"@context":"https:\/\/schema.org","@graph":[{"@type":"WebPage","@id":"https:\/\/c-m-p.com\/es\/fuego\/fogo-canjear-formulario\/","url":"https:\/\/c-m-p.com\/es\/fuego\/fogo-canjear-formulario\/","name":"Formulario de canje - CMP","isPartOf":{"@id":"https:\/\/c-m-p.com\/#website"},"datePublished":"2017-03-23T14:42:44+00:00","dateModified":"2021-07-28T10:39:34+00:00","breadcrumb":{"@id":"https:\/\/c-m-p.com\/es\/fuego\/fogo-canjear-formulario\/#breadcrumb"},"inLanguage":"es","potentialAction":[{"@type":"ReadAction","target":["https:\/\/c-m-p.com\/es\/fuego\/fogo-canjear-formulario\/"]}]},{"@type":"BreadcrumbList","@id":"https:\/\/c-m-p.com\/es\/fuego\/fogo-canjear-formulario\/#breadcrumb","itemListElement":[{"@type":"ListItem","position":1,"name":"Home","item":"https:\/\/c-m-p.com\/es\/"},{"@type":"ListItem","position":2,"name":"\u00a1GRACIAS POR UN GRAN VERANO!","item":"https:\/\/c-m-p.com\/es\/fuego\/"},{"@type":"ListItem","position":3,"name":"Formulario de canje"}]},{"@type":"WebSite","@id":"https:\/\/c-m-p.com\/#website","url":"https:\/\/c-m-p.com\/","name":"CMP","description":"Pool Products, Spa and Hot Tub Products","publisher":{"@id":"https:\/\/c-m-p.com\/#organization"},"potentialAction":[{"@type":"SearchAction","target":{"@type":"EntryPoint","urlTemplate":"https:\/\/c-m-p.com\/?s={search_term_string}"},"query-input":{"@type":"PropertyValueSpecification","valueRequired":true,"valueName":"search_term_string"}}],"inLanguage":"es"},{"@type":"Organization","@id":"https:\/\/c-m-p.com\/#organization","name":"CMP Pool & Spa Products","url":"https:\/\/c-m-p.com\/","logo":{"@type":"ImageObject","inLanguage":"es","@id":"https:\/\/c-m-p.com\/#\/schema\/logo\/image\/","url":"https:\/\/43ab809dfe.nxcli.io\/wp-content\/uploads\/2013\/10\/2013-CMP-Logo.jpg","contentUrl":"https:\/\/43ab809dfe.nxcli.io\/wp-content\/uploads\/2013\/10\/2013-CMP-Logo.jpg","width":1000,"height":247,"caption":"CMP Pool & Spa Products"},"image":{"@id":"https:\/\/c-m-p.com\/#\/schema\/logo\/image\/"}}]}},"_links":{"self":[{"href":"https:\/\/www.c-m-p.com\/es\/wp-json\/wp\/v2\/pages\/68161","targetHints":{"allow":["GET"]}}],"collection":[{"href":"https:\/\/www.c-m-p.com\/es\/wp-json\/wp\/v2\/pages"}],"about":[{"href":"https:\/\/www.c-m-p.com\/es\/wp-json\/wp\/v2\/types\/page"}],"author":[{"embeddable":true,"href":"https:\/\/www.c-m-p.com\/es\/wp-json\/wp\/v2\/users\/4"}],"replies":[{"embeddable":true,"href":"https:\/\/www.c-m-p.com\/es\/wp-json\/wp\/v2\/comments?post=68161"}],"version-history":[{"count":0,"href":"https:\/\/www.c-m-p.com\/es\/wp-json\/wp\/v2\/pages\/68161\/revisions"}],"up":[{"embeddable":true,"href":"https:\/\/www.c-m-p.com\/es\/wp-json\/wp\/v2\/pages\/68085"}],"wp:attachment":[{"href":"https:\/\/www.c-m-p.com\/es\/wp-json\/wp\/v2\/media?parent=68161"}],"curies":[{"name":"wp","href":"https:\/\/api.w.org\/{rel}","templated":true}]}}