{"id":68766,"date":"2019-06-14T12:48:29","date_gmt":"2019-06-14T17:48:29","guid":{"rendered":"https:\/\/43ab809dfe.nxcli.io\/productos-para-spa\/desinfectantes-para-spa\/spa-ozone-fittings\/"},"modified":"2021-08-03T05:08:06","modified_gmt":"2021-08-03T10:08:06","slug":"accesorios-spa-ozono","status":"publish","type":"page","link":"https:\/\/www.c-m-p.com\/es\/productos-para-spa\/desinfectantes-para-spa\/accesorios-spa-ozono\/","title":{"rendered":"Accesorios spa ozono"},"content":{"rendered":"<p><img decoding=\"async\" width=\"430\" height=\"426\" src=\"https:\/\/www.c-m-p.com\/wp-content\/uploads\/2018\/12\/Swirl-Fitting.png\" class=\"attachment-full size-full\" alt=\"\" loading=\"lazy\" srcset=\"https:\/\/www.c-m-p.com\/wp-content\/uploads\/2018\/12\/Swirl-Fitting.png 430w, https:\/\/www.c-m-p.com\/wp-content\/uploads\/2018\/12\/Swirl-Fitting-150x150.png 150w, https:\/\/www.c-m-p.com\/wp-content\/uploads\/2018\/12\/Swirl-Fitting-300x297.png 300w, https:\/\/www.c-m-p.com\/wp-content\/uploads\/2018\/12\/Swirl-Fitting-235x233.png 235w, https:\/\/www.c-m-p.com\/wp-content\/uploads\/2018\/12\/Swirl-Fitting-307x304.png 307w\" sizes=\"auto, (max-width: 430px) 100vw, 430px\" \/><br \/>\nPARA SPAS MODERNOS LIMPIOS Y SALUDABLES<br \/>\nMuchas opciones para elegir:<\/p>\n<ul>\n<li> Accesorios de cara direccional <\/li>\n<li> Accesorios de ozono en espiral <\/li>\n<li> Se\u00f1ores de ozono <\/li>\n<\/ul>\n<p>OBTENER MAS INFORMACION<br \/>\n\u00bfTiene preguntas sobre la circulaci\u00f3n del spa? Haga clic en el bot\u00f3n para que CMP se comunique con usted con m\u00e1s detalles.<br \/>\nSpa Valves<br \/>\nElectrodom\u00e9sticos<br \/>\nSKIMMERS Y FILTROS DE SPA<br \/>\nINFORMACI\u00d3N REQUERIDA<br \/>\n<script type=\"text\/javascript\">\n\/* <![CDATA[ *\/\nvar gform;gform||(document.addEventListener(\"gform_main_scripts_loaded\",function(){gform.scriptsLoaded=!0}),document.addEventListener(\"gform\/theme\/scripts_loaded\",function(){gform.themeScriptsLoaded=!0}),window.addEventListener(\"DOMContentLoaded\",function(){gform.domLoaded=!0}),gform={domLoaded:!1,scriptsLoaded:!1,themeScriptsLoaded:!1,isFormEditor:()=>\"function\"==typeof InitializeEditor,callIfLoaded:function(o){return!(!gform.domLoaded||!gform.scriptsLoaded||!gform.themeScriptsLoaded&&!gform.isFormEditor()||(gform.isFormEditor()&&console.warn(\"The use of gform.initializeOnLoaded() is deprecated in the form editor context and will be removed in Gravity Forms 3.1.\"),o(),0))},initializeOnLoaded:function(o){gform.callIfLoaded(o)||(document.addEventListener(\"gform_main_scripts_loaded\",()=>{gform.scriptsLoaded=!0,gform.callIfLoaded(o)}),document.addEventListener(\"gform\/theme\/scripts_loaded\",()=>{gform.themeScriptsLoaded=!0,gform.callIfLoaded(o)}),window.addEventListener(\"DOMContentLoaded\",()=>{gform.domLoaded=!0,gform.callIfLoaded(o)}))},hooks:{action:{},filter:{}},addAction:function(o,r,e,t){gform.addHook(\"action\",o,r,e,t)},addFilter:function(o,r,e,t){gform.addHook(\"filter\",o,r,e,t)},doAction:function(o){gform.doHook(\"action\",o,arguments)},applyFilters:function(o){return gform.doHook(\"filter\",o,arguments)},removeAction:function(o,r){gform.removeHook(\"action\",o,r)},removeFilter:function(o,r,e){gform.removeHook(\"filter\",o,r,e)},addHook:function(o,r,e,t,n){null==gform.hooks[o][r]&&(gform.hooks[o][r]=[]);var d=gform.hooks[o][r];null==n&&(n=r+\"_\"+d.length),gform.hooks[o][r].push({tag:n,callable:e,priority:t=null==t?10:t})},doHook:function(r,o,e){var t;if(e=Array.prototype.slice.call(e,1),null!=gform.hooks[r][o]&&((o=gform.hooks[r][o]).sort(function(o,r){return o.priority-r.priority}),o.forEach(function(o){\"function\"!=typeof(t=o.callable)&&(t=window[t]),\"action\"==r?t.apply(null,e):e[0]=t.apply(null,e)})),\"filter\"==r)return e[0]},removeHook:function(o,r,t,n){var e;null!=gform.hooks[o][r]&&(e=(e=gform.hooks[o][r]).filter(function(o,r,e){return!!(null!=n&&n!=o.tag||null!=t&&t!=o.priority)}),gform.hooks[o][r]=e)}});\n\/* ]]> *\/\n<\/script>\n\n                <div class='gf_browser_gecko gform_wrapper gform_legacy_markup_wrapper gform-theme--no-framework' data-form-theme='legacy' data-form-index='0' id='gform_wrapper_5' style='display:none'><form method='post' enctype='multipart\/form-data'  id='gform_5'  action='\/es\/wp-json\/wp\/v2\/pages\/68766' data-formid='5' novalidate> \r\n <input type='hidden' class='gforms-pum' value='{\"closepopup\":false,\"closedelay\":0,\"openpopup\":false,\"openpopup_id\":0}' \/>\n                        <div class='gform-body gform_body'><ul id='gform_fields_5' class='gform_fields left_label form_sublabel_below description_below validation_below'><li id=\"field_5_15\" class=\"gfield gfield--type-honeypot gform_validation_container field_sublabel_below gfield--has-description field_description_below field_validation_below gfield_visibility_visible\"  ><label class='gfield_label gform-field-label' for='input_5_15'>Company<\/label><div class='ginput_container'><input name='input_15' id='input_5_15' type='text' value='' autocomplete='new-password'\/><\/div><div class='gfield_description' id='gfield_description_5_15'>Este campo es un campo de validaci\u00f3n y debe quedar sin cambios.<\/div><\/li><li id=\"field_5_9\" class=\"gfield gfield--type-text gfield_contains_required field_sublabel_below gfield--no-description field_description_below field_validation_below gfield_visibility_visible\"  ><label class='gfield_label gform-field-label' for='input_5_9'>Name<span class=\"gfield_required\"><span class=\"gfield_required gfield_required_asterisk\">*<\/span><\/span><\/label><div class='ginput_container ginput_container_text'><input name='input_9' id='input_5_9' type='text' value='' class='large'     aria-required=\"true\" aria-invalid=\"false\"   \/><\/div><\/li><li id=\"field_5_2\" class=\"gfield gfield--type-email gfield_contains_required field_sublabel_below gfield--no-description field_description_below field_validation_below gfield_visibility_visible\"  ><label class='gfield_label gform-field-label' for='input_5_2'>Email<span class=\"gfield_required\"><span class=\"gfield_required gfield_required_asterisk\">*<\/span><\/span><\/label><div class='ginput_container ginput_container_email'>\n                            <input name='input_2' id='input_5_2' type='email' value='' class='large'    aria-required=\"true\" aria-invalid=\"false\"  \/>\n                        <\/div><\/li><li id=\"field_5_13\" class=\"gfield gfield--type-text gfield_contains_required field_sublabel_below gfield--no-description field_description_below field_validation_below gfield_visibility_visible\"  ><label class='gfield_label gform-field-label' for='input_5_13'>Company<span class=\"gfield_required\"><span class=\"gfield_required gfield_required_asterisk\">*<\/span><\/span><\/label><div class='ginput_container ginput_container_text'><input name='input_13' id='input_5_13' type='text' value='' class='large'     aria-required=\"true\" aria-invalid=\"false\"   \/><\/div><\/li><li id=\"field_5_14\" class=\"gfield gfield--type-text gfield_contains_required field_sublabel_below gfield--no-description field_description_below field_validation_below gfield_visibility_visible\"  ><label class='gfield_label gform-field-label' for='input_5_14'>ZIP \/ Postal Code<span class=\"gfield_required\"><span class=\"gfield_required gfield_required_asterisk\">*<\/span><\/span><\/label><div class='ginput_container ginput_container_text'><input name='input_14' id='input_5_14' type='text' value='' class='large'     aria-required=\"true\" aria-invalid=\"false\"   \/><\/div><\/li><li id=\"field_5_11\" class=\"gfield gfield--type-checkbox gfield--type-choice field_sublabel_below gfield--no-description field_description_below field_validation_below gfield_visibility_visible\"  ><label class='gfield_label gform-field-label gfield_label_before_complex' >Newsletter<\/label><div class='ginput_container ginput_container_checkbox'><ul class='gfield_checkbox' id='input_5_11'><li class='gchoice gchoice_5_11_1'>\n\t\t\t\t\t\t\t\t<input class='gfield-choice-input' name='input_11.1' type='checkbox'  value='subscribe to updates from CMP' checked='checked' id='choice_5_11_1'   \/>\n\t\t\t\t\t\t\t\t<label for='choice_5_11_1' id='label_5_11_1' class='gform-field-label gform-field-label--type-inline'>subscribe to updates from CMP<\/label>\n\t\t\t\t\t\t\t<\/li><\/ul><\/div><\/li><li id=\"field_5_3\" class=\"gfield gfield--type-hidden gform_hidden field_sublabel_below gfield--no-description field_description_below field_validation_below gfield_visibility_visible\"  ><div class='ginput_container ginput_container_text'><input name='input_3' id='input_5_3' type='hidden' class='gform_hidden'  aria-invalid=\"false\" value='' \/><\/div><\/li><\/ul><\/div>\n        <div class='gform-footer gform_footer left_label'> <input type='submit' id='gform_submit_button_5' class='gform_button button' onclick='gform.submission.handleButtonClick(this);' data-submission-type='submit' value='Enviar'  \/> \n            <input type='hidden' class='gform_hidden' name='gform_submission_method' data-js='gform_submission_method_5' value='postback' \/>\n            <input type='hidden' class='gform_hidden' name='gform_theme' data-js='gform_theme_5' id='gform_theme_5' value='legacy' \/>\n            <input type='hidden' class='gform_hidden' name='gform_style_settings' data-js='gform_style_settings_5' id='gform_style_settings_5' value='[]' \/>\n            <input type='hidden' class='gform_hidden' name='is_submit_5' value='1' \/>\n            <input type='hidden' class='gform_hidden' name='gform_submit' value='5' \/>\n            \n            <input type='hidden' class='gform_hidden' name='gform_currency' data-currency='USD' value='5U0h+CEXBdDW+xNjYrzt4+KYn6J1F1PyoPW+spcGlAaAQkXEWzAAzNRwEE4PUxZDGRq2NGKyCWwuMHckvoTgdxqQWtDZ9R3vM8If1pRtb08e9gs=' \/>\n            <input type='hidden' class='gform_hidden' name='gform_unique_id' value='' \/>\n            <input type='hidden' class='gform_hidden' name='state_5' value='WyJbXSIsIjU1MTllMzI0MDk5MWI2YjczODZlNWEwMGUyZTIyZTRhIl0=' \/>\n            <input type='hidden' autocomplete='off' class='gform_hidden' name='gform_target_page_number_5' id='gform_target_page_number_5' value='0' \/>\n            <input type='hidden' autocomplete='off' class='gform_hidden' name='gform_source_page_number_5' id='gform_source_page_number_5' value='1' \/>\n            <input type='hidden' name='gform_field_values' value='' \/>\n            \n        <\/div>\n                        <p style=\"display: none !important;\" class=\"akismet-fields-container\" data-prefix=\"ak_\"><label>&#916;<textarea name=\"ak_hp_textarea\" cols=\"45\" rows=\"8\" maxlength=\"100\"><\/textarea><\/label><input type=\"hidden\" id=\"ak_js_1\" name=\"ak_js\" value=\"184\"\/><script>document.getElementById( \"ak_js_1\" ).setAttribute( \"value\", ( new Date() ).getTime() );<\/script><\/p><\/form>\n                        <\/div><script type=\"text\/javascript\">\n\/* <![CDATA[ *\/\n gform.initializeOnLoaded( function() {gformInitSpinner( 5, 'https:\/\/www.c-m-p.com\/wp-content\/plugins\/gravityforms\/images\/spinner.svg', true );jQuery('#gform_ajax_frame_5').on('load',function(){var contents = jQuery(this).contents().find('*').html();var is_postback = contents.indexOf('GF_AJAX_POSTBACK') >= 0;if(!is_postback){return;}var form_content = jQuery(this).contents().find('#gform_wrapper_5');var is_confirmation = jQuery(this).contents().find('#gform_confirmation_wrapper_5').length > 0;var is_redirect = contents.indexOf('gformRedirect(){') >= 0;var is_form = form_content.length > 0 && ! is_redirect && ! is_confirmation;var mt = parseInt(jQuery('html').css('margin-top'), 10) + parseInt(jQuery('body').css('margin-top'), 10) + 100;if(is_form){form_content.find('form').css('opacity', 0);jQuery('#gform_wrapper_5').html(form_content.html());if(form_content.hasClass('gform_validation_error')){jQuery('#gform_wrapper_5').addClass('gform_validation_error');} else {jQuery('#gform_wrapper_5').removeClass('gform_validation_error');}setTimeout( function() { \/* delay the scroll by 50 milliseconds to fix a bug in chrome *\/  }, 50 );if(window['gformInitDatepicker']) {gformInitDatepicker();}if(window['gformInitPriceFields']) {gformInitPriceFields();}var current_page = jQuery('#gform_source_page_number_5').val();gformInitSpinner( 5, 'https:\/\/www.c-m-p.com\/wp-content\/plugins\/gravityforms\/images\/spinner.svg', true );jQuery(document).trigger('gform_page_loaded', [5, current_page]);window['gf_submitting_5'] = false;}else if(!is_redirect){var confirmation_content = jQuery(this).contents().find('.GF_AJAX_POSTBACK').html();if(!confirmation_content){confirmation_content = contents;}jQuery('#gform_wrapper_5').replaceWith(confirmation_content);jQuery(document).trigger('gform_confirmation_loaded', [5]);window['gf_submitting_5'] = false;wp.a11y.speak(jQuery('#gform_confirmation_message_5').text());}else{jQuery('#gform_5').append(contents);if(window['gformRedirect']) {gformRedirect();}}jQuery(document).trigger(\"gform_pre_post_render\", [{ formId: \"5\", currentPage: \"current_page\", abort: function() { this.preventDefault(); } }]);        if (event && event.defaultPrevented) {                return;        }        const gformWrapperDiv = document.getElementById( \"gform_wrapper_5\" );        if ( gformWrapperDiv ) {            const visibilitySpan = document.createElement( \"span\" );            visibilitySpan.id = \"gform_visibility_test_5\";            gformWrapperDiv.insertAdjacentElement( \"afterend\", visibilitySpan );        }        const visibilityTestDiv = document.getElementById( \"gform_visibility_test_5\" );        let postRenderFired = false;        function triggerPostRender() {            if ( postRenderFired ) {                return;            }            postRenderFired = true;            gform.core.triggerPostRenderEvents( 5, current_page );            if ( visibilityTestDiv ) {                visibilityTestDiv.parentNode.removeChild( visibilityTestDiv );            }        }        function debounce( func, wait, immediate ) {            var timeout;            return function() {                var context = this, args = arguments;                var later = function() {                    timeout = null;                    if ( !immediate ) func.apply( context, args );                };                var callNow = immediate && !timeout;                clearTimeout( timeout );                timeout = setTimeout( later, wait );                if ( callNow ) func.apply( context, args );            };        }        const debouncedTriggerPostRender = debounce( function() {            triggerPostRender();        }, 200 );        if ( visibilityTestDiv && visibilityTestDiv.offsetParent === null ) {            const observer = new MutationObserver( ( mutations ) => {                mutations.forEach( ( mutation ) => {                    if ( mutation.type === 'attributes' && visibilityTestDiv.offsetParent !== null ) {                        debouncedTriggerPostRender();                        observer.disconnect();                    }                });            });            observer.observe( document.body, {                attributes: true,                childList: false,                subtree: true,                attributeFilter: [ 'style', 'class' ],            });        } else {            triggerPostRender();        }    } );} ); \n\/* ]]> *\/\n<\/script>\n<\/p>\n","protected":false},"excerpt":{"rendered":"<p>PARA SPAS MODERNOS LIMPIOS Y SALUDABLES Muchas opciones para elegir: Accesorios de cara direccional Accesorios de ozono en espiral Se\u00f1ores de ozono OBTENER MAS INFORMACION \u00bfTiene preguntas sobre la circulaci\u00f3n del spa? Haga clic en el bot\u00f3n para que CMP se comunique con usted con m\u00e1s detalles. Spa Valves Electrodom\u00e9sticos SKIMMERS Y FILTROS DE SPA&#8230;  <a href=\"https:\/\/www.c-m-p.com\/es\/productos-para-spa\/desinfectantes-para-spa\/accesorios-spa-ozono\/\" title=\"Read Accesorios spa ozono\">Read more &raquo;<\/a><\/p>\n","protected":false},"author":4,"featured_media":0,"parent":68866,"menu_order":900,"comment_status":"open","ping_status":"open","template":"rci-flex-template.php","meta":{"_acf_changed":false,"_oasis_is_in_workflow":0,"_oasis_original":0,"_mi_skip_tracking":false,"_monsterinsights_sitenote_active":false,"_monsterinsights_sitenote_note":"","_monsterinsights_sitenote_category":0,"footnotes":""},"class_list":["post-68766","page","type-page","status-publish","hentry"],"acf":[],"yoast_head":"<!-- This site is optimized with the Yoast SEO plugin v27.2 - https:\/\/yoast.com\/product\/yoast-seo-wordpress\/ -->\n<title>Accesorios spa ozono - CMP<\/title>\n<meta name=\"robots\" content=\"index, follow, max-snippet:-1, max-image-preview:large, max-video-preview:-1\" \/>\n<link rel=\"canonical\" href=\"https:\/\/c-m-p.com\/es\/productos-para-spa\/desinfectantes-para-spa\/accesorios-spa-ozono\/\" \/>\n<meta property=\"og:locale\" content=\"es_ES\" \/>\n<meta property=\"og:type\" content=\"article\" \/>\n<meta property=\"og:title\" content=\"Accesorios spa ozono - CMP\" \/>\n<meta property=\"og:description\" content=\"PARA SPAS MODERNOS LIMPIOS Y SALUDABLES Muchas opciones para elegir: Accesorios de cara direccional Accesorios de ozono en espiral Se\u00f1ores de ozono OBTENER MAS INFORMACION \u00bfTiene preguntas sobre la circulaci\u00f3n del spa? Haga clic en el bot\u00f3n para que CMP se comunique con usted con m\u00e1s detalles. Spa Valves Electrodom\u00e9sticos SKIMMERS Y FILTROS DE SPA... Read more &raquo;\" \/>\n<meta property=\"og:url\" content=\"https:\/\/c-m-p.com\/es\/productos-para-spa\/desinfectantes-para-spa\/accesorios-spa-ozono\/\" \/>\n<meta property=\"og:site_name\" content=\"CMP\" \/>\n<meta property=\"article:modified_time\" content=\"2021-08-03T10:08:06+00:00\" \/>\n<meta property=\"og:image\" content=\"https:\/\/c-m-p.com\/wp-content\/uploads\/2018\/12\/Swirl-Fitting.png\" \/>\n<script type=\"application\/ld+json\" class=\"yoast-schema-graph\">{\"@context\":\"https:\/\/schema.org\",\"@graph\":[{\"@type\":\"WebPage\",\"@id\":\"https:\/\/c-m-p.com\/es\/productos-para-spa\/desinfectantes-para-spa\/accesorios-spa-ozono\/\",\"url\":\"https:\/\/c-m-p.com\/es\/productos-para-spa\/desinfectantes-para-spa\/accesorios-spa-ozono\/\",\"name\":\"Accesorios spa ozono - CMP\",\"isPartOf\":{\"@id\":\"https:\/\/c-m-p.com\/#website\"},\"primaryImageOfPage\":{\"@id\":\"https:\/\/c-m-p.com\/es\/productos-para-spa\/desinfectantes-para-spa\/accesorios-spa-ozono\/#primaryimage\"},\"image\":{\"@id\":\"https:\/\/c-m-p.com\/es\/productos-para-spa\/desinfectantes-para-spa\/accesorios-spa-ozono\/#primaryimage\"},\"thumbnailUrl\":\"https:\/\/www.c-m-p.com\/wp-content\/uploads\/2018\/12\/Swirl-Fitting.png\",\"datePublished\":\"2019-06-14T17:48:29+00:00\",\"dateModified\":\"2021-08-03T10:08:06+00:00\",\"breadcrumb\":{\"@id\":\"https:\/\/c-m-p.com\/es\/productos-para-spa\/desinfectantes-para-spa\/accesorios-spa-ozono\/#breadcrumb\"},\"inLanguage\":\"es\",\"potentialAction\":[{\"@type\":\"ReadAction\",\"target\":[\"https:\/\/c-m-p.com\/es\/productos-para-spa\/desinfectantes-para-spa\/accesorios-spa-ozono\/\"]}]},{\"@type\":\"ImageObject\",\"inLanguage\":\"es\",\"@id\":\"https:\/\/c-m-p.com\/es\/productos-para-spa\/desinfectantes-para-spa\/accesorios-spa-ozono\/#primaryimage\",\"url\":\"https:\/\/www.c-m-p.com\/wp-content\/uploads\/2018\/12\/Swirl-Fitting.png\",\"contentUrl\":\"https:\/\/www.c-m-p.com\/wp-content\/uploads\/2018\/12\/Swirl-Fitting.png\"},{\"@type\":\"BreadcrumbList\",\"@id\":\"https:\/\/c-m-p.com\/es\/productos-para-spa\/desinfectantes-para-spa\/accesorios-spa-ozono\/#breadcrumb\",\"itemListElement\":[{\"@type\":\"ListItem\",\"position\":1,\"name\":\"Home\",\"item\":\"https:\/\/c-m-p.com\/es\/\"},{\"@type\":\"ListItem\",\"position\":2,\"name\":\"Productos de Spa\",\"item\":\"https:\/\/c-m-p.com\/es\/productos-para-spa\/\"},{\"@type\":\"ListItem\",\"position\":3,\"name\":\"Sistemas de desinfecci\u00f3n de spa\",\"item\":\"https:\/\/c-m-p.com\/es\/productos-para-spa\/desinfectantes-para-spa\/\"},{\"@type\":\"ListItem\",\"position\":4,\"name\":\"Accesorios spa ozono\"}]},{\"@type\":\"WebSite\",\"@id\":\"https:\/\/c-m-p.com\/#website\",\"url\":\"https:\/\/c-m-p.com\/\",\"name\":\"CMP\",\"description\":\"Pool Products, Spa and Hot Tub Products\",\"publisher\":{\"@id\":\"https:\/\/c-m-p.com\/#organization\"},\"potentialAction\":[{\"@type\":\"SearchAction\",\"target\":{\"@type\":\"EntryPoint\",\"urlTemplate\":\"https:\/\/c-m-p.com\/?s={search_term_string}\"},\"query-input\":{\"@type\":\"PropertyValueSpecification\",\"valueRequired\":true,\"valueName\":\"search_term_string\"}}],\"inLanguage\":\"es\"},{\"@type\":\"Organization\",\"@id\":\"https:\/\/c-m-p.com\/#organization\",\"name\":\"CMP Pool & Spa Products\",\"url\":\"https:\/\/c-m-p.com\/\",\"logo\":{\"@type\":\"ImageObject\",\"inLanguage\":\"es\",\"@id\":\"https:\/\/c-m-p.com\/#\/schema\/logo\/image\/\",\"url\":\"https:\/\/43ab809dfe.nxcli.io\/wp-content\/uploads\/2013\/10\/2013-CMP-Logo.jpg\",\"contentUrl\":\"https:\/\/43ab809dfe.nxcli.io\/wp-content\/uploads\/2013\/10\/2013-CMP-Logo.jpg\",\"width\":1000,\"height\":247,\"caption\":\"CMP Pool & Spa Products\"},\"image\":{\"@id\":\"https:\/\/c-m-p.com\/#\/schema\/logo\/image\/\"}}]}<\/script>\n<!-- \/ Yoast SEO plugin. -->","yoast_head_json":{"title":"Accesorios spa ozono - CMP","robots":{"index":"index","follow":"follow","max-snippet":"max-snippet:-1","max-image-preview":"max-image-preview:large","max-video-preview":"max-video-preview:-1"},"canonical":"https:\/\/c-m-p.com\/es\/productos-para-spa\/desinfectantes-para-spa\/accesorios-spa-ozono\/","og_locale":"es_ES","og_type":"article","og_title":"Accesorios spa ozono - CMP","og_description":"PARA SPAS MODERNOS LIMPIOS Y SALUDABLES Muchas opciones para elegir: Accesorios de cara direccional Accesorios de ozono en espiral Se\u00f1ores de ozono OBTENER MAS INFORMACION \u00bfTiene preguntas sobre la circulaci\u00f3n del spa? Haga clic en el bot\u00f3n para que CMP se comunique con usted con m\u00e1s detalles. Spa Valves Electrodom\u00e9sticos SKIMMERS Y FILTROS DE SPA... Read more &raquo;","og_url":"https:\/\/c-m-p.com\/es\/productos-para-spa\/desinfectantes-para-spa\/accesorios-spa-ozono\/","og_site_name":"CMP","article_modified_time":"2021-08-03T10:08:06+00:00","og_image":[{"url":"https:\/\/c-m-p.com\/wp-content\/uploads\/2018\/12\/Swirl-Fitting.png","type":"","width":"","height":""}],"schema":{"@context":"https:\/\/schema.org","@graph":[{"@type":"WebPage","@id":"https:\/\/c-m-p.com\/es\/productos-para-spa\/desinfectantes-para-spa\/accesorios-spa-ozono\/","url":"https:\/\/c-m-p.com\/es\/productos-para-spa\/desinfectantes-para-spa\/accesorios-spa-ozono\/","name":"Accesorios spa ozono - CMP","isPartOf":{"@id":"https:\/\/c-m-p.com\/#website"},"primaryImageOfPage":{"@id":"https:\/\/c-m-p.com\/es\/productos-para-spa\/desinfectantes-para-spa\/accesorios-spa-ozono\/#primaryimage"},"image":{"@id":"https:\/\/c-m-p.com\/es\/productos-para-spa\/desinfectantes-para-spa\/accesorios-spa-ozono\/#primaryimage"},"thumbnailUrl":"https:\/\/www.c-m-p.com\/wp-content\/uploads\/2018\/12\/Swirl-Fitting.png","datePublished":"2019-06-14T17:48:29+00:00","dateModified":"2021-08-03T10:08:06+00:00","breadcrumb":{"@id":"https:\/\/c-m-p.com\/es\/productos-para-spa\/desinfectantes-para-spa\/accesorios-spa-ozono\/#breadcrumb"},"inLanguage":"es","potentialAction":[{"@type":"ReadAction","target":["https:\/\/c-m-p.com\/es\/productos-para-spa\/desinfectantes-para-spa\/accesorios-spa-ozono\/"]}]},{"@type":"ImageObject","inLanguage":"es","@id":"https:\/\/c-m-p.com\/es\/productos-para-spa\/desinfectantes-para-spa\/accesorios-spa-ozono\/#primaryimage","url":"https:\/\/www.c-m-p.com\/wp-content\/uploads\/2018\/12\/Swirl-Fitting.png","contentUrl":"https:\/\/www.c-m-p.com\/wp-content\/uploads\/2018\/12\/Swirl-Fitting.png"},{"@type":"BreadcrumbList","@id":"https:\/\/c-m-p.com\/es\/productos-para-spa\/desinfectantes-para-spa\/accesorios-spa-ozono\/#breadcrumb","itemListElement":[{"@type":"ListItem","position":1,"name":"Home","item":"https:\/\/c-m-p.com\/es\/"},{"@type":"ListItem","position":2,"name":"Productos de Spa","item":"https:\/\/c-m-p.com\/es\/productos-para-spa\/"},{"@type":"ListItem","position":3,"name":"Sistemas de desinfecci\u00f3n de spa","item":"https:\/\/c-m-p.com\/es\/productos-para-spa\/desinfectantes-para-spa\/"},{"@type":"ListItem","position":4,"name":"Accesorios spa ozono"}]},{"@type":"WebSite","@id":"https:\/\/c-m-p.com\/#website","url":"https:\/\/c-m-p.com\/","name":"CMP","description":"Pool Products, Spa and Hot Tub Products","publisher":{"@id":"https:\/\/c-m-p.com\/#organization"},"potentialAction":[{"@type":"SearchAction","target":{"@type":"EntryPoint","urlTemplate":"https:\/\/c-m-p.com\/?s={search_term_string}"},"query-input":{"@type":"PropertyValueSpecification","valueRequired":true,"valueName":"search_term_string"}}],"inLanguage":"es"},{"@type":"Organization","@id":"https:\/\/c-m-p.com\/#organization","name":"CMP Pool & Spa Products","url":"https:\/\/c-m-p.com\/","logo":{"@type":"ImageObject","inLanguage":"es","@id":"https:\/\/c-m-p.com\/#\/schema\/logo\/image\/","url":"https:\/\/43ab809dfe.nxcli.io\/wp-content\/uploads\/2013\/10\/2013-CMP-Logo.jpg","contentUrl":"https:\/\/43ab809dfe.nxcli.io\/wp-content\/uploads\/2013\/10\/2013-CMP-Logo.jpg","width":1000,"height":247,"caption":"CMP Pool & Spa Products"},"image":{"@id":"https:\/\/c-m-p.com\/#\/schema\/logo\/image\/"}}]}},"_links":{"self":[{"href":"https:\/\/www.c-m-p.com\/es\/wp-json\/wp\/v2\/pages\/68766","targetHints":{"allow":["GET"]}}],"collection":[{"href":"https:\/\/www.c-m-p.com\/es\/wp-json\/wp\/v2\/pages"}],"about":[{"href":"https:\/\/www.c-m-p.com\/es\/wp-json\/wp\/v2\/types\/page"}],"author":[{"embeddable":true,"href":"https:\/\/www.c-m-p.com\/es\/wp-json\/wp\/v2\/users\/4"}],"replies":[{"embeddable":true,"href":"https:\/\/www.c-m-p.com\/es\/wp-json\/wp\/v2\/comments?post=68766"}],"version-history":[{"count":0,"href":"https:\/\/www.c-m-p.com\/es\/wp-json\/wp\/v2\/pages\/68766\/revisions"}],"up":[{"embeddable":true,"href":"https:\/\/www.c-m-p.com\/es\/wp-json\/wp\/v2\/pages\/68866"}],"wp:attachment":[{"href":"https:\/\/www.c-m-p.com\/es\/wp-json\/wp\/v2\/media?parent=68766"}],"curies":[{"name":"wp","href":"https:\/\/api.w.org\/{rel}","templated":true}]}}