{"id":68846,"date":"2013-05-21T14:04:06","date_gmt":"2013-05-21T19:04:06","guid":{"rendered":"https:\/\/43ab809dfe.nxcli.io\/spa-products\/"},"modified":"2021-07-30T07:23:11","modified_gmt":"2021-07-30T12:23:11","slug":"productos-para-spa","status":"publish","type":"page","link":"https:\/\/www.c-m-p.com\/es\/productos-para-spa\/","title":{"rendered":"Productos de Spa"},"content":{"rendered":"<p>Visor de cat\u00e1logo<br \/>\n\/catalog\/spa-catalog<br \/>\n<img decoding=\"async\" width=\"200\" height=\"200\" src=\"https:\/\/www.c-m-p.com\/wp-content\/uploads\/2018\/02\/spa-catalog-icon.png\" class=\"attachment-full size-full\" alt=\"\" loading=\"lazy\" srcset=\"https:\/\/www.c-m-p.com\/wp-content\/uploads\/2018\/02\/spa-catalog-icon.png 200w, https:\/\/www.c-m-p.com\/wp-content\/uploads\/2018\/02\/spa-catalog-icon-150x150.png 150w\" sizes=\"auto, (max-width: 200px) 100vw, 200px\" \/><br \/>\nENCUENTRA UN REPRESENTANTE<br \/>\n\/customer-service\/spa-reps\/<br \/>\n<img decoding=\"async\" width=\"200\" height=\"200\" src=\"https:\/\/www.c-m-p.com\/wp-content\/uploads\/2018\/05\/spa-rep-icon-1.png\" class=\"attachment-full size-full\" alt=\"\" loading=\"lazy\" srcset=\"https:\/\/www.c-m-p.com\/wp-content\/uploads\/2018\/05\/spa-rep-icon-1.png 200w, https:\/\/www.c-m-p.com\/wp-content\/uploads\/2018\/05\/spa-rep-icon-1-150x150.png 150w\" sizes=\"auto, (max-width: 200px) 100vw, 200px\" \/><br \/>\nnuevos productos de spa<br \/>\n\/spa-new<br \/>\n<img decoding=\"async\" width=\"200\" height=\"200\" src=\"https:\/\/www.c-m-p.com\/wp-content\/uploads\/2018\/02\/spa-new-icon.png\" class=\"attachment-full size-full\" alt=\"\" loading=\"lazy\" srcset=\"https:\/\/www.c-m-p.com\/wp-content\/uploads\/2018\/02\/spa-new-icon.png 200w, https:\/\/www.c-m-p.com\/wp-content\/uploads\/2018\/02\/spa-new-icon-150x150.png 150w\" sizes=\"auto, (max-width: 200px) 100vw, 200px\" \/><br \/>\n@@@UPCfoo@@@<br \/>\nCuerpos de chorros SQR<br \/>\nChorros para spa<br \/>\nIluminacin para spa<\/p>\n<p>Las caracter\u00edsticas del agua<br \/>\nSistemas de desinfecci\u00f3n de spa<br \/>\nVlvulas de control<br \/>\nVlvulas para spa<br \/>\nVGB Spa Suctions<br \/>\nSkimmers y filtros para spa<br \/>\nSKIMMERS Y FILTROS<br \/>\nInyectores de aire<br \/>\nArtculos de lnea blanca<br \/>\nColectores y adaptadores<br \/>\nAccesorios<br \/>\nAccesorios y herramientas<br \/>\n<img decoding=\"async\" width=\"2000\" height=\"548\" src=\"https:\/\/www.c-m-p.com\/wp-content\/uploads\/2018\/05\/spa-water-back-image-break.jpg\" class=\"attachment-full size-full\" alt=\"\" loading=\"lazy\" srcset=\"https:\/\/www.c-m-p.com\/wp-content\/uploads\/2018\/05\/spa-water-back-image-break.jpg 2000w, https:\/\/www.c-m-p.com\/wp-content\/uploads\/2018\/05\/spa-water-back-image-break-300x82.jpg 300w, https:\/\/www.c-m-p.com\/wp-content\/uploads\/2018\/05\/spa-water-back-image-break-768x210.jpg 768w, https:\/\/www.c-m-p.com\/wp-content\/uploads\/2018\/05\/spa-water-back-image-break-1024x281.jpg 1024w, https:\/\/www.c-m-p.com\/wp-content\/uploads\/2018\/05\/spa-water-back-image-break-568x156.jpg 568w, https:\/\/www.c-m-p.com\/wp-content\/uploads\/2018\/05\/spa-water-back-image-break-235x64.jpg 235w, https:\/\/www.c-m-p.com\/wp-content\/uploads\/2018\/05\/spa-water-back-image-break-307x84.jpg 307w\" sizes=\"auto, (max-width: 2000px) 100vw, 2000px\" \/><br \/>\nARCH ES EL NUEVO NEGRO<br \/>\n\u00bfEs esta la cascada m\u00e1s vers\u00e1til que existe? Puede ser . . .<br \/>\n\u00bfHA SIDO TOCADA POR AIR X?<br \/>\nCada spa debe incluir esta experiencia de terapia \u00fanica<br \/>\nYOUR CMP PREMIER DESIGN TEAM<br \/>\n<div class=\"eds-animate edsanimate-sis-hidden \" data-eds-entry-animation=\"fadeIn\" data-eds-entry-delay=\"0\" data-eds-entry-duration=\"0.5\" data-eds-entry-timing=\"linear\" data-eds-exit-animation=\"\" data-eds-exit-delay=\"\" data-eds-exit-duration=\"\" data-eds-exit-timing=\"\" data-eds-repeat-count=\"1\" data-eds-keep=\"yes\" data-eds-animate-on=\"scroll\" data-eds-scroll-offset=\"75\"><\/p>\n<p>\u00bfSab\u00eda que CMP es el \u00fanico proveedor con un departamento completo dedicado a la innovaci\u00f3n y el dise\u00f1o personalizado para OEM? Nuestro equipo est\u00e1 dedicado a brindar soluciones que lo har\u00e1n destacar entre la multitud.<\/p>\n<p>Nuestros sistemas de productos basados en plataformas facilitan la personalizaci\u00f3n con bajos costos de herramientas y plazos de entrega m\u00e1s r\u00e1pidos. CMP tambi\u00e9n puede trabajar con su equipo para dise\u00f1ar algo completamente nuevo.<\/p>\n<p><\/div><br \/>\n<img decoding=\"async\" width=\"1200\" height=\"438\" src=\"https:\/\/www.c-m-p.com\/wp-content\/uploads\/2018\/03\/trinetic-neck-jet-on-imagebrak.jpg\" class=\"attachment-full size-full\" alt=\"\" loading=\"lazy\" srcset=\"https:\/\/www.c-m-p.com\/wp-content\/uploads\/2018\/03\/trinetic-neck-jet-on-imagebrak.jpg 1200w, https:\/\/www.c-m-p.com\/wp-content\/uploads\/2018\/03\/trinetic-neck-jet-on-imagebrak-300x110.jpg 300w, https:\/\/www.c-m-p.com\/wp-content\/uploads\/2018\/03\/trinetic-neck-jet-on-imagebrak-768x280.jpg 768w, https:\/\/www.c-m-p.com\/wp-content\/uploads\/2018\/03\/trinetic-neck-jet-on-imagebrak-1024x374.jpg 1024w, https:\/\/www.c-m-p.com\/wp-content\/uploads\/2018\/03\/trinetic-neck-jet-on-imagebrak-568x207.jpg 568w, https:\/\/www.c-m-p.com\/wp-content\/uploads\/2018\/03\/trinetic-neck-jet-on-imagebrak-235x86.jpg 235w, https:\/\/www.c-m-p.com\/wp-content\/uploads\/2018\/03\/trinetic-neck-jet-on-imagebrak-307x112.jpg 307w\" sizes=\"auto, (max-width: 1200px) 100vw, 1200px\" \/><br \/>\nVIDEO POPULAR DE INSTALACI\u00d3N DE SQR<br \/>\n<img decoding=\"async\" width=\"131\" height=\"186\" src=\"https:\/\/www.c-m-p.com\/wp-content\/uploads\/2016\/01\/sqr-catalog-button.png\" class=\"attachment-full size-full\" alt=\"\" loading=\"lazy\" \/><br \/>\n\u00bfCu\u00e1nto m\u00e1s eficiente es SQR? Vea nuestros videos comparativos uno al lado del otro.<br \/>\nNUEVOS SISTEMAS DESINFECTANTES<br \/>\n<img decoding=\"async\" width=\"600\" height=\"334\" src=\"https:\/\/www.c-m-p.com\/wp-content\/uploads\/2018\/05\/apgu-feature.png\" class=\"attachment-full size-full\" alt=\"\" loading=\"lazy\" srcset=\"https:\/\/www.c-m-p.com\/wp-content\/uploads\/2018\/05\/apgu-feature.png 600w, https:\/\/www.c-m-p.com\/wp-content\/uploads\/2018\/05\/apgu-feature-300x167.png 300w, https:\/\/www.c-m-p.com\/wp-content\/uploads\/2018\/05\/apgu-feature-568x316.png 568w, https:\/\/www.c-m-p.com\/wp-content\/uploads\/2018\/05\/apgu-feature-235x131.png 235w, https:\/\/www.c-m-p.com\/wp-content\/uploads\/2018\/05\/apgu-feature-307x171.png 307w\" sizes=\"auto, (max-width: 600px) 100vw, 600px\" \/><br \/>\n\u00bfSab\u00edas que DEL (antes DEL Ozone) ahora forma parte de CMP?<br \/>\nEDICI\u00d3N ESPECIAL SERIE 200<br \/>\n<img decoding=\"async\" width=\"500\" height=\"511\" src=\"https:\/\/www.c-m-p.com\/wp-content\/uploads\/2018\/03\/200-Series-SE-close.jpg\" class=\"attachment-full size-full\" alt=\"\" loading=\"lazy\" srcset=\"https:\/\/www.c-m-p.com\/wp-content\/uploads\/2018\/03\/200-Series-SE-close.jpg 500w, https:\/\/www.c-m-p.com\/wp-content\/uploads\/2018\/03\/200-Series-SE-close-294x300.jpg 294w, https:\/\/www.c-m-p.com\/wp-content\/uploads\/2018\/03\/200-Series-SE-close-235x240.jpg 235w, https:\/\/www.c-m-p.com\/wp-content\/uploads\/2018\/03\/200-Series-SE-close-307x314.jpg 307w\" sizes=\"auto, (max-width: 500px) 100vw, 500px\" \/><br \/>\nNuestros exclusivos jets SE de la Serie 200 se ajustan a un jet de estilo de 3 \u00aben un cuerpo de 2\u00bb para una apariencia m\u00e1s emocionante en el spa.<br \/>\nNO SOLO ESTAMOS CONSTRUYENDO PRODUCTOS: ESTAMOS CONSTRUYENDO PLATAFORMAS DE DISE\u00d1O TOTALES<\/p>\n<p>La industria del spa es vibrante e innovadora, llena de dise\u00f1adores talentosos y equipos apasionados. Es por eso que queremos hacer m\u00e1s que venderle un nuevo producto. Queremos venderle plataformas que fomenten la innovaci\u00f3n, repensar sistemas antiguos y mejorar todo su proceso.<\/p>\n<p>CMP se dedica a promover la industria de los jacuzzis, trabajando con OEM innovadores para crear spas que satisfagan las necesidades recreativas, terap\u00e9uticas y de relaci\u00f3n de sus clientes. Nuestro dedicado equipo de servicio al cliente, representantes y profesionales del dise\u00f1o est\u00e1 comprometido a brindar soluciones totales que permitan a los profesionales del spa crear mejores productos. Siempre estamos trabajando para mejorar nuestros productos y desempe\u00f1o.<\/p>\n<p>Con cada dise\u00f1o y sistema de CMP, lo estamos preparando para el \u00e9xito prestando atenci\u00f3n a las peque\u00f1as cosas. <i> Eso es lo que marca la diferencia. <\/i> Y cuando la diferencia est\u00e1 en los detalles, <b> todo importa. <\/b><\/p>\n<p><b>\u00a0<\/b><\/p>\n<p><div class=\"eds-animate edsanimate-sis-hidden \" data-eds-entry-animation=\"fadeInUp\" data-eds-entry-delay=\"0\" data-eds-entry-duration=\"0.5\" data-eds-entry-timing=\"linear\" data-eds-exit-animation=\"\" data-eds-exit-delay=\"\" data-eds-exit-duration=\"\" data-eds-exit-timing=\"\" data-eds-repeat-count=\"1\" data-eds-keep=\"yes\" data-eds-animate-on=\"scroll\" data-eds-scroll-offset=\"75\"><img loading=\"lazy\" decoding=\"async\" class=\"aligncenter size-full wp-image-40795\" src=\"https:\/\/www.c-m-p.com\/wp-content\/uploads\/2018\/05\/cmp-spa-logo-full-width.png\" alt=\"\" width=\"650\" height=\"141\" srcset=\"https:\/\/www.c-m-p.com\/wp-content\/uploads\/2018\/05\/cmp-spa-logo-full-width.png 650w, https:\/\/www.c-m-p.com\/wp-content\/uploads\/2018\/05\/cmp-spa-logo-full-width-300x65.png 300w, https:\/\/www.c-m-p.com\/wp-content\/uploads\/2018\/05\/cmp-spa-logo-full-width-568x123.png 568w, https:\/\/www.c-m-p.com\/wp-content\/uploads\/2018\/05\/cmp-spa-logo-full-width-235x51.png 235w, https:\/\/www.c-m-p.com\/wp-content\/uploads\/2018\/05\/cmp-spa-logo-full-width-307x67.png 307w\" sizes=\"auto, (max-width: 650px) 100vw, 650px\" \/><\/div><\/p>\n<p>&nbsp;<br \/>\n&nbsp;<\/p>\n<p>&nbsp;<\/p>\n<p>&nbsp;<\/p>\n<p>&nbsp;<\/p>\n<p>&nbsp;<\/p>\n<p>&nbsp;<\/p>\n<p>&nbsp;<br \/>\n<img decoding=\"async\" width=\"2000\" height=\"548\" src=\"https:\/\/www.c-m-p.com\/wp-content\/uploads\/2018\/05\/spa-peek-image-break-2.png\" class=\"attachment-full size-full\" alt=\"\" loading=\"lazy\" srcset=\"https:\/\/www.c-m-p.com\/wp-content\/uploads\/2018\/05\/spa-peek-image-break-2.png 2000w, https:\/\/www.c-m-p.com\/wp-content\/uploads\/2018\/05\/spa-peek-image-break-2-300x82.png 300w, https:\/\/www.c-m-p.com\/wp-content\/uploads\/2018\/05\/spa-peek-image-break-2-768x210.png 768w, https:\/\/www.c-m-p.com\/wp-content\/uploads\/2018\/05\/spa-peek-image-break-2-1024x281.png 1024w, https:\/\/www.c-m-p.com\/wp-content\/uploads\/2018\/05\/spa-peek-image-break-2-568x156.png 568w, https:\/\/www.c-m-p.com\/wp-content\/uploads\/2018\/05\/spa-peek-image-break-2-235x64.png 235w, https:\/\/www.c-m-p.com\/wp-content\/uploads\/2018\/05\/spa-peek-image-break-2-307x84.png 307w\" sizes=\"auto, (max-width: 2000px) 100vw, 2000px\" \/><\/p>\n","protected":false},"excerpt":{"rendered":"<p>Visor de cat\u00e1logo \/catalog\/spa-catalog ENCUENTRA UN REPRESENTANTE \/customer-service\/spa-reps\/ nuevos productos de spa \/spa-new @@@UPCfoo@@@ Cuerpos de chorros SQR Chorros para spa Iluminacin para spa Las caracter\u00edsticas del agua Sistemas de desinfecci\u00f3n de spa Vlvulas de control Vlvulas para spa VGB Spa Suctions Skimmers y filtros para spa SKIMMERS Y FILTROS Inyectores de aire Artculos de&#8230;  <a href=\"https:\/\/www.c-m-p.com\/es\/productos-para-spa\/\" title=\"Read Productos de Spa\">Read more &raquo;<\/a><\/p>\n","protected":false},"author":1,"featured_media":0,"parent":0,"menu_order":20,"comment_status":"open","ping_status":"open","template":"rci-flex-template.php","meta":{"_acf_changed":false,"_oasis_is_in_workflow":0,"_oasis_original":0,"_mi_skip_tracking":false,"_monsterinsights_sitenote_active":false,"_monsterinsights_sitenote_note":"","_monsterinsights_sitenote_category":0,"footnotes":""},"class_list":["post-68846","page","type-page","status-publish","hentry"],"acf":[],"yoast_head":"<!-- This site is optimized with the Yoast SEO plugin v27.2 - https:\/\/yoast.com\/product\/yoast-seo-wordpress\/ -->\n<title>Productos de Spa - CMP<\/title>\n<meta name=\"robots\" content=\"index, follow, max-snippet:-1, max-image-preview:large, max-video-preview:-1\" \/>\n<link rel=\"canonical\" href=\"https:\/\/c-m-p.com\/es\/productos-para-spa\/\" \/>\n<meta property=\"og:locale\" content=\"es_ES\" \/>\n<meta property=\"og:type\" content=\"article\" \/>\n<meta property=\"og:title\" content=\"Productos de Spa - CMP\" \/>\n<meta property=\"og:description\" content=\"Visor de cat\u00e1logo \/catalog\/spa-catalog ENCUENTRA UN REPRESENTANTE \/customer-service\/spa-reps\/ nuevos productos de spa \/spa-new @@@UPCfoo@@@ Cuerpos de chorros SQR Chorros para spa Iluminacin para spa Las caracter\u00edsticas del agua Sistemas de desinfecci\u00f3n de spa Vlvulas de control Vlvulas para spa VGB Spa Suctions Skimmers y filtros para spa SKIMMERS Y FILTROS Inyectores de aire Artculos de... Read more &raquo;\" \/>\n<meta property=\"og:url\" content=\"https:\/\/c-m-p.com\/es\/productos-para-spa\/\" \/>\n<meta property=\"og:site_name\" content=\"CMP\" \/>\n<meta property=\"article:modified_time\" content=\"2021-07-30T12:23:11+00:00\" \/>\n<meta property=\"og:image\" content=\"https:\/\/c-m-p.com\/wp-content\/uploads\/2018\/02\/spa-catalog-icon.png\" \/>\n<meta name=\"twitter:label1\" content=\"Tiempo de lectura\" \/>\n\t<meta name=\"twitter:data1\" content=\"2 minutos\" \/>\n<script type=\"application\/ld+json\" class=\"yoast-schema-graph\">{\"@context\":\"https:\/\/schema.org\",\"@graph\":[{\"@type\":\"WebPage\",\"@id\":\"https:\/\/c-m-p.com\/es\/productos-para-spa\/\",\"url\":\"https:\/\/c-m-p.com\/es\/productos-para-spa\/\",\"name\":\"Productos de Spa - CMP\",\"isPartOf\":{\"@id\":\"https:\/\/c-m-p.com\/#website\"},\"primaryImageOfPage\":{\"@id\":\"https:\/\/c-m-p.com\/es\/productos-para-spa\/#primaryimage\"},\"image\":{\"@id\":\"https:\/\/c-m-p.com\/es\/productos-para-spa\/#primaryimage\"},\"thumbnailUrl\":\"https:\/\/www.c-m-p.com\/wp-content\/uploads\/2018\/02\/spa-catalog-icon.png\",\"datePublished\":\"2013-05-21T19:04:06+00:00\",\"dateModified\":\"2021-07-30T12:23:11+00:00\",\"breadcrumb\":{\"@id\":\"https:\/\/c-m-p.com\/es\/productos-para-spa\/#breadcrumb\"},\"inLanguage\":\"es\",\"potentialAction\":[{\"@type\":\"ReadAction\",\"target\":[\"https:\/\/c-m-p.com\/es\/productos-para-spa\/\"]}]},{\"@type\":\"ImageObject\",\"inLanguage\":\"es\",\"@id\":\"https:\/\/c-m-p.com\/es\/productos-para-spa\/#primaryimage\",\"url\":\"https:\/\/www.c-m-p.com\/wp-content\/uploads\/2018\/02\/spa-catalog-icon.png\",\"contentUrl\":\"https:\/\/www.c-m-p.com\/wp-content\/uploads\/2018\/02\/spa-catalog-icon.png\"},{\"@type\":\"BreadcrumbList\",\"@id\":\"https:\/\/c-m-p.com\/es\/productos-para-spa\/#breadcrumb\",\"itemListElement\":[{\"@type\":\"ListItem\",\"position\":1,\"name\":\"Home\",\"item\":\"https:\/\/c-m-p.com\/es\/\"},{\"@type\":\"ListItem\",\"position\":2,\"name\":\"Productos de Spa\"}]},{\"@type\":\"WebSite\",\"@id\":\"https:\/\/c-m-p.com\/#website\",\"url\":\"https:\/\/c-m-p.com\/\",\"name\":\"CMP\",\"description\":\"Pool Products, Spa and Hot Tub Products\",\"publisher\":{\"@id\":\"https:\/\/c-m-p.com\/#organization\"},\"potentialAction\":[{\"@type\":\"SearchAction\",\"target\":{\"@type\":\"EntryPoint\",\"urlTemplate\":\"https:\/\/c-m-p.com\/?s={search_term_string}\"},\"query-input\":{\"@type\":\"PropertyValueSpecification\",\"valueRequired\":true,\"valueName\":\"search_term_string\"}}],\"inLanguage\":\"es\"},{\"@type\":\"Organization\",\"@id\":\"https:\/\/c-m-p.com\/#organization\",\"name\":\"CMP Pool & Spa Products\",\"url\":\"https:\/\/c-m-p.com\/\",\"logo\":{\"@type\":\"ImageObject\",\"inLanguage\":\"es\",\"@id\":\"https:\/\/c-m-p.com\/#\/schema\/logo\/image\/\",\"url\":\"https:\/\/43ab809dfe.nxcli.io\/wp-content\/uploads\/2013\/10\/2013-CMP-Logo.jpg\",\"contentUrl\":\"https:\/\/43ab809dfe.nxcli.io\/wp-content\/uploads\/2013\/10\/2013-CMP-Logo.jpg\",\"width\":1000,\"height\":247,\"caption\":\"CMP Pool & Spa Products\"},\"image\":{\"@id\":\"https:\/\/c-m-p.com\/#\/schema\/logo\/image\/\"}}]}<\/script>\n<!-- \/ Yoast SEO plugin. -->","yoast_head_json":{"title":"Productos de Spa - CMP","robots":{"index":"index","follow":"follow","max-snippet":"max-snippet:-1","max-image-preview":"max-image-preview:large","max-video-preview":"max-video-preview:-1"},"canonical":"https:\/\/c-m-p.com\/es\/productos-para-spa\/","og_locale":"es_ES","og_type":"article","og_title":"Productos de Spa - CMP","og_description":"Visor de cat\u00e1logo \/catalog\/spa-catalog ENCUENTRA UN REPRESENTANTE \/customer-service\/spa-reps\/ nuevos productos de spa \/spa-new @@@UPCfoo@@@ Cuerpos de chorros SQR Chorros para spa Iluminacin para spa Las caracter\u00edsticas del agua Sistemas de desinfecci\u00f3n de spa Vlvulas de control Vlvulas para spa VGB Spa Suctions Skimmers y filtros para spa SKIMMERS Y FILTROS Inyectores de aire Artculos de... Read more &raquo;","og_url":"https:\/\/c-m-p.com\/es\/productos-para-spa\/","og_site_name":"CMP","article_modified_time":"2021-07-30T12:23:11+00:00","og_image":[{"url":"https:\/\/c-m-p.com\/wp-content\/uploads\/2018\/02\/spa-catalog-icon.png","type":"","width":"","height":""}],"twitter_misc":{"Tiempo de lectura":"2 minutos"},"schema":{"@context":"https:\/\/schema.org","@graph":[{"@type":"WebPage","@id":"https:\/\/c-m-p.com\/es\/productos-para-spa\/","url":"https:\/\/c-m-p.com\/es\/productos-para-spa\/","name":"Productos de Spa - CMP","isPartOf":{"@id":"https:\/\/c-m-p.com\/#website"},"primaryImageOfPage":{"@id":"https:\/\/c-m-p.com\/es\/productos-para-spa\/#primaryimage"},"image":{"@id":"https:\/\/c-m-p.com\/es\/productos-para-spa\/#primaryimage"},"thumbnailUrl":"https:\/\/www.c-m-p.com\/wp-content\/uploads\/2018\/02\/spa-catalog-icon.png","datePublished":"2013-05-21T19:04:06+00:00","dateModified":"2021-07-30T12:23:11+00:00","breadcrumb":{"@id":"https:\/\/c-m-p.com\/es\/productos-para-spa\/#breadcrumb"},"inLanguage":"es","potentialAction":[{"@type":"ReadAction","target":["https:\/\/c-m-p.com\/es\/productos-para-spa\/"]}]},{"@type":"ImageObject","inLanguage":"es","@id":"https:\/\/c-m-p.com\/es\/productos-para-spa\/#primaryimage","url":"https:\/\/www.c-m-p.com\/wp-content\/uploads\/2018\/02\/spa-catalog-icon.png","contentUrl":"https:\/\/www.c-m-p.com\/wp-content\/uploads\/2018\/02\/spa-catalog-icon.png"},{"@type":"BreadcrumbList","@id":"https:\/\/c-m-p.com\/es\/productos-para-spa\/#breadcrumb","itemListElement":[{"@type":"ListItem","position":1,"name":"Home","item":"https:\/\/c-m-p.com\/es\/"},{"@type":"ListItem","position":2,"name":"Productos de Spa"}]},{"@type":"WebSite","@id":"https:\/\/c-m-p.com\/#website","url":"https:\/\/c-m-p.com\/","name":"CMP","description":"Pool Products, Spa and Hot Tub Products","publisher":{"@id":"https:\/\/c-m-p.com\/#organization"},"potentialAction":[{"@type":"SearchAction","target":{"@type":"EntryPoint","urlTemplate":"https:\/\/c-m-p.com\/?s={search_term_string}"},"query-input":{"@type":"PropertyValueSpecification","valueRequired":true,"valueName":"search_term_string"}}],"inLanguage":"es"},{"@type":"Organization","@id":"https:\/\/c-m-p.com\/#organization","name":"CMP Pool & Spa Products","url":"https:\/\/c-m-p.com\/","logo":{"@type":"ImageObject","inLanguage":"es","@id":"https:\/\/c-m-p.com\/#\/schema\/logo\/image\/","url":"https:\/\/43ab809dfe.nxcli.io\/wp-content\/uploads\/2013\/10\/2013-CMP-Logo.jpg","contentUrl":"https:\/\/43ab809dfe.nxcli.io\/wp-content\/uploads\/2013\/10\/2013-CMP-Logo.jpg","width":1000,"height":247,"caption":"CMP Pool & Spa Products"},"image":{"@id":"https:\/\/c-m-p.com\/#\/schema\/logo\/image\/"}}]}},"_links":{"self":[{"href":"https:\/\/www.c-m-p.com\/es\/wp-json\/wp\/v2\/pages\/68846","targetHints":{"allow":["GET"]}}],"collection":[{"href":"https:\/\/www.c-m-p.com\/es\/wp-json\/wp\/v2\/pages"}],"about":[{"href":"https:\/\/www.c-m-p.com\/es\/wp-json\/wp\/v2\/types\/page"}],"author":[{"embeddable":true,"href":"https:\/\/www.c-m-p.com\/es\/wp-json\/wp\/v2\/users\/1"}],"replies":[{"embeddable":true,"href":"https:\/\/www.c-m-p.com\/es\/wp-json\/wp\/v2\/comments?post=68846"}],"version-history":[{"count":0,"href":"https:\/\/www.c-m-p.com\/es\/wp-json\/wp\/v2\/pages\/68846\/revisions"}],"wp:attachment":[{"href":"https:\/\/www.c-m-p.com\/es\/wp-json\/wp\/v2\/media?parent=68846"}],"curies":[{"name":"wp","href":"https:\/\/api.w.org\/{rel}","templated":true}]}}