{"id":68866,"date":"2019-06-10T10:40:06","date_gmt":"2019-06-10T15:40:06","guid":{"rendered":"https:\/\/43ab809dfe.nxcli.io\/productos-para-spa\/spa-sanitizers\/"},"modified":"2021-08-02T04:25:26","modified_gmt":"2021-08-02T09:25:26","slug":"desinfectantes-para-spa","status":"publish","type":"page","link":"https:\/\/www.c-m-p.com\/es\/productos-para-spa\/desinfectantes-para-spa\/","title":{"rendered":"Sistemas de desinfecci\u00f3n de spa"},"content":{"rendered":"<img loading=\"lazy\" decoding=\"async\" class=\"aligncenter wp-image-44867 size-large\" src=\"https:\/\/www.c-m-p.com\/wp-content\/uploads\/2018\/11\/sanitizers-DEL-Logo-1024x460.png\" alt=\"\" width=\"1024\" height=\"460\" srcset=\"https:\/\/www.c-m-p.com\/wp-content\/uploads\/2018\/11\/sanitizers-DEL-Logo-1024x460.png 1024w, https:\/\/www.c-m-p.com\/wp-content\/uploads\/2018\/11\/sanitizers-DEL-Logo-300x135.png 300w, https:\/\/www.c-m-p.com\/wp-content\/uploads\/2018\/11\/sanitizers-DEL-Logo-768x345.png 768w, https:\/\/www.c-m-p.com\/wp-content\/uploads\/2018\/11\/sanitizers-DEL-Logo-568x255.png 568w, https:\/\/www.c-m-p.com\/wp-content\/uploads\/2018\/11\/sanitizers-DEL-Logo-235x106.png 235w, https:\/\/www.c-m-p.com\/wp-content\/uploads\/2018\/11\/sanitizers-DEL-Logo-307x138.png 307w, https:\/\/www.c-m-p.com\/wp-content\/uploads\/2018\/11\/sanitizers-DEL-Logo.png 2000w\" sizes=\"auto, (max-width: 1024px) 100vw, 1024px\" \/>\n<hr \/>\n<p>&nbsp;<br \/>\nSISTEMAS DESINFECTANTES DE SPA<br \/>\n<img decoding=\"async\" width=\"200\" height=\"200\" src=\"https:\/\/www.c-m-p.com\/wp-content\/uploads\/2019\/06\/aop-spa-aquanova-feature-circle-lg.png\" class=\"attachment-full size-full\" alt=\"\" loading=\"lazy\" srcset=\"https:\/\/www.c-m-p.com\/wp-content\/uploads\/2019\/06\/aop-spa-aquanova-feature-circle-lg.png 200w, https:\/\/www.c-m-p.com\/wp-content\/uploads\/2019\/06\/aop-spa-aquanova-feature-circle-lg-150x150.png 150w\" sizes=\"auto, (max-width: 200px) 100vw, 200px\" \/><br \/>\nLos desinfectantes m\u00e1s potentes para los jacuzzis del patio trasero<br \/>\n<img decoding=\"async\" width=\"200\" height=\"200\" src=\"https:\/\/www.c-m-p.com\/wp-content\/uploads\/2021\/05\/DEL-Ozone-Spa-feature-circle_light-gray.png\" class=\"attachment-full size-full\" alt=\"\" loading=\"lazy\" srcset=\"https:\/\/www.c-m-p.com\/wp-content\/uploads\/2021\/05\/DEL-Ozone-Spa-feature-circle_light-gray.png 200w, https:\/\/www.c-m-p.com\/wp-content\/uploads\/2021\/05\/DEL-Ozone-Spa-feature-circle_light-gray-150x150.png 150w\" sizes=\"auto, (max-width: 200px) 100vw, 200px\" \/><br \/>\nAgua m\u00e1s segura, limpia y clara<br \/>\npara ba\u00f1eras de hidromasaje<br \/>\n<img decoding=\"async\" width=\"200\" height=\"200\" src=\"https:\/\/www.c-m-p.com\/wp-content\/uploads\/2019\/06\/apg-u-feature-circle.png\" class=\"attachment-full size-full\" alt=\"\" loading=\"lazy\" srcset=\"https:\/\/www.c-m-p.com\/wp-content\/uploads\/2019\/06\/apg-u-feature-circle.png 200w, https:\/\/www.c-m-p.com\/wp-content\/uploads\/2019\/06\/apg-u-feature-circle-150x150.png 150w\" sizes=\"auto, (max-width: 200px) 100vw, 200px\" \/><br \/>\nLos sistemas heredados a\u00fan est\u00e1n disponibles<br \/>\nde CMP<br \/>\n<img decoding=\"async\" width=\"200\" height=\"200\" src=\"https:\/\/www.c-m-p.com\/wp-content\/uploads\/2019\/06\/swirl-ozone-sqr-feature-circle.png\" class=\"attachment-full size-full\" alt=\"\" loading=\"lazy\" srcset=\"https:\/\/www.c-m-p.com\/wp-content\/uploads\/2019\/06\/swirl-ozone-sqr-feature-circle.png 200w, https:\/\/www.c-m-p.com\/wp-content\/uploads\/2019\/06\/swirl-ozone-sqr-feature-circle-150x150.png 150w\" sizes=\"auto, (max-width: 200px) 100vw, 200px\" \/><br \/>\nAccesorios de retorno de ozono para productos desinfectantes de spa en una variedad de estilos<br \/>\n<img decoding=\"async\" width=\"2000\" height=\"548\" src=\"https:\/\/www.c-m-p.com\/wp-content\/uploads\/2018\/05\/spa-feet-image-break.jpg\" class=\"attachment-full size-full\" alt=\"\" loading=\"lazy\" srcset=\"https:\/\/www.c-m-p.com\/wp-content\/uploads\/2018\/05\/spa-feet-image-break.jpg 2000w, https:\/\/www.c-m-p.com\/wp-content\/uploads\/2018\/05\/spa-feet-image-break-300x82.jpg 300w, https:\/\/www.c-m-p.com\/wp-content\/uploads\/2018\/05\/spa-feet-image-break-768x210.jpg 768w, https:\/\/www.c-m-p.com\/wp-content\/uploads\/2018\/05\/spa-feet-image-break-1024x281.jpg 1024w, https:\/\/www.c-m-p.com\/wp-content\/uploads\/2018\/05\/spa-feet-image-break-568x156.jpg 568w, https:\/\/www.c-m-p.com\/wp-content\/uploads\/2018\/05\/spa-feet-image-break-235x64.jpg 235w, https:\/\/www.c-m-p.com\/wp-content\/uploads\/2018\/05\/spa-feet-image-break-307x84.jpg 307w\" sizes=\"auto, (max-width: 2000px) 100vw, 2000px\" \/><\/p>\n<p style=\"text-align: center;\"><em> Creemos que el mejor agua de spa se obtiene con una peque\u00f1a cantidad de desinfectante residual, combinado con un desinfectante avanzado potente. Este combo crea agua limpia y clara para los ba\u00f1istas, con sistemas que descomponen y destruyen todos los contaminantes. A esto lo llamamos <strong> The Complete Modern Spa. &#x2122; <\/strong> <\/em><\/p>\n<p>&nbsp;<\/p>\n<h2 style=\"text-align: center;\"><b> LA TECNOLOG\u00cdA ADECUADA <\/b><\/h2>\n<p style=\"text-align: center;\">A trav\u00e9s de los productos Ozone y AOP, encuentre la combinaci\u00f3n de desinfectante perfecta para cada spa. Los productos DEL representan la tecnolog\u00eda desinfectante m\u00e1s avanzada de la industria.<\/p>\n<h2><\/h2>\n<h2 style=\"text-align: center;\"><b>EL TAMA\u00d1O ADECUADO<\/b><\/h2>\n<p style=\"text-align: center;\">Los productos desinfectantes avanzados DEL de CMP ofrecen la l\u00ednea de productos desinfectantes m\u00e1s completa y eficaz para spas. Simple de entender e implementar, con dos tecnolog\u00edas disponibles en tama\u00f1os de salida Spa y Swim Spa.<\/p>\n<h2><\/h2>\n<h2 style = \"text-align: center;\"> <b> LOS PRODUCTOS ADECUADOS <\/b> <\/h2>\n<p style = \"text-align: center;\"> Mediante la implementaci\u00f3n de ingenier\u00eda de primera de DEL &#038; amp; Aqua Sun Ozone, CMP ha reunido los productos mejor construidos disponibles. Todos los productos DEL utilizan celdas de descarga de corona modernas que son casi a prueba de balas, con una vida extremadamente larga. Los productos DEL para spas y spas de nataci\u00f3n son compactos, f\u00e1ciles de instalar y de mantener. <Span class = \"Apple-convertido-space\"> <\/span> <\/p>\n<p>&nbsp;<\/p>\n<h1><img loading=\"lazy\" decoding=\"async\" class=\"aligncenter wp-image-31665\" src=\"https:\/\/www.c-m-p.com\/wp-content\/uploads\/2018\/03\/reduce-chemical-icon-white-01-199x300.png\" alt=\"\" width=\"100\" height=\"151\" srcset=\"https:\/\/www.c-m-p.com\/wp-content\/uploads\/2018\/03\/reduce-chemical-icon-white-01-199x300.png 199w, https:\/\/www.c-m-p.com\/wp-content\/uploads\/2018\/03\/reduce-chemical-icon-white-01-568x856.png 568w, https:\/\/www.c-m-p.com\/wp-content\/uploads\/2018\/03\/reduce-chemical-icon-white-01-235x354.png 235w, https:\/\/www.c-m-p.com\/wp-content\/uploads\/2018\/03\/reduce-chemical-icon-white-01-307x463.png 307w, https:\/\/www.c-m-p.com\/wp-content\/uploads\/2018\/03\/reduce-chemical-icon-white-01.png 592w\" sizes=\"auto, (max-width: 100px) 100vw, 100px\" \/><\/h1>\n<h1> Reducir la demanda de productos qu\u00edmicos <\/h1>\n<p>Al permitir que su sistema Advanced Sanitizer act\u00fae r\u00e1pidamente sobre los contaminantes de la piscina, el cloro es libre de trabajar mejor. Esto reduce la demanda de productos qu\u00edmicos y reduce en gran medida la cantidad de productos qu\u00edmicos que deben agregarse al agua. Cada jacuzzi puede experimentar una reducci\u00f3n en los productos qu\u00edmicos y una reducci\u00f3n en los costos qu\u00edmicos anuales.<br \/>\n<img decoding=\"async\" width=\"1401\" height=\"398\" src=\"https:\/\/www.c-m-p.com\/wp-content\/uploads\/2018\/03\/aop-green-zoom-splash-bg.jpg\" class=\"attachment-full size-full\" alt=\"\" loading=\"lazy\" srcset=\"https:\/\/www.c-m-p.com\/wp-content\/uploads\/2018\/03\/aop-green-zoom-splash-bg.jpg 1401w, https:\/\/www.c-m-p.com\/wp-content\/uploads\/2018\/03\/aop-green-zoom-splash-bg-300x85.jpg 300w, https:\/\/www.c-m-p.com\/wp-content\/uploads\/2018\/03\/aop-green-zoom-splash-bg-768x218.jpg 768w, https:\/\/www.c-m-p.com\/wp-content\/uploads\/2018\/03\/aop-green-zoom-splash-bg-1024x291.jpg 1024w, https:\/\/www.c-m-p.com\/wp-content\/uploads\/2018\/03\/aop-green-zoom-splash-bg-568x161.jpg 568w, https:\/\/www.c-m-p.com\/wp-content\/uploads\/2018\/03\/aop-green-zoom-splash-bg-235x67.jpg 235w, https:\/\/www.c-m-p.com\/wp-content\/uploads\/2018\/03\/aop-green-zoom-splash-bg-307x87.jpg 307w\" sizes=\"auto, (max-width: 1401px) 100vw, 1401px\" \/><\/p>\n<h1><img loading=\"lazy\" decoding=\"async\" class=\"aligncenter size-full wp-image-32003\" src=\"https:\/\/www.c-m-p.com\/wp-content\/uploads\/2018\/03\/monster-pathogen-emoji-icon.png\" alt=\"\" width=\"200\" height=\"200\" srcset=\"https:\/\/www.c-m-p.com\/wp-content\/uploads\/2018\/03\/monster-pathogen-emoji-icon.png 200w, https:\/\/www.c-m-p.com\/wp-content\/uploads\/2018\/03\/monster-pathogen-emoji-icon-150x150.png 150w\" sizes=\"auto, (max-width: 200px) 100vw, 200px\" \/><\/h1>\n<h1> Destruye los organismos resistentes a los productos qu\u00edmicos <\/h1>\n<p>AOP, Ozono y UV pueden destruir o inactivar contaminantes peligrosos que pueden estar presentes en cualquier spa de jard\u00edn. Estos desinfectantes avanzados son eficaces contra microorganismos como <i> Cryptosporidium <\/i>, virus, bacterias y otros pat\u00f3genos.<br \/>\n<img decoding=\"async\" width=\"1401\" height=\"398\" src=\"https:\/\/www.c-m-p.com\/wp-content\/uploads\/2018\/03\/orange-gradient-zoom-splash-bg.png\" class=\"attachment-full size-full\" alt=\"\" loading=\"lazy\" srcset=\"https:\/\/www.c-m-p.com\/wp-content\/uploads\/2018\/03\/orange-gradient-zoom-splash-bg.png 1401w, https:\/\/www.c-m-p.com\/wp-content\/uploads\/2018\/03\/orange-gradient-zoom-splash-bg-300x85.png 300w, https:\/\/www.c-m-p.com\/wp-content\/uploads\/2018\/03\/orange-gradient-zoom-splash-bg-768x218.png 768w, https:\/\/www.c-m-p.com\/wp-content\/uploads\/2018\/03\/orange-gradient-zoom-splash-bg-1024x291.png 1024w, https:\/\/www.c-m-p.com\/wp-content\/uploads\/2018\/03\/orange-gradient-zoom-splash-bg-568x161.png 568w, https:\/\/www.c-m-p.com\/wp-content\/uploads\/2018\/03\/orange-gradient-zoom-splash-bg-235x67.png 235w, https:\/\/www.c-m-p.com\/wp-content\/uploads\/2018\/03\/orange-gradient-zoom-splash-bg-307x87.png 307w\" sizes=\"auto, (max-width: 1401px) 100vw, 1401px\" \/><br \/>\n<img decoding=\"async\" width=\"725\" height=\"372\" src=\"https:\/\/www.c-m-p.com\/wp-content\/uploads\/2019\/06\/aop-infinity-uv-ozone-symbol-feature.png\" class=\"attachment-full size-full\" alt=\"\" loading=\"lazy\" srcset=\"https:\/\/www.c-m-p.com\/wp-content\/uploads\/2019\/06\/aop-infinity-uv-ozone-symbol-feature.png 725w, https:\/\/www.c-m-p.com\/wp-content\/uploads\/2019\/06\/aop-infinity-uv-ozone-symbol-feature-300x154.png 300w, https:\/\/www.c-m-p.com\/wp-content\/uploads\/2019\/06\/aop-infinity-uv-ozone-symbol-feature-568x291.png 568w, https:\/\/www.c-m-p.com\/wp-content\/uploads\/2019\/06\/aop-infinity-uv-ozone-symbol-feature-235x121.png 235w, https:\/\/www.c-m-p.com\/wp-content\/uploads\/2019\/06\/aop-infinity-uv-ozone-symbol-feature-307x158.png 307w\" sizes=\"auto, (max-width: 725px) 100vw, 725px\" \/><br \/>\nAOP: EL DESINFECTANTE AVANZADO M\u00c1S PODEROSO<br \/>\nCuando la luz UV germicida (UV-C) y el ozono reaccionan a trav\u00e9s del Proceso de oxidaci\u00f3n avanzado (AOP), se producen poderosos radicales hidroxilo.<span class=\"Apple-converted-space\">\u00a0<\/span><\/p>\n<p>AOP es dram\u00e1ticamente m\u00e1s poderoso que otros desinfectantes, e incluso m\u00e1s poderoso que el ozono solo. Los radicales hidroxilo altamente inestables reaccionan con contaminantes a trav\u00e9s de fuertes reacciones de oxidaci\u00f3n. Este proceso ocurre casi <i> instant\u00e1neamente. <\/i><br \/>\n&nbsp;<\/p>\n<p>&nbsp;<br \/>\n<img decoding=\"async\" width=\"725\" height=\"499\" src=\"https:\/\/www.c-m-p.com\/wp-content\/uploads\/2019\/06\/ozone-oxidation-symbol-feature.png\" class=\"attachment-full size-full\" alt=\"\" loading=\"lazy\" srcset=\"https:\/\/www.c-m-p.com\/wp-content\/uploads\/2019\/06\/ozone-oxidation-symbol-feature.png 725w, https:\/\/www.c-m-p.com\/wp-content\/uploads\/2019\/06\/ozone-oxidation-symbol-feature-300x206.png 300w, https:\/\/www.c-m-p.com\/wp-content\/uploads\/2019\/06\/ozone-oxidation-symbol-feature-568x391.png 568w, https:\/\/www.c-m-p.com\/wp-content\/uploads\/2019\/06\/ozone-oxidation-symbol-feature-235x162.png 235w, https:\/\/www.c-m-p.com\/wp-content\/uploads\/2019\/06\/ozone-oxidation-symbol-feature-307x211.png 307w\" sizes=\"auto, (max-width: 725px) 100vw, 725px\" \/><br \/>\nEL OZONO CREA AGUA M\u00c1S SEGURA, LIMPIA Y CLARA<br \/>\nLos sistemas de ozono proporcionan agua limpia, clara y segura para su piscina, as\u00ed como una reducci\u00f3n significativa en el uso de desinfectantes qu\u00edmicos. <Span class = \"Apple-convertido-space\"> <\/span><\/p>\n<ul>\n<li> Destruye organismos resistentes a sustancias qu\u00edmicas <\/li>\n<li> oxida contaminantes <\/li>\n<li> Penetra la acumulaci\u00f3n de biopel\u00edculas <\/li>\n<li> Micro-clarifica el agua del spa <\/li>\n<li> Reduce la demanda de productos qu\u00edmicos <\/li>\n<\/ul>\n<p>Informaci\u00f3n importante para los clientes de Del Ozone y Aqua Sun Ozone.<br \/>\nEn 2017 y 2018, Del y ASO se convirtieron en parte de la familia de productos CMP. Los dos nombres m\u00e1s respetados y experimentados en ozono para spas port\u00e1tiles est\u00e1n ahora bajo el mismo techo.<\/p>\n<p>Como parte de esta transici\u00f3n, las dos l\u00edneas de productos se est\u00e1n fusionando para crear una l\u00ednea de productos completa con la mejor tecnolog\u00eda disponible. Esto es lo que necesita saber:<br \/>\nNombres de marca<br \/>\nTodos los productos est\u00e1n pasando a la marca Del. Muchos de los productos que le encantan seguir\u00e1n existiendo, pero bajo un nuevo banner.<br \/>\nTransici\u00f3n de producto<br \/>\nSi bien todos los productos permanecer\u00e1n disponibles durante un tiempo, una vez que se hayan cumplido todos los requisitos reglamentarios y de productos, algunos productos se suspender\u00e1n.<br \/>\nApoyo<br \/>\nCMP continuar\u00e1 respaldando productos en el campo o los reemplazar\u00e1 con un producto equivalente cuando sea apropiado.<\/p>\n","protected":false},"excerpt":{"rendered":"<p>&nbsp; SISTEMAS DESINFECTANTES DE SPA Los desinfectantes m\u00e1s potentes para los jacuzzis del patio trasero Agua m\u00e1s segura, limpia y clara para ba\u00f1eras de hidromasaje Los sistemas heredados a\u00fan est\u00e1n disponibles de CMP Accesorios de retorno de ozono para productos desinfectantes de spa en una variedad de estilos Creemos que el mejor agua de spa&#8230;  <a href=\"https:\/\/www.c-m-p.com\/es\/productos-para-spa\/desinfectantes-para-spa\/\" title=\"Read Sistemas de desinfecci\u00f3n de spa\">Read more &raquo;<\/a><\/p>\n","protected":false},"author":4,"featured_media":81714,"parent":68846,"menu_order":300,"comment_status":"closed","ping_status":"closed","template":"rci-flex-template.php","meta":{"_acf_changed":false,"_oasis_is_in_workflow":0,"_oasis_original":0,"_mi_skip_tracking":false,"_monsterinsights_sitenote_active":false,"_monsterinsights_sitenote_note":"","_monsterinsights_sitenote_category":0,"footnotes":""},"class_list":["post-68866","page","type-page","status-publish","has-post-thumbnail","hentry"],"acf":[],"yoast_head":"<!-- This site is optimized with the Yoast SEO plugin v27.2 - https:\/\/yoast.com\/product\/yoast-seo-wordpress\/ -->\n<title>Sistemas de desinfecci\u00f3n de spa - CMP<\/title>\n<meta name=\"robots\" content=\"index, follow, max-snippet:-1, max-image-preview:large, max-video-preview:-1\" \/>\n<link rel=\"canonical\" href=\"https:\/\/c-m-p.com\/es\/productos-para-spa\/desinfectantes-para-spa\/\" \/>\n<meta property=\"og:locale\" content=\"es_ES\" \/>\n<meta property=\"og:type\" content=\"article\" \/>\n<meta property=\"og:title\" content=\"Sistemas de desinfecci\u00f3n de spa - CMP\" \/>\n<meta property=\"og:description\" content=\"&nbsp; SISTEMAS DESINFECTANTES DE SPA Los desinfectantes m\u00e1s potentes para los jacuzzis del patio trasero Agua m\u00e1s segura, limpia y clara para ba\u00f1eras de hidromasaje Los sistemas heredados a\u00fan est\u00e1n disponibles de CMP Accesorios de retorno de ozono para productos desinfectantes de spa en una variedad de estilos Creemos que el mejor agua de spa... Read more &raquo;\" \/>\n<meta property=\"og:url\" content=\"https:\/\/c-m-p.com\/es\/productos-para-spa\/desinfectantes-para-spa\/\" \/>\n<meta property=\"og:site_name\" content=\"CMP\" \/>\n<meta property=\"article:modified_time\" content=\"2021-08-02T09:25:26+00:00\" \/>\n<meta property=\"og:image\" content=\"https:\/\/c-m-p.com\/wp-content\/uploads\/2019\/11\/DEL-Spa-Sanitizers-Product-Bar-Image.png\" \/>\n\t<meta property=\"og:image:width\" content=\"658\" \/>\n\t<meta property=\"og:image:height\" content=\"400\" \/>\n\t<meta property=\"og:image:type\" content=\"image\/png\" \/>\n<meta name=\"twitter:label1\" content=\"Tiempo de lectura\" \/>\n\t<meta name=\"twitter:data1\" content=\"3 minutos\" \/>\n<script type=\"application\/ld+json\" class=\"yoast-schema-graph\">{\"@context\":\"https:\/\/schema.org\",\"@graph\":[{\"@type\":\"WebPage\",\"@id\":\"https:\/\/c-m-p.com\/es\/productos-para-spa\/desinfectantes-para-spa\/\",\"url\":\"https:\/\/c-m-p.com\/es\/productos-para-spa\/desinfectantes-para-spa\/\",\"name\":\"Sistemas de desinfecci\u00f3n de spa - CMP\",\"isPartOf\":{\"@id\":\"https:\/\/c-m-p.com\/#website\"},\"primaryImageOfPage\":{\"@id\":\"https:\/\/c-m-p.com\/es\/productos-para-spa\/desinfectantes-para-spa\/#primaryimage\"},\"image\":{\"@id\":\"https:\/\/c-m-p.com\/es\/productos-para-spa\/desinfectantes-para-spa\/#primaryimage\"},\"thumbnailUrl\":\"https:\/\/www.c-m-p.com\/wp-content\/uploads\/2025\/12\/05_DEL_UVC_Spa_SB.webp\",\"datePublished\":\"2019-06-10T15:40:06+00:00\",\"dateModified\":\"2021-08-02T09:25:26+00:00\",\"breadcrumb\":{\"@id\":\"https:\/\/c-m-p.com\/es\/productos-para-spa\/desinfectantes-para-spa\/#breadcrumb\"},\"inLanguage\":\"es\",\"potentialAction\":[{\"@type\":\"ReadAction\",\"target\":[\"https:\/\/c-m-p.com\/es\/productos-para-spa\/desinfectantes-para-spa\/\"]}]},{\"@type\":\"ImageObject\",\"inLanguage\":\"es\",\"@id\":\"https:\/\/c-m-p.com\/es\/productos-para-spa\/desinfectantes-para-spa\/#primaryimage\",\"url\":\"https:\/\/www.c-m-p.com\/wp-content\/uploads\/2025\/12\/05_DEL_UVC_Spa_SB.webp\",\"contentUrl\":\"https:\/\/www.c-m-p.com\/wp-content\/uploads\/2025\/12\/05_DEL_UVC_Spa_SB.webp\",\"width\":1920,\"height\":1920},{\"@type\":\"BreadcrumbList\",\"@id\":\"https:\/\/c-m-p.com\/es\/productos-para-spa\/desinfectantes-para-spa\/#breadcrumb\",\"itemListElement\":[{\"@type\":\"ListItem\",\"position\":1,\"name\":\"Home\",\"item\":\"https:\/\/c-m-p.com\/es\/\"},{\"@type\":\"ListItem\",\"position\":2,\"name\":\"Productos de Spa\",\"item\":\"https:\/\/c-m-p.com\/es\/productos-para-spa\/\"},{\"@type\":\"ListItem\",\"position\":3,\"name\":\"Sistemas de desinfecci\u00f3n de spa\"}]},{\"@type\":\"WebSite\",\"@id\":\"https:\/\/c-m-p.com\/#website\",\"url\":\"https:\/\/c-m-p.com\/\",\"name\":\"CMP\",\"description\":\"Pool Products, Spa and Hot Tub Products\",\"publisher\":{\"@id\":\"https:\/\/c-m-p.com\/#organization\"},\"potentialAction\":[{\"@type\":\"SearchAction\",\"target\":{\"@type\":\"EntryPoint\",\"urlTemplate\":\"https:\/\/c-m-p.com\/?s={search_term_string}\"},\"query-input\":{\"@type\":\"PropertyValueSpecification\",\"valueRequired\":true,\"valueName\":\"search_term_string\"}}],\"inLanguage\":\"es\"},{\"@type\":\"Organization\",\"@id\":\"https:\/\/c-m-p.com\/#organization\",\"name\":\"CMP Pool & Spa Products\",\"url\":\"https:\/\/c-m-p.com\/\",\"logo\":{\"@type\":\"ImageObject\",\"inLanguage\":\"es\",\"@id\":\"https:\/\/c-m-p.com\/#\/schema\/logo\/image\/\",\"url\":\"https:\/\/43ab809dfe.nxcli.io\/wp-content\/uploads\/2013\/10\/2013-CMP-Logo.jpg\",\"contentUrl\":\"https:\/\/43ab809dfe.nxcli.io\/wp-content\/uploads\/2013\/10\/2013-CMP-Logo.jpg\",\"width\":1000,\"height\":247,\"caption\":\"CMP Pool & Spa Products\"},\"image\":{\"@id\":\"https:\/\/c-m-p.com\/#\/schema\/logo\/image\/\"}}]}<\/script>\n<!-- \/ Yoast SEO plugin. -->","yoast_head_json":{"title":"Sistemas de desinfecci\u00f3n de spa - CMP","robots":{"index":"index","follow":"follow","max-snippet":"max-snippet:-1","max-image-preview":"max-image-preview:large","max-video-preview":"max-video-preview:-1"},"canonical":"https:\/\/c-m-p.com\/es\/productos-para-spa\/desinfectantes-para-spa\/","og_locale":"es_ES","og_type":"article","og_title":"Sistemas de desinfecci\u00f3n de spa - CMP","og_description":"&nbsp; SISTEMAS DESINFECTANTES DE SPA Los desinfectantes m\u00e1s potentes para los jacuzzis del patio trasero Agua m\u00e1s segura, limpia y clara para ba\u00f1eras de hidromasaje Los sistemas heredados a\u00fan est\u00e1n disponibles de CMP Accesorios de retorno de ozono para productos desinfectantes de spa en una variedad de estilos Creemos que el mejor agua de spa... Read more &raquo;","og_url":"https:\/\/c-m-p.com\/es\/productos-para-spa\/desinfectantes-para-spa\/","og_site_name":"CMP","article_modified_time":"2021-08-02T09:25:26+00:00","og_image":[{"width":658,"height":400,"url":"https:\/\/c-m-p.com\/wp-content\/uploads\/2019\/11\/DEL-Spa-Sanitizers-Product-Bar-Image.png","type":"image\/png"}],"twitter_misc":{"Tiempo de lectura":"3 minutos"},"schema":{"@context":"https:\/\/schema.org","@graph":[{"@type":"WebPage","@id":"https:\/\/c-m-p.com\/es\/productos-para-spa\/desinfectantes-para-spa\/","url":"https:\/\/c-m-p.com\/es\/productos-para-spa\/desinfectantes-para-spa\/","name":"Sistemas de desinfecci\u00f3n de spa - CMP","isPartOf":{"@id":"https:\/\/c-m-p.com\/#website"},"primaryImageOfPage":{"@id":"https:\/\/c-m-p.com\/es\/productos-para-spa\/desinfectantes-para-spa\/#primaryimage"},"image":{"@id":"https:\/\/c-m-p.com\/es\/productos-para-spa\/desinfectantes-para-spa\/#primaryimage"},"thumbnailUrl":"https:\/\/www.c-m-p.com\/wp-content\/uploads\/2025\/12\/05_DEL_UVC_Spa_SB.webp","datePublished":"2019-06-10T15:40:06+00:00","dateModified":"2021-08-02T09:25:26+00:00","breadcrumb":{"@id":"https:\/\/c-m-p.com\/es\/productos-para-spa\/desinfectantes-para-spa\/#breadcrumb"},"inLanguage":"es","potentialAction":[{"@type":"ReadAction","target":["https:\/\/c-m-p.com\/es\/productos-para-spa\/desinfectantes-para-spa\/"]}]},{"@type":"ImageObject","inLanguage":"es","@id":"https:\/\/c-m-p.com\/es\/productos-para-spa\/desinfectantes-para-spa\/#primaryimage","url":"https:\/\/www.c-m-p.com\/wp-content\/uploads\/2025\/12\/05_DEL_UVC_Spa_SB.webp","contentUrl":"https:\/\/www.c-m-p.com\/wp-content\/uploads\/2025\/12\/05_DEL_UVC_Spa_SB.webp","width":1920,"height":1920},{"@type":"BreadcrumbList","@id":"https:\/\/c-m-p.com\/es\/productos-para-spa\/desinfectantes-para-spa\/#breadcrumb","itemListElement":[{"@type":"ListItem","position":1,"name":"Home","item":"https:\/\/c-m-p.com\/es\/"},{"@type":"ListItem","position":2,"name":"Productos de Spa","item":"https:\/\/c-m-p.com\/es\/productos-para-spa\/"},{"@type":"ListItem","position":3,"name":"Sistemas de desinfecci\u00f3n de spa"}]},{"@type":"WebSite","@id":"https:\/\/c-m-p.com\/#website","url":"https:\/\/c-m-p.com\/","name":"CMP","description":"Pool Products, Spa and Hot Tub Products","publisher":{"@id":"https:\/\/c-m-p.com\/#organization"},"potentialAction":[{"@type":"SearchAction","target":{"@type":"EntryPoint","urlTemplate":"https:\/\/c-m-p.com\/?s={search_term_string}"},"query-input":{"@type":"PropertyValueSpecification","valueRequired":true,"valueName":"search_term_string"}}],"inLanguage":"es"},{"@type":"Organization","@id":"https:\/\/c-m-p.com\/#organization","name":"CMP Pool & Spa Products","url":"https:\/\/c-m-p.com\/","logo":{"@type":"ImageObject","inLanguage":"es","@id":"https:\/\/c-m-p.com\/#\/schema\/logo\/image\/","url":"https:\/\/43ab809dfe.nxcli.io\/wp-content\/uploads\/2013\/10\/2013-CMP-Logo.jpg","contentUrl":"https:\/\/43ab809dfe.nxcli.io\/wp-content\/uploads\/2013\/10\/2013-CMP-Logo.jpg","width":1000,"height":247,"caption":"CMP Pool & Spa Products"},"image":{"@id":"https:\/\/c-m-p.com\/#\/schema\/logo\/image\/"}}]}},"_links":{"self":[{"href":"https:\/\/www.c-m-p.com\/es\/wp-json\/wp\/v2\/pages\/68866","targetHints":{"allow":["GET"]}}],"collection":[{"href":"https:\/\/www.c-m-p.com\/es\/wp-json\/wp\/v2\/pages"}],"about":[{"href":"https:\/\/www.c-m-p.com\/es\/wp-json\/wp\/v2\/types\/page"}],"author":[{"embeddable":true,"href":"https:\/\/www.c-m-p.com\/es\/wp-json\/wp\/v2\/users\/4"}],"replies":[{"embeddable":true,"href":"https:\/\/www.c-m-p.com\/es\/wp-json\/wp\/v2\/comments?post=68866"}],"version-history":[{"count":0,"href":"https:\/\/www.c-m-p.com\/es\/wp-json\/wp\/v2\/pages\/68866\/revisions"}],"up":[{"embeddable":true,"href":"https:\/\/www.c-m-p.com\/es\/wp-json\/wp\/v2\/pages\/68846"}],"wp:featuredmedia":[{"embeddable":true,"href":"https:\/\/www.c-m-p.com\/es\/wp-json\/wp\/v2\/media\/81714"}],"wp:attachment":[{"href":"https:\/\/www.c-m-p.com\/es\/wp-json\/wp\/v2\/media?parent=68866"}],"curies":[{"name":"wp","href":"https:\/\/api.w.org\/{rel}","templated":true}]}}