{"id":68927,"date":"2013-07-30T12:28:46","date_gmt":"2013-07-30T17:28:46","guid":{"rendered":"https:\/\/43ab809dfe.nxcli.io\/productos-para-spa\/spa-jets\/"},"modified":"2021-08-03T04:36:43","modified_gmt":"2021-08-03T09:36:43","slug":"chorros-de-spa","status":"publish","type":"page","link":"https:\/\/www.c-m-p.com\/es\/productos-para-spa\/chorros-de-spa\/","title":{"rendered":"Spa Jets"},"content":{"rendered":"<img loading=\"lazy\" decoding=\"async\" class=\"aligncenter size-full wp-image-36961\" src=\"https:\/\/www.c-m-p.com\/wp-content\/uploads\/2018\/04\/spa-jet-title-graphic.png\" alt=\"\" width=\"650\" height=\"113\" srcset=\"https:\/\/www.c-m-p.com\/wp-content\/uploads\/2018\/04\/spa-jet-title-graphic.png 650w, https:\/\/www.c-m-p.com\/wp-content\/uploads\/2018\/04\/spa-jet-title-graphic-300x52.png 300w, https:\/\/www.c-m-p.com\/wp-content\/uploads\/2018\/04\/spa-jet-title-graphic-568x99.png 568w, https:\/\/www.c-m-p.com\/wp-content\/uploads\/2018\/04\/spa-jet-title-graphic-235x41.png 235w, https:\/\/www.c-m-p.com\/wp-content\/uploads\/2018\/04\/spa-jet-title-graphic-307x53.png 307w\" sizes=\"auto, (max-width: 650px) 100vw, 650px\" \/>\n<hr \/>\n<p>&nbsp;<br \/>\n<img decoding=\"async\" width=\"200\" height=\"200\" src=\"https:\/\/www.c-m-p.com\/wp-content\/uploads\/2018\/04\/halo-feature-circle.png\" class=\"attachment-full size-full\" alt=\"\" loading=\"lazy\" srcset=\"https:\/\/www.c-m-p.com\/wp-content\/uploads\/2018\/04\/halo-feature-circle.png 200w, https:\/\/www.c-m-p.com\/wp-content\/uploads\/2018\/04\/halo-feature-circle-150x150.png 150w\" sizes=\"auto, (max-width: 200px) 100vw, 200px\" \/><br \/>\n<img decoding=\"async\" width=\"2262\" height=\"2128\" src=\"https:\/\/www.c-m-p.com\/wp-content\/uploads\/2018\/11\/29557-041-500.png\" class=\"attachment-full size-full\" alt=\"\" loading=\"lazy\" srcset=\"https:\/\/www.c-m-p.com\/wp-content\/uploads\/2018\/11\/29557-041-500.png 2262w, https:\/\/www.c-m-p.com\/wp-content\/uploads\/2018\/11\/29557-041-500-300x282.png 300w, https:\/\/www.c-m-p.com\/wp-content\/uploads\/2018\/11\/29557-041-500-768x723.png 768w, https:\/\/www.c-m-p.com\/wp-content\/uploads\/2018\/11\/29557-041-500-1024x963.png 1024w, https:\/\/www.c-m-p.com\/wp-content\/uploads\/2018\/11\/29557-041-500-568x534.png 568w, https:\/\/www.c-m-p.com\/wp-content\/uploads\/2018\/11\/29557-041-500-235x221.png 235w, https:\/\/www.c-m-p.com\/wp-content\/uploads\/2018\/11\/29557-041-500-307x289.png 307w\" sizes=\"auto, (max-width: 2262px) 100vw, 2262px\" \/><br \/>\n<img decoding=\"async\" width=\"200\" height=\"198\" src=\"https:\/\/www.c-m-p.com\/wp-content\/uploads\/2018\/11\/33447-012-700-Five-Spoke-Jet_Side-Angle.png\" class=\"attachment-full size-full\" alt=\"\" loading=\"lazy\" srcset=\"https:\/\/www.c-m-p.com\/wp-content\/uploads\/2018\/11\/33447-012-700-Five-Spoke-Jet_Side-Angle.png 200w, https:\/\/www.c-m-p.com\/wp-content\/uploads\/2018\/11\/33447-012-700-Five-Spoke-Jet_Side-Angle-150x150.png 150w\" sizes=\"auto, (max-width: 200px) 100vw, 200px\" \/><br \/>\n<img decoding=\"async\" width=\"200\" height=\"200\" src=\"https:\/\/www.c-m-p.com\/wp-content\/uploads\/2018\/04\/prime-feature-circle.png\" class=\"attachment-full size-full\" alt=\"\" loading=\"lazy\" srcset=\"https:\/\/www.c-m-p.com\/wp-content\/uploads\/2018\/04\/prime-feature-circle.png 200w, https:\/\/www.c-m-p.com\/wp-content\/uploads\/2018\/04\/prime-feature-circle-150x150.png 150w\" sizes=\"auto, (max-width: 200px) 100vw, 200px\" \/><br \/>\n<img decoding=\"async\" width=\"200\" height=\"200\" src=\"https:\/\/www.c-m-p.com\/wp-content\/uploads\/2018\/04\/pro-loc-feature-circle.png\" class=\"attachment-full size-full\" alt=\"\" loading=\"lazy\" srcset=\"https:\/\/www.c-m-p.com\/wp-content\/uploads\/2018\/04\/pro-loc-feature-circle.png 200w, https:\/\/www.c-m-p.com\/wp-content\/uploads\/2018\/04\/pro-loc-feature-circle-150x150.png 150w\" sizes=\"auto, (max-width: 200px) 100vw, 200px\" \/><br \/>\n<img decoding=\"async\" width=\"200\" height=\"200\" src=\"https:\/\/www.c-m-p.com\/wp-content\/uploads\/2018\/04\/swim-jet-feature.png\" class=\"attachment-full size-full\" alt=\"\" loading=\"lazy\" srcset=\"https:\/\/www.c-m-p.com\/wp-content\/uploads\/2018\/04\/swim-jet-feature.png 200w, https:\/\/www.c-m-p.com\/wp-content\/uploads\/2018\/04\/swim-jet-feature-150x150.png 150w\" sizes=\"auto, (max-width: 200px) 100vw, 200px\" \/><br \/>\n<img decoding=\"async\" width=\"200\" height=\"200\" src=\"https:\/\/www.c-m-p.com\/wp-content\/uploads\/2018\/04\/wave-feature-circle-2.png\" class=\"attachment-full size-full\" alt=\"\" loading=\"lazy\" srcset=\"https:\/\/www.c-m-p.com\/wp-content\/uploads\/2018\/04\/wave-feature-circle-2.png 200w, https:\/\/www.c-m-p.com\/wp-content\/uploads\/2018\/04\/wave-feature-circle-2-150x150.png 150w\" sizes=\"auto, (max-width: 200px) 100vw, 200px\" \/><br \/>\n<img decoding=\"async\" width=\"200\" height=\"200\" src=\"https:\/\/www.c-m-p.com\/wp-content\/uploads\/2018\/04\/crown-feature-circle-2.png\" class=\"attachment-full size-full\" alt=\"\" loading=\"lazy\" srcset=\"https:\/\/www.c-m-p.com\/wp-content\/uploads\/2018\/04\/crown-feature-circle-2.png 200w, https:\/\/www.c-m-p.com\/wp-content\/uploads\/2018\/04\/crown-feature-circle-2-150x150.png 150w\" sizes=\"auto, (max-width: 200px) 100vw, 200px\" \/><br \/>\n<img decoding=\"async\" width=\"200\" height=\"200\" src=\"https:\/\/www.c-m-p.com\/wp-content\/uploads\/2018\/04\/diamond-feature-circle.png\" class=\"attachment-full size-full\" alt=\"\" loading=\"lazy\" srcset=\"https:\/\/www.c-m-p.com\/wp-content\/uploads\/2018\/04\/diamond-feature-circle.png 200w, https:\/\/www.c-m-p.com\/wp-content\/uploads\/2018\/04\/diamond-feature-circle-150x150.png 150w\" sizes=\"auto, (max-width: 200px) 100vw, 200px\" \/><br \/>\n<img decoding=\"async\" width=\"200\" height=\"200\" src=\"https:\/\/www.c-m-p.com\/wp-content\/uploads\/2018\/04\/cluster-feature-circle.png\" class=\"attachment-full size-full\" alt=\"\" loading=\"lazy\" srcset=\"https:\/\/www.c-m-p.com\/wp-content\/uploads\/2018\/04\/cluster-feature-circle.png 200w, https:\/\/www.c-m-p.com\/wp-content\/uploads\/2018\/04\/cluster-feature-circle-150x150.png 150w\" sizes=\"auto, (max-width: 200px) 100vw, 200px\" \/><br \/>\n<img decoding=\"async\" width=\"200\" height=\"200\" src=\"https:\/\/www.c-m-p.com\/wp-content\/uploads\/2018\/04\/typhoon-feature-circle.png\" class=\"attachment-full size-full\" alt=\"\" loading=\"lazy\" srcset=\"https:\/\/www.c-m-p.com\/wp-content\/uploads\/2018\/04\/typhoon-feature-circle.png 200w, https:\/\/www.c-m-p.com\/wp-content\/uploads\/2018\/04\/typhoon-feature-circle-150x150.png 150w\" sizes=\"auto, (max-width: 200px) 100vw, 200px\" \/><br \/>\n\u00bfQUIERES M\u00c1S INFORMACI\u00d3N SOBRE CMP SPA JETS?<br \/>\n<img decoding=\"async\" width=\"2000\" height=\"548\" src=\"https:\/\/www.c-m-p.com\/wp-content\/uploads\/2018\/04\/spa-water-girl-image-break.jpg\" class=\"attachment-full size-full\" alt=\"\" loading=\"lazy\" srcset=\"https:\/\/www.c-m-p.com\/wp-content\/uploads\/2018\/04\/spa-water-girl-image-break.jpg 2000w, https:\/\/www.c-m-p.com\/wp-content\/uploads\/2018\/04\/spa-water-girl-image-break-300x82.jpg 300w, https:\/\/www.c-m-p.com\/wp-content\/uploads\/2018\/04\/spa-water-girl-image-break-768x210.jpg 768w, https:\/\/www.c-m-p.com\/wp-content\/uploads\/2018\/04\/spa-water-girl-image-break-1024x281.jpg 1024w, https:\/\/www.c-m-p.com\/wp-content\/uploads\/2018\/04\/spa-water-girl-image-break-568x156.jpg 568w, https:\/\/www.c-m-p.com\/wp-content\/uploads\/2018\/04\/spa-water-girl-image-break-235x64.jpg 235w, https:\/\/www.c-m-p.com\/wp-content\/uploads\/2018\/04\/spa-water-girl-image-break-307x84.jpg 307w\" sizes=\"auto, (max-width: 2000px) 100vw, 2000px\" \/><\/p>\n<h1 style = \"font-size: 3em;\"> DOS EN UNO <\/h1>\n<p>Combo de chorro de hidromasaje y v\u00e1lvula de desv\u00edo<br \/>\nAPRIETE EN UN CUERPO M\u00c1S PEQUE\u00d1O<br \/>\nJets de 3&#8243; que se instalan en cuerpos de jet de 2&#8243;<\/p>\n<h2 style = \"font-size: 1.5em; color: # f79c1c;\"> VER PRIME SPECIAL EDITION <\/h2>\n<p>DISE\u00d1O DE JET PERSONALIZADO<br \/>\nLa plataforma Spectrum le brinda un sistema flexible para dise\u00f1os de chorros personalizados<br \/>\nComo una rota, solo 4 veces mejor<br \/>\nExclusivamente de CMP, el nuevo jet Quad Roto<\/p>\n<h2 style = \"font-size: 1.5em; color: # f79c1c;\"> VER QUAD ROTO JETS <\/h2>\n<p>DISE\u00d1OS DE BOQUILLAS PREMIER JET THERAPY<br \/>\nEche un vistazo a algunos de nuestros modelos de jet m\u00e1s populares e innovadores. (La disponibilidad de la boquilla puede variar seg\u00fan el estilo y el tama\u00f1o de la boquilla).<br \/>\nROTOPULSE<br \/>\n<img decoding=\"async\" width=\"200\" height=\"200\" src=\"https:\/\/www.c-m-p.com\/wp-content\/uploads\/2018\/04\/rotopulse-nozzle-feature-circle.jpg\" class=\"attachment-full size-full\" alt=\"\" loading=\"lazy\" srcset=\"https:\/\/www.c-m-p.com\/wp-content\/uploads\/2018\/04\/rotopulse-nozzle-feature-circle.jpg 200w, https:\/\/www.c-m-p.com\/wp-content\/uploads\/2018\/04\/rotopulse-nozzle-feature-circle-150x150.jpg 150w\" sizes=\"auto, (max-width: 200px) 100vw, 200px\" \/><br \/>\nBoquilla giratoria pulsante con efecto rotacional<br \/>\nSIN RODAMIENTOS<br \/>\n<img decoding=\"async\" width=\"200\" height=\"200\" src=\"https:\/\/www.c-m-p.com\/wp-content\/uploads\/2018\/04\/bearingless-nozzle-feature-circle.jpg\" class=\"attachment-full size-full\" alt=\"\" loading=\"lazy\" srcset=\"https:\/\/www.c-m-p.com\/wp-content\/uploads\/2018\/04\/bearingless-nozzle-feature-circle.jpg 200w, https:\/\/www.c-m-p.com\/wp-content\/uploads\/2018\/04\/bearingless-nozzle-feature-circle-150x150.jpg 150w\" sizes=\"auto, (max-width: 200px) 100vw, 200px\" \/><br \/>\nRotaci\u00f3n de alto rendimiento en Roto simple o doble<br \/>\nQUAD ROTO<br \/>\n<img decoding=\"async\" width=\"200\" height=\"200\" src=\"https:\/\/www.c-m-p.com\/wp-content\/uploads\/2018\/04\/quad-nozzle-feature-circle.jpg\" class=\"attachment-full size-full\" alt=\"\" loading=\"lazy\" srcset=\"https:\/\/www.c-m-p.com\/wp-content\/uploads\/2018\/04\/quad-nozzle-feature-circle.jpg 200w, https:\/\/www.c-m-p.com\/wp-content\/uploads\/2018\/04\/quad-nozzle-feature-circle-150x150.jpg 150w\" sizes=\"auto, (max-width: 200px) 100vw, 200px\" \/><br \/>\n4 veces m\u00e1s Roto con un patr\u00f3n de flujo amplio y relajante<br \/>\nROTOSAGE<br \/>\n<img decoding=\"async\" width=\"200\" height=\"200\" src=\"https:\/\/www.c-m-p.com\/wp-content\/uploads\/2018\/04\/rotossage-nozzle-feature-circle.jpg\" class=\"attachment-full size-full\" alt=\"\" loading=\"lazy\" srcset=\"https:\/\/www.c-m-p.com\/wp-content\/uploads\/2018\/04\/rotossage-nozzle-feature-circle.jpg 200w, https:\/\/www.c-m-p.com\/wp-content\/uploads\/2018\/04\/rotossage-nozzle-feature-circle-150x150.jpg 150w\" sizes=\"auto, (max-width: 200px) 100vw, 200px\" \/><br \/>\nChorros de estilo de masaje suave con rotaci\u00f3n: opciones de 14 o 7 puertos<br \/>\nVTX<br \/>\n<img decoding=\"async\" width=\"200\" height=\"200\" src=\"https:\/\/www.c-m-p.com\/wp-content\/uploads\/2018\/04\/vtx-nozzle-feature-circle.jpg\" class=\"attachment-full size-full\" alt=\"\" loading=\"lazy\" srcset=\"https:\/\/www.c-m-p.com\/wp-content\/uploads\/2018\/04\/vtx-nozzle-feature-circle.jpg 200w, https:\/\/www.c-m-p.com\/wp-content\/uploads\/2018\/04\/vtx-nozzle-feature-circle-150x150.jpg 150w\" sizes=\"auto, (max-width: 200px) 100vw, 200px\" \/><br \/>\nJet giratorio y cambiante con control direccional total<br \/>\nCONTACTO CMP<br \/>\nLocalice a su representante OEM de CMP<\/p>\n","protected":false},"excerpt":{"rendered":"<p>&nbsp; \u00bfQUIERES M\u00c1S INFORMACI\u00d3N SOBRE CMP SPA JETS? DOS EN UNO Combo de chorro de hidromasaje y v\u00e1lvula de desv\u00edo APRIETE EN UN CUERPO M\u00c1S PEQUE\u00d1O Jets de 3&#8243; que se instalan en cuerpos de jet de 2&#8243; VER PRIME SPECIAL EDITION DISE\u00d1O DE JET PERSONALIZADO La plataforma Spectrum le brinda un sistema flexible para&#8230;  <a href=\"https:\/\/www.c-m-p.com\/es\/productos-para-spa\/chorros-de-spa\/\" title=\"Read Spa Jets\">Read more &raquo;<\/a><\/p>\n","protected":false},"author":1,"featured_media":18217,"parent":68846,"menu_order":100,"comment_status":"open","ping_status":"open","template":"rci-flex-template.php","meta":{"_acf_changed":false,"_oasis_is_in_workflow":0,"_oasis_original":0,"_mi_skip_tracking":false,"_monsterinsights_sitenote_active":false,"_monsterinsights_sitenote_note":"","_monsterinsights_sitenote_category":0,"footnotes":""},"class_list":["post-68927","page","type-page","status-publish","has-post-thumbnail","hentry"],"acf":[],"yoast_head":"<!-- This site is optimized with the Yoast SEO plugin v27.2 - https:\/\/yoast.com\/product\/yoast-seo-wordpress\/ -->\n<title>Spa Jets - CMP<\/title>\n<meta name=\"robots\" content=\"index, follow, max-snippet:-1, max-image-preview:large, max-video-preview:-1\" \/>\n<link rel=\"canonical\" href=\"https:\/\/c-m-p.com\/es\/productos-para-spa\/chorros-de-spa\/\" \/>\n<meta property=\"og:locale\" content=\"es_ES\" \/>\n<meta property=\"og:type\" content=\"article\" \/>\n<meta property=\"og:title\" content=\"Spa Jets - CMP\" \/>\n<meta property=\"og:description\" content=\"&nbsp; \u00bfQUIERES M\u00c1S INFORMACI\u00d3N SOBRE CMP SPA JETS? DOS EN UNO Combo de chorro de hidromasaje y v\u00e1lvula de desv\u00edo APRIETE EN UN CUERPO M\u00c1S PEQUE\u00d1O Jets de 3&#8243; que se instalan en cuerpos de jet de 2&#8243; VER PRIME SPECIAL EDITION DISE\u00d1O DE JET PERSONALIZADO La plataforma Spectrum le brinda un sistema flexible para... Read more &raquo;\" \/>\n<meta property=\"og:url\" content=\"https:\/\/c-m-p.com\/es\/productos-para-spa\/chorros-de-spa\/\" \/>\n<meta property=\"og:site_name\" content=\"CMP\" \/>\n<meta property=\"article:modified_time\" content=\"2021-08-03T09:36:43+00:00\" \/>\n<meta property=\"og:image\" content=\"https:\/\/c-m-p.com\/wp-content\/uploads\/2013\/08\/spectrum-feature.png\" \/>\n\t<meta property=\"og:image:width\" content=\"600\" \/>\n\t<meta property=\"og:image:height\" content=\"334\" \/>\n\t<meta property=\"og:image:type\" content=\"image\/png\" \/>\n<meta name=\"twitter:label1\" content=\"Tiempo de lectura\" \/>\n\t<meta name=\"twitter:data1\" content=\"1 minuto\" \/>\n<script type=\"application\/ld+json\" class=\"yoast-schema-graph\">{\"@context\":\"https:\/\/schema.org\",\"@graph\":[{\"@type\":\"WebPage\",\"@id\":\"https:\/\/c-m-p.com\/es\/productos-para-spa\/chorros-de-spa\/\",\"url\":\"https:\/\/c-m-p.com\/es\/productos-para-spa\/chorros-de-spa\/\",\"name\":\"Spa Jets - CMP\",\"isPartOf\":{\"@id\":\"https:\/\/c-m-p.com\/#website\"},\"primaryImageOfPage\":{\"@id\":\"https:\/\/c-m-p.com\/es\/productos-para-spa\/chorros-de-spa\/#primaryimage\"},\"image\":{\"@id\":\"https:\/\/c-m-p.com\/es\/productos-para-spa\/chorros-de-spa\/#primaryimage\"},\"thumbnailUrl\":\"https:\/\/www.c-m-p.com\/wp-content\/uploads\/2013\/08\/spectrum-feature.png\",\"datePublished\":\"2013-07-30T17:28:46+00:00\",\"dateModified\":\"2021-08-03T09:36:43+00:00\",\"breadcrumb\":{\"@id\":\"https:\/\/c-m-p.com\/es\/productos-para-spa\/chorros-de-spa\/#breadcrumb\"},\"inLanguage\":\"es\",\"potentialAction\":[{\"@type\":\"ReadAction\",\"target\":[\"https:\/\/c-m-p.com\/es\/productos-para-spa\/chorros-de-spa\/\"]}]},{\"@type\":\"ImageObject\",\"inLanguage\":\"es\",\"@id\":\"https:\/\/c-m-p.com\/es\/productos-para-spa\/chorros-de-spa\/#primaryimage\",\"url\":\"https:\/\/www.c-m-p.com\/wp-content\/uploads\/2013\/08\/spectrum-feature.png\",\"contentUrl\":\"https:\/\/www.c-m-p.com\/wp-content\/uploads\/2013\/08\/spectrum-feature.png\",\"width\":600,\"height\":334},{\"@type\":\"BreadcrumbList\",\"@id\":\"https:\/\/c-m-p.com\/es\/productos-para-spa\/chorros-de-spa\/#breadcrumb\",\"itemListElement\":[{\"@type\":\"ListItem\",\"position\":1,\"name\":\"Home\",\"item\":\"https:\/\/c-m-p.com\/es\/\"},{\"@type\":\"ListItem\",\"position\":2,\"name\":\"Productos de Spa\",\"item\":\"https:\/\/c-m-p.com\/es\/productos-para-spa\/\"},{\"@type\":\"ListItem\",\"position\":3,\"name\":\"Spa Jets\"}]},{\"@type\":\"WebSite\",\"@id\":\"https:\/\/c-m-p.com\/#website\",\"url\":\"https:\/\/c-m-p.com\/\",\"name\":\"CMP\",\"description\":\"Pool Products, Spa and Hot Tub Products\",\"publisher\":{\"@id\":\"https:\/\/c-m-p.com\/#organization\"},\"potentialAction\":[{\"@type\":\"SearchAction\",\"target\":{\"@type\":\"EntryPoint\",\"urlTemplate\":\"https:\/\/c-m-p.com\/?s={search_term_string}\"},\"query-input\":{\"@type\":\"PropertyValueSpecification\",\"valueRequired\":true,\"valueName\":\"search_term_string\"}}],\"inLanguage\":\"es\"},{\"@type\":\"Organization\",\"@id\":\"https:\/\/c-m-p.com\/#organization\",\"name\":\"CMP Pool & Spa Products\",\"url\":\"https:\/\/c-m-p.com\/\",\"logo\":{\"@type\":\"ImageObject\",\"inLanguage\":\"es\",\"@id\":\"https:\/\/c-m-p.com\/#\/schema\/logo\/image\/\",\"url\":\"https:\/\/43ab809dfe.nxcli.io\/wp-content\/uploads\/2013\/10\/2013-CMP-Logo.jpg\",\"contentUrl\":\"https:\/\/43ab809dfe.nxcli.io\/wp-content\/uploads\/2013\/10\/2013-CMP-Logo.jpg\",\"width\":1000,\"height\":247,\"caption\":\"CMP Pool & Spa Products\"},\"image\":{\"@id\":\"https:\/\/c-m-p.com\/#\/schema\/logo\/image\/\"}}]}<\/script>\n<!-- \/ Yoast SEO plugin. -->","yoast_head_json":{"title":"Spa Jets - CMP","robots":{"index":"index","follow":"follow","max-snippet":"max-snippet:-1","max-image-preview":"max-image-preview:large","max-video-preview":"max-video-preview:-1"},"canonical":"https:\/\/c-m-p.com\/es\/productos-para-spa\/chorros-de-spa\/","og_locale":"es_ES","og_type":"article","og_title":"Spa Jets - CMP","og_description":"&nbsp; \u00bfQUIERES M\u00c1S INFORMACI\u00d3N SOBRE CMP SPA JETS? DOS EN UNO Combo de chorro de hidromasaje y v\u00e1lvula de desv\u00edo APRIETE EN UN CUERPO M\u00c1S PEQUE\u00d1O Jets de 3&#8243; que se instalan en cuerpos de jet de 2&#8243; VER PRIME SPECIAL EDITION DISE\u00d1O DE JET PERSONALIZADO La plataforma Spectrum le brinda un sistema flexible para... Read more &raquo;","og_url":"https:\/\/c-m-p.com\/es\/productos-para-spa\/chorros-de-spa\/","og_site_name":"CMP","article_modified_time":"2021-08-03T09:36:43+00:00","og_image":[{"width":600,"height":334,"url":"https:\/\/c-m-p.com\/wp-content\/uploads\/2013\/08\/spectrum-feature.png","type":"image\/png"}],"twitter_misc":{"Tiempo de lectura":"1 minuto"},"schema":{"@context":"https:\/\/schema.org","@graph":[{"@type":"WebPage","@id":"https:\/\/c-m-p.com\/es\/productos-para-spa\/chorros-de-spa\/","url":"https:\/\/c-m-p.com\/es\/productos-para-spa\/chorros-de-spa\/","name":"Spa Jets - CMP","isPartOf":{"@id":"https:\/\/c-m-p.com\/#website"},"primaryImageOfPage":{"@id":"https:\/\/c-m-p.com\/es\/productos-para-spa\/chorros-de-spa\/#primaryimage"},"image":{"@id":"https:\/\/c-m-p.com\/es\/productos-para-spa\/chorros-de-spa\/#primaryimage"},"thumbnailUrl":"https:\/\/www.c-m-p.com\/wp-content\/uploads\/2013\/08\/spectrum-feature.png","datePublished":"2013-07-30T17:28:46+00:00","dateModified":"2021-08-03T09:36:43+00:00","breadcrumb":{"@id":"https:\/\/c-m-p.com\/es\/productos-para-spa\/chorros-de-spa\/#breadcrumb"},"inLanguage":"es","potentialAction":[{"@type":"ReadAction","target":["https:\/\/c-m-p.com\/es\/productos-para-spa\/chorros-de-spa\/"]}]},{"@type":"ImageObject","inLanguage":"es","@id":"https:\/\/c-m-p.com\/es\/productos-para-spa\/chorros-de-spa\/#primaryimage","url":"https:\/\/www.c-m-p.com\/wp-content\/uploads\/2013\/08\/spectrum-feature.png","contentUrl":"https:\/\/www.c-m-p.com\/wp-content\/uploads\/2013\/08\/spectrum-feature.png","width":600,"height":334},{"@type":"BreadcrumbList","@id":"https:\/\/c-m-p.com\/es\/productos-para-spa\/chorros-de-spa\/#breadcrumb","itemListElement":[{"@type":"ListItem","position":1,"name":"Home","item":"https:\/\/c-m-p.com\/es\/"},{"@type":"ListItem","position":2,"name":"Productos de Spa","item":"https:\/\/c-m-p.com\/es\/productos-para-spa\/"},{"@type":"ListItem","position":3,"name":"Spa Jets"}]},{"@type":"WebSite","@id":"https:\/\/c-m-p.com\/#website","url":"https:\/\/c-m-p.com\/","name":"CMP","description":"Pool Products, Spa and Hot Tub Products","publisher":{"@id":"https:\/\/c-m-p.com\/#organization"},"potentialAction":[{"@type":"SearchAction","target":{"@type":"EntryPoint","urlTemplate":"https:\/\/c-m-p.com\/?s={search_term_string}"},"query-input":{"@type":"PropertyValueSpecification","valueRequired":true,"valueName":"search_term_string"}}],"inLanguage":"es"},{"@type":"Organization","@id":"https:\/\/c-m-p.com\/#organization","name":"CMP Pool & Spa Products","url":"https:\/\/c-m-p.com\/","logo":{"@type":"ImageObject","inLanguage":"es","@id":"https:\/\/c-m-p.com\/#\/schema\/logo\/image\/","url":"https:\/\/43ab809dfe.nxcli.io\/wp-content\/uploads\/2013\/10\/2013-CMP-Logo.jpg","contentUrl":"https:\/\/43ab809dfe.nxcli.io\/wp-content\/uploads\/2013\/10\/2013-CMP-Logo.jpg","width":1000,"height":247,"caption":"CMP Pool & Spa Products"},"image":{"@id":"https:\/\/c-m-p.com\/#\/schema\/logo\/image\/"}}]}},"_links":{"self":[{"href":"https:\/\/www.c-m-p.com\/es\/wp-json\/wp\/v2\/pages\/68927","targetHints":{"allow":["GET"]}}],"collection":[{"href":"https:\/\/www.c-m-p.com\/es\/wp-json\/wp\/v2\/pages"}],"about":[{"href":"https:\/\/www.c-m-p.com\/es\/wp-json\/wp\/v2\/types\/page"}],"author":[{"embeddable":true,"href":"https:\/\/www.c-m-p.com\/es\/wp-json\/wp\/v2\/users\/1"}],"replies":[{"embeddable":true,"href":"https:\/\/www.c-m-p.com\/es\/wp-json\/wp\/v2\/comments?post=68927"}],"version-history":[{"count":0,"href":"https:\/\/www.c-m-p.com\/es\/wp-json\/wp\/v2\/pages\/68927\/revisions"}],"up":[{"embeddable":true,"href":"https:\/\/www.c-m-p.com\/es\/wp-json\/wp\/v2\/pages\/68846"}],"wp:featuredmedia":[{"embeddable":true,"href":"https:\/\/www.c-m-p.com\/es\/wp-json\/wp\/v2\/media\/18217"}],"wp:attachment":[{"href":"https:\/\/www.c-m-p.com\/es\/wp-json\/wp\/v2\/media?parent=68927"}],"curies":[{"name":"wp","href":"https:\/\/api.w.org\/{rel}","templated":true}]}}