{"id":78880,"date":"2013-10-04T18:14:34","date_gmt":"2013-10-04T23:14:34","guid":{"rendered":"https:\/\/43ab809dfe.nxcli.io\/productos-para-piscina\/water-features\/"},"modified":"2021-09-06T01:50:28","modified_gmt":"2021-09-06T06:50:28","slug":"las-caracteristicas-del-agua","status":"publish","type":"page","link":"https:\/\/www.c-m-p.com\/es\/productos-para-piscina\/las-caracteristicas-del-agua\/","title":{"rendered":"Caracter\u00edsticas del agua Natural Wonders\u00ae"},"content":{"rendered":"<p><img loading=\"lazy\" decoding=\"async\" class=\"aligncenter size-full wp-image-19718\" src=\"https:\/\/www.c-m-p.com\/wp-content\/uploads\/2015\/04\/natural-wonders-logo-feature.png\" alt=\"\" width=\"600\" height=\"334\" srcset=\"https:\/\/www.c-m-p.com\/wp-content\/uploads\/2015\/04\/natural-wonders-logo-feature.png 600w, https:\/\/www.c-m-p.com\/wp-content\/uploads\/2015\/04\/natural-wonders-logo-feature-300x167.png 300w, https:\/\/www.c-m-p.com\/wp-content\/uploads\/2015\/04\/natural-wonders-logo-feature-568x316.png 568w, https:\/\/www.c-m-p.com\/wp-content\/uploads\/2015\/04\/natural-wonders-logo-feature-235x130.png 235w, https:\/\/www.c-m-p.com\/wp-content\/uploads\/2015\/04\/natural-wonders-logo-feature-307x170.png 307w\" sizes=\"auto, (max-width: 600px) 100vw, 600px\" \/><br \/>\n<img decoding=\"async\" width=\"600\" height=\"334\" src=\"https:\/\/www.c-m-p.com\/wp-content\/uploads\/2015\/04\/nw-waterfall-brick-feature.jpg\" class=\"attachment-full size-full\" alt=\"\" loading=\"lazy\" srcset=\"https:\/\/www.c-m-p.com\/wp-content\/uploads\/2015\/04\/nw-waterfall-brick-feature.jpg 600w, https:\/\/www.c-m-p.com\/wp-content\/uploads\/2015\/04\/nw-waterfall-brick-feature-300x167.jpg 300w, https:\/\/www.c-m-p.com\/wp-content\/uploads\/2015\/04\/nw-waterfall-brick-feature-568x316.jpg 568w, https:\/\/www.c-m-p.com\/wp-content\/uploads\/2015\/04\/nw-waterfall-brick-feature-235x130.jpg 235w, https:\/\/www.c-m-p.com\/wp-content\/uploads\/2015\/04\/nw-waterfall-brick-feature-307x170.jpg 307w\" sizes=\"auto, (max-width: 600px) 100vw, 600px\" \/><br \/>\nColecci\u00f3n m\u00e1s vendida<br \/>\n<img decoding=\"async\" width=\"1000\" height=\"667\" src=\"https:\/\/www.c-m-p.com\/wp-content\/uploads\/2016\/12\/20140326_1907multi-deck-jet-spray-pattern-gallery.jpg\" class=\"attachment-full size-full\" alt=\"\" loading=\"lazy\" srcset=\"https:\/\/www.c-m-p.com\/wp-content\/uploads\/2016\/12\/20140326_1907multi-deck-jet-spray-pattern-gallery.jpg 1000w, https:\/\/www.c-m-p.com\/wp-content\/uploads\/2016\/12\/20140326_1907multi-deck-jet-spray-pattern-gallery-300x200.jpg 300w, https:\/\/www.c-m-p.com\/wp-content\/uploads\/2016\/12\/20140326_1907multi-deck-jet-spray-pattern-gallery-768x512.jpg 768w, https:\/\/www.c-m-p.com\/wp-content\/uploads\/2016\/12\/20140326_1907multi-deck-jet-spray-pattern-gallery-568x379.jpg 568w, https:\/\/www.c-m-p.com\/wp-content\/uploads\/2016\/12\/20140326_1907multi-deck-jet-spray-pattern-gallery-235x157.jpg 235w, https:\/\/www.c-m-p.com\/wp-content\/uploads\/2016\/12\/20140326_1907multi-deck-jet-spray-pattern-gallery-307x205.jpg 307w\" sizes=\"auto, (max-width: 1000px) 100vw, 1000px\" \/><br \/>\nOriginal, ajustable<br \/>\n<img decoding=\"async\" width=\"1000\" height=\"562\" src=\"https:\/\/www.c-m-p.com\/wp-content\/uploads\/2014\/08\/25503-pool-bubbler-close.jpg\" class=\"attachment-full size-full\" alt=\"\" loading=\"lazy\" srcset=\"https:\/\/www.c-m-p.com\/wp-content\/uploads\/2014\/08\/25503-pool-bubbler-close.jpg 1000w, https:\/\/www.c-m-p.com\/wp-content\/uploads\/2014\/08\/25503-pool-bubbler-close-300x168.jpg 300w, https:\/\/www.c-m-p.com\/wp-content\/uploads\/2014\/08\/25503-pool-bubbler-close-568x319.jpg 568w, https:\/\/www.c-m-p.com\/wp-content\/uploads\/2014\/08\/25503-pool-bubbler-close-235x132.jpg 235w, https:\/\/www.c-m-p.com\/wp-content\/uploads\/2014\/08\/25503-pool-bubbler-close-307x172.jpg 307w\" sizes=\"auto, (max-width: 1000px) 100vw, 1000px\" \/><br \/>\nBelleza natural simple<br \/>\n<img decoding=\"async\" width=\"200\" height=\"200\" src=\"https:\/\/www.c-m-p.com\/wp-content\/uploads\/2018\/04\/water-feature-filter-circle.png\" class=\"attachment-full size-full\" alt=\"Water Feature Filter\" loading=\"lazy\" srcset=\"https:\/\/www.c-m-p.com\/wp-content\/uploads\/2018\/04\/water-feature-filter-circle.png 200w, https:\/\/www.c-m-p.com\/wp-content\/uploads\/2018\/04\/water-feature-filter-circle-150x150.png 150w\" sizes=\"auto, (max-width: 200px) 100vw, 200px\" \/><br \/>\nProteja las caracter\u00edsticas del agua<br \/>\n<img decoding=\"async\" width=\"1500\" height=\"410\" src=\"https:\/\/www.c-m-p.com\/wp-content\/uploads\/2018\/04\/deck-jet-waterfall-image-break.jpg\" class=\"attachment-full size-full\" alt=\"\" loading=\"lazy\" srcset=\"https:\/\/www.c-m-p.com\/wp-content\/uploads\/2018\/04\/deck-jet-waterfall-image-break.jpg 1500w, https:\/\/www.c-m-p.com\/wp-content\/uploads\/2018\/04\/deck-jet-waterfall-image-break-300x82.jpg 300w, https:\/\/www.c-m-p.com\/wp-content\/uploads\/2018\/04\/deck-jet-waterfall-image-break-768x210.jpg 768w, https:\/\/www.c-m-p.com\/wp-content\/uploads\/2018\/04\/deck-jet-waterfall-image-break-1024x280.jpg 1024w, https:\/\/www.c-m-p.com\/wp-content\/uploads\/2018\/04\/deck-jet-waterfall-image-break-568x155.jpg 568w, https:\/\/www.c-m-p.com\/wp-content\/uploads\/2018\/04\/deck-jet-waterfall-image-break-235x64.jpg 235w, https:\/\/www.c-m-p.com\/wp-content\/uploads\/2018\/04\/deck-jet-waterfall-image-break-307x84.jpg 307w\" sizes=\"auto, (max-width: 1500px) 100vw, 1500px\" \/><br \/>\n\u00bfQUIERES M\u00c1S INFORMACI\u00d3N SOBRE LAS CARACTER\u00cdSTICAS DEL AGUA DE LAS MARAVILLAS NATURALES?<br \/>\nContin\u00fae y pregunte: haga clic en el bot\u00f3n de abajo para ponerse en contacto con CMP<br \/>\nCINCO JETS DE CUBIERTA EN UNO<br \/>\n<u> VER CHORROS DE CUBIERTA MARAVILLAS NATURALES &gt;<\/u><br \/>\nESTA CASCADA ES CLARAMENTE MEJOR<br \/>\nNuestras cascadas est\u00e1n disponibles en tama\u00f1os de 12 \u00aba 96\u00bb en varios colores y tambi\u00e9n transparentes.<br \/>\nMEET BOB\u00c9, THE NEWEST ADDITION TO CMP<br \/>\n<u> Haga clic aqu\u00ed para visitar el sitio web de Bob\u00e9 &gt; <\/u><\/p>\n<h2>HABILIDAD INIGUALABLE<br \/>\nLLAMA PERFECTA<\/h2>\n<p>&nbsp;<\/p>\n<p>&nbsp;<br \/>\nEL CHORRO DE CUBIERTA AJUSTABLE PATENTADO ORIGINAL<br \/>\nEl \u00fanico chorro de cubierta que se puede ajustar en la boquilla mientras est\u00e1 en funcionamiento.<br \/>\n\u00bfBUSCAS M\u00c1S INFORMACI\u00d3N? \u00a1CONSULTE EL CENTRO DE RECURSOS!<\/p>\n","protected":false},"excerpt":{"rendered":"<p>Colecci\u00f3n m\u00e1s vendida Original, ajustable Belleza natural simple Proteja las caracter\u00edsticas del agua \u00bfQUIERES M\u00c1S INFORMACI\u00d3N SOBRE LAS CARACTER\u00cdSTICAS DEL AGUA DE LAS MARAVILLAS NATURALES? Contin\u00fae y pregunte: haga clic en el bot\u00f3n de abajo para ponerse en contacto con CMP CINCO JETS DE CUBIERTA EN UNO VER CHORROS DE CUBIERTA MARAVILLAS NATURALES &gt; ESTA&#8230;  <a href=\"https:\/\/www.c-m-p.com\/es\/productos-para-piscina\/las-caracteristicas-del-agua\/\" title=\"Read Caracter\u00edsticas del agua Natural Wonders\u00ae\">Read more &raquo;<\/a><\/p>\n","protected":false},"author":1,"featured_media":30638,"parent":78891,"menu_order":100,"comment_status":"open","ping_status":"closed","template":"rci-flex-template.php","meta":{"_acf_changed":false,"_oasis_is_in_workflow":0,"_oasis_original":0,"_mi_skip_tracking":false,"_monsterinsights_sitenote_active":false,"_monsterinsights_sitenote_note":"","_monsterinsights_sitenote_category":0,"footnotes":""},"class_list":["post-78880","page","type-page","status-publish","has-post-thumbnail","hentry"],"acf":[],"yoast_head":"<!-- This site is optimized with the Yoast SEO plugin v27.2 - https:\/\/yoast.com\/product\/yoast-seo-wordpress\/ -->\n<title>Caracter\u00edsticas del agua Natural Wonders\u00ae - CMP<\/title>\n<meta name=\"robots\" content=\"index, follow, max-snippet:-1, max-image-preview:large, max-video-preview:-1\" \/>\n<link rel=\"canonical\" href=\"https:\/\/c-m-p.com\/es\/productos-para-piscina\/las-caracteristicas-del-agua\/\" \/>\n<meta property=\"og:locale\" content=\"es_ES\" \/>\n<meta property=\"og:type\" content=\"article\" \/>\n<meta property=\"og:title\" content=\"Caracter\u00edsticas del agua Natural Wonders\u00ae - CMP\" \/>\n<meta property=\"og:description\" content=\"Colecci\u00f3n m\u00e1s vendida Original, ajustable Belleza natural simple Proteja las caracter\u00edsticas del agua \u00bfQUIERES M\u00c1S INFORMACI\u00d3N SOBRE LAS CARACTER\u00cdSTICAS DEL AGUA DE LAS MARAVILLAS NATURALES? Contin\u00fae y pregunte: haga clic en el bot\u00f3n de abajo para ponerse en contacto con CMP CINCO JETS DE CUBIERTA EN UNO VER CHORROS DE CUBIERTA MARAVILLAS NATURALES &gt; ESTA... Read more &raquo;\" \/>\n<meta property=\"og:url\" content=\"https:\/\/c-m-p.com\/es\/productos-para-piscina\/las-caracteristicas-del-agua\/\" \/>\n<meta property=\"og:site_name\" content=\"CMP\" \/>\n<meta property=\"article:modified_time\" content=\"2021-09-06T06:50:28+00:00\" \/>\n<meta property=\"og:image\" content=\"https:\/\/c-m-p.com\/wp-content\/uploads\/2018\/02\/deck-and-multi-jet.png\" \/>\n\t<meta property=\"og:image:width\" content=\"400\" \/>\n\t<meta property=\"og:image:height\" content=\"331\" \/>\n\t<meta property=\"og:image:type\" content=\"image\/png\" \/>\n<meta name=\"twitter:label1\" content=\"Tiempo de lectura\" \/>\n\t<meta name=\"twitter:data1\" content=\"1 minuto\" \/>\n<script type=\"application\/ld+json\" class=\"yoast-schema-graph\">{\"@context\":\"https:\/\/schema.org\",\"@graph\":[{\"@type\":\"WebPage\",\"@id\":\"https:\/\/c-m-p.com\/es\/productos-para-piscina\/las-caracteristicas-del-agua\/\",\"url\":\"https:\/\/c-m-p.com\/es\/productos-para-piscina\/las-caracteristicas-del-agua\/\",\"name\":\"Caracter\u00edsticas del agua Natural Wonders\u00ae - CMP\",\"isPartOf\":{\"@id\":\"https:\/\/c-m-p.com\/#website\"},\"primaryImageOfPage\":{\"@id\":\"https:\/\/c-m-p.com\/es\/productos-para-piscina\/las-caracteristicas-del-agua\/#primaryimage\"},\"image\":{\"@id\":\"https:\/\/c-m-p.com\/es\/productos-para-piscina\/las-caracteristicas-del-agua\/#primaryimage\"},\"thumbnailUrl\":\"https:\/\/www.c-m-p.com\/wp-content\/uploads\/2018\/02\/deck-and-multi-jet.png\",\"datePublished\":\"2013-10-04T23:14:34+00:00\",\"dateModified\":\"2021-09-06T06:50:28+00:00\",\"breadcrumb\":{\"@id\":\"https:\/\/c-m-p.com\/es\/productos-para-piscina\/las-caracteristicas-del-agua\/#breadcrumb\"},\"inLanguage\":\"es\",\"potentialAction\":[{\"@type\":\"ReadAction\",\"target\":[\"https:\/\/c-m-p.com\/es\/productos-para-piscina\/las-caracteristicas-del-agua\/\"]}]},{\"@type\":\"ImageObject\",\"inLanguage\":\"es\",\"@id\":\"https:\/\/c-m-p.com\/es\/productos-para-piscina\/las-caracteristicas-del-agua\/#primaryimage\",\"url\":\"https:\/\/www.c-m-p.com\/wp-content\/uploads\/2018\/02\/deck-and-multi-jet.png\",\"contentUrl\":\"https:\/\/www.c-m-p.com\/wp-content\/uploads\/2018\/02\/deck-and-multi-jet.png\",\"width\":400,\"height\":331},{\"@type\":\"BreadcrumbList\",\"@id\":\"https:\/\/c-m-p.com\/es\/productos-para-piscina\/las-caracteristicas-del-agua\/#breadcrumb\",\"itemListElement\":[{\"@type\":\"ListItem\",\"position\":1,\"name\":\"Home\",\"item\":\"https:\/\/c-m-p.com\/es\/\"},{\"@type\":\"ListItem\",\"position\":2,\"name\":\"Productos para piscinas\",\"item\":\"https:\/\/c-m-p.com\/es\/productos-para-piscina\/\"},{\"@type\":\"ListItem\",\"position\":3,\"name\":\"Caracter\u00edsticas del agua Natural Wonders\u00ae\"}]},{\"@type\":\"WebSite\",\"@id\":\"https:\/\/c-m-p.com\/#website\",\"url\":\"https:\/\/c-m-p.com\/\",\"name\":\"CMP\",\"description\":\"Pool Products, Spa and Hot Tub Products\",\"publisher\":{\"@id\":\"https:\/\/c-m-p.com\/#organization\"},\"potentialAction\":[{\"@type\":\"SearchAction\",\"target\":{\"@type\":\"EntryPoint\",\"urlTemplate\":\"https:\/\/c-m-p.com\/?s={search_term_string}\"},\"query-input\":{\"@type\":\"PropertyValueSpecification\",\"valueRequired\":true,\"valueName\":\"search_term_string\"}}],\"inLanguage\":\"es\"},{\"@type\":\"Organization\",\"@id\":\"https:\/\/c-m-p.com\/#organization\",\"name\":\"CMP Pool & Spa Products\",\"url\":\"https:\/\/c-m-p.com\/\",\"logo\":{\"@type\":\"ImageObject\",\"inLanguage\":\"es\",\"@id\":\"https:\/\/c-m-p.com\/#\/schema\/logo\/image\/\",\"url\":\"https:\/\/43ab809dfe.nxcli.io\/wp-content\/uploads\/2013\/10\/2013-CMP-Logo.jpg\",\"contentUrl\":\"https:\/\/43ab809dfe.nxcli.io\/wp-content\/uploads\/2013\/10\/2013-CMP-Logo.jpg\",\"width\":1000,\"height\":247,\"caption\":\"CMP Pool & Spa Products\"},\"image\":{\"@id\":\"https:\/\/c-m-p.com\/#\/schema\/logo\/image\/\"}}]}<\/script>\n<!-- \/ Yoast SEO plugin. -->","yoast_head_json":{"title":"Caracter\u00edsticas del agua Natural Wonders\u00ae - CMP","robots":{"index":"index","follow":"follow","max-snippet":"max-snippet:-1","max-image-preview":"max-image-preview:large","max-video-preview":"max-video-preview:-1"},"canonical":"https:\/\/c-m-p.com\/es\/productos-para-piscina\/las-caracteristicas-del-agua\/","og_locale":"es_ES","og_type":"article","og_title":"Caracter\u00edsticas del agua Natural Wonders\u00ae - CMP","og_description":"Colecci\u00f3n m\u00e1s vendida Original, ajustable Belleza natural simple Proteja las caracter\u00edsticas del agua \u00bfQUIERES M\u00c1S INFORMACI\u00d3N SOBRE LAS CARACTER\u00cdSTICAS DEL AGUA DE LAS MARAVILLAS NATURALES? Contin\u00fae y pregunte: haga clic en el bot\u00f3n de abajo para ponerse en contacto con CMP CINCO JETS DE CUBIERTA EN UNO VER CHORROS DE CUBIERTA MARAVILLAS NATURALES &gt; ESTA... Read more &raquo;","og_url":"https:\/\/c-m-p.com\/es\/productos-para-piscina\/las-caracteristicas-del-agua\/","og_site_name":"CMP","article_modified_time":"2021-09-06T06:50:28+00:00","og_image":[{"width":400,"height":331,"url":"https:\/\/c-m-p.com\/wp-content\/uploads\/2018\/02\/deck-and-multi-jet.png","type":"image\/png"}],"twitter_misc":{"Tiempo de lectura":"1 minuto"},"schema":{"@context":"https:\/\/schema.org","@graph":[{"@type":"WebPage","@id":"https:\/\/c-m-p.com\/es\/productos-para-piscina\/las-caracteristicas-del-agua\/","url":"https:\/\/c-m-p.com\/es\/productos-para-piscina\/las-caracteristicas-del-agua\/","name":"Caracter\u00edsticas del agua Natural Wonders\u00ae - CMP","isPartOf":{"@id":"https:\/\/c-m-p.com\/#website"},"primaryImageOfPage":{"@id":"https:\/\/c-m-p.com\/es\/productos-para-piscina\/las-caracteristicas-del-agua\/#primaryimage"},"image":{"@id":"https:\/\/c-m-p.com\/es\/productos-para-piscina\/las-caracteristicas-del-agua\/#primaryimage"},"thumbnailUrl":"https:\/\/www.c-m-p.com\/wp-content\/uploads\/2018\/02\/deck-and-multi-jet.png","datePublished":"2013-10-04T23:14:34+00:00","dateModified":"2021-09-06T06:50:28+00:00","breadcrumb":{"@id":"https:\/\/c-m-p.com\/es\/productos-para-piscina\/las-caracteristicas-del-agua\/#breadcrumb"},"inLanguage":"es","potentialAction":[{"@type":"ReadAction","target":["https:\/\/c-m-p.com\/es\/productos-para-piscina\/las-caracteristicas-del-agua\/"]}]},{"@type":"ImageObject","inLanguage":"es","@id":"https:\/\/c-m-p.com\/es\/productos-para-piscina\/las-caracteristicas-del-agua\/#primaryimage","url":"https:\/\/www.c-m-p.com\/wp-content\/uploads\/2018\/02\/deck-and-multi-jet.png","contentUrl":"https:\/\/www.c-m-p.com\/wp-content\/uploads\/2018\/02\/deck-and-multi-jet.png","width":400,"height":331},{"@type":"BreadcrumbList","@id":"https:\/\/c-m-p.com\/es\/productos-para-piscina\/las-caracteristicas-del-agua\/#breadcrumb","itemListElement":[{"@type":"ListItem","position":1,"name":"Home","item":"https:\/\/c-m-p.com\/es\/"},{"@type":"ListItem","position":2,"name":"Productos para piscinas","item":"https:\/\/c-m-p.com\/es\/productos-para-piscina\/"},{"@type":"ListItem","position":3,"name":"Caracter\u00edsticas del agua Natural Wonders\u00ae"}]},{"@type":"WebSite","@id":"https:\/\/c-m-p.com\/#website","url":"https:\/\/c-m-p.com\/","name":"CMP","description":"Pool Products, Spa and Hot Tub Products","publisher":{"@id":"https:\/\/c-m-p.com\/#organization"},"potentialAction":[{"@type":"SearchAction","target":{"@type":"EntryPoint","urlTemplate":"https:\/\/c-m-p.com\/?s={search_term_string}"},"query-input":{"@type":"PropertyValueSpecification","valueRequired":true,"valueName":"search_term_string"}}],"inLanguage":"es"},{"@type":"Organization","@id":"https:\/\/c-m-p.com\/#organization","name":"CMP Pool & Spa Products","url":"https:\/\/c-m-p.com\/","logo":{"@type":"ImageObject","inLanguage":"es","@id":"https:\/\/c-m-p.com\/#\/schema\/logo\/image\/","url":"https:\/\/43ab809dfe.nxcli.io\/wp-content\/uploads\/2013\/10\/2013-CMP-Logo.jpg","contentUrl":"https:\/\/43ab809dfe.nxcli.io\/wp-content\/uploads\/2013\/10\/2013-CMP-Logo.jpg","width":1000,"height":247,"caption":"CMP Pool & Spa Products"},"image":{"@id":"https:\/\/c-m-p.com\/#\/schema\/logo\/image\/"}}]}},"_links":{"self":[{"href":"https:\/\/www.c-m-p.com\/es\/wp-json\/wp\/v2\/pages\/78880","targetHints":{"allow":["GET"]}}],"collection":[{"href":"https:\/\/www.c-m-p.com\/es\/wp-json\/wp\/v2\/pages"}],"about":[{"href":"https:\/\/www.c-m-p.com\/es\/wp-json\/wp\/v2\/types\/page"}],"author":[{"embeddable":true,"href":"https:\/\/www.c-m-p.com\/es\/wp-json\/wp\/v2\/users\/1"}],"replies":[{"embeddable":true,"href":"https:\/\/www.c-m-p.com\/es\/wp-json\/wp\/v2\/comments?post=78880"}],"version-history":[{"count":0,"href":"https:\/\/www.c-m-p.com\/es\/wp-json\/wp\/v2\/pages\/78880\/revisions"}],"up":[{"embeddable":true,"href":"https:\/\/www.c-m-p.com\/es\/wp-json\/wp\/v2\/pages\/78891"}],"wp:featuredmedia":[{"embeddable":true,"href":"https:\/\/www.c-m-p.com\/es\/wp-json\/wp\/v2\/media\/30638"}],"wp:attachment":[{"href":"https:\/\/www.c-m-p.com\/es\/wp-json\/wp\/v2\/media?parent=78880"}],"curies":[{"name":"wp","href":"https:\/\/api.w.org\/{rel}","templated":true}]}}