{"id":63409,"date":"2013-05-21T14:04:06","date_gmt":"2013-05-21T19:04:06","guid":{"rendered":"https:\/\/43ab809dfe.nxcli.io\/spa-products\/"},"modified":"2021-07-13T06:03:02","modified_gmt":"2021-07-13T11:03:02","slug":"produits-de-spa","status":"publish","type":"page","link":"https:\/\/www.c-m-p.com\/fr\/produits-de-spa\/","title":{"rendered":"Produits de Spa"},"content":{"rendered":"<p>Visionneuse de catalogue<br \/>\n\/fr\/catalogue\/spa-catalogue\/<br \/>\n<img decoding=\"async\" width=\"200\" height=\"200\" src=\"https:\/\/www.c-m-p.com\/wp-content\/uploads\/2018\/02\/spa-catalog-icon.png\" class=\"attachment-full size-full\" alt=\"\" loading=\"lazy\" srcset=\"https:\/\/www.c-m-p.com\/wp-content\/uploads\/2018\/02\/spa-catalog-icon.png 200w, https:\/\/www.c-m-p.com\/wp-content\/uploads\/2018\/02\/spa-catalog-icon-150x150.png 150w\" sizes=\"auto, (max-width: 200px) 100vw, 200px\" \/><br \/>\nTrouver un repr\u00e9sentant<br \/>\n\/fr\/trouver-un-representant\/spa-representants\/<br \/>\n<img decoding=\"async\" width=\"200\" height=\"200\" src=\"https:\/\/www.c-m-p.com\/wp-content\/uploads\/2018\/05\/spa-rep-icon-1.png\" class=\"attachment-full size-full\" alt=\"\" loading=\"lazy\" srcset=\"https:\/\/www.c-m-p.com\/wp-content\/uploads\/2018\/05\/spa-rep-icon-1.png 200w, https:\/\/www.c-m-p.com\/wp-content\/uploads\/2018\/05\/spa-rep-icon-1-150x150.png 150w\" sizes=\"auto, (max-width: 200px) 100vw, 200px\" \/><br \/>\nnouveaux produits de spa<br \/>\n\/fr\/spa-nouveau\/<br \/>\n<img decoding=\"async\" width=\"200\" height=\"200\" src=\"https:\/\/www.c-m-p.com\/wp-content\/uploads\/2018\/02\/spa-new-icon.png\" class=\"attachment-full size-full\" alt=\"\" loading=\"lazy\" srcset=\"https:\/\/www.c-m-p.com\/wp-content\/uploads\/2018\/02\/spa-new-icon.png 200w, https:\/\/www.c-m-p.com\/wp-content\/uploads\/2018\/02\/spa-new-icon-150x150.png 150w\" sizes=\"auto, (max-width: 200px) 100vw, 200px\" \/><br \/>\nAir X\u00ae<br \/>\nSQR&#x2122; System<br \/>\nSpa Jets<br \/>\nSpa LED Lighting<br \/>\nSpa Water Features<br \/>\nCaract\u00e9ristiques de l&#8217;eau<br \/>\nCaract\u00e9ristiques de l&#8217;eau<br \/>\nSpa Sanitizer Systems<br \/>\nControl Valves<br \/>\nSpa Valves<br \/>\nVGB Spa Suctions<br \/>\nSPA SKIMMERS AND FILTERS<br \/>\n\u00c9CUMEURS &#038; FILTRES<br \/>\nAir Injectors<br \/>\nWhite Goods<br \/>\nManifolds &#038; Adapters<br \/>\nAccessories<br \/>\nAccessoires et outils<br \/>\n<img decoding=\"async\" width=\"2000\" height=\"548\" src=\"https:\/\/www.c-m-p.com\/wp-content\/uploads\/2018\/05\/spa-water-back-image-break.jpg\" class=\"attachment-full size-full\" alt=\"\" loading=\"lazy\" srcset=\"https:\/\/www.c-m-p.com\/wp-content\/uploads\/2018\/05\/spa-water-back-image-break.jpg 2000w, https:\/\/www.c-m-p.com\/wp-content\/uploads\/2018\/05\/spa-water-back-image-break-300x82.jpg 300w, https:\/\/www.c-m-p.com\/wp-content\/uploads\/2018\/05\/spa-water-back-image-break-768x210.jpg 768w, https:\/\/www.c-m-p.com\/wp-content\/uploads\/2018\/05\/spa-water-back-image-break-1024x281.jpg 1024w, https:\/\/www.c-m-p.com\/wp-content\/uploads\/2018\/05\/spa-water-back-image-break-568x156.jpg 568w, https:\/\/www.c-m-p.com\/wp-content\/uploads\/2018\/05\/spa-water-back-image-break-235x64.jpg 235w, https:\/\/www.c-m-p.com\/wp-content\/uploads\/2018\/05\/spa-water-back-image-break-307x84.jpg 307w\" sizes=\"auto, (max-width: 2000px) 100vw, 2000px\" \/><br \/>\nARCH EST LE NOUVEAU NOIR<br \/>\nEst-ce la cascade la plus polyvalente ? \u00c7a pourrait \u00eatre . . .<br \/>\nAVEZ-VOUS \u00c9T\u00c9 TOUCH\u00c9 PAR AIR X ?<br \/>\nChaque spa devrait inclure cette exp\u00e9rience th\u00e9rapeutique unique<br \/>\nVOTRE \u00c9QUIPE DE CONCEPTION CMP PREMIER<br \/>\n<div class=\"eds-animate edsanimate-sis-hidden \" data-eds-entry-animation=\"fadeIn\" data-eds-entry-delay=\"0\" data-eds-entry-duration=\"0.5\" data-eds-entry-timing=\"linear\" data-eds-exit-animation=\"\" data-eds-exit-delay=\"\" data-eds-exit-duration=\"\" data-eds-exit-timing=\"\" data-eds-repeat-count=\"1\" data-eds-keep=\"yes\" data-eds-animate-on=\"scroll\" data-eds-scroll-offset=\"75\"><\/p>\n<p>Saviez-vous que CMP est le seul fournisseur avec un d\u00e9partement complet d\u00e9di\u00e9 \u00e0 l&#8217;innovation et \u00e0 la conception personnalis\u00e9e pour les \u00e9quipementiers. Notre \u00e9quipe se consacre \u00e0 fournir des solutions qui vous permettront de vous d\u00e9marquer de la foule.<\/p>\n<p>Nos syst\u00e8mes de produits bas\u00e9s sur des plates-formes facilitent la personnalisation avec de faibles co\u00fbts d&#8217;outillage et des d\u00e9lais de livraison plus rapides. CMP peut \u00e9galement travailler avec votre \u00e9quipe pour concevoir quelque chose de compl\u00e8tement nouveau.<\/p>\n<p><\/div><br \/>\n<img decoding=\"async\" width=\"1200\" height=\"438\" src=\"https:\/\/www.c-m-p.com\/wp-content\/uploads\/2018\/03\/trinetic-neck-jet-on-imagebrak.jpg\" class=\"attachment-full size-full\" alt=\"\" loading=\"lazy\" srcset=\"https:\/\/www.c-m-p.com\/wp-content\/uploads\/2018\/03\/trinetic-neck-jet-on-imagebrak.jpg 1200w, https:\/\/www.c-m-p.com\/wp-content\/uploads\/2018\/03\/trinetic-neck-jet-on-imagebrak-300x110.jpg 300w, https:\/\/www.c-m-p.com\/wp-content\/uploads\/2018\/03\/trinetic-neck-jet-on-imagebrak-768x280.jpg 768w, https:\/\/www.c-m-p.com\/wp-content\/uploads\/2018\/03\/trinetic-neck-jet-on-imagebrak-1024x374.jpg 1024w, https:\/\/www.c-m-p.com\/wp-content\/uploads\/2018\/03\/trinetic-neck-jet-on-imagebrak-568x207.jpg 568w, https:\/\/www.c-m-p.com\/wp-content\/uploads\/2018\/03\/trinetic-neck-jet-on-imagebrak-235x86.jpg 235w, https:\/\/www.c-m-p.com\/wp-content\/uploads\/2018\/03\/trinetic-neck-jet-on-imagebrak-307x112.jpg 307w\" sizes=\"auto, (max-width: 1200px) 100vw, 1200px\" \/><br \/>\nVID\u00c9O D&#8217;INSTALLATION POPULAIRE DE SQR<br \/>\n<img decoding=\"async\" width=\"131\" height=\"186\" src=\"https:\/\/www.c-m-p.com\/wp-content\/uploads\/2016\/01\/sqr-catalog-button.png\" class=\"attachment-full size-full\" alt=\"\" loading=\"lazy\" \/><br \/>\nDans quelle mesure SQR est-il plus efficace\u00a0? D\u00e9couvrez nos vid\u00e9os de comparaison c\u00f4te \u00e0 c\u00f4te.<br \/>\nNOUVEAUX SYST\u00c8MES D&#8217;ASSAINISSEMENT<br \/>\n<img decoding=\"async\" width=\"600\" height=\"334\" src=\"https:\/\/www.c-m-p.com\/wp-content\/uploads\/2018\/05\/apgu-feature.png\" class=\"attachment-full size-full\" alt=\"\" loading=\"lazy\" srcset=\"https:\/\/www.c-m-p.com\/wp-content\/uploads\/2018\/05\/apgu-feature.png 600w, https:\/\/www.c-m-p.com\/wp-content\/uploads\/2018\/05\/apgu-feature-300x167.png 300w, https:\/\/www.c-m-p.com\/wp-content\/uploads\/2018\/05\/apgu-feature-568x316.png 568w, https:\/\/www.c-m-p.com\/wp-content\/uploads\/2018\/05\/apgu-feature-235x131.png 235w, https:\/\/www.c-m-p.com\/wp-content\/uploads\/2018\/05\/apgu-feature-307x171.png 307w\" sizes=\"auto, (max-width: 600px) 100vw, 600px\" \/><br \/>\nSaviez-vous que DEL (anciennement DEL Ozone) fait d\u00e9sormais partie de CMP ?<br \/>\n\u00c9DITION SP\u00c9CIALE S\u00c9RIE 200<br \/>\n<img decoding=\"async\" width=\"500\" height=\"511\" src=\"https:\/\/www.c-m-p.com\/wp-content\/uploads\/2018\/03\/200-Series-SE-close.jpg\" class=\"attachment-full size-full\" alt=\"\" loading=\"lazy\" srcset=\"https:\/\/www.c-m-p.com\/wp-content\/uploads\/2018\/03\/200-Series-SE-close.jpg 500w, https:\/\/www.c-m-p.com\/wp-content\/uploads\/2018\/03\/200-Series-SE-close-294x300.jpg 294w, https:\/\/www.c-m-p.com\/wp-content\/uploads\/2018\/03\/200-Series-SE-close-235x240.jpg 235w, https:\/\/www.c-m-p.com\/wp-content\/uploads\/2018\/03\/200-Series-SE-close-307x314.jpg 307w\" sizes=\"auto, (max-width: 500px) 100vw, 500px\" \/><br \/>\nNos jets exclusifs de la s\u00e9rie 200 SE s&#8217;adaptent \u00e0 un jet de style 3&#8243; dans un corps de 2&#8243; pour un look plus excitant dans le spa.<br \/>\nNOUS NE CONSTRUISONS PAS SEULEMENT DES PRODUITS : NOUS CONSTRUISONS DES PLATEFORMES DE CONCEPTION TOTALES<\/p>\n<p>L&#8217;industrie du spa est dynamique et innovante, pleine de designers talentueux et d&#8217;\u00e9quipes passionn\u00e9es. C&#8217;est pourquoi nous voulons faire plus que vous vendre un nouveau produit. Nous voulons vous vendre des plateformes qui encouragent l&#8217;innovation, repensent les anciens syst\u00e8mes et am\u00e9liorent l&#8217;ensemble de votre processus.<\/p>\n<p>CMP se consacre \u00e0 faire progresser l&#8217;industrie des spas, en travaillant avec des \u00e9quipementiers innovants pour cr\u00e9er des spas qui r\u00e9pondent aux besoins r\u00e9cr\u00e9atifs, th\u00e9rapeutiques et relationnels de vos clients. Notre \u00e9quipe d\u00e9di\u00e9e de service \u00e0 la client\u00e8le, de repr\u00e9sentants et de professionnels de la conception s&#8217;engage \u00e0 apporter des solutions compl\u00e8tes qui permettent aux professionnels du spa de cr\u00e9er de meilleurs produits. Nous travaillons toujours \u00e0 l&#8217;am\u00e9lioration de nos produits et de nos performances.<\/p>\n<p>Avec chaque conception et syst\u00e8me de CMP, nous vous pr\u00e9parons au succ\u00e8s en pr\u00eatant attention aux petites choses. <i> C&#8217;est ce qui fait la diff\u00e9rence. <\/i>Et lorsque la diff\u00e9rence r\u00e9side dans les d\u00e9tails, <b>tout compte.<\/b><\/p>\n<p><b>\u00a0<\/b><\/p>\n<p><div class=\"eds-animate edsanimate-sis-hidden \" data-eds-entry-animation=\"fadeInUp\" data-eds-entry-delay=\"0\" data-eds-entry-duration=\"0.5\" data-eds-entry-timing=\"linear\" data-eds-exit-animation=\"\" data-eds-exit-delay=\"\" data-eds-exit-duration=\"\" data-eds-exit-timing=\"\" data-eds-repeat-count=\"1\" data-eds-keep=\"yes\" data-eds-animate-on=\"scroll\" data-eds-scroll-offset=\"75\"><img loading=\"lazy\" decoding=\"async\" class=\"aligncenter size-full wp-image-40793\" src=\"https:\/\/www.c-m-p.com\/wp-content\/uploads\/2018\/05\/cmp-spa-logo-full-width.png\" alt=\"\" width=\"650\" height=\"141\" srcset=\"https:\/\/www.c-m-p.com\/wp-content\/uploads\/2018\/05\/cmp-spa-logo-full-width.png 650w, https:\/\/www.c-m-p.com\/wp-content\/uploads\/2018\/05\/cmp-spa-logo-full-width-300x65.png 300w, https:\/\/www.c-m-p.com\/wp-content\/uploads\/2018\/05\/cmp-spa-logo-full-width-568x123.png 568w, https:\/\/www.c-m-p.com\/wp-content\/uploads\/2018\/05\/cmp-spa-logo-full-width-235x51.png 235w, https:\/\/www.c-m-p.com\/wp-content\/uploads\/2018\/05\/cmp-spa-logo-full-width-307x67.png 307w\" sizes=\"auto, (max-width: 650px) 100vw, 650px\" \/><\/div><\/p>\n<p>&nbsp;<br \/>\n&nbsp;<\/p>\n<p>&nbsp;<\/p>\n<p>&nbsp;<\/p>\n<p>&nbsp;<\/p>\n<p>&nbsp;<\/p>\n<p>&nbsp;<\/p>\n<p>&nbsp;<br \/>\n<img decoding=\"async\" width=\"2000\" height=\"548\" src=\"https:\/\/www.c-m-p.com\/wp-content\/uploads\/2018\/05\/spa-peek-image-break-2.png\" class=\"attachment-full size-full\" alt=\"\" loading=\"lazy\" srcset=\"https:\/\/www.c-m-p.com\/wp-content\/uploads\/2018\/05\/spa-peek-image-break-2.png 2000w, https:\/\/www.c-m-p.com\/wp-content\/uploads\/2018\/05\/spa-peek-image-break-2-300x82.png 300w, https:\/\/www.c-m-p.com\/wp-content\/uploads\/2018\/05\/spa-peek-image-break-2-768x210.png 768w, https:\/\/www.c-m-p.com\/wp-content\/uploads\/2018\/05\/spa-peek-image-break-2-1024x281.png 1024w, https:\/\/www.c-m-p.com\/wp-content\/uploads\/2018\/05\/spa-peek-image-break-2-568x156.png 568w, https:\/\/www.c-m-p.com\/wp-content\/uploads\/2018\/05\/spa-peek-image-break-2-235x64.png 235w, https:\/\/www.c-m-p.com\/wp-content\/uploads\/2018\/05\/spa-peek-image-break-2-307x84.png 307w\" sizes=\"auto, (max-width: 2000px) 100vw, 2000px\" \/><\/p>\n","protected":false},"excerpt":{"rendered":"<p>Visionneuse de catalogue \/fr\/catalogue\/spa-catalogue\/ Trouver un repr\u00e9sentant \/fr\/trouver-un-representant\/spa-representants\/ nouveaux produits de spa \/fr\/spa-nouveau\/ Air X\u00ae SQR&#x2122; System Spa Jets Spa LED Lighting Spa Water Features Caract\u00e9ristiques de l&#8217;eau Caract\u00e9ristiques de l&#8217;eau Spa Sanitizer Systems Control Valves Spa Valves VGB Spa Suctions SPA SKIMMERS AND FILTERS \u00c9CUMEURS &#038; FILTRES Air Injectors White Goods Manifolds &#038; Adapters&#8230;  <a href=\"https:\/\/www.c-m-p.com\/fr\/produits-de-spa\/\" title=\"Read Produits de Spa\">Read more &raquo;<\/a><\/p>\n","protected":false},"author":1,"featured_media":0,"parent":0,"menu_order":20,"comment_status":"open","ping_status":"open","template":"rci-flex-template.php","meta":{"_acf_changed":false,"_oasis_is_in_workflow":0,"_oasis_original":0,"_mi_skip_tracking":false,"_monsterinsights_sitenote_active":false,"_monsterinsights_sitenote_note":"","_monsterinsights_sitenote_category":0,"footnotes":""},"class_list":["post-63409","page","type-page","status-publish","hentry"],"acf":[],"yoast_head":"<!-- This site is optimized with the Yoast SEO plugin v27.2 - https:\/\/yoast.com\/product\/yoast-seo-wordpress\/ -->\n<title>Produits de Spa - CMP<\/title>\n<meta name=\"robots\" content=\"index, follow, max-snippet:-1, max-image-preview:large, max-video-preview:-1\" \/>\n<link rel=\"canonical\" href=\"https:\/\/c-m-p.com\/fr\/produits-de-spa\/\" \/>\n<meta property=\"og:locale\" content=\"fr_FR\" \/>\n<meta property=\"og:type\" content=\"article\" \/>\n<meta property=\"og:title\" content=\"Produits de Spa - CMP\" \/>\n<meta property=\"og:description\" content=\"Visionneuse de catalogue \/fr\/catalogue\/spa-catalogue\/ Trouver un repr\u00e9sentant \/fr\/trouver-un-representant\/spa-representants\/ nouveaux produits de spa \/fr\/spa-nouveau\/ Air X\u00ae SQR&#x2122; System Spa Jets Spa LED Lighting Spa Water Features Caract\u00e9ristiques de l&#8217;eau Caract\u00e9ristiques de l&#8217;eau Spa Sanitizer Systems Control Valves Spa Valves VGB Spa Suctions SPA SKIMMERS AND FILTERS \u00c9CUMEURS &#038; FILTRES Air Injectors White Goods Manifolds &#038; Adapters... Read more &raquo;\" \/>\n<meta property=\"og:url\" content=\"https:\/\/c-m-p.com\/fr\/produits-de-spa\/\" \/>\n<meta property=\"og:site_name\" content=\"CMP\" \/>\n<meta property=\"article:modified_time\" content=\"2021-07-13T11:03:02+00:00\" \/>\n<meta property=\"og:image\" content=\"https:\/\/c-m-p.com\/wp-content\/uploads\/2018\/02\/spa-catalog-icon.png\" \/>\n<meta name=\"twitter:label1\" content=\"Est. reading time\" \/>\n\t<meta name=\"twitter:data1\" content=\"3 minutes\" \/>\n<script type=\"application\/ld+json\" class=\"yoast-schema-graph\">{\"@context\":\"https:\/\/schema.org\",\"@graph\":[{\"@type\":\"WebPage\",\"@id\":\"https:\/\/c-m-p.com\/fr\/produits-de-spa\/\",\"url\":\"https:\/\/c-m-p.com\/fr\/produits-de-spa\/\",\"name\":\"Produits de Spa - CMP\",\"isPartOf\":{\"@id\":\"https:\/\/c-m-p.com\/#website\"},\"primaryImageOfPage\":{\"@id\":\"https:\/\/c-m-p.com\/fr\/produits-de-spa\/#primaryimage\"},\"image\":{\"@id\":\"https:\/\/c-m-p.com\/fr\/produits-de-spa\/#primaryimage\"},\"thumbnailUrl\":\"https:\/\/www.c-m-p.com\/wp-content\/uploads\/2018\/02\/spa-catalog-icon.png\",\"datePublished\":\"2013-05-21T19:04:06+00:00\",\"dateModified\":\"2021-07-13T11:03:02+00:00\",\"breadcrumb\":{\"@id\":\"https:\/\/c-m-p.com\/fr\/produits-de-spa\/#breadcrumb\"},\"inLanguage\":\"fr-FR\",\"potentialAction\":[{\"@type\":\"ReadAction\",\"target\":[\"https:\/\/c-m-p.com\/fr\/produits-de-spa\/\"]}]},{\"@type\":\"ImageObject\",\"inLanguage\":\"fr-FR\",\"@id\":\"https:\/\/c-m-p.com\/fr\/produits-de-spa\/#primaryimage\",\"url\":\"https:\/\/www.c-m-p.com\/wp-content\/uploads\/2018\/02\/spa-catalog-icon.png\",\"contentUrl\":\"https:\/\/www.c-m-p.com\/wp-content\/uploads\/2018\/02\/spa-catalog-icon.png\"},{\"@type\":\"BreadcrumbList\",\"@id\":\"https:\/\/c-m-p.com\/fr\/produits-de-spa\/#breadcrumb\",\"itemListElement\":[{\"@type\":\"ListItem\",\"position\":1,\"name\":\"Home\",\"item\":\"https:\/\/c-m-p.com\/fr\/\"},{\"@type\":\"ListItem\",\"position\":2,\"name\":\"Produits de Spa\"}]},{\"@type\":\"WebSite\",\"@id\":\"https:\/\/c-m-p.com\/#website\",\"url\":\"https:\/\/c-m-p.com\/\",\"name\":\"CMP\",\"description\":\"Pool Products, Spa and Hot Tub Products\",\"publisher\":{\"@id\":\"https:\/\/c-m-p.com\/#organization\"},\"potentialAction\":[{\"@type\":\"SearchAction\",\"target\":{\"@type\":\"EntryPoint\",\"urlTemplate\":\"https:\/\/c-m-p.com\/?s={search_term_string}\"},\"query-input\":{\"@type\":\"PropertyValueSpecification\",\"valueRequired\":true,\"valueName\":\"search_term_string\"}}],\"inLanguage\":\"fr-FR\"},{\"@type\":\"Organization\",\"@id\":\"https:\/\/c-m-p.com\/#organization\",\"name\":\"CMP Pool & Spa Products\",\"url\":\"https:\/\/c-m-p.com\/\",\"logo\":{\"@type\":\"ImageObject\",\"inLanguage\":\"fr-FR\",\"@id\":\"https:\/\/c-m-p.com\/#\/schema\/logo\/image\/\",\"url\":\"https:\/\/43ab809dfe.nxcli.io\/wp-content\/uploads\/2013\/10\/2013-CMP-Logo.jpg\",\"contentUrl\":\"https:\/\/43ab809dfe.nxcli.io\/wp-content\/uploads\/2013\/10\/2013-CMP-Logo.jpg\",\"width\":1000,\"height\":247,\"caption\":\"CMP Pool & Spa Products\"},\"image\":{\"@id\":\"https:\/\/c-m-p.com\/#\/schema\/logo\/image\/\"}}]}<\/script>\n<!-- \/ Yoast SEO plugin. -->","yoast_head_json":{"title":"Produits de Spa - CMP","robots":{"index":"index","follow":"follow","max-snippet":"max-snippet:-1","max-image-preview":"max-image-preview:large","max-video-preview":"max-video-preview:-1"},"canonical":"https:\/\/c-m-p.com\/fr\/produits-de-spa\/","og_locale":"fr_FR","og_type":"article","og_title":"Produits de Spa - CMP","og_description":"Visionneuse de catalogue \/fr\/catalogue\/spa-catalogue\/ Trouver un repr\u00e9sentant \/fr\/trouver-un-representant\/spa-representants\/ nouveaux produits de spa \/fr\/spa-nouveau\/ Air X\u00ae SQR&#x2122; System Spa Jets Spa LED Lighting Spa Water Features Caract\u00e9ristiques de l&#8217;eau Caract\u00e9ristiques de l&#8217;eau Spa Sanitizer Systems Control Valves Spa Valves VGB Spa Suctions SPA SKIMMERS AND FILTERS \u00c9CUMEURS &#038; FILTRES Air Injectors White Goods Manifolds &#038; Adapters... Read more &raquo;","og_url":"https:\/\/c-m-p.com\/fr\/produits-de-spa\/","og_site_name":"CMP","article_modified_time":"2021-07-13T11:03:02+00:00","og_image":[{"url":"https:\/\/c-m-p.com\/wp-content\/uploads\/2018\/02\/spa-catalog-icon.png","type":"","width":"","height":""}],"twitter_misc":{"Est. reading time":"3 minutes"},"schema":{"@context":"https:\/\/schema.org","@graph":[{"@type":"WebPage","@id":"https:\/\/c-m-p.com\/fr\/produits-de-spa\/","url":"https:\/\/c-m-p.com\/fr\/produits-de-spa\/","name":"Produits de Spa - CMP","isPartOf":{"@id":"https:\/\/c-m-p.com\/#website"},"primaryImageOfPage":{"@id":"https:\/\/c-m-p.com\/fr\/produits-de-spa\/#primaryimage"},"image":{"@id":"https:\/\/c-m-p.com\/fr\/produits-de-spa\/#primaryimage"},"thumbnailUrl":"https:\/\/www.c-m-p.com\/wp-content\/uploads\/2018\/02\/spa-catalog-icon.png","datePublished":"2013-05-21T19:04:06+00:00","dateModified":"2021-07-13T11:03:02+00:00","breadcrumb":{"@id":"https:\/\/c-m-p.com\/fr\/produits-de-spa\/#breadcrumb"},"inLanguage":"fr-FR","potentialAction":[{"@type":"ReadAction","target":["https:\/\/c-m-p.com\/fr\/produits-de-spa\/"]}]},{"@type":"ImageObject","inLanguage":"fr-FR","@id":"https:\/\/c-m-p.com\/fr\/produits-de-spa\/#primaryimage","url":"https:\/\/www.c-m-p.com\/wp-content\/uploads\/2018\/02\/spa-catalog-icon.png","contentUrl":"https:\/\/www.c-m-p.com\/wp-content\/uploads\/2018\/02\/spa-catalog-icon.png"},{"@type":"BreadcrumbList","@id":"https:\/\/c-m-p.com\/fr\/produits-de-spa\/#breadcrumb","itemListElement":[{"@type":"ListItem","position":1,"name":"Home","item":"https:\/\/c-m-p.com\/fr\/"},{"@type":"ListItem","position":2,"name":"Produits de Spa"}]},{"@type":"WebSite","@id":"https:\/\/c-m-p.com\/#website","url":"https:\/\/c-m-p.com\/","name":"CMP","description":"Pool Products, Spa and Hot Tub Products","publisher":{"@id":"https:\/\/c-m-p.com\/#organization"},"potentialAction":[{"@type":"SearchAction","target":{"@type":"EntryPoint","urlTemplate":"https:\/\/c-m-p.com\/?s={search_term_string}"},"query-input":{"@type":"PropertyValueSpecification","valueRequired":true,"valueName":"search_term_string"}}],"inLanguage":"fr-FR"},{"@type":"Organization","@id":"https:\/\/c-m-p.com\/#organization","name":"CMP Pool & Spa Products","url":"https:\/\/c-m-p.com\/","logo":{"@type":"ImageObject","inLanguage":"fr-FR","@id":"https:\/\/c-m-p.com\/#\/schema\/logo\/image\/","url":"https:\/\/43ab809dfe.nxcli.io\/wp-content\/uploads\/2013\/10\/2013-CMP-Logo.jpg","contentUrl":"https:\/\/43ab809dfe.nxcli.io\/wp-content\/uploads\/2013\/10\/2013-CMP-Logo.jpg","width":1000,"height":247,"caption":"CMP Pool & Spa Products"},"image":{"@id":"https:\/\/c-m-p.com\/#\/schema\/logo\/image\/"}}]}},"_links":{"self":[{"href":"https:\/\/www.c-m-p.com\/fr\/wp-json\/wp\/v2\/pages\/63409","targetHints":{"allow":["GET"]}}],"collection":[{"href":"https:\/\/www.c-m-p.com\/fr\/wp-json\/wp\/v2\/pages"}],"about":[{"href":"https:\/\/www.c-m-p.com\/fr\/wp-json\/wp\/v2\/types\/page"}],"author":[{"embeddable":true,"href":"https:\/\/www.c-m-p.com\/fr\/wp-json\/wp\/v2\/users\/1"}],"replies":[{"embeddable":true,"href":"https:\/\/www.c-m-p.com\/fr\/wp-json\/wp\/v2\/comments?post=63409"}],"version-history":[{"count":0,"href":"https:\/\/www.c-m-p.com\/fr\/wp-json\/wp\/v2\/pages\/63409\/revisions"}],"wp:attachment":[{"href":"https:\/\/www.c-m-p.com\/fr\/wp-json\/wp\/v2\/media?parent=63409"}],"curies":[{"name":"wp","href":"https:\/\/api.w.org\/{rel}","templated":true}]}}