{"id":63435,"date":"2013-05-21T14:04:14","date_gmt":"2013-05-21T19:04:14","guid":{"rendered":"https:\/\/43ab809dfe.nxcli.io\/bath-products\/"},"modified":"2021-07-13T06:15:15","modified_gmt":"2021-07-13T11:15:15","slug":"produits-de-bain","status":"publish","type":"page","link":"https:\/\/www.c-m-p.com\/fr\/produits-de-bain\/","title":{"rendered":"Produits de bain"},"content":{"rendered":"<p>Visionneuse de catalogue<br \/>\n\/fr\/catalogue\/bain-catalogue\/<br \/>\n<img decoding=\"async\" width=\"100\" height=\"100\" src=\"https:\/\/www.c-m-p.com\/wp-content\/uploads\/2018\/03\/catalog-icon-green-bath.png\" class=\"attachment-full size-full\" alt=\"\" loading=\"lazy\" \/><br \/>\nTROUVER UN REPR\u00c9SENTANT<br \/>\n\/fr\/trouver-un-representant\/spa-representants\/<br \/>\n<img decoding=\"async\" width=\"200\" height=\"200\" src=\"https:\/\/www.c-m-p.com\/wp-content\/uploads\/2018\/05\/bath-rep-icon.png\" class=\"attachment-full size-full\" alt=\"\" loading=\"lazy\" srcset=\"https:\/\/www.c-m-p.com\/wp-content\/uploads\/2018\/05\/bath-rep-icon.png 200w, https:\/\/www.c-m-p.com\/wp-content\/uploads\/2018\/05\/bath-rep-icon-150x150.png 150w\" sizes=\"auto, (max-width: 200px) 100vw, 200px\" \/><br \/>\nNouveaux produits de bain<br \/>\n\/fr\/bain-nouveau\/<br \/>\n<img decoding=\"async\" width=\"100\" height=\"100\" src=\"https:\/\/www.c-m-p.com\/wp-content\/uploads\/2018\/03\/star-icon-green-bath.png\" class=\"attachment-full size-full\" alt=\"\" loading=\"lazy\" \/><br \/>\nBath Jets<br \/>\n<img decoding=\"async\" width=\"300\" height=\"250\" src=\"https:\/\/www.c-m-p.com\/wp-content\/uploads\/2018\/03\/sol-med-dir-assy-300px.png\" class=\"attachment-full size-full\" alt=\"\" loading=\"lazy\" srcset=\"https:\/\/www.c-m-p.com\/wp-content\/uploads\/2018\/03\/sol-med-dir-assy-300px.png 300w, https:\/\/www.c-m-p.com\/wp-content\/uploads\/2018\/03\/sol-med-dir-assy-300px-235x196.png 235w\" sizes=\"auto, (max-width: 300px) 100vw, 300px\" \/><br \/>\nAir Controls<br \/>\n<img decoding=\"async\" width=\"600\" height=\"334\" src=\"https:\/\/www.c-m-p.com\/wp-content\/uploads\/2013\/10\/sol-air-control-feature.png\" class=\"attachment-full size-full\" alt=\"\" loading=\"lazy\" srcset=\"https:\/\/www.c-m-p.com\/wp-content\/uploads\/2013\/10\/sol-air-control-feature.png 600w, https:\/\/www.c-m-p.com\/wp-content\/uploads\/2013\/10\/sol-air-control-feature-300x167.png 300w, https:\/\/www.c-m-p.com\/wp-content\/uploads\/2013\/10\/sol-air-control-feature-568x316.png 568w, https:\/\/www.c-m-p.com\/wp-content\/uploads\/2013\/10\/sol-air-control-feature-235x130.png 235w, https:\/\/www.c-m-p.com\/wp-content\/uploads\/2013\/10\/sol-air-control-feature-307x170.png 307w\" sizes=\"auto, (max-width: 600px) 100vw, 600px\" \/><br \/>\nControl Valves<br \/>\nSuctions<br \/>\nEquipment &#038; Controls<br \/>\n<img decoding=\"async\" width=\"600\" height=\"334\" src=\"https:\/\/www.c-m-p.com\/wp-content\/uploads\/2013\/10\/nexxus-pump-feature.png\" class=\"attachment-full size-full\" alt=\"\" loading=\"lazy\" srcset=\"https:\/\/www.c-m-p.com\/wp-content\/uploads\/2013\/10\/nexxus-pump-feature.png 600w, https:\/\/www.c-m-p.com\/wp-content\/uploads\/2013\/10\/nexxus-pump-feature-300x167.png 300w, https:\/\/www.c-m-p.com\/wp-content\/uploads\/2013\/10\/nexxus-pump-feature-568x316.png 568w, https:\/\/www.c-m-p.com\/wp-content\/uploads\/2013\/10\/nexxus-pump-feature-235x130.png 235w, https:\/\/www.c-m-p.com\/wp-content\/uploads\/2013\/10\/nexxus-pump-feature-307x170.png 307w\" sizes=\"auto, (max-width: 600px) 100vw, 600px\" \/><br \/>\nWhite Goods<br \/>\nCaresse\u00ae<br \/>\n<img decoding=\"async\" width=\"600\" height=\"334\" src=\"https:\/\/www.c-m-p.com\/wp-content\/uploads\/2014\/04\/caresse-assy-feature.png\" class=\"attachment-full size-full\" alt=\"\" loading=\"lazy\" srcset=\"https:\/\/www.c-m-p.com\/wp-content\/uploads\/2014\/04\/caresse-assy-feature.png 600w, https:\/\/www.c-m-p.com\/wp-content\/uploads\/2014\/04\/caresse-assy-feature-300x167.png 300w, https:\/\/www.c-m-p.com\/wp-content\/uploads\/2014\/04\/caresse-assy-feature-568x316.png 568w, https:\/\/www.c-m-p.com\/wp-content\/uploads\/2014\/04\/caresse-assy-feature-235x130.png 235w, https:\/\/www.c-m-p.com\/wp-content\/uploads\/2014\/04\/caresse-assy-feature-307x170.png 307w\" sizes=\"auto, (max-width: 600px) 100vw, 600px\" \/><br \/>\nBath Accessories<br \/>\n<img decoding=\"async\" width=\"2000\" height=\"548\" src=\"https:\/\/www.c-m-p.com\/wp-content\/uploads\/2018\/05\/bath-candle-image-break.jpg\" class=\"attachment-full size-full\" alt=\"\" loading=\"lazy\" srcset=\"https:\/\/www.c-m-p.com\/wp-content\/uploads\/2018\/05\/bath-candle-image-break.jpg 2000w, https:\/\/www.c-m-p.com\/wp-content\/uploads\/2018\/05\/bath-candle-image-break-300x82.jpg 300w, https:\/\/www.c-m-p.com\/wp-content\/uploads\/2018\/05\/bath-candle-image-break-768x210.jpg 768w, https:\/\/www.c-m-p.com\/wp-content\/uploads\/2018\/05\/bath-candle-image-break-1024x281.jpg 1024w, https:\/\/www.c-m-p.com\/wp-content\/uploads\/2018\/05\/bath-candle-image-break-568x156.jpg 568w, https:\/\/www.c-m-p.com\/wp-content\/uploads\/2018\/05\/bath-candle-image-break-235x64.jpg 235w, https:\/\/www.c-m-p.com\/wp-content\/uploads\/2018\/05\/bath-candle-image-break-307x84.jpg 307w\" sizes=\"auto, (max-width: 2000px) 100vw, 2000px\" \/><br \/>\nBESOIN DE PLUS D&#8217;INFORMATIONS?<br \/>\nCONTACTEZ VOTRE REPR\u00c9SENTANT CMP BATH PRODUCTS<br \/>\nCOMMANDE DE BAIN \u00c0 REMOUS<br \/>\nNous avons la suite compl\u00e8te de commandes de bain extensibles<br \/>\nContrairement \u00e0 tous les autres jets de bain<br \/>\nCaresse enveloppe d\u00e9licatement votre corps dans des rubans d&#8217;eau ti\u00e8de<br \/>\nCollection de style SOL<br \/>\nSOL est une collection de style de bain d&#8217;inspiration europ\u00e9enne de CMP. Les dessins et les formes sont simples, \u00e9l\u00e9gants et gracieux. Faites l&#8217;exp\u00e9rience d&#8217;un look contemporain et encastr\u00e9 avec la collection SOL compl\u00e8te.<br \/>\nLes innovations de CMP Bath fournissent des programmes de pointe et des solutions compl\u00e8tes pour tous vos besoins de conception de baignoire. Avec une grande vari\u00e9t\u00e9 de jets, de syst\u00e8mes d&#8217;air, de pompes, de radiateurs et d&#8217;accessoires, les produits de bain CMP fournissent les solutions de produits dont les professionnels ont besoin. En tant que fournisseur mondial et innovateur de produits pour le bain, CMP fournit des solutions qui r\u00e9pondent aux besoins des march\u00e9s nationaux et europ\u00e9ens du bain. De plus, comprendre les derni\u00e8res tendances en mati\u00e8re de d\u00e9coration de salle de bain aide les concepteurs de CMP \u00e0 cr\u00e9er les produits parfaits. L&#8217;\u00e9quipe de conception de produits pour le bain de CMP propose \u00e9galement des solutions personnalis\u00e9es adapt\u00e9es \u00e0 vos besoins particuliers en mati\u00e8re de bain.<div class=\"eds-animate edsanimate-sis-hidden \" data-eds-entry-animation=\"fadeInUp\" data-eds-entry-delay=\"0\" data-eds-entry-duration=\"0.5\" data-eds-entry-timing=\"linear\" data-eds-exit-animation=\"\" data-eds-exit-delay=\"\" data-eds-exit-duration=\"\" data-eds-exit-timing=\"\" data-eds-repeat-count=\"1\" data-eds-keep=\"yes\" data-eds-animate-on=\"scroll\" data-eds-scroll-offset=\"75\"><\/p>\n<p>&nbsp;<\/p>\n<p><img loading=\"lazy\" decoding=\"async\" class=\"aligncenter size-full wp-image-40516\" src=\"https:\/\/www.c-m-p.com\/wp-content\/uploads\/2018\/05\/bath-logo-full-width.jpg\" alt=\"\" width=\"650\" height=\"154\" srcset=\"https:\/\/www.c-m-p.com\/wp-content\/uploads\/2018\/05\/bath-logo-full-width.jpg 650w, https:\/\/www.c-m-p.com\/wp-content\/uploads\/2018\/05\/bath-logo-full-width-300x71.jpg 300w, https:\/\/www.c-m-p.com\/wp-content\/uploads\/2018\/05\/bath-logo-full-width-568x135.jpg 568w, https:\/\/www.c-m-p.com\/wp-content\/uploads\/2018\/05\/bath-logo-full-width-235x56.jpg 235w, https:\/\/www.c-m-p.com\/wp-content\/uploads\/2018\/05\/bath-logo-full-width-307x73.jpg 307w\" sizes=\"auto, (max-width: 650px) 100vw, 650px\" \/><\/div><\/p>\n<p>&nbsp;<br \/>\n<img decoding=\"async\" width=\"2500\" height=\"685\" src=\"https:\/\/www.c-m-p.com\/wp-content\/uploads\/2018\/05\/bath-brand-peek-image-break-1.jpg\" class=\"attachment-full size-full\" alt=\"\" loading=\"lazy\" srcset=\"https:\/\/www.c-m-p.com\/wp-content\/uploads\/2018\/05\/bath-brand-peek-image-break-1.jpg 2500w, https:\/\/www.c-m-p.com\/wp-content\/uploads\/2018\/05\/bath-brand-peek-image-break-1-300x82.jpg 300w, https:\/\/www.c-m-p.com\/wp-content\/uploads\/2018\/05\/bath-brand-peek-image-break-1-768x210.jpg 768w, https:\/\/www.c-m-p.com\/wp-content\/uploads\/2018\/05\/bath-brand-peek-image-break-1-1024x281.jpg 1024w, https:\/\/www.c-m-p.com\/wp-content\/uploads\/2018\/05\/bath-brand-peek-image-break-1-568x156.jpg 568w, https:\/\/www.c-m-p.com\/wp-content\/uploads\/2018\/05\/bath-brand-peek-image-break-1-235x64.jpg 235w, https:\/\/www.c-m-p.com\/wp-content\/uploads\/2018\/05\/bath-brand-peek-image-break-1-307x84.jpg 307w\" sizes=\"auto, (max-width: 2500px) 100vw, 2500px\" \/><\/p>\n","protected":false},"excerpt":{"rendered":"<p>Visionneuse de catalogue \/fr\/catalogue\/bain-catalogue\/ TROUVER UN REPR\u00c9SENTANT \/fr\/trouver-un-representant\/spa-representants\/ Nouveaux produits de bain \/fr\/bain-nouveau\/ Bath Jets Air Controls Control Valves Suctions Equipment &#038; Controls White Goods Caresse\u00ae Bath Accessories BESOIN DE PLUS D&#8217;INFORMATIONS? CONTACTEZ VOTRE REPR\u00c9SENTANT CMP BATH PRODUCTS COMMANDE DE BAIN \u00c0 REMOUS Nous avons la suite compl\u00e8te de commandes de bain extensibles Contrairement \u00e0&#8230;  <a href=\"https:\/\/www.c-m-p.com\/fr\/produits-de-bain\/\" title=\"Read Produits de bain\">Read more &raquo;<\/a><\/p>\n","protected":false},"author":1,"featured_media":0,"parent":0,"menu_order":0,"comment_status":"open","ping_status":"open","template":"rci-flex-template.php","meta":{"_acf_changed":false,"_oasis_is_in_workflow":0,"_oasis_original":0,"_mi_skip_tracking":false,"_monsterinsights_sitenote_active":false,"_monsterinsights_sitenote_note":"","_monsterinsights_sitenote_category":0,"footnotes":""},"class_list":["post-63435","page","type-page","status-publish","hentry"],"acf":[],"yoast_head":"<!-- This site is optimized with the Yoast SEO plugin v27.2 - https:\/\/yoast.com\/product\/yoast-seo-wordpress\/ -->\n<title>Produits de bain - CMP<\/title>\n<meta name=\"robots\" content=\"index, follow, max-snippet:-1, max-image-preview:large, max-video-preview:-1\" \/>\n<link rel=\"canonical\" href=\"https:\/\/c-m-p.com\/fr\/produits-de-bain\/\" \/>\n<meta property=\"og:locale\" content=\"fr_FR\" \/>\n<meta property=\"og:type\" content=\"article\" \/>\n<meta property=\"og:title\" content=\"Produits de bain - CMP\" \/>\n<meta property=\"og:description\" content=\"Visionneuse de catalogue \/fr\/catalogue\/bain-catalogue\/ TROUVER UN REPR\u00c9SENTANT \/fr\/trouver-un-representant\/spa-representants\/ Nouveaux produits de bain \/fr\/bain-nouveau\/ Bath Jets Air Controls Control Valves Suctions Equipment &#038; Controls White Goods Caresse\u00ae Bath Accessories BESOIN DE PLUS D&#8217;INFORMATIONS? CONTACTEZ VOTRE REPR\u00c9SENTANT CMP BATH PRODUCTS COMMANDE DE BAIN \u00c0 REMOUS Nous avons la suite compl\u00e8te de commandes de bain extensibles Contrairement \u00e0... Read more &raquo;\" \/>\n<meta property=\"og:url\" content=\"https:\/\/c-m-p.com\/fr\/produits-de-bain\/\" \/>\n<meta property=\"og:site_name\" content=\"CMP\" \/>\n<meta property=\"article:modified_time\" content=\"2021-07-13T11:15:15+00:00\" \/>\n<meta property=\"og:image\" content=\"https:\/\/c-m-p.com\/wp-content\/uploads\/2018\/03\/catalog-icon-green-bath.png\" \/>\n<meta name=\"twitter:label1\" content=\"Est. reading time\" \/>\n\t<meta name=\"twitter:data1\" content=\"1 minute\" \/>\n<script type=\"application\/ld+json\" class=\"yoast-schema-graph\">{\"@context\":\"https:\/\/schema.org\",\"@graph\":[{\"@type\":\"WebPage\",\"@id\":\"https:\/\/c-m-p.com\/fr\/produits-de-bain\/\",\"url\":\"https:\/\/c-m-p.com\/fr\/produits-de-bain\/\",\"name\":\"Produits de bain - CMP\",\"isPartOf\":{\"@id\":\"https:\/\/c-m-p.com\/#website\"},\"primaryImageOfPage\":{\"@id\":\"https:\/\/c-m-p.com\/fr\/produits-de-bain\/#primaryimage\"},\"image\":{\"@id\":\"https:\/\/c-m-p.com\/fr\/produits-de-bain\/#primaryimage\"},\"thumbnailUrl\":\"https:\/\/www.c-m-p.com\/wp-content\/uploads\/2018\/03\/catalog-icon-green-bath.png\",\"datePublished\":\"2013-05-21T19:04:14+00:00\",\"dateModified\":\"2021-07-13T11:15:15+00:00\",\"breadcrumb\":{\"@id\":\"https:\/\/c-m-p.com\/fr\/produits-de-bain\/#breadcrumb\"},\"inLanguage\":\"fr-FR\",\"potentialAction\":[{\"@type\":\"ReadAction\",\"target\":[\"https:\/\/c-m-p.com\/fr\/produits-de-bain\/\"]}]},{\"@type\":\"ImageObject\",\"inLanguage\":\"fr-FR\",\"@id\":\"https:\/\/c-m-p.com\/fr\/produits-de-bain\/#primaryimage\",\"url\":\"https:\/\/www.c-m-p.com\/wp-content\/uploads\/2018\/03\/catalog-icon-green-bath.png\",\"contentUrl\":\"https:\/\/www.c-m-p.com\/wp-content\/uploads\/2018\/03\/catalog-icon-green-bath.png\"},{\"@type\":\"BreadcrumbList\",\"@id\":\"https:\/\/c-m-p.com\/fr\/produits-de-bain\/#breadcrumb\",\"itemListElement\":[{\"@type\":\"ListItem\",\"position\":1,\"name\":\"Home\",\"item\":\"https:\/\/c-m-p.com\/fr\/\"},{\"@type\":\"ListItem\",\"position\":2,\"name\":\"Produits de bain\"}]},{\"@type\":\"WebSite\",\"@id\":\"https:\/\/c-m-p.com\/#website\",\"url\":\"https:\/\/c-m-p.com\/\",\"name\":\"CMP\",\"description\":\"Pool Products, Spa and Hot Tub Products\",\"publisher\":{\"@id\":\"https:\/\/c-m-p.com\/#organization\"},\"potentialAction\":[{\"@type\":\"SearchAction\",\"target\":{\"@type\":\"EntryPoint\",\"urlTemplate\":\"https:\/\/c-m-p.com\/?s={search_term_string}\"},\"query-input\":{\"@type\":\"PropertyValueSpecification\",\"valueRequired\":true,\"valueName\":\"search_term_string\"}}],\"inLanguage\":\"fr-FR\"},{\"@type\":\"Organization\",\"@id\":\"https:\/\/c-m-p.com\/#organization\",\"name\":\"CMP Pool & Spa Products\",\"url\":\"https:\/\/c-m-p.com\/\",\"logo\":{\"@type\":\"ImageObject\",\"inLanguage\":\"fr-FR\",\"@id\":\"https:\/\/c-m-p.com\/#\/schema\/logo\/image\/\",\"url\":\"https:\/\/43ab809dfe.nxcli.io\/wp-content\/uploads\/2013\/10\/2013-CMP-Logo.jpg\",\"contentUrl\":\"https:\/\/43ab809dfe.nxcli.io\/wp-content\/uploads\/2013\/10\/2013-CMP-Logo.jpg\",\"width\":1000,\"height\":247,\"caption\":\"CMP Pool & Spa Products\"},\"image\":{\"@id\":\"https:\/\/c-m-p.com\/#\/schema\/logo\/image\/\"}}]}<\/script>\n<!-- \/ Yoast SEO plugin. -->","yoast_head_json":{"title":"Produits de bain - CMP","robots":{"index":"index","follow":"follow","max-snippet":"max-snippet:-1","max-image-preview":"max-image-preview:large","max-video-preview":"max-video-preview:-1"},"canonical":"https:\/\/c-m-p.com\/fr\/produits-de-bain\/","og_locale":"fr_FR","og_type":"article","og_title":"Produits de bain - CMP","og_description":"Visionneuse de catalogue \/fr\/catalogue\/bain-catalogue\/ TROUVER UN REPR\u00c9SENTANT \/fr\/trouver-un-representant\/spa-representants\/ Nouveaux produits de bain \/fr\/bain-nouveau\/ Bath Jets Air Controls Control Valves Suctions Equipment &#038; Controls White Goods Caresse\u00ae Bath Accessories BESOIN DE PLUS D&#8217;INFORMATIONS? CONTACTEZ VOTRE REPR\u00c9SENTANT CMP BATH PRODUCTS COMMANDE DE BAIN \u00c0 REMOUS Nous avons la suite compl\u00e8te de commandes de bain extensibles Contrairement \u00e0... Read more &raquo;","og_url":"https:\/\/c-m-p.com\/fr\/produits-de-bain\/","og_site_name":"CMP","article_modified_time":"2021-07-13T11:15:15+00:00","og_image":[{"url":"https:\/\/c-m-p.com\/wp-content\/uploads\/2018\/03\/catalog-icon-green-bath.png","type":"","width":"","height":""}],"twitter_misc":{"Est. reading time":"1 minute"},"schema":{"@context":"https:\/\/schema.org","@graph":[{"@type":"WebPage","@id":"https:\/\/c-m-p.com\/fr\/produits-de-bain\/","url":"https:\/\/c-m-p.com\/fr\/produits-de-bain\/","name":"Produits de bain - CMP","isPartOf":{"@id":"https:\/\/c-m-p.com\/#website"},"primaryImageOfPage":{"@id":"https:\/\/c-m-p.com\/fr\/produits-de-bain\/#primaryimage"},"image":{"@id":"https:\/\/c-m-p.com\/fr\/produits-de-bain\/#primaryimage"},"thumbnailUrl":"https:\/\/www.c-m-p.com\/wp-content\/uploads\/2018\/03\/catalog-icon-green-bath.png","datePublished":"2013-05-21T19:04:14+00:00","dateModified":"2021-07-13T11:15:15+00:00","breadcrumb":{"@id":"https:\/\/c-m-p.com\/fr\/produits-de-bain\/#breadcrumb"},"inLanguage":"fr-FR","potentialAction":[{"@type":"ReadAction","target":["https:\/\/c-m-p.com\/fr\/produits-de-bain\/"]}]},{"@type":"ImageObject","inLanguage":"fr-FR","@id":"https:\/\/c-m-p.com\/fr\/produits-de-bain\/#primaryimage","url":"https:\/\/www.c-m-p.com\/wp-content\/uploads\/2018\/03\/catalog-icon-green-bath.png","contentUrl":"https:\/\/www.c-m-p.com\/wp-content\/uploads\/2018\/03\/catalog-icon-green-bath.png"},{"@type":"BreadcrumbList","@id":"https:\/\/c-m-p.com\/fr\/produits-de-bain\/#breadcrumb","itemListElement":[{"@type":"ListItem","position":1,"name":"Home","item":"https:\/\/c-m-p.com\/fr\/"},{"@type":"ListItem","position":2,"name":"Produits de bain"}]},{"@type":"WebSite","@id":"https:\/\/c-m-p.com\/#website","url":"https:\/\/c-m-p.com\/","name":"CMP","description":"Pool Products, Spa and Hot Tub Products","publisher":{"@id":"https:\/\/c-m-p.com\/#organization"},"potentialAction":[{"@type":"SearchAction","target":{"@type":"EntryPoint","urlTemplate":"https:\/\/c-m-p.com\/?s={search_term_string}"},"query-input":{"@type":"PropertyValueSpecification","valueRequired":true,"valueName":"search_term_string"}}],"inLanguage":"fr-FR"},{"@type":"Organization","@id":"https:\/\/c-m-p.com\/#organization","name":"CMP Pool & Spa Products","url":"https:\/\/c-m-p.com\/","logo":{"@type":"ImageObject","inLanguage":"fr-FR","@id":"https:\/\/c-m-p.com\/#\/schema\/logo\/image\/","url":"https:\/\/43ab809dfe.nxcli.io\/wp-content\/uploads\/2013\/10\/2013-CMP-Logo.jpg","contentUrl":"https:\/\/43ab809dfe.nxcli.io\/wp-content\/uploads\/2013\/10\/2013-CMP-Logo.jpg","width":1000,"height":247,"caption":"CMP Pool & Spa Products"},"image":{"@id":"https:\/\/c-m-p.com\/#\/schema\/logo\/image\/"}}]}},"_links":{"self":[{"href":"https:\/\/www.c-m-p.com\/fr\/wp-json\/wp\/v2\/pages\/63435","targetHints":{"allow":["GET"]}}],"collection":[{"href":"https:\/\/www.c-m-p.com\/fr\/wp-json\/wp\/v2\/pages"}],"about":[{"href":"https:\/\/www.c-m-p.com\/fr\/wp-json\/wp\/v2\/types\/page"}],"author":[{"embeddable":true,"href":"https:\/\/www.c-m-p.com\/fr\/wp-json\/wp\/v2\/users\/1"}],"replies":[{"embeddable":true,"href":"https:\/\/www.c-m-p.com\/fr\/wp-json\/wp\/v2\/comments?post=63435"}],"version-history":[{"count":0,"href":"https:\/\/www.c-m-p.com\/fr\/wp-json\/wp\/v2\/pages\/63435\/revisions"}],"wp:attachment":[{"href":"https:\/\/www.c-m-p.com\/fr\/wp-json\/wp\/v2\/media?parent=63435"}],"curies":[{"name":"wp","href":"https:\/\/api.w.org\/{rel}","templated":true}]}}