{"id":63501,"date":"2013-07-30T12:28:46","date_gmt":"2013-07-30T17:28:46","guid":{"rendered":"https:\/\/43ab809dfe.nxcli.io\/produits-de-spa\/spa-jets\/"},"modified":"2021-07-14T05:25:37","modified_gmt":"2021-07-14T10:25:37","slug":"spa-jets","status":"publish","type":"page","link":"https:\/\/www.c-m-p.com\/fr\/produits-de-spa\/spa-jets\/","title":{"rendered":"Jets de spa"},"content":{"rendered":"<img loading=\"lazy\" decoding=\"async\" class=\"aligncenter size-full wp-image-36959\" src=\"https:\/\/www.c-m-p.com\/wp-content\/uploads\/2018\/04\/spa-jet-title-graphic.png\" alt=\"\" width=\"650\" height=\"113\" srcset=\"https:\/\/www.c-m-p.com\/wp-content\/uploads\/2018\/04\/spa-jet-title-graphic.png 650w, https:\/\/www.c-m-p.com\/wp-content\/uploads\/2018\/04\/spa-jet-title-graphic-300x52.png 300w, https:\/\/www.c-m-p.com\/wp-content\/uploads\/2018\/04\/spa-jet-title-graphic-568x99.png 568w, https:\/\/www.c-m-p.com\/wp-content\/uploads\/2018\/04\/spa-jet-title-graphic-235x41.png 235w, https:\/\/www.c-m-p.com\/wp-content\/uploads\/2018\/04\/spa-jet-title-graphic-307x53.png 307w\" sizes=\"auto, (max-width: 650px) 100vw, 650px\" \/>\n<hr \/>\n<p>&nbsp;<br \/>\n<img decoding=\"async\" width=\"200\" height=\"200\" src=\"https:\/\/www.c-m-p.com\/wp-content\/uploads\/2018\/04\/halo-feature-circle.png\" class=\"attachment-full size-full\" alt=\"\" loading=\"lazy\" srcset=\"https:\/\/www.c-m-p.com\/wp-content\/uploads\/2018\/04\/halo-feature-circle.png 200w, https:\/\/www.c-m-p.com\/wp-content\/uploads\/2018\/04\/halo-feature-circle-150x150.png 150w\" sizes=\"auto, (max-width: 200px) 100vw, 200px\" \/><br \/>\n<img decoding=\"async\" width=\"2262\" height=\"2128\" src=\"https:\/\/www.c-m-p.com\/wp-content\/uploads\/2018\/11\/29557-041-500.png\" class=\"attachment-full size-full\" alt=\"\" loading=\"lazy\" srcset=\"https:\/\/www.c-m-p.com\/wp-content\/uploads\/2018\/11\/29557-041-500.png 2262w, https:\/\/www.c-m-p.com\/wp-content\/uploads\/2018\/11\/29557-041-500-300x282.png 300w, https:\/\/www.c-m-p.com\/wp-content\/uploads\/2018\/11\/29557-041-500-768x723.png 768w, https:\/\/www.c-m-p.com\/wp-content\/uploads\/2018\/11\/29557-041-500-1024x963.png 1024w, https:\/\/www.c-m-p.com\/wp-content\/uploads\/2018\/11\/29557-041-500-568x534.png 568w, https:\/\/www.c-m-p.com\/wp-content\/uploads\/2018\/11\/29557-041-500-235x221.png 235w, https:\/\/www.c-m-p.com\/wp-content\/uploads\/2018\/11\/29557-041-500-307x289.png 307w\" sizes=\"auto, (max-width: 2262px) 100vw, 2262px\" \/><br \/>\n<img decoding=\"async\" width=\"200\" height=\"198\" src=\"https:\/\/www.c-m-p.com\/wp-content\/uploads\/2018\/11\/33447-012-700-Five-Spoke-Jet_Side-Angle.png\" class=\"attachment-full size-full\" alt=\"\" loading=\"lazy\" srcset=\"https:\/\/www.c-m-p.com\/wp-content\/uploads\/2018\/11\/33447-012-700-Five-Spoke-Jet_Side-Angle.png 200w, https:\/\/www.c-m-p.com\/wp-content\/uploads\/2018\/11\/33447-012-700-Five-Spoke-Jet_Side-Angle-150x150.png 150w\" sizes=\"auto, (max-width: 200px) 100vw, 200px\" \/><br \/>\n<img decoding=\"async\" width=\"200\" height=\"200\" src=\"https:\/\/www.c-m-p.com\/wp-content\/uploads\/2018\/04\/prime-feature-circle.png\" class=\"attachment-full size-full\" alt=\"\" loading=\"lazy\" srcset=\"https:\/\/www.c-m-p.com\/wp-content\/uploads\/2018\/04\/prime-feature-circle.png 200w, https:\/\/www.c-m-p.com\/wp-content\/uploads\/2018\/04\/prime-feature-circle-150x150.png 150w\" sizes=\"auto, (max-width: 200px) 100vw, 200px\" \/><br \/>\n<img decoding=\"async\" width=\"200\" height=\"200\" src=\"https:\/\/www.c-m-p.com\/wp-content\/uploads\/2018\/04\/pro-loc-feature-circle.png\" class=\"attachment-full size-full\" alt=\"\" loading=\"lazy\" srcset=\"https:\/\/www.c-m-p.com\/wp-content\/uploads\/2018\/04\/pro-loc-feature-circle.png 200w, https:\/\/www.c-m-p.com\/wp-content\/uploads\/2018\/04\/pro-loc-feature-circle-150x150.png 150w\" sizes=\"auto, (max-width: 200px) 100vw, 200px\" \/><br \/>\n<img decoding=\"async\" width=\"200\" height=\"200\" src=\"https:\/\/www.c-m-p.com\/wp-content\/uploads\/2018\/04\/swim-jet-feature.png\" class=\"attachment-full size-full\" alt=\"\" loading=\"lazy\" srcset=\"https:\/\/www.c-m-p.com\/wp-content\/uploads\/2018\/04\/swim-jet-feature.png 200w, https:\/\/www.c-m-p.com\/wp-content\/uploads\/2018\/04\/swim-jet-feature-150x150.png 150w\" sizes=\"auto, (max-width: 200px) 100vw, 200px\" \/><br \/>\n<img decoding=\"async\" width=\"200\" height=\"200\" src=\"https:\/\/www.c-m-p.com\/wp-content\/uploads\/2018\/04\/wave-feature-circle-2.png\" class=\"attachment-full size-full\" alt=\"\" loading=\"lazy\" srcset=\"https:\/\/www.c-m-p.com\/wp-content\/uploads\/2018\/04\/wave-feature-circle-2.png 200w, https:\/\/www.c-m-p.com\/wp-content\/uploads\/2018\/04\/wave-feature-circle-2-150x150.png 150w\" sizes=\"auto, (max-width: 200px) 100vw, 200px\" \/><br \/>\n<img decoding=\"async\" width=\"200\" height=\"200\" src=\"https:\/\/www.c-m-p.com\/wp-content\/uploads\/2018\/04\/crown-feature-circle-2.png\" class=\"attachment-full size-full\" alt=\"\" loading=\"lazy\" srcset=\"https:\/\/www.c-m-p.com\/wp-content\/uploads\/2018\/04\/crown-feature-circle-2.png 200w, https:\/\/www.c-m-p.com\/wp-content\/uploads\/2018\/04\/crown-feature-circle-2-150x150.png 150w\" sizes=\"auto, (max-width: 200px) 100vw, 200px\" \/><br \/>\n<img decoding=\"async\" width=\"200\" height=\"200\" src=\"https:\/\/www.c-m-p.com\/wp-content\/uploads\/2018\/04\/diamond-feature-circle.png\" class=\"attachment-full size-full\" alt=\"\" loading=\"lazy\" srcset=\"https:\/\/www.c-m-p.com\/wp-content\/uploads\/2018\/04\/diamond-feature-circle.png 200w, https:\/\/www.c-m-p.com\/wp-content\/uploads\/2018\/04\/diamond-feature-circle-150x150.png 150w\" sizes=\"auto, (max-width: 200px) 100vw, 200px\" \/><br \/>\n<img decoding=\"async\" width=\"200\" height=\"200\" src=\"https:\/\/www.c-m-p.com\/wp-content\/uploads\/2018\/04\/cluster-feature-circle.png\" class=\"attachment-full size-full\" alt=\"\" loading=\"lazy\" srcset=\"https:\/\/www.c-m-p.com\/wp-content\/uploads\/2018\/04\/cluster-feature-circle.png 200w, https:\/\/www.c-m-p.com\/wp-content\/uploads\/2018\/04\/cluster-feature-circle-150x150.png 150w\" sizes=\"auto, (max-width: 200px) 100vw, 200px\" \/><br \/>\n<img decoding=\"async\" width=\"200\" height=\"200\" src=\"https:\/\/www.c-m-p.com\/wp-content\/uploads\/2018\/04\/typhoon-feature-circle.png\" class=\"attachment-full size-full\" alt=\"\" loading=\"lazy\" srcset=\"https:\/\/www.c-m-p.com\/wp-content\/uploads\/2018\/04\/typhoon-feature-circle.png 200w, https:\/\/www.c-m-p.com\/wp-content\/uploads\/2018\/04\/typhoon-feature-circle-150x150.png 150w\" sizes=\"auto, (max-width: 200px) 100vw, 200px\" \/><br \/>\nVOUS VOULEZ PLUS D&#8217;INFOS SUR LES JETS SPA CMP ?<br \/>\n<img decoding=\"async\" width=\"2000\" height=\"548\" src=\"https:\/\/www.c-m-p.com\/wp-content\/uploads\/2018\/04\/spa-water-girl-image-break.jpg\" class=\"attachment-full size-full\" alt=\"\" loading=\"lazy\" srcset=\"https:\/\/www.c-m-p.com\/wp-content\/uploads\/2018\/04\/spa-water-girl-image-break.jpg 2000w, https:\/\/www.c-m-p.com\/wp-content\/uploads\/2018\/04\/spa-water-girl-image-break-300x82.jpg 300w, https:\/\/www.c-m-p.com\/wp-content\/uploads\/2018\/04\/spa-water-girl-image-break-768x210.jpg 768w, https:\/\/www.c-m-p.com\/wp-content\/uploads\/2018\/04\/spa-water-girl-image-break-1024x281.jpg 1024w, https:\/\/www.c-m-p.com\/wp-content\/uploads\/2018\/04\/spa-water-girl-image-break-568x156.jpg 568w, https:\/\/www.c-m-p.com\/wp-content\/uploads\/2018\/04\/spa-water-girl-image-break-235x64.jpg 235w, https:\/\/www.c-m-p.com\/wp-content\/uploads\/2018\/04\/spa-water-girl-image-break-307x84.jpg 307w\" sizes=\"auto, (max-width: 2000px) 100vw, 2000px\" \/><\/p>\n<h1 style=\"font-size:3em;\">DEUX EN UN<\/h1>\n<p>Combo jet tourbillon et valve de d\u00e9rivation<br \/>\nPRESSER DANS UN CORPS PLUS PETIT<br \/>\n3&#8243; Jets that install in 2&#8243; jet bodies<\/p>\n<h2 style=\"font-size: 1.5em; color: #f79c1c;\">VOIR L&#8217;\u00c9DITION SP\u00c9CIALE PRIME &gt;<\/h2>\n<p>CONCEPTION DE JET PERSONNALIS\u00c9E<br \/>\nLa plate-forme Spectrum vous offre un syst\u00e8me flexible pour des conceptions de jets personnalis\u00e9es<br \/>\nComme une roto, juste 4x mieux<br \/>\nEn exclusivit\u00e9 chez CMP, le nouveau jet Quad Roto<\/p>\n<h2 style=\"font-size: 1.5em; color: #f79c1c;\">VOIR LES QUAD ROTO JETS &gt;<\/h2>\n<p>CONCEPTIONS DE BUSES DE JET TH\u00c9RAPIE PREMI\u00c8RES<br \/>\nD\u00e9couvrez certains de nos styles de jets les plus populaires et les plus innovants. (La disponibilit\u00e9 des buses peut varier en fonction du style et de la taille du jet.)<br \/>\nROTOPULSE<br \/>\n<img decoding=\"async\" width=\"200\" height=\"200\" src=\"https:\/\/www.c-m-p.com\/wp-content\/uploads\/2018\/04\/rotopulse-nozzle-feature-circle.jpg\" class=\"attachment-full size-full\" alt=\"\" loading=\"lazy\" srcset=\"https:\/\/www.c-m-p.com\/wp-content\/uploads\/2018\/04\/rotopulse-nozzle-feature-circle.jpg 200w, https:\/\/www.c-m-p.com\/wp-content\/uploads\/2018\/04\/rotopulse-nozzle-feature-circle-150x150.jpg 150w\" sizes=\"auto, (max-width: 200px) 100vw, 200px\" \/><br \/>\nBuse rotative \u00e0 pulsation avec effet Roto<br \/>\nSANS PORTE<br \/>\n<img decoding=\"async\" width=\"200\" height=\"200\" src=\"https:\/\/www.c-m-p.com\/wp-content\/uploads\/2018\/04\/bearingless-nozzle-feature-circle.jpg\" class=\"attachment-full size-full\" alt=\"\" loading=\"lazy\" srcset=\"https:\/\/www.c-m-p.com\/wp-content\/uploads\/2018\/04\/bearingless-nozzle-feature-circle.jpg 200w, https:\/\/www.c-m-p.com\/wp-content\/uploads\/2018\/04\/bearingless-nozzle-feature-circle-150x150.jpg 150w\" sizes=\"auto, (max-width: 200px) 100vw, 200px\" \/><br \/>\nRotation haute performance en simple ou double roto<br \/>\nQUAD ROTO<br \/>\n<img decoding=\"async\" width=\"200\" height=\"200\" src=\"https:\/\/www.c-m-p.com\/wp-content\/uploads\/2018\/04\/quad-nozzle-feature-circle.jpg\" class=\"attachment-full size-full\" alt=\"\" loading=\"lazy\" srcset=\"https:\/\/www.c-m-p.com\/wp-content\/uploads\/2018\/04\/quad-nozzle-feature-circle.jpg 200w, https:\/\/www.c-m-p.com\/wp-content\/uploads\/2018\/04\/quad-nozzle-feature-circle-150x150.jpg 150w\" sizes=\"auto, (max-width: 200px) 100vw, 200px\" \/><br \/>\n4x le Roto avec un mod\u00e8le de flux large et apaisant<br \/>\nROTOSSAGE<br \/>\n<img decoding=\"async\" width=\"200\" height=\"200\" src=\"https:\/\/www.c-m-p.com\/wp-content\/uploads\/2018\/04\/rotossage-nozzle-feature-circle.jpg\" class=\"attachment-full size-full\" alt=\"\" loading=\"lazy\" srcset=\"https:\/\/www.c-m-p.com\/wp-content\/uploads\/2018\/04\/rotossage-nozzle-feature-circle.jpg 200w, https:\/\/www.c-m-p.com\/wp-content\/uploads\/2018\/04\/rotossage-nozzle-feature-circle-150x150.jpg 150w\" sizes=\"auto, (max-width: 200px) 100vw, 200px\" \/><br \/>\nJets de massage doux avec rotation &#8211; Options \u00e0 14 ports ou \u00e0 7 ports<br \/>\nVTX<br \/>\n<img decoding=\"async\" width=\"200\" height=\"200\" src=\"https:\/\/www.c-m-p.com\/wp-content\/uploads\/2018\/04\/vtx-nozzle-feature-circle.jpg\" class=\"attachment-full size-full\" alt=\"\" loading=\"lazy\" srcset=\"https:\/\/www.c-m-p.com\/wp-content\/uploads\/2018\/04\/vtx-nozzle-feature-circle.jpg 200w, https:\/\/www.c-m-p.com\/wp-content\/uploads\/2018\/04\/vtx-nozzle-feature-circle-150x150.jpg 150w\" sizes=\"auto, (max-width: 200px) 100vw, 200px\" \/><br \/>\nJet tourbillonnant et changeant avec contr\u00f4le directionnel total<br \/>\nCONTACTER CMP<br \/>\nLocalisez votre repr\u00e9sentant CMP OEM<\/p>\n","protected":false},"excerpt":{"rendered":"<p>&nbsp; VOUS VOULEZ PLUS D&#8217;INFOS SUR LES JETS SPA CMP ? DEUX EN UN Combo jet tourbillon et valve de d\u00e9rivation PRESSER DANS UN CORPS PLUS PETIT 3&#8243; Jets that install in 2&#8243; jet bodies VOIR L&#8217;\u00c9DITION SP\u00c9CIALE PRIME &gt; CONCEPTION DE JET PERSONNALIS\u00c9E La plate-forme Spectrum vous offre un syst\u00e8me flexible pour des conceptions&#8230;  <a href=\"https:\/\/www.c-m-p.com\/fr\/produits-de-spa\/spa-jets\/\" title=\"Read Jets de spa\">Read more &raquo;<\/a><\/p>\n","protected":false},"author":1,"featured_media":63503,"parent":63409,"menu_order":100,"comment_status":"open","ping_status":"open","template":"rci-flex-template.php","meta":{"_acf_changed":false,"_oasis_is_in_workflow":0,"_oasis_original":0,"_mi_skip_tracking":false,"_monsterinsights_sitenote_active":false,"_monsterinsights_sitenote_note":"","_monsterinsights_sitenote_category":0,"footnotes":""},"class_list":["post-63501","page","type-page","status-publish","has-post-thumbnail","hentry"],"acf":[],"yoast_head":"<!-- This site is optimized with the Yoast SEO plugin v27.2 - https:\/\/yoast.com\/product\/yoast-seo-wordpress\/ -->\n<title>Jets de spa - CMP<\/title>\n<meta name=\"robots\" content=\"index, follow, max-snippet:-1, max-image-preview:large, max-video-preview:-1\" \/>\n<link rel=\"canonical\" href=\"https:\/\/c-m-p.com\/fr\/produits-de-spa\/spa-jets\/\" \/>\n<meta property=\"og:locale\" content=\"fr_FR\" \/>\n<meta property=\"og:type\" content=\"article\" \/>\n<meta property=\"og:title\" content=\"Jets de spa - CMP\" \/>\n<meta property=\"og:description\" content=\"&nbsp; VOUS VOULEZ PLUS D&#8217;INFOS SUR LES JETS SPA CMP ? DEUX EN UN Combo jet tourbillon et valve de d\u00e9rivation PRESSER DANS UN CORPS PLUS PETIT 3&#8243; Jets that install in 2&#8243; jet bodies VOIR L&#8217;\u00c9DITION SP\u00c9CIALE PRIME &gt; CONCEPTION DE JET PERSONNALIS\u00c9E La plate-forme Spectrum vous offre un syst\u00e8me flexible pour des conceptions... Read more &raquo;\" \/>\n<meta property=\"og:url\" content=\"https:\/\/c-m-p.com\/fr\/produits-de-spa\/spa-jets\/\" \/>\n<meta property=\"og:site_name\" content=\"CMP\" \/>\n<meta property=\"article:modified_time\" content=\"2021-07-14T10:25:37+00:00\" \/>\n<meta property=\"og:image\" content=\"https:\/\/c-m-p.com\/wp-content\/uploads\/2013\/08\/spectrum-feature.png\" \/>\n\t<meta property=\"og:image:width\" content=\"600\" \/>\n\t<meta property=\"og:image:height\" content=\"334\" \/>\n\t<meta property=\"og:image:type\" content=\"image\/png\" \/>\n<meta name=\"twitter:label1\" content=\"Est. reading time\" \/>\n\t<meta name=\"twitter:data1\" content=\"1 minute\" \/>\n<script type=\"application\/ld+json\" class=\"yoast-schema-graph\">{\"@context\":\"https:\/\/schema.org\",\"@graph\":[{\"@type\":\"WebPage\",\"@id\":\"https:\/\/c-m-p.com\/fr\/produits-de-spa\/spa-jets\/\",\"url\":\"https:\/\/c-m-p.com\/fr\/produits-de-spa\/spa-jets\/\",\"name\":\"Jets de spa - CMP\",\"isPartOf\":{\"@id\":\"https:\/\/c-m-p.com\/#website\"},\"primaryImageOfPage\":{\"@id\":\"https:\/\/c-m-p.com\/fr\/produits-de-spa\/spa-jets\/#primaryimage\"},\"image\":{\"@id\":\"https:\/\/c-m-p.com\/fr\/produits-de-spa\/spa-jets\/#primaryimage\"},\"thumbnailUrl\":\"https:\/\/www.c-m-p.com\/wp-content\/uploads\/2013\/08\/spectrum-feature.png\",\"datePublished\":\"2013-07-30T17:28:46+00:00\",\"dateModified\":\"2021-07-14T10:25:37+00:00\",\"breadcrumb\":{\"@id\":\"https:\/\/c-m-p.com\/fr\/produits-de-spa\/spa-jets\/#breadcrumb\"},\"inLanguage\":\"fr-FR\",\"potentialAction\":[{\"@type\":\"ReadAction\",\"target\":[\"https:\/\/c-m-p.com\/fr\/produits-de-spa\/spa-jets\/\"]}]},{\"@type\":\"ImageObject\",\"inLanguage\":\"fr-FR\",\"@id\":\"https:\/\/c-m-p.com\/fr\/produits-de-spa\/spa-jets\/#primaryimage\",\"url\":\"https:\/\/www.c-m-p.com\/wp-content\/uploads\/2013\/08\/spectrum-feature.png\",\"contentUrl\":\"https:\/\/www.c-m-p.com\/wp-content\/uploads\/2013\/08\/spectrum-feature.png\",\"width\":600,\"height\":334},{\"@type\":\"BreadcrumbList\",\"@id\":\"https:\/\/c-m-p.com\/fr\/produits-de-spa\/spa-jets\/#breadcrumb\",\"itemListElement\":[{\"@type\":\"ListItem\",\"position\":1,\"name\":\"Home\",\"item\":\"https:\/\/c-m-p.com\/fr\/\"},{\"@type\":\"ListItem\",\"position\":2,\"name\":\"Produits de Spa\",\"item\":\"https:\/\/c-m-p.com\/fr\/produits-de-spa\/\"},{\"@type\":\"ListItem\",\"position\":3,\"name\":\"Jets de spa\"}]},{\"@type\":\"WebSite\",\"@id\":\"https:\/\/c-m-p.com\/#website\",\"url\":\"https:\/\/c-m-p.com\/\",\"name\":\"CMP\",\"description\":\"Pool Products, Spa and Hot Tub Products\",\"publisher\":{\"@id\":\"https:\/\/c-m-p.com\/#organization\"},\"potentialAction\":[{\"@type\":\"SearchAction\",\"target\":{\"@type\":\"EntryPoint\",\"urlTemplate\":\"https:\/\/c-m-p.com\/?s={search_term_string}\"},\"query-input\":{\"@type\":\"PropertyValueSpecification\",\"valueRequired\":true,\"valueName\":\"search_term_string\"}}],\"inLanguage\":\"fr-FR\"},{\"@type\":\"Organization\",\"@id\":\"https:\/\/c-m-p.com\/#organization\",\"name\":\"CMP Pool & Spa Products\",\"url\":\"https:\/\/c-m-p.com\/\",\"logo\":{\"@type\":\"ImageObject\",\"inLanguage\":\"fr-FR\",\"@id\":\"https:\/\/c-m-p.com\/#\/schema\/logo\/image\/\",\"url\":\"https:\/\/43ab809dfe.nxcli.io\/wp-content\/uploads\/2013\/10\/2013-CMP-Logo.jpg\",\"contentUrl\":\"https:\/\/43ab809dfe.nxcli.io\/wp-content\/uploads\/2013\/10\/2013-CMP-Logo.jpg\",\"width\":1000,\"height\":247,\"caption\":\"CMP Pool & Spa Products\"},\"image\":{\"@id\":\"https:\/\/c-m-p.com\/#\/schema\/logo\/image\/\"}}]}<\/script>\n<!-- \/ Yoast SEO plugin. -->","yoast_head_json":{"title":"Jets de spa - CMP","robots":{"index":"index","follow":"follow","max-snippet":"max-snippet:-1","max-image-preview":"max-image-preview:large","max-video-preview":"max-video-preview:-1"},"canonical":"https:\/\/c-m-p.com\/fr\/produits-de-spa\/spa-jets\/","og_locale":"fr_FR","og_type":"article","og_title":"Jets de spa - CMP","og_description":"&nbsp; VOUS VOULEZ PLUS D&#8217;INFOS SUR LES JETS SPA CMP ? DEUX EN UN Combo jet tourbillon et valve de d\u00e9rivation PRESSER DANS UN CORPS PLUS PETIT 3&#8243; Jets that install in 2&#8243; jet bodies VOIR L&#8217;\u00c9DITION SP\u00c9CIALE PRIME &gt; CONCEPTION DE JET PERSONNALIS\u00c9E La plate-forme Spectrum vous offre un syst\u00e8me flexible pour des conceptions... Read more &raquo;","og_url":"https:\/\/c-m-p.com\/fr\/produits-de-spa\/spa-jets\/","og_site_name":"CMP","article_modified_time":"2021-07-14T10:25:37+00:00","og_image":[{"width":600,"height":334,"url":"https:\/\/c-m-p.com\/wp-content\/uploads\/2013\/08\/spectrum-feature.png","type":"image\/png"}],"twitter_misc":{"Est. reading time":"1 minute"},"schema":{"@context":"https:\/\/schema.org","@graph":[{"@type":"WebPage","@id":"https:\/\/c-m-p.com\/fr\/produits-de-spa\/spa-jets\/","url":"https:\/\/c-m-p.com\/fr\/produits-de-spa\/spa-jets\/","name":"Jets de spa - CMP","isPartOf":{"@id":"https:\/\/c-m-p.com\/#website"},"primaryImageOfPage":{"@id":"https:\/\/c-m-p.com\/fr\/produits-de-spa\/spa-jets\/#primaryimage"},"image":{"@id":"https:\/\/c-m-p.com\/fr\/produits-de-spa\/spa-jets\/#primaryimage"},"thumbnailUrl":"https:\/\/www.c-m-p.com\/wp-content\/uploads\/2013\/08\/spectrum-feature.png","datePublished":"2013-07-30T17:28:46+00:00","dateModified":"2021-07-14T10:25:37+00:00","breadcrumb":{"@id":"https:\/\/c-m-p.com\/fr\/produits-de-spa\/spa-jets\/#breadcrumb"},"inLanguage":"fr-FR","potentialAction":[{"@type":"ReadAction","target":["https:\/\/c-m-p.com\/fr\/produits-de-spa\/spa-jets\/"]}]},{"@type":"ImageObject","inLanguage":"fr-FR","@id":"https:\/\/c-m-p.com\/fr\/produits-de-spa\/spa-jets\/#primaryimage","url":"https:\/\/www.c-m-p.com\/wp-content\/uploads\/2013\/08\/spectrum-feature.png","contentUrl":"https:\/\/www.c-m-p.com\/wp-content\/uploads\/2013\/08\/spectrum-feature.png","width":600,"height":334},{"@type":"BreadcrumbList","@id":"https:\/\/c-m-p.com\/fr\/produits-de-spa\/spa-jets\/#breadcrumb","itemListElement":[{"@type":"ListItem","position":1,"name":"Home","item":"https:\/\/c-m-p.com\/fr\/"},{"@type":"ListItem","position":2,"name":"Produits de Spa","item":"https:\/\/c-m-p.com\/fr\/produits-de-spa\/"},{"@type":"ListItem","position":3,"name":"Jets de spa"}]},{"@type":"WebSite","@id":"https:\/\/c-m-p.com\/#website","url":"https:\/\/c-m-p.com\/","name":"CMP","description":"Pool Products, Spa and Hot Tub Products","publisher":{"@id":"https:\/\/c-m-p.com\/#organization"},"potentialAction":[{"@type":"SearchAction","target":{"@type":"EntryPoint","urlTemplate":"https:\/\/c-m-p.com\/?s={search_term_string}"},"query-input":{"@type":"PropertyValueSpecification","valueRequired":true,"valueName":"search_term_string"}}],"inLanguage":"fr-FR"},{"@type":"Organization","@id":"https:\/\/c-m-p.com\/#organization","name":"CMP Pool & Spa Products","url":"https:\/\/c-m-p.com\/","logo":{"@type":"ImageObject","inLanguage":"fr-FR","@id":"https:\/\/c-m-p.com\/#\/schema\/logo\/image\/","url":"https:\/\/43ab809dfe.nxcli.io\/wp-content\/uploads\/2013\/10\/2013-CMP-Logo.jpg","contentUrl":"https:\/\/43ab809dfe.nxcli.io\/wp-content\/uploads\/2013\/10\/2013-CMP-Logo.jpg","width":1000,"height":247,"caption":"CMP Pool & Spa Products"},"image":{"@id":"https:\/\/c-m-p.com\/#\/schema\/logo\/image\/"}}]}},"_links":{"self":[{"href":"https:\/\/www.c-m-p.com\/fr\/wp-json\/wp\/v2\/pages\/63501","targetHints":{"allow":["GET"]}}],"collection":[{"href":"https:\/\/www.c-m-p.com\/fr\/wp-json\/wp\/v2\/pages"}],"about":[{"href":"https:\/\/www.c-m-p.com\/fr\/wp-json\/wp\/v2\/types\/page"}],"author":[{"embeddable":true,"href":"https:\/\/www.c-m-p.com\/fr\/wp-json\/wp\/v2\/users\/1"}],"replies":[{"embeddable":true,"href":"https:\/\/www.c-m-p.com\/fr\/wp-json\/wp\/v2\/comments?post=63501"}],"version-history":[{"count":0,"href":"https:\/\/www.c-m-p.com\/fr\/wp-json\/wp\/v2\/pages\/63501\/revisions"}],"up":[{"embeddable":true,"href":"https:\/\/www.c-m-p.com\/fr\/wp-json\/wp\/v2\/pages\/63409"}],"wp:featuredmedia":[{"embeddable":true,"href":"https:\/\/www.c-m-p.com\/fr\/wp-json\/wp\/v2\/media\/63503"}],"wp:attachment":[{"href":"https:\/\/www.c-m-p.com\/fr\/wp-json\/wp\/v2\/media?parent=63501"}],"curies":[{"name":"wp","href":"https:\/\/api.w.org\/{rel}","templated":true}]}}