{"id":63598,"date":"2013-10-04T17:32:48","date_gmt":"2013-10-04T22:32:48","guid":{"rendered":"https:\/\/43ab809dfe.nxcli.io\/produits-de-spa\/accessories\/"},"modified":"2021-07-15T00:13:07","modified_gmt":"2021-07-15T05:13:07","slug":"accessoires","status":"publish","type":"page","link":"https:\/\/www.c-m-p.com\/fr\/produits-de-spa\/accessoires\/","title":{"rendered":"Accessoires"},"content":{"rendered":"<img loading=\"lazy\" decoding=\"async\" width=\"650\" height=\"207\" class=\"aligncenter size-full wp-image-36963\" src=\"https:\/\/www.c-m-p.com\/wp-content\/uploads\/2018\/04\/accessory-title-graphic.png\" alt=\"\" largeur=\"650\" hauteur=\"207\" srcset=\"https:\/\/www.c-m-p.com\/wp-content\/uploads\/2018\/04\/accessory-title-graphic.png 650w, https:\/\/www.c-m-p.com\/wp-content\/uploads\/2018\/04\/accessory-title-graphic-300x96.png 300w, https:\/\/www.c-m-p.com\/wp-content\/uploads\/2018\/04\/accessory-title-graphic-568x181.png 568w, https:\/\/www.c-m-p.com\/wp-content\/uploads\/2018\/04\/accessory-title-graphic-235x75.png 235w, https:\/\/www.c-m-p.com\/wp-content\/uploads\/2018\/04\/accessory-title-graphic-307x98.png 307w\" sizes=\"auto, (max-width: 650px) 100vw, 650px\" \/>\n<hr \/>\n<p>&nbsp;<br \/>\n<img decoding=\"async\" width=\"200\" height=\"200\" src=\"https:\/\/www.c-m-p.com\/wp-content\/uploads\/2018\/04\/aroma-feature-circle-2.png\" class=\"attachment-full size-full\" alt=\"\" loading=\"lazy\" srcset=\"https:\/\/www.c-m-p.com\/wp-content\/uploads\/2018\/04\/aroma-feature-circle-2.png 200w, https:\/\/www.c-m-p.com\/wp-content\/uploads\/2018\/04\/aroma-feature-circle-2-150x150.png 150w\" sizes=\"auto, (max-width: 200px) 100vw, 200px\" \/><br \/>\nInjecteur de parfum<br \/>\n<img decoding=\"async\" width=\"200\" height=\"200\" src=\"https:\/\/www.c-m-p.com\/wp-content\/uploads\/2018\/04\/spa-aux-feature-circle.jpg\" class=\"attachment-full size-full\" alt=\"\" loading=\"lazy\" srcset=\"https:\/\/www.c-m-p.com\/wp-content\/uploads\/2018\/04\/spa-aux-feature-circle.jpg 200w, https:\/\/www.c-m-p.com\/wp-content\/uploads\/2018\/04\/spa-aux-feature-circle-150x150.jpg 150w\" sizes=\"auto, (max-width: 200px) 100vw, 200px\" \/><br \/>\nLa touche finale<br \/>\n<img decoding=\"async\" width=\"200\" height=\"200\" src=\"https:\/\/www.c-m-p.com\/wp-content\/uploads\/2018\/04\/cabinet-vent-feature-circle-2.png\" class=\"attachment-full size-full\" alt=\"\" loading=\"lazy\" srcset=\"https:\/\/www.c-m-p.com\/wp-content\/uploads\/2018\/04\/cabinet-vent-feature-circle-2.png 200w, https:\/\/www.c-m-p.com\/wp-content\/uploads\/2018\/04\/cabinet-vent-feature-circle-2-150x150.png 150w\" sizes=\"auto, (max-width: 200px) 100vw, 200px\" \/><br \/>\n\u00c9vents &amp; Suite<br \/>\n<img decoding=\"async\" width=\"200\" height=\"200\" src=\"https:\/\/www.c-m-p.com\/wp-content\/uploads\/2018\/04\/spa-drain-feature-circle.jpg\" class=\"attachment-full size-full\" alt=\"\" loading=\"lazy\" srcset=\"https:\/\/www.c-m-p.com\/wp-content\/uploads\/2018\/04\/spa-drain-feature-circle.jpg 200w, https:\/\/www.c-m-p.com\/wp-content\/uploads\/2018\/04\/spa-drain-feature-circle-150x150.jpg 150w\" sizes=\"auto, (max-width: 200px) 100vw, 200px\" \/><br \/>\nVidange facile<br \/>\n<img decoding=\"async\" width=\"200\" height=\"200\" src=\"https:\/\/www.c-m-p.com\/wp-content\/uploads\/2018\/04\/spa-tools-feature-circle-2.jpg\" class=\"attachment-full size-full\" alt=\"\" loading=\"lazy\" srcset=\"https:\/\/www.c-m-p.com\/wp-content\/uploads\/2018\/04\/spa-tools-feature-circle-2.jpg 200w, https:\/\/www.c-m-p.com\/wp-content\/uploads\/2018\/04\/spa-tools-feature-circle-2-150x150.jpg 150w\" sizes=\"auto, (max-width: 200px) 100vw, 200px\" \/><br \/>\nR\u00e9parer &amp; Faire le m\u00e9nage<br \/>\n<img decoding=\"async\" width=\"200\" height=\"200\" src=\"https:\/\/www.c-m-p.com\/wp-content\/uploads\/2019\/06\/wet-end-feature-circle.jpg\" class=\"attachment-full size-full\" alt=\"\" loading=\"lazy\" srcset=\"https:\/\/www.c-m-p.com\/wp-content\/uploads\/2019\/06\/wet-end-feature-circle.jpg 200w, https:\/\/www.c-m-p.com\/wp-content\/uploads\/2019\/06\/wet-end-feature-circle-150x150.jpg 150w\" sizes=\"auto, (max-width: 200px) 100vw, 200px\" \/><br \/>\nCadre 48\/56<\/p>\n<h2 class=\"rci-flex-content__heading cta__heading\">VOULEZ PLUS D&#8217;INFORMATIONS SUR LES PRODUITS ACCESSOIRES DE SPA\u00a0?<\/h2>\n<div class=\"rci-flex-content__content\"><\/div>\n<p><img decoding=\"async\" width=\"2000\" height=\"548\" src=\"https:\/\/www.c-m-p.com\/wp-content\/uploads\/2018\/04\/spa-cover-image-breatk.jpg\" class=\"attachment-full size-full\" alt=\"\" loading=\"lazy\" srcset=\"https:\/\/www.c-m-p.com\/wp-content\/uploads\/2018\/04\/spa-cover-image-breatk.jpg 2000w, https:\/\/www.c-m-p.com\/wp-content\/uploads\/2018\/04\/spa-cover-image-breatk-300x82.jpg 300w, https:\/\/www.c-m-p.com\/wp-content\/uploads\/2018\/04\/spa-cover-image-breatk-768x210.jpg 768w, https:\/\/www.c-m-p.com\/wp-content\/uploads\/2018\/04\/spa-cover-image-breatk-1024x281.jpg 1024w, https:\/\/www.c-m-p.com\/wp-content\/uploads\/2018\/04\/spa-cover-image-breatk-568x156.jpg 568w, https:\/\/www.c-m-p.com\/wp-content\/uploads\/2018\/04\/spa-cover-image-breatk-235x64.jpg 235w, https:\/\/www.c-m-p.com\/wp-content\/uploads\/2018\/04\/spa-cover-image-breatk-307x84.jpg 307w\" sizes=\"auto, (max-width: 2000px) 100vw, 2000px\" \/><br \/>\nLA MOYENNE FACILE DE VIDANGER<br \/>\n\u00caTRE TRANSPORT\u00c9 EN APPUYANT SUR UN BOUTON<br \/>\nRESTEZ CHAUD. . GARDER SON CALME<br \/>\nL&#8217;\u00e9vent d&#8217;armoire toutes saisons fonctionne par tous les temps pour garder un spa efficace<br \/>\n<img decoding=\"async\" width=\"1401\" height=\"398\" src=\"https:\/\/www.c-m-p.com\/wp-content\/uploads\/2013\/10\/all-season-splash-bg.jpg\" class=\"attachment-full size-full\" alt=\"winter summer all season spa cabinet vent\" loading=\"lazy\" srcset=\"https:\/\/www.c-m-p.com\/wp-content\/uploads\/2013\/10\/all-season-splash-bg.jpg 1401w, https:\/\/www.c-m-p.com\/wp-content\/uploads\/2013\/10\/all-season-splash-bg-300x85.jpg 300w, https:\/\/www.c-m-p.com\/wp-content\/uploads\/2013\/10\/all-season-splash-bg-1024x290.jpg 1024w, https:\/\/www.c-m-p.com\/wp-content\/uploads\/2013\/10\/all-season-splash-bg-568x161.jpg 568w, https:\/\/www.c-m-p.com\/wp-content\/uploads\/2013\/10\/all-season-splash-bg-235x66.jpg 235w, https:\/\/www.c-m-p.com\/wp-content\/uploads\/2013\/10\/all-season-splash-bg-307x87.jpg 307w\" sizes=\"auto, (max-width: 1401px) 100vw, 1401px\" \/><br \/>\nBESOIN D&#8217;UN TRANSPORT?<br \/>\nNous avons cela couvert. . .<br \/>\nGARDE LE PROPRE<br \/>\nTROUVER UN REPR\u00c9SENTANT<br \/>\nLocalisez votre repr\u00e9sentant CMP OEM<\/p>\n","protected":false},"excerpt":{"rendered":"<p>&nbsp; Injecteur de parfum La touche finale \u00c9vents &amp; Suite Vidange facile R\u00e9parer &amp; Faire le m\u00e9nage Cadre 48\/56 VOULEZ PLUS D&#8217;INFORMATIONS SUR LES PRODUITS ACCESSOIRES DE SPA\u00a0? LA MOYENNE FACILE DE VIDANGER \u00caTRE TRANSPORT\u00c9 EN APPUYANT SUR UN BOUTON RESTEZ CHAUD. . GARDER SON CALME L&#8217;\u00e9vent d&#8217;armoire toutes saisons fonctionne par tous les temps&#8230;  <a href=\"https:\/\/www.c-m-p.com\/fr\/produits-de-spa\/accessoires\/\" title=\"Read Accessoires\">Read more &raquo;<\/a><\/p>\n","protected":false},"author":1,"featured_media":63600,"parent":63409,"menu_order":1200,"comment_status":"open","ping_status":"open","template":"rci-flex-template.php","meta":{"_acf_changed":false,"_oasis_is_in_workflow":0,"_oasis_original":0,"_mi_skip_tracking":false,"_monsterinsights_sitenote_active":false,"_monsterinsights_sitenote_note":"","_monsterinsights_sitenote_category":0,"footnotes":""},"class_list":["post-63598","page","type-page","status-publish","has-post-thumbnail","hentry"],"acf":[],"yoast_head":"<!-- This site is optimized with the Yoast SEO plugin v27.2 - https:\/\/yoast.com\/product\/yoast-seo-wordpress\/ -->\n<title>Accessoires de spa - CMP Spa Products<\/title>\n<meta name=\"robots\" content=\"index, follow, max-snippet:-1, max-image-preview:large, max-video-preview:-1\" \/>\n<link rel=\"canonical\" href=\"https:\/\/c-m-p.com\/fr\/produits-de-spa\/accessoires\/\" \/>\n<meta property=\"og:locale\" content=\"fr_FR\" \/>\n<meta property=\"og:type\" content=\"article\" \/>\n<meta property=\"og:title\" content=\"Accessoires de spa - CMP Spa Products\" \/>\n<meta property=\"og:description\" content=\"&nbsp; Injecteur de parfum La touche finale \u00c9vents &amp; Suite Vidange facile R\u00e9parer &amp; Faire le m\u00e9nage Cadre 48\/56 VOULEZ PLUS D&#8217;INFORMATIONS SUR LES PRODUITS ACCESSOIRES DE SPA\u00a0? LA MOYENNE FACILE DE VIDANGER \u00caTRE TRANSPORT\u00c9 EN APPUYANT SUR UN BOUTON RESTEZ CHAUD. . GARDER SON CALME L&#8217;\u00e9vent d&#8217;armoire toutes saisons fonctionne par tous les temps... Read more &raquo;\" \/>\n<meta property=\"og:url\" content=\"https:\/\/c-m-p.com\/fr\/produits-de-spa\/accessoires\/\" \/>\n<meta property=\"og:site_name\" content=\"CMP\" \/>\n<meta property=\"article:modified_time\" content=\"2021-07-15T05:13:07+00:00\" \/>\n<meta property=\"og:image\" content=\"https:\/\/c-m-p.com\/wp-content\/uploads\/2018\/02\/spa-drain-product-bar.png\" \/>\n\t<meta property=\"og:image:width\" content=\"400\" \/>\n\t<meta property=\"og:image:height\" content=\"193\" \/>\n\t<meta property=\"og:image:type\" content=\"image\/png\" \/>\n<script type=\"application\/ld+json\" class=\"yoast-schema-graph\">{\"@context\":\"https:\/\/schema.org\",\"@graph\":[{\"@type\":\"WebPage\",\"@id\":\"https:\/\/c-m-p.com\/fr\/produits-de-spa\/accessoires\/\",\"url\":\"https:\/\/c-m-p.com\/fr\/produits-de-spa\/accessoires\/\",\"name\":\"Accessoires de spa - CMP Spa Products\",\"isPartOf\":{\"@id\":\"https:\/\/c-m-p.com\/#website\"},\"primaryImageOfPage\":{\"@id\":\"https:\/\/c-m-p.com\/fr\/produits-de-spa\/accessoires\/#primaryimage\"},\"image\":{\"@id\":\"https:\/\/c-m-p.com\/fr\/produits-de-spa\/accessoires\/#primaryimage\"},\"thumbnailUrl\":\"https:\/\/www.c-m-p.com\/wp-content\/uploads\/2018\/02\/spa-drain-product-bar.png\",\"datePublished\":\"2013-10-04T22:32:48+00:00\",\"dateModified\":\"2021-07-15T05:13:07+00:00\",\"breadcrumb\":{\"@id\":\"https:\/\/c-m-p.com\/fr\/produits-de-spa\/accessoires\/#breadcrumb\"},\"inLanguage\":\"fr-FR\",\"potentialAction\":[{\"@type\":\"ReadAction\",\"target\":[\"https:\/\/c-m-p.com\/fr\/produits-de-spa\/accessoires\/\"]}]},{\"@type\":\"ImageObject\",\"inLanguage\":\"fr-FR\",\"@id\":\"https:\/\/c-m-p.com\/fr\/produits-de-spa\/accessoires\/#primaryimage\",\"url\":\"https:\/\/www.c-m-p.com\/wp-content\/uploads\/2018\/02\/spa-drain-product-bar.png\",\"contentUrl\":\"https:\/\/www.c-m-p.com\/wp-content\/uploads\/2018\/02\/spa-drain-product-bar.png\",\"width\":400,\"height\":193},{\"@type\":\"BreadcrumbList\",\"@id\":\"https:\/\/c-m-p.com\/fr\/produits-de-spa\/accessoires\/#breadcrumb\",\"itemListElement\":[{\"@type\":\"ListItem\",\"position\":1,\"name\":\"Home\",\"item\":\"https:\/\/c-m-p.com\/fr\/\"},{\"@type\":\"ListItem\",\"position\":2,\"name\":\"Produits de Spa\",\"item\":\"https:\/\/c-m-p.com\/fr\/produits-de-spa\/\"},{\"@type\":\"ListItem\",\"position\":3,\"name\":\"Accessoires\"}]},{\"@type\":\"WebSite\",\"@id\":\"https:\/\/c-m-p.com\/#website\",\"url\":\"https:\/\/c-m-p.com\/\",\"name\":\"CMP\",\"description\":\"Pool Products, Spa and Hot Tub Products\",\"publisher\":{\"@id\":\"https:\/\/c-m-p.com\/#organization\"},\"potentialAction\":[{\"@type\":\"SearchAction\",\"target\":{\"@type\":\"EntryPoint\",\"urlTemplate\":\"https:\/\/c-m-p.com\/?s={search_term_string}\"},\"query-input\":{\"@type\":\"PropertyValueSpecification\",\"valueRequired\":true,\"valueName\":\"search_term_string\"}}],\"inLanguage\":\"fr-FR\"},{\"@type\":\"Organization\",\"@id\":\"https:\/\/c-m-p.com\/#organization\",\"name\":\"CMP Pool & Spa Products\",\"url\":\"https:\/\/c-m-p.com\/\",\"logo\":{\"@type\":\"ImageObject\",\"inLanguage\":\"fr-FR\",\"@id\":\"https:\/\/c-m-p.com\/#\/schema\/logo\/image\/\",\"url\":\"https:\/\/43ab809dfe.nxcli.io\/wp-content\/uploads\/2013\/10\/2013-CMP-Logo.jpg\",\"contentUrl\":\"https:\/\/43ab809dfe.nxcli.io\/wp-content\/uploads\/2013\/10\/2013-CMP-Logo.jpg\",\"width\":1000,\"height\":247,\"caption\":\"CMP Pool & Spa Products\"},\"image\":{\"@id\":\"https:\/\/c-m-p.com\/#\/schema\/logo\/image\/\"}}]}<\/script>\n<!-- \/ Yoast SEO plugin. -->","yoast_head_json":{"title":"Accessoires de spa - CMP Spa Products","robots":{"index":"index","follow":"follow","max-snippet":"max-snippet:-1","max-image-preview":"max-image-preview:large","max-video-preview":"max-video-preview:-1"},"canonical":"https:\/\/c-m-p.com\/fr\/produits-de-spa\/accessoires\/","og_locale":"fr_FR","og_type":"article","og_title":"Accessoires de spa - CMP Spa Products","og_description":"&nbsp; Injecteur de parfum La touche finale \u00c9vents &amp; Suite Vidange facile R\u00e9parer &amp; Faire le m\u00e9nage Cadre 48\/56 VOULEZ PLUS D&#8217;INFORMATIONS SUR LES PRODUITS ACCESSOIRES DE SPA\u00a0? LA MOYENNE FACILE DE VIDANGER \u00caTRE TRANSPORT\u00c9 EN APPUYANT SUR UN BOUTON RESTEZ CHAUD. . GARDER SON CALME L&#8217;\u00e9vent d&#8217;armoire toutes saisons fonctionne par tous les temps... Read more &raquo;","og_url":"https:\/\/c-m-p.com\/fr\/produits-de-spa\/accessoires\/","og_site_name":"CMP","article_modified_time":"2021-07-15T05:13:07+00:00","og_image":[{"width":400,"height":193,"url":"https:\/\/c-m-p.com\/wp-content\/uploads\/2018\/02\/spa-drain-product-bar.png","type":"image\/png"}],"schema":{"@context":"https:\/\/schema.org","@graph":[{"@type":"WebPage","@id":"https:\/\/c-m-p.com\/fr\/produits-de-spa\/accessoires\/","url":"https:\/\/c-m-p.com\/fr\/produits-de-spa\/accessoires\/","name":"Accessoires de spa - CMP Spa Products","isPartOf":{"@id":"https:\/\/c-m-p.com\/#website"},"primaryImageOfPage":{"@id":"https:\/\/c-m-p.com\/fr\/produits-de-spa\/accessoires\/#primaryimage"},"image":{"@id":"https:\/\/c-m-p.com\/fr\/produits-de-spa\/accessoires\/#primaryimage"},"thumbnailUrl":"https:\/\/www.c-m-p.com\/wp-content\/uploads\/2018\/02\/spa-drain-product-bar.png","datePublished":"2013-10-04T22:32:48+00:00","dateModified":"2021-07-15T05:13:07+00:00","breadcrumb":{"@id":"https:\/\/c-m-p.com\/fr\/produits-de-spa\/accessoires\/#breadcrumb"},"inLanguage":"fr-FR","potentialAction":[{"@type":"ReadAction","target":["https:\/\/c-m-p.com\/fr\/produits-de-spa\/accessoires\/"]}]},{"@type":"ImageObject","inLanguage":"fr-FR","@id":"https:\/\/c-m-p.com\/fr\/produits-de-spa\/accessoires\/#primaryimage","url":"https:\/\/www.c-m-p.com\/wp-content\/uploads\/2018\/02\/spa-drain-product-bar.png","contentUrl":"https:\/\/www.c-m-p.com\/wp-content\/uploads\/2018\/02\/spa-drain-product-bar.png","width":400,"height":193},{"@type":"BreadcrumbList","@id":"https:\/\/c-m-p.com\/fr\/produits-de-spa\/accessoires\/#breadcrumb","itemListElement":[{"@type":"ListItem","position":1,"name":"Home","item":"https:\/\/c-m-p.com\/fr\/"},{"@type":"ListItem","position":2,"name":"Produits de Spa","item":"https:\/\/c-m-p.com\/fr\/produits-de-spa\/"},{"@type":"ListItem","position":3,"name":"Accessoires"}]},{"@type":"WebSite","@id":"https:\/\/c-m-p.com\/#website","url":"https:\/\/c-m-p.com\/","name":"CMP","description":"Pool Products, Spa and Hot Tub Products","publisher":{"@id":"https:\/\/c-m-p.com\/#organization"},"potentialAction":[{"@type":"SearchAction","target":{"@type":"EntryPoint","urlTemplate":"https:\/\/c-m-p.com\/?s={search_term_string}"},"query-input":{"@type":"PropertyValueSpecification","valueRequired":true,"valueName":"search_term_string"}}],"inLanguage":"fr-FR"},{"@type":"Organization","@id":"https:\/\/c-m-p.com\/#organization","name":"CMP Pool & Spa Products","url":"https:\/\/c-m-p.com\/","logo":{"@type":"ImageObject","inLanguage":"fr-FR","@id":"https:\/\/c-m-p.com\/#\/schema\/logo\/image\/","url":"https:\/\/43ab809dfe.nxcli.io\/wp-content\/uploads\/2013\/10\/2013-CMP-Logo.jpg","contentUrl":"https:\/\/43ab809dfe.nxcli.io\/wp-content\/uploads\/2013\/10\/2013-CMP-Logo.jpg","width":1000,"height":247,"caption":"CMP Pool & Spa Products"},"image":{"@id":"https:\/\/c-m-p.com\/#\/schema\/logo\/image\/"}}]}},"_links":{"self":[{"href":"https:\/\/www.c-m-p.com\/fr\/wp-json\/wp\/v2\/pages\/63598","targetHints":{"allow":["GET"]}}],"collection":[{"href":"https:\/\/www.c-m-p.com\/fr\/wp-json\/wp\/v2\/pages"}],"about":[{"href":"https:\/\/www.c-m-p.com\/fr\/wp-json\/wp\/v2\/types\/page"}],"author":[{"embeddable":true,"href":"https:\/\/www.c-m-p.com\/fr\/wp-json\/wp\/v2\/users\/1"}],"replies":[{"embeddable":true,"href":"https:\/\/www.c-m-p.com\/fr\/wp-json\/wp\/v2\/comments?post=63598"}],"version-history":[{"count":0,"href":"https:\/\/www.c-m-p.com\/fr\/wp-json\/wp\/v2\/pages\/63598\/revisions"}],"up":[{"embeddable":true,"href":"https:\/\/www.c-m-p.com\/fr\/wp-json\/wp\/v2\/pages\/63409"}],"wp:featuredmedia":[{"embeddable":true,"href":"https:\/\/www.c-m-p.com\/fr\/wp-json\/wp\/v2\/media\/63600"}],"wp:attachment":[{"href":"https:\/\/www.c-m-p.com\/fr\/wp-json\/wp\/v2\/media?parent=63598"}],"curies":[{"name":"wp","href":"https:\/\/api.w.org\/{rel}","templated":true}]}}