{"id":63659,"date":"2013-10-04T19:10:34","date_gmt":"2013-10-05T00:10:34","guid":{"rendered":"https:\/\/43ab809dfe.nxcli.io\/produits-de-bain\/equipment\/"},"modified":"2021-07-15T00:16:47","modified_gmt":"2021-07-15T05:16:47","slug":"equipement","status":"publish","type":"page","link":"https:\/\/www.c-m-p.com\/fr\/produits-de-bain\/equipement\/","title":{"rendered":"\u00c9quipement et commandes"},"content":{"rendered":"<p><img loading=\"lazy\" decoding=\"async\" class=\"aligncenter size-full wp-image-38806\" src=\"https:\/\/www.c-m-p.com\/wp-content\/uploads\/2018\/05\/Nexxus-logo-600x178.png\" alt=\"\" width=\"600\" height=\"178\" srcset=\"https:\/\/www.c-m-p.com\/wp-content\/uploads\/2018\/05\/Nexxus-logo-600x178.png 600w, https:\/\/www.c-m-p.com\/wp-content\/uploads\/2018\/05\/Nexxus-logo-600x178-300x89.png 300w, https:\/\/www.c-m-p.com\/wp-content\/uploads\/2018\/05\/Nexxus-logo-600x178-568x169.png 568w, https:\/\/www.c-m-p.com\/wp-content\/uploads\/2018\/05\/Nexxus-logo-600x178-235x70.png 235w, https:\/\/www.c-m-p.com\/wp-content\/uploads\/2018\/05\/Nexxus-logo-600x178-307x91.png 307w\" sizes=\"auto, (max-width: 600px) 100vw, 600px\" \/><br \/>\nCOMMANDES<\/BR>DE BAIN<br \/>\n<img decoding=\"async\" width=\"200\" height=\"200\" src=\"https:\/\/www.c-m-p.com\/wp-content\/uploads\/2018\/05\/bath-control-feature-circle.png\" class=\"attachment-full size-full\" alt=\"\" loading=\"lazy\" srcset=\"https:\/\/www.c-m-p.com\/wp-content\/uploads\/2018\/05\/bath-control-feature-circle.png 200w, https:\/\/www.c-m-p.com\/wp-content\/uploads\/2018\/05\/bath-control-feature-circle-150x150.png 150w\" sizes=\"auto, (max-width: 200px) 100vw, 200px\" \/><br \/>\nSuite de contr\u00f4le de bain<br \/>\nLUMI\u00c8RE<\/BR>LED<br \/>\n<img decoding=\"async\" width=\"600\" height=\"420\" src=\"https:\/\/www.c-m-p.com\/wp-content\/uploads\/2017\/06\/nexxus-light-feature.png\" class=\"attachment-full size-full\" alt=\"\" loading=\"lazy\" srcset=\"https:\/\/www.c-m-p.com\/wp-content\/uploads\/2017\/06\/nexxus-light-feature.png 600w, https:\/\/www.c-m-p.com\/wp-content\/uploads\/2017\/06\/nexxus-light-feature-300x210.png 300w, https:\/\/www.c-m-p.com\/wp-content\/uploads\/2017\/06\/nexxus-light-feature-568x398.png 568w, https:\/\/www.c-m-p.com\/wp-content\/uploads\/2017\/06\/nexxus-light-feature-235x165.png 235w, https:\/\/www.c-m-p.com\/wp-content\/uploads\/2017\/06\/nexxus-light-feature-307x215.png 307w\" sizes=\"auto, (max-width: 600px) 100vw, 600px\" \/><br \/>\nLuminaires LED<br \/>\nPOMPES<\/BR>DE BAIN<br \/>\n<img decoding=\"async\" width=\"200\" height=\"200\" src=\"https:\/\/www.c-m-p.com\/wp-content\/uploads\/2018\/05\/nexxus-pump-200x200.png\" class=\"attachment-full size-full\" alt=\"\" loading=\"lazy\" srcset=\"https:\/\/www.c-m-p.com\/wp-content\/uploads\/2018\/05\/nexxus-pump-200x200.png 200w, https:\/\/www.c-m-p.com\/wp-content\/uploads\/2018\/05\/nexxus-pump-200x200-150x150.png 150w\" sizes=\"auto, (max-width: 200px) 100vw, 200px\" \/><br \/>\nNational &amp; International<br \/>\nCHAUFFE<\/BR>BAIN<br \/>\n<img decoding=\"async\" width=\"200\" height=\"200\" src=\"https:\/\/www.c-m-p.com\/wp-content\/uploads\/2018\/05\/nexxus-heater-with-discharge-200x200.png\" class=\"attachment-full size-full\" alt=\"\" loading=\"lazy\" srcset=\"https:\/\/www.c-m-p.com\/wp-content\/uploads\/2018\/05\/nexxus-heater-with-discharge-200x200.png 200w, https:\/\/www.c-m-p.com\/wp-content\/uploads\/2018\/05\/nexxus-heater-with-discharge-200x200-150x150.png 150w\" sizes=\"auto, (max-width: 200px) 100vw, 200px\" \/><br \/>\nChaleur de bain durable<br \/>\nSOUFFLERIE<\/BR>DE BAIN<br \/>\n<img decoding=\"async\" width=\"200\" height=\"200\" src=\"https:\/\/www.c-m-p.com\/wp-content\/uploads\/2018\/05\/nexxus-blower-200x200.png\" class=\"attachment-full size-full\" alt=\"\" loading=\"lazy\" srcset=\"https:\/\/www.c-m-p.com\/wp-content\/uploads\/2018\/05\/nexxus-blower-200x200.png 200w, https:\/\/www.c-m-p.com\/wp-content\/uploads\/2018\/05\/nexxus-blower-200x200-150x150.png 150w\" sizes=\"auto, (max-width: 200px) 100vw, 200px\" \/><br \/>\nCompact, silencieux, efficace<br \/>\nSE PROCURER PLUS D&#8217;INFORMATION<br \/>\nVous avez des questions sur les produits de bain ? Cliquez sur le bouton pour contacter votre repr\u00e9sentant commercial CMP.<br \/>\n<img decoding=\"async\" width=\"1401\" height=\"398\" src=\"https:\/\/www.c-m-p.com\/wp-content\/uploads\/2013\/10\/2012-catalog-bath-cover-splash-wide-bg.jpg\" class=\"attachment-full size-full\" alt=\"\" loading=\"lazy\" srcset=\"https:\/\/www.c-m-p.com\/wp-content\/uploads\/2013\/10\/2012-catalog-bath-cover-splash-wide-bg.jpg 1401w, https:\/\/www.c-m-p.com\/wp-content\/uploads\/2013\/10\/2012-catalog-bath-cover-splash-wide-bg-300x85.jpg 300w, https:\/\/www.c-m-p.com\/wp-content\/uploads\/2013\/10\/2012-catalog-bath-cover-splash-wide-bg-1024x290.jpg 1024w, https:\/\/www.c-m-p.com\/wp-content\/uploads\/2013\/10\/2012-catalog-bath-cover-splash-wide-bg-568x161.jpg 568w, https:\/\/www.c-m-p.com\/wp-content\/uploads\/2013\/10\/2012-catalog-bath-cover-splash-wide-bg-235x66.jpg 235w, https:\/\/www.c-m-p.com\/wp-content\/uploads\/2013\/10\/2012-catalog-bath-cover-splash-wide-bg-307x87.jpg 307w\" sizes=\"auto, (max-width: 1401px) 100vw, 1401px\" \/><br \/>\nCOMPOSANTS DE BAIN \u00c9LECTRONIQUE NEXXUS&#x2122;<br \/>\nCMP propose d\u00e9sormais un syst\u00e8me complet de composants \u00e9lectroniques pour le bain. La marque Nexxus&#x2122; comprend des contr\u00f4leurs num\u00e9riques, des pompes, des radiateurs et des soufflantes. L&#8217;\u00e9quipement est disponible pour les march\u00e9s am\u00e9ricains et internationaux.<\/p>\n<h1 style=\"font-size: 3em;\">LE BAIN MODERNE<\/h1>\n<p>Syst\u00e8mes de contr\u00f4le flexibles et interactifs pour le bain moderne.<\/p>\n<h1 style=\"font-size:3em;\">OBTENIR \u00c9CLAIR\u00c9<\/h1>\n<p>Avec la lampe de bain LED propre et moderne de CMP.<br \/>\nVOUS CHERCHEZ PLUS D&#8217;INFOS ? CONSULTEZ LE CENTRE DE RESSOURCES !<\/p>\n","protected":false},"excerpt":{"rendered":"<p>COMMANDESDE BAIN Suite de contr\u00f4le de bain LUMI\u00c8RELED Luminaires LED POMPESDE BAIN National &amp; International CHAUFFEBAIN Chaleur de bain durable SOUFFLERIEDE BAIN Compact, silencieux, efficace SE PROCURER PLUS D&#8217;INFORMATION Vous avez des questions sur les produits de bain ? Cliquez sur le bouton pour contacter votre repr\u00e9sentant commercial CMP. COMPOSANTS DE BAIN \u00c9LECTRONIQUE NEXXUS&#x2122; CMP&#8230;  <a href=\"https:\/\/www.c-m-p.com\/fr\/produits-de-bain\/equipement\/\" title=\"Read \u00c9quipement et commandes\">Read more &raquo;<\/a><\/p>\n","protected":false},"author":1,"featured_media":0,"parent":63435,"menu_order":300,"comment_status":"open","ping_status":"open","template":"rci-flex-template.php","meta":{"_acf_changed":false,"_oasis_is_in_workflow":0,"_oasis_original":0,"_mi_skip_tracking":false,"_monsterinsights_sitenote_active":false,"_monsterinsights_sitenote_note":"","_monsterinsights_sitenote_category":0,"footnotes":""},"class_list":["post-63659","page","type-page","status-publish","hentry"],"acf":[],"yoast_head":"<!-- This site is optimized with the Yoast SEO plugin v27.2 - https:\/\/yoast.com\/product\/yoast-seo-wordpress\/ -->\n<title>Pompes, R\u00e9chauffeurs, Souffleurs de Bain - CMP Bath Products<\/title>\n<meta name=\"robots\" content=\"index, follow, max-snippet:-1, max-image-preview:large, max-video-preview:-1\" \/>\n<link rel=\"canonical\" href=\"https:\/\/c-m-p.com\/fr\/produits-de-bain\/equipement\/\" \/>\n<meta property=\"og:locale\" content=\"fr_FR\" \/>\n<meta property=\"og:type\" content=\"article\" \/>\n<meta property=\"og:title\" content=\"Pompes, R\u00e9chauffeurs, Souffleurs de Bain - CMP Bath Products\" \/>\n<meta property=\"og:description\" content=\"COMMANDESDE BAIN Suite de contr\u00f4le de bain LUMI\u00c8RELED Luminaires LED POMPESDE BAIN National &amp; International CHAUFFEBAIN Chaleur de bain durable SOUFFLERIEDE BAIN Compact, silencieux, efficace SE PROCURER PLUS D&#8217;INFORMATION Vous avez des questions sur les produits de bain ? Cliquez sur le bouton pour contacter votre repr\u00e9sentant commercial CMP. COMPOSANTS DE BAIN \u00c9LECTRONIQUE NEXXUS&#x2122; CMP... Read more &raquo;\" \/>\n<meta property=\"og:url\" content=\"https:\/\/c-m-p.com\/fr\/produits-de-bain\/equipement\/\" \/>\n<meta property=\"og:site_name\" content=\"CMP\" \/>\n<meta property=\"article:modified_time\" content=\"2021-07-15T05:16:47+00:00\" \/>\n<meta property=\"og:image\" content=\"https:\/\/c-m-p.com\/wp-content\/uploads\/2018\/05\/Nexxus-logo-600x178.png\" \/>\n<meta name=\"twitter:label1\" content=\"Est. reading time\" \/>\n\t<meta name=\"twitter:data1\" content=\"1 minute\" \/>\n<script type=\"application\/ld+json\" class=\"yoast-schema-graph\">{\"@context\":\"https:\/\/schema.org\",\"@graph\":[{\"@type\":\"WebPage\",\"@id\":\"https:\/\/c-m-p.com\/fr\/produits-de-bain\/equipement\/\",\"url\":\"https:\/\/c-m-p.com\/fr\/produits-de-bain\/equipement\/\",\"name\":\"Pompes, R\u00e9chauffeurs, Souffleurs de Bain - CMP Bath Products\",\"isPartOf\":{\"@id\":\"https:\/\/c-m-p.com\/#website\"},\"primaryImageOfPage\":{\"@id\":\"https:\/\/c-m-p.com\/fr\/produits-de-bain\/equipement\/#primaryimage\"},\"image\":{\"@id\":\"https:\/\/c-m-p.com\/fr\/produits-de-bain\/equipement\/#primaryimage\"},\"thumbnailUrl\":\"https:\/\/www.c-m-p.com\/wp-content\/uploads\/2018\/05\/Nexxus-logo-600x178.png\",\"datePublished\":\"2013-10-05T00:10:34+00:00\",\"dateModified\":\"2021-07-15T05:16:47+00:00\",\"breadcrumb\":{\"@id\":\"https:\/\/c-m-p.com\/fr\/produits-de-bain\/equipement\/#breadcrumb\"},\"inLanguage\":\"fr-FR\",\"potentialAction\":[{\"@type\":\"ReadAction\",\"target\":[\"https:\/\/c-m-p.com\/fr\/produits-de-bain\/equipement\/\"]}]},{\"@type\":\"ImageObject\",\"inLanguage\":\"fr-FR\",\"@id\":\"https:\/\/c-m-p.com\/fr\/produits-de-bain\/equipement\/#primaryimage\",\"url\":\"https:\/\/www.c-m-p.com\/wp-content\/uploads\/2018\/05\/Nexxus-logo-600x178.png\",\"contentUrl\":\"https:\/\/www.c-m-p.com\/wp-content\/uploads\/2018\/05\/Nexxus-logo-600x178.png\"},{\"@type\":\"BreadcrumbList\",\"@id\":\"https:\/\/c-m-p.com\/fr\/produits-de-bain\/equipement\/#breadcrumb\",\"itemListElement\":[{\"@type\":\"ListItem\",\"position\":1,\"name\":\"Home\",\"item\":\"https:\/\/c-m-p.com\/fr\/\"},{\"@type\":\"ListItem\",\"position\":2,\"name\":\"Produits de bain\",\"item\":\"https:\/\/c-m-p.com\/fr\/produits-de-bain\/\"},{\"@type\":\"ListItem\",\"position\":3,\"name\":\"\u00c9quipement et commandes\"}]},{\"@type\":\"WebSite\",\"@id\":\"https:\/\/c-m-p.com\/#website\",\"url\":\"https:\/\/c-m-p.com\/\",\"name\":\"CMP\",\"description\":\"Pool Products, Spa and Hot Tub Products\",\"publisher\":{\"@id\":\"https:\/\/c-m-p.com\/#organization\"},\"potentialAction\":[{\"@type\":\"SearchAction\",\"target\":{\"@type\":\"EntryPoint\",\"urlTemplate\":\"https:\/\/c-m-p.com\/?s={search_term_string}\"},\"query-input\":{\"@type\":\"PropertyValueSpecification\",\"valueRequired\":true,\"valueName\":\"search_term_string\"}}],\"inLanguage\":\"fr-FR\"},{\"@type\":\"Organization\",\"@id\":\"https:\/\/c-m-p.com\/#organization\",\"name\":\"CMP Pool & Spa Products\",\"url\":\"https:\/\/c-m-p.com\/\",\"logo\":{\"@type\":\"ImageObject\",\"inLanguage\":\"fr-FR\",\"@id\":\"https:\/\/c-m-p.com\/#\/schema\/logo\/image\/\",\"url\":\"https:\/\/43ab809dfe.nxcli.io\/wp-content\/uploads\/2013\/10\/2013-CMP-Logo.jpg\",\"contentUrl\":\"https:\/\/43ab809dfe.nxcli.io\/wp-content\/uploads\/2013\/10\/2013-CMP-Logo.jpg\",\"width\":1000,\"height\":247,\"caption\":\"CMP Pool & Spa Products\"},\"image\":{\"@id\":\"https:\/\/c-m-p.com\/#\/schema\/logo\/image\/\"}}]}<\/script>\n<!-- \/ Yoast SEO plugin. -->","yoast_head_json":{"title":"Pompes, R\u00e9chauffeurs, Souffleurs de Bain - CMP Bath Products","robots":{"index":"index","follow":"follow","max-snippet":"max-snippet:-1","max-image-preview":"max-image-preview:large","max-video-preview":"max-video-preview:-1"},"canonical":"https:\/\/c-m-p.com\/fr\/produits-de-bain\/equipement\/","og_locale":"fr_FR","og_type":"article","og_title":"Pompes, R\u00e9chauffeurs, Souffleurs de Bain - CMP Bath Products","og_description":"COMMANDESDE BAIN Suite de contr\u00f4le de bain LUMI\u00c8RELED Luminaires LED POMPESDE BAIN National &amp; International CHAUFFEBAIN Chaleur de bain durable SOUFFLERIEDE BAIN Compact, silencieux, efficace SE PROCURER PLUS D&#8217;INFORMATION Vous avez des questions sur les produits de bain ? Cliquez sur le bouton pour contacter votre repr\u00e9sentant commercial CMP. COMPOSANTS DE BAIN \u00c9LECTRONIQUE NEXXUS&#x2122; CMP... Read more &raquo;","og_url":"https:\/\/c-m-p.com\/fr\/produits-de-bain\/equipement\/","og_site_name":"CMP","article_modified_time":"2021-07-15T05:16:47+00:00","og_image":[{"url":"https:\/\/c-m-p.com\/wp-content\/uploads\/2018\/05\/Nexxus-logo-600x178.png","type":"","width":"","height":""}],"twitter_misc":{"Est. reading time":"1 minute"},"schema":{"@context":"https:\/\/schema.org","@graph":[{"@type":"WebPage","@id":"https:\/\/c-m-p.com\/fr\/produits-de-bain\/equipement\/","url":"https:\/\/c-m-p.com\/fr\/produits-de-bain\/equipement\/","name":"Pompes, R\u00e9chauffeurs, Souffleurs de Bain - CMP Bath Products","isPartOf":{"@id":"https:\/\/c-m-p.com\/#website"},"primaryImageOfPage":{"@id":"https:\/\/c-m-p.com\/fr\/produits-de-bain\/equipement\/#primaryimage"},"image":{"@id":"https:\/\/c-m-p.com\/fr\/produits-de-bain\/equipement\/#primaryimage"},"thumbnailUrl":"https:\/\/www.c-m-p.com\/wp-content\/uploads\/2018\/05\/Nexxus-logo-600x178.png","datePublished":"2013-10-05T00:10:34+00:00","dateModified":"2021-07-15T05:16:47+00:00","breadcrumb":{"@id":"https:\/\/c-m-p.com\/fr\/produits-de-bain\/equipement\/#breadcrumb"},"inLanguage":"fr-FR","potentialAction":[{"@type":"ReadAction","target":["https:\/\/c-m-p.com\/fr\/produits-de-bain\/equipement\/"]}]},{"@type":"ImageObject","inLanguage":"fr-FR","@id":"https:\/\/c-m-p.com\/fr\/produits-de-bain\/equipement\/#primaryimage","url":"https:\/\/www.c-m-p.com\/wp-content\/uploads\/2018\/05\/Nexxus-logo-600x178.png","contentUrl":"https:\/\/www.c-m-p.com\/wp-content\/uploads\/2018\/05\/Nexxus-logo-600x178.png"},{"@type":"BreadcrumbList","@id":"https:\/\/c-m-p.com\/fr\/produits-de-bain\/equipement\/#breadcrumb","itemListElement":[{"@type":"ListItem","position":1,"name":"Home","item":"https:\/\/c-m-p.com\/fr\/"},{"@type":"ListItem","position":2,"name":"Produits de bain","item":"https:\/\/c-m-p.com\/fr\/produits-de-bain\/"},{"@type":"ListItem","position":3,"name":"\u00c9quipement et commandes"}]},{"@type":"WebSite","@id":"https:\/\/c-m-p.com\/#website","url":"https:\/\/c-m-p.com\/","name":"CMP","description":"Pool Products, Spa and Hot Tub Products","publisher":{"@id":"https:\/\/c-m-p.com\/#organization"},"potentialAction":[{"@type":"SearchAction","target":{"@type":"EntryPoint","urlTemplate":"https:\/\/c-m-p.com\/?s={search_term_string}"},"query-input":{"@type":"PropertyValueSpecification","valueRequired":true,"valueName":"search_term_string"}}],"inLanguage":"fr-FR"},{"@type":"Organization","@id":"https:\/\/c-m-p.com\/#organization","name":"CMP Pool & Spa Products","url":"https:\/\/c-m-p.com\/","logo":{"@type":"ImageObject","inLanguage":"fr-FR","@id":"https:\/\/c-m-p.com\/#\/schema\/logo\/image\/","url":"https:\/\/43ab809dfe.nxcli.io\/wp-content\/uploads\/2013\/10\/2013-CMP-Logo.jpg","contentUrl":"https:\/\/43ab809dfe.nxcli.io\/wp-content\/uploads\/2013\/10\/2013-CMP-Logo.jpg","width":1000,"height":247,"caption":"CMP Pool & Spa Products"},"image":{"@id":"https:\/\/c-m-p.com\/#\/schema\/logo\/image\/"}}]}},"_links":{"self":[{"href":"https:\/\/www.c-m-p.com\/fr\/wp-json\/wp\/v2\/pages\/63659","targetHints":{"allow":["GET"]}}],"collection":[{"href":"https:\/\/www.c-m-p.com\/fr\/wp-json\/wp\/v2\/pages"}],"about":[{"href":"https:\/\/www.c-m-p.com\/fr\/wp-json\/wp\/v2\/types\/page"}],"author":[{"embeddable":true,"href":"https:\/\/www.c-m-p.com\/fr\/wp-json\/wp\/v2\/users\/1"}],"replies":[{"embeddable":true,"href":"https:\/\/www.c-m-p.com\/fr\/wp-json\/wp\/v2\/comments?post=63659"}],"version-history":[{"count":0,"href":"https:\/\/www.c-m-p.com\/fr\/wp-json\/wp\/v2\/pages\/63659\/revisions"}],"up":[{"embeddable":true,"href":"https:\/\/www.c-m-p.com\/fr\/wp-json\/wp\/v2\/pages\/63435"}],"wp:attachment":[{"href":"https:\/\/www.c-m-p.com\/fr\/wp-json\/wp\/v2\/media?parent=63659"}],"curies":[{"name":"wp","href":"https:\/\/api.w.org\/{rel}","templated":true}]}}