{"id":63676,"date":"2020-09-17T07:34:13","date_gmt":"2020-09-17T12:34:13","guid":{"rendered":"https:\/\/43ab809dfe.nxcli.io\/produits-de-piscine\/bobe\/"},"modified":"2021-07-15T04:11:07","modified_gmt":"2021-07-15T09:11:07","slug":"bobo","status":"publish","type":"page","link":"https:\/\/www.c-m-p.com\/fr\/produits-de-piscine\/bobo\/","title":{"rendered":"Bob\u00e9\u00ae Eau &#038; Feu"},"content":{"rendered":"<p><img loading=\"lazy\" decoding=\"async\" class=\"aligncenter wp-image-59065\" src=\"https:\/\/www.c-m-p.com\/wp-content\/uploads\/2020\/09\/Bobe-Logo-RevB-web.png\" alt=\"\" width=\"550\" height=\"286\" \/><br \/>\n<img decoding=\"async\" width=\"200\" height=\"200\" src=\"https:\/\/www.c-m-p.com\/wp-content\/uploads\/2020\/09\/fire-pot-feature-circle.jpg\" class=\"attachment-full size-full\" alt=\"\" loading=\"lazy\" srcset=\"https:\/\/www.c-m-p.com\/wp-content\/uploads\/2020\/09\/fire-pot-feature-circle.jpg 200w, https:\/\/www.c-m-p.com\/wp-content\/uploads\/2020\/09\/fire-pot-feature-circle-150x150.jpg 150w\" sizes=\"auto, (max-width: 200px) 100vw, 200px\" \/><br \/>\nUne pi\u00e8ce ma\u00eetresse du feu<br \/>\n<img decoding=\"async\" width=\"200\" height=\"200\" src=\"https:\/\/www.c-m-p.com\/wp-content\/uploads\/2020\/09\/scupper-feature-circle.jpg\" class=\"attachment-full size-full\" alt=\"\" loading=\"lazy\" srcset=\"https:\/\/www.c-m-p.com\/wp-content\/uploads\/2020\/09\/scupper-feature-circle.jpg 200w, https:\/\/www.c-m-p.com\/wp-content\/uploads\/2020\/09\/scupper-feature-circle-150x150.jpg 150w\" sizes=\"auto, (max-width: 200px) 100vw, 200px\" \/><br \/>\nFait pour \u00eatre vu<br \/>\n<img decoding=\"async\" width=\"200\" height=\"200\" src=\"https:\/\/www.c-m-p.com\/wp-content\/uploads\/2020\/09\/water-fire-feature-circle2.jpg\" class=\"attachment-full size-full\" alt=\"\" loading=\"lazy\" srcset=\"https:\/\/www.c-m-p.com\/wp-content\/uploads\/2020\/09\/water-fire-feature-circle2.jpg 200w, https:\/\/www.c-m-p.com\/wp-content\/uploads\/2020\/09\/water-fire-feature-circle2-150x150.jpg 150w\" sizes=\"auto, (max-width: 200px) 100vw, 200px\" \/><br \/>\nMa\u00eetrise des \u00e9l\u00e9ments<br \/>\n<img decoding=\"async\" width=\"200\" height=\"200\" src=\"https:\/\/www.c-m-p.com\/wp-content\/uploads\/2020\/09\/flight-feature-circle.jpg\" class=\"attachment-full size-full\" alt=\"\" loading=\"lazy\" srcset=\"https:\/\/www.c-m-p.com\/wp-content\/uploads\/2020\/09\/flight-feature-circle.jpg 200w, https:\/\/www.c-m-p.com\/wp-content\/uploads\/2020\/09\/flight-feature-circle-150x150.jpg 150w\" sizes=\"auto, (max-width: 200px) 100vw, 200px\" \/><br \/>\nUnique &amp; Caract\u00e9ristiques d&#8217;origine<br \/>\n<img decoding=\"async\" width=\"200\" height=\"200\" src=\"https:\/\/www.c-m-p.com\/wp-content\/uploads\/2020\/09\/fire-table-feature-circle.jpg\" class=\"attachment-full size-full\" alt=\"\" loading=\"lazy\" srcset=\"https:\/\/www.c-m-p.com\/wp-content\/uploads\/2020\/09\/fire-table-feature-circle.jpg 200w, https:\/\/www.c-m-p.com\/wp-content\/uploads\/2020\/09\/fire-table-feature-circle-150x150.jpg 150w\" sizes=\"auto, (max-width: 200px) 100vw, 200px\" \/><br \/>\nCommencer une conversation<br \/>\n<img decoding=\"async\" width=\"200\" height=\"200\" src=\"https:\/\/www.c-m-p.com\/wp-content\/uploads\/2020\/09\/planter-feature-circle.jpg\" class=\"attachment-full size-full\" alt=\"\" loading=\"lazy\" srcset=\"https:\/\/www.c-m-p.com\/wp-content\/uploads\/2020\/09\/planter-feature-circle.jpg 200w, https:\/\/www.c-m-p.com\/wp-content\/uploads\/2020\/09\/planter-feature-circle-150x150.jpg 150w\" sizes=\"auto, (max-width: 200px) 100vw, 200px\" \/><br \/>\nL&#8217;accord parfait<\/p>\n<h1>Trouvez votre \u00e9l\u00e9ment&#x2122;<\/h1>\n<p><i>Les produits Bob\u00e9 sont fabriqu\u00e9s artisanalement \u00e0 la rencontre de l&#8217;artisanat traditionnel et de la technologie. Les artisans professionnels con\u00e7oivent et manipulent des structures en cuivre et en acier robustes. Pendant ce temps, la pr\u00e9cision des machines \u00e0 la pointe de la technologie construit le br\u00fbleur Perfect Flame et tamponne les \u00e9l\u00e9ments d&#8217;eau de cr\u00e9ateurs.<\/i><\/p>\n<h1><img loading=\"lazy\" decoding=\"async\" class=\"aligncenter size-full wp-image-59210\" src=\"https:\/\/www.c-m-p.com\/wp-content\/uploads\/2020\/09\/materials-white-icon.png\" alt=\"\" width=\"200\" height=\"200\" srcset=\"https:\/\/www.c-m-p.com\/wp-content\/uploads\/2020\/09\/materials-white-icon.png 200w, https:\/\/www.c-m-p.com\/wp-content\/uploads\/2020\/09\/materials-white-icon-150x150.png 150w\" sizes=\"auto, (max-width: 200px) 100vw, 200px\" \/><\/h1>\n<h1>Mat\u00e9riaux de haute qualit\u00e9<\/h1>\n<p>Qualit\u00e9 lourde : nos produits sont fabriqu\u00e9s \u00e0 partir d&#8217;acier inoxydable et de cuivre de la meilleure qualit\u00e9. Chaque mat\u00e9riau est vivant avec des propri\u00e9t\u00e9s qui lui sont propres.<br \/>\n<img decoding=\"async\" width=\"1200\" height=\"630\" src=\"https:\/\/www.c-m-p.com\/wp-content\/uploads\/2019\/10\/bobe-fire-flight-series-rain-feature.jpg\" class=\"attachment-full size-full\" alt=\"\" loading=\"lazy\" srcset=\"https:\/\/www.c-m-p.com\/wp-content\/uploads\/2019\/10\/bobe-fire-flight-series-rain-feature.jpg 1200w, https:\/\/www.c-m-p.com\/wp-content\/uploads\/2019\/10\/bobe-fire-flight-series-rain-feature-300x158.jpg 300w, https:\/\/www.c-m-p.com\/wp-content\/uploads\/2019\/10\/bobe-fire-flight-series-rain-feature-768x403.jpg 768w, https:\/\/www.c-m-p.com\/wp-content\/uploads\/2019\/10\/bobe-fire-flight-series-rain-feature-1024x538.jpg 1024w, https:\/\/www.c-m-p.com\/wp-content\/uploads\/2019\/10\/bobe-fire-flight-series-rain-feature-568x298.jpg 568w, https:\/\/www.c-m-p.com\/wp-content\/uploads\/2019\/10\/bobe-fire-flight-series-rain-feature-235x123.jpg 235w, https:\/\/www.c-m-p.com\/wp-content\/uploads\/2019\/10\/bobe-fire-flight-series-rain-feature-307x161.jpg 307w\" sizes=\"auto, (max-width: 1200px) 100vw, 1200px\" \/><\/p>\n<h1><img loading=\"lazy\" decoding=\"async\" class=\"aligncenter size-full wp-image-59201\" src=\"https:\/\/www.c-m-p.com\/wp-content\/uploads\/2020\/09\/perfect-flame-white-icon.png\" alt=\"\" width=\"200\" height=\"200\" srcset=\"https:\/\/www.c-m-p.com\/wp-content\/uploads\/2020\/09\/perfect-flame-white-icon.png 200w, https:\/\/www.c-m-p.com\/wp-content\/uploads\/2020\/09\/perfect-flame-white-icon-150x150.png 150w\" sizes=\"auto, (max-width: 200px) 100vw, 200px\" \/><\/h1>\n<h1>Flamme parfaite\u00ae<\/h1>\n<p>Tous les pots \u00e0 feu, bols \u00e0 eau + feu et lignes de feu utilisent la technologie de br\u00fbleur Bob\u00e9 Perfect Flame&#x2122;.<span class=\"Apple-converted-space\"> <\/span>Nos br\u00fbleurs ne ressemblent \u00e0 aucun autre, avec une flamme qui br\u00fble plus un look de feu plus naturel.<span class=\"Apple-converted-space\"> <\/span><br \/>\n<img decoding=\"async\" width=\"700\" height=\"200\" src=\"https:\/\/www.c-m-p.com\/wp-content\/uploads\/2020\/02\/bobe-fire-pan-lit-overlay-banner.jpg\" class=\"attachment-full size-full\" alt=\"\" loading=\"lazy\" srcset=\"https:\/\/www.c-m-p.com\/wp-content\/uploads\/2020\/02\/bobe-fire-pan-lit-overlay-banner.jpg 700w, https:\/\/www.c-m-p.com\/wp-content\/uploads\/2020\/02\/bobe-fire-pan-lit-overlay-banner-300x86.jpg 300w, https:\/\/www.c-m-p.com\/wp-content\/uploads\/2020\/02\/bobe-fire-pan-lit-overlay-banner-568x162.jpg 568w, https:\/\/www.c-m-p.com\/wp-content\/uploads\/2020\/02\/bobe-fire-pan-lit-overlay-banner-235x67.jpg 235w, https:\/\/www.c-m-p.com\/wp-content\/uploads\/2020\/02\/bobe-fire-pan-lit-overlay-banner-307x88.jpg 307w\" sizes=\"auto, (max-width: 700px) 100vw, 700px\" \/><\/p>\n<h1><img loading=\"lazy\" decoding=\"async\" class=\"aligncenter size-full wp-image-59217\" src=\"https:\/\/www.c-m-p.com\/wp-content\/uploads\/2020\/09\/artisan-eye-dk-gray-icon.png\" alt=\"\" width=\"200\" height=\"200\" srcset=\"https:\/\/www.c-m-p.com\/wp-content\/uploads\/2020\/09\/artisan-eye-dk-gray-icon.png 200w, https:\/\/www.c-m-p.com\/wp-content\/uploads\/2020\/09\/artisan-eye-dk-gray-icon-150x150.png 150w\" sizes=\"auto, (max-width: 200px) 100vw, 200px\" \/><\/h1>\n<h1>Fabriqu\u00e9 artisanalement<\/h1>\n<p>Chaque produit Bob\u00e9 est fabriqu\u00e9 \u00e0 la main par notre \u00e9quipe qualifi\u00e9e \u00e0 Phoenix, en Arizona. Chaque article est soud\u00e9 au TIG, poli \u00e0 la main et inspect\u00e9 individuellement avant de quitter notre usine et d&#8217;atterrir dans votre jardin.<br \/>\n<img decoding=\"async\" width=\"2000\" height=\"548\" src=\"https:\/\/www.c-m-p.com\/wp-content\/uploads\/2020\/09\/fancy-welder-image-break-cropped.jpg\" class=\"attachment-full size-full\" alt=\"\" loading=\"lazy\" srcset=\"https:\/\/www.c-m-p.com\/wp-content\/uploads\/2020\/09\/fancy-welder-image-break-cropped.jpg 2000w, https:\/\/www.c-m-p.com\/wp-content\/uploads\/2020\/09\/fancy-welder-image-break-cropped-300x82.jpg 300w, https:\/\/www.c-m-p.com\/wp-content\/uploads\/2020\/09\/fancy-welder-image-break-cropped-1024x281.jpg 1024w, https:\/\/www.c-m-p.com\/wp-content\/uploads\/2020\/09\/fancy-welder-image-break-cropped-768x210.jpg 768w, https:\/\/www.c-m-p.com\/wp-content\/uploads\/2020\/09\/fancy-welder-image-break-cropped-1536x421.jpg 1536w, https:\/\/www.c-m-p.com\/wp-content\/uploads\/2020\/09\/fancy-welder-image-break-cropped-568x156.jpg 568w, https:\/\/www.c-m-p.com\/wp-content\/uploads\/2020\/09\/fancy-welder-image-break-cropped-235x64.jpg 235w, https:\/\/www.c-m-p.com\/wp-content\/uploads\/2020\/09\/fancy-welder-image-break-cropped-307x84.jpg 307w\" sizes=\"auto, (max-width: 2000px) 100vw, 2000px\" \/><br \/>\nVOUS SOUHAITEZ PLUS D&#8217;INFOS SUR LES PRODUITS DE LA MARQUE BOB\u00c9 ?<br \/>\nAvant d&#8217;aller plus loin, cliquez sur le bouton ci-dessous pour entrer en contact avec CMP<br \/>\nUNIQUE EN SON GENRE<br \/>\nFlight Series est un foyer minimaliste et compl\u00e8tement ouvert qui allie l&#8217;exp\u00e9rience d&#8217;un pot \u00e0 feu avec une flamme nue gonfl\u00e9e.<br \/>\nFAITES TOUT VOTRE PROPRE<br \/>\nNOUS AVONS ALLUM\u00c9 LE FEU<br \/>\n<strong><span style=\"text-decoration: underline;\">LA S\u00c9RIE ARTISAN EST L&#8217;EAU + LE FEU QUE VOUS RECHERCHEZ<\/span> \u27eb <\/strong><br \/>\nLA CARACT\u00c9RISTIQUE DE L&#8217;EAU FAITE POUR \u00caTRE VOIR<br \/>\nLes dalots ajoutent de la texture et du style \u00e0 une piscine. L&#8217;eau n&#8217;est qu&#8217;un bonus.<br \/>\nVOUS CHERCHEZ PLUS D&#8217;INFOS ? CONSULTEZ LE CENTRE DE RESSOURCES !<br \/>\n&nbsp;<\/p>\n<p>&nbsp;<\/p>\n<p>&nbsp;<\/p>\n<p>&nbsp;<\/p>\n<p>&nbsp;<\/p>\n<p>&nbsp;<\/p>\n<p>&nbsp;<\/p>\n<p>&nbsp;<br \/>\n<img decoding=\"async\" width=\"1000\" height=\"500\" src=\"https:\/\/www.c-m-p.com\/wp-content\/uploads\/2018\/10\/bobe-360-spill-bowl-banner.jpg\" class=\"attachment-full size-full\" alt=\"\" loading=\"lazy\" srcset=\"https:\/\/www.c-m-p.com\/wp-content\/uploads\/2018\/10\/bobe-360-spill-bowl-banner.jpg 1000w, https:\/\/www.c-m-p.com\/wp-content\/uploads\/2018\/10\/bobe-360-spill-bowl-banner-300x150.jpg 300w, https:\/\/www.c-m-p.com\/wp-content\/uploads\/2018\/10\/bobe-360-spill-bowl-banner-768x384.jpg 768w, https:\/\/www.c-m-p.com\/wp-content\/uploads\/2018\/10\/bobe-360-spill-bowl-banner-568x284.jpg 568w, https:\/\/www.c-m-p.com\/wp-content\/uploads\/2018\/10\/bobe-360-spill-bowl-banner-235x118.jpg 235w, https:\/\/www.c-m-p.com\/wp-content\/uploads\/2018\/10\/bobe-360-spill-bowl-banner-307x154.jpg 307w\" sizes=\"auto, (max-width: 1000px) 100vw, 1000px\" \/><\/p>\n","protected":false},"excerpt":{"rendered":"<p>Une pi\u00e8ce ma\u00eetresse du feu Fait pour \u00eatre vu Ma\u00eetrise des \u00e9l\u00e9ments Unique &amp; Caract\u00e9ristiques d&#8217;origine Commencer une conversation L&#8217;accord parfait Trouvez votre \u00e9l\u00e9ment&#x2122; Les produits Bob\u00e9 sont fabriqu\u00e9s artisanalement \u00e0 la rencontre de l&#8217;artisanat traditionnel et de la technologie. Les artisans professionnels con\u00e7oivent et manipulent des structures en cuivre et en acier robustes. Pendant&#8230;  <a href=\"https:\/\/www.c-m-p.com\/fr\/produits-de-piscine\/bobo\/\" title=\"Read Bob\u00e9\u00ae Eau &#038; Feu\">Read more &raquo;<\/a><\/p>\n","protected":false},"author":4,"featured_media":60956,"parent":63451,"menu_order":0,"comment_status":"closed","ping_status":"closed","template":"rci-flex-template.php","meta":{"_acf_changed":false,"_oasis_is_in_workflow":0,"_oasis_original":0,"_mi_skip_tracking":false,"_monsterinsights_sitenote_active":false,"_monsterinsights_sitenote_note":"","_monsterinsights_sitenote_category":0,"footnotes":""},"class_list":["post-63676","page","type-page","status-publish","has-post-thumbnail","hentry"],"acf":[],"yoast_head":"<!-- This site is optimized with the Yoast SEO plugin v27.2 - https:\/\/yoast.com\/product\/yoast-seo-wordpress\/ -->\n<title>Bob\u00e9\u00ae Eau &amp; Feu - CMP<\/title>\n<meta name=\"robots\" content=\"index, follow, max-snippet:-1, max-image-preview:large, max-video-preview:-1\" \/>\n<link rel=\"canonical\" href=\"https:\/\/c-m-p.com\/fr\/produits-de-piscine\/bobo\/\" \/>\n<meta property=\"og:locale\" content=\"fr_FR\" \/>\n<meta property=\"og:type\" content=\"article\" \/>\n<meta property=\"og:title\" content=\"Bob\u00e9\u00ae Eau &amp; Feu - CMP\" \/>\n<meta property=\"og:description\" content=\"Une pi\u00e8ce ma\u00eetresse du feu Fait pour \u00eatre vu Ma\u00eetrise des \u00e9l\u00e9ments Unique &amp; Caract\u00e9ristiques d&#8217;origine Commencer une conversation L&#8217;accord parfait Trouvez votre \u00e9l\u00e9ment&#x2122; Les produits Bob\u00e9 sont fabriqu\u00e9s artisanalement \u00e0 la rencontre de l&#8217;artisanat traditionnel et de la technologie. Les artisans professionnels con\u00e7oivent et manipulent des structures en cuivre et en acier robustes. Pendant... Read more &raquo;\" \/>\n<meta property=\"og:url\" content=\"https:\/\/c-m-p.com\/fr\/produits-de-piscine\/bobo\/\" \/>\n<meta property=\"og:site_name\" content=\"CMP\" \/>\n<meta property=\"article:modified_time\" content=\"2021-07-15T09:11:07+00:00\" \/>\n<meta property=\"og:image\" content=\"https:\/\/c-m-p.com\/wp-content\/uploads\/2020\/10\/bobe-flight-series-alexon-overflow-profile-gallery.jpg\" \/>\n\t<meta property=\"og:image:width\" content=\"650\" \/>\n\t<meta property=\"og:image:height\" content=\"548\" \/>\n\t<meta property=\"og:image:type\" content=\"image\/jpeg\" \/>\n<meta name=\"twitter:label1\" content=\"Est. reading time\" \/>\n\t<meta name=\"twitter:data1\" content=\"2 minutes\" \/>\n<script type=\"application\/ld+json\" class=\"yoast-schema-graph\">{\"@context\":\"https:\/\/schema.org\",\"@graph\":[{\"@type\":\"WebPage\",\"@id\":\"https:\/\/c-m-p.com\/fr\/produits-de-piscine\/bobo\/\",\"url\":\"https:\/\/c-m-p.com\/fr\/produits-de-piscine\/bobo\/\",\"name\":\"Bob\u00e9\u00ae Eau & Feu - CMP\",\"isPartOf\":{\"@id\":\"https:\/\/c-m-p.com\/#website\"},\"primaryImageOfPage\":{\"@id\":\"https:\/\/c-m-p.com\/fr\/produits-de-piscine\/bobo\/#primaryimage\"},\"image\":{\"@id\":\"https:\/\/c-m-p.com\/fr\/produits-de-piscine\/bobo\/#primaryimage\"},\"thumbnailUrl\":\"https:\/\/www.c-m-p.com\/wp-content\/uploads\/2020\/10\/bobe-flight-series-alexon-overflow-profile-gallery.jpg\",\"datePublished\":\"2020-09-17T12:34:13+00:00\",\"dateModified\":\"2021-07-15T09:11:07+00:00\",\"breadcrumb\":{\"@id\":\"https:\/\/c-m-p.com\/fr\/produits-de-piscine\/bobo\/#breadcrumb\"},\"inLanguage\":\"fr-FR\",\"potentialAction\":[{\"@type\":\"ReadAction\",\"target\":[\"https:\/\/c-m-p.com\/fr\/produits-de-piscine\/bobo\/\"]}]},{\"@type\":\"ImageObject\",\"inLanguage\":\"fr-FR\",\"@id\":\"https:\/\/c-m-p.com\/fr\/produits-de-piscine\/bobo\/#primaryimage\",\"url\":\"https:\/\/www.c-m-p.com\/wp-content\/uploads\/2020\/10\/bobe-flight-series-alexon-overflow-profile-gallery.jpg\",\"contentUrl\":\"https:\/\/www.c-m-p.com\/wp-content\/uploads\/2020\/10\/bobe-flight-series-alexon-overflow-profile-gallery.jpg\",\"width\":650,\"height\":548,\"caption\":\"Bob\u00e9 Flight Series\"},{\"@type\":\"BreadcrumbList\",\"@id\":\"https:\/\/c-m-p.com\/fr\/produits-de-piscine\/bobo\/#breadcrumb\",\"itemListElement\":[{\"@type\":\"ListItem\",\"position\":1,\"name\":\"Home\",\"item\":\"https:\/\/c-m-p.com\/fr\/\"},{\"@type\":\"ListItem\",\"position\":2,\"name\":\"Produits de piscine\",\"item\":\"https:\/\/c-m-p.com\/fr\/produits-de-piscine\/\"},{\"@type\":\"ListItem\",\"position\":3,\"name\":\"Bob\u00e9\u00ae Eau &#038; Feu\"}]},{\"@type\":\"WebSite\",\"@id\":\"https:\/\/c-m-p.com\/#website\",\"url\":\"https:\/\/c-m-p.com\/\",\"name\":\"CMP\",\"description\":\"Pool Products, Spa and Hot Tub Products\",\"publisher\":{\"@id\":\"https:\/\/c-m-p.com\/#organization\"},\"potentialAction\":[{\"@type\":\"SearchAction\",\"target\":{\"@type\":\"EntryPoint\",\"urlTemplate\":\"https:\/\/c-m-p.com\/?s={search_term_string}\"},\"query-input\":{\"@type\":\"PropertyValueSpecification\",\"valueRequired\":true,\"valueName\":\"search_term_string\"}}],\"inLanguage\":\"fr-FR\"},{\"@type\":\"Organization\",\"@id\":\"https:\/\/c-m-p.com\/#organization\",\"name\":\"CMP Pool & Spa Products\",\"url\":\"https:\/\/c-m-p.com\/\",\"logo\":{\"@type\":\"ImageObject\",\"inLanguage\":\"fr-FR\",\"@id\":\"https:\/\/c-m-p.com\/#\/schema\/logo\/image\/\",\"url\":\"https:\/\/43ab809dfe.nxcli.io\/wp-content\/uploads\/2013\/10\/2013-CMP-Logo.jpg\",\"contentUrl\":\"https:\/\/43ab809dfe.nxcli.io\/wp-content\/uploads\/2013\/10\/2013-CMP-Logo.jpg\",\"width\":1000,\"height\":247,\"caption\":\"CMP Pool & Spa Products\"},\"image\":{\"@id\":\"https:\/\/c-m-p.com\/#\/schema\/logo\/image\/\"}}]}<\/script>\n<!-- \/ Yoast SEO plugin. -->","yoast_head_json":{"title":"Bob\u00e9\u00ae Eau & Feu - CMP","robots":{"index":"index","follow":"follow","max-snippet":"max-snippet:-1","max-image-preview":"max-image-preview:large","max-video-preview":"max-video-preview:-1"},"canonical":"https:\/\/c-m-p.com\/fr\/produits-de-piscine\/bobo\/","og_locale":"fr_FR","og_type":"article","og_title":"Bob\u00e9\u00ae Eau & Feu - CMP","og_description":"Une pi\u00e8ce ma\u00eetresse du feu Fait pour \u00eatre vu Ma\u00eetrise des \u00e9l\u00e9ments Unique &amp; Caract\u00e9ristiques d&#8217;origine Commencer une conversation L&#8217;accord parfait Trouvez votre \u00e9l\u00e9ment&#x2122; Les produits Bob\u00e9 sont fabriqu\u00e9s artisanalement \u00e0 la rencontre de l&#8217;artisanat traditionnel et de la technologie. Les artisans professionnels con\u00e7oivent et manipulent des structures en cuivre et en acier robustes. Pendant... Read more &raquo;","og_url":"https:\/\/c-m-p.com\/fr\/produits-de-piscine\/bobo\/","og_site_name":"CMP","article_modified_time":"2021-07-15T09:11:07+00:00","og_image":[{"width":650,"height":548,"url":"https:\/\/c-m-p.com\/wp-content\/uploads\/2020\/10\/bobe-flight-series-alexon-overflow-profile-gallery.jpg","type":"image\/jpeg"}],"twitter_misc":{"Est. reading time":"2 minutes"},"schema":{"@context":"https:\/\/schema.org","@graph":[{"@type":"WebPage","@id":"https:\/\/c-m-p.com\/fr\/produits-de-piscine\/bobo\/","url":"https:\/\/c-m-p.com\/fr\/produits-de-piscine\/bobo\/","name":"Bob\u00e9\u00ae Eau & Feu - CMP","isPartOf":{"@id":"https:\/\/c-m-p.com\/#website"},"primaryImageOfPage":{"@id":"https:\/\/c-m-p.com\/fr\/produits-de-piscine\/bobo\/#primaryimage"},"image":{"@id":"https:\/\/c-m-p.com\/fr\/produits-de-piscine\/bobo\/#primaryimage"},"thumbnailUrl":"https:\/\/www.c-m-p.com\/wp-content\/uploads\/2020\/10\/bobe-flight-series-alexon-overflow-profile-gallery.jpg","datePublished":"2020-09-17T12:34:13+00:00","dateModified":"2021-07-15T09:11:07+00:00","breadcrumb":{"@id":"https:\/\/c-m-p.com\/fr\/produits-de-piscine\/bobo\/#breadcrumb"},"inLanguage":"fr-FR","potentialAction":[{"@type":"ReadAction","target":["https:\/\/c-m-p.com\/fr\/produits-de-piscine\/bobo\/"]}]},{"@type":"ImageObject","inLanguage":"fr-FR","@id":"https:\/\/c-m-p.com\/fr\/produits-de-piscine\/bobo\/#primaryimage","url":"https:\/\/www.c-m-p.com\/wp-content\/uploads\/2020\/10\/bobe-flight-series-alexon-overflow-profile-gallery.jpg","contentUrl":"https:\/\/www.c-m-p.com\/wp-content\/uploads\/2020\/10\/bobe-flight-series-alexon-overflow-profile-gallery.jpg","width":650,"height":548,"caption":"Bob\u00e9 Flight Series"},{"@type":"BreadcrumbList","@id":"https:\/\/c-m-p.com\/fr\/produits-de-piscine\/bobo\/#breadcrumb","itemListElement":[{"@type":"ListItem","position":1,"name":"Home","item":"https:\/\/c-m-p.com\/fr\/"},{"@type":"ListItem","position":2,"name":"Produits de piscine","item":"https:\/\/c-m-p.com\/fr\/produits-de-piscine\/"},{"@type":"ListItem","position":3,"name":"Bob\u00e9\u00ae Eau &#038; Feu"}]},{"@type":"WebSite","@id":"https:\/\/c-m-p.com\/#website","url":"https:\/\/c-m-p.com\/","name":"CMP","description":"Pool Products, Spa and Hot Tub Products","publisher":{"@id":"https:\/\/c-m-p.com\/#organization"},"potentialAction":[{"@type":"SearchAction","target":{"@type":"EntryPoint","urlTemplate":"https:\/\/c-m-p.com\/?s={search_term_string}"},"query-input":{"@type":"PropertyValueSpecification","valueRequired":true,"valueName":"search_term_string"}}],"inLanguage":"fr-FR"},{"@type":"Organization","@id":"https:\/\/c-m-p.com\/#organization","name":"CMP Pool & Spa Products","url":"https:\/\/c-m-p.com\/","logo":{"@type":"ImageObject","inLanguage":"fr-FR","@id":"https:\/\/c-m-p.com\/#\/schema\/logo\/image\/","url":"https:\/\/43ab809dfe.nxcli.io\/wp-content\/uploads\/2013\/10\/2013-CMP-Logo.jpg","contentUrl":"https:\/\/43ab809dfe.nxcli.io\/wp-content\/uploads\/2013\/10\/2013-CMP-Logo.jpg","width":1000,"height":247,"caption":"CMP Pool & Spa Products"},"image":{"@id":"https:\/\/c-m-p.com\/#\/schema\/logo\/image\/"}}]}},"_links":{"self":[{"href":"https:\/\/www.c-m-p.com\/fr\/wp-json\/wp\/v2\/pages\/63676","targetHints":{"allow":["GET"]}}],"collection":[{"href":"https:\/\/www.c-m-p.com\/fr\/wp-json\/wp\/v2\/pages"}],"about":[{"href":"https:\/\/www.c-m-p.com\/fr\/wp-json\/wp\/v2\/types\/page"}],"author":[{"embeddable":true,"href":"https:\/\/www.c-m-p.com\/fr\/wp-json\/wp\/v2\/users\/4"}],"replies":[{"embeddable":true,"href":"https:\/\/www.c-m-p.com\/fr\/wp-json\/wp\/v2\/comments?post=63676"}],"version-history":[{"count":0,"href":"https:\/\/www.c-m-p.com\/fr\/wp-json\/wp\/v2\/pages\/63676\/revisions"}],"up":[{"embeddable":true,"href":"https:\/\/www.c-m-p.com\/fr\/wp-json\/wp\/v2\/pages\/63451"}],"wp:featuredmedia":[{"embeddable":true,"href":"https:\/\/www.c-m-p.com\/fr\/wp-json\/wp\/v2\/media\/60956"}],"wp:attachment":[{"href":"https:\/\/www.c-m-p.com\/fr\/wp-json\/wp\/v2\/media?parent=63676"}],"curies":[{"name":"wp","href":"https:\/\/api.w.org\/{rel}","templated":true}]}}