{"id":63710,"date":"2013-10-04T18:14:34","date_gmt":"2013-10-04T23:14:34","guid":{"rendered":"https:\/\/43ab809dfe.nxcli.io\/produits-de-piscine\/water-features\/"},"modified":"2021-07-15T04:32:37","modified_gmt":"2021-07-15T09:32:37","slug":"caracteristiques-de-leau","status":"publish","type":"page","link":"https:\/\/www.c-m-p.com\/fr\/produits-de-piscine\/caracteristiques-de-leau\/","title":{"rendered":"Caract\u00e9ristiques de l&#8217;eau Natural Wonders\u00ae"},"content":{"rendered":"<p><img loading=\"lazy\" decoding=\"async\" class=\"aligncenter size-full wp-image-78851\" src=\"https:\/\/www.c-m-p.com\/wp-content\/uploads\/2015\/04\/natural-wonders-logo-feature.png\" alt=\"\" width=\"600\" height=\"334\" srcset=\"https:\/\/www.c-m-p.com\/wp-content\/uploads\/2015\/04\/natural-wonders-logo-feature.png 600w, https:\/\/www.c-m-p.com\/wp-content\/uploads\/2015\/04\/natural-wonders-logo-feature-300x167.png 300w, https:\/\/www.c-m-p.com\/wp-content\/uploads\/2015\/04\/natural-wonders-logo-feature-568x316.png 568w, https:\/\/www.c-m-p.com\/wp-content\/uploads\/2015\/04\/natural-wonders-logo-feature-235x130.png 235w, https:\/\/www.c-m-p.com\/wp-content\/uploads\/2015\/04\/natural-wonders-logo-feature-307x170.png 307w\" sizes=\"auto, (max-width: 600px) 100vw, 600px\" \/><br \/>\n<img decoding=\"async\" width=\"600\" height=\"334\" src=\"https:\/\/www.c-m-p.com\/wp-content\/uploads\/2015\/04\/nw-waterfall-brick-feature.jpg\" class=\"attachment-full size-full\" alt=\"\" loading=\"lazy\" srcset=\"https:\/\/www.c-m-p.com\/wp-content\/uploads\/2015\/04\/nw-waterfall-brick-feature.jpg 600w, https:\/\/www.c-m-p.com\/wp-content\/uploads\/2015\/04\/nw-waterfall-brick-feature-300x167.jpg 300w, https:\/\/www.c-m-p.com\/wp-content\/uploads\/2015\/04\/nw-waterfall-brick-feature-568x316.jpg 568w, https:\/\/www.c-m-p.com\/wp-content\/uploads\/2015\/04\/nw-waterfall-brick-feature-235x130.jpg 235w, https:\/\/www.c-m-p.com\/wp-content\/uploads\/2015\/04\/nw-waterfall-brick-feature-307x170.jpg 307w\" sizes=\"auto, (max-width: 600px) 100vw, 600px\" \/><br \/>\nCollection la plus vendue<br \/>\n<img decoding=\"async\" width=\"1000\" height=\"667\" src=\"https:\/\/www.c-m-p.com\/wp-content\/uploads\/2016\/12\/20140326_1907multi-deck-jet-spray-pattern-gallery.jpg\" class=\"attachment-full size-full\" alt=\"\" loading=\"lazy\" srcset=\"https:\/\/www.c-m-p.com\/wp-content\/uploads\/2016\/12\/20140326_1907multi-deck-jet-spray-pattern-gallery.jpg 1000w, https:\/\/www.c-m-p.com\/wp-content\/uploads\/2016\/12\/20140326_1907multi-deck-jet-spray-pattern-gallery-300x200.jpg 300w, https:\/\/www.c-m-p.com\/wp-content\/uploads\/2016\/12\/20140326_1907multi-deck-jet-spray-pattern-gallery-768x512.jpg 768w, https:\/\/www.c-m-p.com\/wp-content\/uploads\/2016\/12\/20140326_1907multi-deck-jet-spray-pattern-gallery-568x379.jpg 568w, https:\/\/www.c-m-p.com\/wp-content\/uploads\/2016\/12\/20140326_1907multi-deck-jet-spray-pattern-gallery-235x157.jpg 235w, https:\/\/www.c-m-p.com\/wp-content\/uploads\/2016\/12\/20140326_1907multi-deck-jet-spray-pattern-gallery-307x205.jpg 307w\" sizes=\"auto, (max-width: 1000px) 100vw, 1000px\" \/><br \/>\nOriginal, r\u00e9glable<br \/>\n<img decoding=\"async\" width=\"1000\" height=\"562\" src=\"https:\/\/www.c-m-p.com\/wp-content\/uploads\/2014\/08\/25503-pool-bubbler-close.jpg\" class=\"attachment-full size-full\" alt=\"\" loading=\"lazy\" srcset=\"https:\/\/www.c-m-p.com\/wp-content\/uploads\/2014\/08\/25503-pool-bubbler-close.jpg 1000w, https:\/\/www.c-m-p.com\/wp-content\/uploads\/2014\/08\/25503-pool-bubbler-close-300x168.jpg 300w, https:\/\/www.c-m-p.com\/wp-content\/uploads\/2014\/08\/25503-pool-bubbler-close-568x319.jpg 568w, https:\/\/www.c-m-p.com\/wp-content\/uploads\/2014\/08\/25503-pool-bubbler-close-235x132.jpg 235w, https:\/\/www.c-m-p.com\/wp-content\/uploads\/2014\/08\/25503-pool-bubbler-close-307x172.jpg 307w\" sizes=\"auto, (max-width: 1000px) 100vw, 1000px\" \/><br \/>\nBeaut\u00e9 Naturelle Simple<br \/>\n<img decoding=\"async\" width=\"200\" height=\"200\" src=\"https:\/\/www.c-m-p.com\/wp-content\/uploads\/2018\/04\/water-feature-filter-circle.png\" class=\"attachment-full size-full\" alt=\"Water Feature Filter\" loading=\"lazy\" srcset=\"https:\/\/www.c-m-p.com\/wp-content\/uploads\/2018\/04\/water-feature-filter-circle.png 200w, https:\/\/www.c-m-p.com\/wp-content\/uploads\/2018\/04\/water-feature-filter-circle-150x150.png 150w\" sizes=\"auto, (max-width: 200px) 100vw, 200px\" \/><br \/>\nProt\u00e9ger les \u00e9l\u00e9ments aquatiques<br \/>\n<img decoding=\"async\" width=\"1500\" height=\"410\" src=\"https:\/\/www.c-m-p.com\/wp-content\/uploads\/2018\/04\/deck-jet-waterfall-image-break.jpg\" class=\"attachment-full size-full\" alt=\"\" loading=\"lazy\" srcset=\"https:\/\/www.c-m-p.com\/wp-content\/uploads\/2018\/04\/deck-jet-waterfall-image-break.jpg 1500w, https:\/\/www.c-m-p.com\/wp-content\/uploads\/2018\/04\/deck-jet-waterfall-image-break-300x82.jpg 300w, https:\/\/www.c-m-p.com\/wp-content\/uploads\/2018\/04\/deck-jet-waterfall-image-break-768x210.jpg 768w, https:\/\/www.c-m-p.com\/wp-content\/uploads\/2018\/04\/deck-jet-waterfall-image-break-1024x280.jpg 1024w, https:\/\/www.c-m-p.com\/wp-content\/uploads\/2018\/04\/deck-jet-waterfall-image-break-568x155.jpg 568w, https:\/\/www.c-m-p.com\/wp-content\/uploads\/2018\/04\/deck-jet-waterfall-image-break-235x64.jpg 235w, https:\/\/www.c-m-p.com\/wp-content\/uploads\/2018\/04\/deck-jet-waterfall-image-break-307x84.jpg 307w\" sizes=\"auto, (max-width: 1500px) 100vw, 1500px\" \/><br \/>\nVOUS VOULEZ PLUS D&#8217;INFOS SUR LES CARACT\u00c9RISTIQUES DES MERVEILLES NATURELLES\u00a0?<br \/>\nAllez-y et demandez &#8211; cliquez sur le bouton ci-dessous pour entrer en contact avec CMP<br \/>\nCINQ JETS DE PONT EN UN<br \/>\n<u>VOIR LES JETS DE PONT NATURAL WNDERS &gt;<\/u><br \/>\nCETTE CASCADE EST CLAIREMENT MEILLEURE<br \/>\nNos chutes d&#8217;eau sont disponibles dans des tailles de 12&#8243; \u00e0 96&#8243; en plusieurs couleurs et \u00e9galement transparentes.<br \/>\nRENCONTREZ BOB\u00c9, LE PLUS R\u00c9CENT AJOUT DE CMP<br \/>\n<u>Cliquez ici pour visiter le site Web de Bob\u00e9 &gt;<\/u><\/p>\n<h2>COMP\u00c9TENCE IN\u00c9GAL\u00c9E<br \/>\nFLAMME PARFAITE<\/h2>\n<p>&nbsp;<\/p>\n<p>&nbsp;<br \/>\nLE JET DE PONT R\u00c9GLABLE BREVET\u00c9 D&#8217;ORIGINE<br \/>\nLe seul jet de pont r\u00e9glable au niveau de la buse pendant le fonctionnement.<br \/>\nVOUS CHERCHEZ PLUS D&#8217;INFOS ? CONSULTEZ LE CENTRE DE RESSOURCES !<\/p>\n","protected":false},"excerpt":{"rendered":"<p>Collection la plus vendue Original, r\u00e9glable Beaut\u00e9 Naturelle Simple Prot\u00e9ger les \u00e9l\u00e9ments aquatiques VOUS VOULEZ PLUS D&#8217;INFOS SUR LES CARACT\u00c9RISTIQUES DES MERVEILLES NATURELLES\u00a0? Allez-y et demandez &#8211; cliquez sur le bouton ci-dessous pour entrer en contact avec CMP CINQ JETS DE PONT EN UN VOIR LES JETS DE PONT NATURAL WNDERS &gt; CETTE CASCADE EST&#8230;  <a href=\"https:\/\/www.c-m-p.com\/fr\/produits-de-piscine\/caracteristiques-de-leau\/\" title=\"Read Caract\u00e9ristiques de l&#8217;eau Natural Wonders\u00ae\">Read more &raquo;<\/a><\/p>\n","protected":false},"author":1,"featured_media":63711,"parent":63451,"menu_order":100,"comment_status":"open","ping_status":"closed","template":"rci-flex-template.php","meta":{"_acf_changed":false,"_oasis_is_in_workflow":0,"_oasis_original":0,"_mi_skip_tracking":false,"_monsterinsights_sitenote_active":false,"_monsterinsights_sitenote_note":"","_monsterinsights_sitenote_category":0,"footnotes":""},"class_list":["post-63710","page","type-page","status-publish","has-post-thumbnail","hentry"],"acf":[],"yoast_head":"<!-- This site is optimized with the Yoast SEO plugin v27.2 - https:\/\/yoast.com\/product\/yoast-seo-wordpress\/ -->\n<title>Caract\u00e9ristiques de l&#039;eau Natural Wonders\u00ae - CMP<\/title>\n<meta name=\"robots\" content=\"index, follow, max-snippet:-1, max-image-preview:large, max-video-preview:-1\" \/>\n<link rel=\"canonical\" href=\"https:\/\/c-m-p.com\/fr\/produits-de-piscine\/caracteristiques-de-leau\/\" \/>\n<meta property=\"og:locale\" content=\"fr_FR\" \/>\n<meta property=\"og:type\" content=\"article\" \/>\n<meta property=\"og:title\" content=\"Caract\u00e9ristiques de l&#039;eau Natural Wonders\u00ae - CMP\" \/>\n<meta property=\"og:description\" content=\"Collection la plus vendue Original, r\u00e9glable Beaut\u00e9 Naturelle Simple Prot\u00e9ger les \u00e9l\u00e9ments aquatiques VOUS VOULEZ PLUS D&#8217;INFOS SUR LES CARACT\u00c9RISTIQUES DES MERVEILLES NATURELLES\u00a0? Allez-y et demandez &#8211; cliquez sur le bouton ci-dessous pour entrer en contact avec CMP CINQ JETS DE PONT EN UN VOIR LES JETS DE PONT NATURAL WNDERS &gt; CETTE CASCADE EST... Read more &raquo;\" \/>\n<meta property=\"og:url\" content=\"https:\/\/c-m-p.com\/fr\/produits-de-piscine\/caracteristiques-de-leau\/\" \/>\n<meta property=\"og:site_name\" content=\"CMP\" \/>\n<meta property=\"article:modified_time\" content=\"2021-07-15T09:32:37+00:00\" \/>\n<meta property=\"og:image\" content=\"https:\/\/c-m-p.com\/wp-content\/uploads\/2018\/02\/deck-and-multi-jet.png\" \/>\n\t<meta property=\"og:image:width\" content=\"400\" \/>\n\t<meta property=\"og:image:height\" content=\"331\" \/>\n\t<meta property=\"og:image:type\" content=\"image\/png\" \/>\n<meta name=\"twitter:label1\" content=\"Est. reading time\" \/>\n\t<meta name=\"twitter:data1\" content=\"1 minute\" \/>\n<script type=\"application\/ld+json\" class=\"yoast-schema-graph\">{\"@context\":\"https:\/\/schema.org\",\"@graph\":[{\"@type\":\"WebPage\",\"@id\":\"https:\/\/c-m-p.com\/fr\/produits-de-piscine\/caracteristiques-de-leau\/\",\"url\":\"https:\/\/c-m-p.com\/fr\/produits-de-piscine\/caracteristiques-de-leau\/\",\"name\":\"Caract\u00e9ristiques de l'eau Natural Wonders\u00ae - CMP\",\"isPartOf\":{\"@id\":\"https:\/\/c-m-p.com\/#website\"},\"primaryImageOfPage\":{\"@id\":\"https:\/\/c-m-p.com\/fr\/produits-de-piscine\/caracteristiques-de-leau\/#primaryimage\"},\"image\":{\"@id\":\"https:\/\/c-m-p.com\/fr\/produits-de-piscine\/caracteristiques-de-leau\/#primaryimage\"},\"thumbnailUrl\":\"https:\/\/www.c-m-p.com\/wp-content\/uploads\/2018\/02\/deck-and-multi-jet.png\",\"datePublished\":\"2013-10-04T23:14:34+00:00\",\"dateModified\":\"2021-07-15T09:32:37+00:00\",\"breadcrumb\":{\"@id\":\"https:\/\/c-m-p.com\/fr\/produits-de-piscine\/caracteristiques-de-leau\/#breadcrumb\"},\"inLanguage\":\"fr-FR\",\"potentialAction\":[{\"@type\":\"ReadAction\",\"target\":[\"https:\/\/c-m-p.com\/fr\/produits-de-piscine\/caracteristiques-de-leau\/\"]}]},{\"@type\":\"ImageObject\",\"inLanguage\":\"fr-FR\",\"@id\":\"https:\/\/c-m-p.com\/fr\/produits-de-piscine\/caracteristiques-de-leau\/#primaryimage\",\"url\":\"https:\/\/www.c-m-p.com\/wp-content\/uploads\/2018\/02\/deck-and-multi-jet.png\",\"contentUrl\":\"https:\/\/www.c-m-p.com\/wp-content\/uploads\/2018\/02\/deck-and-multi-jet.png\",\"width\":400,\"height\":331},{\"@type\":\"BreadcrumbList\",\"@id\":\"https:\/\/c-m-p.com\/fr\/produits-de-piscine\/caracteristiques-de-leau\/#breadcrumb\",\"itemListElement\":[{\"@type\":\"ListItem\",\"position\":1,\"name\":\"Home\",\"item\":\"https:\/\/c-m-p.com\/fr\/\"},{\"@type\":\"ListItem\",\"position\":2,\"name\":\"Produits de piscine\",\"item\":\"https:\/\/c-m-p.com\/fr\/produits-de-piscine\/\"},{\"@type\":\"ListItem\",\"position\":3,\"name\":\"Caract\u00e9ristiques de l&#8217;eau Natural Wonders\u00ae\"}]},{\"@type\":\"WebSite\",\"@id\":\"https:\/\/c-m-p.com\/#website\",\"url\":\"https:\/\/c-m-p.com\/\",\"name\":\"CMP\",\"description\":\"Pool Products, Spa and Hot Tub Products\",\"publisher\":{\"@id\":\"https:\/\/c-m-p.com\/#organization\"},\"potentialAction\":[{\"@type\":\"SearchAction\",\"target\":{\"@type\":\"EntryPoint\",\"urlTemplate\":\"https:\/\/c-m-p.com\/?s={search_term_string}\"},\"query-input\":{\"@type\":\"PropertyValueSpecification\",\"valueRequired\":true,\"valueName\":\"search_term_string\"}}],\"inLanguage\":\"fr-FR\"},{\"@type\":\"Organization\",\"@id\":\"https:\/\/c-m-p.com\/#organization\",\"name\":\"CMP Pool & Spa Products\",\"url\":\"https:\/\/c-m-p.com\/\",\"logo\":{\"@type\":\"ImageObject\",\"inLanguage\":\"fr-FR\",\"@id\":\"https:\/\/c-m-p.com\/#\/schema\/logo\/image\/\",\"url\":\"https:\/\/43ab809dfe.nxcli.io\/wp-content\/uploads\/2013\/10\/2013-CMP-Logo.jpg\",\"contentUrl\":\"https:\/\/43ab809dfe.nxcli.io\/wp-content\/uploads\/2013\/10\/2013-CMP-Logo.jpg\",\"width\":1000,\"height\":247,\"caption\":\"CMP Pool & Spa Products\"},\"image\":{\"@id\":\"https:\/\/c-m-p.com\/#\/schema\/logo\/image\/\"}}]}<\/script>\n<!-- \/ Yoast SEO plugin. -->","yoast_head_json":{"title":"Caract\u00e9ristiques de l'eau Natural Wonders\u00ae - CMP","robots":{"index":"index","follow":"follow","max-snippet":"max-snippet:-1","max-image-preview":"max-image-preview:large","max-video-preview":"max-video-preview:-1"},"canonical":"https:\/\/c-m-p.com\/fr\/produits-de-piscine\/caracteristiques-de-leau\/","og_locale":"fr_FR","og_type":"article","og_title":"Caract\u00e9ristiques de l'eau Natural Wonders\u00ae - CMP","og_description":"Collection la plus vendue Original, r\u00e9glable Beaut\u00e9 Naturelle Simple Prot\u00e9ger les \u00e9l\u00e9ments aquatiques VOUS VOULEZ PLUS D&#8217;INFOS SUR LES CARACT\u00c9RISTIQUES DES MERVEILLES NATURELLES\u00a0? Allez-y et demandez &#8211; cliquez sur le bouton ci-dessous pour entrer en contact avec CMP CINQ JETS DE PONT EN UN VOIR LES JETS DE PONT NATURAL WNDERS &gt; CETTE CASCADE EST... Read more &raquo;","og_url":"https:\/\/c-m-p.com\/fr\/produits-de-piscine\/caracteristiques-de-leau\/","og_site_name":"CMP","article_modified_time":"2021-07-15T09:32:37+00:00","og_image":[{"width":400,"height":331,"url":"https:\/\/c-m-p.com\/wp-content\/uploads\/2018\/02\/deck-and-multi-jet.png","type":"image\/png"}],"twitter_misc":{"Est. reading time":"1 minute"},"schema":{"@context":"https:\/\/schema.org","@graph":[{"@type":"WebPage","@id":"https:\/\/c-m-p.com\/fr\/produits-de-piscine\/caracteristiques-de-leau\/","url":"https:\/\/c-m-p.com\/fr\/produits-de-piscine\/caracteristiques-de-leau\/","name":"Caract\u00e9ristiques de l'eau Natural Wonders\u00ae - CMP","isPartOf":{"@id":"https:\/\/c-m-p.com\/#website"},"primaryImageOfPage":{"@id":"https:\/\/c-m-p.com\/fr\/produits-de-piscine\/caracteristiques-de-leau\/#primaryimage"},"image":{"@id":"https:\/\/c-m-p.com\/fr\/produits-de-piscine\/caracteristiques-de-leau\/#primaryimage"},"thumbnailUrl":"https:\/\/www.c-m-p.com\/wp-content\/uploads\/2018\/02\/deck-and-multi-jet.png","datePublished":"2013-10-04T23:14:34+00:00","dateModified":"2021-07-15T09:32:37+00:00","breadcrumb":{"@id":"https:\/\/c-m-p.com\/fr\/produits-de-piscine\/caracteristiques-de-leau\/#breadcrumb"},"inLanguage":"fr-FR","potentialAction":[{"@type":"ReadAction","target":["https:\/\/c-m-p.com\/fr\/produits-de-piscine\/caracteristiques-de-leau\/"]}]},{"@type":"ImageObject","inLanguage":"fr-FR","@id":"https:\/\/c-m-p.com\/fr\/produits-de-piscine\/caracteristiques-de-leau\/#primaryimage","url":"https:\/\/www.c-m-p.com\/wp-content\/uploads\/2018\/02\/deck-and-multi-jet.png","contentUrl":"https:\/\/www.c-m-p.com\/wp-content\/uploads\/2018\/02\/deck-and-multi-jet.png","width":400,"height":331},{"@type":"BreadcrumbList","@id":"https:\/\/c-m-p.com\/fr\/produits-de-piscine\/caracteristiques-de-leau\/#breadcrumb","itemListElement":[{"@type":"ListItem","position":1,"name":"Home","item":"https:\/\/c-m-p.com\/fr\/"},{"@type":"ListItem","position":2,"name":"Produits de piscine","item":"https:\/\/c-m-p.com\/fr\/produits-de-piscine\/"},{"@type":"ListItem","position":3,"name":"Caract\u00e9ristiques de l&#8217;eau Natural Wonders\u00ae"}]},{"@type":"WebSite","@id":"https:\/\/c-m-p.com\/#website","url":"https:\/\/c-m-p.com\/","name":"CMP","description":"Pool Products, Spa and Hot Tub Products","publisher":{"@id":"https:\/\/c-m-p.com\/#organization"},"potentialAction":[{"@type":"SearchAction","target":{"@type":"EntryPoint","urlTemplate":"https:\/\/c-m-p.com\/?s={search_term_string}"},"query-input":{"@type":"PropertyValueSpecification","valueRequired":true,"valueName":"search_term_string"}}],"inLanguage":"fr-FR"},{"@type":"Organization","@id":"https:\/\/c-m-p.com\/#organization","name":"CMP Pool & Spa Products","url":"https:\/\/c-m-p.com\/","logo":{"@type":"ImageObject","inLanguage":"fr-FR","@id":"https:\/\/c-m-p.com\/#\/schema\/logo\/image\/","url":"https:\/\/43ab809dfe.nxcli.io\/wp-content\/uploads\/2013\/10\/2013-CMP-Logo.jpg","contentUrl":"https:\/\/43ab809dfe.nxcli.io\/wp-content\/uploads\/2013\/10\/2013-CMP-Logo.jpg","width":1000,"height":247,"caption":"CMP Pool & Spa Products"},"image":{"@id":"https:\/\/c-m-p.com\/#\/schema\/logo\/image\/"}}]}},"_links":{"self":[{"href":"https:\/\/www.c-m-p.com\/fr\/wp-json\/wp\/v2\/pages\/63710","targetHints":{"allow":["GET"]}}],"collection":[{"href":"https:\/\/www.c-m-p.com\/fr\/wp-json\/wp\/v2\/pages"}],"about":[{"href":"https:\/\/www.c-m-p.com\/fr\/wp-json\/wp\/v2\/types\/page"}],"author":[{"embeddable":true,"href":"https:\/\/www.c-m-p.com\/fr\/wp-json\/wp\/v2\/users\/1"}],"replies":[{"embeddable":true,"href":"https:\/\/www.c-m-p.com\/fr\/wp-json\/wp\/v2\/comments?post=63710"}],"version-history":[{"count":0,"href":"https:\/\/www.c-m-p.com\/fr\/wp-json\/wp\/v2\/pages\/63710\/revisions"}],"up":[{"embeddable":true,"href":"https:\/\/www.c-m-p.com\/fr\/wp-json\/wp\/v2\/pages\/63451"}],"wp:featuredmedia":[{"embeddable":true,"href":"https:\/\/www.c-m-p.com\/fr\/wp-json\/wp\/v2\/media\/63711"}],"wp:attachment":[{"href":"https:\/\/www.c-m-p.com\/fr\/wp-json\/wp\/v2\/media?parent=63710"}],"curies":[{"name":"wp","href":"https:\/\/api.w.org\/{rel}","templated":true}]}}