{"id":63734,"date":"2013-10-04T18:24:47","date_gmt":"2013-10-04T23:24:47","guid":{"rendered":"https:\/\/43ab809dfe.nxcli.io\/produits-de-piscine\/spa-master-spa-systems\/"},"modified":"2021-07-15T05:15:52","modified_gmt":"2021-07-15T10:15:52","slug":"spa-master-systemes-de-spa","status":"publish","type":"page","link":"https:\/\/www.c-m-p.com\/fr\/produits-de-piscine\/spa-master-systemes-de-spa\/","title":{"rendered":"Syst\u00e8mes de spa Spa Master&#x2122;"},"content":{"rendered":"<p><img loading=\"lazy\" decoding=\"async\" class=\"aligncenter size-full wp-image-33919\" src=\"https:\/\/www.c-m-p.com\/wp-content\/uploads\/2018\/04\/spa-master-logo.png\" alt=\"\" width=\"650\" height=\"168\" srcset=\"https:\/\/www.c-m-p.com\/wp-content\/uploads\/2018\/04\/spa-master-logo.png 650w, https:\/\/www.c-m-p.com\/wp-content\/uploads\/2018\/04\/spa-master-logo-300x78.png 300w, https:\/\/www.c-m-p.com\/wp-content\/uploads\/2018\/04\/spa-master-logo-568x147.png 568w, https:\/\/www.c-m-p.com\/wp-content\/uploads\/2018\/04\/spa-master-logo-235x61.png 235w, https:\/\/www.c-m-p.com\/wp-content\/uploads\/2018\/04\/spa-master-logo-307x79.png 307w\" sizes=\"auto, (max-width: 650px) 100vw, 650px\" \/><br \/>\n<img decoding=\"async\" width=\"200\" height=\"200\" src=\"https:\/\/www.c-m-p.com\/wp-content\/uploads\/2018\/04\/2in-spa-master-feature-circle.png\" class=\"attachment-full size-full\" alt=\"\" loading=\"lazy\" srcset=\"https:\/\/www.c-m-p.com\/wp-content\/uploads\/2018\/04\/2in-spa-master-feature-circle.png 200w, https:\/\/www.c-m-p.com\/wp-content\/uploads\/2018\/04\/2in-spa-master-feature-circle-150x150.png 150w\" sizes=\"auto, (max-width: 200px) 100vw, 200px\" \/><br \/>\nStyle de spa portatif<br \/>\n<img decoding=\"async\" width=\"200\" height=\"200\" src=\"https:\/\/www.c-m-p.com\/wp-content\/uploads\/2018\/04\/2-5-in-spa-master-feature-circle.png\" class=\"attachment-full size-full\" alt=\"\" loading=\"lazy\" srcset=\"https:\/\/www.c-m-p.com\/wp-content\/uploads\/2018\/04\/2-5-in-spa-master-feature-circle.png 200w, https:\/\/www.c-m-p.com\/wp-content\/uploads\/2018\/04\/2-5-in-spa-master-feature-circle-150x150.png 150w\" sizes=\"auto, (max-width: 200px) 100vw, 200px\" \/><br \/>\nJets de spa classiques<br \/>\n<img decoding=\"async\" width=\"200\" height=\"200\" src=\"https:\/\/www.c-m-p.com\/wp-content\/uploads\/2018\/04\/1-5in-spa-master-feature-circle.png\" class=\"attachment-full size-full\" alt=\"\" loading=\"lazy\" srcset=\"https:\/\/www.c-m-p.com\/wp-content\/uploads\/2018\/04\/1-5in-spa-master-feature-circle.png 200w, https:\/\/www.c-m-p.com\/wp-content\/uploads\/2018\/04\/1-5in-spa-master-feature-circle-150x150.png 150w\" sizes=\"auto, (max-width: 200px) 100vw, 200px\" \/><br \/>\nAm\u00e9liorez n&#8217;importe quel jet<br \/>\n<img decoding=\"async\" width=\"200\" height=\"200\" src=\"https:\/\/www.c-m-p.com\/wp-content\/uploads\/2018\/04\/swim-jet-spa-master-feature-circle.png\" class=\"attachment-full size-full\" alt=\"Swim Jets\" loading=\"lazy\" srcset=\"https:\/\/www.c-m-p.com\/wp-content\/uploads\/2018\/04\/swim-jet-spa-master-feature-circle.png 200w, https:\/\/www.c-m-p.com\/wp-content\/uploads\/2018\/04\/swim-jet-spa-master-feature-circle-150x150.png 150w\" sizes=\"auto, (max-width: 200px) 100vw, 200px\" \/><br \/>\nSyst\u00e8me de natation<br \/>\n<img decoding=\"async\" width=\"200\" height=\"200\" src=\"https:\/\/www.c-m-p.com\/wp-content\/uploads\/2018\/04\/jetarray-spa-master-feature-circle.png\" class=\"attachment-full size-full\" alt=\"\" loading=\"lazy\" srcset=\"https:\/\/www.c-m-p.com\/wp-content\/uploads\/2018\/04\/jetarray-spa-master-feature-circle.png 200w, https:\/\/www.c-m-p.com\/wp-content\/uploads\/2018\/04\/jetarray-spa-master-feature-circle-150x150.png 150w\" sizes=\"auto, (max-width: 200px) 100vw, 200px\" \/><br \/>\nJet Power brevet\u00e9<br \/>\n<img decoding=\"async\" width=\"200\" height=\"200\" src=\"https:\/\/www.c-m-p.com\/wp-content\/uploads\/2018\/04\/gunite-jet-spa-master-feature-circle.png\" class=\"attachment-full size-full\" alt=\"\" loading=\"lazy\" srcset=\"https:\/\/www.c-m-p.com\/wp-content\/uploads\/2018\/04\/gunite-jet-spa-master-feature-circle.png 200w, https:\/\/www.c-m-p.com\/wp-content\/uploads\/2018\/04\/gunite-jet-spa-master-feature-circle-150x150.png 150w\" sizes=\"auto, (max-width: 200px) 100vw, 200px\" \/><br \/>\nTout ce dont vous avez besoin<br \/>\nVOUS CHERCHEZ PLUS D&#8217;INFOS SUR LES PRODUITS DE SPA AU SOL ?<br \/>\nAvant d&#8217;aller plus loin, cliquez sur le bouton ci-dessous pour entrer en contact avec CMP<br \/>\n<img decoding=\"async\" width=\"2000\" height=\"548\" src=\"https:\/\/www.c-m-p.com\/wp-content\/uploads\/2018\/04\/outdoor-spa-image-break-parralax.jpg\" class=\"attachment-full size-full\" alt=\"\" loading=\"lazy\" srcset=\"https:\/\/www.c-m-p.com\/wp-content\/uploads\/2018\/04\/outdoor-spa-image-break-parralax.jpg 2000w, https:\/\/www.c-m-p.com\/wp-content\/uploads\/2018\/04\/outdoor-spa-image-break-parralax-300x82.jpg 300w, https:\/\/www.c-m-p.com\/wp-content\/uploads\/2018\/04\/outdoor-spa-image-break-parralax-768x210.jpg 768w, https:\/\/www.c-m-p.com\/wp-content\/uploads\/2018\/04\/outdoor-spa-image-break-parralax-1024x281.jpg 1024w, https:\/\/www.c-m-p.com\/wp-content\/uploads\/2018\/04\/outdoor-spa-image-break-parralax-568x156.jpg 568w, https:\/\/www.c-m-p.com\/wp-content\/uploads\/2018\/04\/outdoor-spa-image-break-parralax-235x64.jpg 235w, https:\/\/www.c-m-p.com\/wp-content\/uploads\/2018\/04\/outdoor-spa-image-break-parralax-307x84.jpg 307w\" sizes=\"auto, (max-width: 2000px) 100vw, 2000px\" \/><br \/>\nLa meilleure s\u00e9lection de produits de spa pour piscines creus\u00e9es<br \/>\nCMP s&#8217;engage totalement \u00e0 fournir la s\u00e9lection de produits de spas enterr\u00e9s la plus compl\u00e8te et la plus innovante de l&#8217;industrie de la piscine. Les syst\u00e8mes Spa Master de CMP sont plus polyvalents que les autres syst\u00e8mes de spas enterr\u00e9s et plus \u00e9l\u00e9gants dans la piscine.<br \/>\nNIVEAU PROFESSIONNEL<br \/>\n&nbsp;<\/p>\n<p>Nos syst\u00e8mes sont con\u00e7us pour cr\u00e9er la meilleure installation possible. Les syst\u00e8mes brevet\u00e9s cr\u00e9ent une puissante th\u00e9rapie spa. Les styles de cr\u00e9ateurs le rendent attrayant. Les styles d&#8217;installation rapide rendent les mises \u00e0 niveau rapides et faciles.<\/p>\n<p>&nbsp;<br \/>\n<img decoding=\"async\" width=\"1401\" height=\"398\" src=\"https:\/\/www.c-m-p.com\/wp-content\/uploads\/2018\/03\/aop-green-zoom-splash-bg.jpg\" class=\"attachment-full size-full\" alt=\"\" loading=\"lazy\" srcset=\"https:\/\/www.c-m-p.com\/wp-content\/uploads\/2018\/03\/aop-green-zoom-splash-bg.jpg 1401w, https:\/\/www.c-m-p.com\/wp-content\/uploads\/2018\/03\/aop-green-zoom-splash-bg-300x85.jpg 300w, https:\/\/www.c-m-p.com\/wp-content\/uploads\/2018\/03\/aop-green-zoom-splash-bg-768x218.jpg 768w, https:\/\/www.c-m-p.com\/wp-content\/uploads\/2018\/03\/aop-green-zoom-splash-bg-1024x291.jpg 1024w, https:\/\/www.c-m-p.com\/wp-content\/uploads\/2018\/03\/aop-green-zoom-splash-bg-568x161.jpg 568w, https:\/\/www.c-m-p.com\/wp-content\/uploads\/2018\/03\/aop-green-zoom-splash-bg-235x67.jpg 235w, https:\/\/www.c-m-p.com\/wp-content\/uploads\/2018\/03\/aop-green-zoom-splash-bg-307x87.jpg 307w\" sizes=\"auto, (max-width: 1401px) 100vw, 1401px\" \/><br \/>\nSyst\u00e8mes complets<br \/>\n&nbsp;<\/p>\n<p>Nos syst\u00e8mes complets pour chaque piscine incluent des options pour les piscines creus\u00e9es en gunite, en vinyle et en fibre de verre. La gamme compl\u00e8te de produits comprend des jets de nage, des jets th\u00e9rapeutiques, des jets step et plus encore.<\/p>\n<p>&nbsp;<br \/>\n<img decoding=\"async\" width=\"2000\" height=\"548\" src=\"https:\/\/www.c-m-p.com\/wp-content\/uploads\/2018\/04\/cmp-blue-zoom-hex-image-break.jpg\" class=\"attachment-full size-full\" alt=\"\" loading=\"lazy\" srcset=\"https:\/\/www.c-m-p.com\/wp-content\/uploads\/2018\/04\/cmp-blue-zoom-hex-image-break.jpg 2000w, https:\/\/www.c-m-p.com\/wp-content\/uploads\/2018\/04\/cmp-blue-zoom-hex-image-break-300x82.jpg 300w, https:\/\/www.c-m-p.com\/wp-content\/uploads\/2018\/04\/cmp-blue-zoom-hex-image-break-768x210.jpg 768w, https:\/\/www.c-m-p.com\/wp-content\/uploads\/2018\/04\/cmp-blue-zoom-hex-image-break-1024x281.jpg 1024w, https:\/\/www.c-m-p.com\/wp-content\/uploads\/2018\/04\/cmp-blue-zoom-hex-image-break-568x156.jpg 568w, https:\/\/www.c-m-p.com\/wp-content\/uploads\/2018\/04\/cmp-blue-zoom-hex-image-break-235x64.jpg 235w, https:\/\/www.c-m-p.com\/wp-content\/uploads\/2018\/04\/cmp-blue-zoom-hex-image-break-307x84.jpg 307w\" sizes=\"auto, (max-width: 2000px) 100vw, 2000px\" \/><br \/>\nDans les coulisses<br \/>\nLisez notre s\u00e9rie en plusieurs parties montrant comment un spa construit avec Jetarray fonctionne du d\u00e9but \u00e0 la fin<br \/>\nAm\u00e9liorez un spa<br \/>\nComment pouvez-vous facilement am\u00e9liorer n&#8217;importe quel si\u00e8ge de spa avec nos jets de spa de 1,5 &#8220;. Consultez cet article int\u00e9ressant pour savoir comment proc\u00e9der.<br \/>\nStyle portable pour dans le sol<br \/>\nJets en acier inoxydable pouvant s&#8217;ajuster jusqu&#8217;\u00e0 26 GPM pour plus de style et de puissance<br \/>\nPUISSANT, PROFESSIONNEL, BREVET\u00c9<br \/>\nInstallez quatre jets en un avec l&#8217;un de nos syst\u00e8mes brevet\u00e9s pour une v\u00e9ritable hydroth\u00e9rapie en spa enterr\u00e9<\/p>\n<p><span style=\"text-decoration: underline;\"><strong>Afficher les syst\u00e8mes Jetarray\u00ae &gt;<\/strong><\/span><br \/>\nALLER \u00c0 CONTRE LE FLUX<br \/>\nFaites ces longueurs tout en nageant sur place, avec des jets jusqu&#8217;\u00e0 110 GPM<br \/>\nAM\u00c9LIOREZ CHAQUE SI\u00c8GE DE SPA<br \/>\nCr\u00e9ez un si\u00e8ge de th\u00e9rapie en quelques secondes avec des raccords de 1,5&#8243;<\/p>\n<p><span style=\"text-decoration: underline;\"><strong>Afficher les jets de spa 1,5&#8243; &gt;<\/strong><\/span><\/p>\n","protected":false},"excerpt":{"rendered":"<p>Style de spa portatif Jets de spa classiques Am\u00e9liorez n&#8217;importe quel jet Syst\u00e8me de natation Jet Power brevet\u00e9 Tout ce dont vous avez besoin VOUS CHERCHEZ PLUS D&#8217;INFOS SUR LES PRODUITS DE SPA AU SOL ? Avant d&#8217;aller plus loin, cliquez sur le bouton ci-dessous pour entrer en contact avec CMP La meilleure s\u00e9lection de&#8230;  <a href=\"https:\/\/www.c-m-p.com\/fr\/produits-de-piscine\/spa-master-systemes-de-spa\/\" title=\"Read Syst\u00e8mes de spa Spa Master&#x2122;\">Read more &raquo;<\/a><\/p>\n","protected":false},"author":1,"featured_media":63736,"parent":63451,"menu_order":200,"comment_status":"open","ping_status":"open","template":"rci-flex-template.php","meta":{"_acf_changed":false,"_oasis_is_in_workflow":0,"_oasis_original":0,"_mi_skip_tracking":false,"_monsterinsights_sitenote_active":false,"_monsterinsights_sitenote_note":"","_monsterinsights_sitenote_category":0,"footnotes":""},"class_list":["post-63734","page","type-page","status-publish","has-post-thumbnail","hentry"],"acf":[],"yoast_head":"<!-- This site is optimized with the Yoast SEO plugin v27.2 - https:\/\/yoast.com\/product\/yoast-seo-wordpress\/ -->\n<title>Syst\u00e8mes de spa Spa Master&#x2122; - CMP<\/title>\n<meta name=\"robots\" content=\"index, follow, max-snippet:-1, max-image-preview:large, max-video-preview:-1\" \/>\n<link rel=\"canonical\" href=\"https:\/\/c-m-p.com\/fr\/produits-de-piscine\/spa-master-systemes-de-spa\/\" \/>\n<meta property=\"og:locale\" content=\"fr_FR\" \/>\n<meta property=\"og:type\" content=\"article\" \/>\n<meta property=\"og:title\" content=\"Syst\u00e8mes de spa Spa Master&#x2122; - CMP\" \/>\n<meta property=\"og:description\" content=\"Style de spa portatif Jets de spa classiques Am\u00e9liorez n&#8217;importe quel jet Syst\u00e8me de natation Jet Power brevet\u00e9 Tout ce dont vous avez besoin VOUS CHERCHEZ PLUS D&#8217;INFOS SUR LES PRODUITS DE SPA AU SOL ? Avant d&#8217;aller plus loin, cliquez sur le bouton ci-dessous pour entrer en contact avec CMP La meilleure s\u00e9lection de... Read more &raquo;\" \/>\n<meta property=\"og:url\" content=\"https:\/\/c-m-p.com\/fr\/produits-de-piscine\/spa-master-systemes-de-spa\/\" \/>\n<meta property=\"og:site_name\" content=\"CMP\" \/>\n<meta property=\"article:modified_time\" content=\"2021-07-15T10:15:52+00:00\" \/>\n<meta property=\"og:image\" content=\"https:\/\/c-m-p.com\/wp-content\/uploads\/2018\/02\/Jetarray-2017_0148.png\" \/>\n\t<meta property=\"og:image:width\" content=\"400\" \/>\n\t<meta property=\"og:image:height\" content=\"228\" \/>\n\t<meta property=\"og:image:type\" content=\"image\/png\" \/>\n<meta name=\"twitter:label1\" content=\"Est. reading time\" \/>\n\t<meta name=\"twitter:data1\" content=\"2 minutes\" \/>\n<script type=\"application\/ld+json\" class=\"yoast-schema-graph\">{\"@context\":\"https:\/\/schema.org\",\"@graph\":[{\"@type\":\"WebPage\",\"@id\":\"https:\/\/c-m-p.com\/fr\/produits-de-piscine\/spa-master-systemes-de-spa\/\",\"url\":\"https:\/\/c-m-p.com\/fr\/produits-de-piscine\/spa-master-systemes-de-spa\/\",\"name\":\"Syst\u00e8mes de spa Spa Master&#x2122; - CMP\",\"isPartOf\":{\"@id\":\"https:\/\/c-m-p.com\/#website\"},\"primaryImageOfPage\":{\"@id\":\"https:\/\/c-m-p.com\/fr\/produits-de-piscine\/spa-master-systemes-de-spa\/#primaryimage\"},\"image\":{\"@id\":\"https:\/\/c-m-p.com\/fr\/produits-de-piscine\/spa-master-systemes-de-spa\/#primaryimage\"},\"thumbnailUrl\":\"https:\/\/www.c-m-p.com\/wp-content\/uploads\/2018\/02\/Jetarray-2017_0148.png\",\"datePublished\":\"2013-10-04T23:24:47+00:00\",\"dateModified\":\"2021-07-15T10:15:52+00:00\",\"breadcrumb\":{\"@id\":\"https:\/\/c-m-p.com\/fr\/produits-de-piscine\/spa-master-systemes-de-spa\/#breadcrumb\"},\"inLanguage\":\"fr-FR\",\"potentialAction\":[{\"@type\":\"ReadAction\",\"target\":[\"https:\/\/c-m-p.com\/fr\/produits-de-piscine\/spa-master-systemes-de-spa\/\"]}]},{\"@type\":\"ImageObject\",\"inLanguage\":\"fr-FR\",\"@id\":\"https:\/\/c-m-p.com\/fr\/produits-de-piscine\/spa-master-systemes-de-spa\/#primaryimage\",\"url\":\"https:\/\/www.c-m-p.com\/wp-content\/uploads\/2018\/02\/Jetarray-2017_0148.png\",\"contentUrl\":\"https:\/\/www.c-m-p.com\/wp-content\/uploads\/2018\/02\/Jetarray-2017_0148.png\",\"width\":400,\"height\":228},{\"@type\":\"BreadcrumbList\",\"@id\":\"https:\/\/c-m-p.com\/fr\/produits-de-piscine\/spa-master-systemes-de-spa\/#breadcrumb\",\"itemListElement\":[{\"@type\":\"ListItem\",\"position\":1,\"name\":\"Home\",\"item\":\"https:\/\/c-m-p.com\/fr\/\"},{\"@type\":\"ListItem\",\"position\":2,\"name\":\"Produits de piscine\",\"item\":\"https:\/\/c-m-p.com\/fr\/produits-de-piscine\/\"},{\"@type\":\"ListItem\",\"position\":3,\"name\":\"Syst\u00e8mes de spa Spa Master&#x2122;\"}]},{\"@type\":\"WebSite\",\"@id\":\"https:\/\/c-m-p.com\/#website\",\"url\":\"https:\/\/c-m-p.com\/\",\"name\":\"CMP\",\"description\":\"Pool Products, Spa and Hot Tub Products\",\"publisher\":{\"@id\":\"https:\/\/c-m-p.com\/#organization\"},\"potentialAction\":[{\"@type\":\"SearchAction\",\"target\":{\"@type\":\"EntryPoint\",\"urlTemplate\":\"https:\/\/c-m-p.com\/?s={search_term_string}\"},\"query-input\":{\"@type\":\"PropertyValueSpecification\",\"valueRequired\":true,\"valueName\":\"search_term_string\"}}],\"inLanguage\":\"fr-FR\"},{\"@type\":\"Organization\",\"@id\":\"https:\/\/c-m-p.com\/#organization\",\"name\":\"CMP Pool & Spa Products\",\"url\":\"https:\/\/c-m-p.com\/\",\"logo\":{\"@type\":\"ImageObject\",\"inLanguage\":\"fr-FR\",\"@id\":\"https:\/\/c-m-p.com\/#\/schema\/logo\/image\/\",\"url\":\"https:\/\/43ab809dfe.nxcli.io\/wp-content\/uploads\/2013\/10\/2013-CMP-Logo.jpg\",\"contentUrl\":\"https:\/\/43ab809dfe.nxcli.io\/wp-content\/uploads\/2013\/10\/2013-CMP-Logo.jpg\",\"width\":1000,\"height\":247,\"caption\":\"CMP Pool & Spa Products\"},\"image\":{\"@id\":\"https:\/\/c-m-p.com\/#\/schema\/logo\/image\/\"}}]}<\/script>\n<!-- \/ Yoast SEO plugin. -->","yoast_head_json":{"title":"Syst\u00e8mes de spa Spa Master&#x2122; - CMP","robots":{"index":"index","follow":"follow","max-snippet":"max-snippet:-1","max-image-preview":"max-image-preview:large","max-video-preview":"max-video-preview:-1"},"canonical":"https:\/\/c-m-p.com\/fr\/produits-de-piscine\/spa-master-systemes-de-spa\/","og_locale":"fr_FR","og_type":"article","og_title":"Syst\u00e8mes de spa Spa Master&#x2122; - CMP","og_description":"Style de spa portatif Jets de spa classiques Am\u00e9liorez n&#8217;importe quel jet Syst\u00e8me de natation Jet Power brevet\u00e9 Tout ce dont vous avez besoin VOUS CHERCHEZ PLUS D&#8217;INFOS SUR LES PRODUITS DE SPA AU SOL ? Avant d&#8217;aller plus loin, cliquez sur le bouton ci-dessous pour entrer en contact avec CMP La meilleure s\u00e9lection de... Read more &raquo;","og_url":"https:\/\/c-m-p.com\/fr\/produits-de-piscine\/spa-master-systemes-de-spa\/","og_site_name":"CMP","article_modified_time":"2021-07-15T10:15:52+00:00","og_image":[{"width":400,"height":228,"url":"https:\/\/c-m-p.com\/wp-content\/uploads\/2018\/02\/Jetarray-2017_0148.png","type":"image\/png"}],"twitter_misc":{"Est. reading time":"2 minutes"},"schema":{"@context":"https:\/\/schema.org","@graph":[{"@type":"WebPage","@id":"https:\/\/c-m-p.com\/fr\/produits-de-piscine\/spa-master-systemes-de-spa\/","url":"https:\/\/c-m-p.com\/fr\/produits-de-piscine\/spa-master-systemes-de-spa\/","name":"Syst\u00e8mes de spa Spa Master&#x2122; - CMP","isPartOf":{"@id":"https:\/\/c-m-p.com\/#website"},"primaryImageOfPage":{"@id":"https:\/\/c-m-p.com\/fr\/produits-de-piscine\/spa-master-systemes-de-spa\/#primaryimage"},"image":{"@id":"https:\/\/c-m-p.com\/fr\/produits-de-piscine\/spa-master-systemes-de-spa\/#primaryimage"},"thumbnailUrl":"https:\/\/www.c-m-p.com\/wp-content\/uploads\/2018\/02\/Jetarray-2017_0148.png","datePublished":"2013-10-04T23:24:47+00:00","dateModified":"2021-07-15T10:15:52+00:00","breadcrumb":{"@id":"https:\/\/c-m-p.com\/fr\/produits-de-piscine\/spa-master-systemes-de-spa\/#breadcrumb"},"inLanguage":"fr-FR","potentialAction":[{"@type":"ReadAction","target":["https:\/\/c-m-p.com\/fr\/produits-de-piscine\/spa-master-systemes-de-spa\/"]}]},{"@type":"ImageObject","inLanguage":"fr-FR","@id":"https:\/\/c-m-p.com\/fr\/produits-de-piscine\/spa-master-systemes-de-spa\/#primaryimage","url":"https:\/\/www.c-m-p.com\/wp-content\/uploads\/2018\/02\/Jetarray-2017_0148.png","contentUrl":"https:\/\/www.c-m-p.com\/wp-content\/uploads\/2018\/02\/Jetarray-2017_0148.png","width":400,"height":228},{"@type":"BreadcrumbList","@id":"https:\/\/c-m-p.com\/fr\/produits-de-piscine\/spa-master-systemes-de-spa\/#breadcrumb","itemListElement":[{"@type":"ListItem","position":1,"name":"Home","item":"https:\/\/c-m-p.com\/fr\/"},{"@type":"ListItem","position":2,"name":"Produits de piscine","item":"https:\/\/c-m-p.com\/fr\/produits-de-piscine\/"},{"@type":"ListItem","position":3,"name":"Syst\u00e8mes de spa Spa Master&#x2122;"}]},{"@type":"WebSite","@id":"https:\/\/c-m-p.com\/#website","url":"https:\/\/c-m-p.com\/","name":"CMP","description":"Pool Products, Spa and Hot Tub Products","publisher":{"@id":"https:\/\/c-m-p.com\/#organization"},"potentialAction":[{"@type":"SearchAction","target":{"@type":"EntryPoint","urlTemplate":"https:\/\/c-m-p.com\/?s={search_term_string}"},"query-input":{"@type":"PropertyValueSpecification","valueRequired":true,"valueName":"search_term_string"}}],"inLanguage":"fr-FR"},{"@type":"Organization","@id":"https:\/\/c-m-p.com\/#organization","name":"CMP Pool & Spa Products","url":"https:\/\/c-m-p.com\/","logo":{"@type":"ImageObject","inLanguage":"fr-FR","@id":"https:\/\/c-m-p.com\/#\/schema\/logo\/image\/","url":"https:\/\/43ab809dfe.nxcli.io\/wp-content\/uploads\/2013\/10\/2013-CMP-Logo.jpg","contentUrl":"https:\/\/43ab809dfe.nxcli.io\/wp-content\/uploads\/2013\/10\/2013-CMP-Logo.jpg","width":1000,"height":247,"caption":"CMP Pool & Spa Products"},"image":{"@id":"https:\/\/c-m-p.com\/#\/schema\/logo\/image\/"}}]}},"_links":{"self":[{"href":"https:\/\/www.c-m-p.com\/fr\/wp-json\/wp\/v2\/pages\/63734","targetHints":{"allow":["GET"]}}],"collection":[{"href":"https:\/\/www.c-m-p.com\/fr\/wp-json\/wp\/v2\/pages"}],"about":[{"href":"https:\/\/www.c-m-p.com\/fr\/wp-json\/wp\/v2\/types\/page"}],"author":[{"embeddable":true,"href":"https:\/\/www.c-m-p.com\/fr\/wp-json\/wp\/v2\/users\/1"}],"replies":[{"embeddable":true,"href":"https:\/\/www.c-m-p.com\/fr\/wp-json\/wp\/v2\/comments?post=63734"}],"version-history":[{"count":0,"href":"https:\/\/www.c-m-p.com\/fr\/wp-json\/wp\/v2\/pages\/63734\/revisions"}],"up":[{"embeddable":true,"href":"https:\/\/www.c-m-p.com\/fr\/wp-json\/wp\/v2\/pages\/63451"}],"wp:featuredmedia":[{"embeddable":true,"href":"https:\/\/www.c-m-p.com\/fr\/wp-json\/wp\/v2\/media\/63736"}],"wp:attachment":[{"href":"https:\/\/www.c-m-p.com\/fr\/wp-json\/wp\/v2\/media?parent=63734"}],"curies":[{"name":"wp","href":"https:\/\/api.w.org\/{rel}","templated":true}]}}