{"id":63799,"date":"2017-04-06T15:40:41","date_gmt":"2017-04-06T20:40:41","guid":{"rendered":"https:\/\/43ab809dfe.nxcli.io\/content-trademark-disclaimers\/"},"modified":"2021-07-15T08:12:53","modified_gmt":"2021-07-15T13:12:53","slug":"contenu-marques-avis-de-non-responsabilite","status":"publish","type":"page","link":"https:\/\/www.c-m-p.com\/fr\/contenu-marques-avis-de-non-responsabilite\/","title":{"rendered":"Avis de non-responsabilit\u00e9 concernant le contenu et les marques"},"content":{"rendered":"<p>Toutes les illustrations, photographies, d\u00e9tails des produits et sp\u00e9cifications de ce catalogue sont \u00e0 jour selon les informations disponibles au moment de la publication.<\/p>\n<p>CMP se r\u00e9serve le droit de modifier \u00e0 tout moment et sans pr\u00e9avis les couleurs, les mat\u00e9riaux, les sp\u00e9cifications, les num\u00e9ros de pi\u00e8ces et les prix de tout produit figurant dans cette publication.<\/p>\n<p>&nbsp;<\/p>\n<p><strong>MARQUES DE COMMERCE CMP<\/strong><\/p>\n<p>Le logo CMP, le verrouillage de la division et le slogan Everything Matters\u00ae sont des marques d\u00e9pos\u00e9es de Custom Molded Products, LLC. Tous les logos et marques de commerce de CMP Pool, Spa and Bath Products sont la propri\u00e9t\u00e9 de CMP. Natural Wonders\u00ae, Brilliant Wonders\u00ae, Smart Sync\u00ae, AquaLevel&#x2122;, Powerclean&#x2122;, Hydroseal&#x2122;, Spa Master&#x2122;, AquaElements\u00ae, Pool Defender\u00ae, Flowskim&#x2122;, Pro Tools&#x2122;, SQR&#x2122;, Air X\u00ae, Spectrum&#x2122;, Pro-Loc&#x2122;, Typhoon&#x2122;, AquaEffects\u00ae, Optix&#x2122;, S\u014cL&#x2122;, Caresse\u00ae, Nexxus&#x2122; sont des marques et\/ou des marques d\u00e9pos\u00e9es de CMP.<\/p>\n<p>L&#8217;absence d&#8217;une marque, d&#8217;un nom commercial ou d&#8217;une marque de service dans la liste ci-dessus ne constitue pas une renonciation \u00e0 nos droits de propri\u00e9t\u00e9 intellectuelle concernant cette marque, ce nom commercial ou cette marque de service. Tous les graphiques, ic\u00f4nes, logos et mots personnalis\u00e9s \u00e9num\u00e9r\u00e9s ci-dessus sont des noms commerciaux, des marques de commerce ou des marques de service de Custom Molded Products aux \u00c9tats-Unis et\/ou dans d&#8217;autres pays.<\/p>\n<p><strong>AUTRES MARQUES<\/strong><\/p>\n<p>Les marques de commerce et les noms d&#8217;autres soci\u00e9t\u00e9s et produits mentionn\u00e9s et\/ou r\u00e9f\u00e9renc\u00e9s ici sont la propri\u00e9t\u00e9 de leurs propri\u00e9taires respectifs.<\/p>\n<p>Toutes les marques et tous les logos Pentair\u00ae appartiennent \u00e0 Pentair\u00ae ou \u00e0 l&#8217;une de ses filiales mondiales. Pentair\u00ae, SuperFlo\u00ae, Dynamo\u00ae, Sta-Rite\u00ae, Challenger\u00ae, Rainbow&#x2122;, FNS\u00ae, Admiral&#x2122;, Tagelus\u00ae, Triton\u00ae, Quad DE\u00ae, Nautilus&#x2122;, American Products&#x2122;, WhisperFlo\u00ae, Max-E- Pro\u00ae, PacFab&#x2122;, Max-E-Glas\u00ae, Dyna-Glas&#x2122;, sont des marques commerciales et\/ou des marques d\u00e9pos\u00e9es de Pentair\u00ae Water Pool and Spa, Inc. et\/ou de ses soci\u00e9t\u00e9s affili\u00e9es aux \u00c9tats-Unis et\/ou dans d&#8217;autres pays .<\/p>\n<p>Polaris\u00ae, Tailsweep Pro\u00ae Baracuda\u00ae et Jandy\u00ae sont des marques d\u00e9pos\u00e9es de Zodiac\u00ae International. Zodiac\u00ae est une marque d\u00e9pos\u00e9e de Zodiac\u00ae International, S.A.S.U.<\/p>\n<p>Jacuzzi\u00ae est une marque d\u00e9pos\u00e9e de Carvin Pool Equipment, Inc.<\/p>\n<p>Hayward\u00ae, Power-Flo\u00ae, Super Pump\u00ae sont des marques d\u00e9pos\u00e9es de Hayward\u00ae Industries, Inc.<\/p>\n<p>Waterway\u00ae est une marque d\u00e9pos\u00e9e de B &amp; Plastiques S, Inc<\/p>\n<p>Aquabot\u00ae est une marque d\u00e9pos\u00e9e d&#8217;Aqua Products, Inc<\/p>\n<p>Aladdin\u00ae est une marque d\u00e9pos\u00e9e d&#8217;Aladdin\u00ae Equipment Company<\/p>\n<p>JetArray\u00ae est une marque d\u00e9pos\u00e9e de Sultan Products, LLC<\/p>\n<p>Hydro Air\u00ae est une marque d\u00e9pos\u00e9e de Balboa Water Group<\/p>\n","protected":false},"excerpt":{"rendered":"<p>Toutes les illustrations, photographies, d\u00e9tails des produits et sp\u00e9cifications de ce catalogue sont \u00e0 jour selon les informations disponibles au moment de la publication. CMP se r\u00e9serve le droit de modifier \u00e0 tout moment et sans pr\u00e9avis les couleurs, les mat\u00e9riaux, les sp\u00e9cifications, les num\u00e9ros de pi\u00e8ces et les prix de tout produit figurant dans&#8230;  <a href=\"https:\/\/www.c-m-p.com\/fr\/contenu-marques-avis-de-non-responsabilite\/\" title=\"Read Avis de non-responsabilit\u00e9 concernant le contenu et les marques\">Read more &raquo;<\/a><\/p>\n","protected":false},"author":4,"featured_media":0,"parent":0,"menu_order":0,"comment_status":"closed","ping_status":"closed","template":"","meta":{"_acf_changed":false,"_oasis_is_in_workflow":0,"_oasis_original":0,"_mi_skip_tracking":false,"_monsterinsights_sitenote_active":false,"_monsterinsights_sitenote_note":"","_monsterinsights_sitenote_category":0,"footnotes":""},"class_list":["post-63799","page","type-page","status-publish","hentry"],"acf":[],"yoast_head":"<!-- This site is optimized with the Yoast SEO plugin v27.2 - https:\/\/yoast.com\/product\/yoast-seo-wordpress\/ -->\n<title>Avis de non-responsabilit\u00e9 concernant le contenu et les marques - CMP<\/title>\n<meta name=\"robots\" content=\"noindex, nofollow\" \/>\n<meta property=\"og:locale\" content=\"fr_FR\" \/>\n<meta property=\"og:type\" content=\"article\" \/>\n<meta property=\"og:title\" content=\"Avis de non-responsabilit\u00e9 concernant le contenu et les marques - CMP\" \/>\n<meta property=\"og:description\" content=\"Toutes les illustrations, photographies, d\u00e9tails des produits et sp\u00e9cifications de ce catalogue sont \u00e0 jour selon les informations disponibles au moment de la publication. CMP se r\u00e9serve le droit de modifier \u00e0 tout moment et sans pr\u00e9avis les couleurs, les mat\u00e9riaux, les sp\u00e9cifications, les num\u00e9ros de pi\u00e8ces et les prix de tout produit figurant dans... Read more &raquo;\" \/>\n<meta property=\"og:url\" content=\"https:\/\/c-m-p.com\/fr\/contenu-marques-avis-de-non-responsabilite\/\" \/>\n<meta property=\"og:site_name\" content=\"CMP\" \/>\n<meta property=\"article:modified_time\" content=\"2021-07-15T13:12:53+00:00\" \/>\n<meta name=\"twitter:label1\" content=\"Est. reading time\" \/>\n\t<meta name=\"twitter:data1\" content=\"2 minutes\" \/>\n<script type=\"application\/ld+json\" class=\"yoast-schema-graph\">{\"@context\":\"https:\/\/schema.org\",\"@graph\":[{\"@type\":\"WebPage\",\"@id\":\"https:\/\/c-m-p.com\/fr\/contenu-marques-avis-de-non-responsabilite\/\",\"url\":\"https:\/\/c-m-p.com\/fr\/contenu-marques-avis-de-non-responsabilite\/\",\"name\":\"Avis de non-responsabilit\u00e9 concernant le contenu et les marques - CMP\",\"isPartOf\":{\"@id\":\"https:\/\/c-m-p.com\/#website\"},\"datePublished\":\"2017-04-06T20:40:41+00:00\",\"dateModified\":\"2021-07-15T13:12:53+00:00\",\"breadcrumb\":{\"@id\":\"https:\/\/c-m-p.com\/fr\/contenu-marques-avis-de-non-responsabilite\/#breadcrumb\"},\"inLanguage\":\"fr-FR\",\"potentialAction\":[{\"@type\":\"ReadAction\",\"target\":[\"https:\/\/c-m-p.com\/fr\/contenu-marques-avis-de-non-responsabilite\/\"]}]},{\"@type\":\"BreadcrumbList\",\"@id\":\"https:\/\/c-m-p.com\/fr\/contenu-marques-avis-de-non-responsabilite\/#breadcrumb\",\"itemListElement\":[{\"@type\":\"ListItem\",\"position\":1,\"name\":\"Home\",\"item\":\"https:\/\/c-m-p.com\/fr\/\"},{\"@type\":\"ListItem\",\"position\":2,\"name\":\"Avis de non-responsabilit\u00e9 concernant le contenu et les marques\"}]},{\"@type\":\"WebSite\",\"@id\":\"https:\/\/c-m-p.com\/#website\",\"url\":\"https:\/\/c-m-p.com\/\",\"name\":\"CMP\",\"description\":\"Pool Products, Spa and Hot Tub Products\",\"publisher\":{\"@id\":\"https:\/\/c-m-p.com\/#organization\"},\"potentialAction\":[{\"@type\":\"SearchAction\",\"target\":{\"@type\":\"EntryPoint\",\"urlTemplate\":\"https:\/\/c-m-p.com\/?s={search_term_string}\"},\"query-input\":{\"@type\":\"PropertyValueSpecification\",\"valueRequired\":true,\"valueName\":\"search_term_string\"}}],\"inLanguage\":\"fr-FR\"},{\"@type\":\"Organization\",\"@id\":\"https:\/\/c-m-p.com\/#organization\",\"name\":\"CMP Pool & Spa Products\",\"url\":\"https:\/\/c-m-p.com\/\",\"logo\":{\"@type\":\"ImageObject\",\"inLanguage\":\"fr-FR\",\"@id\":\"https:\/\/c-m-p.com\/#\/schema\/logo\/image\/\",\"url\":\"https:\/\/43ab809dfe.nxcli.io\/wp-content\/uploads\/2013\/10\/2013-CMP-Logo.jpg\",\"contentUrl\":\"https:\/\/43ab809dfe.nxcli.io\/wp-content\/uploads\/2013\/10\/2013-CMP-Logo.jpg\",\"width\":1000,\"height\":247,\"caption\":\"CMP Pool & Spa Products\"},\"image\":{\"@id\":\"https:\/\/c-m-p.com\/#\/schema\/logo\/image\/\"}}]}<\/script>\n<!-- \/ Yoast SEO plugin. -->","yoast_head_json":{"title":"Avis de non-responsabilit\u00e9 concernant le contenu et les marques - CMP","robots":{"index":"noindex","follow":"nofollow"},"og_locale":"fr_FR","og_type":"article","og_title":"Avis de non-responsabilit\u00e9 concernant le contenu et les marques - CMP","og_description":"Toutes les illustrations, photographies, d\u00e9tails des produits et sp\u00e9cifications de ce catalogue sont \u00e0 jour selon les informations disponibles au moment de la publication. CMP se r\u00e9serve le droit de modifier \u00e0 tout moment et sans pr\u00e9avis les couleurs, les mat\u00e9riaux, les sp\u00e9cifications, les num\u00e9ros de pi\u00e8ces et les prix de tout produit figurant dans... Read more &raquo;","og_url":"https:\/\/c-m-p.com\/fr\/contenu-marques-avis-de-non-responsabilite\/","og_site_name":"CMP","article_modified_time":"2021-07-15T13:12:53+00:00","twitter_misc":{"Est. reading time":"2 minutes"},"schema":{"@context":"https:\/\/schema.org","@graph":[{"@type":"WebPage","@id":"https:\/\/c-m-p.com\/fr\/contenu-marques-avis-de-non-responsabilite\/","url":"https:\/\/c-m-p.com\/fr\/contenu-marques-avis-de-non-responsabilite\/","name":"Avis de non-responsabilit\u00e9 concernant le contenu et les marques - CMP","isPartOf":{"@id":"https:\/\/c-m-p.com\/#website"},"datePublished":"2017-04-06T20:40:41+00:00","dateModified":"2021-07-15T13:12:53+00:00","breadcrumb":{"@id":"https:\/\/c-m-p.com\/fr\/contenu-marques-avis-de-non-responsabilite\/#breadcrumb"},"inLanguage":"fr-FR","potentialAction":[{"@type":"ReadAction","target":["https:\/\/c-m-p.com\/fr\/contenu-marques-avis-de-non-responsabilite\/"]}]},{"@type":"BreadcrumbList","@id":"https:\/\/c-m-p.com\/fr\/contenu-marques-avis-de-non-responsabilite\/#breadcrumb","itemListElement":[{"@type":"ListItem","position":1,"name":"Home","item":"https:\/\/c-m-p.com\/fr\/"},{"@type":"ListItem","position":2,"name":"Avis de non-responsabilit\u00e9 concernant le contenu et les marques"}]},{"@type":"WebSite","@id":"https:\/\/c-m-p.com\/#website","url":"https:\/\/c-m-p.com\/","name":"CMP","description":"Pool Products, Spa and Hot Tub Products","publisher":{"@id":"https:\/\/c-m-p.com\/#organization"},"potentialAction":[{"@type":"SearchAction","target":{"@type":"EntryPoint","urlTemplate":"https:\/\/c-m-p.com\/?s={search_term_string}"},"query-input":{"@type":"PropertyValueSpecification","valueRequired":true,"valueName":"search_term_string"}}],"inLanguage":"fr-FR"},{"@type":"Organization","@id":"https:\/\/c-m-p.com\/#organization","name":"CMP Pool & Spa Products","url":"https:\/\/c-m-p.com\/","logo":{"@type":"ImageObject","inLanguage":"fr-FR","@id":"https:\/\/c-m-p.com\/#\/schema\/logo\/image\/","url":"https:\/\/43ab809dfe.nxcli.io\/wp-content\/uploads\/2013\/10\/2013-CMP-Logo.jpg","contentUrl":"https:\/\/43ab809dfe.nxcli.io\/wp-content\/uploads\/2013\/10\/2013-CMP-Logo.jpg","width":1000,"height":247,"caption":"CMP Pool & Spa Products"},"image":{"@id":"https:\/\/c-m-p.com\/#\/schema\/logo\/image\/"}}]}},"_links":{"self":[{"href":"https:\/\/www.c-m-p.com\/fr\/wp-json\/wp\/v2\/pages\/63799","targetHints":{"allow":["GET"]}}],"collection":[{"href":"https:\/\/www.c-m-p.com\/fr\/wp-json\/wp\/v2\/pages"}],"about":[{"href":"https:\/\/www.c-m-p.com\/fr\/wp-json\/wp\/v2\/types\/page"}],"author":[{"embeddable":true,"href":"https:\/\/www.c-m-p.com\/fr\/wp-json\/wp\/v2\/users\/4"}],"replies":[{"embeddable":true,"href":"https:\/\/www.c-m-p.com\/fr\/wp-json\/wp\/v2\/comments?post=63799"}],"version-history":[{"count":0,"href":"https:\/\/www.c-m-p.com\/fr\/wp-json\/wp\/v2\/pages\/63799\/revisions"}],"wp:attachment":[{"href":"https:\/\/www.c-m-p.com\/fr\/wp-json\/wp\/v2\/media?parent=63799"}],"curies":[{"name":"wp","href":"https:\/\/api.w.org\/{rel}","templated":true}]}}