{"id":63811,"date":"2013-10-04T18:15:19","date_gmt":"2013-10-04T23:15:19","guid":{"rendered":"https:\/\/43ab809dfe.nxcli.io\/produits-de-piscine\/valves\/"},"modified":"2021-07-15T04:35:15","modified_gmt":"2021-07-15T09:35:15","slug":"vannes","status":"publish","type":"page","link":"https:\/\/www.c-m-p.com\/fr\/produits-de-piscine\/vannes\/","title":{"rendered":"Robinets de piscine Hydroseal&#x2122;"},"content":{"rendered":"<p><img loading=\"lazy\" decoding=\"async\" class=\"alignright size-full wp-image-32520\" src=\"https:\/\/www.c-m-p.com\/wp-content\/uploads\/2018\/04\/outline-logo.png\" alt=\"\" width=\"1207\" height=\"327\" srcset=\"https:\/\/www.c-m-p.com\/wp-content\/uploads\/2018\/04\/outline-logo.png 1207w, https:\/\/www.c-m-p.com\/wp-content\/uploads\/2018\/04\/outline-logo-300x81.png 300w, https:\/\/www.c-m-p.com\/wp-content\/uploads\/2018\/04\/outline-logo-768x208.png 768w, https:\/\/www.c-m-p.com\/wp-content\/uploads\/2018\/04\/outline-logo-1024x277.png 1024w, https:\/\/www.c-m-p.com\/wp-content\/uploads\/2018\/04\/outline-logo-568x154.png 568w, https:\/\/www.c-m-p.com\/wp-content\/uploads\/2018\/04\/outline-logo-235x64.png 235w, https:\/\/www.c-m-p.com\/wp-content\/uploads\/2018\/04\/outline-logo-307x83.png 307w\" sizes=\"auto, (max-width: 1207px) 100vw, 1207px\" \/><br \/>\n<img decoding=\"async\" width=\"600\" height=\"600\" src=\"https:\/\/www.c-m-p.com\/wp-content\/uploads\/2018\/04\/25830-200-000-check-valve.png\" class=\"attachment-full size-full\" alt=\"\" loading=\"lazy\" srcset=\"https:\/\/www.c-m-p.com\/wp-content\/uploads\/2018\/04\/25830-200-000-check-valve.png 600w, https:\/\/www.c-m-p.com\/wp-content\/uploads\/2018\/04\/25830-200-000-check-valve-150x150.png 150w, https:\/\/www.c-m-p.com\/wp-content\/uploads\/2018\/04\/25830-200-000-check-valve-300x300.png 300w, https:\/\/www.c-m-p.com\/wp-content\/uploads\/2018\/04\/25830-200-000-check-valve-568x568.png 568w, https:\/\/www.c-m-p.com\/wp-content\/uploads\/2018\/04\/25830-200-000-check-valve-235x235.png 235w, https:\/\/www.c-m-p.com\/wp-content\/uploads\/2018\/04\/25830-200-000-check-valve-307x307.png 307w\" sizes=\"auto, (max-width: 600px) 100vw, 600px\" \/><br \/>\nStyle utilisable<br \/>\n<img decoding=\"async\" width=\"600\" height=\"600\" src=\"https:\/\/www.c-m-p.com\/wp-content\/uploads\/2018\/04\/25933-154-000-Diverter-valve.png\" class=\"attachment-full size-full\" alt=\"\" loading=\"lazy\" srcset=\"https:\/\/www.c-m-p.com\/wp-content\/uploads\/2018\/04\/25933-154-000-Diverter-valve.png 600w, https:\/\/www.c-m-p.com\/wp-content\/uploads\/2018\/04\/25933-154-000-Diverter-valve-150x150.png 150w, https:\/\/www.c-m-p.com\/wp-content\/uploads\/2018\/04\/25933-154-000-Diverter-valve-300x300.png 300w, https:\/\/www.c-m-p.com\/wp-content\/uploads\/2018\/04\/25933-154-000-Diverter-valve-568x568.png 568w, https:\/\/www.c-m-p.com\/wp-content\/uploads\/2018\/04\/25933-154-000-Diverter-valve-235x235.png 235w, https:\/\/www.c-m-p.com\/wp-content\/uploads\/2018\/04\/25933-154-000-Diverter-valve-307x307.png 307w\" sizes=\"auto, (max-width: 600px) 100vw, 600px\" \/><br \/>\nFonctionnalit\u00e9s professionnelles<br \/>\n<img decoding=\"async\" width=\"600\" height=\"600\" src=\"https:\/\/www.c-m-p.com\/wp-content\/uploads\/2018\/04\/25831-004-000-Slide-valve-2.png\" class=\"attachment-full size-full\" alt=\"Slide Valves\" loading=\"lazy\" srcset=\"https:\/\/www.c-m-p.com\/wp-content\/uploads\/2018\/04\/25831-004-000-Slide-valve-2.png 600w, https:\/\/www.c-m-p.com\/wp-content\/uploads\/2018\/04\/25831-004-000-Slide-valve-2-150x150.png 150w, https:\/\/www.c-m-p.com\/wp-content\/uploads\/2018\/04\/25831-004-000-Slide-valve-2-300x300.png 300w, https:\/\/www.c-m-p.com\/wp-content\/uploads\/2018\/04\/25831-004-000-Slide-valve-2-568x568.png 568w, https:\/\/www.c-m-p.com\/wp-content\/uploads\/2018\/04\/25831-004-000-Slide-valve-2-235x235.png 235w, https:\/\/www.c-m-p.com\/wp-content\/uploads\/2018\/04\/25831-004-000-Slide-valve-2-307x307.png 307w\" sizes=\"auto, (max-width: 600px) 100vw, 600px\" \/><br \/>\nQualit\u00e9 garantie<br \/>\n<img decoding=\"async\" width=\"600\" height=\"600\" src=\"https:\/\/www.c-m-p.com\/wp-content\/uploads\/2018\/04\/25357-273-564-Pressure-valve-1.png\" class=\"attachment-full size-full\" alt=\"\" loading=\"lazy\" srcset=\"https:\/\/www.c-m-p.com\/wp-content\/uploads\/2018\/04\/25357-273-564-Pressure-valve-1.png 600w, https:\/\/www.c-m-p.com\/wp-content\/uploads\/2018\/04\/25357-273-564-Pressure-valve-1-150x150.png 150w, https:\/\/www.c-m-p.com\/wp-content\/uploads\/2018\/04\/25357-273-564-Pressure-valve-1-300x300.png 300w, https:\/\/www.c-m-p.com\/wp-content\/uploads\/2018\/04\/25357-273-564-Pressure-valve-1-568x568.png 568w, https:\/\/www.c-m-p.com\/wp-content\/uploads\/2018\/04\/25357-273-564-Pressure-valve-1-235x235.png 235w, https:\/\/www.c-m-p.com\/wp-content\/uploads\/2018\/04\/25357-273-564-Pressure-valve-1-307x307.png 307w\" sizes=\"auto, (max-width: 600px) 100vw, 600px\" \/><br \/>\nRemplacement OEM<br \/>\n<img decoding=\"async\" width=\"600\" height=\"600\" src=\"https:\/\/www.c-m-p.com\/wp-content\/uploads\/2018\/04\/Multiport-Label.png\" class=\"attachment-full size-full\" alt=\"\" loading=\"lazy\" srcset=\"https:\/\/www.c-m-p.com\/wp-content\/uploads\/2018\/04\/Multiport-Label.png 600w, https:\/\/www.c-m-p.com\/wp-content\/uploads\/2018\/04\/Multiport-Label-150x150.png 150w, https:\/\/www.c-m-p.com\/wp-content\/uploads\/2018\/04\/Multiport-Label-300x300.png 300w, https:\/\/www.c-m-p.com\/wp-content\/uploads\/2018\/04\/Multiport-Label-568x568.png 568w, https:\/\/www.c-m-p.com\/wp-content\/uploads\/2018\/04\/Multiport-Label-235x235.png 235w, https:\/\/www.c-m-p.com\/wp-content\/uploads\/2018\/04\/Multiport-Label-307x307.png 307w\" sizes=\"auto, (max-width: 600px) 100vw, 600px\" \/><br \/>\nSable ou DE<br \/>\n<img decoding=\"async\" width=\"600\" height=\"600\" src=\"https:\/\/www.c-m-p.com\/wp-content\/uploads\/2018\/04\/25802-150-ball-valve.png\" class=\"attachment-full size-full\" alt=\"\" loading=\"lazy\" srcset=\"https:\/\/www.c-m-p.com\/wp-content\/uploads\/2018\/04\/25802-150-ball-valve.png 600w, https:\/\/www.c-m-p.com\/wp-content\/uploads\/2018\/04\/25802-150-ball-valve-150x150.png 150w, https:\/\/www.c-m-p.com\/wp-content\/uploads\/2018\/04\/25802-150-ball-valve-300x300.png 300w, https:\/\/www.c-m-p.com\/wp-content\/uploads\/2018\/04\/25802-150-ball-valve-568x568.png 568w, https:\/\/www.c-m-p.com\/wp-content\/uploads\/2018\/04\/25802-150-ball-valve-235x235.png 235w, https:\/\/www.c-m-p.com\/wp-content\/uploads\/2018\/04\/25802-150-ball-valve-307x307.png 307w\" sizes=\"auto, (max-width: 600px) 100vw, 600px\" \/><br \/>\nGrand et petit<br \/>\n<img decoding=\"async\" width=\"200\" height=\"200\" src=\"https:\/\/www.c-m-p.com\/wp-content\/uploads\/2018\/04\/slice-valve-feature-circle.png\" class=\"attachment-full size-full\" alt=\"Slice Valves\" loading=\"lazy\" srcset=\"https:\/\/www.c-m-p.com\/wp-content\/uploads\/2018\/04\/slice-valve-feature-circle.png 200w, https:\/\/www.c-m-p.com\/wp-content\/uploads\/2018\/04\/slice-valve-feature-circle-150x150.png 150w\" sizes=\"auto, (max-width: 200px) 100vw, 200px\" \/><br \/>\n100\u00a0% d&#8217;arr\u00eat<br \/>\n<img decoding=\"async\" width=\"2000\" height=\"548\" src=\"https:\/\/www.c-m-p.com\/wp-content\/uploads\/2018\/05\/yellow-ball-image-break.jpg\" class=\"attachment-full size-full\" alt=\"\" loading=\"lazy\" srcset=\"https:\/\/www.c-m-p.com\/wp-content\/uploads\/2018\/05\/yellow-ball-image-break.jpg 2000w, https:\/\/www.c-m-p.com\/wp-content\/uploads\/2018\/05\/yellow-ball-image-break-300x82.jpg 300w, https:\/\/www.c-m-p.com\/wp-content\/uploads\/2018\/05\/yellow-ball-image-break-768x210.jpg 768w, https:\/\/www.c-m-p.com\/wp-content\/uploads\/2018\/05\/yellow-ball-image-break-1024x281.jpg 1024w, https:\/\/www.c-m-p.com\/wp-content\/uploads\/2018\/05\/yellow-ball-image-break-568x156.jpg 568w, https:\/\/www.c-m-p.com\/wp-content\/uploads\/2018\/05\/yellow-ball-image-break-235x64.jpg 235w, https:\/\/www.c-m-p.com\/wp-content\/uploads\/2018\/05\/yellow-ball-image-break-307x84.jpg 307w\" sizes=\"auto, (max-width: 2000px) 100vw, 2000px\" \/><br \/>\nBESOIN DE PLUS D&#8217;INFOS SUR LES VANNES HYDROSEAL ?<br \/>\nAvant d&#8217;aller plus loin, cliquez sur le bouton ci-dessous pour entrer en contact avec CMP<br \/>\nLES VANNES QUE VOUS VOULEZ, LES CARACT\u00c9RISTIQUES DE QUALIT\u00c9 DONT VOUS AVEZ BESOIN<br \/>\nUne gamme sup\u00e9rieure de vannes de d\u00e9rivation de piscine, de clapets anti-retour de piscine, de vannes \u00e0 tranche de verrouillage, de vannes \u00e0 bille, de vannes de remplacement pour les filtres multiports et \u00e0 tiroir. En plus des options standard, nous avons des vannes CPVC approuv\u00e9es NSF, des vannes de d\u00e9rivation transparentes, des clapets anti-retour \u00e0 visser. Attendez-vous \u00e0 de meilleures fonctionnalit\u00e9s et \u00e0 une exp\u00e9rience de produit de piscine sup\u00e9rieure de CMP.<br \/>\nCLAIREMENT SUP\u00c9RIEUR<br \/>\nRien ne peut se cacher \u00e0 l&#8217;int\u00e9rieur de cette vanne de d\u00e9rivation<br \/>\nSERIEUX ENTRETIEN<br \/>\nOubliez de retirer les vis &#8211; l&#8217;entretien de cette vanne est un jeu d&#8217;enfant<\/p>\n<p><strong><span style=\"text-decoration: underline;\">V\u00c9RIFIEZ CES CLAPETS ANTI-RETOUR &gt;\u00a0<\/span><\/strong><\/p>\n","protected":false},"excerpt":{"rendered":"<p>Style utilisable Fonctionnalit\u00e9s professionnelles Qualit\u00e9 garantie Remplacement OEM Sable ou DE Grand et petit 100\u00a0% d&#8217;arr\u00eat BESOIN DE PLUS D&#8217;INFOS SUR LES VANNES HYDROSEAL ? Avant d&#8217;aller plus loin, cliquez sur le bouton ci-dessous pour entrer en contact avec CMP LES VANNES QUE VOUS VOULEZ, LES CARACT\u00c9RISTIQUES DE QUALIT\u00c9 DONT VOUS AVEZ BESOIN Une gamme&#8230;  <a href=\"https:\/\/www.c-m-p.com\/fr\/produits-de-piscine\/vannes\/\" title=\"Read Robinets de piscine Hydroseal&#x2122;\">Read more &raquo;<\/a><\/p>\n","protected":false},"author":1,"featured_media":32614,"parent":63451,"menu_order":500,"comment_status":"open","ping_status":"closed","template":"rci-flex-template.php","meta":{"_acf_changed":false,"_oasis_is_in_workflow":0,"_oasis_original":0,"_mi_skip_tracking":false,"_monsterinsights_sitenote_active":false,"_monsterinsights_sitenote_note":"","_monsterinsights_sitenote_category":0,"footnotes":""},"class_list":["post-63811","page","type-page","status-publish","has-post-thumbnail","hentry"],"acf":[],"yoast_head":"<!-- This site is optimized with the Yoast SEO plugin v27.2 - https:\/\/yoast.com\/product\/yoast-seo-wordpress\/ -->\n<title>Robinets de piscine - CMP - Vannes de d\u00e9rivation, clapets anti-retour, vannes multivoies<\/title>\n<meta name=\"robots\" content=\"index, follow, max-snippet:-1, max-image-preview:large, max-video-preview:-1\" \/>\n<link rel=\"canonical\" href=\"https:\/\/c-m-p.com\/fr\/produits-de-piscine\/vannes\/\" \/>\n<meta property=\"og:locale\" content=\"fr_FR\" \/>\n<meta property=\"og:type\" content=\"article\" \/>\n<meta property=\"og:title\" content=\"Robinets de piscine - CMP - Vannes de d\u00e9rivation, clapets anti-retour, vannes multivoies\" \/>\n<meta property=\"og:description\" content=\"Style utilisable Fonctionnalit\u00e9s professionnelles Qualit\u00e9 garantie Remplacement OEM Sable ou DE Grand et petit 100\u00a0% d&#8217;arr\u00eat BESOIN DE PLUS D&#8217;INFOS SUR LES VANNES HYDROSEAL ? Avant d&#8217;aller plus loin, cliquez sur le bouton ci-dessous pour entrer en contact avec CMP LES VANNES QUE VOUS VOULEZ, LES CARACT\u00c9RISTIQUES DE QUALIT\u00c9 DONT VOUS AVEZ BESOIN Une gamme... Read more &raquo;\" \/>\n<meta property=\"og:url\" content=\"https:\/\/c-m-p.com\/fr\/produits-de-piscine\/vannes\/\" \/>\n<meta property=\"og:site_name\" content=\"CMP\" \/>\n<meta property=\"article:modified_time\" content=\"2021-07-15T09:35:15+00:00\" \/>\n<meta property=\"og:image\" content=\"https:\/\/c-m-p.com\/wp-content\/uploads\/2018\/02\/25830-200-000-check-valve.png\" \/>\n\t<meta property=\"og:image:width\" content=\"300\" \/>\n\t<meta property=\"og:image:height\" content=\"216\" \/>\n\t<meta property=\"og:image:type\" content=\"image\/png\" \/>\n<meta name=\"twitter:label1\" content=\"Est. reading time\" \/>\n\t<meta name=\"twitter:data1\" content=\"1 minute\" \/>\n<script type=\"application\/ld+json\" class=\"yoast-schema-graph\">{\"@context\":\"https:\/\/schema.org\",\"@graph\":[{\"@type\":\"WebPage\",\"@id\":\"https:\/\/c-m-p.com\/fr\/produits-de-piscine\/vannes\/\",\"url\":\"https:\/\/c-m-p.com\/fr\/produits-de-piscine\/vannes\/\",\"name\":\"Robinets de piscine - CMP - Vannes de d\u00e9rivation, clapets anti-retour, vannes multivoies\",\"isPartOf\":{\"@id\":\"https:\/\/c-m-p.com\/#website\"},\"primaryImageOfPage\":{\"@id\":\"https:\/\/c-m-p.com\/fr\/produits-de-piscine\/vannes\/#primaryimage\"},\"image\":{\"@id\":\"https:\/\/c-m-p.com\/fr\/produits-de-piscine\/vannes\/#primaryimage\"},\"thumbnailUrl\":\"https:\/\/www.c-m-p.com\/wp-content\/uploads\/2018\/02\/25830-200-000-check-valve.png\",\"datePublished\":\"2013-10-04T23:15:19+00:00\",\"dateModified\":\"2021-07-15T09:35:15+00:00\",\"breadcrumb\":{\"@id\":\"https:\/\/c-m-p.com\/fr\/produits-de-piscine\/vannes\/#breadcrumb\"},\"inLanguage\":\"fr-FR\",\"potentialAction\":[{\"@type\":\"ReadAction\",\"target\":[\"https:\/\/c-m-p.com\/fr\/produits-de-piscine\/vannes\/\"]}]},{\"@type\":\"ImageObject\",\"inLanguage\":\"fr-FR\",\"@id\":\"https:\/\/c-m-p.com\/fr\/produits-de-piscine\/vannes\/#primaryimage\",\"url\":\"https:\/\/www.c-m-p.com\/wp-content\/uploads\/2018\/02\/25830-200-000-check-valve.png\",\"contentUrl\":\"https:\/\/www.c-m-p.com\/wp-content\/uploads\/2018\/02\/25830-200-000-check-valve.png\",\"width\":300,\"height\":216},{\"@type\":\"BreadcrumbList\",\"@id\":\"https:\/\/c-m-p.com\/fr\/produits-de-piscine\/vannes\/#breadcrumb\",\"itemListElement\":[{\"@type\":\"ListItem\",\"position\":1,\"name\":\"Home\",\"item\":\"https:\/\/c-m-p.com\/fr\/\"},{\"@type\":\"ListItem\",\"position\":2,\"name\":\"Produits de piscine\",\"item\":\"https:\/\/c-m-p.com\/fr\/produits-de-piscine\/\"},{\"@type\":\"ListItem\",\"position\":3,\"name\":\"Robinets de piscine Hydroseal&#x2122;\"}]},{\"@type\":\"WebSite\",\"@id\":\"https:\/\/c-m-p.com\/#website\",\"url\":\"https:\/\/c-m-p.com\/\",\"name\":\"CMP\",\"description\":\"Pool Products, Spa and Hot Tub Products\",\"publisher\":{\"@id\":\"https:\/\/c-m-p.com\/#organization\"},\"potentialAction\":[{\"@type\":\"SearchAction\",\"target\":{\"@type\":\"EntryPoint\",\"urlTemplate\":\"https:\/\/c-m-p.com\/?s={search_term_string}\"},\"query-input\":{\"@type\":\"PropertyValueSpecification\",\"valueRequired\":true,\"valueName\":\"search_term_string\"}}],\"inLanguage\":\"fr-FR\"},{\"@type\":\"Organization\",\"@id\":\"https:\/\/c-m-p.com\/#organization\",\"name\":\"CMP Pool & Spa Products\",\"url\":\"https:\/\/c-m-p.com\/\",\"logo\":{\"@type\":\"ImageObject\",\"inLanguage\":\"fr-FR\",\"@id\":\"https:\/\/c-m-p.com\/#\/schema\/logo\/image\/\",\"url\":\"https:\/\/43ab809dfe.nxcli.io\/wp-content\/uploads\/2013\/10\/2013-CMP-Logo.jpg\",\"contentUrl\":\"https:\/\/43ab809dfe.nxcli.io\/wp-content\/uploads\/2013\/10\/2013-CMP-Logo.jpg\",\"width\":1000,\"height\":247,\"caption\":\"CMP Pool & Spa Products\"},\"image\":{\"@id\":\"https:\/\/c-m-p.com\/#\/schema\/logo\/image\/\"}}]}<\/script>\n<!-- \/ Yoast SEO plugin. -->","yoast_head_json":{"title":"Robinets de piscine - CMP - Vannes de d\u00e9rivation, clapets anti-retour, vannes multivoies","robots":{"index":"index","follow":"follow","max-snippet":"max-snippet:-1","max-image-preview":"max-image-preview:large","max-video-preview":"max-video-preview:-1"},"canonical":"https:\/\/c-m-p.com\/fr\/produits-de-piscine\/vannes\/","og_locale":"fr_FR","og_type":"article","og_title":"Robinets de piscine - CMP - Vannes de d\u00e9rivation, clapets anti-retour, vannes multivoies","og_description":"Style utilisable Fonctionnalit\u00e9s professionnelles Qualit\u00e9 garantie Remplacement OEM Sable ou DE Grand et petit 100\u00a0% d&#8217;arr\u00eat BESOIN DE PLUS D&#8217;INFOS SUR LES VANNES HYDROSEAL ? Avant d&#8217;aller plus loin, cliquez sur le bouton ci-dessous pour entrer en contact avec CMP LES VANNES QUE VOUS VOULEZ, LES CARACT\u00c9RISTIQUES DE QUALIT\u00c9 DONT VOUS AVEZ BESOIN Une gamme... Read more &raquo;","og_url":"https:\/\/c-m-p.com\/fr\/produits-de-piscine\/vannes\/","og_site_name":"CMP","article_modified_time":"2021-07-15T09:35:15+00:00","og_image":[{"width":300,"height":216,"url":"https:\/\/c-m-p.com\/wp-content\/uploads\/2018\/02\/25830-200-000-check-valve.png","type":"image\/png"}],"twitter_misc":{"Est. reading time":"1 minute"},"schema":{"@context":"https:\/\/schema.org","@graph":[{"@type":"WebPage","@id":"https:\/\/c-m-p.com\/fr\/produits-de-piscine\/vannes\/","url":"https:\/\/c-m-p.com\/fr\/produits-de-piscine\/vannes\/","name":"Robinets de piscine - CMP - Vannes de d\u00e9rivation, clapets anti-retour, vannes multivoies","isPartOf":{"@id":"https:\/\/c-m-p.com\/#website"},"primaryImageOfPage":{"@id":"https:\/\/c-m-p.com\/fr\/produits-de-piscine\/vannes\/#primaryimage"},"image":{"@id":"https:\/\/c-m-p.com\/fr\/produits-de-piscine\/vannes\/#primaryimage"},"thumbnailUrl":"https:\/\/www.c-m-p.com\/wp-content\/uploads\/2018\/02\/25830-200-000-check-valve.png","datePublished":"2013-10-04T23:15:19+00:00","dateModified":"2021-07-15T09:35:15+00:00","breadcrumb":{"@id":"https:\/\/c-m-p.com\/fr\/produits-de-piscine\/vannes\/#breadcrumb"},"inLanguage":"fr-FR","potentialAction":[{"@type":"ReadAction","target":["https:\/\/c-m-p.com\/fr\/produits-de-piscine\/vannes\/"]}]},{"@type":"ImageObject","inLanguage":"fr-FR","@id":"https:\/\/c-m-p.com\/fr\/produits-de-piscine\/vannes\/#primaryimage","url":"https:\/\/www.c-m-p.com\/wp-content\/uploads\/2018\/02\/25830-200-000-check-valve.png","contentUrl":"https:\/\/www.c-m-p.com\/wp-content\/uploads\/2018\/02\/25830-200-000-check-valve.png","width":300,"height":216},{"@type":"BreadcrumbList","@id":"https:\/\/c-m-p.com\/fr\/produits-de-piscine\/vannes\/#breadcrumb","itemListElement":[{"@type":"ListItem","position":1,"name":"Home","item":"https:\/\/c-m-p.com\/fr\/"},{"@type":"ListItem","position":2,"name":"Produits de piscine","item":"https:\/\/c-m-p.com\/fr\/produits-de-piscine\/"},{"@type":"ListItem","position":3,"name":"Robinets de piscine Hydroseal&#x2122;"}]},{"@type":"WebSite","@id":"https:\/\/c-m-p.com\/#website","url":"https:\/\/c-m-p.com\/","name":"CMP","description":"Pool Products, Spa and Hot Tub Products","publisher":{"@id":"https:\/\/c-m-p.com\/#organization"},"potentialAction":[{"@type":"SearchAction","target":{"@type":"EntryPoint","urlTemplate":"https:\/\/c-m-p.com\/?s={search_term_string}"},"query-input":{"@type":"PropertyValueSpecification","valueRequired":true,"valueName":"search_term_string"}}],"inLanguage":"fr-FR"},{"@type":"Organization","@id":"https:\/\/c-m-p.com\/#organization","name":"CMP Pool & Spa Products","url":"https:\/\/c-m-p.com\/","logo":{"@type":"ImageObject","inLanguage":"fr-FR","@id":"https:\/\/c-m-p.com\/#\/schema\/logo\/image\/","url":"https:\/\/43ab809dfe.nxcli.io\/wp-content\/uploads\/2013\/10\/2013-CMP-Logo.jpg","contentUrl":"https:\/\/43ab809dfe.nxcli.io\/wp-content\/uploads\/2013\/10\/2013-CMP-Logo.jpg","width":1000,"height":247,"caption":"CMP Pool & Spa Products"},"image":{"@id":"https:\/\/c-m-p.com\/#\/schema\/logo\/image\/"}}]}},"_links":{"self":[{"href":"https:\/\/www.c-m-p.com\/fr\/wp-json\/wp\/v2\/pages\/63811","targetHints":{"allow":["GET"]}}],"collection":[{"href":"https:\/\/www.c-m-p.com\/fr\/wp-json\/wp\/v2\/pages"}],"about":[{"href":"https:\/\/www.c-m-p.com\/fr\/wp-json\/wp\/v2\/types\/page"}],"author":[{"embeddable":true,"href":"https:\/\/www.c-m-p.com\/fr\/wp-json\/wp\/v2\/users\/1"}],"replies":[{"embeddable":true,"href":"https:\/\/www.c-m-p.com\/fr\/wp-json\/wp\/v2\/comments?post=63811"}],"version-history":[{"count":0,"href":"https:\/\/www.c-m-p.com\/fr\/wp-json\/wp\/v2\/pages\/63811\/revisions"}],"up":[{"embeddable":true,"href":"https:\/\/www.c-m-p.com\/fr\/wp-json\/wp\/v2\/pages\/63451"}],"wp:featuredmedia":[{"embeddable":true,"href":"https:\/\/www.c-m-p.com\/fr\/wp-json\/wp\/v2\/media\/32614"}],"wp:attachment":[{"href":"https:\/\/www.c-m-p.com\/fr\/wp-json\/wp\/v2\/media?parent=63811"}],"curies":[{"name":"wp","href":"https:\/\/api.w.org\/{rel}","templated":true}]}}