{"id":63817,"date":"2013-10-04T18:15:40","date_gmt":"2013-10-04T23:15:40","guid":{"rendered":"https:\/\/43ab809dfe.nxcli.io\/produits-de-piscine\/accessories\/"},"modified":"2021-07-15T07:55:46","modified_gmt":"2021-07-15T12:55:46","slug":"accessoires","status":"publish","type":"page","link":"https:\/\/www.c-m-p.com\/fr\/produits-de-piscine\/accessoires\/","title":{"rendered":"Accessoires de piscine"},"content":{"rendered":"<img loading=\"lazy\" decoding=\"async\" class=\"aligncenter size-full wp-image-34840\" src=\"https:\/\/www.c-m-p.com\/wp-content\/uploads\/2018\/04\/pool-accessories-title.png\" alt=\"\" width=\"650\" height=\"207\" srcset=\"https:\/\/www.c-m-p.com\/wp-content\/uploads\/2018\/04\/pool-accessories-title.png 650w, https:\/\/www.c-m-p.com\/wp-content\/uploads\/2018\/04\/pool-accessories-title-300x96.png 300w, https:\/\/www.c-m-p.com\/wp-content\/uploads\/2018\/04\/pool-accessories-title-568x181.png 568w, https:\/\/www.c-m-p.com\/wp-content\/uploads\/2018\/04\/pool-accessories-title-235x75.png 235w, https:\/\/www.c-m-p.com\/wp-content\/uploads\/2018\/04\/pool-accessories-title-307x98.png 307w\" sizes=\"auto, (max-width: 650px) 100vw, 650px\" \/>\n<hr \/>\n<p><img decoding=\"async\" width=\"200\" height=\"200\" src=\"https:\/\/www.c-m-p.com\/wp-content\/uploads\/2018\/05\/defender-product-feature-circle.png\" class=\"attachment-full size-full\" alt=\"\" loading=\"lazy\" srcset=\"https:\/\/www.c-m-p.com\/wp-content\/uploads\/2018\/05\/defender-product-feature-circle.png 200w, https:\/\/www.c-m-p.com\/wp-content\/uploads\/2018\/05\/defender-product-feature-circle-150x150.png 150w\" sizes=\"auto, (max-width: 200px) 100vw, 200px\" \/><br \/>\nCollage de l&#8217;eau de piscine<br \/>\n<img decoding=\"async\" width=\"200\" height=\"200\" src=\"https:\/\/www.c-m-p.com\/wp-content\/uploads\/2018\/05\/aqua-element-tool-feature-circle.png\" class=\"attachment-full size-full\" alt=\"\" loading=\"lazy\" srcset=\"https:\/\/www.c-m-p.com\/wp-content\/uploads\/2018\/05\/aqua-element-tool-feature-circle.png 200w, https:\/\/www.c-m-p.com\/wp-content\/uploads\/2018\/05\/aqua-element-tool-feature-circle-150x150.png 150w\" sizes=\"auto, (max-width: 200px) 100vw, 200px\" \/><br \/>\nOutils de piscine emball\u00e9s au d\u00e9tail<br \/>\n<img decoding=\"async\" width=\"230\" height=\"200\" src=\"https:\/\/www.c-m-p.com\/wp-content\/uploads\/2018\/05\/aqualevel-feature-circle.png\" class=\"attachment-full size-full\" alt=\"\" loading=\"lazy\" \/><br \/>\nNiveleurs automatiques de piscine<br \/>\n<img decoding=\"async\" width=\"200\" height=\"200\" src=\"https:\/\/www.c-m-p.com\/wp-content\/uploads\/2018\/05\/pool-care-feature-column.png\" class=\"attachment-full size-full\" alt=\"\" loading=\"lazy\" srcset=\"https:\/\/www.c-m-p.com\/wp-content\/uploads\/2018\/05\/pool-care-feature-column.png 200w, https:\/\/www.c-m-p.com\/wp-content\/uploads\/2018\/05\/pool-care-feature-column-150x150.png 150w\" sizes=\"auto, (max-width: 200px) 100vw, 200px\" \/><br \/>\nBesoins quotidiens de la piscine<br \/>\n<img decoding=\"async\" width=\"1000\" height=\"667\" src=\"https:\/\/www.c-m-p.com\/wp-content\/uploads\/2017\/02\/child-mother-pool_dreamstime_49467052-1.jpg\" class=\"attachment-full size-full\" alt=\"\" loading=\"lazy\" srcset=\"https:\/\/www.c-m-p.com\/wp-content\/uploads\/2017\/02\/child-mother-pool_dreamstime_49467052-1.jpg 1000w, https:\/\/www.c-m-p.com\/wp-content\/uploads\/2017\/02\/child-mother-pool_dreamstime_49467052-1-300x200.jpg 300w, https:\/\/www.c-m-p.com\/wp-content\/uploads\/2017\/02\/child-mother-pool_dreamstime_49467052-1-768x512.jpg 768w, https:\/\/www.c-m-p.com\/wp-content\/uploads\/2017\/02\/child-mother-pool_dreamstime_49467052-1-568x379.jpg 568w, https:\/\/www.c-m-p.com\/wp-content\/uploads\/2017\/02\/child-mother-pool_dreamstime_49467052-1-235x157.jpg 235w, https:\/\/www.c-m-p.com\/wp-content\/uploads\/2017\/02\/child-mother-pool_dreamstime_49467052-1-307x205.jpg 307w\" sizes=\"auto, (max-width: 1000px) 100vw, 1000px\" \/><br \/>\nBesoin de plus d&#8217;informations sur les outils et accessoires de piscine CMP\u00a0?<br \/>\nCliquez sur le bouton pour contacter votre repr\u00e9sentant CMP<br \/>\n<a href=\"\/the-essential-guide-to-pool-water-bonding-basics\/\"><img loading=\"lazy\" decoding=\"async\" class=\"aligncenter wp-image-32818 size-full\" src=\"https:\/\/www.c-m-p.com\/wp-content\/uploads\/2014\/02\/defender-essential-guide-banner.png\" alt=\"\" width=\"600\" height=\"334\" srcset=\"https:\/\/www.c-m-p.com\/wp-content\/uploads\/2014\/02\/defender-essential-guide-banner.png 600w, https:\/\/www.c-m-p.com\/wp-content\/uploads\/2014\/02\/defender-essential-guide-banner-300x167.png 300w, https:\/\/www.c-m-p.com\/wp-content\/uploads\/2014\/02\/defender-essential-guide-banner-568x316.png 568w, https:\/\/www.c-m-p.com\/wp-content\/uploads\/2014\/02\/defender-essential-guide-banner-235x131.png 235w, https:\/\/www.c-m-p.com\/wp-content\/uploads\/2014\/02\/defender-essential-guide-banner-307x171.png 307w\" sizes=\"auto, (max-width: 600px) 100vw, 600px\" \/><\/a>Consultez notre guide essentiel pour comprendre le pool liaison \u00e0 l&#8217;eau et exigences NEC pour les constructeurs de piscines. Trouvez la r\u00e9ponse \u00e0 des questions telles que : Qu&#8217;est-ce que la liaison \u00e0 l&#8217;eau ? Que dit le NEC sur le collage de l&#8217;eau de piscine ? Qu&#8217;est-ce qui peut \u00eatre utilis\u00e9 comme dispositif de liaison \u00e0 l&#8217;eau?<\/p>\n<p>&nbsp;<br \/>\nOUTILS POUR TEMPS FROID<br \/>\nProt\u00e9gez la piscine du gel avec des produits d&#8217;hivernage<br \/>\nENLEVEZ LA SALET\u00c9 DE LA PISCINE<br \/>\nLe nettoyeur S-2000 est un nettoyeur de style aspiration fiable<br \/>\nCOMMENT R\u00c9PARER UNE NICHE L\u00c9G\u00c8RE<br \/>\nNotre guide \u00e9tape par \u00e9tape pour r\u00e9parer facilement une niche lumineuse cass\u00e9e<br \/>\nCinq meilleurs<\/br> outils de r\u00e9paration<br \/>\nNous avons rassembl\u00e9 une liste d&#8217;outils pr\u00e9f\u00e9r\u00e9s pour la r\u00e9novation et la r\u00e9paration de piscine<br \/>\nOUTILS DE PISCINE ADAPT\u00c9S AU D\u00c9TAIL<\/p>\n<p style=\"text-align: left;\">Aqua Elements\u00ae est le choix parfait pour une collection compl\u00e8te d&#8217;outils, brosses, kits, r\u00e2teaux \u00e0 feuilles, aspirateurs et accessoires.<\/p>\n<p style=\"text-align: left;\">Choisissez parmi une gamme d&#8217;options, y compris les outils de piscine de niveau Pro \u00e0 de base. Aqua Elements\u00ae propose une gamme attrayante de produits de piscine au d\u00e9tail pour tous vos besoins en outils de piscine.<\/p>\n<img decoding=\"async\" width=\"2000\" height=\"548\" src=\"https:\/\/www.c-m-p.com\/wp-content\/uploads\/2018\/05\/aqua-elements-splash-image-break.jpg\" class=\"attachment-full size-full\" alt=\"\" loading=\"lazy\" srcset=\"https:\/\/www.c-m-p.com\/wp-content\/uploads\/2018\/05\/aqua-elements-splash-image-break.jpg 2000w, https:\/\/www.c-m-p.com\/wp-content\/uploads\/2018\/05\/aqua-elements-splash-image-break-300x82.jpg 300w, https:\/\/www.c-m-p.com\/wp-content\/uploads\/2018\/05\/aqua-elements-splash-image-break-768x210.jpg 768w, https:\/\/www.c-m-p.com\/wp-content\/uploads\/2018\/05\/aqua-elements-splash-image-break-1024x281.jpg 1024w, https:\/\/www.c-m-p.com\/wp-content\/uploads\/2018\/05\/aqua-elements-splash-image-break-568x156.jpg 568w, https:\/\/www.c-m-p.com\/wp-content\/uploads\/2018\/05\/aqua-elements-splash-image-break-235x64.jpg 235w, https:\/\/www.c-m-p.com\/wp-content\/uploads\/2018\/05\/aqua-elements-splash-image-break-307x84.jpg 307w\" sizes=\"auto, (max-width: 2000px) 100vw, 2000px\" \/>\n","protected":false},"excerpt":{"rendered":"<p>Collage de l&#8217;eau de piscine Outils de piscine emball\u00e9s au d\u00e9tail Niveleurs automatiques de piscine Besoins quotidiens de la piscine Besoin de plus d&#8217;informations sur les outils et accessoires de piscine CMP\u00a0? Cliquez sur le bouton pour contacter votre repr\u00e9sentant CMP Consultez notre guide essentiel pour comprendre le pool liaison \u00e0 l&#8217;eau et exigences NEC&#8230;  <a href=\"https:\/\/www.c-m-p.com\/fr\/produits-de-piscine\/accessoires\/\" title=\"Read Accessoires de piscine\">Read more &raquo;<\/a><\/p>\n","protected":false},"author":1,"featured_media":40303,"parent":63451,"menu_order":700,"comment_status":"open","ping_status":"open","template":"rci-flex-template.php","meta":{"_acf_changed":false,"_oasis_is_in_workflow":0,"_oasis_original":0,"_mi_skip_tracking":false,"_monsterinsights_sitenote_active":false,"_monsterinsights_sitenote_note":"","_monsterinsights_sitenote_category":0,"footnotes":""},"class_list":["post-63817","page","type-page","status-publish","has-post-thumbnail","hentry"],"acf":[],"yoast_head":"<!-- This site is optimized with the Yoast SEO plugin v27.2 - https:\/\/yoast.com\/product\/yoast-seo-wordpress\/ -->\n<title>Accessoires et outils de piscine - CMP<\/title>\n<meta name=\"robots\" content=\"index, follow, max-snippet:-1, max-image-preview:large, max-video-preview:-1\" \/>\n<link rel=\"canonical\" href=\"https:\/\/c-m-p.com\/fr\/produits-de-piscine\/accessoires\/\" \/>\n<meta property=\"og:locale\" content=\"fr_FR\" \/>\n<meta property=\"og:type\" content=\"article\" \/>\n<meta property=\"og:title\" content=\"Accessoires et outils de piscine - CMP\" \/>\n<meta property=\"og:description\" content=\"Collage de l&#8217;eau de piscine Outils de piscine emball\u00e9s au d\u00e9tail Niveleurs automatiques de piscine Besoins quotidiens de la piscine Besoin de plus d&#8217;informations sur les outils et accessoires de piscine CMP\u00a0? Cliquez sur le bouton pour contacter votre repr\u00e9sentant CMP Consultez notre guide essentiel pour comprendre le pool liaison \u00e0 l&#8217;eau et exigences NEC... Read more &raquo;\" \/>\n<meta property=\"og:url\" content=\"https:\/\/c-m-p.com\/fr\/produits-de-piscine\/accessoires\/\" \/>\n<meta property=\"og:site_name\" content=\"CMP\" \/>\n<meta property=\"article:modified_time\" content=\"2021-07-15T12:55:46+00:00\" \/>\n<meta property=\"og:image\" content=\"https:\/\/c-m-p.com\/wp-content\/uploads\/2018\/05\/aqua-element-tool-feature-circle.png\" \/>\n\t<meta property=\"og:image:width\" content=\"200\" \/>\n\t<meta property=\"og:image:height\" content=\"200\" \/>\n\t<meta property=\"og:image:type\" content=\"image\/png\" \/>\n<meta name=\"twitter:label1\" content=\"Est. reading time\" \/>\n\t<meta name=\"twitter:data1\" content=\"1 minute\" \/>\n<script type=\"application\/ld+json\" class=\"yoast-schema-graph\">{\"@context\":\"https:\/\/schema.org\",\"@graph\":[{\"@type\":\"WebPage\",\"@id\":\"https:\/\/c-m-p.com\/fr\/produits-de-piscine\/accessoires\/\",\"url\":\"https:\/\/c-m-p.com\/fr\/produits-de-piscine\/accessoires\/\",\"name\":\"Accessoires et outils de piscine - CMP\",\"isPartOf\":{\"@id\":\"https:\/\/c-m-p.com\/#website\"},\"primaryImageOfPage\":{\"@id\":\"https:\/\/c-m-p.com\/fr\/produits-de-piscine\/accessoires\/#primaryimage\"},\"image\":{\"@id\":\"https:\/\/c-m-p.com\/fr\/produits-de-piscine\/accessoires\/#primaryimage\"},\"thumbnailUrl\":\"https:\/\/www.c-m-p.com\/wp-content\/uploads\/2018\/05\/aqua-element-tool-feature-circle.png\",\"datePublished\":\"2013-10-04T23:15:40+00:00\",\"dateModified\":\"2021-07-15T12:55:46+00:00\",\"breadcrumb\":{\"@id\":\"https:\/\/c-m-p.com\/fr\/produits-de-piscine\/accessoires\/#breadcrumb\"},\"inLanguage\":\"fr-FR\",\"potentialAction\":[{\"@type\":\"ReadAction\",\"target\":[\"https:\/\/c-m-p.com\/fr\/produits-de-piscine\/accessoires\/\"]}]},{\"@type\":\"ImageObject\",\"inLanguage\":\"fr-FR\",\"@id\":\"https:\/\/c-m-p.com\/fr\/produits-de-piscine\/accessoires\/#primaryimage\",\"url\":\"https:\/\/www.c-m-p.com\/wp-content\/uploads\/2018\/05\/aqua-element-tool-feature-circle.png\",\"contentUrl\":\"https:\/\/www.c-m-p.com\/wp-content\/uploads\/2018\/05\/aqua-element-tool-feature-circle.png\",\"width\":200,\"height\":200},{\"@type\":\"BreadcrumbList\",\"@id\":\"https:\/\/c-m-p.com\/fr\/produits-de-piscine\/accessoires\/#breadcrumb\",\"itemListElement\":[{\"@type\":\"ListItem\",\"position\":1,\"name\":\"Home\",\"item\":\"https:\/\/c-m-p.com\/fr\/\"},{\"@type\":\"ListItem\",\"position\":2,\"name\":\"Produits de piscine\",\"item\":\"https:\/\/c-m-p.com\/fr\/produits-de-piscine\/\"},{\"@type\":\"ListItem\",\"position\":3,\"name\":\"Accessoires de piscine\"}]},{\"@type\":\"WebSite\",\"@id\":\"https:\/\/c-m-p.com\/#website\",\"url\":\"https:\/\/c-m-p.com\/\",\"name\":\"CMP\",\"description\":\"Pool Products, Spa and Hot Tub Products\",\"publisher\":{\"@id\":\"https:\/\/c-m-p.com\/#organization\"},\"potentialAction\":[{\"@type\":\"SearchAction\",\"target\":{\"@type\":\"EntryPoint\",\"urlTemplate\":\"https:\/\/c-m-p.com\/?s={search_term_string}\"},\"query-input\":{\"@type\":\"PropertyValueSpecification\",\"valueRequired\":true,\"valueName\":\"search_term_string\"}}],\"inLanguage\":\"fr-FR\"},{\"@type\":\"Organization\",\"@id\":\"https:\/\/c-m-p.com\/#organization\",\"name\":\"CMP Pool & Spa Products\",\"url\":\"https:\/\/c-m-p.com\/\",\"logo\":{\"@type\":\"ImageObject\",\"inLanguage\":\"fr-FR\",\"@id\":\"https:\/\/c-m-p.com\/#\/schema\/logo\/image\/\",\"url\":\"https:\/\/43ab809dfe.nxcli.io\/wp-content\/uploads\/2013\/10\/2013-CMP-Logo.jpg\",\"contentUrl\":\"https:\/\/43ab809dfe.nxcli.io\/wp-content\/uploads\/2013\/10\/2013-CMP-Logo.jpg\",\"width\":1000,\"height\":247,\"caption\":\"CMP Pool & Spa Products\"},\"image\":{\"@id\":\"https:\/\/c-m-p.com\/#\/schema\/logo\/image\/\"}}]}<\/script>\n<!-- \/ Yoast SEO plugin. -->","yoast_head_json":{"title":"Accessoires et outils de piscine - CMP","robots":{"index":"index","follow":"follow","max-snippet":"max-snippet:-1","max-image-preview":"max-image-preview:large","max-video-preview":"max-video-preview:-1"},"canonical":"https:\/\/c-m-p.com\/fr\/produits-de-piscine\/accessoires\/","og_locale":"fr_FR","og_type":"article","og_title":"Accessoires et outils de piscine - CMP","og_description":"Collage de l&#8217;eau de piscine Outils de piscine emball\u00e9s au d\u00e9tail Niveleurs automatiques de piscine Besoins quotidiens de la piscine Besoin de plus d&#8217;informations sur les outils et accessoires de piscine CMP\u00a0? Cliquez sur le bouton pour contacter votre repr\u00e9sentant CMP Consultez notre guide essentiel pour comprendre le pool liaison \u00e0 l&#8217;eau et exigences NEC... Read more &raquo;","og_url":"https:\/\/c-m-p.com\/fr\/produits-de-piscine\/accessoires\/","og_site_name":"CMP","article_modified_time":"2021-07-15T12:55:46+00:00","og_image":[{"width":200,"height":200,"url":"https:\/\/c-m-p.com\/wp-content\/uploads\/2018\/05\/aqua-element-tool-feature-circle.png","type":"image\/png"}],"twitter_misc":{"Est. reading time":"1 minute"},"schema":{"@context":"https:\/\/schema.org","@graph":[{"@type":"WebPage","@id":"https:\/\/c-m-p.com\/fr\/produits-de-piscine\/accessoires\/","url":"https:\/\/c-m-p.com\/fr\/produits-de-piscine\/accessoires\/","name":"Accessoires et outils de piscine - CMP","isPartOf":{"@id":"https:\/\/c-m-p.com\/#website"},"primaryImageOfPage":{"@id":"https:\/\/c-m-p.com\/fr\/produits-de-piscine\/accessoires\/#primaryimage"},"image":{"@id":"https:\/\/c-m-p.com\/fr\/produits-de-piscine\/accessoires\/#primaryimage"},"thumbnailUrl":"https:\/\/www.c-m-p.com\/wp-content\/uploads\/2018\/05\/aqua-element-tool-feature-circle.png","datePublished":"2013-10-04T23:15:40+00:00","dateModified":"2021-07-15T12:55:46+00:00","breadcrumb":{"@id":"https:\/\/c-m-p.com\/fr\/produits-de-piscine\/accessoires\/#breadcrumb"},"inLanguage":"fr-FR","potentialAction":[{"@type":"ReadAction","target":["https:\/\/c-m-p.com\/fr\/produits-de-piscine\/accessoires\/"]}]},{"@type":"ImageObject","inLanguage":"fr-FR","@id":"https:\/\/c-m-p.com\/fr\/produits-de-piscine\/accessoires\/#primaryimage","url":"https:\/\/www.c-m-p.com\/wp-content\/uploads\/2018\/05\/aqua-element-tool-feature-circle.png","contentUrl":"https:\/\/www.c-m-p.com\/wp-content\/uploads\/2018\/05\/aqua-element-tool-feature-circle.png","width":200,"height":200},{"@type":"BreadcrumbList","@id":"https:\/\/c-m-p.com\/fr\/produits-de-piscine\/accessoires\/#breadcrumb","itemListElement":[{"@type":"ListItem","position":1,"name":"Home","item":"https:\/\/c-m-p.com\/fr\/"},{"@type":"ListItem","position":2,"name":"Produits de piscine","item":"https:\/\/c-m-p.com\/fr\/produits-de-piscine\/"},{"@type":"ListItem","position":3,"name":"Accessoires de piscine"}]},{"@type":"WebSite","@id":"https:\/\/c-m-p.com\/#website","url":"https:\/\/c-m-p.com\/","name":"CMP","description":"Pool Products, Spa and Hot Tub Products","publisher":{"@id":"https:\/\/c-m-p.com\/#organization"},"potentialAction":[{"@type":"SearchAction","target":{"@type":"EntryPoint","urlTemplate":"https:\/\/c-m-p.com\/?s={search_term_string}"},"query-input":{"@type":"PropertyValueSpecification","valueRequired":true,"valueName":"search_term_string"}}],"inLanguage":"fr-FR"},{"@type":"Organization","@id":"https:\/\/c-m-p.com\/#organization","name":"CMP Pool & Spa Products","url":"https:\/\/c-m-p.com\/","logo":{"@type":"ImageObject","inLanguage":"fr-FR","@id":"https:\/\/c-m-p.com\/#\/schema\/logo\/image\/","url":"https:\/\/43ab809dfe.nxcli.io\/wp-content\/uploads\/2013\/10\/2013-CMP-Logo.jpg","contentUrl":"https:\/\/43ab809dfe.nxcli.io\/wp-content\/uploads\/2013\/10\/2013-CMP-Logo.jpg","width":1000,"height":247,"caption":"CMP Pool & Spa Products"},"image":{"@id":"https:\/\/c-m-p.com\/#\/schema\/logo\/image\/"}}]}},"_links":{"self":[{"href":"https:\/\/www.c-m-p.com\/fr\/wp-json\/wp\/v2\/pages\/63817","targetHints":{"allow":["GET"]}}],"collection":[{"href":"https:\/\/www.c-m-p.com\/fr\/wp-json\/wp\/v2\/pages"}],"about":[{"href":"https:\/\/www.c-m-p.com\/fr\/wp-json\/wp\/v2\/types\/page"}],"author":[{"embeddable":true,"href":"https:\/\/www.c-m-p.com\/fr\/wp-json\/wp\/v2\/users\/1"}],"replies":[{"embeddable":true,"href":"https:\/\/www.c-m-p.com\/fr\/wp-json\/wp\/v2\/comments?post=63817"}],"version-history":[{"count":0,"href":"https:\/\/www.c-m-p.com\/fr\/wp-json\/wp\/v2\/pages\/63817\/revisions"}],"up":[{"embeddable":true,"href":"https:\/\/www.c-m-p.com\/fr\/wp-json\/wp\/v2\/pages\/63451"}],"wp:featuredmedia":[{"embeddable":true,"href":"https:\/\/www.c-m-p.com\/fr\/wp-json\/wp\/v2\/media\/40303"}],"wp:attachment":[{"href":"https:\/\/www.c-m-p.com\/fr\/wp-json\/wp\/v2\/media?parent=63817"}],"curies":[{"name":"wp","href":"https:\/\/api.w.org\/{rel}","templated":true}]}}