{"id":63824,"date":"2015-07-31T10:36:34","date_gmt":"2015-07-31T15:36:34","guid":{"rendered":"https:\/\/43ab809dfe.nxcli.io\/careers\/"},"modified":"2021-07-15T08:17:28","modified_gmt":"2021-07-15T13:17:28","slug":"carrieres","status":"publish","type":"page","link":"https:\/\/www.c-m-p.com\/fr\/carrieres\/","title":{"rendered":"REJOIGNEZ L&#8217;\u00c9QUIPE CMP"},"content":{"rendered":"<p>REJOIGNEZ L&#8217;\u00c9QUIPE CMP<br \/>\n<img decoding=\"async\" width=\"1200\" height=\"328\" src=\"https:\/\/www.c-m-p.com\/wp-content\/uploads\/2018\/05\/CMP-USA-Staff-2015-image-break.jpg\" class=\"attachment-full size-full\" alt=\"\" loading=\"lazy\" srcset=\"https:\/\/www.c-m-p.com\/wp-content\/uploads\/2018\/05\/CMP-USA-Staff-2015-image-break.jpg 1200w, https:\/\/www.c-m-p.com\/wp-content\/uploads\/2018\/05\/CMP-USA-Staff-2015-image-break-300x82.jpg 300w, https:\/\/www.c-m-p.com\/wp-content\/uploads\/2018\/05\/CMP-USA-Staff-2015-image-break-768x210.jpg 768w, https:\/\/www.c-m-p.com\/wp-content\/uploads\/2018\/05\/CMP-USA-Staff-2015-image-break-1024x280.jpg 1024w, https:\/\/www.c-m-p.com\/wp-content\/uploads\/2018\/05\/CMP-USA-Staff-2015-image-break-568x155.jpg 568w, https:\/\/www.c-m-p.com\/wp-content\/uploads\/2018\/05\/CMP-USA-Staff-2015-image-break-235x64.jpg 235w, https:\/\/www.c-m-p.com\/wp-content\/uploads\/2018\/05\/CMP-USA-Staff-2015-image-break-307x84.jpg 307w\" sizes=\"auto, (max-width: 1200px) 100vw, 1200px\" \/><br \/>\nCMP emploie plus de 600 personnes \u00e0 travers le monde qui se consacrent \u00e0 des produits de qualit\u00e9, \u00e0 un service client exceptionnel et \u00e0 un approvisionnement fiable. Chaque d\u00e9partement &#8211; de la conception \u00e0 la livraison &#8211; s&#8217;efforce de d\u00e9passer toutes les attentes de nos clients. Nos employ\u00e9s font la diff\u00e9rence dans les d\u00e9tails. C&#8217;est pourquoi nous disons que &#8220;tout compte&#8221;.<\/p>\n<p>Nous sommes en pleine croissance et toujours \u00e0 la recherche de personnes talentueuses et motiv\u00e9es pour se joindre \u00e0 notre \u00e9quipe. Nous offrons des salaires comp\u00e9titifs et des avantages sociaux solides.<br \/>\n<iframe loading=\"lazy\" \"align=center\" style=\"width: 100%; height: 900px; border: none;\" src=\"https:\/\/recruiting.paylocity.com\/recruiting\/jobs\/All\/a4fb8d19-d427-414a-83ce-e300c9717630\/CUSTOM-MOLDED-PRODUCTS\" width=\"100%\" height=\"900px\"><\/p>\n","protected":false},"excerpt":{"rendered":"<p>REJOIGNEZ L&#8217;\u00c9QUIPE CMP CMP emploie plus de 600 personnes \u00e0 travers le monde qui se consacrent \u00e0 des produits de qualit\u00e9, \u00e0 un service client exceptionnel et \u00e0 un approvisionnement fiable. Chaque d\u00e9partement &#8211; de la conception \u00e0 la livraison &#8211; s&#8217;efforce de d\u00e9passer toutes les attentes de nos clients. Nos employ\u00e9s font la diff\u00e9rence&#8230;  <a href=\"https:\/\/www.c-m-p.com\/fr\/carrieres\/\" title=\"Read REJOIGNEZ L&#8217;\u00c9QUIPE CMP\">Read more &raquo;<\/a><\/p>\n","protected":false},"author":9,"featured_media":0,"parent":0,"menu_order":0,"comment_status":"closed","ping_status":"closed","template":"rci-flex-template.php","meta":{"_acf_changed":false,"_oasis_is_in_workflow":0,"_oasis_original":0,"_mi_skip_tracking":false,"_monsterinsights_sitenote_active":false,"_monsterinsights_sitenote_note":"","_monsterinsights_sitenote_category":0,"footnotes":""},"class_list":["post-63824","page","type-page","status-publish","hentry"],"acf":[],"yoast_head":"<!-- This site is optimized with the Yoast SEO plugin v27.2 - https:\/\/yoast.com\/product\/yoast-seo-wordpress\/ -->\n<title>REJOIGNEZ L&#039;\u00c9QUIPE CMP - CMP<\/title>\n<meta name=\"robots\" content=\"index, follow, max-snippet:-1, max-image-preview:large, max-video-preview:-1\" \/>\n<link rel=\"canonical\" href=\"https:\/\/c-m-p.com\/fr\/carrieres\/\" \/>\n<meta property=\"og:locale\" content=\"fr_FR\" \/>\n<meta property=\"og:type\" content=\"article\" \/>\n<meta property=\"og:title\" content=\"REJOIGNEZ L&#039;\u00c9QUIPE CMP - CMP\" \/>\n<meta property=\"og:description\" content=\"REJOIGNEZ L&#8217;\u00c9QUIPE CMP CMP emploie plus de 600 personnes \u00e0 travers le monde qui se consacrent \u00e0 des produits de qualit\u00e9, \u00e0 un service client exceptionnel et \u00e0 un approvisionnement fiable. Chaque d\u00e9partement &#8211; de la conception \u00e0 la livraison &#8211; s&#8217;efforce de d\u00e9passer toutes les attentes de nos clients. Nos employ\u00e9s font la diff\u00e9rence... Read more &raquo;\" \/>\n<meta property=\"og:url\" content=\"https:\/\/c-m-p.com\/fr\/carrieres\/\" \/>\n<meta property=\"og:site_name\" content=\"CMP\" \/>\n<meta property=\"article:modified_time\" content=\"2021-07-15T13:17:28+00:00\" \/>\n<meta property=\"og:image\" content=\"https:\/\/c-m-p.com\/wp-content\/uploads\/2018\/05\/CMP-USA-Staff-2015-image-break.jpg\" \/>\n<script type=\"application\/ld+json\" class=\"yoast-schema-graph\">{\"@context\":\"https:\/\/schema.org\",\"@graph\":[{\"@type\":\"WebPage\",\"@id\":\"https:\/\/c-m-p.com\/fr\/carrieres\/\",\"url\":\"https:\/\/c-m-p.com\/fr\/carrieres\/\",\"name\":\"REJOIGNEZ L'\u00c9QUIPE CMP - CMP\",\"isPartOf\":{\"@id\":\"https:\/\/c-m-p.com\/#website\"},\"primaryImageOfPage\":{\"@id\":\"https:\/\/c-m-p.com\/fr\/carrieres\/#primaryimage\"},\"image\":{\"@id\":\"https:\/\/c-m-p.com\/fr\/carrieres\/#primaryimage\"},\"thumbnailUrl\":\"https:\/\/www.c-m-p.com\/wp-content\/uploads\/2018\/05\/CMP-USA-Staff-2015-image-break.jpg\",\"datePublished\":\"2015-07-31T15:36:34+00:00\",\"dateModified\":\"2021-07-15T13:17:28+00:00\",\"breadcrumb\":{\"@id\":\"https:\/\/c-m-p.com\/fr\/carrieres\/#breadcrumb\"},\"inLanguage\":\"fr-FR\",\"potentialAction\":[{\"@type\":\"ReadAction\",\"target\":[\"https:\/\/c-m-p.com\/fr\/carrieres\/\"]}]},{\"@type\":\"ImageObject\",\"inLanguage\":\"fr-FR\",\"@id\":\"https:\/\/c-m-p.com\/fr\/carrieres\/#primaryimage\",\"url\":\"https:\/\/www.c-m-p.com\/wp-content\/uploads\/2018\/05\/CMP-USA-Staff-2015-image-break.jpg\",\"contentUrl\":\"https:\/\/www.c-m-p.com\/wp-content\/uploads\/2018\/05\/CMP-USA-Staff-2015-image-break.jpg\"},{\"@type\":\"BreadcrumbList\",\"@id\":\"https:\/\/c-m-p.com\/fr\/carrieres\/#breadcrumb\",\"itemListElement\":[{\"@type\":\"ListItem\",\"position\":1,\"name\":\"Home\",\"item\":\"https:\/\/c-m-p.com\/fr\/\"},{\"@type\":\"ListItem\",\"position\":2,\"name\":\"REJOIGNEZ L&#8217;\u00c9QUIPE CMP\"}]},{\"@type\":\"WebSite\",\"@id\":\"https:\/\/c-m-p.com\/#website\",\"url\":\"https:\/\/c-m-p.com\/\",\"name\":\"CMP\",\"description\":\"Pool Products, Spa and Hot Tub Products\",\"publisher\":{\"@id\":\"https:\/\/c-m-p.com\/#organization\"},\"potentialAction\":[{\"@type\":\"SearchAction\",\"target\":{\"@type\":\"EntryPoint\",\"urlTemplate\":\"https:\/\/c-m-p.com\/?s={search_term_string}\"},\"query-input\":{\"@type\":\"PropertyValueSpecification\",\"valueRequired\":true,\"valueName\":\"search_term_string\"}}],\"inLanguage\":\"fr-FR\"},{\"@type\":\"Organization\",\"@id\":\"https:\/\/c-m-p.com\/#organization\",\"name\":\"CMP Pool & Spa Products\",\"url\":\"https:\/\/c-m-p.com\/\",\"logo\":{\"@type\":\"ImageObject\",\"inLanguage\":\"fr-FR\",\"@id\":\"https:\/\/c-m-p.com\/#\/schema\/logo\/image\/\",\"url\":\"https:\/\/43ab809dfe.nxcli.io\/wp-content\/uploads\/2013\/10\/2013-CMP-Logo.jpg\",\"contentUrl\":\"https:\/\/43ab809dfe.nxcli.io\/wp-content\/uploads\/2013\/10\/2013-CMP-Logo.jpg\",\"width\":1000,\"height\":247,\"caption\":\"CMP Pool & Spa Products\"},\"image\":{\"@id\":\"https:\/\/c-m-p.com\/#\/schema\/logo\/image\/\"}}]}<\/script>\n<!-- \/ Yoast SEO plugin. -->","yoast_head_json":{"title":"REJOIGNEZ L'\u00c9QUIPE CMP - CMP","robots":{"index":"index","follow":"follow","max-snippet":"max-snippet:-1","max-image-preview":"max-image-preview:large","max-video-preview":"max-video-preview:-1"},"canonical":"https:\/\/c-m-p.com\/fr\/carrieres\/","og_locale":"fr_FR","og_type":"article","og_title":"REJOIGNEZ L'\u00c9QUIPE CMP - CMP","og_description":"REJOIGNEZ L&#8217;\u00c9QUIPE CMP CMP emploie plus de 600 personnes \u00e0 travers le monde qui se consacrent \u00e0 des produits de qualit\u00e9, \u00e0 un service client exceptionnel et \u00e0 un approvisionnement fiable. Chaque d\u00e9partement &#8211; de la conception \u00e0 la livraison &#8211; s&#8217;efforce de d\u00e9passer toutes les attentes de nos clients. Nos employ\u00e9s font la diff\u00e9rence... Read more &raquo;","og_url":"https:\/\/c-m-p.com\/fr\/carrieres\/","og_site_name":"CMP","article_modified_time":"2021-07-15T13:17:28+00:00","og_image":[{"url":"https:\/\/c-m-p.com\/wp-content\/uploads\/2018\/05\/CMP-USA-Staff-2015-image-break.jpg","type":"","width":"","height":""}],"schema":{"@context":"https:\/\/schema.org","@graph":[{"@type":"WebPage","@id":"https:\/\/c-m-p.com\/fr\/carrieres\/","url":"https:\/\/c-m-p.com\/fr\/carrieres\/","name":"REJOIGNEZ L'\u00c9QUIPE CMP - CMP","isPartOf":{"@id":"https:\/\/c-m-p.com\/#website"},"primaryImageOfPage":{"@id":"https:\/\/c-m-p.com\/fr\/carrieres\/#primaryimage"},"image":{"@id":"https:\/\/c-m-p.com\/fr\/carrieres\/#primaryimage"},"thumbnailUrl":"https:\/\/www.c-m-p.com\/wp-content\/uploads\/2018\/05\/CMP-USA-Staff-2015-image-break.jpg","datePublished":"2015-07-31T15:36:34+00:00","dateModified":"2021-07-15T13:17:28+00:00","breadcrumb":{"@id":"https:\/\/c-m-p.com\/fr\/carrieres\/#breadcrumb"},"inLanguage":"fr-FR","potentialAction":[{"@type":"ReadAction","target":["https:\/\/c-m-p.com\/fr\/carrieres\/"]}]},{"@type":"ImageObject","inLanguage":"fr-FR","@id":"https:\/\/c-m-p.com\/fr\/carrieres\/#primaryimage","url":"https:\/\/www.c-m-p.com\/wp-content\/uploads\/2018\/05\/CMP-USA-Staff-2015-image-break.jpg","contentUrl":"https:\/\/www.c-m-p.com\/wp-content\/uploads\/2018\/05\/CMP-USA-Staff-2015-image-break.jpg"},{"@type":"BreadcrumbList","@id":"https:\/\/c-m-p.com\/fr\/carrieres\/#breadcrumb","itemListElement":[{"@type":"ListItem","position":1,"name":"Home","item":"https:\/\/c-m-p.com\/fr\/"},{"@type":"ListItem","position":2,"name":"REJOIGNEZ L&#8217;\u00c9QUIPE CMP"}]},{"@type":"WebSite","@id":"https:\/\/c-m-p.com\/#website","url":"https:\/\/c-m-p.com\/","name":"CMP","description":"Pool Products, Spa and Hot Tub Products","publisher":{"@id":"https:\/\/c-m-p.com\/#organization"},"potentialAction":[{"@type":"SearchAction","target":{"@type":"EntryPoint","urlTemplate":"https:\/\/c-m-p.com\/?s={search_term_string}"},"query-input":{"@type":"PropertyValueSpecification","valueRequired":true,"valueName":"search_term_string"}}],"inLanguage":"fr-FR"},{"@type":"Organization","@id":"https:\/\/c-m-p.com\/#organization","name":"CMP Pool & Spa Products","url":"https:\/\/c-m-p.com\/","logo":{"@type":"ImageObject","inLanguage":"fr-FR","@id":"https:\/\/c-m-p.com\/#\/schema\/logo\/image\/","url":"https:\/\/43ab809dfe.nxcli.io\/wp-content\/uploads\/2013\/10\/2013-CMP-Logo.jpg","contentUrl":"https:\/\/43ab809dfe.nxcli.io\/wp-content\/uploads\/2013\/10\/2013-CMP-Logo.jpg","width":1000,"height":247,"caption":"CMP Pool & Spa Products"},"image":{"@id":"https:\/\/c-m-p.com\/#\/schema\/logo\/image\/"}}]}},"_links":{"self":[{"href":"https:\/\/www.c-m-p.com\/fr\/wp-json\/wp\/v2\/pages\/63824","targetHints":{"allow":["GET"]}}],"collection":[{"href":"https:\/\/www.c-m-p.com\/fr\/wp-json\/wp\/v2\/pages"}],"about":[{"href":"https:\/\/www.c-m-p.com\/fr\/wp-json\/wp\/v2\/types\/page"}],"author":[{"embeddable":true,"href":"https:\/\/www.c-m-p.com\/fr\/wp-json\/wp\/v2\/users\/9"}],"replies":[{"embeddable":true,"href":"https:\/\/www.c-m-p.com\/fr\/wp-json\/wp\/v2\/comments?post=63824"}],"version-history":[{"count":0,"href":"https:\/\/www.c-m-p.com\/fr\/wp-json\/wp\/v2\/pages\/63824\/revisions"}],"wp:attachment":[{"href":"https:\/\/www.c-m-p.com\/fr\/wp-json\/wp\/v2\/media?parent=63824"}],"curies":[{"name":"wp","href":"https:\/\/api.w.org\/{rel}","templated":true}]}}