{"id":63876,"date":"2014-03-20T09:31:25","date_gmt":"2014-03-20T14:31:25","guid":{"rendered":"https:\/\/43ab809dfe.nxcli.io\/catalog\/"},"modified":"2021-07-15T08:53:10","modified_gmt":"2021-07-15T13:53:10","slug":"catalogue","status":"publish","type":"page","link":"https:\/\/www.c-m-p.com\/fr\/catalogue\/","title":{"rendered":"Catalogues de produits CMP"},"content":{"rendered":"<p>CATALOGUES DE PRODUITS CMP<br \/>\n<img decoding=\"async\" width=\"200\" height=\"200\" src=\"https:\/\/www.c-m-p.com\/wp-content\/uploads\/2020\/12\/pool-cat-cover-feature-circle-21.jpg\" class=\"attachment-full size-full\" alt=\"\" loading=\"lazy\" srcset=\"https:\/\/www.c-m-p.com\/wp-content\/uploads\/2020\/12\/pool-cat-cover-feature-circle-21.jpg 200w, https:\/\/www.c-m-p.com\/wp-content\/uploads\/2020\/12\/pool-cat-cover-feature-circle-21-150x150.jpg 150w\" sizes=\"auto, (max-width: 200px) 100vw, 200px\" \/><br \/>\n<img decoding=\"async\" width=\"826\" height=\"702\" src=\"https:\/\/www.c-m-p.com\/wp-content\/uploads\/2019\/08\/CMP-Spa-Catalog.png\" class=\"attachment-full size-full\" alt=\"\" loading=\"lazy\" srcset=\"https:\/\/www.c-m-p.com\/wp-content\/uploads\/2019\/08\/CMP-Spa-Catalog.png 826w, https:\/\/www.c-m-p.com\/wp-content\/uploads\/2019\/08\/CMP-Spa-Catalog-300x255.png 300w, https:\/\/www.c-m-p.com\/wp-content\/uploads\/2019\/08\/CMP-Spa-Catalog-768x653.png 768w, https:\/\/www.c-m-p.com\/wp-content\/uploads\/2019\/08\/CMP-Spa-Catalog-568x483.png 568w, https:\/\/www.c-m-p.com\/wp-content\/uploads\/2019\/08\/CMP-Spa-Catalog-235x200.png 235w, https:\/\/www.c-m-p.com\/wp-content\/uploads\/2019\/08\/CMP-Spa-Catalog-307x261.png 307w\" sizes=\"auto, (max-width: 826px) 100vw, 826px\" \/><br \/>\n<img decoding=\"async\" width=\"826\" height=\"702\" src=\"https:\/\/www.c-m-p.com\/wp-content\/uploads\/2019\/08\/CMP-Bath-Catalog.png\" class=\"attachment-full size-full\" alt=\"\" loading=\"lazy\" srcset=\"https:\/\/www.c-m-p.com\/wp-content\/uploads\/2019\/08\/CMP-Bath-Catalog.png 826w, https:\/\/www.c-m-p.com\/wp-content\/uploads\/2019\/08\/CMP-Bath-Catalog-300x255.png 300w, https:\/\/www.c-m-p.com\/wp-content\/uploads\/2019\/08\/CMP-Bath-Catalog-768x653.png 768w, https:\/\/www.c-m-p.com\/wp-content\/uploads\/2019\/08\/CMP-Bath-Catalog-568x483.png 568w, https:\/\/www.c-m-p.com\/wp-content\/uploads\/2019\/08\/CMP-Bath-Catalog-235x200.png 235w, https:\/\/www.c-m-p.com\/wp-content\/uploads\/2019\/08\/CMP-Bath-Catalog-307x261.png 307w\" sizes=\"auto, (max-width: 826px) 100vw, 826px\" \/><br \/>\nNOTRE CATALOGUE A \u00c9T\u00c9 CON\u00c7U POUR VOUS<br \/>\nLes catalogues CMP sont con\u00e7us pour \u00eatre l&#8217;un des meilleurs outils de l&#8217;industrie. Cela comprend des photographies de produits en couleur de haute qualit\u00e9, de meilleures mises en page, plus de num\u00e9ros de produits et plus encore. Tout cela fait partie de l&#8217;orientation de notre marque \u00e0 l&#8217;\u00e9chelle de l&#8217;entreprise qui a commenc\u00e9 par la d\u00e9claration \u00ab\u00a0tout compte\u00a0\u00bb.<\/p>\n<p>Nos catalogues continueront d&#8217;\u00eatre un outil \u00e9volutif, tout comme notre site Web, pour s&#8217;interfacer avec les produits et les donn\u00e9es techniques de CMP.<br \/>\nPour demander un catalogue imprim\u00e9, <span style=\"color: #ff0000;\"><a title=\"Request Info\" href=\"https:\/\/www.c-m-p.com\/fr\/service-clients\/\">contactez le service client CMP. <\/a><\/span><\/p>\n","protected":false},"excerpt":{"rendered":"<p>CATALOGUES DE PRODUITS CMP NOTRE CATALOGUE A \u00c9T\u00c9 CON\u00c7U POUR VOUS Les catalogues CMP sont con\u00e7us pour \u00eatre l&#8217;un des meilleurs outils de l&#8217;industrie. Cela comprend des photographies de produits en couleur de haute qualit\u00e9, de meilleures mises en page, plus de num\u00e9ros de produits et plus encore. Tout cela fait partie de l&#8217;orientation de&#8230;  <a href=\"https:\/\/www.c-m-p.com\/fr\/catalogue\/\" title=\"Read Catalogues de produits CMP\">Read more &raquo;<\/a><\/p>\n","protected":false},"author":4,"featured_media":63878,"parent":0,"menu_order":0,"comment_status":"open","ping_status":"open","template":"rci-flex-template.php","meta":{"_acf_changed":false,"_oasis_is_in_workflow":0,"_oasis_original":0,"_mi_skip_tracking":false,"_monsterinsights_sitenote_active":false,"_monsterinsights_sitenote_note":"","_monsterinsights_sitenote_category":0,"footnotes":""},"class_list":["post-63876","page","type-page","status-publish","has-post-thumbnail","hentry"],"acf":[],"yoast_head":"<!-- This site is optimized with the Yoast SEO plugin v27.2 - https:\/\/yoast.com\/product\/yoast-seo-wordpress\/ -->\n<title>Catalogues de produits CMP - CMP<\/title>\n<meta name=\"robots\" content=\"index, follow, max-snippet:-1, max-image-preview:large, max-video-preview:-1\" \/>\n<link rel=\"canonical\" href=\"https:\/\/c-m-p.com\/fr\/catalogue\/\" \/>\n<meta property=\"og:locale\" content=\"fr_FR\" \/>\n<meta property=\"og:type\" content=\"article\" \/>\n<meta property=\"og:title\" content=\"Catalogues de produits CMP - CMP\" \/>\n<meta property=\"og:description\" content=\"CATALOGUES DE PRODUITS CMP NOTRE CATALOGUE A \u00c9T\u00c9 CON\u00c7U POUR VOUS Les catalogues CMP sont con\u00e7us pour \u00eatre l&#8217;un des meilleurs outils de l&#8217;industrie. Cela comprend des photographies de produits en couleur de haute qualit\u00e9, de meilleures mises en page, plus de num\u00e9ros de produits et plus encore. Tout cela fait partie de l&#8217;orientation de... Read more &raquo;\" \/>\n<meta property=\"og:url\" content=\"https:\/\/c-m-p.com\/fr\/catalogue\/\" \/>\n<meta property=\"og:site_name\" content=\"CMP\" \/>\n<meta property=\"article:modified_time\" content=\"2021-07-15T13:53:10+00:00\" \/>\n<meta property=\"og:image\" content=\"https:\/\/c-m-p.com\/wp-content\/uploads\/2014\/03\/generic-catalog-feature-image.png\" \/>\n\t<meta property=\"og:image:width\" content=\"600\" \/>\n\t<meta property=\"og:image:height\" content=\"334\" \/>\n\t<meta property=\"og:image:type\" content=\"image\/png\" \/>\n<meta name=\"twitter:label1\" content=\"Est. reading time\" \/>\n\t<meta name=\"twitter:data1\" content=\"1 minute\" \/>\n<script type=\"application\/ld+json\" class=\"yoast-schema-graph\">{\"@context\":\"https:\/\/schema.org\",\"@graph\":[{\"@type\":\"WebPage\",\"@id\":\"https:\/\/c-m-p.com\/fr\/catalogue\/\",\"url\":\"https:\/\/c-m-p.com\/fr\/catalogue\/\",\"name\":\"Catalogues de produits CMP - CMP\",\"isPartOf\":{\"@id\":\"https:\/\/c-m-p.com\/#website\"},\"primaryImageOfPage\":{\"@id\":\"https:\/\/c-m-p.com\/fr\/catalogue\/#primaryimage\"},\"image\":{\"@id\":\"https:\/\/c-m-p.com\/fr\/catalogue\/#primaryimage\"},\"thumbnailUrl\":\"https:\/\/www.c-m-p.com\/wp-content\/uploads\/2014\/03\/generic-catalog-feature-image.png\",\"datePublished\":\"2014-03-20T14:31:25+00:00\",\"dateModified\":\"2021-07-15T13:53:10+00:00\",\"breadcrumb\":{\"@id\":\"https:\/\/c-m-p.com\/fr\/catalogue\/#breadcrumb\"},\"inLanguage\":\"fr-FR\",\"potentialAction\":[{\"@type\":\"ReadAction\",\"target\":[\"https:\/\/c-m-p.com\/fr\/catalogue\/\"]}]},{\"@type\":\"ImageObject\",\"inLanguage\":\"fr-FR\",\"@id\":\"https:\/\/c-m-p.com\/fr\/catalogue\/#primaryimage\",\"url\":\"https:\/\/www.c-m-p.com\/wp-content\/uploads\/2014\/03\/generic-catalog-feature-image.png\",\"contentUrl\":\"https:\/\/www.c-m-p.com\/wp-content\/uploads\/2014\/03\/generic-catalog-feature-image.png\",\"width\":600,\"height\":334},{\"@type\":\"BreadcrumbList\",\"@id\":\"https:\/\/c-m-p.com\/fr\/catalogue\/#breadcrumb\",\"itemListElement\":[{\"@type\":\"ListItem\",\"position\":1,\"name\":\"Home\",\"item\":\"https:\/\/c-m-p.com\/fr\/\"},{\"@type\":\"ListItem\",\"position\":2,\"name\":\"Catalogues de produits CMP\"}]},{\"@type\":\"WebSite\",\"@id\":\"https:\/\/c-m-p.com\/#website\",\"url\":\"https:\/\/c-m-p.com\/\",\"name\":\"CMP\",\"description\":\"Pool Products, Spa and Hot Tub Products\",\"publisher\":{\"@id\":\"https:\/\/c-m-p.com\/#organization\"},\"potentialAction\":[{\"@type\":\"SearchAction\",\"target\":{\"@type\":\"EntryPoint\",\"urlTemplate\":\"https:\/\/c-m-p.com\/?s={search_term_string}\"},\"query-input\":{\"@type\":\"PropertyValueSpecification\",\"valueRequired\":true,\"valueName\":\"search_term_string\"}}],\"inLanguage\":\"fr-FR\"},{\"@type\":\"Organization\",\"@id\":\"https:\/\/c-m-p.com\/#organization\",\"name\":\"CMP Pool & Spa Products\",\"url\":\"https:\/\/c-m-p.com\/\",\"logo\":{\"@type\":\"ImageObject\",\"inLanguage\":\"fr-FR\",\"@id\":\"https:\/\/c-m-p.com\/#\/schema\/logo\/image\/\",\"url\":\"https:\/\/43ab809dfe.nxcli.io\/wp-content\/uploads\/2013\/10\/2013-CMP-Logo.jpg\",\"contentUrl\":\"https:\/\/43ab809dfe.nxcli.io\/wp-content\/uploads\/2013\/10\/2013-CMP-Logo.jpg\",\"width\":1000,\"height\":247,\"caption\":\"CMP Pool & Spa Products\"},\"image\":{\"@id\":\"https:\/\/c-m-p.com\/#\/schema\/logo\/image\/\"}}]}<\/script>\n<!-- \/ Yoast SEO plugin. -->","yoast_head_json":{"title":"Catalogues de produits CMP - CMP","robots":{"index":"index","follow":"follow","max-snippet":"max-snippet:-1","max-image-preview":"max-image-preview:large","max-video-preview":"max-video-preview:-1"},"canonical":"https:\/\/c-m-p.com\/fr\/catalogue\/","og_locale":"fr_FR","og_type":"article","og_title":"Catalogues de produits CMP - CMP","og_description":"CATALOGUES DE PRODUITS CMP NOTRE CATALOGUE A \u00c9T\u00c9 CON\u00c7U POUR VOUS Les catalogues CMP sont con\u00e7us pour \u00eatre l&#8217;un des meilleurs outils de l&#8217;industrie. Cela comprend des photographies de produits en couleur de haute qualit\u00e9, de meilleures mises en page, plus de num\u00e9ros de produits et plus encore. Tout cela fait partie de l&#8217;orientation de... Read more &raquo;","og_url":"https:\/\/c-m-p.com\/fr\/catalogue\/","og_site_name":"CMP","article_modified_time":"2021-07-15T13:53:10+00:00","og_image":[{"width":600,"height":334,"url":"https:\/\/c-m-p.com\/wp-content\/uploads\/2014\/03\/generic-catalog-feature-image.png","type":"image\/png"}],"twitter_misc":{"Est. reading time":"1 minute"},"schema":{"@context":"https:\/\/schema.org","@graph":[{"@type":"WebPage","@id":"https:\/\/c-m-p.com\/fr\/catalogue\/","url":"https:\/\/c-m-p.com\/fr\/catalogue\/","name":"Catalogues de produits CMP - CMP","isPartOf":{"@id":"https:\/\/c-m-p.com\/#website"},"primaryImageOfPage":{"@id":"https:\/\/c-m-p.com\/fr\/catalogue\/#primaryimage"},"image":{"@id":"https:\/\/c-m-p.com\/fr\/catalogue\/#primaryimage"},"thumbnailUrl":"https:\/\/www.c-m-p.com\/wp-content\/uploads\/2014\/03\/generic-catalog-feature-image.png","datePublished":"2014-03-20T14:31:25+00:00","dateModified":"2021-07-15T13:53:10+00:00","breadcrumb":{"@id":"https:\/\/c-m-p.com\/fr\/catalogue\/#breadcrumb"},"inLanguage":"fr-FR","potentialAction":[{"@type":"ReadAction","target":["https:\/\/c-m-p.com\/fr\/catalogue\/"]}]},{"@type":"ImageObject","inLanguage":"fr-FR","@id":"https:\/\/c-m-p.com\/fr\/catalogue\/#primaryimage","url":"https:\/\/www.c-m-p.com\/wp-content\/uploads\/2014\/03\/generic-catalog-feature-image.png","contentUrl":"https:\/\/www.c-m-p.com\/wp-content\/uploads\/2014\/03\/generic-catalog-feature-image.png","width":600,"height":334},{"@type":"BreadcrumbList","@id":"https:\/\/c-m-p.com\/fr\/catalogue\/#breadcrumb","itemListElement":[{"@type":"ListItem","position":1,"name":"Home","item":"https:\/\/c-m-p.com\/fr\/"},{"@type":"ListItem","position":2,"name":"Catalogues de produits CMP"}]},{"@type":"WebSite","@id":"https:\/\/c-m-p.com\/#website","url":"https:\/\/c-m-p.com\/","name":"CMP","description":"Pool Products, Spa and Hot Tub Products","publisher":{"@id":"https:\/\/c-m-p.com\/#organization"},"potentialAction":[{"@type":"SearchAction","target":{"@type":"EntryPoint","urlTemplate":"https:\/\/c-m-p.com\/?s={search_term_string}"},"query-input":{"@type":"PropertyValueSpecification","valueRequired":true,"valueName":"search_term_string"}}],"inLanguage":"fr-FR"},{"@type":"Organization","@id":"https:\/\/c-m-p.com\/#organization","name":"CMP Pool & Spa Products","url":"https:\/\/c-m-p.com\/","logo":{"@type":"ImageObject","inLanguage":"fr-FR","@id":"https:\/\/c-m-p.com\/#\/schema\/logo\/image\/","url":"https:\/\/43ab809dfe.nxcli.io\/wp-content\/uploads\/2013\/10\/2013-CMP-Logo.jpg","contentUrl":"https:\/\/43ab809dfe.nxcli.io\/wp-content\/uploads\/2013\/10\/2013-CMP-Logo.jpg","width":1000,"height":247,"caption":"CMP Pool & Spa Products"},"image":{"@id":"https:\/\/c-m-p.com\/#\/schema\/logo\/image\/"}}]}},"_links":{"self":[{"href":"https:\/\/www.c-m-p.com\/fr\/wp-json\/wp\/v2\/pages\/63876","targetHints":{"allow":["GET"]}}],"collection":[{"href":"https:\/\/www.c-m-p.com\/fr\/wp-json\/wp\/v2\/pages"}],"about":[{"href":"https:\/\/www.c-m-p.com\/fr\/wp-json\/wp\/v2\/types\/page"}],"author":[{"embeddable":true,"href":"https:\/\/www.c-m-p.com\/fr\/wp-json\/wp\/v2\/users\/4"}],"replies":[{"embeddable":true,"href":"https:\/\/www.c-m-p.com\/fr\/wp-json\/wp\/v2\/comments?post=63876"}],"version-history":[{"count":0,"href":"https:\/\/www.c-m-p.com\/fr\/wp-json\/wp\/v2\/pages\/63876\/revisions"}],"wp:featuredmedia":[{"embeddable":true,"href":"https:\/\/www.c-m-p.com\/fr\/wp-json\/wp\/v2\/media\/63878"}],"wp:attachment":[{"href":"https:\/\/www.c-m-p.com\/fr\/wp-json\/wp\/v2\/media?parent=63876"}],"curies":[{"name":"wp","href":"https:\/\/api.w.org\/{rel}","templated":true}]}}