{"id":63887,"date":"2013-08-02T15:43:52","date_gmt":"2013-08-02T20:43:52","guid":{"rendered":"https:\/\/43ab809dfe.nxcli.io\/warranty\/"},"modified":"2021-07-15T08:18:21","modified_gmt":"2021-07-15T13:18:21","slug":"garantie","status":"publish","type":"page","link":"https:\/\/www.c-m-p.com\/fr\/support\/garantie\/","title":{"rendered":"garantie"},"content":{"rendered":"<p>RETOUR AU SUPPORT<br \/>\n\/fr\/support\/<br \/>\n<img decoding=\"async\" width=\"100\" height=\"100\" src=\"https:\/\/www.c-m-p.com\/wp-content\/uploads\/2018\/05\/left-arrow-icon.png\" class=\"attachment-full size-full\" alt=\"\" loading=\"lazy\" \/><br \/>\nGARANTIE STANDARD CMP<\/p>\n<p class=\"p1\">Custom Molded Products garantit que ses produits sont exempts de d\u00e9fauts de mat\u00e9riaux et de fabrication pendant un (1) an \u00e0 compter de la date d&#8217;achat d&#8217;origine du produit Custom Molded Products, sauf indication contraire.<\/p>\n<p class=\"p1\">Cette garantie limit\u00e9e ne s&#8217;applique pas aux composants fabriqu\u00e9s par d&#8217;autres ou aux dommages caus\u00e9s aux produits fabriqu\u00e9s par Custom Molded Products, LLC si ces dommages sont caus\u00e9s par des composants fabriqu\u00e9s par d&#8217;autres. Pour les composants fabriqu\u00e9s par d&#8217;autres, la garantie \u00e9tablie par ce fabricant respectif, le cas \u00e9ch\u00e9ant, sera applicable.<\/p>\n<p><strong>Exceptions \u00e0 la garantie CMP standard d&#8217;un (1) an<\/strong><\/p>\n<ul>\n<li class=\"p3\"><strong>DEL UV-C 50\u00a0: 2 ans de garantie<\/strong><\/li>\n<li class=\"p3\"><strong>Ampoules UV-C pour DEL AOP &amp; UV-C 50\u00a0: 18 mois<\/strong><\/li>\n<li class=\"p3\"><strong>Powerclean\u00ae Salt Ultra\u00a0: 3\u00a0ans de garantie<\/strong><\/li>\n<li class=\"p3\"><strong>Remplacement pour cellule H-Style &#8220;15&#8221;\u00a0: 2 ans de garantie<\/strong><\/li>\n<\/ul>\n<p><strong>La garantie ne couvre pas\u00a0:<\/strong><\/p>\n<ul>\n<li class=\"p1\">Co\u00fbts encourus pour l&#8217;exp\u00e9dition ou le transport, le retrait et\/ou la r\u00e9installation (y compris, mais sans s&#8217;y limiter, les co\u00fbts de main-d&#8217;\u0153uvre) par rapport au produit de remplacement mis \u00e0 disposition par Custom Molded Products, LLC conform\u00e9ment \u00e0 cette garantie limit\u00e9e. <\/li>\n<li class=\"p1\">Les dommages ou le mauvais fonctionnement d&#8217;un produit r\u00e9gi par cette garantie limit\u00e9e dans la mesure o\u00f9 ils sont caus\u00e9s par un abus du client, une mauvaise utilisation, une n\u00e9gligence ou le non-respect des instructions d&#8217;installation ou d&#8217;utilisation.<\/li>\n<li class=\"p1\">Utilisation pour laquelle le produit n&#8217;est pas con\u00e7u.<\/li>\n<li class=\"p1\">Incendie, explosion, conditions m\u00e9t\u00e9orologiques ou catastrophes naturelles.<\/li>\n<li class=\"p1\">Installation d\u00e9fectueuse ou incorrecte.<\/li>\n<li class=\"p1\">Usure ordinaire.<\/li>\n<li class=\"p1\">Les dommages caus\u00e9s par des proc\u00e9dures d&#8217;entretien n\u00e9gligentes ou inappropri\u00e9es et d&#8217;autres causes non sp\u00e9cifi\u00e9es, hors du contr\u00f4le de Custom Molded Products, LLC.<\/li>\n<li class=\"p1\">Emballage inappropri\u00e9, reconditionnement ou dommages subis lors du transport.<\/li>\n<\/ul>\n<p><strong>Pour que cette garantie soit effective, vous devez\u00a0:<\/strong><\/p>\n<ul>\n<li class=\"p1\">Soyez l&#8217;acheteur initial du produit de Custom Molded Products, LLC.<\/li>\n<li class=\"p1\">N&#8217;avoir pas modifi\u00e9 structurellement, mal utilis\u00e9 ou mal appliqu\u00e9 le produit fabriqu\u00e9 par Custom Molded Products.<\/li>\n<li class=\"p1\">Avoir entretenu le produit Custom Molded Products conform\u00e9ment aux instructions de Custom Molded Products, LLC ou comme d\u00e9crit dans les documents d&#8217;entretien fournis par Custom Molded Products, LLC.<\/li>\n<li class=\"p1\">Avoir respect\u00e9 toutes les conditions de paiement du produit Custom Molded Products.<\/li>\n<li class=\"p1\">Faites votre r\u00e9clamation par \u00e9crit \u00e0 Custom Molded Products dans le d\u00e9lai pr\u00e9vu et conform\u00e9ment aux termes de cette garantie limit\u00e9e.<\/li>\n<\/ul>\n<p>CMP Warranty Full Text<\/p>\n","protected":false},"excerpt":{"rendered":"<p>RETOUR AU SUPPORT \/fr\/support\/ GARANTIE STANDARD CMP Custom Molded Products garantit que ses produits sont exempts de d\u00e9fauts de mat\u00e9riaux et de fabrication pendant un (1) an \u00e0 compter de la date d&#8217;achat d&#8217;origine du produit Custom Molded Products, sauf indication contraire. Cette garantie limit\u00e9e ne s&#8217;applique pas aux composants fabriqu\u00e9s par d&#8217;autres ou aux&#8230;  <a href=\"https:\/\/www.c-m-p.com\/fr\/support\/garantie\/\" title=\"Read garantie\">Read more &raquo;<\/a><\/p>\n","protected":false},"author":1,"featured_media":0,"parent":64029,"menu_order":0,"comment_status":"open","ping_status":"closed","template":"rci-flex-template.php","meta":{"_acf_changed":false,"_oasis_is_in_workflow":0,"_oasis_original":0,"_mi_skip_tracking":false,"_monsterinsights_sitenote_active":false,"_monsterinsights_sitenote_note":"","_monsterinsights_sitenote_category":0,"footnotes":""},"class_list":["post-63887","page","type-page","status-publish","hentry"],"acf":[],"yoast_head":"<!-- This site is optimized with the Yoast SEO plugin v27.2 - https:\/\/yoast.com\/product\/yoast-seo-wordpress\/ -->\n<title>garantie - CMP<\/title>\n<meta name=\"robots\" content=\"index, follow, max-snippet:-1, max-image-preview:large, max-video-preview:-1\" \/>\n<link rel=\"canonical\" href=\"https:\/\/www.c-m-p.com\/fr\/support\/garantie\/\" \/>\n<meta property=\"og:locale\" content=\"fr_FR\" \/>\n<meta property=\"og:type\" content=\"article\" \/>\n<meta property=\"og:title\" content=\"garantie - CMP\" \/>\n<meta property=\"og:description\" content=\"RETOUR AU SUPPORT \/fr\/support\/ GARANTIE STANDARD CMP Custom Molded Products garantit que ses produits sont exempts de d\u00e9fauts de mat\u00e9riaux et de fabrication pendant un (1) an \u00e0 compter de la date d&#8217;achat d&#8217;origine du produit Custom Molded Products, sauf indication contraire. Cette garantie limit\u00e9e ne s&#8217;applique pas aux composants fabriqu\u00e9s par d&#8217;autres ou aux... Read more &raquo;\" \/>\n<meta property=\"og:url\" content=\"https:\/\/www.c-m-p.com\/fr\/support\/garantie\/\" \/>\n<meta property=\"og:site_name\" content=\"CMP\" \/>\n<meta property=\"article:modified_time\" content=\"2021-07-15T13:18:21+00:00\" \/>\n<meta property=\"og:image\" content=\"https:\/\/c-m-p.com\/wp-content\/uploads\/2018\/05\/left-arrow-icon.png\" \/>\n<meta name=\"twitter:label1\" content=\"Est. reading time\" \/>\n\t<meta name=\"twitter:data1\" content=\"2 minutes\" \/>\n<script type=\"application\/ld+json\" class=\"yoast-schema-graph\">{\"@context\":\"https:\/\/schema.org\",\"@graph\":[{\"@type\":\"WebPage\",\"@id\":\"https:\/\/www.c-m-p.com\/fr\/support\/garantie\/\",\"url\":\"https:\/\/www.c-m-p.com\/fr\/support\/garantie\/\",\"name\":\"garantie - CMP\",\"isPartOf\":{\"@id\":\"https:\/\/c-m-p.com\/#website\"},\"primaryImageOfPage\":{\"@id\":\"https:\/\/www.c-m-p.com\/fr\/support\/garantie\/#primaryimage\"},\"image\":{\"@id\":\"https:\/\/www.c-m-p.com\/fr\/support\/garantie\/#primaryimage\"},\"thumbnailUrl\":\"https:\/\/www.c-m-p.com\/wp-content\/uploads\/2018\/05\/left-arrow-icon.png\",\"datePublished\":\"2013-08-02T20:43:52+00:00\",\"dateModified\":\"2021-07-15T13:18:21+00:00\",\"breadcrumb\":{\"@id\":\"https:\/\/www.c-m-p.com\/fr\/support\/garantie\/#breadcrumb\"},\"inLanguage\":\"fr-FR\",\"potentialAction\":[{\"@type\":\"ReadAction\",\"target\":[\"https:\/\/www.c-m-p.com\/fr\/support\/garantie\/\"]}]},{\"@type\":\"ImageObject\",\"inLanguage\":\"fr-FR\",\"@id\":\"https:\/\/www.c-m-p.com\/fr\/support\/garantie\/#primaryimage\",\"url\":\"https:\/\/www.c-m-p.com\/wp-content\/uploads\/2018\/05\/left-arrow-icon.png\",\"contentUrl\":\"https:\/\/www.c-m-p.com\/wp-content\/uploads\/2018\/05\/left-arrow-icon.png\"},{\"@type\":\"BreadcrumbList\",\"@id\":\"https:\/\/www.c-m-p.com\/fr\/support\/garantie\/#breadcrumb\",\"itemListElement\":[{\"@type\":\"ListItem\",\"position\":1,\"name\":\"Home\",\"item\":\"https:\/\/c-m-p.com\/fr\/\"},{\"@type\":\"ListItem\",\"position\":2,\"name\":\"Support\",\"item\":\"https:\/\/www.c-m-p.com\/fr\/support\/\"},{\"@type\":\"ListItem\",\"position\":3,\"name\":\"garantie\"}]},{\"@type\":\"WebSite\",\"@id\":\"https:\/\/c-m-p.com\/#website\",\"url\":\"https:\/\/c-m-p.com\/\",\"name\":\"CMP\",\"description\":\"Pool Products, Spa and Hot Tub Products\",\"publisher\":{\"@id\":\"https:\/\/c-m-p.com\/#organization\"},\"potentialAction\":[{\"@type\":\"SearchAction\",\"target\":{\"@type\":\"EntryPoint\",\"urlTemplate\":\"https:\/\/c-m-p.com\/?s={search_term_string}\"},\"query-input\":{\"@type\":\"PropertyValueSpecification\",\"valueRequired\":true,\"valueName\":\"search_term_string\"}}],\"inLanguage\":\"fr-FR\"},{\"@type\":\"Organization\",\"@id\":\"https:\/\/c-m-p.com\/#organization\",\"name\":\"CMP Pool & Spa Products\",\"url\":\"https:\/\/c-m-p.com\/\",\"logo\":{\"@type\":\"ImageObject\",\"inLanguage\":\"fr-FR\",\"@id\":\"https:\/\/c-m-p.com\/#\/schema\/logo\/image\/\",\"url\":\"https:\/\/43ab809dfe.nxcli.io\/wp-content\/uploads\/2013\/10\/2013-CMP-Logo.jpg\",\"contentUrl\":\"https:\/\/43ab809dfe.nxcli.io\/wp-content\/uploads\/2013\/10\/2013-CMP-Logo.jpg\",\"width\":1000,\"height\":247,\"caption\":\"CMP Pool & Spa Products\"},\"image\":{\"@id\":\"https:\/\/c-m-p.com\/#\/schema\/logo\/image\/\"}}]}<\/script>\n<!-- \/ Yoast SEO plugin. -->","yoast_head_json":{"title":"garantie - CMP","robots":{"index":"index","follow":"follow","max-snippet":"max-snippet:-1","max-image-preview":"max-image-preview:large","max-video-preview":"max-video-preview:-1"},"canonical":"https:\/\/www.c-m-p.com\/fr\/support\/garantie\/","og_locale":"fr_FR","og_type":"article","og_title":"garantie - CMP","og_description":"RETOUR AU SUPPORT \/fr\/support\/ GARANTIE STANDARD CMP Custom Molded Products garantit que ses produits sont exempts de d\u00e9fauts de mat\u00e9riaux et de fabrication pendant un (1) an \u00e0 compter de la date d&#8217;achat d&#8217;origine du produit Custom Molded Products, sauf indication contraire. Cette garantie limit\u00e9e ne s&#8217;applique pas aux composants fabriqu\u00e9s par d&#8217;autres ou aux... Read more &raquo;","og_url":"https:\/\/www.c-m-p.com\/fr\/support\/garantie\/","og_site_name":"CMP","article_modified_time":"2021-07-15T13:18:21+00:00","og_image":[{"url":"https:\/\/c-m-p.com\/wp-content\/uploads\/2018\/05\/left-arrow-icon.png","type":"","width":"","height":""}],"twitter_misc":{"Est. reading time":"2 minutes"},"schema":{"@context":"https:\/\/schema.org","@graph":[{"@type":"WebPage","@id":"https:\/\/www.c-m-p.com\/fr\/support\/garantie\/","url":"https:\/\/www.c-m-p.com\/fr\/support\/garantie\/","name":"garantie - CMP","isPartOf":{"@id":"https:\/\/c-m-p.com\/#website"},"primaryImageOfPage":{"@id":"https:\/\/www.c-m-p.com\/fr\/support\/garantie\/#primaryimage"},"image":{"@id":"https:\/\/www.c-m-p.com\/fr\/support\/garantie\/#primaryimage"},"thumbnailUrl":"https:\/\/www.c-m-p.com\/wp-content\/uploads\/2018\/05\/left-arrow-icon.png","datePublished":"2013-08-02T20:43:52+00:00","dateModified":"2021-07-15T13:18:21+00:00","breadcrumb":{"@id":"https:\/\/www.c-m-p.com\/fr\/support\/garantie\/#breadcrumb"},"inLanguage":"fr-FR","potentialAction":[{"@type":"ReadAction","target":["https:\/\/www.c-m-p.com\/fr\/support\/garantie\/"]}]},{"@type":"ImageObject","inLanguage":"fr-FR","@id":"https:\/\/www.c-m-p.com\/fr\/support\/garantie\/#primaryimage","url":"https:\/\/www.c-m-p.com\/wp-content\/uploads\/2018\/05\/left-arrow-icon.png","contentUrl":"https:\/\/www.c-m-p.com\/wp-content\/uploads\/2018\/05\/left-arrow-icon.png"},{"@type":"BreadcrumbList","@id":"https:\/\/www.c-m-p.com\/fr\/support\/garantie\/#breadcrumb","itemListElement":[{"@type":"ListItem","position":1,"name":"Home","item":"https:\/\/c-m-p.com\/fr\/"},{"@type":"ListItem","position":2,"name":"Support","item":"https:\/\/www.c-m-p.com\/fr\/support\/"},{"@type":"ListItem","position":3,"name":"garantie"}]},{"@type":"WebSite","@id":"https:\/\/c-m-p.com\/#website","url":"https:\/\/c-m-p.com\/","name":"CMP","description":"Pool Products, Spa and Hot Tub Products","publisher":{"@id":"https:\/\/c-m-p.com\/#organization"},"potentialAction":[{"@type":"SearchAction","target":{"@type":"EntryPoint","urlTemplate":"https:\/\/c-m-p.com\/?s={search_term_string}"},"query-input":{"@type":"PropertyValueSpecification","valueRequired":true,"valueName":"search_term_string"}}],"inLanguage":"fr-FR"},{"@type":"Organization","@id":"https:\/\/c-m-p.com\/#organization","name":"CMP Pool & Spa Products","url":"https:\/\/c-m-p.com\/","logo":{"@type":"ImageObject","inLanguage":"fr-FR","@id":"https:\/\/c-m-p.com\/#\/schema\/logo\/image\/","url":"https:\/\/43ab809dfe.nxcli.io\/wp-content\/uploads\/2013\/10\/2013-CMP-Logo.jpg","contentUrl":"https:\/\/43ab809dfe.nxcli.io\/wp-content\/uploads\/2013\/10\/2013-CMP-Logo.jpg","width":1000,"height":247,"caption":"CMP Pool & Spa Products"},"image":{"@id":"https:\/\/c-m-p.com\/#\/schema\/logo\/image\/"}}]}},"_links":{"self":[{"href":"https:\/\/www.c-m-p.com\/fr\/wp-json\/wp\/v2\/pages\/63887","targetHints":{"allow":["GET"]}}],"collection":[{"href":"https:\/\/www.c-m-p.com\/fr\/wp-json\/wp\/v2\/pages"}],"about":[{"href":"https:\/\/www.c-m-p.com\/fr\/wp-json\/wp\/v2\/types\/page"}],"author":[{"embeddable":true,"href":"https:\/\/www.c-m-p.com\/fr\/wp-json\/wp\/v2\/users\/1"}],"replies":[{"embeddable":true,"href":"https:\/\/www.c-m-p.com\/fr\/wp-json\/wp\/v2\/comments?post=63887"}],"version-history":[{"count":0,"href":"https:\/\/www.c-m-p.com\/fr\/wp-json\/wp\/v2\/pages\/63887\/revisions"}],"up":[{"embeddable":true,"href":"https:\/\/www.c-m-p.com\/fr\/wp-json\/wp\/v2\/pages\/64029"}],"wp:attachment":[{"href":"https:\/\/www.c-m-p.com\/fr\/wp-json\/wp\/v2\/media?parent=63887"}],"curies":[{"name":"wp","href":"https:\/\/api.w.org\/{rel}","templated":true}]}}