{"id":63900,"date":"2013-08-02T15:43:41","date_gmt":"2013-08-02T20:43:41","guid":{"rendered":"https:\/\/43ab809dfe.nxcli.io\/terms-conditions\/"},"modified":"2021-07-02T01:37:23","modified_gmt":"2021-07-02T06:37:23","slug":"termes-et-conditions","status":"publish","type":"page","link":"https:\/\/www.c-m-p.com\/fr\/termes-et-conditions\/","title":{"rendered":"termes et conditions"},"content":{"rendered":"<h2>COMMANDE<\/h2>\n<p>Les clients doivent passer leurs commandes directement aupr\u00e8s de CMP aux num\u00e9ros de t\u00e9l\u00e9phone ou de t\u00e9l\u00e9copie indiqu\u00e9s en ligne. Pour assurer une exp\u00e9dition rapide et appropri\u00e9e, veuillez commander en utilisant les num\u00e9ros de pi\u00e8ces complets et les descriptions. Toutes les commandes t\u00e9l\u00e9phoniques doivent \u00eatre suivies d&#8217;une confirmation \u00e9crite du bon de commande.<\/p>\n<p>Notre catalogue et liste de prix contiennent des quantit\u00e9s de bo\u00eetes\/sacs pour la plupart des pi\u00e8ces. Actuellement, CMP n&#8217;applique pas de suppl\u00e9ment pour les commandes de carton cass\u00e9. Veuillez nous aider \u00e0 maintenir cette politique en commandant des quantit\u00e9s compl\u00e8tes de cartons. Merci de votre collaboration!<\/p>\n<h2>CONDITIONS DE PAIEMENT<\/h2>\n<p>Le paiement des produits est C.O.D. Les conditions nettes peuvent \u00eatre \u00e9tablies \u00e0 l&#8217;issue d&#8217;une v\u00e9rification de cr\u00e9dit satisfaisante. Les comptes en souffrance seront C.O.D. Les clients avec des soldes impay\u00e9s seront consid\u00e9r\u00e9s comme en souffrance et seront soumis \u00e0 des frais de service de 1-1\/2 % par mois sur le montant en souffrance.<\/p>\n<h2>FRET<\/h2>\n<p>Les prix et les conditions sont FOB-Newnan, G\u00e9orgie, sauf indication contraire. Les frais de transport sont pr\u00e9pay\u00e9s et ajout\u00e9s, sauf indication contraire. Toutes les r\u00e9clamations pour le fret perdu ou endommag\u00e9 doivent \u00eatre faites par l&#8217;acheteur et directement au transporteur de fret dans le d\u00e9lai \u00e9tabli par le transporteur.<\/p>\n<h2>FACTURES<\/h2>\n<p>Veuillez payer par facture selon les termes de la facture de vente. Il y aura des frais de service minimum de 20,00 $ sur tous les ch\u00e8ques sans provision ou les ch\u00e8ques retourn\u00e9s.<\/p>\n<h2>ERREURS DE FACTURATION<\/h2>\n<p>Les d\u00e9bits ou cr\u00e9dits appropri\u00e9s seront appliqu\u00e9s aux comptes ou factures erron\u00e9s. Veuillez contacter Custom Molded Products si vous avez des questions concernant votre facture ou si vous pensez que votre compte est erron\u00e9.<\/p>\n<h2>MARCHE RETOURN\u00c9E<\/h2>\n<p>La marchandise ne sera pas accept\u00e9e pour le retour sans un num\u00e9ro d&#8217;autorisation de retour de mat\u00e9riel (RMA) d\u00e9livr\u00e9 par Custom Molded Products, qui doit \u00eatre marqu\u00e9 sur tous les cartons retourn\u00e9s. Les retours sans autorisation pr\u00e9alable seront refus\u00e9s. Toutes les marchandises retourn\u00e9es doivent \u00eatre neuves et non utilis\u00e9es \u00e0 l&#8217;exception des marchandises d\u00e9fectueuses. Des frais de restockage de 25 % seront appliqu\u00e9s sur tout cr\u00e9dit \u00e9mis pour des marchandises vendables. Toutes les marchandises doivent \u00eatre retourn\u00e9es en port pay\u00e9 dans les 60 jours suivant la r\u00e9ception de l&#8217;exp\u00e9dition.<\/p>\n<h2>AVIS<\/h2>\n<p>Custom Molded Products se r\u00e9serve le droit de modifier \u00e0 tout moment et sans pr\u00e9avis les couleurs, les mat\u00e9riaux, les sp\u00e9cifications, les num\u00e9ros de pi\u00e8ce et les prix de tout produit figurant dans cette publication.<\/p>\n","protected":false},"excerpt":{"rendered":"<p>COMMANDE Les clients doivent passer leurs commandes directement aupr\u00e8s de CMP aux num\u00e9ros de t\u00e9l\u00e9phone ou de t\u00e9l\u00e9copie indiqu\u00e9s en ligne. Pour assurer une exp\u00e9dition rapide et appropri\u00e9e, veuillez commander en utilisant les num\u00e9ros de pi\u00e8ces complets et les descriptions. Toutes les commandes t\u00e9l\u00e9phoniques doivent \u00eatre suivies d&#8217;une confirmation \u00e9crite du bon de commande. Notre&#8230;  <a href=\"https:\/\/www.c-m-p.com\/fr\/termes-et-conditions\/\" title=\"Read termes et conditions\">Read more &raquo;<\/a><\/p>\n","protected":false},"author":1,"featured_media":0,"parent":0,"menu_order":0,"comment_status":"open","ping_status":"open","template":"","meta":{"_acf_changed":false,"_oasis_is_in_workflow":0,"_oasis_original":0,"_mi_skip_tracking":false,"_monsterinsights_sitenote_active":false,"_monsterinsights_sitenote_note":"","_monsterinsights_sitenote_category":0,"footnotes":""},"class_list":["post-63900","page","type-page","status-publish","hentry"],"acf":[],"yoast_head":"<!-- This site is optimized with the Yoast SEO plugin v27.2 - https:\/\/yoast.com\/product\/yoast-seo-wordpress\/ -->\n<title>termes et conditions - CMP<\/title>\n<meta name=\"robots\" content=\"index, follow, max-snippet:-1, max-image-preview:large, max-video-preview:-1\" \/>\n<link rel=\"canonical\" href=\"https:\/\/c-m-p.com\/fr\/termes-et-conditions\/\" \/>\n<meta property=\"og:locale\" content=\"fr_FR\" \/>\n<meta property=\"og:type\" content=\"article\" \/>\n<meta property=\"og:title\" content=\"termes et conditions - CMP\" \/>\n<meta property=\"og:description\" content=\"COMMANDE Les clients doivent passer leurs commandes directement aupr\u00e8s de CMP aux num\u00e9ros de t\u00e9l\u00e9phone ou de t\u00e9l\u00e9copie indiqu\u00e9s en ligne. Pour assurer une exp\u00e9dition rapide et appropri\u00e9e, veuillez commander en utilisant les num\u00e9ros de pi\u00e8ces complets et les descriptions. Toutes les commandes t\u00e9l\u00e9phoniques doivent \u00eatre suivies d&#8217;une confirmation \u00e9crite du bon de commande. Notre... Read more &raquo;\" \/>\n<meta property=\"og:url\" content=\"https:\/\/c-m-p.com\/fr\/termes-et-conditions\/\" \/>\n<meta property=\"og:site_name\" content=\"CMP\" \/>\n<meta property=\"article:modified_time\" content=\"2021-07-02T06:37:23+00:00\" \/>\n<meta name=\"twitter:label1\" content=\"Est. reading time\" \/>\n\t<meta name=\"twitter:data1\" content=\"2 minutes\" \/>\n<script type=\"application\/ld+json\" class=\"yoast-schema-graph\">{\"@context\":\"https:\/\/schema.org\",\"@graph\":[{\"@type\":\"WebPage\",\"@id\":\"https:\/\/c-m-p.com\/fr\/termes-et-conditions\/\",\"url\":\"https:\/\/c-m-p.com\/fr\/termes-et-conditions\/\",\"name\":\"termes et conditions - CMP\",\"isPartOf\":{\"@id\":\"https:\/\/c-m-p.com\/#website\"},\"datePublished\":\"2013-08-02T20:43:41+00:00\",\"dateModified\":\"2021-07-02T06:37:23+00:00\",\"breadcrumb\":{\"@id\":\"https:\/\/c-m-p.com\/fr\/termes-et-conditions\/#breadcrumb\"},\"inLanguage\":\"fr-FR\",\"potentialAction\":[{\"@type\":\"ReadAction\",\"target\":[\"https:\/\/c-m-p.com\/fr\/termes-et-conditions\/\"]}]},{\"@type\":\"BreadcrumbList\",\"@id\":\"https:\/\/c-m-p.com\/fr\/termes-et-conditions\/#breadcrumb\",\"itemListElement\":[{\"@type\":\"ListItem\",\"position\":1,\"name\":\"Home\",\"item\":\"https:\/\/c-m-p.com\/fr\/\"},{\"@type\":\"ListItem\",\"position\":2,\"name\":\"termes et conditions\"}]},{\"@type\":\"WebSite\",\"@id\":\"https:\/\/c-m-p.com\/#website\",\"url\":\"https:\/\/c-m-p.com\/\",\"name\":\"CMP\",\"description\":\"Pool Products, Spa and Hot Tub Products\",\"publisher\":{\"@id\":\"https:\/\/c-m-p.com\/#organization\"},\"potentialAction\":[{\"@type\":\"SearchAction\",\"target\":{\"@type\":\"EntryPoint\",\"urlTemplate\":\"https:\/\/c-m-p.com\/?s={search_term_string}\"},\"query-input\":{\"@type\":\"PropertyValueSpecification\",\"valueRequired\":true,\"valueName\":\"search_term_string\"}}],\"inLanguage\":\"fr-FR\"},{\"@type\":\"Organization\",\"@id\":\"https:\/\/c-m-p.com\/#organization\",\"name\":\"CMP Pool & Spa Products\",\"url\":\"https:\/\/c-m-p.com\/\",\"logo\":{\"@type\":\"ImageObject\",\"inLanguage\":\"fr-FR\",\"@id\":\"https:\/\/c-m-p.com\/#\/schema\/logo\/image\/\",\"url\":\"https:\/\/43ab809dfe.nxcli.io\/wp-content\/uploads\/2013\/10\/2013-CMP-Logo.jpg\",\"contentUrl\":\"https:\/\/43ab809dfe.nxcli.io\/wp-content\/uploads\/2013\/10\/2013-CMP-Logo.jpg\",\"width\":1000,\"height\":247,\"caption\":\"CMP Pool & Spa Products\"},\"image\":{\"@id\":\"https:\/\/c-m-p.com\/#\/schema\/logo\/image\/\"}}]}<\/script>\n<!-- \/ Yoast SEO plugin. -->","yoast_head_json":{"title":"termes et conditions - CMP","robots":{"index":"index","follow":"follow","max-snippet":"max-snippet:-1","max-image-preview":"max-image-preview:large","max-video-preview":"max-video-preview:-1"},"canonical":"https:\/\/c-m-p.com\/fr\/termes-et-conditions\/","og_locale":"fr_FR","og_type":"article","og_title":"termes et conditions - CMP","og_description":"COMMANDE Les clients doivent passer leurs commandes directement aupr\u00e8s de CMP aux num\u00e9ros de t\u00e9l\u00e9phone ou de t\u00e9l\u00e9copie indiqu\u00e9s en ligne. Pour assurer une exp\u00e9dition rapide et appropri\u00e9e, veuillez commander en utilisant les num\u00e9ros de pi\u00e8ces complets et les descriptions. Toutes les commandes t\u00e9l\u00e9phoniques doivent \u00eatre suivies d&#8217;une confirmation \u00e9crite du bon de commande. Notre... Read more &raquo;","og_url":"https:\/\/c-m-p.com\/fr\/termes-et-conditions\/","og_site_name":"CMP","article_modified_time":"2021-07-02T06:37:23+00:00","twitter_misc":{"Est. reading time":"2 minutes"},"schema":{"@context":"https:\/\/schema.org","@graph":[{"@type":"WebPage","@id":"https:\/\/c-m-p.com\/fr\/termes-et-conditions\/","url":"https:\/\/c-m-p.com\/fr\/termes-et-conditions\/","name":"termes et conditions - CMP","isPartOf":{"@id":"https:\/\/c-m-p.com\/#website"},"datePublished":"2013-08-02T20:43:41+00:00","dateModified":"2021-07-02T06:37:23+00:00","breadcrumb":{"@id":"https:\/\/c-m-p.com\/fr\/termes-et-conditions\/#breadcrumb"},"inLanguage":"fr-FR","potentialAction":[{"@type":"ReadAction","target":["https:\/\/c-m-p.com\/fr\/termes-et-conditions\/"]}]},{"@type":"BreadcrumbList","@id":"https:\/\/c-m-p.com\/fr\/termes-et-conditions\/#breadcrumb","itemListElement":[{"@type":"ListItem","position":1,"name":"Home","item":"https:\/\/c-m-p.com\/fr\/"},{"@type":"ListItem","position":2,"name":"termes et conditions"}]},{"@type":"WebSite","@id":"https:\/\/c-m-p.com\/#website","url":"https:\/\/c-m-p.com\/","name":"CMP","description":"Pool Products, Spa and Hot Tub Products","publisher":{"@id":"https:\/\/c-m-p.com\/#organization"},"potentialAction":[{"@type":"SearchAction","target":{"@type":"EntryPoint","urlTemplate":"https:\/\/c-m-p.com\/?s={search_term_string}"},"query-input":{"@type":"PropertyValueSpecification","valueRequired":true,"valueName":"search_term_string"}}],"inLanguage":"fr-FR"},{"@type":"Organization","@id":"https:\/\/c-m-p.com\/#organization","name":"CMP Pool & Spa Products","url":"https:\/\/c-m-p.com\/","logo":{"@type":"ImageObject","inLanguage":"fr-FR","@id":"https:\/\/c-m-p.com\/#\/schema\/logo\/image\/","url":"https:\/\/43ab809dfe.nxcli.io\/wp-content\/uploads\/2013\/10\/2013-CMP-Logo.jpg","contentUrl":"https:\/\/43ab809dfe.nxcli.io\/wp-content\/uploads\/2013\/10\/2013-CMP-Logo.jpg","width":1000,"height":247,"caption":"CMP Pool & Spa Products"},"image":{"@id":"https:\/\/c-m-p.com\/#\/schema\/logo\/image\/"}}]}},"_links":{"self":[{"href":"https:\/\/www.c-m-p.com\/fr\/wp-json\/wp\/v2\/pages\/63900","targetHints":{"allow":["GET"]}}],"collection":[{"href":"https:\/\/www.c-m-p.com\/fr\/wp-json\/wp\/v2\/pages"}],"about":[{"href":"https:\/\/www.c-m-p.com\/fr\/wp-json\/wp\/v2\/types\/page"}],"author":[{"embeddable":true,"href":"https:\/\/www.c-m-p.com\/fr\/wp-json\/wp\/v2\/users\/1"}],"replies":[{"embeddable":true,"href":"https:\/\/www.c-m-p.com\/fr\/wp-json\/wp\/v2\/comments?post=63900"}],"version-history":[{"count":0,"href":"https:\/\/www.c-m-p.com\/fr\/wp-json\/wp\/v2\/pages\/63900\/revisions"}],"wp:attachment":[{"href":"https:\/\/www.c-m-p.com\/fr\/wp-json\/wp\/v2\/media?parent=63900"}],"curies":[{"name":"wp","href":"https:\/\/api.w.org\/{rel}","templated":true}]}}