{"id":64029,"date":"2020-07-27T09:42:56","date_gmt":"2020-07-27T14:42:56","guid":{"rendered":"https:\/\/43ab809dfe.nxcli.io\/support\/"},"modified":"2021-07-16T01:06:59","modified_gmt":"2021-07-16T06:06:59","slug":"support","status":"publish","type":"page","link":"https:\/\/www.c-m-p.com\/fr\/support\/","title":{"rendered":"Support"},"content":{"rendered":"<p>RESSOURCES DE SOUTIEN DU CMP<br \/>\n<img decoding=\"async\" width=\"1401\" height=\"398\" src=\"https:\/\/www.c-m-p.com\/wp-content\/uploads\/2018\/05\/red-hex-zoom-2018-hero-bg.jpg\" class=\"attachment-full size-full\" alt=\"red-hex-zoom-2018-hero-bg\" loading=\"lazy\" srcset=\"https:\/\/www.c-m-p.com\/wp-content\/uploads\/2018\/05\/red-hex-zoom-2018-hero-bg.jpg 1401w, https:\/\/www.c-m-p.com\/wp-content\/uploads\/2018\/05\/red-hex-zoom-2018-hero-bg-300x85.jpg 300w, https:\/\/www.c-m-p.com\/wp-content\/uploads\/2018\/05\/red-hex-zoom-2018-hero-bg-768x218.jpg 768w, https:\/\/www.c-m-p.com\/wp-content\/uploads\/2018\/05\/red-hex-zoom-2018-hero-bg-1024x291.jpg 1024w, https:\/\/www.c-m-p.com\/wp-content\/uploads\/2018\/05\/red-hex-zoom-2018-hero-bg-568x161.jpg 568w, https:\/\/www.c-m-p.com\/wp-content\/uploads\/2018\/05\/red-hex-zoom-2018-hero-bg-235x67.jpg 235w, https:\/\/www.c-m-p.com\/wp-content\/uploads\/2018\/05\/red-hex-zoom-2018-hero-bg-307x87.jpg 307w\" sizes=\"auto, (max-width: 1401px) 100vw, 1401px\" \/><br \/>\nCatalogues<br \/>\n\/fr\/catalogue\/?support<br \/>\n<img decoding=\"async\" width=\"200\" height=\"200\" src=\"https:\/\/www.c-m-p.com\/wp-content\/uploads\/2020\/08\/book-icon.png\" class=\"attachment-full size-full\" alt=\"\" loading=\"lazy\" srcset=\"https:\/\/www.c-m-p.com\/wp-content\/uploads\/2020\/08\/book-icon.png 200w, https:\/\/www.c-m-p.com\/wp-content\/uploads\/2020\/08\/book-icon-150x150.png 150w\" sizes=\"auto, (max-width: 200px) 100vw, 200px\" \/><br \/>\nLOCALISER LE DISTRIBUTEUR<br \/>\n\/fr\/trouver-un-representant\/distributeur-recherche\/<br \/>\n<img decoding=\"async\" width=\"200\" height=\"200\" src=\"https:\/\/www.c-m-p.com\/wp-content\/uploads\/2018\/05\/locator-icon.png\" class=\"attachment-full size-full\" alt=\"\" loading=\"lazy\" srcset=\"https:\/\/www.c-m-p.com\/wp-content\/uploads\/2018\/05\/locator-icon.png 200w, https:\/\/www.c-m-p.com\/wp-content\/uploads\/2018\/05\/locator-icon-150x150.png 150w\" sizes=\"auto, (max-width: 200px) 100vw, 200px\" \/><br \/>\nTROUVER UN REPR\u00c9SENTANT<br \/>\n\/fr\/trouver-un-representant\/?support<br \/>\n<img decoding=\"async\" width=\"200\" height=\"200\" src=\"https:\/\/www.c-m-p.com\/wp-content\/uploads\/2020\/03\/rep-locator-icon-black.png\" class=\"attachment-full size-full\" alt=\"\" loading=\"lazy\" srcset=\"https:\/\/www.c-m-p.com\/wp-content\/uploads\/2020\/03\/rep-locator-icon-black.png 200w, https:\/\/www.c-m-p.com\/wp-content\/uploads\/2020\/03\/rep-locator-icon-black-150x150.png 150w\" sizes=\"auto, (max-width: 200px) 100vw, 200px\" \/><br \/>\n<img decoding=\"async\" width=\"725\" height=\"392\" src=\"https:\/\/www.c-m-p.com\/wp-content\/uploads\/2020\/07\/happy-cmp-employee-man-woman-red-shirt-2.jpg\" class=\"attachment-full size-full\" alt=\"\" loading=\"lazy\" srcset=\"https:\/\/www.c-m-p.com\/wp-content\/uploads\/2020\/07\/happy-cmp-employee-man-woman-red-shirt-2.jpg 725w, https:\/\/www.c-m-p.com\/wp-content\/uploads\/2020\/07\/happy-cmp-employee-man-woman-red-shirt-2-300x162.jpg 300w, https:\/\/www.c-m-p.com\/wp-content\/uploads\/2020\/07\/happy-cmp-employee-man-woman-red-shirt-2-568x307.jpg 568w, https:\/\/www.c-m-p.com\/wp-content\/uploads\/2020\/07\/happy-cmp-employee-man-woman-red-shirt-2-235x127.jpg 235w, https:\/\/www.c-m-p.com\/wp-content\/uploads\/2020\/07\/happy-cmp-employee-man-woman-red-shirt-2-307x166.jpg 307w\" sizes=\"auto, (max-width: 725px) 100vw, 725px\" \/><br \/>\nDites-nous comment nous pouvons aider<br \/>\nR\u00e9pondez \u00e0 quelques questions et nous pourrons vous aider \u00e0 trouver votre solution<br \/>\nCMP Tech Portal<br \/>\nGUIDES \u00c9TAPE PAR \u00c9TAPE<br \/>\n\/fr\/technologie?support-main<br \/>\n<img decoding=\"async\" width=\"200\" height=\"200\" src=\"https:\/\/www.c-m-p.com\/wp-content\/uploads\/2020\/02\/tech-center-logo-icon.png\" class=\"attachment-full size-full\" alt=\"\" loading=\"lazy\" srcset=\"https:\/\/www.c-m-p.com\/wp-content\/uploads\/2020\/02\/tech-center-logo-icon.png 200w, https:\/\/www.c-m-p.com\/wp-content\/uploads\/2020\/02\/tech-center-logo-icon-150x150.png 150w\" sizes=\"auto, (max-width: 200px) 100vw, 200px\" \/><br \/>\nCentre de ressources CMP<br \/>\n\u00c9DUCATION AU PRODUIT<br \/>\n<img decoding=\"async\" width=\"200\" height=\"200\" src=\"https:\/\/www.c-m-p.com\/wp-content\/uploads\/2020\/01\/info-icon.png\" class=\"attachment-full size-full\" alt=\"\" loading=\"lazy\" srcset=\"https:\/\/www.c-m-p.com\/wp-content\/uploads\/2020\/01\/info-icon.png 200w, https:\/\/www.c-m-p.com\/wp-content\/uploads\/2020\/01\/info-icon-150x150.png 150w\" sizes=\"auto, (max-width: 200px) 100vw, 200px\" \/><br \/>\nORDER FAQs<br \/>\nD\u00c9COUVREZ NOS VID\u00c9OS<br \/>\nhttp:\/\/www.youtube.com\/cmppoolspa<br \/>\n<img decoding=\"async\" width=\"200\" height=\"200\" src=\"https:\/\/www.c-m-p.com\/wp-content\/uploads\/2020\/07\/videos-icon-2.png\" class=\"attachment-full size-full\" alt=\"\" loading=\"lazy\" srcset=\"https:\/\/www.c-m-p.com\/wp-content\/uploads\/2020\/07\/videos-icon-2.png 200w, https:\/\/www.c-m-p.com\/wp-content\/uploads\/2020\/07\/videos-icon-2-150x150.png 150w\" sizes=\"auto, (max-width: 200px) 100vw, 200px\" \/><br \/>\nCMP Digital Assets<br \/>\nIMAGES DE PRODUITS ET ACTIFS NUM\u00c9RIQUES<br \/>\n\/fr\/les-atouts?support<br \/>\n<img decoding=\"async\" width=\"200\" height=\"200\" src=\"https:\/\/www.c-m-p.com\/wp-content\/uploads\/2020\/07\/assets-icon-2.png\" class=\"attachment-full size-full\" alt=\"\" loading=\"lazy\" srcset=\"https:\/\/www.c-m-p.com\/wp-content\/uploads\/2020\/07\/assets-icon-2.png 200w, https:\/\/www.c-m-p.com\/wp-content\/uploads\/2020\/07\/assets-icon-2-150x150.png 150w\" sizes=\"auto, (max-width: 200px) 100vw, 200px\" \/><br \/>\nDownloads Center<br \/>\nTrouver des manuels et de la litt\u00e9rature<\/p>\n<blockquote class=\"wp-embedded-content\" data-secret=\"Zir2W9ckBU\"><p><a href=\"https:\/\/www.c-m-p.com\/fr\/centre-de-ressources\/cmp-produit-litterature\/\">Documentation sur les produits CMP<\/a><\/p><\/blockquote>\n<p><iframe loading=\"lazy\" class=\"wp-embedded-content\" sandbox=\"allow-scripts\" security=\"restricted\" style=\"position: absolute; visibility: hidden;\" title=\"&#8220;Documentation sur les produits CMP&#8221; &#8212; CMP\" src=\"https:\/\/www.c-m-p.com\/fr\/centre-de-ressources\/cmp-produit-litterature\/embed\/#?secret=RLwbPrvjyM#?secret=Zir2W9ckBU\" data-secret=\"Zir2W9ckBU\" width=\"500\" height=\"282\" frameborder=\"0\" marginwidth=\"0\" marginheight=\"0\" scrolling=\"no\"><\/iframe><br \/>\n<img decoding=\"async\" width=\"200\" height=\"200\" src=\"https:\/\/www.c-m-p.com\/wp-content\/uploads\/2020\/07\/manuals-icon-2.png\" class=\"attachment-full size-full\" alt=\"\" loading=\"lazy\" srcset=\"https:\/\/www.c-m-p.com\/wp-content\/uploads\/2020\/07\/manuals-icon-2.png 200w, https:\/\/www.c-m-p.com\/wp-content\/uploads\/2020\/07\/manuals-icon-2-150x150.png 150w\" sizes=\"auto, (max-width: 200px) 100vw, 200px\" \/><br \/>\n<img decoding=\"async\" width=\"725\" height=\"213\" src=\"https:\/\/www.c-m-p.com\/wp-content\/uploads\/2020\/07\/warning-triangle-feature-image.png\" class=\"attachment-full size-full\" alt=\"\" loading=\"lazy\" srcset=\"https:\/\/www.c-m-p.com\/wp-content\/uploads\/2020\/07\/warning-triangle-feature-image.png 725w, https:\/\/www.c-m-p.com\/wp-content\/uploads\/2020\/07\/warning-triangle-feature-image-300x88.png 300w, https:\/\/www.c-m-p.com\/wp-content\/uploads\/2020\/07\/warning-triangle-feature-image-568x167.png 568w, https:\/\/www.c-m-p.com\/wp-content\/uploads\/2020\/07\/warning-triangle-feature-image-235x69.png 235w, https:\/\/www.c-m-p.com\/wp-content\/uploads\/2020\/07\/warning-triangle-feature-image-307x90.png 307w\" sizes=\"auto, (max-width: 725px) 100vw, 725px\" \/><br \/>\nTrouver un probl\u00e8me sur le terrain ? Veuillez le faire d&#8217;abord &#8211;<br \/>\nAvant de retourner un produit au distributeur ou au magasin, contactez CMP afin que nous vous aidions sans d\u00e9lai.<br \/>\nD\u00c9PANNAGE DU SEL POWERCLEAN<br \/>\nSuivez nos \u00e9tapes simples pour corriger les erreurs courantes avec le syst\u00e8me Powerclean Salt.<br \/>\n<img decoding=\"async\" width=\"2000\" height=\"548\" src=\"https:\/\/www.c-m-p.com\/wp-content\/uploads\/2020\/07\/powerclean-salt-side-image-break.jpg\" class=\"attachment-full size-full\" alt=\"\" loading=\"lazy\" srcset=\"https:\/\/www.c-m-p.com\/wp-content\/uploads\/2020\/07\/powerclean-salt-side-image-break.jpg 2000w, https:\/\/www.c-m-p.com\/wp-content\/uploads\/2020\/07\/powerclean-salt-side-image-break-300x82.jpg 300w, https:\/\/www.c-m-p.com\/wp-content\/uploads\/2020\/07\/powerclean-salt-side-image-break-1024x281.jpg 1024w, https:\/\/www.c-m-p.com\/wp-content\/uploads\/2020\/07\/powerclean-salt-side-image-break-768x210.jpg 768w, https:\/\/www.c-m-p.com\/wp-content\/uploads\/2020\/07\/powerclean-salt-side-image-break-1536x421.jpg 1536w, https:\/\/www.c-m-p.com\/wp-content\/uploads\/2020\/07\/powerclean-salt-side-image-break-568x156.jpg 568w, https:\/\/www.c-m-p.com\/wp-content\/uploads\/2020\/07\/powerclean-salt-side-image-break-235x64.jpg 235w, https:\/\/www.c-m-p.com\/wp-content\/uploads\/2020\/07\/powerclean-salt-side-image-break-307x84.jpg 307w\" sizes=\"auto, (max-width: 2000px) 100vw, 2000px\" \/><br \/>\nCONSERVEZ DES RESSOURCES UTILES POUR PLUS TARD<br \/>\nCr\u00e9ez votre compte gratuit et vous pouvez enregistrer des articles, des manuels de produits &amp; plus pour plus tard<br \/>\n<img decoding=\"async\" width=\"1401\" height=\"398\" src=\"https:\/\/www.c-m-p.com\/wp-content\/uploads\/2020\/05\/two-guys-with-ipad-tablet-red-splash-hero.jpg\" class=\"attachment-full size-full\" alt=\"\" loading=\"lazy\" srcset=\"https:\/\/www.c-m-p.com\/wp-content\/uploads\/2020\/05\/two-guys-with-ipad-tablet-red-splash-hero.jpg 1401w, https:\/\/www.c-m-p.com\/wp-content\/uploads\/2020\/05\/two-guys-with-ipad-tablet-red-splash-hero-300x85.jpg 300w, https:\/\/www.c-m-p.com\/wp-content\/uploads\/2020\/05\/two-guys-with-ipad-tablet-red-splash-hero-1024x291.jpg 1024w, https:\/\/www.c-m-p.com\/wp-content\/uploads\/2020\/05\/two-guys-with-ipad-tablet-red-splash-hero-768x218.jpg 768w, https:\/\/www.c-m-p.com\/wp-content\/uploads\/2020\/05\/two-guys-with-ipad-tablet-red-splash-hero-568x161.jpg 568w, https:\/\/www.c-m-p.com\/wp-content\/uploads\/2020\/05\/two-guys-with-ipad-tablet-red-splash-hero-235x67.jpg 235w, https:\/\/www.c-m-p.com\/wp-content\/uploads\/2020\/05\/two-guys-with-ipad-tablet-red-splash-hero-307x87.jpg 307w\" sizes=\"auto, (max-width: 1401px) 100vw, 1401px\" \/><br \/>\nBON DE COMMANDE &#038; OUTILS<br \/>\n<img decoding=\"async\" width=\"1200\" height=\"796\" src=\"https:\/\/www.c-m-p.com\/wp-content\/uploads\/2017\/08\/skimmer-abs-pvc-types.jpg\" class=\"attachment-full size-full\" alt=\"\" loading=\"lazy\" srcset=\"https:\/\/www.c-m-p.com\/wp-content\/uploads\/2017\/08\/skimmer-abs-pvc-types.jpg 1200w, https:\/\/www.c-m-p.com\/wp-content\/uploads\/2017\/08\/skimmer-abs-pvc-types-300x199.jpg 300w, https:\/\/www.c-m-p.com\/wp-content\/uploads\/2017\/08\/skimmer-abs-pvc-types-768x509.jpg 768w, https:\/\/www.c-m-p.com\/wp-content\/uploads\/2017\/08\/skimmer-abs-pvc-types-1024x679.jpg 1024w, https:\/\/www.c-m-p.com\/wp-content\/uploads\/2017\/08\/skimmer-abs-pvc-types-568x377.jpg 568w, https:\/\/www.c-m-p.com\/wp-content\/uploads\/2017\/08\/skimmer-abs-pvc-types-235x156.jpg 235w, https:\/\/www.c-m-p.com\/wp-content\/uploads\/2017\/08\/skimmer-abs-pvc-types-307x204.jpg 307w\" sizes=\"auto, (max-width: 1200px) 100vw, 1200px\" \/><br \/>\n<img decoding=\"async\" width=\"622\" height=\"450\" src=\"https:\/\/www.c-m-p.com\/wp-content\/uploads\/2019\/05\/waterfall-radius-reference.jpg\" class=\"attachment-full size-full\" alt=\"\" loading=\"lazy\" srcset=\"https:\/\/www.c-m-p.com\/wp-content\/uploads\/2019\/05\/waterfall-radius-reference.jpg 622w, https:\/\/www.c-m-p.com\/wp-content\/uploads\/2019\/05\/waterfall-radius-reference-300x217.jpg 300w, https:\/\/www.c-m-p.com\/wp-content\/uploads\/2019\/05\/waterfall-radius-reference-568x411.jpg 568w, https:\/\/www.c-m-p.com\/wp-content\/uploads\/2019\/05\/waterfall-radius-reference-235x170.jpg 235w, https:\/\/www.c-m-p.com\/wp-content\/uploads\/2019\/05\/waterfall-radius-reference-307x222.jpg 307w\" sizes=\"auto, (max-width: 622px) 100vw, 622px\" \/><br \/>\n<img decoding=\"async\" width=\"200\" height=\"200\" src=\"https:\/\/www.c-m-p.com\/wp-content\/uploads\/2018\/04\/radius-cut-icon.png\" class=\"attachment-full size-full\" alt=\"\" loading=\"lazy\" srcset=\"https:\/\/www.c-m-p.com\/wp-content\/uploads\/2018\/04\/radius-cut-icon.png 200w, https:\/\/www.c-m-p.com\/wp-content\/uploads\/2018\/04\/radius-cut-icon-150x150.png 150w\" sizes=\"auto, (max-width: 200px) 100vw, 200px\" \/><br \/>\nLES AUTRES INFORMATIONS<br \/>\nPLUS DE MOYENS DE CONTACTER CMP<br \/>\nINFORMATIONS SUR LES VENTES ET LES PRODUITS CMP<\/p>\n<p class=\"p1\">du lundi au vendredi\u00a0: de 8\u00a0h\u00a000 \u00e0 17\u00a0h\u00a000 (HNE)<\/p>\n<p class=\"p1\">T\u00c9L\u00c9PHONE\u00a0: 1-800-822-7933 T\u00c9L\u00c9COPIE\u00a0: 770-632-7115<\/p>\n<p class=\"p2\">\n<p>SERVICE CLIENT &#038; COMMANDES<br \/>\nDu lundi au vendredi\u00a0: de 8 h 00 \u00e0 18 h 00 (HNE)<\/p>\n<p>1-800-822-7933<\/p>\n<p>CS@C-M-P.COM<br \/>\n<img decoding=\"async\" width=\"1401\" height=\"398\" src=\"https:\/\/www.c-m-p.com\/wp-content\/uploads\/2013\/05\/red-hex-gradient-shadow-splash-bg.jpg\" class=\"attachment-full size-full\" alt=\"\" loading=\"lazy\" srcset=\"https:\/\/www.c-m-p.com\/wp-content\/uploads\/2013\/05\/red-hex-gradient-shadow-splash-bg.jpg 1401w, https:\/\/www.c-m-p.com\/wp-content\/uploads\/2013\/05\/red-hex-gradient-shadow-splash-bg-300x85.jpg 300w, https:\/\/www.c-m-p.com\/wp-content\/uploads\/2013\/05\/red-hex-gradient-shadow-splash-bg-1024x290.jpg 1024w, https:\/\/www.c-m-p.com\/wp-content\/uploads\/2013\/05\/red-hex-gradient-shadow-splash-bg-568x161.jpg 568w, https:\/\/www.c-m-p.com\/wp-content\/uploads\/2013\/05\/red-hex-gradient-shadow-splash-bg-235x66.jpg 235w, https:\/\/www.c-m-p.com\/wp-content\/uploads\/2013\/05\/red-hex-gradient-shadow-splash-bg-307x87.jpg 307w\" sizes=\"auto, (max-width: 1401px) 100vw, 1401px\" \/><\/p>\n","protected":false},"excerpt":{"rendered":"<p>RESSOURCES DE SOUTIEN DU CMP Catalogues \/fr\/catalogue\/?support LOCALISER LE DISTRIBUTEUR \/fr\/trouver-un-representant\/distributeur-recherche\/ TROUVER UN REPR\u00c9SENTANT \/fr\/trouver-un-representant\/?support Dites-nous comment nous pouvons aider R\u00e9pondez \u00e0 quelques questions et nous pourrons vous aider \u00e0 trouver votre solution CMP Tech Portal GUIDES \u00c9TAPE PAR \u00c9TAPE \/fr\/technologie?support-main Centre de ressources CMP \u00c9DUCATION AU PRODUIT ORDER FAQs D\u00c9COUVREZ NOS VID\u00c9OS http:\/\/www.youtube.com\/cmppoolspa CMP&#8230;  <a href=\"https:\/\/www.c-m-p.com\/fr\/support\/\" title=\"Read Support\">Read more &raquo;<\/a><\/p>\n","protected":false},"author":4,"featured_media":0,"parent":0,"menu_order":0,"comment_status":"closed","ping_status":"closed","template":"rci-flex-template.php","meta":{"_acf_changed":false,"_oasis_is_in_workflow":0,"_oasis_original":0,"_mi_skip_tracking":false,"_monsterinsights_sitenote_active":false,"_monsterinsights_sitenote_note":"","_monsterinsights_sitenote_category":0,"footnotes":""},"class_list":["post-64029","page","type-page","status-publish","hentry"],"acf":[],"yoast_head":"<!-- This site is optimized with the Yoast SEO plugin v27.2 - https:\/\/yoast.com\/product\/yoast-seo-wordpress\/ -->\n<title>Support - CMP<\/title>\n<meta name=\"robots\" content=\"noindex, nofollow\" \/>\n<meta property=\"og:locale\" content=\"fr_FR\" \/>\n<meta property=\"og:type\" content=\"article\" \/>\n<meta property=\"og:title\" content=\"Support - CMP\" \/>\n<meta property=\"og:description\" content=\"RESSOURCES DE SOUTIEN DU CMP Catalogues \/fr\/catalogue\/?support LOCALISER LE DISTRIBUTEUR \/fr\/trouver-un-representant\/distributeur-recherche\/ TROUVER UN REPR\u00c9SENTANT \/fr\/trouver-un-representant\/?support Dites-nous comment nous pouvons aider R\u00e9pondez \u00e0 quelques questions et nous pourrons vous aider \u00e0 trouver votre solution CMP Tech Portal GUIDES \u00c9TAPE PAR \u00c9TAPE \/fr\/technologie?support-main Centre de ressources CMP \u00c9DUCATION AU PRODUIT ORDER FAQs D\u00c9COUVREZ NOS VID\u00c9OS http:\/\/www.youtube.com\/cmppoolspa CMP... Read more &raquo;\" \/>\n<meta property=\"og:url\" content=\"https:\/\/www.c-m-p.com\/fr\/support\/\" \/>\n<meta property=\"og:site_name\" content=\"CMP\" \/>\n<meta property=\"article:modified_time\" content=\"2021-07-16T06:06:59+00:00\" \/>\n<meta property=\"og:image\" content=\"https:\/\/www.c-m-p.com\/wp-content\/uploads\/2018\/05\/red-hex-zoom-2018-hero-bg.jpg\" \/>\n<meta name=\"twitter:label1\" content=\"Est. reading time\" \/>\n\t<meta name=\"twitter:data1\" content=\"1 minute\" \/>\n<script type=\"application\/ld+json\" class=\"yoast-schema-graph\">{\"@context\":\"https:\/\/schema.org\",\"@graph\":[{\"@type\":\"WebPage\",\"@id\":\"https:\/\/www.c-m-p.com\/fr\/support\/\",\"url\":\"https:\/\/www.c-m-p.com\/fr\/support\/\",\"name\":\"Support - CMP\",\"isPartOf\":{\"@id\":\"https:\/\/c-m-p.com\/#website\"},\"primaryImageOfPage\":{\"@id\":\"https:\/\/www.c-m-p.com\/fr\/support\/#primaryimage\"},\"image\":{\"@id\":\"https:\/\/www.c-m-p.com\/fr\/support\/#primaryimage\"},\"thumbnailUrl\":\"https:\/\/www.c-m-p.com\/wp-content\/uploads\/2018\/05\/red-hex-zoom-2018-hero-bg.jpg\",\"datePublished\":\"2020-07-27T14:42:56+00:00\",\"dateModified\":\"2021-07-16T06:06:59+00:00\",\"breadcrumb\":{\"@id\":\"https:\/\/www.c-m-p.com\/fr\/support\/#breadcrumb\"},\"inLanguage\":\"fr-FR\",\"potentialAction\":[{\"@type\":\"ReadAction\",\"target\":[\"https:\/\/www.c-m-p.com\/fr\/support\/\"]}]},{\"@type\":\"ImageObject\",\"inLanguage\":\"fr-FR\",\"@id\":\"https:\/\/www.c-m-p.com\/fr\/support\/#primaryimage\",\"url\":\"https:\/\/www.c-m-p.com\/wp-content\/uploads\/2018\/05\/red-hex-zoom-2018-hero-bg.jpg\",\"contentUrl\":\"https:\/\/www.c-m-p.com\/wp-content\/uploads\/2018\/05\/red-hex-zoom-2018-hero-bg.jpg\"},{\"@type\":\"BreadcrumbList\",\"@id\":\"https:\/\/www.c-m-p.com\/fr\/support\/#breadcrumb\",\"itemListElement\":[{\"@type\":\"ListItem\",\"position\":1,\"name\":\"Home\",\"item\":\"https:\/\/c-m-p.com\/fr\/\"},{\"@type\":\"ListItem\",\"position\":2,\"name\":\"Support\"}]},{\"@type\":\"WebSite\",\"@id\":\"https:\/\/c-m-p.com\/#website\",\"url\":\"https:\/\/c-m-p.com\/\",\"name\":\"CMP\",\"description\":\"Pool Products, Spa and Hot Tub Products\",\"publisher\":{\"@id\":\"https:\/\/c-m-p.com\/#organization\"},\"potentialAction\":[{\"@type\":\"SearchAction\",\"target\":{\"@type\":\"EntryPoint\",\"urlTemplate\":\"https:\/\/c-m-p.com\/?s={search_term_string}\"},\"query-input\":{\"@type\":\"PropertyValueSpecification\",\"valueRequired\":true,\"valueName\":\"search_term_string\"}}],\"inLanguage\":\"fr-FR\"},{\"@type\":\"Organization\",\"@id\":\"https:\/\/c-m-p.com\/#organization\",\"name\":\"CMP Pool & Spa Products\",\"url\":\"https:\/\/c-m-p.com\/\",\"logo\":{\"@type\":\"ImageObject\",\"inLanguage\":\"fr-FR\",\"@id\":\"https:\/\/c-m-p.com\/#\/schema\/logo\/image\/\",\"url\":\"https:\/\/43ab809dfe.nxcli.io\/wp-content\/uploads\/2013\/10\/2013-CMP-Logo.jpg\",\"contentUrl\":\"https:\/\/43ab809dfe.nxcli.io\/wp-content\/uploads\/2013\/10\/2013-CMP-Logo.jpg\",\"width\":1000,\"height\":247,\"caption\":\"CMP Pool & Spa Products\"},\"image\":{\"@id\":\"https:\/\/c-m-p.com\/#\/schema\/logo\/image\/\"}}]}<\/script>\n<!-- \/ Yoast SEO plugin. -->","yoast_head_json":{"title":"Support - CMP","robots":{"index":"noindex","follow":"nofollow"},"og_locale":"fr_FR","og_type":"article","og_title":"Support - CMP","og_description":"RESSOURCES DE SOUTIEN DU CMP Catalogues \/fr\/catalogue\/?support LOCALISER LE DISTRIBUTEUR \/fr\/trouver-un-representant\/distributeur-recherche\/ TROUVER UN REPR\u00c9SENTANT \/fr\/trouver-un-representant\/?support Dites-nous comment nous pouvons aider R\u00e9pondez \u00e0 quelques questions et nous pourrons vous aider \u00e0 trouver votre solution CMP Tech Portal GUIDES \u00c9TAPE PAR \u00c9TAPE \/fr\/technologie?support-main Centre de ressources CMP \u00c9DUCATION AU PRODUIT ORDER FAQs D\u00c9COUVREZ NOS VID\u00c9OS http:\/\/www.youtube.com\/cmppoolspa CMP... Read more &raquo;","og_url":"https:\/\/www.c-m-p.com\/fr\/support\/","og_site_name":"CMP","article_modified_time":"2021-07-16T06:06:59+00:00","og_image":[{"url":"https:\/\/www.c-m-p.com\/wp-content\/uploads\/2018\/05\/red-hex-zoom-2018-hero-bg.jpg","type":"","width":"","height":""}],"twitter_misc":{"Est. reading time":"1 minute"},"schema":{"@context":"https:\/\/schema.org","@graph":[{"@type":"WebPage","@id":"https:\/\/www.c-m-p.com\/fr\/support\/","url":"https:\/\/www.c-m-p.com\/fr\/support\/","name":"Support - CMP","isPartOf":{"@id":"https:\/\/c-m-p.com\/#website"},"primaryImageOfPage":{"@id":"https:\/\/www.c-m-p.com\/fr\/support\/#primaryimage"},"image":{"@id":"https:\/\/www.c-m-p.com\/fr\/support\/#primaryimage"},"thumbnailUrl":"https:\/\/www.c-m-p.com\/wp-content\/uploads\/2018\/05\/red-hex-zoom-2018-hero-bg.jpg","datePublished":"2020-07-27T14:42:56+00:00","dateModified":"2021-07-16T06:06:59+00:00","breadcrumb":{"@id":"https:\/\/www.c-m-p.com\/fr\/support\/#breadcrumb"},"inLanguage":"fr-FR","potentialAction":[{"@type":"ReadAction","target":["https:\/\/www.c-m-p.com\/fr\/support\/"]}]},{"@type":"ImageObject","inLanguage":"fr-FR","@id":"https:\/\/www.c-m-p.com\/fr\/support\/#primaryimage","url":"https:\/\/www.c-m-p.com\/wp-content\/uploads\/2018\/05\/red-hex-zoom-2018-hero-bg.jpg","contentUrl":"https:\/\/www.c-m-p.com\/wp-content\/uploads\/2018\/05\/red-hex-zoom-2018-hero-bg.jpg"},{"@type":"BreadcrumbList","@id":"https:\/\/www.c-m-p.com\/fr\/support\/#breadcrumb","itemListElement":[{"@type":"ListItem","position":1,"name":"Home","item":"https:\/\/c-m-p.com\/fr\/"},{"@type":"ListItem","position":2,"name":"Support"}]},{"@type":"WebSite","@id":"https:\/\/c-m-p.com\/#website","url":"https:\/\/c-m-p.com\/","name":"CMP","description":"Pool Products, Spa and Hot Tub Products","publisher":{"@id":"https:\/\/c-m-p.com\/#organization"},"potentialAction":[{"@type":"SearchAction","target":{"@type":"EntryPoint","urlTemplate":"https:\/\/c-m-p.com\/?s={search_term_string}"},"query-input":{"@type":"PropertyValueSpecification","valueRequired":true,"valueName":"search_term_string"}}],"inLanguage":"fr-FR"},{"@type":"Organization","@id":"https:\/\/c-m-p.com\/#organization","name":"CMP Pool & Spa Products","url":"https:\/\/c-m-p.com\/","logo":{"@type":"ImageObject","inLanguage":"fr-FR","@id":"https:\/\/c-m-p.com\/#\/schema\/logo\/image\/","url":"https:\/\/43ab809dfe.nxcli.io\/wp-content\/uploads\/2013\/10\/2013-CMP-Logo.jpg","contentUrl":"https:\/\/43ab809dfe.nxcli.io\/wp-content\/uploads\/2013\/10\/2013-CMP-Logo.jpg","width":1000,"height":247,"caption":"CMP Pool & Spa Products"},"image":{"@id":"https:\/\/c-m-p.com\/#\/schema\/logo\/image\/"}}]}},"_links":{"self":[{"href":"https:\/\/www.c-m-p.com\/fr\/wp-json\/wp\/v2\/pages\/64029","targetHints":{"allow":["GET"]}}],"collection":[{"href":"https:\/\/www.c-m-p.com\/fr\/wp-json\/wp\/v2\/pages"}],"about":[{"href":"https:\/\/www.c-m-p.com\/fr\/wp-json\/wp\/v2\/types\/page"}],"author":[{"embeddable":true,"href":"https:\/\/www.c-m-p.com\/fr\/wp-json\/wp\/v2\/users\/4"}],"replies":[{"embeddable":true,"href":"https:\/\/www.c-m-p.com\/fr\/wp-json\/wp\/v2\/comments?post=64029"}],"version-history":[{"count":0,"href":"https:\/\/www.c-m-p.com\/fr\/wp-json\/wp\/v2\/pages\/64029\/revisions"}],"wp:attachment":[{"href":"https:\/\/www.c-m-p.com\/fr\/wp-json\/wp\/v2\/media?parent=64029"}],"curies":[{"name":"wp","href":"https:\/\/api.w.org\/{rel}","templated":true}]}}